{"id":16212,"date":"2017-11-28T10:30:16","date_gmt":"2017-11-28T09:58:53","guid":{"rendered":"http:\/\/tourtravelandmore.com\/es\/?post_type=product&#038;p=16212"},"modified":"2025-06-11T10:43:06","modified_gmt":"2025-06-11T08:43:06","slug":"tour-privado-sevilla-visita-la-catedral-y-3-iglesias-emblematicas-de-sevilla","status":"publish","type":"product","link":"https:\/\/tourtravelandmore.com\/es\/tours\/espana-es\/sevilla-es\/tour-privado-sevilla-visita-la-catedral-y-3-iglesias-emblematicas-de-sevilla\/","title":{"rendered":"Tour Privado Sevilla: Visita la Catedral y 3 iglesias emblem\u00e1ticas de Sevilla."},"content":{"rendered":"<h2><b>Descripci\u00f3n del Tour Privado de Iglesias y Catedral en Sevilla<\/b><\/h2>\n<p class=\"p3\">Disfruta de este exclusivo <span class=\"s2\"><b>tour privado en Sevilla<\/b><\/span> con vuestro <span class=\"s2\"><b>gu\u00eda oficial<\/b><\/span> y recorre los templos religiosos m\u00e1s emblem\u00e1ticos de la ciudad, como la imponente <span class=\"s2\"><b>Catedral<\/b><\/span>, c\u00f3modamente desde un <span class=\"s2\"><b>veh\u00edculo privado de lujo con ch\u00f3fer<\/b><\/span>.<\/p>\n<p class=\"p3\">Pod\u00e9is elegir libremente tanto la <span class=\"s2\"><b>hora de salida<\/b><\/span> como el <span class=\"s2\"><b>punto de recogida<\/b><\/span> dentro de la ciudad. Todo est\u00e1 pensado para adaptarse a vuestras preferencias y ritmo.<\/p>\n<p class=\"p3\">Este tour es <span class=\"s2\"><b>completamente personalizable<\/b><\/span>: podemos adaptarlo seg\u00fan lo que quer\u00e1is visitar o experimentar. Solo ten\u00e9is que contactar con nosotros y prepararemos una ruta a medida.<\/p>\n<p class=\"p3\">Aqu\u00ed os dejamos un ejemplo de itinerario, pero el <a href=\"https:\/\/tourtravelandmore.com\/es\/ciudad\/espana-es\/sevilla-es\/\">tour privado en Sevilla<\/a> se ajustar\u00e1 a lo que realmente quer\u00e1is ver y vivir durante vuestra estancia.<\/p>\n<h2>Principales puntos de inter\u00e9s durante este tour privado<\/h2>\n<p>Su ch\u00f3fer y gu\u00eda privado os recoger\u00e1n en su hotel o sitio seleccionado por vosotros y os llevar\u00e1n en este tour privado a conocer la Catedral y 3 de las iglesias m\u00e1s representativas de Sevilla. Durante vuestro tour privado visitar\u00e1n los siguientes templos religiosos de Sevilla:<\/p>\n<ul>\n<li><strong>La Catedral + La Giralda (entradas incluidas)<\/strong><\/li>\n<li><strong>La Macarena<\/strong><\/li>\n<li><strong>Bas\u00edlica del Patrocinio (\u00a8El Cachorro\u00a8)<\/strong><\/li>\n<li><strong>Bas\u00edlica de la Esperanza de Triana<\/strong><\/li>\n<li><strong>\u00a1Mucho m\u00e1s de Sevilla!<\/strong><\/li>\n<\/ul>\n<p>Podr\u00e9is disfrutar de Sevilla en todo su esplendor y conocer\u00e9is los templos religiosos m\u00e1s emblem\u00e1ticos de la ciudad.<\/p>\n<p>Todos nuestros gu\u00edas son oficiales y especializados en la ciudad de Sevilla. Conocer\u00e1n la ciudad desde los ojos de un local, quien os ense\u00f1ar\u00e1 los sitios m\u00e1s emblem\u00e1ticos de la ciudad elegida como la mejor ciudad para visitar en 2018 por la reconocida revista Lonely Planet.<\/p>\n<p>Si os interesa entrar a alg\u00fan monumento en Sevilla aparte de las citadas iglesias, podemos gestionar sus entradas. No dude en consultarnos!<\/p>\n<p>El tour tiene una duraci\u00f3n de 4 horas desde que su ch\u00f3fer y gu\u00eda privado os recogen por su hotel o punto de selecci\u00f3n personal hasta que los devuelven al mismo sitio. Es posible coordinar para una duraci\u00f3n mayor del tour, por favor no dude en contactarnos ante cualquier duda.<\/p>\n<h3>La Ciudad: Sevilla<\/h3>\n<p>Sevilla es la ciudad m\u00e1s grande de Andaluc\u00eda. Se puede llegar f\u00e1cilmente en tren desde las mayores ciudades de Espa\u00f1a como Madrid y Barcelona. Sevilla tiene m\u00e1s de 690,000 habitantes y es una ciudad con una historia preciosa. Tiene uno de los cascos antiguos m\u00e1s extensos de Espa\u00f1a. Los monumentos y lugares m\u00e1s emblem\u00e1ticos son Plaza Espa\u00f1a, la catedral y la Giralda, entre otros.<\/p>\n<h2>Nuestros Tours Privados en Tour Travel &amp; More<\/h2>\n<p>Ofrecemos a nuestros clientes tours privados para familias, amigos e incluso para incentivos o grupos grandes. Entendemos las necesidades de los viajeros mientras est\u00e1n de vacaciones, y hacemos todo lo posible para que su estancia sea inolvidable. Nuestra flota se compone de veh\u00edculos de lujo y nuestro personal es perfectamente multiling\u00fce. Nuestros gu\u00edas son gu\u00edas oficiales y viven en Sevilla y son grandes conocedores de la ciudad. <strong>Nuestros gu\u00edas en Sevilla hablan varios idiomas: Ingl\u00e9s, Espa\u00f1ol, Franc\u00e9s, Italiano, Polaco, Holand\u00e9s, Chino, Ruso, Japon\u00e9s, Alem\u00e1n, Griego y Portugu\u00e9s.<\/strong><\/p>\n","protected":false},"excerpt":{"rendered":"<p>Disfruta de este <strong>tour privado en Sevilla<\/strong>. Tome esta oportunidad para conocer los templos religiosos m\u00e1s representativos de Sevilla durante este tour con vuestro gu\u00eda oficial privado y vuestro veh\u00edculo de lujo con chofer. Visita la Catedral y la Giralda (entradas incluidas en el precio), la Macarena, el Cachorro y la iglesia de la Esperanza de Triana. Aproveche la oportunidad de conocer la ciudad declarada por Lonely Planet como la mejor ciudad a visitar en 2018.<\/p>\n","protected":false},"featured_media":16204,"comment_status":"open","ping_status":"closed","template":"","meta":{"_acf_changed":false},"product_brand":[],"product_cat":[105,109],"product_tag":[],"class_list":{"0":"post-16212","1":"product","2":"type-product","3":"status-publish","4":"has-post-thumbnail","6":"product_cat-sevilla-es","7":"product_cat-sevilla-traslados-es","9":"first","10":"instock","11":"shipping-taxable","12":"purchasable","13":"product-type-simple"},"acf":[],"yoast_head":"<!-- This site is optimized with the Yoast SEO Premium plugin v25.3.1 (Yoast SEO v25.3.1) - https:\/\/yoast.com\/wordpress\/plugins\/seo\/ -->\n<title>\u27a1\ufe0f Tour Privado Sevilla: Visita la Catedral y 3 iglesias emblem\u00e1ticas en Sevilla | Tour Travel &amp; More<\/title>\n<meta name=\"description\" content=\"Visita la catedral, la macarena, el cachorro y la esperanza de Triana en tu coche privado, con un gu\u00eda oficial privado. Conoce Sevilla como un local \u2705\" \/>\n<meta name=\"robots\" content=\"index, follow, max-snippet:-1, max-image-preview:large, max-video-preview:-1\" \/>\n<link rel=\"canonical\" href=\"https:\/\/tourtravelandmore.com\/es\/tours\/espana-es\/sevilla-es\/tour-privado-sevilla-visita-la-catedral-y-3-iglesias-emblematicas-de-sevilla\/\" \/>\n<meta property=\"og:locale\" content=\"es_ES\" \/>\n<meta property=\"og:type\" content=\"article\" \/>\n<meta property=\"og:title\" content=\"Tour Privado Sevilla: Visita la Catedral y 3 iglesias emblem\u00e1ticas de Sevilla.\" \/>\n<meta property=\"og:description\" content=\"Visita la catedral, la macarena, el cachorro y la esperanza de Triana en tu coche privado, con un gu\u00eda oficial privado. Conoce Sevilla como un local \u2705\" \/>\n<meta property=\"og:url\" content=\"https:\/\/tourtravelandmore.com\/es\/tours\/espana-es\/sevilla-es\/tour-privado-sevilla-visita-la-catedral-y-3-iglesias-emblematicas-de-sevilla\/\" \/>\n<meta property=\"og:site_name\" content=\"Tour Travel And More\" \/>\n<meta property=\"article:publisher\" content=\"https:\/\/www.facebook.com\/tourtravelandmore\/\" \/>\n<meta property=\"article:modified_time\" content=\"2025-06-11T08:43:06+00:00\" \/>\n<meta property=\"og:image\" content=\"https:\/\/tourtravelandmore.com\/wp-content\/uploads\/2017\/11\/Campanario_del_Templo_de_la_Macarena_en_Sevilla.jpg\" \/>\n\t<meta property=\"og:image:width\" content=\"1280\" \/>\n\t<meta property=\"og:image:height\" content=\"851\" \/>\n\t<meta property=\"og:image:type\" content=\"image\/jpeg\" \/>\n<meta name=\"twitter:card\" content=\"summary_large_image\" \/>\n<meta name=\"twitter:site\" content=\"@TourTravel_More\" \/>\n<meta name=\"twitter:label1\" content=\"Tiempo de lectura\" \/>\n\t<meta name=\"twitter:data1\" content=\"3 minutos\" \/>\n<script type=\"application\/ld+json\" class=\"yoast-schema-graph\">{\"@context\":\"https:\/\/schema.org\",\"@graph\":[{\"@type\":\"WebPage\",\"@id\":\"https:\/\/tourtravelandmore.com\/es\/tours\/espana-es\/sevilla-es\/tour-privado-sevilla-visita-la-catedral-y-3-iglesias-emblematicas-de-sevilla\/\",\"url\":\"https:\/\/tourtravelandmore.com\/es\/tours\/espana-es\/sevilla-es\/tour-privado-sevilla-visita-la-catedral-y-3-iglesias-emblematicas-de-sevilla\/\",\"name\":\"\u27a1\ufe0f Tour Privado Sevilla: Visita la Catedral y 3 iglesias emblem\u00e1ticas en Sevilla | Tour Travel & More\",\"isPartOf\":{\"@id\":\"https:\/\/tourtravelandmore.com\/es\/#website\"},\"primaryImageOfPage\":{\"@id\":\"https:\/\/tourtravelandmore.com\/es\/tours\/espana-es\/sevilla-es\/tour-privado-sevilla-visita-la-catedral-y-3-iglesias-emblematicas-de-sevilla\/#primaryimage\"},\"image\":{\"@id\":\"https:\/\/tourtravelandmore.com\/es\/tours\/espana-es\/sevilla-es\/tour-privado-sevilla-visita-la-catedral-y-3-iglesias-emblematicas-de-sevilla\/#primaryimage\"},\"thumbnailUrl\":\"https:\/\/tourtravelandmore.com\/wp-content\/uploads\/2017\/11\/Campanario_del_Templo_de_la_Macarena_en_Sevilla.jpg\",\"datePublished\":\"2017-11-28T09:58:53+00:00\",\"dateModified\":\"2025-06-11T08:43:06+00:00\",\"description\":\"Visita la catedral, la macarena, el cachorro y la esperanza de Triana en tu coche privado, con un gu\u00eda oficial privado. Conoce Sevilla como un local \u2705\",\"breadcrumb\":{\"@id\":\"https:\/\/tourtravelandmore.com\/es\/tours\/espana-es\/sevilla-es\/tour-privado-sevilla-visita-la-catedral-y-3-iglesias-emblematicas-de-sevilla\/#breadcrumb\"},\"inLanguage\":\"es\",\"potentialAction\":[{\"@type\":\"ReadAction\",\"target\":[\"https:\/\/tourtravelandmore.com\/es\/tours\/espana-es\/sevilla-es\/tour-privado-sevilla-visita-la-catedral-y-3-iglesias-emblematicas-de-sevilla\/\"]}]},{\"@type\":\"ImageObject\",\"inLanguage\":\"es\",\"@id\":\"https:\/\/tourtravelandmore.com\/es\/tours\/espana-es\/sevilla-es\/tour-privado-sevilla-visita-la-catedral-y-3-iglesias-emblematicas-de-sevilla\/#primaryimage\",\"url\":\"https:\/\/tourtravelandmore.com\/wp-content\/uploads\/2017\/11\/Campanario_del_Templo_de_la_Macarena_en_Sevilla.jpg\",\"contentUrl\":\"https:\/\/tourtravelandmore.com\/wp-content\/uploads\/2017\/11\/Campanario_del_Templo_de_la_Macarena_en_Sevilla.jpg\",\"width\":1280,\"height\":851},{\"@type\":\"BreadcrumbList\",\"@id\":\"https:\/\/tourtravelandmore.com\/es\/tours\/espana-es\/sevilla-es\/tour-privado-sevilla-visita-la-catedral-y-3-iglesias-emblematicas-de-sevilla\/#breadcrumb\",\"itemListElement\":[{\"@type\":\"ListItem\",\"position\":1,\"name\":\"Home\",\"item\":\"https:\/\/tourtravelandmore.com\/es\/\"},{\"@type\":\"ListItem\",\"position\":2,\"name\":\"Tours\",\"item\":\"https:\/\/tourtravelandmore.com\/es\/tours\/\"},{\"@type\":\"ListItem\",\"position\":3,\"name\":\"Tour Privado Sevilla: Visita la Catedral y 3 iglesias emblem\u00e1ticas de Sevilla.\"}]},{\"@type\":\"WebSite\",\"@id\":\"https:\/\/tourtravelandmore.com\/es\/#website\",\"url\":\"https:\/\/tourtravelandmore.com\/es\/\",\"name\":\"Tour Travel And More\",\"description\":\"Private sightseeing tours and luxury transfers in Spain\",\"publisher\":{\"@id\":\"https:\/\/tourtravelandmore.com\/es\/#organization\"},\"potentialAction\":[{\"@type\":\"SearchAction\",\"target\":{\"@type\":\"EntryPoint\",\"urlTemplate\":\"https:\/\/tourtravelandmore.com\/es\/?s={search_term_string}\"},\"query-input\":{\"@type\":\"PropertyValueSpecification\",\"valueRequired\":true,\"valueName\":\"search_term_string\"}}],\"inLanguage\":\"es\"},{\"@type\":\"Organization\",\"@id\":\"https:\/\/tourtravelandmore.com\/es\/#organization\",\"name\":\"Tour Travel And More\",\"url\":\"https:\/\/tourtravelandmore.com\/es\/\",\"logo\":{\"@type\":\"ImageObject\",\"inLanguage\":\"es\",\"@id\":\"https:\/\/tourtravelandmore.com\/es\/#\/schema\/logo\/image\/\",\"url\":\"https:\/\/tourtravelandmore.com\/wp-content\/uploads\/2022\/12\/cropped-logo-cabecera-new.png\",\"contentUrl\":\"https:\/\/tourtravelandmore.com\/wp-content\/uploads\/2022\/12\/cropped-logo-cabecera-new.png\",\"width\":430,\"height\":61,\"caption\":\"Tour Travel And More\"},\"image\":{\"@id\":\"https:\/\/tourtravelandmore.com\/es\/#\/schema\/logo\/image\/\"},\"sameAs\":[\"https:\/\/www.facebook.com\/tourtravelandmore\/\",\"https:\/\/x.com\/TourTravel_More\"]}]}<\/script>\n<!-- \/ Yoast SEO Premium plugin. -->","yoast_head_json":{"title":"\u27a1\ufe0f Tour Privado Sevilla: Visita la Catedral y 3 iglesias emblem\u00e1ticas en Sevilla | Tour Travel & More","description":"Visita la catedral, la macarena, el cachorro y la esperanza de Triana en tu coche privado, con un gu\u00eda oficial privado. Conoce Sevilla como un local \u2705","robots":{"index":"index","follow":"follow","max-snippet":"max-snippet:-1","max-image-preview":"max-image-preview:large","max-video-preview":"max-video-preview:-1"},"canonical":"https:\/\/tourtravelandmore.com\/es\/tours\/espana-es\/sevilla-es\/tour-privado-sevilla-visita-la-catedral-y-3-iglesias-emblematicas-de-sevilla\/","og_locale":"es_ES","og_type":"article","og_title":"Tour Privado Sevilla: Visita la Catedral y 3 iglesias emblem\u00e1ticas de Sevilla.","og_description":"Visita la catedral, la macarena, el cachorro y la esperanza de Triana en tu coche privado, con un gu\u00eda oficial privado. Conoce Sevilla como un local \u2705","og_url":"https:\/\/tourtravelandmore.com\/es\/tours\/espana-es\/sevilla-es\/tour-privado-sevilla-visita-la-catedral-y-3-iglesias-emblematicas-de-sevilla\/","og_site_name":"Tour Travel And More","article_publisher":"https:\/\/www.facebook.com\/tourtravelandmore\/","article_modified_time":"2025-06-11T08:43:06+00:00","og_image":[{"width":1280,"height":851,"url":"https:\/\/tourtravelandmore.com\/wp-content\/uploads\/2017\/11\/Campanario_del_Templo_de_la_Macarena_en_Sevilla.jpg","type":"image\/jpeg"}],"twitter_card":"summary_large_image","twitter_site":"@TourTravel_More","twitter_misc":{"Tiempo de lectura":"3 minutos"},"schema":{"@context":"https:\/\/schema.org","@graph":[{"@type":"WebPage","@id":"https:\/\/tourtravelandmore.com\/es\/tours\/espana-es\/sevilla-es\/tour-privado-sevilla-visita-la-catedral-y-3-iglesias-emblematicas-de-sevilla\/","url":"https:\/\/tourtravelandmore.com\/es\/tours\/espana-es\/sevilla-es\/tour-privado-sevilla-visita-la-catedral-y-3-iglesias-emblematicas-de-sevilla\/","name":"\u27a1\ufe0f Tour Privado Sevilla: Visita la Catedral y 3 iglesias emblem\u00e1ticas en Sevilla | Tour Travel & More","isPartOf":{"@id":"https:\/\/tourtravelandmore.com\/es\/#website"},"primaryImageOfPage":{"@id":"https:\/\/tourtravelandmore.com\/es\/tours\/espana-es\/sevilla-es\/tour-privado-sevilla-visita-la-catedral-y-3-iglesias-emblematicas-de-sevilla\/#primaryimage"},"image":{"@id":"https:\/\/tourtravelandmore.com\/es\/tours\/espana-es\/sevilla-es\/tour-privado-sevilla-visita-la-catedral-y-3-iglesias-emblematicas-de-sevilla\/#primaryimage"},"thumbnailUrl":"https:\/\/tourtravelandmore.com\/wp-content\/uploads\/2017\/11\/Campanario_del_Templo_de_la_Macarena_en_Sevilla.jpg","datePublished":"2017-11-28T09:58:53+00:00","dateModified":"2025-06-11T08:43:06+00:00","description":"Visita la catedral, la macarena, el cachorro y la esperanza de Triana en tu coche privado, con un gu\u00eda oficial privado. Conoce Sevilla como un local \u2705","breadcrumb":{"@id":"https:\/\/tourtravelandmore.com\/es\/tours\/espana-es\/sevilla-es\/tour-privado-sevilla-visita-la-catedral-y-3-iglesias-emblematicas-de-sevilla\/#breadcrumb"},"inLanguage":"es","potentialAction":[{"@type":"ReadAction","target":["https:\/\/tourtravelandmore.com\/es\/tours\/espana-es\/sevilla-es\/tour-privado-sevilla-visita-la-catedral-y-3-iglesias-emblematicas-de-sevilla\/"]}]},{"@type":"ImageObject","inLanguage":"es","@id":"https:\/\/tourtravelandmore.com\/es\/tours\/espana-es\/sevilla-es\/tour-privado-sevilla-visita-la-catedral-y-3-iglesias-emblematicas-de-sevilla\/#primaryimage","url":"https:\/\/tourtravelandmore.com\/wp-content\/uploads\/2017\/11\/Campanario_del_Templo_de_la_Macarena_en_Sevilla.jpg","contentUrl":"https:\/\/tourtravelandmore.com\/wp-content\/uploads\/2017\/11\/Campanario_del_Templo_de_la_Macarena_en_Sevilla.jpg","width":1280,"height":851},{"@type":"BreadcrumbList","@id":"https:\/\/tourtravelandmore.com\/es\/tours\/espana-es\/sevilla-es\/tour-privado-sevilla-visita-la-catedral-y-3-iglesias-emblematicas-de-sevilla\/#breadcrumb","itemListElement":[{"@type":"ListItem","position":1,"name":"Home","item":"https:\/\/tourtravelandmore.com\/es\/"},{"@type":"ListItem","position":2,"name":"Tours","item":"https:\/\/tourtravelandmore.com\/es\/tours\/"},{"@type":"ListItem","position":3,"name":"Tour Privado Sevilla: Visita la Catedral y 3 iglesias emblem\u00e1ticas de Sevilla."}]},{"@type":"WebSite","@id":"https:\/\/tourtravelandmore.com\/es\/#website","url":"https:\/\/tourtravelandmore.com\/es\/","name":"Tour Travel And More","description":"Private sightseeing tours and luxury transfers in Spain","publisher":{"@id":"https:\/\/tourtravelandmore.com\/es\/#organization"},"potentialAction":[{"@type":"SearchAction","target":{"@type":"EntryPoint","urlTemplate":"https:\/\/tourtravelandmore.com\/es\/?s={search_term_string}"},"query-input":{"@type":"PropertyValueSpecification","valueRequired":true,"valueName":"search_term_string"}}],"inLanguage":"es"},{"@type":"Organization","@id":"https:\/\/tourtravelandmore.com\/es\/#organization","name":"Tour Travel And More","url":"https:\/\/tourtravelandmore.com\/es\/","logo":{"@type":"ImageObject","inLanguage":"es","@id":"https:\/\/tourtravelandmore.com\/es\/#\/schema\/logo\/image\/","url":"https:\/\/tourtravelandmore.com\/wp-content\/uploads\/2022\/12\/cropped-logo-cabecera-new.png","contentUrl":"https:\/\/tourtravelandmore.com\/wp-content\/uploads\/2022\/12\/cropped-logo-cabecera-new.png","width":430,"height":61,"caption":"Tour Travel And More"},"image":{"@id":"https:\/\/tourtravelandmore.com\/es\/#\/schema\/logo\/image\/"},"sameAs":["https:\/\/www.facebook.com\/tourtravelandmore\/","https:\/\/x.com\/TourTravel_More"]}]}},"_links":{"self":[{"href":"https:\/\/tourtravelandmore.com\/es\/wp-json\/wp\/v2\/product\/16212","targetHints":{"allow":["GET"]}}],"collection":[{"href":"https:\/\/tourtravelandmore.com\/es\/wp-json\/wp\/v2\/product"}],"about":[{"href":"https:\/\/tourtravelandmore.com\/es\/wp-json\/wp\/v2\/types\/product"}],"replies":[{"embeddable":true,"href":"https:\/\/tourtravelandmore.com\/es\/wp-json\/wp\/v2\/comments?post=16212"}],"wp:featuredmedia":[{"embeddable":true,"href":"https:\/\/tourtravelandmore.com\/es\/wp-json\/wp\/v2\/media\/16204"}],"wp:attachment":[{"href":"https:\/\/tourtravelandmore.com\/es\/wp-json\/wp\/v2\/media?parent=16212"}],"wp:term":[{"taxonomy":"product_brand","embeddable":true,"href":"https:\/\/tourtravelandmore.com\/es\/wp-json\/wp\/v2\/product_brand?post=16212"},{"taxonomy":"product_cat","embeddable":true,"href":"https:\/\/tourtravelandmore.com\/es\/wp-json\/wp\/v2\/product_cat?post=16212"},{"taxonomy":"product_tag","embeddable":true,"href":"https:\/\/tourtravelandmore.com\/es\/wp-json\/wp\/v2\/product_tag?post=16212"}],"curies":[{"name":"wp","href":"https:\/\/api.w.org\/{rel}","templated":true}]}}