{"id":161941,"date":"2023-04-14T18:30:35","date_gmt":"2023-04-14T16:30:36","guid":{"rendered":"https:\/\/tourtravelandmore.com\/?post_type=product&#038;p=161941"},"modified":"2023-11-30T19:22:07","modified_gmt":"2023-11-30T18:22:07","slug":"tour-privado-a-pie-por-los-principales-lugares-del-centro-de-venecia","status":"publish","type":"product","link":"https:\/\/tourtravelandmore.com\/es\/tours\/italia-es\/venecia-es\/tour-privado-a-pie-por-los-principales-lugares-del-centro-de-venecia\/","title":{"rendered":"Tour privado a pie por el centro de Venecia"},"content":{"rendered":"<h2><strong>Descripci\u00f3n\u00a0<\/strong><\/h2>\n<p>Este <strong>tour privado a pie por los principales lugares del centro de Venecia<\/strong> es totalmente personalizable seg\u00fan sus intereses y preferencias. Si desea a\u00f1adir o eliminar alg\u00fan lugar o actividad, nuestro gu\u00eda privado estar\u00e1 encantado de adaptarse a sus necesidades.<\/p>\n<p>En primer lugar, comenzaremos nuestro recorrido privado a pie en la famosa <strong>Plaza de San Marcos<\/strong>, que es el coraz\u00f3n hist\u00f3rico y cultural de Venecia. A continuaci\u00f3n, admiraremos la impresionante arquitectura de la <strong>Bas\u00edlica<\/strong> de <strong>San Marcos,<\/strong> ejemplo del <strong>arte bizantino,<\/strong> y el <strong>Palacio Ducal,<\/strong> sede del poder pol\u00edtico de la antigua <strong>Rep\u00fablica<\/strong> de <strong>Venecia.<\/strong><\/p>\n<p>Este tour privado es una excelente manera de experimentar la belleza y la cultura de la ciudad, explorando sus barrios m\u00e1s emblem\u00e1ticos y sus monumentos m\u00e1s famosos. Lo mejor de todo es que este tour es completamente personalizable seg\u00fan sus intereses y preferencias, as\u00ed que no dude en reservar su tour privado a pie por los principales lugares de inter\u00e9s del centro de <strong>Venecia<\/strong> con <strong>Tour Travel<\/strong> &amp; <strong>More<\/strong> para vivir una experiencia \u00fanica e inolvidable en esta maravillosa ciudad.<\/p>\n<p>Por \u00faltimo, nuestro gu\u00eda privado le llevar\u00e1 en un tour a medida para descubrir los secretos m\u00e1s fascinantes de <strong>Venecia,<\/strong> ofreci\u00e9ndole un servicio personalizado adaptado a sus necesidades, \u00a1reserve ahora su tour privado a pie por los principales monumentos del centro de <strong>Venecia<\/strong> y viva una experiencia inolvidable en la <strong>Ciudad<\/strong> de los <strong>Canales!<\/strong><\/p>\n<p>Si est\u00e1 interesado en el arte, no puede perderse nuestro <a href=\"https:\/\/tourtravelandmore.com\/es\/tours\/italia-es\/venecia-es\/tour-privado-a-la-galeria-accademia-en-venecia\/\">tour privado a pie de 2 horas por la Galer\u00eda de la Academia<\/a>.<\/p>\n<h2><strong>Puntos de inter\u00e9s\u00a0<\/strong><\/h2>\n<p>A continuaci\u00f3n, pasearemos por el barrio de San Marcos, uno de los m\u00e1s antiguos y concurridos de la ciudad. Donde podremos explorar sus calles y callejones, admirando las tiendas y caf\u00e9s locales. Caminaremos hacia el Puente de <strong>Rialto,<\/strong> uno de los puentes m\u00e1s antiguos y emblem\u00e1ticos de <strong>Venecia,<\/strong> desde donde podremos disfrutar de unas impresionantes vistas del <strong>Gran Canal.<\/strong><\/p>\n<p>Visitaremos lugares como:<\/p>\n<p><strong>Plaza de San Marcos<\/strong>: admiraremos la impresionante arquitectura de la Bas\u00edlica de San Marcos y el Palacio Ducal.<\/p>\n<p><strong>Barrio de San Marcos<\/strong>: pasearemos por sus calles y callejones, disfrutando de las tiendas y caf\u00e9s locales.<\/p>\n<p><strong>Puente de Rialto<\/strong>: desde aqu\u00ed podremos disfrutar de unas impresionantes vistas del Gran Canal.<\/p>\n<p><strong>Barrio<\/strong> de la <strong>Accademia:<\/strong> admiraremos la <strong>Academia<\/strong> de <strong>Bellas Artes<\/strong> de <strong>Venecia.<\/strong> Uno de los lugares m\u00e1s hist\u00f3ricos del arte mundial.<\/p>\n<p>Despu\u00e9s, nos adentraremos en el barrio de <strong>Cannaregio,<\/strong> uno de los m\u00e1s aut\u00e9nticos de la ciudad, conocido por su ambiente tranquilo y sus tranquilos canales. Aqu\u00ed visitaremos la iglesia de <strong>Santa<\/strong> <strong>Maria dei Miracoli,<\/strong> una joya de la arquitectura renacentista <strong>veneciana,<\/strong> y el antiguo gueto jud\u00edo de <strong>Venecia,<\/strong> el m\u00e1s antiguo de <strong>Europa.<\/strong><\/p>\n<p>Por \u00faltimo, nuestro recorrido privado a pie culminar\u00e1 en la <strong>zona<\/strong> de la <strong>Accademia.<\/strong> Admiraremos la colecci\u00f3n de arte de la <strong>Academia<\/strong> de <strong>Bellas Artes<\/strong> de <strong>Venecia.<\/strong> Con obras maestras de artistas venecianos como <strong>Tiziano, Veron\u00e9s<\/strong> y <strong>Tintoretto.<\/strong><\/p>\n","protected":false},"excerpt":{"rendered":"<p>Este <strong>tour privado a pie por los principales lugares del centro de Venecia<\/strong> es totalmente personalizable seg\u00fan sus intereses y preferencias. Si desea a\u00f1adir o eliminar alg\u00fan lugar o actividad, nuestro gu\u00eda privado estar\u00e1 encantado de adaptarse a sus necesidades.<\/p>\n<p>&nbsp;<\/p>\n","protected":false},"featured_media":163276,"comment_status":"open","ping_status":"closed","template":"","meta":{"_acf_changed":false},"product_brand":[],"product_cat":[701,707,713,731],"product_tag":[],"class_list":{"0":"post-161941","1":"product","2":"type-product","3":"status-publish","4":"has-post-thumbnail","6":"product_cat-venecia-es","7":"product_cat-venecia-actividades-es","8":"product_cat-venecia-excursiones-es","9":"product_cat-venecia-tours-privados-pie-es","11":"first","12":"instock","13":"shipping-taxable","14":"purchasable","15":"product-type-simple"},"acf":[],"yoast_head":"<!-- This site is optimized with the Yoast SEO Premium plugin v25.3.1 (Yoast SEO v25.3.1) - https:\/\/yoast.com\/wordpress\/plugins\/seo\/ -->\n<title>Tour Privado a pie por Venecia con gu\u00eda oficial local | TTM<\/title>\n<meta name=\"description\" content=\"Disfrute y conozca en profundidad la ciudad de Venecia junto a su gu\u00eda oficial privado. Visite la hermosa Basilica de San Marco y el puente de Rialto \u2705\" \/>\n<meta name=\"robots\" content=\"index, follow, max-snippet:-1, max-image-preview:large, max-video-preview:-1\" \/>\n<link rel=\"canonical\" href=\"https:\/\/tourtravelandmore.com\/es\/tours\/italia-es\/venecia-es\/tour-privado-a-pie-por-los-principales-lugares-del-centro-de-venecia\/\" \/>\n<meta property=\"og:locale\" content=\"es_ES\" \/>\n<meta property=\"og:type\" content=\"article\" \/>\n<meta property=\"og:title\" content=\"Tour privado a pie por el centro de Venecia\" \/>\n<meta property=\"og:description\" content=\"Disfrute y conozca en profundidad la ciudad de Venecia junto a su gu\u00eda oficial privado. Visite la hermosa Basilica de San Marco y el puente de Rialto \u2705\" \/>\n<meta property=\"og:url\" content=\"https:\/\/tourtravelandmore.com\/es\/tours\/italia-es\/venecia-es\/tour-privado-a-pie-por-los-principales-lugares-del-centro-de-venecia\/\" \/>\n<meta property=\"og:site_name\" content=\"Tour Travel And More\" \/>\n<meta property=\"article:publisher\" content=\"https:\/\/www.facebook.com\/tourtravelandmore\/\" \/>\n<meta property=\"article:modified_time\" content=\"2023-11-30T18:22:07+00:00\" \/>\n<meta property=\"og:image\" content=\"https:\/\/tourtravelandmore.com\/wp-content\/uploads\/2023\/04\/pexels-pixabay-158441-1-1024x587.jpg\" \/>\n\t<meta property=\"og:image:width\" content=\"1024\" \/>\n\t<meta property=\"og:image:height\" content=\"587\" \/>\n\t<meta property=\"og:image:type\" content=\"image\/jpeg\" \/>\n<meta name=\"twitter:card\" content=\"summary_large_image\" \/>\n<meta name=\"twitter:site\" content=\"@TourTravel_More\" \/>\n<meta name=\"twitter:label1\" content=\"Tiempo de lectura\" \/>\n\t<meta name=\"twitter:data1\" content=\"3 minutos\" \/>\n<script type=\"application\/ld+json\" class=\"yoast-schema-graph\">{\"@context\":\"https:\/\/schema.org\",\"@graph\":[{\"@type\":\"WebPage\",\"@id\":\"https:\/\/tourtravelandmore.com\/es\/tours\/italia-es\/venecia-es\/tour-privado-a-pie-por-los-principales-lugares-del-centro-de-venecia\/\",\"url\":\"https:\/\/tourtravelandmore.com\/es\/tours\/italia-es\/venecia-es\/tour-privado-a-pie-por-los-principales-lugares-del-centro-de-venecia\/\",\"name\":\"Tour Privado a pie por Venecia con gu\u00eda oficial local | TTM\",\"isPartOf\":{\"@id\":\"https:\/\/tourtravelandmore.com\/es\/#website\"},\"primaryImageOfPage\":{\"@id\":\"https:\/\/tourtravelandmore.com\/es\/tours\/italia-es\/venecia-es\/tour-privado-a-pie-por-los-principales-lugares-del-centro-de-venecia\/#primaryimage\"},\"image\":{\"@id\":\"https:\/\/tourtravelandmore.com\/es\/tours\/italia-es\/venecia-es\/tour-privado-a-pie-por-los-principales-lugares-del-centro-de-venecia\/#primaryimage\"},\"thumbnailUrl\":\"https:\/\/tourtravelandmore.com\/wp-content\/uploads\/2023\/04\/pexels-pixabay-158441-1.jpg\",\"datePublished\":\"2023-04-14T16:30:36+00:00\",\"dateModified\":\"2023-11-30T18:22:07+00:00\",\"description\":\"Disfrute y conozca en profundidad la ciudad de Venecia junto a su gu\u00eda oficial privado. Visite la hermosa Basilica de San Marco y el puente de Rialto \u2705\",\"breadcrumb\":{\"@id\":\"https:\/\/tourtravelandmore.com\/es\/tours\/italia-es\/venecia-es\/tour-privado-a-pie-por-los-principales-lugares-del-centro-de-venecia\/#breadcrumb\"},\"inLanguage\":\"es\",\"potentialAction\":[{\"@type\":\"ReadAction\",\"target\":[\"https:\/\/tourtravelandmore.com\/es\/tours\/italia-es\/venecia-es\/tour-privado-a-pie-por-los-principales-lugares-del-centro-de-venecia\/\"]}]},{\"@type\":\"ImageObject\",\"inLanguage\":\"es\",\"@id\":\"https:\/\/tourtravelandmore.com\/es\/tours\/italia-es\/venecia-es\/tour-privado-a-pie-por-los-principales-lugares-del-centro-de-venecia\/#primaryimage\",\"url\":\"https:\/\/tourtravelandmore.com\/wp-content\/uploads\/2023\/04\/pexels-pixabay-158441-1.jpg\",\"contentUrl\":\"https:\/\/tourtravelandmore.com\/wp-content\/uploads\/2023\/04\/pexels-pixabay-158441-1.jpg\",\"width\":7930,\"height\":4547},{\"@type\":\"BreadcrumbList\",\"@id\":\"https:\/\/tourtravelandmore.com\/es\/tours\/italia-es\/venecia-es\/tour-privado-a-pie-por-los-principales-lugares-del-centro-de-venecia\/#breadcrumb\",\"itemListElement\":[{\"@type\":\"ListItem\",\"position\":1,\"name\":\"Home\",\"item\":\"https:\/\/tourtravelandmore.com\/es\/\"},{\"@type\":\"ListItem\",\"position\":2,\"name\":\"Tours\",\"item\":\"https:\/\/tourtravelandmore.com\/es\/tours\/\"},{\"@type\":\"ListItem\",\"position\":3,\"name\":\"Tour privado a pie por el centro de Venecia\"}]},{\"@type\":\"WebSite\",\"@id\":\"https:\/\/tourtravelandmore.com\/es\/#website\",\"url\":\"https:\/\/tourtravelandmore.com\/es\/\",\"name\":\"Tour Travel And More\",\"description\":\"Private sightseeing tours and luxury transfers in Spain\",\"publisher\":{\"@id\":\"https:\/\/tourtravelandmore.com\/es\/#organization\"},\"potentialAction\":[{\"@type\":\"SearchAction\",\"target\":{\"@type\":\"EntryPoint\",\"urlTemplate\":\"https:\/\/tourtravelandmore.com\/es\/?s={search_term_string}\"},\"query-input\":{\"@type\":\"PropertyValueSpecification\",\"valueRequired\":true,\"valueName\":\"search_term_string\"}}],\"inLanguage\":\"es\"},{\"@type\":\"Organization\",\"@id\":\"https:\/\/tourtravelandmore.com\/es\/#organization\",\"name\":\"Tour Travel And More\",\"url\":\"https:\/\/tourtravelandmore.com\/es\/\",\"logo\":{\"@type\":\"ImageObject\",\"inLanguage\":\"es\",\"@id\":\"https:\/\/tourtravelandmore.com\/es\/#\/schema\/logo\/image\/\",\"url\":\"https:\/\/tourtravelandmore.com\/wp-content\/uploads\/2022\/12\/cropped-logo-cabecera-new.png\",\"contentUrl\":\"https:\/\/tourtravelandmore.com\/wp-content\/uploads\/2022\/12\/cropped-logo-cabecera-new.png\",\"width\":430,\"height\":61,\"caption\":\"Tour Travel And More\"},\"image\":{\"@id\":\"https:\/\/tourtravelandmore.com\/es\/#\/schema\/logo\/image\/\"},\"sameAs\":[\"https:\/\/www.facebook.com\/tourtravelandmore\/\",\"https:\/\/x.com\/TourTravel_More\"]}]}<\/script>\n<!-- \/ Yoast SEO Premium plugin. -->","yoast_head_json":{"title":"Tour Privado a pie por Venecia con gu\u00eda oficial local | TTM","description":"Disfrute y conozca en profundidad la ciudad de Venecia junto a su gu\u00eda oficial privado. Visite la hermosa Basilica de San Marco y el puente de Rialto \u2705","robots":{"index":"index","follow":"follow","max-snippet":"max-snippet:-1","max-image-preview":"max-image-preview:large","max-video-preview":"max-video-preview:-1"},"canonical":"https:\/\/tourtravelandmore.com\/es\/tours\/italia-es\/venecia-es\/tour-privado-a-pie-por-los-principales-lugares-del-centro-de-venecia\/","og_locale":"es_ES","og_type":"article","og_title":"Tour privado a pie por el centro de Venecia","og_description":"Disfrute y conozca en profundidad la ciudad de Venecia junto a su gu\u00eda oficial privado. Visite la hermosa Basilica de San Marco y el puente de Rialto \u2705","og_url":"https:\/\/tourtravelandmore.com\/es\/tours\/italia-es\/venecia-es\/tour-privado-a-pie-por-los-principales-lugares-del-centro-de-venecia\/","og_site_name":"Tour Travel And More","article_publisher":"https:\/\/www.facebook.com\/tourtravelandmore\/","article_modified_time":"2023-11-30T18:22:07+00:00","og_image":[{"width":1024,"height":587,"url":"https:\/\/tourtravelandmore.com\/wp-content\/uploads\/2023\/04\/pexels-pixabay-158441-1-1024x587.jpg","type":"image\/jpeg"}],"twitter_card":"summary_large_image","twitter_site":"@TourTravel_More","twitter_misc":{"Tiempo de lectura":"3 minutos"},"schema":{"@context":"https:\/\/schema.org","@graph":[{"@type":"WebPage","@id":"https:\/\/tourtravelandmore.com\/es\/tours\/italia-es\/venecia-es\/tour-privado-a-pie-por-los-principales-lugares-del-centro-de-venecia\/","url":"https:\/\/tourtravelandmore.com\/es\/tours\/italia-es\/venecia-es\/tour-privado-a-pie-por-los-principales-lugares-del-centro-de-venecia\/","name":"Tour Privado a pie por Venecia con gu\u00eda oficial local | TTM","isPartOf":{"@id":"https:\/\/tourtravelandmore.com\/es\/#website"},"primaryImageOfPage":{"@id":"https:\/\/tourtravelandmore.com\/es\/tours\/italia-es\/venecia-es\/tour-privado-a-pie-por-los-principales-lugares-del-centro-de-venecia\/#primaryimage"},"image":{"@id":"https:\/\/tourtravelandmore.com\/es\/tours\/italia-es\/venecia-es\/tour-privado-a-pie-por-los-principales-lugares-del-centro-de-venecia\/#primaryimage"},"thumbnailUrl":"https:\/\/tourtravelandmore.com\/wp-content\/uploads\/2023\/04\/pexels-pixabay-158441-1.jpg","datePublished":"2023-04-14T16:30:36+00:00","dateModified":"2023-11-30T18:22:07+00:00","description":"Disfrute y conozca en profundidad la ciudad de Venecia junto a su gu\u00eda oficial privado. Visite la hermosa Basilica de San Marco y el puente de Rialto \u2705","breadcrumb":{"@id":"https:\/\/tourtravelandmore.com\/es\/tours\/italia-es\/venecia-es\/tour-privado-a-pie-por-los-principales-lugares-del-centro-de-venecia\/#breadcrumb"},"inLanguage":"es","potentialAction":[{"@type":"ReadAction","target":["https:\/\/tourtravelandmore.com\/es\/tours\/italia-es\/venecia-es\/tour-privado-a-pie-por-los-principales-lugares-del-centro-de-venecia\/"]}]},{"@type":"ImageObject","inLanguage":"es","@id":"https:\/\/tourtravelandmore.com\/es\/tours\/italia-es\/venecia-es\/tour-privado-a-pie-por-los-principales-lugares-del-centro-de-venecia\/#primaryimage","url":"https:\/\/tourtravelandmore.com\/wp-content\/uploads\/2023\/04\/pexels-pixabay-158441-1.jpg","contentUrl":"https:\/\/tourtravelandmore.com\/wp-content\/uploads\/2023\/04\/pexels-pixabay-158441-1.jpg","width":7930,"height":4547},{"@type":"BreadcrumbList","@id":"https:\/\/tourtravelandmore.com\/es\/tours\/italia-es\/venecia-es\/tour-privado-a-pie-por-los-principales-lugares-del-centro-de-venecia\/#breadcrumb","itemListElement":[{"@type":"ListItem","position":1,"name":"Home","item":"https:\/\/tourtravelandmore.com\/es\/"},{"@type":"ListItem","position":2,"name":"Tours","item":"https:\/\/tourtravelandmore.com\/es\/tours\/"},{"@type":"ListItem","position":3,"name":"Tour privado a pie por el centro de Venecia"}]},{"@type":"WebSite","@id":"https:\/\/tourtravelandmore.com\/es\/#website","url":"https:\/\/tourtravelandmore.com\/es\/","name":"Tour Travel And More","description":"Private sightseeing tours and luxury transfers in Spain","publisher":{"@id":"https:\/\/tourtravelandmore.com\/es\/#organization"},"potentialAction":[{"@type":"SearchAction","target":{"@type":"EntryPoint","urlTemplate":"https:\/\/tourtravelandmore.com\/es\/?s={search_term_string}"},"query-input":{"@type":"PropertyValueSpecification","valueRequired":true,"valueName":"search_term_string"}}],"inLanguage":"es"},{"@type":"Organization","@id":"https:\/\/tourtravelandmore.com\/es\/#organization","name":"Tour Travel And More","url":"https:\/\/tourtravelandmore.com\/es\/","logo":{"@type":"ImageObject","inLanguage":"es","@id":"https:\/\/tourtravelandmore.com\/es\/#\/schema\/logo\/image\/","url":"https:\/\/tourtravelandmore.com\/wp-content\/uploads\/2022\/12\/cropped-logo-cabecera-new.png","contentUrl":"https:\/\/tourtravelandmore.com\/wp-content\/uploads\/2022\/12\/cropped-logo-cabecera-new.png","width":430,"height":61,"caption":"Tour Travel And More"},"image":{"@id":"https:\/\/tourtravelandmore.com\/es\/#\/schema\/logo\/image\/"},"sameAs":["https:\/\/www.facebook.com\/tourtravelandmore\/","https:\/\/x.com\/TourTravel_More"]}]}},"_links":{"self":[{"href":"https:\/\/tourtravelandmore.com\/es\/wp-json\/wp\/v2\/product\/161941","targetHints":{"allow":["GET"]}}],"collection":[{"href":"https:\/\/tourtravelandmore.com\/es\/wp-json\/wp\/v2\/product"}],"about":[{"href":"https:\/\/tourtravelandmore.com\/es\/wp-json\/wp\/v2\/types\/product"}],"replies":[{"embeddable":true,"href":"https:\/\/tourtravelandmore.com\/es\/wp-json\/wp\/v2\/comments?post=161941"}],"wp:featuredmedia":[{"embeddable":true,"href":"https:\/\/tourtravelandmore.com\/es\/wp-json\/wp\/v2\/media\/163276"}],"wp:attachment":[{"href":"https:\/\/tourtravelandmore.com\/es\/wp-json\/wp\/v2\/media?parent=161941"}],"wp:term":[{"taxonomy":"product_brand","embeddable":true,"href":"https:\/\/tourtravelandmore.com\/es\/wp-json\/wp\/v2\/product_brand?post=161941"},{"taxonomy":"product_cat","embeddable":true,"href":"https:\/\/tourtravelandmore.com\/es\/wp-json\/wp\/v2\/product_cat?post=161941"},{"taxonomy":"product_tag","embeddable":true,"href":"https:\/\/tourtravelandmore.com\/es\/wp-json\/wp\/v2\/product_tag?post=161941"}],"curies":[{"name":"wp","href":"https:\/\/api.w.org\/{rel}","templated":true}]}}