{"id":16176,"date":"2017-11-27T14:08:58","date_gmt":"2017-11-27T13:31:29","guid":{"rendered":"http:\/\/tourtravelandmore.com\/es\/?post_type=product&#038;p=16176"},"modified":"2025-06-11T10:46:49","modified_gmt":"2025-06-11T08:46:49","slug":"tour-a-cadiz-desde-sevilla-con-guia-oficial-privado-y-vehiculo-privado","status":"publish","type":"product","link":"https:\/\/tourtravelandmore.com\/es\/tours\/espana-es\/sevilla-es\/tour-a-cadiz-desde-sevilla-con-guia-oficial-privado-y-vehiculo-privado\/","title":{"rendered":"Tour Privado a Cadiz y Pueblos Blancos desde Sevilla"},"content":{"rendered":"<h2><strong>Descripci\u00f3n del Tour Privado a C\u00e1diz y Pueblos Blancos desde Sevilla<\/strong><\/h2>\n<p class=\"p1\">Este <span class=\"s1\"><b>tour privado a C\u00e1diz y los Pueblos Blancos<\/b><\/span> desde Sevilla, con <span class=\"s1\"><b>gu\u00eda oficial<\/b><\/span> y <span class=\"s1\"><b>veh\u00edculo privado<\/b><\/span>, te permitir\u00e1 conocer en un solo d\u00eda dos de los destinos m\u00e1s pintorescos del sur de Andaluc\u00eda.<\/p>\n<p class=\"p1\">La duraci\u00f3n del tour es de <span class=\"s1\"><b>12 horas<\/b><\/span>. Al ser <span class=\"s1\"><b>completamente privado<\/b><\/span>, pod\u00e9is escoger libremente la <span class=\"s1\"><b>hora de salida<\/b><\/span> y el <span class=\"s1\"><b>punto de recogida<\/b><\/span> dentro de Sevilla.<\/p>\n<p class=\"p1\">Nuestro <span class=\"s1\"><b>conductor privado<\/b><\/span> os recoger\u00e1 a la hora programada y os llevar\u00e1 a <span class=\"s1\"><b>C\u00e1diz<\/b><\/span>, donde os esperar\u00e1 un <span class=\"s1\"><b>gu\u00eda oficial<\/b><\/span> para comenzar un recorrido de aproximadamente <span class=\"s1\"><b>8 horas<\/b><\/span> que combina lo mejor de la <span class=\"s1\"><b>ciudad de C\u00e1diz<\/b><\/span> con la belleza rural de los <span class=\"s1\"><b>Pueblos Blancos<\/b><\/span> de su entorno.<\/p>\n<p class=\"p1\">El tour no incluye entradas, pero si dese\u00e1is visitar la <span class=\"s1\"><b>Catedral de C\u00e1diz<\/b><\/span> u otros monumentos, podemos incluirlas sin problema. Solo ten\u00e9is que indicarlo en el <span class=\"s1\"><b>formulario de contacto<\/b><\/span> al realizar la reserva.<\/p>\n<p class=\"p1\">Este<a href=\"https:\/\/tourtravelandmore.com\/es\/ciudad\/espana-es\/sevilla-es\/\"> tour privado en Sevilla<\/a> es ideal para quienes buscan una experiencia cultural rica, c\u00f3moda y a medida por el coraz\u00f3n de Andaluc\u00eda.<\/p>\n<h2>Puntos de inter\u00e9s en el Tour Privado a Cadiz y Pueblos Blancos desde Sevilla<\/h2>\n<p>En primer lugar, llegaremos a <strong>Arcos de la Frontera<\/strong>, uno de los pueblos Blancos m\u00e1s famosos de Andaluc\u00eda<strong>. La iglesia de San Pedro, la Bas\u00edlica de Santa Mar\u00eda de la Asunci\u00f3n o el Palacio del Mayorazgo<\/strong> son algunas de las visitas imprescindibles. Aunque realmente el verdadero atractivo lo encontramos en el pueblo en s\u00ed. Arcos es un pueblo de laber\u00ednticas y estrechas calles, imponentes iglesias y miradores con fabulosas vistas sobre el campo y el r\u00edo Guadalete.<\/p>\n<p>Al finalizar los dirigiremos a C\u00e1diz, para conocer una de las ciudades m\u00e1s de moda de Andaluc\u00eda.<\/p>\n<p>Empezaremos en la plaza<strong>\u00a0de San Juan de Dios<\/strong>, donde encontraremos el <strong>Ayuntamiento<\/strong>, fundado en la \u00e9poca fenicia.<\/p>\n<p>Continuaremos recorridos privados con gu\u00eda oficial por el <strong>Barrio del P\u00f3pulo<\/strong>, la parte m\u00e1s antigua de la ciudad. Este barrio cuenta con algunos de los monumentos m\u00e1s importantes de C\u00e1diz, como el<strong> Teatro Romano, la Catedral de la Santa Cruz o la Plaza de las Flores<\/strong>, lugares llenos de historias que os dejar\u00e1n sin palabras.<\/p>\n<p>Tambi\u00e9n visitaremos el <strong>Mercado Central de Abastos<\/strong>, donde podr\u00e9is encontrar el famoso at\u00fan de la bah\u00eda, un producto delicioso.<\/p>\n<p>Finalizaremos nuestro tour privado en la <strong>playa de la Caleta<\/strong>, puerto natural donde los fenicios, romanos y cartagineses llegaron con sus barcos.<\/p>\n<p>Si dispone de m\u00e1s d\u00eda en Sevilla, puede consultar <a href=\"https:\/\/tourtravelandmore.com\/es\/ciudad\/espana-es\/sevilla-es\/\"><strong>aqu\u00ed<\/strong><\/a>, nuestro listado de tours privados de Sevilla.<\/p>\n","protected":false},"excerpt":{"rendered":"<p>Descubre la ciudad de C\u00e1diz y los Pueblos Blancos, con su gu\u00eda oficial privado y su vehiculo privado. Descubre C\u00e1diz y Arcos de la Frontera, en el mismo d\u00eda, gracias a este tour privado de d\u00eda completo.<\/p>\n","protected":false},"featured_media":16165,"comment_status":"open","ping_status":"closed","template":"","meta":{"_acf_changed":false},"product_brand":[],"product_cat":[105,106],"product_tag":[],"class_list":{"0":"post-16176","1":"product","2":"type-product","3":"status-publish","4":"has-post-thumbnail","6":"product_cat-sevilla-es","7":"product_cat-sevilla-excursiones-es","9":"first","10":"instock","11":"shipping-taxable","12":"purchasable","13":"product-type-simple"},"acf":[],"yoast_head":"<!-- This site is optimized with the Yoast SEO Premium plugin v25.3.1 (Yoast SEO v25.3.1) - https:\/\/yoast.com\/wordpress\/plugins\/seo\/ -->\n<title>\u27a1\ufe0f Tour a Cadiz desde Sevilla con Guia oficial privado y vehiculo privado | Tour Travel &amp; More<\/title>\n<meta name=\"description\" content=\"Disfruta de este Tour a Cadiz desde Sevilla, con gu\u00eda oficial privado y vehiculo oficial privado, descubre la ciudad de C\u00e1diz y los pueblos Blancos \u2705\" \/>\n<meta name=\"robots\" content=\"index, follow, max-snippet:-1, max-image-preview:large, max-video-preview:-1\" \/>\n<link rel=\"canonical\" href=\"https:\/\/tourtravelandmore.com\/es\/tours\/espana-es\/sevilla-es\/tour-a-cadiz-desde-sevilla-con-guia-oficial-privado-y-vehiculo-privado\/\" \/>\n<meta property=\"og:locale\" content=\"es_ES\" \/>\n<meta property=\"og:type\" content=\"article\" \/>\n<meta property=\"og:title\" content=\"Tour Privado a Cadiz y Pueblos Blancos desde Sevilla\" \/>\n<meta property=\"og:description\" content=\"Disfruta de este Tour a Cadiz desde Sevilla, con gu\u00eda oficial privado y vehiculo oficial privado, descubre la ciudad de C\u00e1diz y los pueblos Blancos \u2705\" \/>\n<meta property=\"og:url\" content=\"https:\/\/tourtravelandmore.com\/es\/tours\/espana-es\/sevilla-es\/tour-a-cadiz-desde-sevilla-con-guia-oficial-privado-y-vehiculo-privado\/\" \/>\n<meta property=\"og:site_name\" content=\"Tour Travel And More\" \/>\n<meta property=\"article:publisher\" content=\"https:\/\/www.facebook.com\/tourtravelandmore\/\" \/>\n<meta property=\"article:modified_time\" content=\"2025-06-11T08:46:49+00:00\" \/>\n<meta property=\"og:image\" content=\"https:\/\/tourtravelandmore.com\/wp-content\/uploads\/2017\/11\/arcos-de-la-frontera.jpg\" \/>\n\t<meta property=\"og:image:width\" content=\"1024\" \/>\n\t<meta property=\"og:image:height\" content=\"761\" \/>\n\t<meta property=\"og:image:type\" content=\"image\/jpeg\" \/>\n<meta name=\"twitter:card\" content=\"summary_large_image\" \/>\n<meta name=\"twitter:site\" content=\"@TourTravel_More\" \/>\n<meta name=\"twitter:label1\" content=\"Tiempo de lectura\" \/>\n\t<meta name=\"twitter:data1\" content=\"3 minutos\" \/>\n<script type=\"application\/ld+json\" class=\"yoast-schema-graph\">{\"@context\":\"https:\/\/schema.org\",\"@graph\":[{\"@type\":\"WebPage\",\"@id\":\"https:\/\/tourtravelandmore.com\/es\/tours\/espana-es\/sevilla-es\/tour-a-cadiz-desde-sevilla-con-guia-oficial-privado-y-vehiculo-privado\/\",\"url\":\"https:\/\/tourtravelandmore.com\/es\/tours\/espana-es\/sevilla-es\/tour-a-cadiz-desde-sevilla-con-guia-oficial-privado-y-vehiculo-privado\/\",\"name\":\"\u27a1\ufe0f Tour a Cadiz desde Sevilla con Guia oficial privado y vehiculo privado | Tour Travel & More\",\"isPartOf\":{\"@id\":\"https:\/\/tourtravelandmore.com\/es\/#website\"},\"primaryImageOfPage\":{\"@id\":\"https:\/\/tourtravelandmore.com\/es\/tours\/espana-es\/sevilla-es\/tour-a-cadiz-desde-sevilla-con-guia-oficial-privado-y-vehiculo-privado\/#primaryimage\"},\"image\":{\"@id\":\"https:\/\/tourtravelandmore.com\/es\/tours\/espana-es\/sevilla-es\/tour-a-cadiz-desde-sevilla-con-guia-oficial-privado-y-vehiculo-privado\/#primaryimage\"},\"thumbnailUrl\":\"https:\/\/tourtravelandmore.com\/wp-content\/uploads\/2017\/11\/arcos-de-la-frontera.jpg\",\"datePublished\":\"2017-11-27T13:31:29+00:00\",\"dateModified\":\"2025-06-11T08:46:49+00:00\",\"description\":\"Disfruta de este Tour a Cadiz desde Sevilla, con gu\u00eda oficial privado y vehiculo oficial privado, descubre la ciudad de C\u00e1diz y los pueblos Blancos \u2705\",\"breadcrumb\":{\"@id\":\"https:\/\/tourtravelandmore.com\/es\/tours\/espana-es\/sevilla-es\/tour-a-cadiz-desde-sevilla-con-guia-oficial-privado-y-vehiculo-privado\/#breadcrumb\"},\"inLanguage\":\"es\",\"potentialAction\":[{\"@type\":\"ReadAction\",\"target\":[\"https:\/\/tourtravelandmore.com\/es\/tours\/espana-es\/sevilla-es\/tour-a-cadiz-desde-sevilla-con-guia-oficial-privado-y-vehiculo-privado\/\"]}]},{\"@type\":\"ImageObject\",\"inLanguage\":\"es\",\"@id\":\"https:\/\/tourtravelandmore.com\/es\/tours\/espana-es\/sevilla-es\/tour-a-cadiz-desde-sevilla-con-guia-oficial-privado-y-vehiculo-privado\/#primaryimage\",\"url\":\"https:\/\/tourtravelandmore.com\/wp-content\/uploads\/2017\/11\/arcos-de-la-frontera.jpg\",\"contentUrl\":\"https:\/\/tourtravelandmore.com\/wp-content\/uploads\/2017\/11\/arcos-de-la-frontera.jpg\",\"width\":1024,\"height\":761},{\"@type\":\"BreadcrumbList\",\"@id\":\"https:\/\/tourtravelandmore.com\/es\/tours\/espana-es\/sevilla-es\/tour-a-cadiz-desde-sevilla-con-guia-oficial-privado-y-vehiculo-privado\/#breadcrumb\",\"itemListElement\":[{\"@type\":\"ListItem\",\"position\":1,\"name\":\"Home\",\"item\":\"https:\/\/tourtravelandmore.com\/es\/\"},{\"@type\":\"ListItem\",\"position\":2,\"name\":\"Tours\",\"item\":\"https:\/\/tourtravelandmore.com\/es\/tours\/\"},{\"@type\":\"ListItem\",\"position\":3,\"name\":\"Tour Privado a Cadiz y Pueblos Blancos desde Sevilla\"}]},{\"@type\":\"WebSite\",\"@id\":\"https:\/\/tourtravelandmore.com\/es\/#website\",\"url\":\"https:\/\/tourtravelandmore.com\/es\/\",\"name\":\"Tour Travel And More\",\"description\":\"Private sightseeing tours and luxury transfers in Spain\",\"publisher\":{\"@id\":\"https:\/\/tourtravelandmore.com\/es\/#organization\"},\"potentialAction\":[{\"@type\":\"SearchAction\",\"target\":{\"@type\":\"EntryPoint\",\"urlTemplate\":\"https:\/\/tourtravelandmore.com\/es\/?s={search_term_string}\"},\"query-input\":{\"@type\":\"PropertyValueSpecification\",\"valueRequired\":true,\"valueName\":\"search_term_string\"}}],\"inLanguage\":\"es\"},{\"@type\":\"Organization\",\"@id\":\"https:\/\/tourtravelandmore.com\/es\/#organization\",\"name\":\"Tour Travel And More\",\"url\":\"https:\/\/tourtravelandmore.com\/es\/\",\"logo\":{\"@type\":\"ImageObject\",\"inLanguage\":\"es\",\"@id\":\"https:\/\/tourtravelandmore.com\/es\/#\/schema\/logo\/image\/\",\"url\":\"https:\/\/tourtravelandmore.com\/wp-content\/uploads\/2022\/12\/cropped-logo-cabecera-new.png\",\"contentUrl\":\"https:\/\/tourtravelandmore.com\/wp-content\/uploads\/2022\/12\/cropped-logo-cabecera-new.png\",\"width\":430,\"height\":61,\"caption\":\"Tour Travel And More\"},\"image\":{\"@id\":\"https:\/\/tourtravelandmore.com\/es\/#\/schema\/logo\/image\/\"},\"sameAs\":[\"https:\/\/www.facebook.com\/tourtravelandmore\/\",\"https:\/\/x.com\/TourTravel_More\"]}]}<\/script>\n<!-- \/ Yoast SEO Premium plugin. -->","yoast_head_json":{"title":"\u27a1\ufe0f Tour a Cadiz desde Sevilla con Guia oficial privado y vehiculo privado | Tour Travel & More","description":"Disfruta de este Tour a Cadiz desde Sevilla, con gu\u00eda oficial privado y vehiculo oficial privado, descubre la ciudad de C\u00e1diz y los pueblos Blancos \u2705","robots":{"index":"index","follow":"follow","max-snippet":"max-snippet:-1","max-image-preview":"max-image-preview:large","max-video-preview":"max-video-preview:-1"},"canonical":"https:\/\/tourtravelandmore.com\/es\/tours\/espana-es\/sevilla-es\/tour-a-cadiz-desde-sevilla-con-guia-oficial-privado-y-vehiculo-privado\/","og_locale":"es_ES","og_type":"article","og_title":"Tour Privado a Cadiz y Pueblos Blancos desde Sevilla","og_description":"Disfruta de este Tour a Cadiz desde Sevilla, con gu\u00eda oficial privado y vehiculo oficial privado, descubre la ciudad de C\u00e1diz y los pueblos Blancos \u2705","og_url":"https:\/\/tourtravelandmore.com\/es\/tours\/espana-es\/sevilla-es\/tour-a-cadiz-desde-sevilla-con-guia-oficial-privado-y-vehiculo-privado\/","og_site_name":"Tour Travel And More","article_publisher":"https:\/\/www.facebook.com\/tourtravelandmore\/","article_modified_time":"2025-06-11T08:46:49+00:00","og_image":[{"width":1024,"height":761,"url":"https:\/\/tourtravelandmore.com\/wp-content\/uploads\/2017\/11\/arcos-de-la-frontera.jpg","type":"image\/jpeg"}],"twitter_card":"summary_large_image","twitter_site":"@TourTravel_More","twitter_misc":{"Tiempo de lectura":"3 minutos"},"schema":{"@context":"https:\/\/schema.org","@graph":[{"@type":"WebPage","@id":"https:\/\/tourtravelandmore.com\/es\/tours\/espana-es\/sevilla-es\/tour-a-cadiz-desde-sevilla-con-guia-oficial-privado-y-vehiculo-privado\/","url":"https:\/\/tourtravelandmore.com\/es\/tours\/espana-es\/sevilla-es\/tour-a-cadiz-desde-sevilla-con-guia-oficial-privado-y-vehiculo-privado\/","name":"\u27a1\ufe0f Tour a Cadiz desde Sevilla con Guia oficial privado y vehiculo privado | Tour Travel & More","isPartOf":{"@id":"https:\/\/tourtravelandmore.com\/es\/#website"},"primaryImageOfPage":{"@id":"https:\/\/tourtravelandmore.com\/es\/tours\/espana-es\/sevilla-es\/tour-a-cadiz-desde-sevilla-con-guia-oficial-privado-y-vehiculo-privado\/#primaryimage"},"image":{"@id":"https:\/\/tourtravelandmore.com\/es\/tours\/espana-es\/sevilla-es\/tour-a-cadiz-desde-sevilla-con-guia-oficial-privado-y-vehiculo-privado\/#primaryimage"},"thumbnailUrl":"https:\/\/tourtravelandmore.com\/wp-content\/uploads\/2017\/11\/arcos-de-la-frontera.jpg","datePublished":"2017-11-27T13:31:29+00:00","dateModified":"2025-06-11T08:46:49+00:00","description":"Disfruta de este Tour a Cadiz desde Sevilla, con gu\u00eda oficial privado y vehiculo oficial privado, descubre la ciudad de C\u00e1diz y los pueblos Blancos \u2705","breadcrumb":{"@id":"https:\/\/tourtravelandmore.com\/es\/tours\/espana-es\/sevilla-es\/tour-a-cadiz-desde-sevilla-con-guia-oficial-privado-y-vehiculo-privado\/#breadcrumb"},"inLanguage":"es","potentialAction":[{"@type":"ReadAction","target":["https:\/\/tourtravelandmore.com\/es\/tours\/espana-es\/sevilla-es\/tour-a-cadiz-desde-sevilla-con-guia-oficial-privado-y-vehiculo-privado\/"]}]},{"@type":"ImageObject","inLanguage":"es","@id":"https:\/\/tourtravelandmore.com\/es\/tours\/espana-es\/sevilla-es\/tour-a-cadiz-desde-sevilla-con-guia-oficial-privado-y-vehiculo-privado\/#primaryimage","url":"https:\/\/tourtravelandmore.com\/wp-content\/uploads\/2017\/11\/arcos-de-la-frontera.jpg","contentUrl":"https:\/\/tourtravelandmore.com\/wp-content\/uploads\/2017\/11\/arcos-de-la-frontera.jpg","width":1024,"height":761},{"@type":"BreadcrumbList","@id":"https:\/\/tourtravelandmore.com\/es\/tours\/espana-es\/sevilla-es\/tour-a-cadiz-desde-sevilla-con-guia-oficial-privado-y-vehiculo-privado\/#breadcrumb","itemListElement":[{"@type":"ListItem","position":1,"name":"Home","item":"https:\/\/tourtravelandmore.com\/es\/"},{"@type":"ListItem","position":2,"name":"Tours","item":"https:\/\/tourtravelandmore.com\/es\/tours\/"},{"@type":"ListItem","position":3,"name":"Tour Privado a Cadiz y Pueblos Blancos desde Sevilla"}]},{"@type":"WebSite","@id":"https:\/\/tourtravelandmore.com\/es\/#website","url":"https:\/\/tourtravelandmore.com\/es\/","name":"Tour Travel And More","description":"Private sightseeing tours and luxury transfers in Spain","publisher":{"@id":"https:\/\/tourtravelandmore.com\/es\/#organization"},"potentialAction":[{"@type":"SearchAction","target":{"@type":"EntryPoint","urlTemplate":"https:\/\/tourtravelandmore.com\/es\/?s={search_term_string}"},"query-input":{"@type":"PropertyValueSpecification","valueRequired":true,"valueName":"search_term_string"}}],"inLanguage":"es"},{"@type":"Organization","@id":"https:\/\/tourtravelandmore.com\/es\/#organization","name":"Tour Travel And More","url":"https:\/\/tourtravelandmore.com\/es\/","logo":{"@type":"ImageObject","inLanguage":"es","@id":"https:\/\/tourtravelandmore.com\/es\/#\/schema\/logo\/image\/","url":"https:\/\/tourtravelandmore.com\/wp-content\/uploads\/2022\/12\/cropped-logo-cabecera-new.png","contentUrl":"https:\/\/tourtravelandmore.com\/wp-content\/uploads\/2022\/12\/cropped-logo-cabecera-new.png","width":430,"height":61,"caption":"Tour Travel And More"},"image":{"@id":"https:\/\/tourtravelandmore.com\/es\/#\/schema\/logo\/image\/"},"sameAs":["https:\/\/www.facebook.com\/tourtravelandmore\/","https:\/\/x.com\/TourTravel_More"]}]}},"_links":{"self":[{"href":"https:\/\/tourtravelandmore.com\/es\/wp-json\/wp\/v2\/product\/16176","targetHints":{"allow":["GET"]}}],"collection":[{"href":"https:\/\/tourtravelandmore.com\/es\/wp-json\/wp\/v2\/product"}],"about":[{"href":"https:\/\/tourtravelandmore.com\/es\/wp-json\/wp\/v2\/types\/product"}],"replies":[{"embeddable":true,"href":"https:\/\/tourtravelandmore.com\/es\/wp-json\/wp\/v2\/comments?post=16176"}],"wp:featuredmedia":[{"embeddable":true,"href":"https:\/\/tourtravelandmore.com\/es\/wp-json\/wp\/v2\/media\/16165"}],"wp:attachment":[{"href":"https:\/\/tourtravelandmore.com\/es\/wp-json\/wp\/v2\/media?parent=16176"}],"wp:term":[{"taxonomy":"product_brand","embeddable":true,"href":"https:\/\/tourtravelandmore.com\/es\/wp-json\/wp\/v2\/product_brand?post=16176"},{"taxonomy":"product_cat","embeddable":true,"href":"https:\/\/tourtravelandmore.com\/es\/wp-json\/wp\/v2\/product_cat?post=16176"},{"taxonomy":"product_tag","embeddable":true,"href":"https:\/\/tourtravelandmore.com\/es\/wp-json\/wp\/v2\/product_tag?post=16176"}],"curies":[{"name":"wp","href":"https:\/\/api.w.org\/{rel}","templated":true}]}}