{"id":161737,"date":"2023-04-13T18:39:41","date_gmt":"2023-04-13T16:39:44","guid":{"rendered":"https:\/\/tourtravelandmore.com\/?post_type=product&#038;p=161737"},"modified":"2023-07-04T16:11:31","modified_gmt":"2023-07-04T14:11:31","slug":"tour-privado-a-burano-y-murano-desde-venecia","status":"publish","type":"product","link":"https:\/\/tourtravelandmore.com\/es\/tours\/italia-es\/venecia-es\/tour-privado-a-burano-y-murano-desde-venecia\/","title":{"rendered":"Tour privado a Burano y Murano desde Venecia"},"content":{"rendered":"<h2><strong>Descripci\u00f3n\u00a0<\/strong><\/h2>\n<p><span style=\"font-weight: 400;\">Les ofrecemos un<strong> tour privado a Burano y Murano desde Venecia<\/strong> que ser\u00e1 una experiencia inolvidable. Este tour les permitir\u00e1 explorar dos de las islas m\u00e1s famosas de la laguna de <strong>Venecia. Burano<\/strong> es conocida por sus pintorescas casas de colores y sus encajes, mientras que <strong>Murano<\/strong> es famosa por su vidrio soplado.<\/span><\/p>\n<p><span style=\"font-weight: 400;\">Nuestro tour privado comenzar\u00e1 con un traslado en <strong>barco privado<\/strong> desde <strong>Venecia<\/strong> a <strong>Burano.<\/strong> Una vez en la isla, tendr\u00e1n tiempo libre para explorar junto a su <strong>gu\u00eda tur\u00edstico privado<\/strong> que les mostrar\u00e1 los lugares m\u00e1s destacados de la isla. Visitar\u00e1n espacios como el Museo del Encaje, que cuenta con una impresionante colecci\u00f3n de encajes hechos a mano por los habitantes de la isla.<\/span><\/p>\n<p><span style=\"font-weight: 400;\">Despu\u00e9s de visitar <strong>Burano,<\/strong> nos dirigiremos en barco a Murano. En esta isla, tendr\u00e1n la oportunidad de ver de primera mano c\u00f3mo se hace el vidrio soplado. Tambi\u00e9n tendr\u00e1n tiempo libre para explorar la isla por su cuenta junto a su <strong>gu\u00eda<\/strong>\u00a0<strong>oficial privado.<\/strong><\/span><\/p>\n<h2>Tour privado a Burano y <strong>Murano<\/strong> desde Vencia | Puntos de Inter\u00e9s y Lugares de Inter\u00e9s<\/h2>\n<p><span style=\"font-weight: 400;\">La isla de <strong>Burano<\/strong> es famosa por sus casas de colores, su encaje y su pescado fresco. Recomendamos visitar la <strong>iglesia<\/strong> de <strong>San Martino,<\/strong> donde podr\u00e1n ver una de las mejores colecciones de arte sacro de la laguna de Venecia. Tambi\u00e9n pueden visitar el <strong>Museo<\/strong> del <strong>Encaje,<\/strong> donde aprender\u00e1n sobre la tradici\u00f3n del encaje en la isla y podr\u00e1n ver algunos de los encajes m\u00e1s bellos y finos del mundo.<\/span><\/p>\n<p><span style=\"font-weight: 400;\">La isla de Murano es conocida por su vidrio soplado. La f\u00e1brica de vidrio <strong>Venini<\/strong> es un lugar imperdible en <strong>Murano.<\/strong> All\u00ed, los maestros vidrieros trabajar\u00e1n delante de sus ojos. Tambi\u00e9n recomendamos visitar la <strong>Bas\u00edlica<\/strong> de <strong>Santa Mar\u00eda<\/strong> y <strong>San Donato,<\/strong> que data del <strong>siglo<\/strong>\u00a0<strong>VII.<\/strong><\/span><\/p>\n<p><span style=\"font-weight: 400;\">Les garantizamos una experiencia \u00fanica e inolvidable en nuestro <strong>tour privado<\/strong> a <strong>Burano<\/strong> y <strong>Murano<\/strong> desde <strong>Venecia.<\/strong> Para reservar su tour, pueden contactarnos directamente a trav\u00e9s de nuestro sitio web o por correo electr\u00f3nico.<\/span><\/p>\n<p><strong>Otra opci\u00f3n de un tour de d\u00eda completo desde Venecia es <a href=\"https:\/\/tourtravelandmore.com\/es\/tours\/italia-es\/venecia-es\/tour-privado-de-venecia-a-verona-y-lago-de-garda-sirmione\/\">nuestro tour privado a Verona y Valpolicella<\/a>, \u00a1\u00e9chale un vistazo!.<\/strong><\/p>\n","protected":false},"excerpt":{"rendered":"<p><span style=\"font-weight: 400;\">Les ofrecemos un<strong> tour privado a Burano y Murano desde Venecia<\/strong> que ser\u00e1 una experiencia inolvidable. Este tour les permitir\u00e1 explorar dos de las islas m\u00e1s famosas de la laguna de <strong>Venecia. Burano<\/strong> es conocida por sus pintorescas casas de colores y sus encajes, mientras que <strong>Murano<\/strong> es famosa por su vidrio soplado.<\/span><\/p>\n","protected":false},"featured_media":163240,"comment_status":"open","ping_status":"closed","template":"","meta":{"_acf_changed":false},"product_brand":[],"product_cat":[701,707,719,713],"product_tag":[],"class_list":{"0":"post-161737","1":"product","2":"type-product","3":"status-publish","4":"has-post-thumbnail","6":"product_cat-venecia-es","7":"product_cat-venecia-actividades-es","8":"product_cat-venecia-rutas-turisticas-privadas-es","9":"product_cat-venecia-excursiones-es","11":"first","12":"instock","13":"shipping-taxable","14":"purchasable","15":"product-type-simple"},"acf":[],"yoast_head":"<!-- This site is optimized with the Yoast SEO Premium plugin v25.3.1 (Yoast SEO v25.3.1) - https:\/\/yoast.com\/wordpress\/plugins\/seo\/ -->\n<title>Tour privado a Burano y Murano desde Venecia | TourTravel&amp;More<\/title>\n<meta name=\"description\" content=\"Tour privado a Burano y Murano desde Venecia. Disfrute visitando, en su barco privado una de las regiones m\u00e1s bellas de Europa\u2705.\" \/>\n<meta name=\"robots\" content=\"index, follow, max-snippet:-1, max-image-preview:large, max-video-preview:-1\" \/>\n<link rel=\"canonical\" href=\"https:\/\/tourtravelandmore.com\/es\/tours\/italia-es\/venecia-es\/tour-privado-a-burano-y-murano-desde-venecia\/\" \/>\n<meta property=\"og:locale\" content=\"es_ES\" \/>\n<meta property=\"og:type\" content=\"article\" \/>\n<meta property=\"og:title\" content=\"Tour privado a Burano y Murano desde Venecia\" \/>\n<meta property=\"og:description\" content=\"Tour privado a Burano y Murano desde Venecia. Disfrute visitando, en su barco privado una de las regiones m\u00e1s bellas de Europa\u2705.\" \/>\n<meta property=\"og:url\" content=\"https:\/\/tourtravelandmore.com\/es\/tours\/italia-es\/venecia-es\/tour-privado-a-burano-y-murano-desde-venecia\/\" \/>\n<meta property=\"og:site_name\" content=\"Tour Travel And More\" \/>\n<meta property=\"article:publisher\" content=\"https:\/\/www.facebook.com\/tourtravelandmore\/\" \/>\n<meta property=\"article:modified_time\" content=\"2023-07-04T14:11:31+00:00\" \/>\n<meta property=\"og:image\" content=\"https:\/\/tourtravelandmore.com\/wp-content\/uploads\/2023\/04\/pexels-axp-photography-16411953-scaled.jpg\" \/>\n\t<meta property=\"og:image:width\" content=\"2560\" \/>\n\t<meta property=\"og:image:height\" content=\"1707\" \/>\n\t<meta property=\"og:image:type\" content=\"image\/jpeg\" \/>\n<meta name=\"twitter:card\" content=\"summary_large_image\" \/>\n<meta name=\"twitter:site\" content=\"@TourTravel_More\" \/>\n<meta name=\"twitter:label1\" content=\"Tiempo de lectura\" \/>\n\t<meta name=\"twitter:data1\" content=\"2 minutos\" \/>\n<script type=\"application\/ld+json\" class=\"yoast-schema-graph\">{\"@context\":\"https:\/\/schema.org\",\"@graph\":[{\"@type\":\"WebPage\",\"@id\":\"https:\/\/tourtravelandmore.com\/es\/tours\/italia-es\/venecia-es\/tour-privado-a-burano-y-murano-desde-venecia\/\",\"url\":\"https:\/\/tourtravelandmore.com\/es\/tours\/italia-es\/venecia-es\/tour-privado-a-burano-y-murano-desde-venecia\/\",\"name\":\"Tour privado a Burano y Murano desde Venecia | TourTravel&More\",\"isPartOf\":{\"@id\":\"https:\/\/tourtravelandmore.com\/es\/#website\"},\"primaryImageOfPage\":{\"@id\":\"https:\/\/tourtravelandmore.com\/es\/tours\/italia-es\/venecia-es\/tour-privado-a-burano-y-murano-desde-venecia\/#primaryimage\"},\"image\":{\"@id\":\"https:\/\/tourtravelandmore.com\/es\/tours\/italia-es\/venecia-es\/tour-privado-a-burano-y-murano-desde-venecia\/#primaryimage\"},\"thumbnailUrl\":\"https:\/\/tourtravelandmore.com\/wp-content\/uploads\/2023\/04\/pexels-axp-photography-16411953-scaled.jpg\",\"datePublished\":\"2023-04-13T16:39:44+00:00\",\"dateModified\":\"2023-07-04T14:11:31+00:00\",\"description\":\"Tour privado a Burano y Murano desde Venecia. Disfrute visitando, en su barco privado una de las regiones m\u00e1s bellas de Europa\u2705.\",\"breadcrumb\":{\"@id\":\"https:\/\/tourtravelandmore.com\/es\/tours\/italia-es\/venecia-es\/tour-privado-a-burano-y-murano-desde-venecia\/#breadcrumb\"},\"inLanguage\":\"es\",\"potentialAction\":[{\"@type\":\"ReadAction\",\"target\":[\"https:\/\/tourtravelandmore.com\/es\/tours\/italia-es\/venecia-es\/tour-privado-a-burano-y-murano-desde-venecia\/\"]}]},{\"@type\":\"ImageObject\",\"inLanguage\":\"es\",\"@id\":\"https:\/\/tourtravelandmore.com\/es\/tours\/italia-es\/venecia-es\/tour-privado-a-burano-y-murano-desde-venecia\/#primaryimage\",\"url\":\"https:\/\/tourtravelandmore.com\/wp-content\/uploads\/2023\/04\/pexels-axp-photography-16411953-scaled.jpg\",\"contentUrl\":\"https:\/\/tourtravelandmore.com\/wp-content\/uploads\/2023\/04\/pexels-axp-photography-16411953-scaled.jpg\",\"width\":2560,\"height\":1707},{\"@type\":\"BreadcrumbList\",\"@id\":\"https:\/\/tourtravelandmore.com\/es\/tours\/italia-es\/venecia-es\/tour-privado-a-burano-y-murano-desde-venecia\/#breadcrumb\",\"itemListElement\":[{\"@type\":\"ListItem\",\"position\":1,\"name\":\"Home\",\"item\":\"https:\/\/tourtravelandmore.com\/es\/\"},{\"@type\":\"ListItem\",\"position\":2,\"name\":\"Tours\",\"item\":\"https:\/\/tourtravelandmore.com\/es\/tours\/\"},{\"@type\":\"ListItem\",\"position\":3,\"name\":\"Tour privado a Burano y Murano desde Venecia\"}]},{\"@type\":\"WebSite\",\"@id\":\"https:\/\/tourtravelandmore.com\/es\/#website\",\"url\":\"https:\/\/tourtravelandmore.com\/es\/\",\"name\":\"Tour Travel And More\",\"description\":\"Private sightseeing tours and luxury transfers in Spain\",\"publisher\":{\"@id\":\"https:\/\/tourtravelandmore.com\/es\/#organization\"},\"potentialAction\":[{\"@type\":\"SearchAction\",\"target\":{\"@type\":\"EntryPoint\",\"urlTemplate\":\"https:\/\/tourtravelandmore.com\/es\/?s={search_term_string}\"},\"query-input\":{\"@type\":\"PropertyValueSpecification\",\"valueRequired\":true,\"valueName\":\"search_term_string\"}}],\"inLanguage\":\"es\"},{\"@type\":\"Organization\",\"@id\":\"https:\/\/tourtravelandmore.com\/es\/#organization\",\"name\":\"Tour Travel And More\",\"url\":\"https:\/\/tourtravelandmore.com\/es\/\",\"logo\":{\"@type\":\"ImageObject\",\"inLanguage\":\"es\",\"@id\":\"https:\/\/tourtravelandmore.com\/es\/#\/schema\/logo\/image\/\",\"url\":\"https:\/\/tourtravelandmore.com\/wp-content\/uploads\/2022\/12\/cropped-logo-cabecera-new.png\",\"contentUrl\":\"https:\/\/tourtravelandmore.com\/wp-content\/uploads\/2022\/12\/cropped-logo-cabecera-new.png\",\"width\":430,\"height\":61,\"caption\":\"Tour Travel And More\"},\"image\":{\"@id\":\"https:\/\/tourtravelandmore.com\/es\/#\/schema\/logo\/image\/\"},\"sameAs\":[\"https:\/\/www.facebook.com\/tourtravelandmore\/\",\"https:\/\/x.com\/TourTravel_More\"]}]}<\/script>\n<!-- \/ Yoast SEO Premium plugin. -->","yoast_head_json":{"title":"Tour privado a Burano y Murano desde Venecia | TourTravel&More","description":"Tour privado a Burano y Murano desde Venecia. Disfrute visitando, en su barco privado una de las regiones m\u00e1s bellas de Europa\u2705.","robots":{"index":"index","follow":"follow","max-snippet":"max-snippet:-1","max-image-preview":"max-image-preview:large","max-video-preview":"max-video-preview:-1"},"canonical":"https:\/\/tourtravelandmore.com\/es\/tours\/italia-es\/venecia-es\/tour-privado-a-burano-y-murano-desde-venecia\/","og_locale":"es_ES","og_type":"article","og_title":"Tour privado a Burano y Murano desde Venecia","og_description":"Tour privado a Burano y Murano desde Venecia. Disfrute visitando, en su barco privado una de las regiones m\u00e1s bellas de Europa\u2705.","og_url":"https:\/\/tourtravelandmore.com\/es\/tours\/italia-es\/venecia-es\/tour-privado-a-burano-y-murano-desde-venecia\/","og_site_name":"Tour Travel And More","article_publisher":"https:\/\/www.facebook.com\/tourtravelandmore\/","article_modified_time":"2023-07-04T14:11:31+00:00","og_image":[{"width":2560,"height":1707,"url":"https:\/\/tourtravelandmore.com\/wp-content\/uploads\/2023\/04\/pexels-axp-photography-16411953-scaled.jpg","type":"image\/jpeg"}],"twitter_card":"summary_large_image","twitter_site":"@TourTravel_More","twitter_misc":{"Tiempo de lectura":"2 minutos"},"schema":{"@context":"https:\/\/schema.org","@graph":[{"@type":"WebPage","@id":"https:\/\/tourtravelandmore.com\/es\/tours\/italia-es\/venecia-es\/tour-privado-a-burano-y-murano-desde-venecia\/","url":"https:\/\/tourtravelandmore.com\/es\/tours\/italia-es\/venecia-es\/tour-privado-a-burano-y-murano-desde-venecia\/","name":"Tour privado a Burano y Murano desde Venecia | TourTravel&More","isPartOf":{"@id":"https:\/\/tourtravelandmore.com\/es\/#website"},"primaryImageOfPage":{"@id":"https:\/\/tourtravelandmore.com\/es\/tours\/italia-es\/venecia-es\/tour-privado-a-burano-y-murano-desde-venecia\/#primaryimage"},"image":{"@id":"https:\/\/tourtravelandmore.com\/es\/tours\/italia-es\/venecia-es\/tour-privado-a-burano-y-murano-desde-venecia\/#primaryimage"},"thumbnailUrl":"https:\/\/tourtravelandmore.com\/wp-content\/uploads\/2023\/04\/pexels-axp-photography-16411953-scaled.jpg","datePublished":"2023-04-13T16:39:44+00:00","dateModified":"2023-07-04T14:11:31+00:00","description":"Tour privado a Burano y Murano desde Venecia. Disfrute visitando, en su barco privado una de las regiones m\u00e1s bellas de Europa\u2705.","breadcrumb":{"@id":"https:\/\/tourtravelandmore.com\/es\/tours\/italia-es\/venecia-es\/tour-privado-a-burano-y-murano-desde-venecia\/#breadcrumb"},"inLanguage":"es","potentialAction":[{"@type":"ReadAction","target":["https:\/\/tourtravelandmore.com\/es\/tours\/italia-es\/venecia-es\/tour-privado-a-burano-y-murano-desde-venecia\/"]}]},{"@type":"ImageObject","inLanguage":"es","@id":"https:\/\/tourtravelandmore.com\/es\/tours\/italia-es\/venecia-es\/tour-privado-a-burano-y-murano-desde-venecia\/#primaryimage","url":"https:\/\/tourtravelandmore.com\/wp-content\/uploads\/2023\/04\/pexels-axp-photography-16411953-scaled.jpg","contentUrl":"https:\/\/tourtravelandmore.com\/wp-content\/uploads\/2023\/04\/pexels-axp-photography-16411953-scaled.jpg","width":2560,"height":1707},{"@type":"BreadcrumbList","@id":"https:\/\/tourtravelandmore.com\/es\/tours\/italia-es\/venecia-es\/tour-privado-a-burano-y-murano-desde-venecia\/#breadcrumb","itemListElement":[{"@type":"ListItem","position":1,"name":"Home","item":"https:\/\/tourtravelandmore.com\/es\/"},{"@type":"ListItem","position":2,"name":"Tours","item":"https:\/\/tourtravelandmore.com\/es\/tours\/"},{"@type":"ListItem","position":3,"name":"Tour privado a Burano y Murano desde Venecia"}]},{"@type":"WebSite","@id":"https:\/\/tourtravelandmore.com\/es\/#website","url":"https:\/\/tourtravelandmore.com\/es\/","name":"Tour Travel And More","description":"Private sightseeing tours and luxury transfers in Spain","publisher":{"@id":"https:\/\/tourtravelandmore.com\/es\/#organization"},"potentialAction":[{"@type":"SearchAction","target":{"@type":"EntryPoint","urlTemplate":"https:\/\/tourtravelandmore.com\/es\/?s={search_term_string}"},"query-input":{"@type":"PropertyValueSpecification","valueRequired":true,"valueName":"search_term_string"}}],"inLanguage":"es"},{"@type":"Organization","@id":"https:\/\/tourtravelandmore.com\/es\/#organization","name":"Tour Travel And More","url":"https:\/\/tourtravelandmore.com\/es\/","logo":{"@type":"ImageObject","inLanguage":"es","@id":"https:\/\/tourtravelandmore.com\/es\/#\/schema\/logo\/image\/","url":"https:\/\/tourtravelandmore.com\/wp-content\/uploads\/2022\/12\/cropped-logo-cabecera-new.png","contentUrl":"https:\/\/tourtravelandmore.com\/wp-content\/uploads\/2022\/12\/cropped-logo-cabecera-new.png","width":430,"height":61,"caption":"Tour Travel And More"},"image":{"@id":"https:\/\/tourtravelandmore.com\/es\/#\/schema\/logo\/image\/"},"sameAs":["https:\/\/www.facebook.com\/tourtravelandmore\/","https:\/\/x.com\/TourTravel_More"]}]}},"_links":{"self":[{"href":"https:\/\/tourtravelandmore.com\/es\/wp-json\/wp\/v2\/product\/161737","targetHints":{"allow":["GET"]}}],"collection":[{"href":"https:\/\/tourtravelandmore.com\/es\/wp-json\/wp\/v2\/product"}],"about":[{"href":"https:\/\/tourtravelandmore.com\/es\/wp-json\/wp\/v2\/types\/product"}],"replies":[{"embeddable":true,"href":"https:\/\/tourtravelandmore.com\/es\/wp-json\/wp\/v2\/comments?post=161737"}],"wp:featuredmedia":[{"embeddable":true,"href":"https:\/\/tourtravelandmore.com\/es\/wp-json\/wp\/v2\/media\/163240"}],"wp:attachment":[{"href":"https:\/\/tourtravelandmore.com\/es\/wp-json\/wp\/v2\/media?parent=161737"}],"wp:term":[{"taxonomy":"product_brand","embeddable":true,"href":"https:\/\/tourtravelandmore.com\/es\/wp-json\/wp\/v2\/product_brand?post=161737"},{"taxonomy":"product_cat","embeddable":true,"href":"https:\/\/tourtravelandmore.com\/es\/wp-json\/wp\/v2\/product_cat?post=161737"},{"taxonomy":"product_tag","embeddable":true,"href":"https:\/\/tourtravelandmore.com\/es\/wp-json\/wp\/v2\/product_tag?post=161737"}],"curies":[{"name":"wp","href":"https:\/\/api.w.org\/{rel}","templated":true}]}}