{"id":16152,"date":"2017-11-27T11:41:20","date_gmt":"2017-11-27T11:21:24","guid":{"rendered":"http:\/\/tourtravelandmore.com\/es\/?post_type=product&#038;p=16152"},"modified":"2025-05-26T10:42:33","modified_gmt":"2025-05-26T08:42:33","slug":"tapas-tour-sevilla-tour-privado-con-guia-oficial-2","status":"publish","type":"product","link":"https:\/\/tourtravelandmore.com\/es\/tours\/espana-es\/sevilla-es\/tapas-tour-sevilla-tour-privado-con-guia-oficial-2\/","title":{"rendered":"Tour privado de Tapas en Sevilla"},"content":{"rendered":"<h2>Descripci\u00f3n del Tour privado de Tapas en Sevilla<\/h2>\n<p class=\"p1\">Descubra el centro de Sevilla mientras disfruta de un <a href=\"https:\/\/tourtravelandmore.com\/es\/ciudad\/espana-es\/sevilla-es\/\">tour privado en Sevilla<\/a> de Tapas. No hay mejor forma de conocer la ciudad: este tour es completamente privado y en todo momento ir\u00e1 acompa\u00f1ado por nuestro <span class=\"s1\"><b>gu\u00eda oficial privado<\/b><\/span>.<\/p>\n<p class=\"p1\">El recorrido se centra en el <span class=\"s1\"><b>casco hist\u00f3rico<\/b><\/span> de la ciudad, aprovechando cada parada para adentrarse en la historia y el ambiente local mientras tapea. A lo largo de dos horas visitar\u00e1 tres bares t\u00edpicos del centro, seleccionados por su autenticidad y encanto.<\/p>\n<p class=\"p1\">Las <span class=\"s1\"><b>tapas<\/b><\/span> y <span class=\"s1\"><b>tres bebidas<\/b><\/span> est\u00e1n incluidas en el precio del tour, garantizando una experiencia completa y sin preocupaciones para que solo tenga que dejarse llevar por los sabores y rincones de Sevilla.<\/p>\n<h2>Puntos de inter\u00e9s en el Tour privado de Tapas en Sevilla<\/h2>\n<p>A lo largo del Tapas tour Sevilla podremos ver la Catedral de Sevilla, el Real Alc\u00e1zar, la <strong>Plaza de Santa Cruz la Juder\u00eda<\/strong>, Casa de Pilatos,\u00a0 y La plaza de El Salvador.<\/p>\n<p>Efectivamente, las plazas m\u00e1s destacadas de este barrio son la <strong>Plaza de la Encarnaci\u00f3n<\/strong>, la <strong>Plaza del Salvador<\/strong>, la plaza de San Francisco, la Plaza Nueva d\u00f3nde se encuentra la estatua de <strong>San Fernando<\/strong>, la <strong>Plaza de la Magdalena<\/strong>\u00a0y la Plaza del Triunfo.<\/p>\n<p>Y entre las calles comerciales m\u00e1s importantes tenemos la <strong>Calle Sierpes<\/strong>, la de <strong>Tetu\u00e1n O\u2019Donnell-Vel\u00e1zquez,<\/strong> la <strong>Calle Cuna,<\/strong> la <strong>Calle Francos<\/strong> (de Comercio antiguo y tradicional), la <strong>Calle San Eloy<\/strong> (de muchos restaurantes), y la <strong>Avenida<\/strong> de la <strong>Constituci\u00f3n<\/strong> (que es peatonal y comercial), y pasa junto al <strong>Archivo<\/strong> de <strong>Indias,<\/strong> a la <strong>Catedral<\/strong> y a la <strong>Giralda.<\/strong><\/p>\n<p>Adem\u00e1s, os recomendamos probar las siguientes Tapas:<\/p>\n<ul>\n<li><strong>Salmorejo y Gazpacho<\/strong><\/li>\n<li><strong>Espinacas con Gabarzo<\/strong><\/li>\n<li><strong>Pring\u00e1<\/strong><\/li>\n<li><strong>Carrillada<\/strong><\/li>\n<li><strong>Papas y tomates ali\u00f1ados<\/strong><\/li>\n<li><strong>Solomillo al whisky<\/strong><\/li>\n<li><strong>Rabo de toro<\/strong><\/li>\n<li><strong>Fritura de pescado o pesca\u00edto<\/strong><\/li>\n<li><strong>Mucho m\u00e1s!!<\/strong><\/li>\n<\/ul>\n<p>Puedes contactar con nosotros a trav\u00e9s del formulario de contacto y solicitar informaci\u00f3n, nuestro equipo r\u00e1pidamente contactar\u00e1 con vosotros para enviaros la informaci\u00f3n detallada por email.<\/p>\n","protected":false},"excerpt":{"rendered":"<p>Descubre la ciudad de Sevilla y su Gastronom\u00eda, gracias este Tapas tour Sevilla, con gu\u00eda oficial privado. Conoce la ciudad de Sevilla, miestras tapeas, que mejor forma de conocer una ciudad y su Gastronom\u00eda!!!<\/p>\n","protected":false},"featured_media":16143,"comment_status":"open","ping_status":"closed","template":"","meta":{"_acf_changed":false},"product_brand":[],"product_cat":[105,108],"product_tag":[],"class_list":{"0":"post-16152","1":"product","2":"type-product","3":"status-publish","4":"has-post-thumbnail","6":"product_cat-sevilla-es","7":"product_cat-sevilla-tours-privados-pie-es","9":"first","10":"instock","11":"shipping-taxable","12":"purchasable","13":"product-type-simple"},"acf":[],"yoast_head":"<!-- This site is optimized with the Yoast SEO Premium plugin v25.3.1 (Yoast SEO v25.3.1) - https:\/\/yoast.com\/wordpress\/plugins\/seo\/ -->\n<title>\u27a1\ufe0f Tour de Tapas por Sevilla | Tour Travel &amp; More<\/title>\n<meta name=\"description\" content=\"Descubre la ciudad de Sevilla y su Gastronom\u00eda, gracias este Tapas tour Sevilla, con gu\u00eda oficial privado. Conoce la ciudad de Sevilla, miestras tapeas! \u2705\" \/>\n<meta name=\"robots\" content=\"index, follow, max-snippet:-1, max-image-preview:large, max-video-preview:-1\" \/>\n<link rel=\"canonical\" href=\"https:\/\/tourtravelandmore.com\/es\/tours\/espana-es\/sevilla-es\/tapas-tour-sevilla-tour-privado-con-guia-oficial-2\/\" \/>\n<meta property=\"og:locale\" content=\"es_ES\" \/>\n<meta property=\"og:type\" content=\"article\" \/>\n<meta property=\"og:title\" content=\"Tour privado de Tapas en Sevilla\" \/>\n<meta property=\"og:description\" content=\"Descubre la ciudad de Sevilla y su Gastronom\u00eda, gracias este Tapas tour Sevilla, con gu\u00eda oficial privado. Conoce la ciudad de Sevilla, miestras tapeas! \u2705\" \/>\n<meta property=\"og:url\" content=\"https:\/\/tourtravelandmore.com\/es\/tours\/espana-es\/sevilla-es\/tapas-tour-sevilla-tour-privado-con-guia-oficial-2\/\" \/>\n<meta property=\"og:site_name\" content=\"Tour Travel And More\" \/>\n<meta property=\"article:publisher\" content=\"https:\/\/www.facebook.com\/tourtravelandmore\/\" \/>\n<meta property=\"article:modified_time\" content=\"2025-05-26T08:42:33+00:00\" \/>\n<meta property=\"og:image\" content=\"https:\/\/tourtravelandmore.com\/wp-content\/uploads\/2017\/11\/tapas-bar.jpg\" \/>\n\t<meta property=\"og:image:width\" content=\"1024\" \/>\n\t<meta property=\"og:image:height\" content=\"744\" \/>\n\t<meta property=\"og:image:type\" content=\"image\/jpeg\" \/>\n<meta name=\"twitter:card\" content=\"summary_large_image\" \/>\n<meta name=\"twitter:site\" content=\"@TourTravel_More\" \/>\n<meta name=\"twitter:label1\" content=\"Tiempo de lectura\" \/>\n\t<meta name=\"twitter:data1\" content=\"2 minutos\" \/>\n<script type=\"application\/ld+json\" class=\"yoast-schema-graph\">{\"@context\":\"https:\/\/schema.org\",\"@graph\":[{\"@type\":\"WebPage\",\"@id\":\"https:\/\/tourtravelandmore.com\/es\/tours\/espana-es\/sevilla-es\/tapas-tour-sevilla-tour-privado-con-guia-oficial-2\/\",\"url\":\"https:\/\/tourtravelandmore.com\/es\/tours\/espana-es\/sevilla-es\/tapas-tour-sevilla-tour-privado-con-guia-oficial-2\/\",\"name\":\"\u27a1\ufe0f Tour de Tapas por Sevilla | Tour Travel & More\",\"isPartOf\":{\"@id\":\"https:\/\/tourtravelandmore.com\/es\/#website\"},\"primaryImageOfPage\":{\"@id\":\"https:\/\/tourtravelandmore.com\/es\/tours\/espana-es\/sevilla-es\/tapas-tour-sevilla-tour-privado-con-guia-oficial-2\/#primaryimage\"},\"image\":{\"@id\":\"https:\/\/tourtravelandmore.com\/es\/tours\/espana-es\/sevilla-es\/tapas-tour-sevilla-tour-privado-con-guia-oficial-2\/#primaryimage\"},\"thumbnailUrl\":\"https:\/\/tourtravelandmore.com\/wp-content\/uploads\/2017\/11\/tapas-bar.jpg\",\"datePublished\":\"2017-11-27T11:21:24+00:00\",\"dateModified\":\"2025-05-26T08:42:33+00:00\",\"description\":\"Descubre la ciudad de Sevilla y su Gastronom\u00eda, gracias este Tapas tour Sevilla, con gu\u00eda oficial privado. Conoce la ciudad de Sevilla, miestras tapeas! \u2705\",\"breadcrumb\":{\"@id\":\"https:\/\/tourtravelandmore.com\/es\/tours\/espana-es\/sevilla-es\/tapas-tour-sevilla-tour-privado-con-guia-oficial-2\/#breadcrumb\"},\"inLanguage\":\"es\",\"potentialAction\":[{\"@type\":\"ReadAction\",\"target\":[\"https:\/\/tourtravelandmore.com\/es\/tours\/espana-es\/sevilla-es\/tapas-tour-sevilla-tour-privado-con-guia-oficial-2\/\"]}]},{\"@type\":\"ImageObject\",\"inLanguage\":\"es\",\"@id\":\"https:\/\/tourtravelandmore.com\/es\/tours\/espana-es\/sevilla-es\/tapas-tour-sevilla-tour-privado-con-guia-oficial-2\/#primaryimage\",\"url\":\"https:\/\/tourtravelandmore.com\/wp-content\/uploads\/2017\/11\/tapas-bar.jpg\",\"contentUrl\":\"https:\/\/tourtravelandmore.com\/wp-content\/uploads\/2017\/11\/tapas-bar.jpg\",\"width\":1024,\"height\":744},{\"@type\":\"BreadcrumbList\",\"@id\":\"https:\/\/tourtravelandmore.com\/es\/tours\/espana-es\/sevilla-es\/tapas-tour-sevilla-tour-privado-con-guia-oficial-2\/#breadcrumb\",\"itemListElement\":[{\"@type\":\"ListItem\",\"position\":1,\"name\":\"Home\",\"item\":\"https:\/\/tourtravelandmore.com\/es\/\"},{\"@type\":\"ListItem\",\"position\":2,\"name\":\"Tours\",\"item\":\"https:\/\/tourtravelandmore.com\/es\/tours\/\"},{\"@type\":\"ListItem\",\"position\":3,\"name\":\"Tour privado de Tapas en Sevilla\"}]},{\"@type\":\"WebSite\",\"@id\":\"https:\/\/tourtravelandmore.com\/es\/#website\",\"url\":\"https:\/\/tourtravelandmore.com\/es\/\",\"name\":\"Tour Travel And More\",\"description\":\"Private sightseeing tours and luxury transfers in Spain\",\"publisher\":{\"@id\":\"https:\/\/tourtravelandmore.com\/es\/#organization\"},\"potentialAction\":[{\"@type\":\"SearchAction\",\"target\":{\"@type\":\"EntryPoint\",\"urlTemplate\":\"https:\/\/tourtravelandmore.com\/es\/?s={search_term_string}\"},\"query-input\":{\"@type\":\"PropertyValueSpecification\",\"valueRequired\":true,\"valueName\":\"search_term_string\"}}],\"inLanguage\":\"es\"},{\"@type\":\"Organization\",\"@id\":\"https:\/\/tourtravelandmore.com\/es\/#organization\",\"name\":\"Tour Travel And More\",\"url\":\"https:\/\/tourtravelandmore.com\/es\/\",\"logo\":{\"@type\":\"ImageObject\",\"inLanguage\":\"es\",\"@id\":\"https:\/\/tourtravelandmore.com\/es\/#\/schema\/logo\/image\/\",\"url\":\"https:\/\/tourtravelandmore.com\/wp-content\/uploads\/2022\/12\/cropped-logo-cabecera-new.png\",\"contentUrl\":\"https:\/\/tourtravelandmore.com\/wp-content\/uploads\/2022\/12\/cropped-logo-cabecera-new.png\",\"width\":430,\"height\":61,\"caption\":\"Tour Travel And More\"},\"image\":{\"@id\":\"https:\/\/tourtravelandmore.com\/es\/#\/schema\/logo\/image\/\"},\"sameAs\":[\"https:\/\/www.facebook.com\/tourtravelandmore\/\",\"https:\/\/x.com\/TourTravel_More\"]}]}<\/script>\n<!-- \/ Yoast SEO Premium plugin. -->","yoast_head_json":{"title":"\u27a1\ufe0f Tour de Tapas por Sevilla | Tour Travel & More","description":"Descubre la ciudad de Sevilla y su Gastronom\u00eda, gracias este Tapas tour Sevilla, con gu\u00eda oficial privado. Conoce la ciudad de Sevilla, miestras tapeas! \u2705","robots":{"index":"index","follow":"follow","max-snippet":"max-snippet:-1","max-image-preview":"max-image-preview:large","max-video-preview":"max-video-preview:-1"},"canonical":"https:\/\/tourtravelandmore.com\/es\/tours\/espana-es\/sevilla-es\/tapas-tour-sevilla-tour-privado-con-guia-oficial-2\/","og_locale":"es_ES","og_type":"article","og_title":"Tour privado de Tapas en Sevilla","og_description":"Descubre la ciudad de Sevilla y su Gastronom\u00eda, gracias este Tapas tour Sevilla, con gu\u00eda oficial privado. Conoce la ciudad de Sevilla, miestras tapeas! \u2705","og_url":"https:\/\/tourtravelandmore.com\/es\/tours\/espana-es\/sevilla-es\/tapas-tour-sevilla-tour-privado-con-guia-oficial-2\/","og_site_name":"Tour Travel And More","article_publisher":"https:\/\/www.facebook.com\/tourtravelandmore\/","article_modified_time":"2025-05-26T08:42:33+00:00","og_image":[{"width":1024,"height":744,"url":"https:\/\/tourtravelandmore.com\/wp-content\/uploads\/2017\/11\/tapas-bar.jpg","type":"image\/jpeg"}],"twitter_card":"summary_large_image","twitter_site":"@TourTravel_More","twitter_misc":{"Tiempo de lectura":"2 minutos"},"schema":{"@context":"https:\/\/schema.org","@graph":[{"@type":"WebPage","@id":"https:\/\/tourtravelandmore.com\/es\/tours\/espana-es\/sevilla-es\/tapas-tour-sevilla-tour-privado-con-guia-oficial-2\/","url":"https:\/\/tourtravelandmore.com\/es\/tours\/espana-es\/sevilla-es\/tapas-tour-sevilla-tour-privado-con-guia-oficial-2\/","name":"\u27a1\ufe0f Tour de Tapas por Sevilla | Tour Travel & More","isPartOf":{"@id":"https:\/\/tourtravelandmore.com\/es\/#website"},"primaryImageOfPage":{"@id":"https:\/\/tourtravelandmore.com\/es\/tours\/espana-es\/sevilla-es\/tapas-tour-sevilla-tour-privado-con-guia-oficial-2\/#primaryimage"},"image":{"@id":"https:\/\/tourtravelandmore.com\/es\/tours\/espana-es\/sevilla-es\/tapas-tour-sevilla-tour-privado-con-guia-oficial-2\/#primaryimage"},"thumbnailUrl":"https:\/\/tourtravelandmore.com\/wp-content\/uploads\/2017\/11\/tapas-bar.jpg","datePublished":"2017-11-27T11:21:24+00:00","dateModified":"2025-05-26T08:42:33+00:00","description":"Descubre la ciudad de Sevilla y su Gastronom\u00eda, gracias este Tapas tour Sevilla, con gu\u00eda oficial privado. Conoce la ciudad de Sevilla, miestras tapeas! \u2705","breadcrumb":{"@id":"https:\/\/tourtravelandmore.com\/es\/tours\/espana-es\/sevilla-es\/tapas-tour-sevilla-tour-privado-con-guia-oficial-2\/#breadcrumb"},"inLanguage":"es","potentialAction":[{"@type":"ReadAction","target":["https:\/\/tourtravelandmore.com\/es\/tours\/espana-es\/sevilla-es\/tapas-tour-sevilla-tour-privado-con-guia-oficial-2\/"]}]},{"@type":"ImageObject","inLanguage":"es","@id":"https:\/\/tourtravelandmore.com\/es\/tours\/espana-es\/sevilla-es\/tapas-tour-sevilla-tour-privado-con-guia-oficial-2\/#primaryimage","url":"https:\/\/tourtravelandmore.com\/wp-content\/uploads\/2017\/11\/tapas-bar.jpg","contentUrl":"https:\/\/tourtravelandmore.com\/wp-content\/uploads\/2017\/11\/tapas-bar.jpg","width":1024,"height":744},{"@type":"BreadcrumbList","@id":"https:\/\/tourtravelandmore.com\/es\/tours\/espana-es\/sevilla-es\/tapas-tour-sevilla-tour-privado-con-guia-oficial-2\/#breadcrumb","itemListElement":[{"@type":"ListItem","position":1,"name":"Home","item":"https:\/\/tourtravelandmore.com\/es\/"},{"@type":"ListItem","position":2,"name":"Tours","item":"https:\/\/tourtravelandmore.com\/es\/tours\/"},{"@type":"ListItem","position":3,"name":"Tour privado de Tapas en Sevilla"}]},{"@type":"WebSite","@id":"https:\/\/tourtravelandmore.com\/es\/#website","url":"https:\/\/tourtravelandmore.com\/es\/","name":"Tour Travel And More","description":"Private sightseeing tours and luxury transfers in Spain","publisher":{"@id":"https:\/\/tourtravelandmore.com\/es\/#organization"},"potentialAction":[{"@type":"SearchAction","target":{"@type":"EntryPoint","urlTemplate":"https:\/\/tourtravelandmore.com\/es\/?s={search_term_string}"},"query-input":{"@type":"PropertyValueSpecification","valueRequired":true,"valueName":"search_term_string"}}],"inLanguage":"es"},{"@type":"Organization","@id":"https:\/\/tourtravelandmore.com\/es\/#organization","name":"Tour Travel And More","url":"https:\/\/tourtravelandmore.com\/es\/","logo":{"@type":"ImageObject","inLanguage":"es","@id":"https:\/\/tourtravelandmore.com\/es\/#\/schema\/logo\/image\/","url":"https:\/\/tourtravelandmore.com\/wp-content\/uploads\/2022\/12\/cropped-logo-cabecera-new.png","contentUrl":"https:\/\/tourtravelandmore.com\/wp-content\/uploads\/2022\/12\/cropped-logo-cabecera-new.png","width":430,"height":61,"caption":"Tour Travel And More"},"image":{"@id":"https:\/\/tourtravelandmore.com\/es\/#\/schema\/logo\/image\/"},"sameAs":["https:\/\/www.facebook.com\/tourtravelandmore\/","https:\/\/x.com\/TourTravel_More"]}]}},"_links":{"self":[{"href":"https:\/\/tourtravelandmore.com\/es\/wp-json\/wp\/v2\/product\/16152","targetHints":{"allow":["GET"]}}],"collection":[{"href":"https:\/\/tourtravelandmore.com\/es\/wp-json\/wp\/v2\/product"}],"about":[{"href":"https:\/\/tourtravelandmore.com\/es\/wp-json\/wp\/v2\/types\/product"}],"replies":[{"embeddable":true,"href":"https:\/\/tourtravelandmore.com\/es\/wp-json\/wp\/v2\/comments?post=16152"}],"wp:featuredmedia":[{"embeddable":true,"href":"https:\/\/tourtravelandmore.com\/es\/wp-json\/wp\/v2\/media\/16143"}],"wp:attachment":[{"href":"https:\/\/tourtravelandmore.com\/es\/wp-json\/wp\/v2\/media?parent=16152"}],"wp:term":[{"taxonomy":"product_brand","embeddable":true,"href":"https:\/\/tourtravelandmore.com\/es\/wp-json\/wp\/v2\/product_brand?post=16152"},{"taxonomy":"product_cat","embeddable":true,"href":"https:\/\/tourtravelandmore.com\/es\/wp-json\/wp\/v2\/product_cat?post=16152"},{"taxonomy":"product_tag","embeddable":true,"href":"https:\/\/tourtravelandmore.com\/es\/wp-json\/wp\/v2\/product_tag?post=16152"}],"curies":[{"name":"wp","href":"https:\/\/api.w.org\/{rel}","templated":true}]}}