{"id":161184,"date":"2023-04-10T20:16:14","date_gmt":"2023-04-10T18:16:18","guid":{"rendered":"https:\/\/tourtravelandmore.com\/?post_type=product&#038;p=161184"},"modified":"2023-08-18T17:21:35","modified_gmt":"2023-08-18T15:21:35","slug":"tour-privado-de-venecia-a-la-colina-de-prosecco","status":"publish","type":"product","link":"https:\/\/tourtravelandmore.com\/es\/tours\/italia-es\/venecia-es\/tour-privado-de-venecia-a-la-colina-de-prosecco\/","title":{"rendered":"Tour Privado de Venecia a la Colina de Prosecco"},"content":{"rendered":"<h2><strong>Descripci\u00f3n\u00a0<\/strong><\/h2>\n<p>Durante esta <strong>excursi\u00f3n privada<\/strong> de <strong>Venecia<\/strong> a la <strong>Colina<\/strong> de <strong>Prosecco,<\/strong> descubrir\u00e1 el encantador paisaje de la famosa regi\u00f3n italiana del vino espumoso. Su conductor privado, en un veh\u00edculo de lujo, le recoger\u00e1 en su hotel de <strong>Venecia<\/strong> o en <strong>Piazzale Roma,<\/strong> y le llevar\u00e1 de viaje por las onduladas colinas y los pintorescos vi\u00f1edos de la regi\u00f3n de <strong>Prosecco.<\/strong><\/p>\n<p>Venecia es la capital de la regi\u00f3n septentrional del <strong>V\u00e9neto.<\/strong> Compuesta por m\u00e1s de <strong>100 islotes,<\/strong> la ciudad est\u00e1 situada en una laguna del <strong>mar Adri\u00e1tico.<\/strong> Es una de las ciudades m\u00e1s visitadas de Italia.<\/p>\n<p>La duraci\u00f3n exacta del tour es totalmente flexible. A continuaci\u00f3n se muestra nuestro tour privado a la <strong>Colina<\/strong> de <strong>Prosecco<\/strong> durante 4 horas, pero podemos organizar la duraci\u00f3n del tour exactamente como usted desee.<\/p>\n<h2>Tour Privado de Venecia a la Colina de Prosecco | Puntos de Inter\u00e9s y Lugares de Inter\u00e9s<\/h2>\n<p>Su conductor privado le llevar\u00e1 al coraz\u00f3n de la regi\u00f3n de <strong>Prosecco,<\/strong> donde visitar\u00e1 la encantadora ciudad de <strong>Conegliano.<\/strong> Esta ciudad es considerada la cuna de <strong>Prosecco,<\/strong> y es conocida por su hist\u00f3rico castillo y las impresionantes vistas de los vi\u00f1edos de los alrededores.<\/p>\n<p>Desde all\u00ed, viajar\u00e1 a <strong>Valdobbiadene,<\/strong> otra pintoresca ciudad de la regi\u00f3n de <strong>Prosecco.<\/strong> Aqu\u00ed tendr\u00e1 la oportunidad de degustar algunos de los mejores vinos <strong>Prosecco<\/strong> del mundo y conocer la historia y la producci\u00f3n de esta emblem\u00e1tica bebida italiana.<\/p>\n<p>Durante el recorrido, tambi\u00e9n visitar\u00e1 una de las muchas <strong>bodegas locales<\/strong> de la <strong>zona,<\/strong> donde podr\u00e1 <strong>presenciar<\/strong> el <strong>proceso<\/strong> de elaboraci\u00f3n del <strong>vino<\/strong> y experimentar la cultura \u00fanica de la regi\u00f3n de <strong>Prosecco.<\/strong><\/p>\n<p>Por \u00faltimo, su ch\u00f3fer privado le llevar\u00e1 de vuelta a <strong>Venecia.<\/strong> Si est\u00e1 interesado, tambi\u00e9n podemos proporcionarle un gu\u00eda tur\u00edstico privado para todo el recorrido. Este tour privado tiene una duraci\u00f3n de 4 horas desde el momento de la recogida hasta el momento de la devoluci\u00f3n en <strong>Venecia.<\/strong><\/p>\n<p>Experimente la <strong>belleza<\/strong> y el sabor de la <strong>Colina<\/strong> de <strong>Prosecco<\/strong> en este inolvidable tour <strong>privado<\/strong> desde <strong>Venecia.<\/strong><\/p>\n<p><strong>Otra opci\u00f3n de un tour de d\u00eda completo desde Venecia es <a href=\"https:\/\/tourtravelandmore.com\/es\/tours\/italia-es\/venecia-es\/tour-privado-de-venecia-a-verona-y-lago-de-garda-sirmione\/\">nuestro tour privado a Verona y Valpolicella<\/a>, \u00a1\u00e9chale un vistazo!.<\/strong><\/p>\n","protected":false},"excerpt":{"rendered":"<p>Durante esta <strong>excursi\u00f3n privada<\/strong> de <strong>Venecia<\/strong> a la <strong>Colina<\/strong> de <strong>Prosecco,<\/strong> descubrir\u00e1 el encantador paisaje de la famosa regi\u00f3n italiana del vino espumoso. Su conductor privado, en un veh\u00edculo de lujo, le recoger\u00e1 en su hotel de <strong>Venecia<\/strong> o en <strong>Piazzale Roma,<\/strong> y le llevar\u00e1 de viaje por las onduladas colinas y los pintorescos vi\u00f1edos de la regi\u00f3n de <strong>Prosecco.<\/strong><\/p>\n","protected":false},"featured_media":161213,"comment_status":"open","ping_status":"closed","template":"","meta":{"_acf_changed":false},"product_brand":[],"product_cat":[701,707,719,713],"product_tag":[],"class_list":{"0":"post-161184","1":"product","2":"type-product","3":"status-publish","4":"has-post-thumbnail","6":"product_cat-venecia-es","7":"product_cat-venecia-actividades-es","8":"product_cat-venecia-rutas-turisticas-privadas-es","9":"product_cat-venecia-excursiones-es","11":"first","12":"instock","13":"shipping-taxable","14":"purchasable","15":"product-type-simple"},"acf":[],"yoast_head":"<!-- This site is optimized with the Yoast SEO Premium plugin v25.3.1 (Yoast SEO v25.3.1) - https:\/\/yoast.com\/wordpress\/plugins\/seo\/ -->\n<title>Tour Privado de Venecia a la Colina de Prosecco | TourTravel&amp;More<\/title>\n<meta name=\"description\" content=\"Tour Privado de Venecia a la Colina de Prosecco. Disfrute visitando, en su veh\u00edculo privado de lujo, una de las regiones m\u00e1s bellas de Europa\u2705.\" \/>\n<meta name=\"robots\" content=\"index, follow, max-snippet:-1, max-image-preview:large, max-video-preview:-1\" \/>\n<link rel=\"canonical\" href=\"https:\/\/tourtravelandmore.com\/es\/tours\/italia-es\/venecia-es\/tour-privado-de-venecia-a-la-colina-de-prosecco\/\" \/>\n<meta property=\"og:locale\" content=\"es_ES\" \/>\n<meta property=\"og:type\" content=\"article\" \/>\n<meta property=\"og:title\" content=\"Tour Privado de Venecia a la Colina de Prosecco\" \/>\n<meta property=\"og:description\" content=\"Tour Privado de Venecia a la Colina de Prosecco. Disfrute visitando, en su veh\u00edculo privado de lujo, una de las regiones m\u00e1s bellas de Europa\u2705.\" \/>\n<meta property=\"og:url\" content=\"https:\/\/tourtravelandmore.com\/es\/tours\/italia-es\/venecia-es\/tour-privado-de-venecia-a-la-colina-de-prosecco\/\" \/>\n<meta property=\"og:site_name\" content=\"Tour Travel And More\" \/>\n<meta property=\"article:publisher\" content=\"https:\/\/www.facebook.com\/tourtravelandmore\/\" \/>\n<meta property=\"article:modified_time\" content=\"2023-08-18T15:21:35+00:00\" \/>\n<meta property=\"og:image\" content=\"https:\/\/tourtravelandmore.com\/wp-content\/uploads\/2023\/04\/veneto-g0c1a685d7_1280.jpg\" \/>\n\t<meta property=\"og:image:width\" content=\"1280\" \/>\n\t<meta property=\"og:image:height\" content=\"853\" \/>\n\t<meta property=\"og:image:type\" content=\"image\/jpeg\" \/>\n<meta name=\"twitter:card\" content=\"summary_large_image\" \/>\n<meta name=\"twitter:site\" content=\"@TourTravel_More\" \/>\n<meta name=\"twitter:label1\" content=\"Tiempo de lectura\" \/>\n\t<meta name=\"twitter:data1\" content=\"2 minutos\" \/>\n<script type=\"application\/ld+json\" class=\"yoast-schema-graph\">{\"@context\":\"https:\/\/schema.org\",\"@graph\":[{\"@type\":\"WebPage\",\"@id\":\"https:\/\/tourtravelandmore.com\/es\/tours\/italia-es\/venecia-es\/tour-privado-de-venecia-a-la-colina-de-prosecco\/\",\"url\":\"https:\/\/tourtravelandmore.com\/es\/tours\/italia-es\/venecia-es\/tour-privado-de-venecia-a-la-colina-de-prosecco\/\",\"name\":\"Tour Privado de Venecia a la Colina de Prosecco | TourTravel&More\",\"isPartOf\":{\"@id\":\"https:\/\/tourtravelandmore.com\/es\/#website\"},\"primaryImageOfPage\":{\"@id\":\"https:\/\/tourtravelandmore.com\/es\/tours\/italia-es\/venecia-es\/tour-privado-de-venecia-a-la-colina-de-prosecco\/#primaryimage\"},\"image\":{\"@id\":\"https:\/\/tourtravelandmore.com\/es\/tours\/italia-es\/venecia-es\/tour-privado-de-venecia-a-la-colina-de-prosecco\/#primaryimage\"},\"thumbnailUrl\":\"https:\/\/tourtravelandmore.com\/wp-content\/uploads\/2023\/04\/veneto-g0c1a685d7_1280.jpg\",\"datePublished\":\"2023-04-10T18:16:18+00:00\",\"dateModified\":\"2023-08-18T15:21:35+00:00\",\"description\":\"Tour Privado de Venecia a la Colina de Prosecco. Disfrute visitando, en su veh\u00edculo privado de lujo, una de las regiones m\u00e1s bellas de Europa\u2705.\",\"breadcrumb\":{\"@id\":\"https:\/\/tourtravelandmore.com\/es\/tours\/italia-es\/venecia-es\/tour-privado-de-venecia-a-la-colina-de-prosecco\/#breadcrumb\"},\"inLanguage\":\"es\",\"potentialAction\":[{\"@type\":\"ReadAction\",\"target\":[\"https:\/\/tourtravelandmore.com\/es\/tours\/italia-es\/venecia-es\/tour-privado-de-venecia-a-la-colina-de-prosecco\/\"]}]},{\"@type\":\"ImageObject\",\"inLanguage\":\"es\",\"@id\":\"https:\/\/tourtravelandmore.com\/es\/tours\/italia-es\/venecia-es\/tour-privado-de-venecia-a-la-colina-de-prosecco\/#primaryimage\",\"url\":\"https:\/\/tourtravelandmore.com\/wp-content\/uploads\/2023\/04\/veneto-g0c1a685d7_1280.jpg\",\"contentUrl\":\"https:\/\/tourtravelandmore.com\/wp-content\/uploads\/2023\/04\/veneto-g0c1a685d7_1280.jpg\",\"width\":1280,\"height\":853},{\"@type\":\"BreadcrumbList\",\"@id\":\"https:\/\/tourtravelandmore.com\/es\/tours\/italia-es\/venecia-es\/tour-privado-de-venecia-a-la-colina-de-prosecco\/#breadcrumb\",\"itemListElement\":[{\"@type\":\"ListItem\",\"position\":1,\"name\":\"Home\",\"item\":\"https:\/\/tourtravelandmore.com\/es\/\"},{\"@type\":\"ListItem\",\"position\":2,\"name\":\"Tours\",\"item\":\"https:\/\/tourtravelandmore.com\/es\/tours\/\"},{\"@type\":\"ListItem\",\"position\":3,\"name\":\"Tour Privado de Venecia a la Colina de Prosecco\"}]},{\"@type\":\"WebSite\",\"@id\":\"https:\/\/tourtravelandmore.com\/es\/#website\",\"url\":\"https:\/\/tourtravelandmore.com\/es\/\",\"name\":\"Tour Travel And More\",\"description\":\"Private sightseeing tours and luxury transfers in Spain\",\"publisher\":{\"@id\":\"https:\/\/tourtravelandmore.com\/es\/#organization\"},\"potentialAction\":[{\"@type\":\"SearchAction\",\"target\":{\"@type\":\"EntryPoint\",\"urlTemplate\":\"https:\/\/tourtravelandmore.com\/es\/?s={search_term_string}\"},\"query-input\":{\"@type\":\"PropertyValueSpecification\",\"valueRequired\":true,\"valueName\":\"search_term_string\"}}],\"inLanguage\":\"es\"},{\"@type\":\"Organization\",\"@id\":\"https:\/\/tourtravelandmore.com\/es\/#organization\",\"name\":\"Tour Travel And More\",\"url\":\"https:\/\/tourtravelandmore.com\/es\/\",\"logo\":{\"@type\":\"ImageObject\",\"inLanguage\":\"es\",\"@id\":\"https:\/\/tourtravelandmore.com\/es\/#\/schema\/logo\/image\/\",\"url\":\"https:\/\/tourtravelandmore.com\/wp-content\/uploads\/2022\/12\/cropped-logo-cabecera-new.png\",\"contentUrl\":\"https:\/\/tourtravelandmore.com\/wp-content\/uploads\/2022\/12\/cropped-logo-cabecera-new.png\",\"width\":430,\"height\":61,\"caption\":\"Tour Travel And More\"},\"image\":{\"@id\":\"https:\/\/tourtravelandmore.com\/es\/#\/schema\/logo\/image\/\"},\"sameAs\":[\"https:\/\/www.facebook.com\/tourtravelandmore\/\",\"https:\/\/x.com\/TourTravel_More\"]}]}<\/script>\n<!-- \/ Yoast SEO Premium plugin. -->","yoast_head_json":{"title":"Tour Privado de Venecia a la Colina de Prosecco | TourTravel&More","description":"Tour Privado de Venecia a la Colina de Prosecco. Disfrute visitando, en su veh\u00edculo privado de lujo, una de las regiones m\u00e1s bellas de Europa\u2705.","robots":{"index":"index","follow":"follow","max-snippet":"max-snippet:-1","max-image-preview":"max-image-preview:large","max-video-preview":"max-video-preview:-1"},"canonical":"https:\/\/tourtravelandmore.com\/es\/tours\/italia-es\/venecia-es\/tour-privado-de-venecia-a-la-colina-de-prosecco\/","og_locale":"es_ES","og_type":"article","og_title":"Tour Privado de Venecia a la Colina de Prosecco","og_description":"Tour Privado de Venecia a la Colina de Prosecco. Disfrute visitando, en su veh\u00edculo privado de lujo, una de las regiones m\u00e1s bellas de Europa\u2705.","og_url":"https:\/\/tourtravelandmore.com\/es\/tours\/italia-es\/venecia-es\/tour-privado-de-venecia-a-la-colina-de-prosecco\/","og_site_name":"Tour Travel And More","article_publisher":"https:\/\/www.facebook.com\/tourtravelandmore\/","article_modified_time":"2023-08-18T15:21:35+00:00","og_image":[{"width":1280,"height":853,"url":"https:\/\/tourtravelandmore.com\/wp-content\/uploads\/2023\/04\/veneto-g0c1a685d7_1280.jpg","type":"image\/jpeg"}],"twitter_card":"summary_large_image","twitter_site":"@TourTravel_More","twitter_misc":{"Tiempo de lectura":"2 minutos"},"schema":{"@context":"https:\/\/schema.org","@graph":[{"@type":"WebPage","@id":"https:\/\/tourtravelandmore.com\/es\/tours\/italia-es\/venecia-es\/tour-privado-de-venecia-a-la-colina-de-prosecco\/","url":"https:\/\/tourtravelandmore.com\/es\/tours\/italia-es\/venecia-es\/tour-privado-de-venecia-a-la-colina-de-prosecco\/","name":"Tour Privado de Venecia a la Colina de Prosecco | TourTravel&More","isPartOf":{"@id":"https:\/\/tourtravelandmore.com\/es\/#website"},"primaryImageOfPage":{"@id":"https:\/\/tourtravelandmore.com\/es\/tours\/italia-es\/venecia-es\/tour-privado-de-venecia-a-la-colina-de-prosecco\/#primaryimage"},"image":{"@id":"https:\/\/tourtravelandmore.com\/es\/tours\/italia-es\/venecia-es\/tour-privado-de-venecia-a-la-colina-de-prosecco\/#primaryimage"},"thumbnailUrl":"https:\/\/tourtravelandmore.com\/wp-content\/uploads\/2023\/04\/veneto-g0c1a685d7_1280.jpg","datePublished":"2023-04-10T18:16:18+00:00","dateModified":"2023-08-18T15:21:35+00:00","description":"Tour Privado de Venecia a la Colina de Prosecco. Disfrute visitando, en su veh\u00edculo privado de lujo, una de las regiones m\u00e1s bellas de Europa\u2705.","breadcrumb":{"@id":"https:\/\/tourtravelandmore.com\/es\/tours\/italia-es\/venecia-es\/tour-privado-de-venecia-a-la-colina-de-prosecco\/#breadcrumb"},"inLanguage":"es","potentialAction":[{"@type":"ReadAction","target":["https:\/\/tourtravelandmore.com\/es\/tours\/italia-es\/venecia-es\/tour-privado-de-venecia-a-la-colina-de-prosecco\/"]}]},{"@type":"ImageObject","inLanguage":"es","@id":"https:\/\/tourtravelandmore.com\/es\/tours\/italia-es\/venecia-es\/tour-privado-de-venecia-a-la-colina-de-prosecco\/#primaryimage","url":"https:\/\/tourtravelandmore.com\/wp-content\/uploads\/2023\/04\/veneto-g0c1a685d7_1280.jpg","contentUrl":"https:\/\/tourtravelandmore.com\/wp-content\/uploads\/2023\/04\/veneto-g0c1a685d7_1280.jpg","width":1280,"height":853},{"@type":"BreadcrumbList","@id":"https:\/\/tourtravelandmore.com\/es\/tours\/italia-es\/venecia-es\/tour-privado-de-venecia-a-la-colina-de-prosecco\/#breadcrumb","itemListElement":[{"@type":"ListItem","position":1,"name":"Home","item":"https:\/\/tourtravelandmore.com\/es\/"},{"@type":"ListItem","position":2,"name":"Tours","item":"https:\/\/tourtravelandmore.com\/es\/tours\/"},{"@type":"ListItem","position":3,"name":"Tour Privado de Venecia a la Colina de Prosecco"}]},{"@type":"WebSite","@id":"https:\/\/tourtravelandmore.com\/es\/#website","url":"https:\/\/tourtravelandmore.com\/es\/","name":"Tour Travel And More","description":"Private sightseeing tours and luxury transfers in Spain","publisher":{"@id":"https:\/\/tourtravelandmore.com\/es\/#organization"},"potentialAction":[{"@type":"SearchAction","target":{"@type":"EntryPoint","urlTemplate":"https:\/\/tourtravelandmore.com\/es\/?s={search_term_string}"},"query-input":{"@type":"PropertyValueSpecification","valueRequired":true,"valueName":"search_term_string"}}],"inLanguage":"es"},{"@type":"Organization","@id":"https:\/\/tourtravelandmore.com\/es\/#organization","name":"Tour Travel And More","url":"https:\/\/tourtravelandmore.com\/es\/","logo":{"@type":"ImageObject","inLanguage":"es","@id":"https:\/\/tourtravelandmore.com\/es\/#\/schema\/logo\/image\/","url":"https:\/\/tourtravelandmore.com\/wp-content\/uploads\/2022\/12\/cropped-logo-cabecera-new.png","contentUrl":"https:\/\/tourtravelandmore.com\/wp-content\/uploads\/2022\/12\/cropped-logo-cabecera-new.png","width":430,"height":61,"caption":"Tour Travel And More"},"image":{"@id":"https:\/\/tourtravelandmore.com\/es\/#\/schema\/logo\/image\/"},"sameAs":["https:\/\/www.facebook.com\/tourtravelandmore\/","https:\/\/x.com\/TourTravel_More"]}]}},"_links":{"self":[{"href":"https:\/\/tourtravelandmore.com\/es\/wp-json\/wp\/v2\/product\/161184","targetHints":{"allow":["GET"]}}],"collection":[{"href":"https:\/\/tourtravelandmore.com\/es\/wp-json\/wp\/v2\/product"}],"about":[{"href":"https:\/\/tourtravelandmore.com\/es\/wp-json\/wp\/v2\/types\/product"}],"replies":[{"embeddable":true,"href":"https:\/\/tourtravelandmore.com\/es\/wp-json\/wp\/v2\/comments?post=161184"}],"wp:featuredmedia":[{"embeddable":true,"href":"https:\/\/tourtravelandmore.com\/es\/wp-json\/wp\/v2\/media\/161213"}],"wp:attachment":[{"href":"https:\/\/tourtravelandmore.com\/es\/wp-json\/wp\/v2\/media?parent=161184"}],"wp:term":[{"taxonomy":"product_brand","embeddable":true,"href":"https:\/\/tourtravelandmore.com\/es\/wp-json\/wp\/v2\/product_brand?post=161184"},{"taxonomy":"product_cat","embeddable":true,"href":"https:\/\/tourtravelandmore.com\/es\/wp-json\/wp\/v2\/product_cat?post=161184"},{"taxonomy":"product_tag","embeddable":true,"href":"https:\/\/tourtravelandmore.com\/es\/wp-json\/wp\/v2\/product_tag?post=161184"}],"curies":[{"name":"wp","href":"https:\/\/api.w.org\/{rel}","templated":true}]}}