{"id":16108,"date":"2017-11-24T11:55:12","date_gmt":"2017-11-24T13:08:20","guid":{"rendered":"http:\/\/tourtravelandmore.com\/es\/?post_type=product&#038;p=16108"},"modified":"2025-05-26T10:49:06","modified_gmt":"2025-05-26T08:49:06","slug":"sevilla-tour-tour-con-guia-oficial-para-recorrer-el-centro-y-tapear","status":"publish","type":"product","link":"https:\/\/tourtravelandmore.com\/es\/tours\/espana-es\/sevilla-es\/sevilla-tour-tour-con-guia-oficial-para-recorrer-el-centro-y-tapear\/","title":{"rendered":"Tour privado a pie en Sevilla + Tapeo"},"content":{"rendered":"<h2>Tour Privado a Pie por Sevilla + Tour de Tapas<\/h2>\n<p class=\"p1\">Disfrute de un <a href=\"https:\/\/tourtravelandmore.com\/es\/ciudad\/espana-es\/sevilla-es\/\">tour privado en Sevilla<\/a> de <span class=\"s1\"><b>4 horas<\/b><\/span> con su <span class=\"s1\"><b>gu\u00eda oficial privado<\/b><\/span>, recorriendo a pie los rincones m\u00e1s emblem\u00e1ticos de la ciudad mientras degusta lo mejor de la gastronom\u00eda local.<\/p>\n<p class=\"p1\">El tour partir\u00e1 de un punto de encuentro c\u00e9ntrico; si su hotel est\u00e1 a poca distancia, podemos organizar la recogida a pie. En caso contrario, le esperamos en un lugar f\u00e1cilmente accesible en el coraz\u00f3n de Sevilla.<\/p>\n<p class=\"p1\">En las primeras <span class=\"s1\"><b>3 horas<\/b><\/span>, su gu\u00eda le mostrar\u00e1 el centro hist\u00f3rico y los monumentos imprescindibles, descubriendo plazas, callejuelas y leyendas que solo un experto local conoce.<\/p>\n<p class=\"p1\">A continuaci\u00f3n, viva la <span class=\"s1\"><b>Experiencia de Tapas<\/b><\/span>: durante <span class=\"s1\"><b>1 hora<\/b><\/span> visitar\u00e1 tres de los bares m\u00e1s aut\u00e9nticos del centro, donde degustar\u00e1 <span class=\"s1\"><b>una tapa y una bebida<\/b><\/span> por persona, seleccionados para ofrecerle un aut\u00e9ntico viaje de sabores.<\/p>\n<p class=\"p1\">Para finalizar, el tour concluir\u00e1 en un punto de encuentro c\u00e9ntrico, dej\u00e1ndole en pleno coraz\u00f3n de Sevilla para que siga explorando a su ritmo.<\/p>\n<h2>Puntos de inter\u00e9s y lugares emblem\u00e1ticos<\/h2>\n<p>En primer lugar, re\u00fanase con su gu\u00eda para comenzar este Tour Privado a Pie por Sevilla. Usted y su grupo se reunir\u00e1n con su gu\u00eda tur\u00edstico privado en un lugar c\u00e9ntrico de Sevilla. Este recorrido privado a pie por los lugares m\u00e1s emblem\u00e1ticos de Sevilla.<\/p>\n<p>Durante las 3 primeras horas de este tour privado, visitar\u00e1 la plaza m\u00e1s famosa de Sevilla, donde se rod\u00f3 la pel\u00edcula Star Wars, Plaza Espa\u00f1a. Su gu\u00eda tur\u00edstico privado tambi\u00e9n le mostrar\u00e1 el Casco Antiguo de Sevilla, los monumentos m\u00e1s emblem\u00e1ticos de la ciudad como el Alc\u00e1zar y la Catedral (podemos organizarle las entradas si est\u00e1 interesado en visitar estos lugares).<\/p>\n<p>Conozca la fascinante historia de la ciudad, desde sus ra\u00edces \u00e1rabes hasta el Siglo de Oro de las exploraciones. Marav\u00edllese ante lugares emblem\u00e1ticos como la majestuosa Catedral de Sevilla, el imponente Alc\u00e1zar y el hist\u00f3rico Barrio Jud\u00edo. Conozca la vida y costumbres locales de la mano de su experimentado gu\u00eda, que compartir\u00e1 cautivadoras historias y an\u00e9cdotas a lo largo del recorrido.<\/p>\n<p>Despu\u00e9s de realizar la visita de la ciudad, su gu\u00eda privado le llevar\u00e1 a realizar un recorrido de \u00a8tapas\u00a8 de 1 hora por el centro de Sevilla.<\/p>\n<p>Podr\u00e1 degustar la mejor comida de Sevilla. He aqu\u00ed algunos ejemplos:<\/p>\n<ul>\n<li>Tortilla de Patatas<\/li>\n<li>Croquetas<\/li>\n<li>Ram\u00f3n Jabugo<\/li>\n<li>Marisco<\/li>\n<li>\u00a1Y mucho m\u00e1s!<\/li>\n<\/ul>\n<p>En conclusi\u00f3n, \u00a1conozca Sevilla y deguste sus tapas \u00fanicas! Este tour terminar\u00e1 en un punto de encuentro c\u00e9ntrico.<\/p>\n","protected":false},"excerpt":{"rendered":"<p>Tome la oportunidad de conocer Sevilla, recorriendo sus principales calles y finalizando el tour tapeando en el centro de la ciudad, junto a su gu\u00eda oficial privado. C\u00f3noce la Historia, los monumentos principales, la gastronom\u00eda y muchas m\u00e1s, gracias a este tour.<\/p>\n","protected":false},"featured_media":16089,"comment_status":"open","ping_status":"closed","template":"","meta":{"_acf_changed":false},"product_brand":[],"product_cat":[105,108],"product_tag":[],"class_list":{"0":"post-16108","1":"product","2":"type-product","3":"status-publish","4":"has-post-thumbnail","6":"product_cat-sevilla-es","7":"product_cat-sevilla-tours-privados-pie-es","9":"first","10":"instock","11":"shipping-taxable","12":"purchasable","13":"product-type-simple"},"acf":[],"yoast_head":"<!-- This site is optimized with the Yoast SEO Premium plugin v25.3.1 (Yoast SEO v25.3.1) - https:\/\/yoast.com\/wordpress\/plugins\/seo\/ -->\n<title>\u27a1\ufe0f Sevilla Tour de tapas | Tour Travel &amp; More<\/title>\n<meta name=\"description\" content=\"Descubre la ciudad, gracias a este Sevilla tour con gu\u00eda oficial privado, recorre el centro historico y descubre la Gastronom\u00eda junto a su gu\u00eda \u2705\" \/>\n<meta name=\"robots\" content=\"index, follow, max-snippet:-1, max-image-preview:large, max-video-preview:-1\" \/>\n<link rel=\"canonical\" href=\"https:\/\/tourtravelandmore.com\/es\/tours\/espana-es\/sevilla-es\/sevilla-tour-tour-con-guia-oficial-para-recorrer-el-centro-y-tapear\/\" \/>\n<meta property=\"og:locale\" content=\"es_ES\" \/>\n<meta property=\"og:type\" content=\"article\" \/>\n<meta property=\"og:title\" content=\"Tour privado a pie en Sevilla + Tapeo\" \/>\n<meta property=\"og:description\" content=\"Descubre la ciudad, gracias a este Sevilla tour con gu\u00eda oficial privado, recorre el centro historico y descubre la Gastronom\u00eda junto a su gu\u00eda \u2705\" \/>\n<meta property=\"og:url\" content=\"https:\/\/tourtravelandmore.com\/es\/tours\/espana-es\/sevilla-es\/sevilla-tour-tour-con-guia-oficial-para-recorrer-el-centro-y-tapear\/\" \/>\n<meta property=\"og:site_name\" content=\"Tour Travel And More\" \/>\n<meta property=\"article:publisher\" content=\"https:\/\/www.facebook.com\/tourtravelandmore\/\" \/>\n<meta property=\"article:modified_time\" content=\"2025-05-26T08:49:06+00:00\" \/>\n<meta property=\"og:image\" content=\"https:\/\/tourtravelandmore.com\/wp-content\/uploads\/2017\/11\/setas-sevilla.jpg\" \/>\n\t<meta property=\"og:image:width\" content=\"1024\" \/>\n\t<meta property=\"og:image:height\" content=\"635\" \/>\n\t<meta property=\"og:image:type\" content=\"image\/jpeg\" \/>\n<meta name=\"twitter:card\" content=\"summary_large_image\" \/>\n<meta name=\"twitter:site\" content=\"@TourTravel_More\" \/>\n<meta name=\"twitter:label1\" content=\"Tiempo de lectura\" \/>\n\t<meta name=\"twitter:data1\" content=\"3 minutos\" \/>\n<script type=\"application\/ld+json\" class=\"yoast-schema-graph\">{\"@context\":\"https:\/\/schema.org\",\"@graph\":[{\"@type\":\"WebPage\",\"@id\":\"https:\/\/tourtravelandmore.com\/es\/tours\/espana-es\/sevilla-es\/sevilla-tour-tour-con-guia-oficial-para-recorrer-el-centro-y-tapear\/\",\"url\":\"https:\/\/tourtravelandmore.com\/es\/tours\/espana-es\/sevilla-es\/sevilla-tour-tour-con-guia-oficial-para-recorrer-el-centro-y-tapear\/\",\"name\":\"\u27a1\ufe0f Sevilla Tour de tapas | Tour Travel & More\",\"isPartOf\":{\"@id\":\"https:\/\/tourtravelandmore.com\/es\/#website\"},\"primaryImageOfPage\":{\"@id\":\"https:\/\/tourtravelandmore.com\/es\/tours\/espana-es\/sevilla-es\/sevilla-tour-tour-con-guia-oficial-para-recorrer-el-centro-y-tapear\/#primaryimage\"},\"image\":{\"@id\":\"https:\/\/tourtravelandmore.com\/es\/tours\/espana-es\/sevilla-es\/sevilla-tour-tour-con-guia-oficial-para-recorrer-el-centro-y-tapear\/#primaryimage\"},\"thumbnailUrl\":\"https:\/\/tourtravelandmore.com\/wp-content\/uploads\/2017\/11\/setas-sevilla.jpg\",\"datePublished\":\"2017-11-24T13:08:20+00:00\",\"dateModified\":\"2025-05-26T08:49:06+00:00\",\"description\":\"Descubre la ciudad, gracias a este Sevilla tour con gu\u00eda oficial privado, recorre el centro historico y descubre la Gastronom\u00eda junto a su gu\u00eda \u2705\",\"breadcrumb\":{\"@id\":\"https:\/\/tourtravelandmore.com\/es\/tours\/espana-es\/sevilla-es\/sevilla-tour-tour-con-guia-oficial-para-recorrer-el-centro-y-tapear\/#breadcrumb\"},\"inLanguage\":\"es\",\"potentialAction\":[{\"@type\":\"ReadAction\",\"target\":[\"https:\/\/tourtravelandmore.com\/es\/tours\/espana-es\/sevilla-es\/sevilla-tour-tour-con-guia-oficial-para-recorrer-el-centro-y-tapear\/\"]}]},{\"@type\":\"ImageObject\",\"inLanguage\":\"es\",\"@id\":\"https:\/\/tourtravelandmore.com\/es\/tours\/espana-es\/sevilla-es\/sevilla-tour-tour-con-guia-oficial-para-recorrer-el-centro-y-tapear\/#primaryimage\",\"url\":\"https:\/\/tourtravelandmore.com\/wp-content\/uploads\/2017\/11\/setas-sevilla.jpg\",\"contentUrl\":\"https:\/\/tourtravelandmore.com\/wp-content\/uploads\/2017\/11\/setas-sevilla.jpg\",\"width\":1024,\"height\":635},{\"@type\":\"BreadcrumbList\",\"@id\":\"https:\/\/tourtravelandmore.com\/es\/tours\/espana-es\/sevilla-es\/sevilla-tour-tour-con-guia-oficial-para-recorrer-el-centro-y-tapear\/#breadcrumb\",\"itemListElement\":[{\"@type\":\"ListItem\",\"position\":1,\"name\":\"Home\",\"item\":\"https:\/\/tourtravelandmore.com\/es\/\"},{\"@type\":\"ListItem\",\"position\":2,\"name\":\"Tours\",\"item\":\"https:\/\/tourtravelandmore.com\/es\/tours\/\"},{\"@type\":\"ListItem\",\"position\":3,\"name\":\"Tour privado a pie en Sevilla + Tapeo\"}]},{\"@type\":\"WebSite\",\"@id\":\"https:\/\/tourtravelandmore.com\/es\/#website\",\"url\":\"https:\/\/tourtravelandmore.com\/es\/\",\"name\":\"Tour Travel And More\",\"description\":\"Private sightseeing tours and luxury transfers in Spain\",\"publisher\":{\"@id\":\"https:\/\/tourtravelandmore.com\/es\/#organization\"},\"potentialAction\":[{\"@type\":\"SearchAction\",\"target\":{\"@type\":\"EntryPoint\",\"urlTemplate\":\"https:\/\/tourtravelandmore.com\/es\/?s={search_term_string}\"},\"query-input\":{\"@type\":\"PropertyValueSpecification\",\"valueRequired\":true,\"valueName\":\"search_term_string\"}}],\"inLanguage\":\"es\"},{\"@type\":\"Organization\",\"@id\":\"https:\/\/tourtravelandmore.com\/es\/#organization\",\"name\":\"Tour Travel And More\",\"url\":\"https:\/\/tourtravelandmore.com\/es\/\",\"logo\":{\"@type\":\"ImageObject\",\"inLanguage\":\"es\",\"@id\":\"https:\/\/tourtravelandmore.com\/es\/#\/schema\/logo\/image\/\",\"url\":\"https:\/\/tourtravelandmore.com\/wp-content\/uploads\/2022\/12\/cropped-logo-cabecera-new.png\",\"contentUrl\":\"https:\/\/tourtravelandmore.com\/wp-content\/uploads\/2022\/12\/cropped-logo-cabecera-new.png\",\"width\":430,\"height\":61,\"caption\":\"Tour Travel And More\"},\"image\":{\"@id\":\"https:\/\/tourtravelandmore.com\/es\/#\/schema\/logo\/image\/\"},\"sameAs\":[\"https:\/\/www.facebook.com\/tourtravelandmore\/\",\"https:\/\/x.com\/TourTravel_More\"]}]}<\/script>\n<!-- \/ Yoast SEO Premium plugin. -->","yoast_head_json":{"title":"\u27a1\ufe0f Sevilla Tour de tapas | Tour Travel & More","description":"Descubre la ciudad, gracias a este Sevilla tour con gu\u00eda oficial privado, recorre el centro historico y descubre la Gastronom\u00eda junto a su gu\u00eda \u2705","robots":{"index":"index","follow":"follow","max-snippet":"max-snippet:-1","max-image-preview":"max-image-preview:large","max-video-preview":"max-video-preview:-1"},"canonical":"https:\/\/tourtravelandmore.com\/es\/tours\/espana-es\/sevilla-es\/sevilla-tour-tour-con-guia-oficial-para-recorrer-el-centro-y-tapear\/","og_locale":"es_ES","og_type":"article","og_title":"Tour privado a pie en Sevilla + Tapeo","og_description":"Descubre la ciudad, gracias a este Sevilla tour con gu\u00eda oficial privado, recorre el centro historico y descubre la Gastronom\u00eda junto a su gu\u00eda \u2705","og_url":"https:\/\/tourtravelandmore.com\/es\/tours\/espana-es\/sevilla-es\/sevilla-tour-tour-con-guia-oficial-para-recorrer-el-centro-y-tapear\/","og_site_name":"Tour Travel And More","article_publisher":"https:\/\/www.facebook.com\/tourtravelandmore\/","article_modified_time":"2025-05-26T08:49:06+00:00","og_image":[{"width":1024,"height":635,"url":"https:\/\/tourtravelandmore.com\/wp-content\/uploads\/2017\/11\/setas-sevilla.jpg","type":"image\/jpeg"}],"twitter_card":"summary_large_image","twitter_site":"@TourTravel_More","twitter_misc":{"Tiempo de lectura":"3 minutos"},"schema":{"@context":"https:\/\/schema.org","@graph":[{"@type":"WebPage","@id":"https:\/\/tourtravelandmore.com\/es\/tours\/espana-es\/sevilla-es\/sevilla-tour-tour-con-guia-oficial-para-recorrer-el-centro-y-tapear\/","url":"https:\/\/tourtravelandmore.com\/es\/tours\/espana-es\/sevilla-es\/sevilla-tour-tour-con-guia-oficial-para-recorrer-el-centro-y-tapear\/","name":"\u27a1\ufe0f Sevilla Tour de tapas | Tour Travel & More","isPartOf":{"@id":"https:\/\/tourtravelandmore.com\/es\/#website"},"primaryImageOfPage":{"@id":"https:\/\/tourtravelandmore.com\/es\/tours\/espana-es\/sevilla-es\/sevilla-tour-tour-con-guia-oficial-para-recorrer-el-centro-y-tapear\/#primaryimage"},"image":{"@id":"https:\/\/tourtravelandmore.com\/es\/tours\/espana-es\/sevilla-es\/sevilla-tour-tour-con-guia-oficial-para-recorrer-el-centro-y-tapear\/#primaryimage"},"thumbnailUrl":"https:\/\/tourtravelandmore.com\/wp-content\/uploads\/2017\/11\/setas-sevilla.jpg","datePublished":"2017-11-24T13:08:20+00:00","dateModified":"2025-05-26T08:49:06+00:00","description":"Descubre la ciudad, gracias a este Sevilla tour con gu\u00eda oficial privado, recorre el centro historico y descubre la Gastronom\u00eda junto a su gu\u00eda \u2705","breadcrumb":{"@id":"https:\/\/tourtravelandmore.com\/es\/tours\/espana-es\/sevilla-es\/sevilla-tour-tour-con-guia-oficial-para-recorrer-el-centro-y-tapear\/#breadcrumb"},"inLanguage":"es","potentialAction":[{"@type":"ReadAction","target":["https:\/\/tourtravelandmore.com\/es\/tours\/espana-es\/sevilla-es\/sevilla-tour-tour-con-guia-oficial-para-recorrer-el-centro-y-tapear\/"]}]},{"@type":"ImageObject","inLanguage":"es","@id":"https:\/\/tourtravelandmore.com\/es\/tours\/espana-es\/sevilla-es\/sevilla-tour-tour-con-guia-oficial-para-recorrer-el-centro-y-tapear\/#primaryimage","url":"https:\/\/tourtravelandmore.com\/wp-content\/uploads\/2017\/11\/setas-sevilla.jpg","contentUrl":"https:\/\/tourtravelandmore.com\/wp-content\/uploads\/2017\/11\/setas-sevilla.jpg","width":1024,"height":635},{"@type":"BreadcrumbList","@id":"https:\/\/tourtravelandmore.com\/es\/tours\/espana-es\/sevilla-es\/sevilla-tour-tour-con-guia-oficial-para-recorrer-el-centro-y-tapear\/#breadcrumb","itemListElement":[{"@type":"ListItem","position":1,"name":"Home","item":"https:\/\/tourtravelandmore.com\/es\/"},{"@type":"ListItem","position":2,"name":"Tours","item":"https:\/\/tourtravelandmore.com\/es\/tours\/"},{"@type":"ListItem","position":3,"name":"Tour privado a pie en Sevilla + Tapeo"}]},{"@type":"WebSite","@id":"https:\/\/tourtravelandmore.com\/es\/#website","url":"https:\/\/tourtravelandmore.com\/es\/","name":"Tour Travel And More","description":"Private sightseeing tours and luxury transfers in Spain","publisher":{"@id":"https:\/\/tourtravelandmore.com\/es\/#organization"},"potentialAction":[{"@type":"SearchAction","target":{"@type":"EntryPoint","urlTemplate":"https:\/\/tourtravelandmore.com\/es\/?s={search_term_string}"},"query-input":{"@type":"PropertyValueSpecification","valueRequired":true,"valueName":"search_term_string"}}],"inLanguage":"es"},{"@type":"Organization","@id":"https:\/\/tourtravelandmore.com\/es\/#organization","name":"Tour Travel And More","url":"https:\/\/tourtravelandmore.com\/es\/","logo":{"@type":"ImageObject","inLanguage":"es","@id":"https:\/\/tourtravelandmore.com\/es\/#\/schema\/logo\/image\/","url":"https:\/\/tourtravelandmore.com\/wp-content\/uploads\/2022\/12\/cropped-logo-cabecera-new.png","contentUrl":"https:\/\/tourtravelandmore.com\/wp-content\/uploads\/2022\/12\/cropped-logo-cabecera-new.png","width":430,"height":61,"caption":"Tour Travel And More"},"image":{"@id":"https:\/\/tourtravelandmore.com\/es\/#\/schema\/logo\/image\/"},"sameAs":["https:\/\/www.facebook.com\/tourtravelandmore\/","https:\/\/x.com\/TourTravel_More"]}]}},"_links":{"self":[{"href":"https:\/\/tourtravelandmore.com\/es\/wp-json\/wp\/v2\/product\/16108","targetHints":{"allow":["GET"]}}],"collection":[{"href":"https:\/\/tourtravelandmore.com\/es\/wp-json\/wp\/v2\/product"}],"about":[{"href":"https:\/\/tourtravelandmore.com\/es\/wp-json\/wp\/v2\/types\/product"}],"replies":[{"embeddable":true,"href":"https:\/\/tourtravelandmore.com\/es\/wp-json\/wp\/v2\/comments?post=16108"}],"wp:featuredmedia":[{"embeddable":true,"href":"https:\/\/tourtravelandmore.com\/es\/wp-json\/wp\/v2\/media\/16089"}],"wp:attachment":[{"href":"https:\/\/tourtravelandmore.com\/es\/wp-json\/wp\/v2\/media?parent=16108"}],"wp:term":[{"taxonomy":"product_brand","embeddable":true,"href":"https:\/\/tourtravelandmore.com\/es\/wp-json\/wp\/v2\/product_brand?post=16108"},{"taxonomy":"product_cat","embeddable":true,"href":"https:\/\/tourtravelandmore.com\/es\/wp-json\/wp\/v2\/product_cat?post=16108"},{"taxonomy":"product_tag","embeddable":true,"href":"https:\/\/tourtravelandmore.com\/es\/wp-json\/wp\/v2\/product_tag?post=16108"}],"curies":[{"name":"wp","href":"https:\/\/api.w.org\/{rel}","templated":true}]}}