{"id":16001,"date":"2017-11-21T14:25:32","date_gmt":"2017-11-21T13:31:58","guid":{"rendered":"http:\/\/tourtravelandmore.com\/es\/?post_type=product&#038;p=16001"},"modified":"2022-07-15T10:33:43","modified_gmt":"2022-07-15T08:33:43","slug":"tour-privado-a-monaco-desde-cannes","status":"publish","type":"product","link":"https:\/\/tourtravelandmore.com\/es\/tours\/francia\/cannes-es\/tour-privado-a-monaco-desde-cannes\/","title":{"rendered":"Tour Privado a M\u00f3naco con chofer\/gu\u00eda privado"},"content":{"rendered":"<h2><strong>Descripci\u00f3n del Tour Privado a M\u00f3naco con chofer\/gu\u00eda privado<\/strong><\/h2>\n<p>Aproveche esta oportunidad y visita el principado de <strong>M\u00f3naco<\/strong> con un chofer\/gu\u00eda privado para usted y sus acompa\u00f1antes. Disfrute de un tour privado a M\u00f3naco desde Cannes organizado a medida.<\/p>\n<p>El horario de salida y sitio de recogida son adaptables a su deseo personal. Podemos coordinar recogida desde la ciudad, <strong>Cannes, Niza, el puerto Villefranche sur mer<\/strong> y alrededores. Su chofer\/gu\u00eda le recoger\u00e1 en su hotel, apartamento, puerto de cruceros o sitio deseado.<\/p>\n<p>Este\u00a0<strong>tour privado<\/strong> es organizado a medida, de acuerdo a su deseo personal. Puede personalizar vuestro tour contactando con nosotros. Aqu\u00ed os dejamos un ejemplo de itinerario, el tour ser\u00e1 personalizado para que puedan conocer los sitios que deseen en el hermoso principado de M\u00f3naco.<\/p>\n<h2><strong>Puntos de inter\u00e9s en el Tour Privado a M\u00f3naco con chofer\/gu\u00eda privado<\/strong><\/h2>\n<p>Su chofer\/gu\u00eda le recoger\u00e1 en su hotel o sitio deseado, al horario elegido por vosotros, para comenzar su tour privado a Monaco desde Cannes. A continuaci\u00f3n ir\u00e1n hacia el principado de <strong>M\u00f3naco<\/strong> a trav\u00e9s de la famosa Moyenne Corniche. En el camino podr\u00e1n detenerse en <strong>Le Turbie<\/strong>. All\u00ed podr\u00e1n disfrutar una fant\u00e1stica vista panor\u00e1mica de <strong>Montecarlo<\/strong>. El Principado de M\u00f3naco tiene muchos sitios interesantes que usted podr\u00e1 visitar. Algunos de ellos son<\/p>\n<ul>\n<li><strong>\u00a0<a href=\"https:\/\/www.palais.mc\/en\/index.html\">Palais princier:<\/a> Originalmente edificado por los genoveses en 1215, es la residencia privada del actual pr\u00edncipe.<\/strong><\/li>\n<li><strong>El <em>casino de Montecarlo:\u00a0<\/em>el cual fue abierto en 1856 para evitar la bancarrota del pa\u00eds, y por el \u00e9xito obtenido, permiti\u00f3 abolir los impuestos en 1883.<\/strong><\/li>\n<li><strong>\u00a0El caf\u00e9 de Par\u00eds, reconocido por tener una de las terrazas m\u00e1s bellas de la ciudad<\/strong><\/li>\n<li><strong>\u00a0la catedral de M\u00f3naco: Fue edificada en 1875 utilizando piedras blancas de La Turbie, donde antiguamente exist\u00eda una iglesia del siglo 13 dedicada a San Nicol\u00e1s.<\/strong><\/li>\n<li><strong>\u00a0Mucho m\u00e1s!<\/strong><\/li>\n<\/ul>\n<p>&nbsp;<\/p>\n<p>En caso de que lo desee podr\u00e1 visitar el <strong>palais princier<\/strong> y el museo de coches antiguos del pr\u00edncipe.<\/p>\n<p>Podr\u00e1n ir al punto de partida del Grand Prix de F\u00f3rmula Uno que se celebra cada a\u00f1o en M\u00f3naco y seguir parte de la ruta que los pilotos corren.<br \/>\nFinalmente, visitar\u00e1n Montecarlo, la parte alta del principado de M\u00f3naco. All\u00ed podr\u00e1n visitar el Museo Oceanogr\u00e1fico y el jard\u00edn ex\u00f3tico.<\/p>\n<p>Su chofer\/gu\u00eda estar\u00e1 a su entera disposici\u00f3n durante todo el tour. El itinerario final es adaptable a su deseo personal. En caso de que deseen un tour de mayor duraci\u00f3n, por favor no dude en contactarnos, podemos coordinarlo.<\/p>\n","protected":false},"excerpt":{"rendered":"<p>Disfruta este <strong>tour privado y personalizable desde Cannes <\/strong>y visita el principado de <strong>M\u00f3naco<\/strong>. Reconocido como uno de los sitios m\u00e1s glamurosos del mundo, M\u00f3naco alberga maravillosos monumentos y sitios hist\u00f3ricos. Toma la oportunidad de visitar y conocer la ciudad en un veh\u00edculo privado con chofer\/gu\u00eda privado a disposici\u00f3n.<\/p>\n","protected":false},"featured_media":18706,"comment_status":"open","ping_status":"closed","template":"","meta":{"_acf_changed":false},"product_brand":[],"product_cat":[473,564,474,565,566],"product_tag":[],"class_list":{"0":"post-16001","1":"product","2":"type-product","3":"status-publish","4":"has-post-thumbnail","6":"product_cat-cannes-es","7":"product_cat-cannes-actividades-es","8":"product_cat-cannes-rutas-turisticas-privadas-es","9":"product_cat-cannes-excursiones-privadas-es","10":"product_cat-cannes-excursiones-privadas-cruceros-es","12":"first","13":"instock","14":"shipping-taxable","15":"purchasable","16":"product-type-simple"},"acf":[],"yoast_head":"<!-- This site is optimized with the Yoast SEO Premium plugin v25.3.1 (Yoast SEO v25.3.1) - https:\/\/yoast.com\/wordpress\/plugins\/seo\/ -->\n<title>\u27a1\ufe0f Tour privado a Monaco desde Cannes con chofer\/gu\u00eda privado | TTM<\/title>\n<meta name=\"description\" content=\"Aprovecha al m\u00e1ximo tu tiempo en la Costa Azul y disfruta este tour con chofer\/gu\u00eda privado desde Cannes y conoce el glamouroso Principado de Monaco \u2705\" \/>\n<meta name=\"robots\" content=\"index, follow, max-snippet:-1, max-image-preview:large, max-video-preview:-1\" \/>\n<link rel=\"canonical\" href=\"https:\/\/tourtravelandmore.com\/es\/tours\/francia\/cannes-es\/tour-privado-a-monaco-desde-cannes\/\" \/>\n<meta property=\"og:locale\" content=\"es_ES\" \/>\n<meta property=\"og:type\" content=\"article\" \/>\n<meta property=\"og:title\" content=\"Tour Privado a M\u00f3naco con chofer\/gu\u00eda privado\" \/>\n<meta property=\"og:description\" content=\"Aprovecha al m\u00e1ximo tu tiempo en la Costa Azul y disfruta este tour con chofer\/gu\u00eda privado desde Cannes y conoce el glamouroso Principado de Monaco \u2705\" \/>\n<meta property=\"og:url\" content=\"https:\/\/tourtravelandmore.com\/es\/tours\/francia\/cannes-es\/tour-privado-a-monaco-desde-cannes\/\" \/>\n<meta property=\"og:site_name\" content=\"Tour Travel And More\" \/>\n<meta property=\"article:publisher\" content=\"https:\/\/www.facebook.com\/tourtravelandmore\/\" \/>\n<meta property=\"article:modified_time\" content=\"2022-07-15T08:33:43+00:00\" \/>\n<meta property=\"og:image\" content=\"https:\/\/tourtravelandmore.com\/wp-content\/uploads\/2018\/03\/Monaco1-1.jpg\" \/>\n\t<meta property=\"og:image:width\" content=\"1024\" \/>\n\t<meta property=\"og:image:height\" content=\"683\" \/>\n\t<meta property=\"og:image:type\" content=\"image\/jpeg\" \/>\n<meta name=\"twitter:card\" content=\"summary_large_image\" \/>\n<meta name=\"twitter:site\" content=\"@TourTravel_More\" \/>\n<meta name=\"twitter:label1\" content=\"Tiempo de lectura\" \/>\n\t<meta name=\"twitter:data1\" content=\"2 minutos\" \/>\n<script type=\"application\/ld+json\" class=\"yoast-schema-graph\">{\"@context\":\"https:\/\/schema.org\",\"@graph\":[{\"@type\":\"WebPage\",\"@id\":\"https:\/\/tourtravelandmore.com\/es\/tours\/francia\/cannes-es\/tour-privado-a-monaco-desde-cannes\/\",\"url\":\"https:\/\/tourtravelandmore.com\/es\/tours\/francia\/cannes-es\/tour-privado-a-monaco-desde-cannes\/\",\"name\":\"\u27a1\ufe0f Tour privado a Monaco desde Cannes con chofer\/gu\u00eda privado | TTM\",\"isPartOf\":{\"@id\":\"https:\/\/tourtravelandmore.com\/es\/#website\"},\"primaryImageOfPage\":{\"@id\":\"https:\/\/tourtravelandmore.com\/es\/tours\/francia\/cannes-es\/tour-privado-a-monaco-desde-cannes\/#primaryimage\"},\"image\":{\"@id\":\"https:\/\/tourtravelandmore.com\/es\/tours\/francia\/cannes-es\/tour-privado-a-monaco-desde-cannes\/#primaryimage\"},\"thumbnailUrl\":\"https:\/\/tourtravelandmore.com\/wp-content\/uploads\/2018\/03\/Monaco1-1.jpg\",\"datePublished\":\"2017-11-21T13:31:58+00:00\",\"dateModified\":\"2022-07-15T08:33:43+00:00\",\"description\":\"Aprovecha al m\u00e1ximo tu tiempo en la Costa Azul y disfruta este tour con chofer\/gu\u00eda privado desde Cannes y conoce el glamouroso Principado de Monaco \u2705\",\"breadcrumb\":{\"@id\":\"https:\/\/tourtravelandmore.com\/es\/tours\/francia\/cannes-es\/tour-privado-a-monaco-desde-cannes\/#breadcrumb\"},\"inLanguage\":\"es\",\"potentialAction\":[{\"@type\":\"ReadAction\",\"target\":[\"https:\/\/tourtravelandmore.com\/es\/tours\/francia\/cannes-es\/tour-privado-a-monaco-desde-cannes\/\"]}]},{\"@type\":\"ImageObject\",\"inLanguage\":\"es\",\"@id\":\"https:\/\/tourtravelandmore.com\/es\/tours\/francia\/cannes-es\/tour-privado-a-monaco-desde-cannes\/#primaryimage\",\"url\":\"https:\/\/tourtravelandmore.com\/wp-content\/uploads\/2018\/03\/Monaco1-1.jpg\",\"contentUrl\":\"https:\/\/tourtravelandmore.com\/wp-content\/uploads\/2018\/03\/Monaco1-1.jpg\",\"width\":1024,\"height\":683},{\"@type\":\"BreadcrumbList\",\"@id\":\"https:\/\/tourtravelandmore.com\/es\/tours\/francia\/cannes-es\/tour-privado-a-monaco-desde-cannes\/#breadcrumb\",\"itemListElement\":[{\"@type\":\"ListItem\",\"position\":1,\"name\":\"Home\",\"item\":\"https:\/\/tourtravelandmore.com\/es\/\"},{\"@type\":\"ListItem\",\"position\":2,\"name\":\"Tours\",\"item\":\"https:\/\/tourtravelandmore.com\/es\/tours\/\"},{\"@type\":\"ListItem\",\"position\":3,\"name\":\"Tour Privado a M\u00f3naco con chofer\/gu\u00eda privado\"}]},{\"@type\":\"WebSite\",\"@id\":\"https:\/\/tourtravelandmore.com\/es\/#website\",\"url\":\"https:\/\/tourtravelandmore.com\/es\/\",\"name\":\"Tour Travel And More\",\"description\":\"Private sightseeing tours and luxury transfers in Spain\",\"publisher\":{\"@id\":\"https:\/\/tourtravelandmore.com\/es\/#organization\"},\"potentialAction\":[{\"@type\":\"SearchAction\",\"target\":{\"@type\":\"EntryPoint\",\"urlTemplate\":\"https:\/\/tourtravelandmore.com\/es\/?s={search_term_string}\"},\"query-input\":{\"@type\":\"PropertyValueSpecification\",\"valueRequired\":true,\"valueName\":\"search_term_string\"}}],\"inLanguage\":\"es\"},{\"@type\":\"Organization\",\"@id\":\"https:\/\/tourtravelandmore.com\/es\/#organization\",\"name\":\"Tour Travel And More\",\"url\":\"https:\/\/tourtravelandmore.com\/es\/\",\"logo\":{\"@type\":\"ImageObject\",\"inLanguage\":\"es\",\"@id\":\"https:\/\/tourtravelandmore.com\/es\/#\/schema\/logo\/image\/\",\"url\":\"https:\/\/tourtravelandmore.com\/wp-content\/uploads\/2022\/12\/cropped-logo-cabecera-new.png\",\"contentUrl\":\"https:\/\/tourtravelandmore.com\/wp-content\/uploads\/2022\/12\/cropped-logo-cabecera-new.png\",\"width\":430,\"height\":61,\"caption\":\"Tour Travel And More\"},\"image\":{\"@id\":\"https:\/\/tourtravelandmore.com\/es\/#\/schema\/logo\/image\/\"},\"sameAs\":[\"https:\/\/www.facebook.com\/tourtravelandmore\/\",\"https:\/\/x.com\/TourTravel_More\"]}]}<\/script>\n<!-- \/ Yoast SEO Premium plugin. -->","yoast_head_json":{"title":"\u27a1\ufe0f Tour privado a Monaco desde Cannes con chofer\/gu\u00eda privado | TTM","description":"Aprovecha al m\u00e1ximo tu tiempo en la Costa Azul y disfruta este tour con chofer\/gu\u00eda privado desde Cannes y conoce el glamouroso Principado de Monaco \u2705","robots":{"index":"index","follow":"follow","max-snippet":"max-snippet:-1","max-image-preview":"max-image-preview:large","max-video-preview":"max-video-preview:-1"},"canonical":"https:\/\/tourtravelandmore.com\/es\/tours\/francia\/cannes-es\/tour-privado-a-monaco-desde-cannes\/","og_locale":"es_ES","og_type":"article","og_title":"Tour Privado a M\u00f3naco con chofer\/gu\u00eda privado","og_description":"Aprovecha al m\u00e1ximo tu tiempo en la Costa Azul y disfruta este tour con chofer\/gu\u00eda privado desde Cannes y conoce el glamouroso Principado de Monaco \u2705","og_url":"https:\/\/tourtravelandmore.com\/es\/tours\/francia\/cannes-es\/tour-privado-a-monaco-desde-cannes\/","og_site_name":"Tour Travel And More","article_publisher":"https:\/\/www.facebook.com\/tourtravelandmore\/","article_modified_time":"2022-07-15T08:33:43+00:00","og_image":[{"width":1024,"height":683,"url":"https:\/\/tourtravelandmore.com\/wp-content\/uploads\/2018\/03\/Monaco1-1.jpg","type":"image\/jpeg"}],"twitter_card":"summary_large_image","twitter_site":"@TourTravel_More","twitter_misc":{"Tiempo de lectura":"2 minutos"},"schema":{"@context":"https:\/\/schema.org","@graph":[{"@type":"WebPage","@id":"https:\/\/tourtravelandmore.com\/es\/tours\/francia\/cannes-es\/tour-privado-a-monaco-desde-cannes\/","url":"https:\/\/tourtravelandmore.com\/es\/tours\/francia\/cannes-es\/tour-privado-a-monaco-desde-cannes\/","name":"\u27a1\ufe0f Tour privado a Monaco desde Cannes con chofer\/gu\u00eda privado | TTM","isPartOf":{"@id":"https:\/\/tourtravelandmore.com\/es\/#website"},"primaryImageOfPage":{"@id":"https:\/\/tourtravelandmore.com\/es\/tours\/francia\/cannes-es\/tour-privado-a-monaco-desde-cannes\/#primaryimage"},"image":{"@id":"https:\/\/tourtravelandmore.com\/es\/tours\/francia\/cannes-es\/tour-privado-a-monaco-desde-cannes\/#primaryimage"},"thumbnailUrl":"https:\/\/tourtravelandmore.com\/wp-content\/uploads\/2018\/03\/Monaco1-1.jpg","datePublished":"2017-11-21T13:31:58+00:00","dateModified":"2022-07-15T08:33:43+00:00","description":"Aprovecha al m\u00e1ximo tu tiempo en la Costa Azul y disfruta este tour con chofer\/gu\u00eda privado desde Cannes y conoce el glamouroso Principado de Monaco \u2705","breadcrumb":{"@id":"https:\/\/tourtravelandmore.com\/es\/tours\/francia\/cannes-es\/tour-privado-a-monaco-desde-cannes\/#breadcrumb"},"inLanguage":"es","potentialAction":[{"@type":"ReadAction","target":["https:\/\/tourtravelandmore.com\/es\/tours\/francia\/cannes-es\/tour-privado-a-monaco-desde-cannes\/"]}]},{"@type":"ImageObject","inLanguage":"es","@id":"https:\/\/tourtravelandmore.com\/es\/tours\/francia\/cannes-es\/tour-privado-a-monaco-desde-cannes\/#primaryimage","url":"https:\/\/tourtravelandmore.com\/wp-content\/uploads\/2018\/03\/Monaco1-1.jpg","contentUrl":"https:\/\/tourtravelandmore.com\/wp-content\/uploads\/2018\/03\/Monaco1-1.jpg","width":1024,"height":683},{"@type":"BreadcrumbList","@id":"https:\/\/tourtravelandmore.com\/es\/tours\/francia\/cannes-es\/tour-privado-a-monaco-desde-cannes\/#breadcrumb","itemListElement":[{"@type":"ListItem","position":1,"name":"Home","item":"https:\/\/tourtravelandmore.com\/es\/"},{"@type":"ListItem","position":2,"name":"Tours","item":"https:\/\/tourtravelandmore.com\/es\/tours\/"},{"@type":"ListItem","position":3,"name":"Tour Privado a M\u00f3naco con chofer\/gu\u00eda privado"}]},{"@type":"WebSite","@id":"https:\/\/tourtravelandmore.com\/es\/#website","url":"https:\/\/tourtravelandmore.com\/es\/","name":"Tour Travel And More","description":"Private sightseeing tours and luxury transfers in Spain","publisher":{"@id":"https:\/\/tourtravelandmore.com\/es\/#organization"},"potentialAction":[{"@type":"SearchAction","target":{"@type":"EntryPoint","urlTemplate":"https:\/\/tourtravelandmore.com\/es\/?s={search_term_string}"},"query-input":{"@type":"PropertyValueSpecification","valueRequired":true,"valueName":"search_term_string"}}],"inLanguage":"es"},{"@type":"Organization","@id":"https:\/\/tourtravelandmore.com\/es\/#organization","name":"Tour Travel And More","url":"https:\/\/tourtravelandmore.com\/es\/","logo":{"@type":"ImageObject","inLanguage":"es","@id":"https:\/\/tourtravelandmore.com\/es\/#\/schema\/logo\/image\/","url":"https:\/\/tourtravelandmore.com\/wp-content\/uploads\/2022\/12\/cropped-logo-cabecera-new.png","contentUrl":"https:\/\/tourtravelandmore.com\/wp-content\/uploads\/2022\/12\/cropped-logo-cabecera-new.png","width":430,"height":61,"caption":"Tour Travel And More"},"image":{"@id":"https:\/\/tourtravelandmore.com\/es\/#\/schema\/logo\/image\/"},"sameAs":["https:\/\/www.facebook.com\/tourtravelandmore\/","https:\/\/x.com\/TourTravel_More"]}]}},"_links":{"self":[{"href":"https:\/\/tourtravelandmore.com\/es\/wp-json\/wp\/v2\/product\/16001","targetHints":{"allow":["GET"]}}],"collection":[{"href":"https:\/\/tourtravelandmore.com\/es\/wp-json\/wp\/v2\/product"}],"about":[{"href":"https:\/\/tourtravelandmore.com\/es\/wp-json\/wp\/v2\/types\/product"}],"replies":[{"embeddable":true,"href":"https:\/\/tourtravelandmore.com\/es\/wp-json\/wp\/v2\/comments?post=16001"}],"wp:featuredmedia":[{"embeddable":true,"href":"https:\/\/tourtravelandmore.com\/es\/wp-json\/wp\/v2\/media\/18706"}],"wp:attachment":[{"href":"https:\/\/tourtravelandmore.com\/es\/wp-json\/wp\/v2\/media?parent=16001"}],"wp:term":[{"taxonomy":"product_brand","embeddable":true,"href":"https:\/\/tourtravelandmore.com\/es\/wp-json\/wp\/v2\/product_brand?post=16001"},{"taxonomy":"product_cat","embeddable":true,"href":"https:\/\/tourtravelandmore.com\/es\/wp-json\/wp\/v2\/product_cat?post=16001"},{"taxonomy":"product_tag","embeddable":true,"href":"https:\/\/tourtravelandmore.com\/es\/wp-json\/wp\/v2\/product_tag?post=16001"}],"curies":[{"name":"wp","href":"https:\/\/api.w.org\/{rel}","templated":true}]}}