{"id":159829,"date":"2023-04-01T03:05:56","date_gmt":"2023-04-01T01:05:56","guid":{"rendered":"https:\/\/tourtravelandmore.com\/tours\/sin%20categor\u00eda\/excursion-privada-a-mesina-desde-taormina\/"},"modified":"2023-04-22T05:20:53","modified_gmt":"2023-04-22T03:20:53","slug":"excursion-privada-a-mesina-desde-taormina","status":"publish","type":"product","link":"https:\/\/tourtravelandmore.com\/es\/tours\/italia-es\/taormina-es\/todos-los-tours-y-actividades-privadas-taormina\/excursion-privada-a-mesina-desde-taormina\/","title":{"rendered":"Excursi\u00f3n privada a Mesina desde Taormina"},"content":{"rendered":"<h2><b>Tour Privado a Messina desde Taormina Descripci\u00f3n<\/b><\/h2>\n<p><span style=\"font-weight: 400;\">Emb\u00e1rquese en un viaje inolvidable con nuestro exclusivo Tour Privado de 5 horas a Messina desde Taormina, proporcionado por Tour Travel and More. Experimente la belleza y el encanto de Messina, una ciudad rica en historia y cultura, mientras disfruta de la comodidad y conveniencia de un veh\u00edculo privado con un conductor y gu\u00eda profesional. Nuestros gu\u00edas experimentados y bien informados se asegurar\u00e1n de que usted tenga un tiempo inolvidable explorando los aspectos m\u00e1s destacados de la ciudad y joyas ocultas.<\/span><\/p>\n<p><span style=\"font-weight: 400;\">Su Tour Privado a Messina desde Taormina est\u00e1 cuidadosamente dise\u00f1ado para proporcionar un equilibrio perfecto entre la exploraci\u00f3n hist\u00f3rica y el tiempo de ocio, lo que le permitir\u00e1 apreciar realmente el encanto de la ciudad. Con la atenci\u00f3n personalizada de nuestros gu\u00edas, conocer\u00e1 mejor el patrimonio \u00fanico de Messina y sus cautivadoras historias. Reserve hoy mismo su visita privada y cree recuerdos que durar\u00e1n toda la vida.<\/span><\/p>\n<h2><b>Excursi\u00f3n privada a Mesina desde Taormina Puntos de inter\u00e9s<\/b><\/h2>\n<p><span style=\"font-weight: 400;\">Descubra los fascinantes lugares de inter\u00e9s de Mesina con nuestros gu\u00edas expertos, que le proporcionar\u00e1n informaci\u00f3n detallada y relatos cautivadores sobre la historia, la arquitectura y la cultura de la ciudad. Desde antiguos monumentos hasta hermosas iglesias, este tour privado le llevar\u00e1 de viaje por el coraz\u00f3n de la ciudad y sus lugares m\u00e1s emblem\u00e1ticos.<\/span><\/p>\n<h3><b>Catedral de Mesina<\/b><\/h3>\n<p><span style=\"font-weight: 400;\">La Catedral de Mesina, una atracci\u00f3n de visita obligada, muestra una armoniosa mezcla de estilos arquitect\u00f3nicos, reflejo de la diversa historia de la ciudad. Esta obra maestra del siglo XII es admirada no s\u00f3lo por su sorprendente arquitectura y sus intrincadas obras de arte, sino tambi\u00e9n por su impresionante campanario, que alberga uno de los relojes astron\u00f3micos m\u00e1s grandes del mundo. Explore la cautivadora historia de la catedral, testigo de la resistencia de la ciudad tras sobrevivir a numerosos terremotos y guerras, mientras se maravilla ante la exquisita artesan\u00eda que se exhibe.<\/span><\/p>\n<h3><b>Plaza del Duomo<\/b><\/h3>\n<p><span style=\"font-weight: 400;\">En el coraz\u00f3n de Mesina se encuentra la Piazza del Duomo, una bulliciosa plaza repleta de vida y actividad. Rodeada de edificios notables, como la Catedral de Mesina, la plaza ofrece a los visitantes la oportunidad de sumergirse en la vibrante atm\u00f3sfera de la ciudad. T\u00f3mese un momento para apreciar la espl\u00e9ndida Fontana di Orione, una fuente del siglo XVI que encarna la destreza art\u00edstica del artista local Giovanni Angelo Montorsoli. Mientras la explora, no deje de admirar los impresionantes detalles arquitect\u00f3nicos que hacen de esta plaza un destino muy apreciado tanto por los lugare\u00f1os como por los turistas.<\/span><\/p>\n<h3><b>Santuario de Montalto<\/b><\/h3>\n<p><span style=\"font-weight: 400;\">Situado en lo alto de una colina que domina la ciudad de Mesina, el Santuario de Montalto es un testimonio de fe y devoci\u00f3n. Dedicado a Nuestra Se\u00f1ora de Montalto, este lugar sagrado ofrece impresionantes vistas panor\u00e1micas del paisaje urbano y la costa circundante. Los visitantes del santuario encontrar\u00e1n consuelo en su serena atm\u00f3sfera y su exquisita arquitectura barroca, que lo convierten en un destino ideal para la reflexi\u00f3n y la contemplaci\u00f3n.<\/span><\/p>\n<h3><b>Iglesia de la Santissima Annunziata dei Catalani<\/b><\/h3>\n<p><span style=\"font-weight: 400;\">La iglesia de la Santissima Annunziata dei Catalani, que data del siglo XII, es una maravilla arquitect\u00f3nica que combina influencias bizantinas, normandas y \u00e1rabes. Esta notable fusi\u00f3n de estilos, evidente en el magn\u00edficamente conservado exterior de la iglesia, la convierte en una parada esencial para los interesados en el rico patrimonio cultural de Mesina. Entre para descubrir los impresionantes frescos y los intrincados mosaicos que adornan el interior de la iglesia, lo que subraya a\u00fan m\u00e1s su importancia como monumento hist\u00f3rico.<\/span><\/p>\n<h3><b>Museo Regional de Mesina<\/b><\/h3>\n<p><span style=\"font-weight: 400;\">El Museo Regional de Mesina ofrece a los visitantes una visi\u00f3n completa del legado art\u00edstico e hist\u00f3rico de la ciudad. El museo alberga una impresionante colecci\u00f3n de obras, desde antiguas esculturas griegas y romanas hasta obras maestras renacentistas de artistas de renombre como Caravaggio. Emb\u00e1rquese en un cautivador viaje a trav\u00e9s de la evoluci\u00f3n cultural de la regi\u00f3n y adquiera un conocimiento m\u00e1s profundo del pasado de Mesina. Visitar el museo es una forma ideal de enriquecer su experiencia y apreciar los incre\u00edbles tesoros art\u00edsticos de la ciudad.<\/span><\/p>\n<p><span style=\"font-weight: 400;\">No se pierda la oportunidad de descubrir a\u00fan m\u00e1s de Taormina y sus alrededores con la amplia lista de excursiones privadas que ofrece Tour Travel and More. Visite nuestro sitio web para explorar nuestra selecci\u00f3n de experiencias exclusivas y personalizadas que se adaptan a sus intereses y preferencias. <\/span><a href=\"https:\/\/tourtravelandmore.com\/es\/ciudad\/italia-es\/taormina-es\/\"><span style=\"font-weight: 400;\">Deje que nuestros gu\u00edas expertos le muestren lo mejor de Taormina y m\u00e1s all\u00e1, asegur\u00e1ndole una experiencia de viaje inolvidable y personalizada.<\/span><\/a><\/p>\n<p>&nbsp;<\/p>\n","protected":false},"excerpt":{"rendered":"<p><span style=\"font-weight: 400;\">Descubra la encantadora ciudad de Mesina en esta exclusiva excursi\u00f3n privada de 5 horas desde Taormina. Explore los monumentos hist\u00f3ricos, las obras maestras arquitect\u00f3nicas y los tesoros culturales de la ciudad con la experta orientaci\u00f3n de un conductor y un gu\u00eda profesionales. Sum\u00e9rjase en la belleza y el encanto de Messina con Tour Travel and More.<\/span><\/p>\n","protected":false},"featured_media":159814,"comment_status":"open","ping_status":"closed","template":"","meta":{"_acf_changed":false},"product_brand":[],"product_cat":[4362,4377,4307],"product_tag":[],"class_list":{"0":"post-159829","1":"product","2":"type-product","3":"status-publish","4":"has-post-thumbnail","6":"product_cat-todos-los-tours-y-actividades-privadas-taormina","7":"product_cat-traslados-privados-es-2","8":"product_cat-taormina-es","10":"first","11":"instock","12":"shipping-taxable","13":"purchasable","14":"product-type-simple"},"acf":[],"yoast_head":"<!-- This site is optimized with the Yoast SEO Premium plugin v25.3.1 (Yoast SEO v25.3.1) - https:\/\/yoast.com\/wordpress\/plugins\/seo\/ -->\n<title>\u27a1\ufe0f Tour Privado a Messina desde Taormina: Explore con Tour Travel and More<\/title>\n<meta name=\"description\" content=\"Experimente lo mejor de Messina en este tour privado de 5 horas desde Taormina. Descubre monumentos hist\u00f3ricos, arquitectura impresionante e historias cautivadoras con nuestros gu\u00edas expertos \u2705.\" \/>\n<meta name=\"robots\" content=\"index, follow, max-snippet:-1, max-image-preview:large, max-video-preview:-1\" \/>\n<link rel=\"canonical\" href=\"https:\/\/tourtravelandmore.com\/es\/tours\/italia-es\/taormina-es\/todos-los-tours-y-actividades-privadas-taormina\/excursion-privada-a-mesina-desde-taormina\/\" \/>\n<meta property=\"og:locale\" content=\"es_ES\" \/>\n<meta property=\"og:type\" content=\"article\" \/>\n<meta property=\"og:title\" content=\"Excursi\u00f3n privada a Mesina desde Taormina\" \/>\n<meta property=\"og:description\" content=\"Experimente lo mejor de Messina en este tour privado de 5 horas desde Taormina. Descubre monumentos hist\u00f3ricos, arquitectura impresionante e historias cautivadoras con nuestros gu\u00edas expertos \u2705.\" \/>\n<meta property=\"og:url\" content=\"https:\/\/tourtravelandmore.com\/es\/tours\/italia-es\/taormina-es\/todos-los-tours-y-actividades-privadas-taormina\/excursion-privada-a-mesina-desde-taormina\/\" \/>\n<meta property=\"og:site_name\" content=\"Tour Travel And More\" \/>\n<meta property=\"article:publisher\" content=\"https:\/\/www.facebook.com\/tourtravelandmore\/\" \/>\n<meta property=\"article:modified_time\" content=\"2023-04-22T03:20:53+00:00\" \/>\n<meta property=\"og:image\" content=\"https:\/\/tourtravelandmore.com\/wp-content\/uploads\/2023\/04\/image2-5.jpg\" \/>\n\t<meta property=\"og:image:width\" content=\"950\" \/>\n\t<meta property=\"og:image:height\" content=\"750\" \/>\n\t<meta property=\"og:image:type\" content=\"image\/jpeg\" \/>\n<meta name=\"twitter:card\" content=\"summary_large_image\" \/>\n<meta name=\"twitter:site\" content=\"@TourTravel_More\" \/>\n<meta name=\"twitter:label1\" content=\"Tiempo de lectura\" \/>\n\t<meta name=\"twitter:data1\" content=\"4 minutos\" \/>\n<script type=\"application\/ld+json\" class=\"yoast-schema-graph\">{\"@context\":\"https:\/\/schema.org\",\"@graph\":[{\"@type\":\"WebPage\",\"@id\":\"https:\/\/tourtravelandmore.com\/es\/tours\/italia-es\/taormina-es\/todos-los-tours-y-actividades-privadas-taormina\/excursion-privada-a-mesina-desde-taormina\/\",\"url\":\"https:\/\/tourtravelandmore.com\/es\/tours\/italia-es\/taormina-es\/todos-los-tours-y-actividades-privadas-taormina\/excursion-privada-a-mesina-desde-taormina\/\",\"name\":\"\u27a1\ufe0f Tour Privado a Messina desde Taormina: Explore con Tour Travel and More\",\"isPartOf\":{\"@id\":\"https:\/\/tourtravelandmore.com\/es\/#website\"},\"primaryImageOfPage\":{\"@id\":\"https:\/\/tourtravelandmore.com\/es\/tours\/italia-es\/taormina-es\/todos-los-tours-y-actividades-privadas-taormina\/excursion-privada-a-mesina-desde-taormina\/#primaryimage\"},\"image\":{\"@id\":\"https:\/\/tourtravelandmore.com\/es\/tours\/italia-es\/taormina-es\/todos-los-tours-y-actividades-privadas-taormina\/excursion-privada-a-mesina-desde-taormina\/#primaryimage\"},\"thumbnailUrl\":\"https:\/\/tourtravelandmore.com\/wp-content\/uploads\/2023\/04\/image2-5.jpg\",\"datePublished\":\"2023-04-01T01:05:56+00:00\",\"dateModified\":\"2023-04-22T03:20:53+00:00\",\"description\":\"Experimente lo mejor de Messina en este tour privado de 5 horas desde Taormina. Descubre monumentos hist\u00f3ricos, arquitectura impresionante e historias cautivadoras con nuestros gu\u00edas expertos \u2705.\",\"breadcrumb\":{\"@id\":\"https:\/\/tourtravelandmore.com\/es\/tours\/italia-es\/taormina-es\/todos-los-tours-y-actividades-privadas-taormina\/excursion-privada-a-mesina-desde-taormina\/#breadcrumb\"},\"inLanguage\":\"es\",\"potentialAction\":[{\"@type\":\"ReadAction\",\"target\":[\"https:\/\/tourtravelandmore.com\/es\/tours\/italia-es\/taormina-es\/todos-los-tours-y-actividades-privadas-taormina\/excursion-privada-a-mesina-desde-taormina\/\"]}]},{\"@type\":\"ImageObject\",\"inLanguage\":\"es\",\"@id\":\"https:\/\/tourtravelandmore.com\/es\/tours\/italia-es\/taormina-es\/todos-los-tours-y-actividades-privadas-taormina\/excursion-privada-a-mesina-desde-taormina\/#primaryimage\",\"url\":\"https:\/\/tourtravelandmore.com\/wp-content\/uploads\/2023\/04\/image2-5.jpg\",\"contentUrl\":\"https:\/\/tourtravelandmore.com\/wp-content\/uploads\/2023\/04\/image2-5.jpg\",\"width\":950,\"height\":750},{\"@type\":\"BreadcrumbList\",\"@id\":\"https:\/\/tourtravelandmore.com\/es\/tours\/italia-es\/taormina-es\/todos-los-tours-y-actividades-privadas-taormina\/excursion-privada-a-mesina-desde-taormina\/#breadcrumb\",\"itemListElement\":[{\"@type\":\"ListItem\",\"position\":1,\"name\":\"Home\",\"item\":\"https:\/\/tourtravelandmore.com\/es\/\"},{\"@type\":\"ListItem\",\"position\":2,\"name\":\"Tours\",\"item\":\"https:\/\/tourtravelandmore.com\/es\/tours\/\"},{\"@type\":\"ListItem\",\"position\":3,\"name\":\"Excursi\u00f3n privada a Mesina desde Taormina\"}]},{\"@type\":\"WebSite\",\"@id\":\"https:\/\/tourtravelandmore.com\/es\/#website\",\"url\":\"https:\/\/tourtravelandmore.com\/es\/\",\"name\":\"Tour Travel And More\",\"description\":\"Private sightseeing tours and luxury transfers in Spain\",\"publisher\":{\"@id\":\"https:\/\/tourtravelandmore.com\/es\/#organization\"},\"potentialAction\":[{\"@type\":\"SearchAction\",\"target\":{\"@type\":\"EntryPoint\",\"urlTemplate\":\"https:\/\/tourtravelandmore.com\/es\/?s={search_term_string}\"},\"query-input\":{\"@type\":\"PropertyValueSpecification\",\"valueRequired\":true,\"valueName\":\"search_term_string\"}}],\"inLanguage\":\"es\"},{\"@type\":\"Organization\",\"@id\":\"https:\/\/tourtravelandmore.com\/es\/#organization\",\"name\":\"Tour Travel And More\",\"url\":\"https:\/\/tourtravelandmore.com\/es\/\",\"logo\":{\"@type\":\"ImageObject\",\"inLanguage\":\"es\",\"@id\":\"https:\/\/tourtravelandmore.com\/es\/#\/schema\/logo\/image\/\",\"url\":\"https:\/\/tourtravelandmore.com\/wp-content\/uploads\/2022\/12\/cropped-logo-cabecera-new.png\",\"contentUrl\":\"https:\/\/tourtravelandmore.com\/wp-content\/uploads\/2022\/12\/cropped-logo-cabecera-new.png\",\"width\":430,\"height\":61,\"caption\":\"Tour Travel And More\"},\"image\":{\"@id\":\"https:\/\/tourtravelandmore.com\/es\/#\/schema\/logo\/image\/\"},\"sameAs\":[\"https:\/\/www.facebook.com\/tourtravelandmore\/\",\"https:\/\/x.com\/TourTravel_More\"]}]}<\/script>\n<!-- \/ Yoast SEO Premium plugin. -->","yoast_head_json":{"title":"\u27a1\ufe0f Tour Privado a Messina desde Taormina: Explore con Tour Travel and More","description":"Experimente lo mejor de Messina en este tour privado de 5 horas desde Taormina. Descubre monumentos hist\u00f3ricos, arquitectura impresionante e historias cautivadoras con nuestros gu\u00edas expertos \u2705.","robots":{"index":"index","follow":"follow","max-snippet":"max-snippet:-1","max-image-preview":"max-image-preview:large","max-video-preview":"max-video-preview:-1"},"canonical":"https:\/\/tourtravelandmore.com\/es\/tours\/italia-es\/taormina-es\/todos-los-tours-y-actividades-privadas-taormina\/excursion-privada-a-mesina-desde-taormina\/","og_locale":"es_ES","og_type":"article","og_title":"Excursi\u00f3n privada a Mesina desde Taormina","og_description":"Experimente lo mejor de Messina en este tour privado de 5 horas desde Taormina. Descubre monumentos hist\u00f3ricos, arquitectura impresionante e historias cautivadoras con nuestros gu\u00edas expertos \u2705.","og_url":"https:\/\/tourtravelandmore.com\/es\/tours\/italia-es\/taormina-es\/todos-los-tours-y-actividades-privadas-taormina\/excursion-privada-a-mesina-desde-taormina\/","og_site_name":"Tour Travel And More","article_publisher":"https:\/\/www.facebook.com\/tourtravelandmore\/","article_modified_time":"2023-04-22T03:20:53+00:00","og_image":[{"width":950,"height":750,"url":"https:\/\/tourtravelandmore.com\/wp-content\/uploads\/2023\/04\/image2-5.jpg","type":"image\/jpeg"}],"twitter_card":"summary_large_image","twitter_site":"@TourTravel_More","twitter_misc":{"Tiempo de lectura":"4 minutos"},"schema":{"@context":"https:\/\/schema.org","@graph":[{"@type":"WebPage","@id":"https:\/\/tourtravelandmore.com\/es\/tours\/italia-es\/taormina-es\/todos-los-tours-y-actividades-privadas-taormina\/excursion-privada-a-mesina-desde-taormina\/","url":"https:\/\/tourtravelandmore.com\/es\/tours\/italia-es\/taormina-es\/todos-los-tours-y-actividades-privadas-taormina\/excursion-privada-a-mesina-desde-taormina\/","name":"\u27a1\ufe0f Tour Privado a Messina desde Taormina: Explore con Tour Travel and More","isPartOf":{"@id":"https:\/\/tourtravelandmore.com\/es\/#website"},"primaryImageOfPage":{"@id":"https:\/\/tourtravelandmore.com\/es\/tours\/italia-es\/taormina-es\/todos-los-tours-y-actividades-privadas-taormina\/excursion-privada-a-mesina-desde-taormina\/#primaryimage"},"image":{"@id":"https:\/\/tourtravelandmore.com\/es\/tours\/italia-es\/taormina-es\/todos-los-tours-y-actividades-privadas-taormina\/excursion-privada-a-mesina-desde-taormina\/#primaryimage"},"thumbnailUrl":"https:\/\/tourtravelandmore.com\/wp-content\/uploads\/2023\/04\/image2-5.jpg","datePublished":"2023-04-01T01:05:56+00:00","dateModified":"2023-04-22T03:20:53+00:00","description":"Experimente lo mejor de Messina en este tour privado de 5 horas desde Taormina. Descubre monumentos hist\u00f3ricos, arquitectura impresionante e historias cautivadoras con nuestros gu\u00edas expertos \u2705.","breadcrumb":{"@id":"https:\/\/tourtravelandmore.com\/es\/tours\/italia-es\/taormina-es\/todos-los-tours-y-actividades-privadas-taormina\/excursion-privada-a-mesina-desde-taormina\/#breadcrumb"},"inLanguage":"es","potentialAction":[{"@type":"ReadAction","target":["https:\/\/tourtravelandmore.com\/es\/tours\/italia-es\/taormina-es\/todos-los-tours-y-actividades-privadas-taormina\/excursion-privada-a-mesina-desde-taormina\/"]}]},{"@type":"ImageObject","inLanguage":"es","@id":"https:\/\/tourtravelandmore.com\/es\/tours\/italia-es\/taormina-es\/todos-los-tours-y-actividades-privadas-taormina\/excursion-privada-a-mesina-desde-taormina\/#primaryimage","url":"https:\/\/tourtravelandmore.com\/wp-content\/uploads\/2023\/04\/image2-5.jpg","contentUrl":"https:\/\/tourtravelandmore.com\/wp-content\/uploads\/2023\/04\/image2-5.jpg","width":950,"height":750},{"@type":"BreadcrumbList","@id":"https:\/\/tourtravelandmore.com\/es\/tours\/italia-es\/taormina-es\/todos-los-tours-y-actividades-privadas-taormina\/excursion-privada-a-mesina-desde-taormina\/#breadcrumb","itemListElement":[{"@type":"ListItem","position":1,"name":"Home","item":"https:\/\/tourtravelandmore.com\/es\/"},{"@type":"ListItem","position":2,"name":"Tours","item":"https:\/\/tourtravelandmore.com\/es\/tours\/"},{"@type":"ListItem","position":3,"name":"Excursi\u00f3n privada a Mesina desde Taormina"}]},{"@type":"WebSite","@id":"https:\/\/tourtravelandmore.com\/es\/#website","url":"https:\/\/tourtravelandmore.com\/es\/","name":"Tour Travel And More","description":"Private sightseeing tours and luxury transfers in Spain","publisher":{"@id":"https:\/\/tourtravelandmore.com\/es\/#organization"},"potentialAction":[{"@type":"SearchAction","target":{"@type":"EntryPoint","urlTemplate":"https:\/\/tourtravelandmore.com\/es\/?s={search_term_string}"},"query-input":{"@type":"PropertyValueSpecification","valueRequired":true,"valueName":"search_term_string"}}],"inLanguage":"es"},{"@type":"Organization","@id":"https:\/\/tourtravelandmore.com\/es\/#organization","name":"Tour Travel And More","url":"https:\/\/tourtravelandmore.com\/es\/","logo":{"@type":"ImageObject","inLanguage":"es","@id":"https:\/\/tourtravelandmore.com\/es\/#\/schema\/logo\/image\/","url":"https:\/\/tourtravelandmore.com\/wp-content\/uploads\/2022\/12\/cropped-logo-cabecera-new.png","contentUrl":"https:\/\/tourtravelandmore.com\/wp-content\/uploads\/2022\/12\/cropped-logo-cabecera-new.png","width":430,"height":61,"caption":"Tour Travel And More"},"image":{"@id":"https:\/\/tourtravelandmore.com\/es\/#\/schema\/logo\/image\/"},"sameAs":["https:\/\/www.facebook.com\/tourtravelandmore\/","https:\/\/x.com\/TourTravel_More"]}]}},"_links":{"self":[{"href":"https:\/\/tourtravelandmore.com\/es\/wp-json\/wp\/v2\/product\/159829","targetHints":{"allow":["GET"]}}],"collection":[{"href":"https:\/\/tourtravelandmore.com\/es\/wp-json\/wp\/v2\/product"}],"about":[{"href":"https:\/\/tourtravelandmore.com\/es\/wp-json\/wp\/v2\/types\/product"}],"replies":[{"embeddable":true,"href":"https:\/\/tourtravelandmore.com\/es\/wp-json\/wp\/v2\/comments?post=159829"}],"wp:featuredmedia":[{"embeddable":true,"href":"https:\/\/tourtravelandmore.com\/es\/wp-json\/wp\/v2\/media\/159814"}],"wp:attachment":[{"href":"https:\/\/tourtravelandmore.com\/es\/wp-json\/wp\/v2\/media?parent=159829"}],"wp:term":[{"taxonomy":"product_brand","embeddable":true,"href":"https:\/\/tourtravelandmore.com\/es\/wp-json\/wp\/v2\/product_brand?post=159829"},{"taxonomy":"product_cat","embeddable":true,"href":"https:\/\/tourtravelandmore.com\/es\/wp-json\/wp\/v2\/product_cat?post=159829"},{"taxonomy":"product_tag","embeddable":true,"href":"https:\/\/tourtravelandmore.com\/es\/wp-json\/wp\/v2\/product_tag?post=159829"}],"curies":[{"name":"wp","href":"https:\/\/api.w.org\/{rel}","templated":true}]}}