{"id":159796,"date":"2023-04-01T02:52:20","date_gmt":"2023-04-01T00:52:20","guid":{"rendered":"https:\/\/tourtravelandmore.com\/tours\/sin%20categor\u00eda\/excursion-privada-a-catania-desde-taormina\/"},"modified":"2023-04-22T05:20:47","modified_gmt":"2023-04-22T03:20:47","slug":"excursion-privada-a-catania-desde-taormina","status":"publish","type":"product","link":"https:\/\/tourtravelandmore.com\/es\/tours\/italia-es\/taormina-es\/todos-los-tours-y-actividades-privadas-taormina\/excursion-privada-a-catania-desde-taormina\/","title":{"rendered":"Excursi\u00f3n privada a Catania desde Taormina"},"content":{"rendered":"<h2><b>Excursi\u00f3n privada a Catania desde Taormina Descripci\u00f3n<\/b><\/h2>\n<p><span style=\"font-weight: 400;\">Experimente el vibrante esp\u00edritu y la rica historia de Catania en una excursi\u00f3n privada de 6 horas desde Taormina. Viaje c\u00f3modamente en un veh\u00edculo privado y con un gu\u00eda-conductor experto, explorando la fascinante arquitectura de la ciudad, sus bulliciosos mercados y sus lugares antiguos. Este recorrido personalizado se adapta a sus preferencias, garantiz\u00e1ndole un viaje verdaderamente memorable y \u00fanico por una de las ciudades m\u00e1s cautivadoras de Sicilia. A medida que se adentre en el coraz\u00f3n de Catania, descubrir\u00e1 su estratificado pasado, desde las influencias griegas y a romanas hasta el ornamentado estilo barroco que domina el paisaje de la ciudad. Con nuestro experto gu\u00eda a su lado, obtendr\u00e1 valiosos conocimientos sobre las historias y leyendas que han dado forma al car\u00e1cter distintivo de Catania. Tanto si es un aficionado a la historia, un amante de la gastronom\u00eda o simplemente busca experimentar el animado ambiente de la ciudad, nuestra excursi\u00f3n privada a Catania desde Taormina le dejar\u00e1 recuerdos inolvidables de esta encantadora joya siciliana.<\/span><\/p>\n<h2><b>Puntos de inter\u00e9s de la excursi\u00f3n privada a Catania desde Taormina<\/b><\/h2>\n<p><span style=\"font-weight: 400;\">Descubra las numerosas maravillas que le ofrece Catania en este completo recorrido privado. Visite lugares emblem\u00e1ticos, admire la impresionante arquitectura barroca y sum\u00e9rjase en el rico patrimonio cultural de la ciudad. Nuestro itinerario, cuidadosamente seleccionado, destaca las atracciones imprescindibles y las joyas ocultas de Catania, proporcionando una experiencia inolvidable a cada viajero.<\/span><\/p>\n<h3><b>Plaza del Duomo<\/b><\/h3>\n<p><span style=\"font-weight: 400;\">La Piazza del Duomo es el coraz\u00f3n de Catania, una magn\u00edfica plaza rodeada de impresionantes edificios barrocos y monumentos hist\u00f3ricos. La plaza alberga la ic\u00f3nica Fuente del Elefante, s\u00edmbolo de la ciudad, y la impresionante Catedral de Catania, dedicada a Santa \u00c1gueda. Este espacio vivo y vibrante es una parada imprescindible en cualquier recorrido por Catania. Adem\u00e1s de su bella arquitectura, la Piazza del Duomo acoge diversos eventos y festivales a lo largo del a\u00f1o, lo que la convierte en un importante centro cultural tanto para los lugare\u00f1os como para los visitantes.<\/span><\/p>\n<h3><b>Anfiteatro romano<\/b><\/h3>\n<p><span style=\"font-weight: 400;\">El Anfiteatro Romano de Catania es una notable estructura antigua, que data del siglo II d.C.. En su d\u00eda capaz de albergar hasta 16.000 espectadores, las ruinas de esta enorme arena ofrecen una visi\u00f3n del pasado romano de la ciudad. Las excavaciones han revelado los intrincados pasadizos y c\u00e1maras subterr\u00e1neas, que se suman al encanto del lugar. El anfiteatro es tambi\u00e9n un importante lugar de celebraci\u00f3n de eventos y espect\u00e1culos modernos, lo que permite a los visitantes experimentar de primera mano su atm\u00f3sfera hist\u00f3rica y su incre\u00edble ac\u00fastica.<\/span><\/p>\n<h3><b>Via Etnea<\/b><\/h3>\n<p><span style=\"font-weight: 400;\">Via Etnea, la principal arteria de Catania, es una bulliciosa calle bordeada de elegantes edificios barrocos, boutiques con estilo y acogedores caf\u00e9s. Al pasear por esta vibrante avenida, descubrir\u00e1 la mezcla \u00fanica de historia y modernidad de Catania, con antiguas iglesias y palacios junto a tiendas y restaurantes contempor\u00e1neos. Via Etnea es tambi\u00e9n un lugar ideal para degustar la deliciosa comida callejera de la ciudad, que ofrece un aut\u00e9ntico sabor de la cocina siciliana en medio del cautivador paisaje urbano.<\/span><\/p>\n<h3><b>Castillo de Ursino<\/b><\/h3>\n<p><span style=\"font-weight: 400;\">El Castillo Ursino, una impresionante fortaleza del siglo XIII, se alza orgulloso en el coraz\u00f3n de Catania. Construido originalmente como residencia real para el emperador Federico II, el castillo tiene una historia repleta de relatos y ha desempe\u00f1ado diversas funciones a lo largo de los siglos, entre ellas la de prisi\u00f3n y cuartel. Hoy en d\u00eda, el castillo alberga el Museo C\u00edvico, que exhibe una extensa colecci\u00f3n de arte y artefactos que celebran el rico patrimonio de Catania. La imponente estructura y las fascinantes exposiciones hacen del Castillo Ursino un destino de visita obligada tanto para los entusiastas de la historia como para los amantes del arte.<\/span><\/p>\n<p><span style=\"font-weight: 400;\">Tour Travel and More ofrece una amplia gama de visitas privadas adaptadas a sus intereses y necesidades. Visite nuestra p\u00e1gina web para consultar nuestra amplia lista de excursiones en Taormina y m\u00e1s all\u00e1. <\/span><a href=\"https:\/\/tourtravelandmore.com\/es\/ciudad\/italia-es\/taormina-es\/\"><span style=\"font-weight: 400;\">Disfrute de lo mejor de Sicilia con nuestros gu\u00edas expertos y nuestros itinerarios personalizables.<\/span><\/a><\/p>\n","protected":false},"excerpt":{"rendered":"<p><span style=\"font-weight: 400;\">Explore la vibrante ciudad de Catania en una excursi\u00f3n privada de 6 horas desde Taormina, descubriendo sus monumentos hist\u00f3ricos, su impresionante arquitectura y sus bulliciosas calles.<\/span><\/p>\n","protected":false},"featured_media":159790,"comment_status":"open","ping_status":"closed","template":"","meta":{"_acf_changed":false},"product_brand":[],"product_cat":[4362,4375,4307],"product_tag":[],"class_list":{"0":"post-159796","1":"product","2":"type-product","3":"status-publish","4":"has-post-thumbnail","6":"product_cat-todos-los-tours-y-actividades-privadas-taormina","7":"product_cat-visitas-turisticas-privadas-es-2","8":"product_cat-taormina-es","10":"first","11":"instock","12":"shipping-taxable","13":"purchasable","14":"product-type-simple"},"acf":[],"yoast_head":"<!-- This site is optimized with the Yoast SEO Premium plugin v25.3.1 (Yoast SEO v25.3.1) - https:\/\/yoast.com\/wordpress\/plugins\/seo\/ -->\n<title>\u27a1\ufe0f Tour privado a Catania desde Taormina con Tour Travel and More<\/title>\n<meta name=\"description\" content=\"Descubra la cautivadora ciudad de Catania en un tour privado de 6 horas desde Taormina, explorando lugares emblem\u00e1ticos y joyas ocultas con Tour Travel and More \u2705.\" \/>\n<meta name=\"robots\" content=\"index, follow, max-snippet:-1, max-image-preview:large, max-video-preview:-1\" \/>\n<link rel=\"canonical\" href=\"https:\/\/tourtravelandmore.com\/es\/tours\/italia-es\/taormina-es\/todos-los-tours-y-actividades-privadas-taormina\/excursion-privada-a-catania-desde-taormina\/\" \/>\n<meta property=\"og:locale\" content=\"es_ES\" \/>\n<meta property=\"og:type\" content=\"article\" \/>\n<meta property=\"og:title\" content=\"Excursi\u00f3n privada a Catania desde Taormina\" \/>\n<meta property=\"og:description\" content=\"Descubra la cautivadora ciudad de Catania en un tour privado de 6 horas desde Taormina, explorando lugares emblem\u00e1ticos y joyas ocultas con Tour Travel and More \u2705.\" \/>\n<meta property=\"og:url\" content=\"https:\/\/tourtravelandmore.com\/es\/tours\/italia-es\/taormina-es\/todos-los-tours-y-actividades-privadas-taormina\/excursion-privada-a-catania-desde-taormina\/\" \/>\n<meta property=\"og:site_name\" content=\"Tour Travel And More\" \/>\n<meta property=\"article:publisher\" content=\"https:\/\/www.facebook.com\/tourtravelandmore\/\" \/>\n<meta property=\"article:modified_time\" content=\"2023-04-22T03:20:47+00:00\" \/>\n<meta property=\"og:image\" content=\"https:\/\/tourtravelandmore.com\/wp-content\/uploads\/2023\/04\/image4-4.jpg\" \/>\n\t<meta property=\"og:image:width\" content=\"950\" \/>\n\t<meta property=\"og:image:height\" content=\"750\" \/>\n\t<meta property=\"og:image:type\" content=\"image\/jpeg\" \/>\n<meta name=\"twitter:card\" content=\"summary_large_image\" \/>\n<meta name=\"twitter:site\" content=\"@TourTravel_More\" \/>\n<meta name=\"twitter:label1\" content=\"Tiempo de lectura\" \/>\n\t<meta name=\"twitter:data1\" content=\"4 minutos\" \/>\n<script type=\"application\/ld+json\" class=\"yoast-schema-graph\">{\"@context\":\"https:\/\/schema.org\",\"@graph\":[{\"@type\":\"WebPage\",\"@id\":\"https:\/\/tourtravelandmore.com\/es\/tours\/italia-es\/taormina-es\/todos-los-tours-y-actividades-privadas-taormina\/excursion-privada-a-catania-desde-taormina\/\",\"url\":\"https:\/\/tourtravelandmore.com\/es\/tours\/italia-es\/taormina-es\/todos-los-tours-y-actividades-privadas-taormina\/excursion-privada-a-catania-desde-taormina\/\",\"name\":\"\u27a1\ufe0f Tour privado a Catania desde Taormina con Tour Travel and More\",\"isPartOf\":{\"@id\":\"https:\/\/tourtravelandmore.com\/es\/#website\"},\"primaryImageOfPage\":{\"@id\":\"https:\/\/tourtravelandmore.com\/es\/tours\/italia-es\/taormina-es\/todos-los-tours-y-actividades-privadas-taormina\/excursion-privada-a-catania-desde-taormina\/#primaryimage\"},\"image\":{\"@id\":\"https:\/\/tourtravelandmore.com\/es\/tours\/italia-es\/taormina-es\/todos-los-tours-y-actividades-privadas-taormina\/excursion-privada-a-catania-desde-taormina\/#primaryimage\"},\"thumbnailUrl\":\"https:\/\/tourtravelandmore.com\/wp-content\/uploads\/2023\/04\/image4-4.jpg\",\"datePublished\":\"2023-04-01T00:52:20+00:00\",\"dateModified\":\"2023-04-22T03:20:47+00:00\",\"description\":\"Descubra la cautivadora ciudad de Catania en un tour privado de 6 horas desde Taormina, explorando lugares emblem\u00e1ticos y joyas ocultas con Tour Travel and More \u2705.\",\"breadcrumb\":{\"@id\":\"https:\/\/tourtravelandmore.com\/es\/tours\/italia-es\/taormina-es\/todos-los-tours-y-actividades-privadas-taormina\/excursion-privada-a-catania-desde-taormina\/#breadcrumb\"},\"inLanguage\":\"es\",\"potentialAction\":[{\"@type\":\"ReadAction\",\"target\":[\"https:\/\/tourtravelandmore.com\/es\/tours\/italia-es\/taormina-es\/todos-los-tours-y-actividades-privadas-taormina\/excursion-privada-a-catania-desde-taormina\/\"]}]},{\"@type\":\"ImageObject\",\"inLanguage\":\"es\",\"@id\":\"https:\/\/tourtravelandmore.com\/es\/tours\/italia-es\/taormina-es\/todos-los-tours-y-actividades-privadas-taormina\/excursion-privada-a-catania-desde-taormina\/#primaryimage\",\"url\":\"https:\/\/tourtravelandmore.com\/wp-content\/uploads\/2023\/04\/image4-4.jpg\",\"contentUrl\":\"https:\/\/tourtravelandmore.com\/wp-content\/uploads\/2023\/04\/image4-4.jpg\",\"width\":950,\"height\":750},{\"@type\":\"BreadcrumbList\",\"@id\":\"https:\/\/tourtravelandmore.com\/es\/tours\/italia-es\/taormina-es\/todos-los-tours-y-actividades-privadas-taormina\/excursion-privada-a-catania-desde-taormina\/#breadcrumb\",\"itemListElement\":[{\"@type\":\"ListItem\",\"position\":1,\"name\":\"Home\",\"item\":\"https:\/\/tourtravelandmore.com\/es\/\"},{\"@type\":\"ListItem\",\"position\":2,\"name\":\"Tours\",\"item\":\"https:\/\/tourtravelandmore.com\/es\/tours\/\"},{\"@type\":\"ListItem\",\"position\":3,\"name\":\"Excursi\u00f3n privada a Catania desde Taormina\"}]},{\"@type\":\"WebSite\",\"@id\":\"https:\/\/tourtravelandmore.com\/es\/#website\",\"url\":\"https:\/\/tourtravelandmore.com\/es\/\",\"name\":\"Tour Travel And More\",\"description\":\"Private sightseeing tours and luxury transfers in Spain\",\"publisher\":{\"@id\":\"https:\/\/tourtravelandmore.com\/es\/#organization\"},\"potentialAction\":[{\"@type\":\"SearchAction\",\"target\":{\"@type\":\"EntryPoint\",\"urlTemplate\":\"https:\/\/tourtravelandmore.com\/es\/?s={search_term_string}\"},\"query-input\":{\"@type\":\"PropertyValueSpecification\",\"valueRequired\":true,\"valueName\":\"search_term_string\"}}],\"inLanguage\":\"es\"},{\"@type\":\"Organization\",\"@id\":\"https:\/\/tourtravelandmore.com\/es\/#organization\",\"name\":\"Tour Travel And More\",\"url\":\"https:\/\/tourtravelandmore.com\/es\/\",\"logo\":{\"@type\":\"ImageObject\",\"inLanguage\":\"es\",\"@id\":\"https:\/\/tourtravelandmore.com\/es\/#\/schema\/logo\/image\/\",\"url\":\"https:\/\/tourtravelandmore.com\/wp-content\/uploads\/2022\/12\/cropped-logo-cabecera-new.png\",\"contentUrl\":\"https:\/\/tourtravelandmore.com\/wp-content\/uploads\/2022\/12\/cropped-logo-cabecera-new.png\",\"width\":430,\"height\":61,\"caption\":\"Tour Travel And More\"},\"image\":{\"@id\":\"https:\/\/tourtravelandmore.com\/es\/#\/schema\/logo\/image\/\"},\"sameAs\":[\"https:\/\/www.facebook.com\/tourtravelandmore\/\",\"https:\/\/x.com\/TourTravel_More\"]}]}<\/script>\n<!-- \/ Yoast SEO Premium plugin. -->","yoast_head_json":{"title":"\u27a1\ufe0f Tour privado a Catania desde Taormina con Tour Travel and More","description":"Descubra la cautivadora ciudad de Catania en un tour privado de 6 horas desde Taormina, explorando lugares emblem\u00e1ticos y joyas ocultas con Tour Travel and More \u2705.","robots":{"index":"index","follow":"follow","max-snippet":"max-snippet:-1","max-image-preview":"max-image-preview:large","max-video-preview":"max-video-preview:-1"},"canonical":"https:\/\/tourtravelandmore.com\/es\/tours\/italia-es\/taormina-es\/todos-los-tours-y-actividades-privadas-taormina\/excursion-privada-a-catania-desde-taormina\/","og_locale":"es_ES","og_type":"article","og_title":"Excursi\u00f3n privada a Catania desde Taormina","og_description":"Descubra la cautivadora ciudad de Catania en un tour privado de 6 horas desde Taormina, explorando lugares emblem\u00e1ticos y joyas ocultas con Tour Travel and More \u2705.","og_url":"https:\/\/tourtravelandmore.com\/es\/tours\/italia-es\/taormina-es\/todos-los-tours-y-actividades-privadas-taormina\/excursion-privada-a-catania-desde-taormina\/","og_site_name":"Tour Travel And More","article_publisher":"https:\/\/www.facebook.com\/tourtravelandmore\/","article_modified_time":"2023-04-22T03:20:47+00:00","og_image":[{"width":950,"height":750,"url":"https:\/\/tourtravelandmore.com\/wp-content\/uploads\/2023\/04\/image4-4.jpg","type":"image\/jpeg"}],"twitter_card":"summary_large_image","twitter_site":"@TourTravel_More","twitter_misc":{"Tiempo de lectura":"4 minutos"},"schema":{"@context":"https:\/\/schema.org","@graph":[{"@type":"WebPage","@id":"https:\/\/tourtravelandmore.com\/es\/tours\/italia-es\/taormina-es\/todos-los-tours-y-actividades-privadas-taormina\/excursion-privada-a-catania-desde-taormina\/","url":"https:\/\/tourtravelandmore.com\/es\/tours\/italia-es\/taormina-es\/todos-los-tours-y-actividades-privadas-taormina\/excursion-privada-a-catania-desde-taormina\/","name":"\u27a1\ufe0f Tour privado a Catania desde Taormina con Tour Travel and More","isPartOf":{"@id":"https:\/\/tourtravelandmore.com\/es\/#website"},"primaryImageOfPage":{"@id":"https:\/\/tourtravelandmore.com\/es\/tours\/italia-es\/taormina-es\/todos-los-tours-y-actividades-privadas-taormina\/excursion-privada-a-catania-desde-taormina\/#primaryimage"},"image":{"@id":"https:\/\/tourtravelandmore.com\/es\/tours\/italia-es\/taormina-es\/todos-los-tours-y-actividades-privadas-taormina\/excursion-privada-a-catania-desde-taormina\/#primaryimage"},"thumbnailUrl":"https:\/\/tourtravelandmore.com\/wp-content\/uploads\/2023\/04\/image4-4.jpg","datePublished":"2023-04-01T00:52:20+00:00","dateModified":"2023-04-22T03:20:47+00:00","description":"Descubra la cautivadora ciudad de Catania en un tour privado de 6 horas desde Taormina, explorando lugares emblem\u00e1ticos y joyas ocultas con Tour Travel and More \u2705.","breadcrumb":{"@id":"https:\/\/tourtravelandmore.com\/es\/tours\/italia-es\/taormina-es\/todos-los-tours-y-actividades-privadas-taormina\/excursion-privada-a-catania-desde-taormina\/#breadcrumb"},"inLanguage":"es","potentialAction":[{"@type":"ReadAction","target":["https:\/\/tourtravelandmore.com\/es\/tours\/italia-es\/taormina-es\/todos-los-tours-y-actividades-privadas-taormina\/excursion-privada-a-catania-desde-taormina\/"]}]},{"@type":"ImageObject","inLanguage":"es","@id":"https:\/\/tourtravelandmore.com\/es\/tours\/italia-es\/taormina-es\/todos-los-tours-y-actividades-privadas-taormina\/excursion-privada-a-catania-desde-taormina\/#primaryimage","url":"https:\/\/tourtravelandmore.com\/wp-content\/uploads\/2023\/04\/image4-4.jpg","contentUrl":"https:\/\/tourtravelandmore.com\/wp-content\/uploads\/2023\/04\/image4-4.jpg","width":950,"height":750},{"@type":"BreadcrumbList","@id":"https:\/\/tourtravelandmore.com\/es\/tours\/italia-es\/taormina-es\/todos-los-tours-y-actividades-privadas-taormina\/excursion-privada-a-catania-desde-taormina\/#breadcrumb","itemListElement":[{"@type":"ListItem","position":1,"name":"Home","item":"https:\/\/tourtravelandmore.com\/es\/"},{"@type":"ListItem","position":2,"name":"Tours","item":"https:\/\/tourtravelandmore.com\/es\/tours\/"},{"@type":"ListItem","position":3,"name":"Excursi\u00f3n privada a Catania desde Taormina"}]},{"@type":"WebSite","@id":"https:\/\/tourtravelandmore.com\/es\/#website","url":"https:\/\/tourtravelandmore.com\/es\/","name":"Tour Travel And More","description":"Private sightseeing tours and luxury transfers in Spain","publisher":{"@id":"https:\/\/tourtravelandmore.com\/es\/#organization"},"potentialAction":[{"@type":"SearchAction","target":{"@type":"EntryPoint","urlTemplate":"https:\/\/tourtravelandmore.com\/es\/?s={search_term_string}"},"query-input":{"@type":"PropertyValueSpecification","valueRequired":true,"valueName":"search_term_string"}}],"inLanguage":"es"},{"@type":"Organization","@id":"https:\/\/tourtravelandmore.com\/es\/#organization","name":"Tour Travel And More","url":"https:\/\/tourtravelandmore.com\/es\/","logo":{"@type":"ImageObject","inLanguage":"es","@id":"https:\/\/tourtravelandmore.com\/es\/#\/schema\/logo\/image\/","url":"https:\/\/tourtravelandmore.com\/wp-content\/uploads\/2022\/12\/cropped-logo-cabecera-new.png","contentUrl":"https:\/\/tourtravelandmore.com\/wp-content\/uploads\/2022\/12\/cropped-logo-cabecera-new.png","width":430,"height":61,"caption":"Tour Travel And More"},"image":{"@id":"https:\/\/tourtravelandmore.com\/es\/#\/schema\/logo\/image\/"},"sameAs":["https:\/\/www.facebook.com\/tourtravelandmore\/","https:\/\/x.com\/TourTravel_More"]}]}},"_links":{"self":[{"href":"https:\/\/tourtravelandmore.com\/es\/wp-json\/wp\/v2\/product\/159796","targetHints":{"allow":["GET"]}}],"collection":[{"href":"https:\/\/tourtravelandmore.com\/es\/wp-json\/wp\/v2\/product"}],"about":[{"href":"https:\/\/tourtravelandmore.com\/es\/wp-json\/wp\/v2\/types\/product"}],"replies":[{"embeddable":true,"href":"https:\/\/tourtravelandmore.com\/es\/wp-json\/wp\/v2\/comments?post=159796"}],"wp:featuredmedia":[{"embeddable":true,"href":"https:\/\/tourtravelandmore.com\/es\/wp-json\/wp\/v2\/media\/159790"}],"wp:attachment":[{"href":"https:\/\/tourtravelandmore.com\/es\/wp-json\/wp\/v2\/media?parent=159796"}],"wp:term":[{"taxonomy":"product_brand","embeddable":true,"href":"https:\/\/tourtravelandmore.com\/es\/wp-json\/wp\/v2\/product_brand?post=159796"},{"taxonomy":"product_cat","embeddable":true,"href":"https:\/\/tourtravelandmore.com\/es\/wp-json\/wp\/v2\/product_cat?post=159796"},{"taxonomy":"product_tag","embeddable":true,"href":"https:\/\/tourtravelandmore.com\/es\/wp-json\/wp\/v2\/product_tag?post=159796"}],"curies":[{"name":"wp","href":"https:\/\/api.w.org\/{rel}","templated":true}]}}