{"id":159765,"date":"2023-04-01T02:35:54","date_gmt":"2023-04-01T00:35:54","guid":{"rendered":"https:\/\/tourtravelandmore.com\/tours\/sin%20categor\u00eda\/traslado-privado-desde-el-aeropuerto-de-catania-a-taormina\/"},"modified":"2023-04-22T05:22:50","modified_gmt":"2023-04-22T03:22:50","slug":"traslado-privado-desde-el-aeropuerto-de-catania-a-taormina","status":"publish","type":"product","link":"https:\/\/tourtravelandmore.com\/es\/tours\/italia-es\/taormina-es\/todos-los-tours-y-actividades-privadas-taormina\/traslado-privado-desde-el-aeropuerto-de-catania-a-taormina\/","title":{"rendered":"Traslado Privado desde el Aeropuerto de Catania a Taormina"},"content":{"rendered":"<h2><b>Traslado Privado desde el Aeropuerto de Catania a Taormina Descripci\u00f3n<\/b><\/h2>\n<p><span style=\"font-weight: 400;\">Llegue a Sicilia sin problemas reservando un traslado privado desde el Aeropuerto de Catania a la hermosa ciudad costera de Taormina. Tour Travel and More proporciona un veh\u00edculo c\u00f3modo con un conductor profesional para garantizar un viaje tranquilo, c\u00f3modo y seguro. Diga adi\u00f3s al estr\u00e9s del transporte p\u00fablico y disfrute de las impresionantes vistas del paisaje siciliano mientras viaja con estilo y comodidad.<\/span><\/p>\n<h2><b>Traslado Privado desde el Aeropuerto de Catania a los Puntos de Inter\u00e9s de Taormina<\/b><\/h2>\n<p><span style=\"font-weight: 400;\">Aunque este servicio de traslado no incluye una visita guiada, el trayecto entre Catania y Taormina ofrece paisajes impresionantes y vistas de algunos puntos de inter\u00e9s notables. No pierda de vista la exuberante vegetaci\u00f3n, los pintorescos pueblos y la encantadora costa mientras se dirige a su destino.<\/span><\/p>\n<h2><b>Lugares de inter\u00e9s en Taormina<\/b><\/h2>\n<p><span style=\"font-weight: 400;\">Taormina, una pintoresca ciudad costera de Sicilia, cuenta con una rica historia, una cultura vibrante y una impresionante belleza natural. Con sus antiguas ruinas griegas y romanas, sus encantadoras calles y sus impresionantes vistas, Taormina es un tesoro de experiencias por descubrir. Explore los monumentos y lugares de inter\u00e9s m\u00e1s populares de la ciudad para realizar un viaje inolvidable al coraz\u00f3n de Sicilia.<\/span><\/p>\n<h3><b>Antiguo Teatro de Taormina<\/b><\/h3>\n<p><span style=\"font-weight: 400;\">El Antiguo Teatro de Taormina, construido por los griegos en el siglo III a.C., es un monumento emblem\u00e1tico que ofrece vistas panor\u00e1micas del mar J\u00f3nico y el Etna. El teatro acoge eventos, conciertos y representaciones, lo que lo convierte en un importante centro cultural de la regi\u00f3n. Marav\u00edllese con la maestr\u00eda arquitect\u00f3nica de esta antigua estructura mientras realiza una visita guiada, aprende sobre su historia y no se pierda la oportunidad de asistir a un evento en directo en medio del impresionante tel\u00f3n de fondo.<\/span><\/p>\n<h3><b>Isola Bella<\/b><\/h3>\n<p><span style=\"font-weight: 400;\">Isola Bella, una peque\u00f1a isla y reserva natural, es una visita obligada por sus impresionantes playas, aguas cristalinas y vibrante vida marina. Conectada a tierra firme por un estrecho sendero, la isla ofrece el escenario perfecto para relajarse y explorar. Disfrute tomando el sol, nadando y practicando snorkel en las aguas cristalinas o camine por la reserva natural para descubrir su flora y fauna \u00fanicas, todo ello mientras disfruta de unas vistas espectaculares.<\/span><\/p>\n<h3><b>Corso Umberto<\/b><\/h3>\n<p><span style=\"font-weight: 400;\">Pasee por el encantador Corso Umberto, la calle principal de Taormina, donde encontrar\u00e1 una gran variedad de tiendas, boutiques, cafeter\u00edas y restaurantes. La hist\u00f3rica calle est\u00e1 flanqueada por hermosos edificios, que ofrecen a los visitantes una encantadora ventana al pasado de Taormina. Descubra la rica historia y la belleza arquitect\u00f3nica de la ciudad mientras explora lugares emblem\u00e1ticos como la Piazza IX Aprile, el Palazzo Corvaja y la Torre dell&#8217;Orologio.<\/span><\/p>\n<h3><b>Jardines P\u00fablicos de Taormina<\/b><\/h3>\n<p><span style=\"font-weight: 400;\">Los Jardines P\u00fablicos de Taormina, un exuberante oasis verde en el coraz\u00f3n de la ciudad, ofrecen un tranquilo retiro de las bulliciosas calles. Con sus cuidados paisajes, sus pintorescos senderos y sus impresionantes vistas, los jardines son un lugar ideal para relajarse y pasear sin prisas. Admire las singulares y diversas especies vegetales, as\u00ed como las elegantes esculturas y monumentos, y no olvide capturar unas hermosas fotograf\u00edas con el mar y el Etna como tel\u00f3n de fondo.<\/span><\/p>\n<h3><b>Castelmola<\/b><\/h3>\n<p><span style=\"font-weight: 400;\">Encaramado en lo alto de una colina sobre Taormina, el encantador pueblo de Castelmola ofrece impresionantes vistas de la campi\u00f1a y la costa circundantes. Explore sus callejuelas, lugares hist\u00f3ricos y tiendas locales para vivir una aut\u00e9ntica experiencia siciliana. Visite el Castello di Mola, del siglo XIII, saboree un tradicional vino de almendras en el Bar Turrisi y disfrute de las vistas panor\u00e1micas desde la Piazza Sant&#8217;Antonio, que muestra lo mejor del encantador ambiente de Castelmola.<\/span><\/p>\n<h3><b>Naumachie<\/b><\/h3>\n<p><span style=\"font-weight: 400;\">La Naumachie es un fascinante yacimiento arqueol\u00f3gico que presenta una impresionante muralla helen\u00edstico-romana con grandes nichos, construida originalmente como dep\u00f3sito de agua. Esta antigua estructura, de 120 metros de longitud y 5 metros de altura, muestra las notables habilidades de ingenier\u00eda de la \u00e9poca. Pasee por el yacimiento para hacerse una idea del rico pasado de Taormina y apreciar el ingenio de las antiguas civilizaciones.<\/span><\/p>\n<p><span style=\"font-weight: 400;\">Para una experiencia m\u00e1s envolvente, <\/span><a href=\"https:\/\/tourtravelandmore.com\/es\/ciudad\/italia-es\/taormina-es\/\"><span style=\"font-weight: 400;\">explore nuestra lista de excursiones privadas en Taormina ofrecidas por Tour Travel and More.<\/span><\/a><span style=\"font-weight: 400;\"> Vis\u00edtenos y descubra una amplia gama de experiencias inolvidables adaptadas a sus preferencias.<\/span><\/p>\n","protected":false},"excerpt":{"rendered":"<p><span style=\"font-weight: 400;\">Reserve un traslado privado desde el aeropuerto de Catania a Taormina con Tour Travel and More, garantizando un viaje c\u00f3modo y sin estr\u00e9s mientras disfruta del impresionante paisaje siciliano.<\/span><\/p>\n","protected":false},"featured_media":142990,"comment_status":"open","ping_status":"closed","template":"","meta":{"_acf_changed":false},"product_brand":[],"product_cat":[4362,4377,4307],"product_tag":[],"class_list":{"0":"post-159765","1":"product","2":"type-product","3":"status-publish","4":"has-post-thumbnail","6":"product_cat-todos-los-tours-y-actividades-privadas-taormina","7":"product_cat-traslados-privados-es-2","8":"product_cat-taormina-es","10":"first","11":"instock","12":"shipping-taxable","13":"purchasable","14":"product-type-simple"},"acf":[],"yoast_head":"<!-- This site is optimized with the Yoast SEO Premium plugin v25.3.1 (Yoast SEO v25.3.1) - https:\/\/yoast.com\/wordpress\/plugins\/seo\/ -->\n<title>\u27a1\ufe0f Traslado Privado desde el Aeropuerto de Catania a Taormina | Tour Travel and More<\/title>\n<meta name=\"description\" content=\"Reserve un traslado privado desde el aeropuerto de Catania a Taormina con Tour Travel and More. Disfrute de un viaje sin estr\u00e9s y el impresionante paisaje siciliano. \u00a1Reserve ahora! \u2705\" \/>\n<meta name=\"robots\" content=\"index, follow, max-snippet:-1, max-image-preview:large, max-video-preview:-1\" \/>\n<link rel=\"canonical\" href=\"https:\/\/tourtravelandmore.com\/es\/tours\/italia-es\/taormina-es\/todos-los-tours-y-actividades-privadas-taormina\/traslado-privado-desde-el-aeropuerto-de-catania-a-taormina\/\" \/>\n<meta property=\"og:locale\" content=\"es_ES\" \/>\n<meta property=\"og:type\" content=\"article\" \/>\n<meta property=\"og:title\" content=\"Traslado Privado desde el Aeropuerto de Catania a Taormina\" \/>\n<meta property=\"og:description\" content=\"Reserve un traslado privado desde el aeropuerto de Catania a Taormina con Tour Travel and More. Disfrute de un viaje sin estr\u00e9s y el impresionante paisaje siciliano. \u00a1Reserve ahora! \u2705\" \/>\n<meta property=\"og:url\" content=\"https:\/\/tourtravelandmore.com\/es\/tours\/italia-es\/taormina-es\/todos-los-tours-y-actividades-privadas-taormina\/traslado-privado-desde-el-aeropuerto-de-catania-a-taormina\/\" \/>\n<meta property=\"og:site_name\" content=\"Tour Travel And More\" \/>\n<meta property=\"article:publisher\" content=\"https:\/\/www.facebook.com\/tourtravelandmore\/\" \/>\n<meta property=\"article:modified_time\" content=\"2023-04-22T03:22:50+00:00\" \/>\n<meta property=\"og:image\" content=\"https:\/\/tourtravelandmore.com\/wp-content\/uploads\/2019\/10\/58.jpg\" \/>\n\t<meta property=\"og:image:width\" content=\"720\" \/>\n\t<meta property=\"og:image:height\" content=\"480\" \/>\n\t<meta property=\"og:image:type\" content=\"image\/jpeg\" \/>\n<meta name=\"twitter:card\" content=\"summary_large_image\" \/>\n<meta name=\"twitter:site\" content=\"@TourTravel_More\" \/>\n<meta name=\"twitter:label1\" content=\"Tiempo de lectura\" \/>\n\t<meta name=\"twitter:data1\" content=\"4 minutos\" \/>\n<script type=\"application\/ld+json\" class=\"yoast-schema-graph\">{\"@context\":\"https:\/\/schema.org\",\"@graph\":[{\"@type\":\"WebPage\",\"@id\":\"https:\/\/tourtravelandmore.com\/es\/tours\/italia-es\/taormina-es\/todos-los-tours-y-actividades-privadas-taormina\/traslado-privado-desde-el-aeropuerto-de-catania-a-taormina\/\",\"url\":\"https:\/\/tourtravelandmore.com\/es\/tours\/italia-es\/taormina-es\/todos-los-tours-y-actividades-privadas-taormina\/traslado-privado-desde-el-aeropuerto-de-catania-a-taormina\/\",\"name\":\"\u27a1\ufe0f Traslado Privado desde el Aeropuerto de Catania a Taormina | Tour Travel and More\",\"isPartOf\":{\"@id\":\"https:\/\/tourtravelandmore.com\/es\/#website\"},\"primaryImageOfPage\":{\"@id\":\"https:\/\/tourtravelandmore.com\/es\/tours\/italia-es\/taormina-es\/todos-los-tours-y-actividades-privadas-taormina\/traslado-privado-desde-el-aeropuerto-de-catania-a-taormina\/#primaryimage\"},\"image\":{\"@id\":\"https:\/\/tourtravelandmore.com\/es\/tours\/italia-es\/taormina-es\/todos-los-tours-y-actividades-privadas-taormina\/traslado-privado-desde-el-aeropuerto-de-catania-a-taormina\/#primaryimage\"},\"thumbnailUrl\":\"https:\/\/tourtravelandmore.com\/wp-content\/uploads\/2019\/10\/58.jpg\",\"datePublished\":\"2023-04-01T00:35:54+00:00\",\"dateModified\":\"2023-04-22T03:22:50+00:00\",\"description\":\"Reserve un traslado privado desde el aeropuerto de Catania a Taormina con Tour Travel and More. Disfrute de un viaje sin estr\u00e9s y el impresionante paisaje siciliano. \u00a1Reserve ahora! \u2705\",\"breadcrumb\":{\"@id\":\"https:\/\/tourtravelandmore.com\/es\/tours\/italia-es\/taormina-es\/todos-los-tours-y-actividades-privadas-taormina\/traslado-privado-desde-el-aeropuerto-de-catania-a-taormina\/#breadcrumb\"},\"inLanguage\":\"es\",\"potentialAction\":[{\"@type\":\"ReadAction\",\"target\":[\"https:\/\/tourtravelandmore.com\/es\/tours\/italia-es\/taormina-es\/todos-los-tours-y-actividades-privadas-taormina\/traslado-privado-desde-el-aeropuerto-de-catania-a-taormina\/\"]}]},{\"@type\":\"ImageObject\",\"inLanguage\":\"es\",\"@id\":\"https:\/\/tourtravelandmore.com\/es\/tours\/italia-es\/taormina-es\/todos-los-tours-y-actividades-privadas-taormina\/traslado-privado-desde-el-aeropuerto-de-catania-a-taormina\/#primaryimage\",\"url\":\"https:\/\/tourtravelandmore.com\/wp-content\/uploads\/2019\/10\/58.jpg\",\"contentUrl\":\"https:\/\/tourtravelandmore.com\/wp-content\/uploads\/2019\/10\/58.jpg\",\"width\":720,\"height\":480},{\"@type\":\"BreadcrumbList\",\"@id\":\"https:\/\/tourtravelandmore.com\/es\/tours\/italia-es\/taormina-es\/todos-los-tours-y-actividades-privadas-taormina\/traslado-privado-desde-el-aeropuerto-de-catania-a-taormina\/#breadcrumb\",\"itemListElement\":[{\"@type\":\"ListItem\",\"position\":1,\"name\":\"Home\",\"item\":\"https:\/\/tourtravelandmore.com\/es\/\"},{\"@type\":\"ListItem\",\"position\":2,\"name\":\"Tours\",\"item\":\"https:\/\/tourtravelandmore.com\/es\/tours\/\"},{\"@type\":\"ListItem\",\"position\":3,\"name\":\"Traslado Privado desde el Aeropuerto de Catania a Taormina\"}]},{\"@type\":\"WebSite\",\"@id\":\"https:\/\/tourtravelandmore.com\/es\/#website\",\"url\":\"https:\/\/tourtravelandmore.com\/es\/\",\"name\":\"Tour Travel And More\",\"description\":\"Private sightseeing tours and luxury transfers in Spain\",\"publisher\":{\"@id\":\"https:\/\/tourtravelandmore.com\/es\/#organization\"},\"potentialAction\":[{\"@type\":\"SearchAction\",\"target\":{\"@type\":\"EntryPoint\",\"urlTemplate\":\"https:\/\/tourtravelandmore.com\/es\/?s={search_term_string}\"},\"query-input\":{\"@type\":\"PropertyValueSpecification\",\"valueRequired\":true,\"valueName\":\"search_term_string\"}}],\"inLanguage\":\"es\"},{\"@type\":\"Organization\",\"@id\":\"https:\/\/tourtravelandmore.com\/es\/#organization\",\"name\":\"Tour Travel And More\",\"url\":\"https:\/\/tourtravelandmore.com\/es\/\",\"logo\":{\"@type\":\"ImageObject\",\"inLanguage\":\"es\",\"@id\":\"https:\/\/tourtravelandmore.com\/es\/#\/schema\/logo\/image\/\",\"url\":\"https:\/\/tourtravelandmore.com\/wp-content\/uploads\/2022\/12\/cropped-logo-cabecera-new.png\",\"contentUrl\":\"https:\/\/tourtravelandmore.com\/wp-content\/uploads\/2022\/12\/cropped-logo-cabecera-new.png\",\"width\":430,\"height\":61,\"caption\":\"Tour Travel And More\"},\"image\":{\"@id\":\"https:\/\/tourtravelandmore.com\/es\/#\/schema\/logo\/image\/\"},\"sameAs\":[\"https:\/\/www.facebook.com\/tourtravelandmore\/\",\"https:\/\/x.com\/TourTravel_More\"]}]}<\/script>\n<!-- \/ Yoast SEO Premium plugin. -->","yoast_head_json":{"title":"\u27a1\ufe0f Traslado Privado desde el Aeropuerto de Catania a Taormina | Tour Travel and More","description":"Reserve un traslado privado desde el aeropuerto de Catania a Taormina con Tour Travel and More. Disfrute de un viaje sin estr\u00e9s y el impresionante paisaje siciliano. \u00a1Reserve ahora! \u2705","robots":{"index":"index","follow":"follow","max-snippet":"max-snippet:-1","max-image-preview":"max-image-preview:large","max-video-preview":"max-video-preview:-1"},"canonical":"https:\/\/tourtravelandmore.com\/es\/tours\/italia-es\/taormina-es\/todos-los-tours-y-actividades-privadas-taormina\/traslado-privado-desde-el-aeropuerto-de-catania-a-taormina\/","og_locale":"es_ES","og_type":"article","og_title":"Traslado Privado desde el Aeropuerto de Catania a Taormina","og_description":"Reserve un traslado privado desde el aeropuerto de Catania a Taormina con Tour Travel and More. Disfrute de un viaje sin estr\u00e9s y el impresionante paisaje siciliano. \u00a1Reserve ahora! \u2705","og_url":"https:\/\/tourtravelandmore.com\/es\/tours\/italia-es\/taormina-es\/todos-los-tours-y-actividades-privadas-taormina\/traslado-privado-desde-el-aeropuerto-de-catania-a-taormina\/","og_site_name":"Tour Travel And More","article_publisher":"https:\/\/www.facebook.com\/tourtravelandmore\/","article_modified_time":"2023-04-22T03:22:50+00:00","og_image":[{"width":720,"height":480,"url":"https:\/\/tourtravelandmore.com\/wp-content\/uploads\/2019\/10\/58.jpg","type":"image\/jpeg"}],"twitter_card":"summary_large_image","twitter_site":"@TourTravel_More","twitter_misc":{"Tiempo de lectura":"4 minutos"},"schema":{"@context":"https:\/\/schema.org","@graph":[{"@type":"WebPage","@id":"https:\/\/tourtravelandmore.com\/es\/tours\/italia-es\/taormina-es\/todos-los-tours-y-actividades-privadas-taormina\/traslado-privado-desde-el-aeropuerto-de-catania-a-taormina\/","url":"https:\/\/tourtravelandmore.com\/es\/tours\/italia-es\/taormina-es\/todos-los-tours-y-actividades-privadas-taormina\/traslado-privado-desde-el-aeropuerto-de-catania-a-taormina\/","name":"\u27a1\ufe0f Traslado Privado desde el Aeropuerto de Catania a Taormina | Tour Travel and More","isPartOf":{"@id":"https:\/\/tourtravelandmore.com\/es\/#website"},"primaryImageOfPage":{"@id":"https:\/\/tourtravelandmore.com\/es\/tours\/italia-es\/taormina-es\/todos-los-tours-y-actividades-privadas-taormina\/traslado-privado-desde-el-aeropuerto-de-catania-a-taormina\/#primaryimage"},"image":{"@id":"https:\/\/tourtravelandmore.com\/es\/tours\/italia-es\/taormina-es\/todos-los-tours-y-actividades-privadas-taormina\/traslado-privado-desde-el-aeropuerto-de-catania-a-taormina\/#primaryimage"},"thumbnailUrl":"https:\/\/tourtravelandmore.com\/wp-content\/uploads\/2019\/10\/58.jpg","datePublished":"2023-04-01T00:35:54+00:00","dateModified":"2023-04-22T03:22:50+00:00","description":"Reserve un traslado privado desde el aeropuerto de Catania a Taormina con Tour Travel and More. Disfrute de un viaje sin estr\u00e9s y el impresionante paisaje siciliano. \u00a1Reserve ahora! \u2705","breadcrumb":{"@id":"https:\/\/tourtravelandmore.com\/es\/tours\/italia-es\/taormina-es\/todos-los-tours-y-actividades-privadas-taormina\/traslado-privado-desde-el-aeropuerto-de-catania-a-taormina\/#breadcrumb"},"inLanguage":"es","potentialAction":[{"@type":"ReadAction","target":["https:\/\/tourtravelandmore.com\/es\/tours\/italia-es\/taormina-es\/todos-los-tours-y-actividades-privadas-taormina\/traslado-privado-desde-el-aeropuerto-de-catania-a-taormina\/"]}]},{"@type":"ImageObject","inLanguage":"es","@id":"https:\/\/tourtravelandmore.com\/es\/tours\/italia-es\/taormina-es\/todos-los-tours-y-actividades-privadas-taormina\/traslado-privado-desde-el-aeropuerto-de-catania-a-taormina\/#primaryimage","url":"https:\/\/tourtravelandmore.com\/wp-content\/uploads\/2019\/10\/58.jpg","contentUrl":"https:\/\/tourtravelandmore.com\/wp-content\/uploads\/2019\/10\/58.jpg","width":720,"height":480},{"@type":"BreadcrumbList","@id":"https:\/\/tourtravelandmore.com\/es\/tours\/italia-es\/taormina-es\/todos-los-tours-y-actividades-privadas-taormina\/traslado-privado-desde-el-aeropuerto-de-catania-a-taormina\/#breadcrumb","itemListElement":[{"@type":"ListItem","position":1,"name":"Home","item":"https:\/\/tourtravelandmore.com\/es\/"},{"@type":"ListItem","position":2,"name":"Tours","item":"https:\/\/tourtravelandmore.com\/es\/tours\/"},{"@type":"ListItem","position":3,"name":"Traslado Privado desde el Aeropuerto de Catania a Taormina"}]},{"@type":"WebSite","@id":"https:\/\/tourtravelandmore.com\/es\/#website","url":"https:\/\/tourtravelandmore.com\/es\/","name":"Tour Travel And More","description":"Private sightseeing tours and luxury transfers in Spain","publisher":{"@id":"https:\/\/tourtravelandmore.com\/es\/#organization"},"potentialAction":[{"@type":"SearchAction","target":{"@type":"EntryPoint","urlTemplate":"https:\/\/tourtravelandmore.com\/es\/?s={search_term_string}"},"query-input":{"@type":"PropertyValueSpecification","valueRequired":true,"valueName":"search_term_string"}}],"inLanguage":"es"},{"@type":"Organization","@id":"https:\/\/tourtravelandmore.com\/es\/#organization","name":"Tour Travel And More","url":"https:\/\/tourtravelandmore.com\/es\/","logo":{"@type":"ImageObject","inLanguage":"es","@id":"https:\/\/tourtravelandmore.com\/es\/#\/schema\/logo\/image\/","url":"https:\/\/tourtravelandmore.com\/wp-content\/uploads\/2022\/12\/cropped-logo-cabecera-new.png","contentUrl":"https:\/\/tourtravelandmore.com\/wp-content\/uploads\/2022\/12\/cropped-logo-cabecera-new.png","width":430,"height":61,"caption":"Tour Travel And More"},"image":{"@id":"https:\/\/tourtravelandmore.com\/es\/#\/schema\/logo\/image\/"},"sameAs":["https:\/\/www.facebook.com\/tourtravelandmore\/","https:\/\/x.com\/TourTravel_More"]}]}},"_links":{"self":[{"href":"https:\/\/tourtravelandmore.com\/es\/wp-json\/wp\/v2\/product\/159765","targetHints":{"allow":["GET"]}}],"collection":[{"href":"https:\/\/tourtravelandmore.com\/es\/wp-json\/wp\/v2\/product"}],"about":[{"href":"https:\/\/tourtravelandmore.com\/es\/wp-json\/wp\/v2\/types\/product"}],"replies":[{"embeddable":true,"href":"https:\/\/tourtravelandmore.com\/es\/wp-json\/wp\/v2\/comments?post=159765"}],"wp:featuredmedia":[{"embeddable":true,"href":"https:\/\/tourtravelandmore.com\/es\/wp-json\/wp\/v2\/media\/142990"}],"wp:attachment":[{"href":"https:\/\/tourtravelandmore.com\/es\/wp-json\/wp\/v2\/media?parent=159765"}],"wp:term":[{"taxonomy":"product_brand","embeddable":true,"href":"https:\/\/tourtravelandmore.com\/es\/wp-json\/wp\/v2\/product_brand?post=159765"},{"taxonomy":"product_cat","embeddable":true,"href":"https:\/\/tourtravelandmore.com\/es\/wp-json\/wp\/v2\/product_cat?post=159765"},{"taxonomy":"product_tag","embeddable":true,"href":"https:\/\/tourtravelandmore.com\/es\/wp-json\/wp\/v2\/product_tag?post=159765"}],"curies":[{"name":"wp","href":"https:\/\/api.w.org\/{rel}","templated":true}]}}