{"id":159735,"date":"2023-04-01T02:18:47","date_gmt":"2023-04-01T00:18:47","guid":{"rendered":"https:\/\/tourtravelandmore.com\/tours\/sin%20categor\u00eda\/visita-privada-de-mesina-y-taormina-desde-taormina\/"},"modified":"2023-09-16T15:48:19","modified_gmt":"2023-09-16T13:48:19","slug":"visita-privada-de-mesina-y-taormina-desde-taormina","status":"publish","type":"product","link":"https:\/\/tourtravelandmore.com\/es\/tours\/italia-es\/taormina-es\/todos-los-tours-y-actividades-privadas-taormina\/visita-privada-de-mesina-y-taormina-desde-taormina\/","title":{"rendered":"Visita privada de Mesina y Taormina desde Taormina"},"content":{"rendered":"<h2><b>Tour privado de Mesina y Taormina desde Taormina Descripci\u00f3n<\/b><\/h2>\n<p><span style=\"font-weight: 400;\">Emb\u00e1rquese en un inolvidable viaje de 8 horas para descubrir las encantadoras ciudades de Mesina y Taormina. Con la comodidad de un veh\u00edculo privado y la experta gu\u00eda-conductor profesional, experimentar\u00e1 la rica historia, las impresionantes vistas y la vibrante cultura de estos renombrados destinos sicilianos. Este exclusivo recorrido se adapta a sus preferencias, garantiz\u00e1ndole una experiencia personalizada y memorable. Ad\u00e9ntrese en las fascinantes historias y leyendas que rodean estas ciudades, y aprecie la exquisita cocina local mientras explora los bulliciosos mercados y los encantadores restaurantes. Desde la impresionante arquitectura hasta los sobrecogedores paisajes naturales, este completo recorrido le ofrece una introducci\u00f3n sin igual al cautivador encanto de Mesina y Taormina.<\/span><\/p>\n<h2><b>Visita privada de Mesina y Taormina desde los puntos de inter\u00e9s de Taormina<\/b><\/h2>\n<p><span style=\"font-weight: 400;\">El tour privado de Mesina y Taormina ofrece una incre\u00edble oportunidad de explorar algunos de los lugares m\u00e1s cautivadores de Sicilia. Marav\u00edllese ante las obras maestras arquitect\u00f3nicas, las antiguas ruinas y las vistas panor\u00e1micas que definen estas bellas ciudades. Nuestro itinerario, cuidadosamente seleccionado, destaca las atracciones imprescindibles y las joyas ocultas, proporcionando una experiencia completa y atractiva.<\/span><\/p>\n<h3><b>Catedral de Mesina<\/b><\/h3>\n<p><span style=\"font-weight: 400;\">La catedral de Mesina es un magn\u00edfico ejemplo de la arquitectura siciliana, mezcla de estilos normando, g\u00f3tico y barroco. Esta hist\u00f3rica iglesia ha resistido numerosos terremotos y ha sido reconstruida varias veces, manteniendo su esplendor original. Sus intrincados mosaicos, elaboradas tallas y el reloj astron\u00f3mico m\u00e1s grande del mundo hacen de la Catedral un destino de visita obligada. Adem\u00e1s, la Catedral alberga una impresionante colecci\u00f3n de arte religioso, as\u00ed como las tumbas de varias figuras hist\u00f3ricas notables, proporcionando una fascinante visi\u00f3n del patrimonio cultural de la regi\u00f3n.<\/span><\/p>\n<h3><b>El antiguo teatro de Taormina<\/b><\/h3>\n<p><span style=\"font-weight: 400;\">Encaramado en lo alto sobre el mar J\u00f3nico, el Teatro Antiguo de Taormina ofrece unas vistas impresionantes y unas ruinas grecorromanas imponentes. Este anfiteatro del siglo III a.C. sigue en uso hoy en d\u00eda, albergando diversas actuaciones y eventos. Su impresionante escenario y su rica historia lo convierten en una atracci\u00f3n popular tanto para los turistas como para los lugare\u00f1os. Al explorar las antiguas piedras del teatro, casi podr\u00e1 sentir la presencia del pasado, desde las apasionadas representaciones de las tragedias griegas hasta los emocionantes espect\u00e1culos de los juegos de gladiadores romanos. El teatro tambi\u00e9n ofrece unas vistas incre\u00edbles del Etna y del paisaje circundante, lo que lo convierte en una experiencia verdaderamente inolvidable.<\/span><\/p>\n<h3><b>Corso Umberto<\/b><\/h3>\n<p><span style=\"font-weight: 400;\">Corso Umberto es el vibrante coraz\u00f3n de Taormina, una bulliciosa calle peatonal repleta de encantadoras boutiques, caf\u00e9s y lugares hist\u00f3ricos. Explore las coloridas tiendas, del\u00e9itese con la cocina local y marav\u00edllese con la arquitectura medieval. Esta animada v\u00eda es una parte esencial de cualquier visita a Taormina. Al pasear por Corso Umberto, tambi\u00e9n encontrar\u00e1 hermosas iglesias, exuberantes jardines y fascinantes yacimientos arqueol\u00f3gicos, todos ellos testimonios del rico pasado de la ciudad. Adem\u00e1s, la calle acoge a menudo festivales y eventos especiales, lo que a\u00f1ade un animado ambiente a su visita.<\/span><\/p>\n<h3><b>Castelmola<\/b><\/h3>\n<p><span style=\"font-weight: 400;\">Castelmola es un pintoresco pueblo medieval encaramado en lo alto de una colina rocosa justo encima de Taormina. Con vistas panor\u00e1micas del mar J\u00f3nico, el Etna y la campi\u00f1a circundante, este encantador pueblo es conocido por sus estrechas calles empedradas, sus edificios hist\u00f3ricos y su ambiente acogedor. Mientras pasea por el pueblo, descubrir\u00e1 las ruinas de un castillo normando, la iglesia de San Giorgio y una gran variedad de tiendas y restaurantes locales que ofrecen productos y cocina tradicionales sicilianos. La ubicaci\u00f3n \u00fanica de Castelmola, su rica historia y sus impresionantes vistas lo convierten en un destino de visita obligada durante su recorrido por Mesina y Taormina.<\/span><\/p>\n<p><span style=\"font-weight: 400;\">Tour Travel and More ofrece una amplia gama de excursiones privadas adaptadas a sus intereses y necesidades. Visite nuestra p\u00e1gina web para consultar nuestra amplia lista de excursiones en Taormina y m\u00e1s all\u00e1. <\/span><a href=\"https:\/\/tourtravelandmore.com\/es\/ciudad\/italia-es\/taormina-es\/\"><span style=\"font-weight: 400;\">Disfrute de lo mejor de Sicilia con nuestros gu\u00edas expertos y nuestros itinerarios personalizables.<\/span><\/a><\/p>\n","protected":false},"excerpt":{"rendered":"<p><span style=\"font-weight: 400;\">Experimente el encanto y la historia de Mesina y Taormina en un exclusivo recorrido privado de 8 horas. Explore lugares cautivadores y disfrute de vistas impresionantes con la gu\u00eda de un ch\u00f3fer profesional.<\/span><\/p>\n","protected":false},"featured_media":159729,"comment_status":"open","ping_status":"closed","template":"","meta":{"_acf_changed":false},"product_brand":[],"product_cat":[4362,4375,4307],"product_tag":[],"class_list":{"0":"post-159735","1":"product","2":"type-product","3":"status-publish","4":"has-post-thumbnail","6":"product_cat-todos-los-tours-y-actividades-privadas-taormina","7":"product_cat-visitas-turisticas-privadas-es-2","8":"product_cat-taormina-es","10":"first","11":"instock","12":"shipping-taxable","13":"purchasable","14":"product-type-simple"},"acf":[],"yoast_head":"<!-- This site is optimized with the Yoast SEO Premium plugin v25.3.1 (Yoast SEO v25.3.1) - https:\/\/yoast.com\/wordpress\/plugins\/seo\/ -->\n<title>\u27a1\ufe0f Tour privado de Mesina y Taormina desde Taormina con Tour Travel an<\/title>\n<meta name=\"description\" content=\"Explore las cautivadoras ciudades de Mesina y Taormina en un recorrido privado de 8 horas. Descubra obras maestras arquitect\u00f3nicas, ruinas antiguas y calles vibrantes con Tour Travel and More \u2705.\" \/>\n<meta name=\"robots\" content=\"index, follow, max-snippet:-1, max-image-preview:large, max-video-preview:-1\" \/>\n<link rel=\"canonical\" href=\"https:\/\/tourtravelandmore.com\/es\/tours\/italia-es\/taormina-es\/todos-los-tours-y-actividades-privadas-taormina\/visita-privada-de-mesina-y-taormina-desde-taormina\/\" \/>\n<meta property=\"og:locale\" content=\"es_ES\" \/>\n<meta property=\"og:type\" content=\"article\" \/>\n<meta property=\"og:title\" content=\"Visita privada de Mesina y Taormina desde Taormina\" \/>\n<meta property=\"og:description\" content=\"Explore las cautivadoras ciudades de Mesina y Taormina en un recorrido privado de 8 horas. Descubra obras maestras arquitect\u00f3nicas, ruinas antiguas y calles vibrantes con Tour Travel and More \u2705.\" \/>\n<meta property=\"og:url\" content=\"https:\/\/tourtravelandmore.com\/es\/tours\/italia-es\/taormina-es\/todos-los-tours-y-actividades-privadas-taormina\/visita-privada-de-mesina-y-taormina-desde-taormina\/\" \/>\n<meta property=\"og:site_name\" content=\"Tour Travel And More\" \/>\n<meta property=\"article:publisher\" content=\"https:\/\/www.facebook.com\/tourtravelandmore\/\" \/>\n<meta property=\"article:modified_time\" content=\"2023-09-16T13:48:19+00:00\" \/>\n<meta property=\"og:image\" content=\"https:\/\/tourtravelandmore.com\/wp-content\/uploads\/2023\/04\/image4-2.jpg\" \/>\n\t<meta property=\"og:image:width\" content=\"950\" \/>\n\t<meta property=\"og:image:height\" content=\"750\" \/>\n\t<meta property=\"og:image:type\" content=\"image\/jpeg\" \/>\n<meta name=\"twitter:card\" content=\"summary_large_image\" \/>\n<meta name=\"twitter:site\" content=\"@TourTravel_More\" \/>\n<meta name=\"twitter:label1\" content=\"Tiempo de lectura\" \/>\n\t<meta name=\"twitter:data1\" content=\"3 minutos\" \/>\n<script type=\"application\/ld+json\" class=\"yoast-schema-graph\">{\"@context\":\"https:\/\/schema.org\",\"@graph\":[{\"@type\":\"WebPage\",\"@id\":\"https:\/\/tourtravelandmore.com\/es\/tours\/italia-es\/taormina-es\/todos-los-tours-y-actividades-privadas-taormina\/visita-privada-de-mesina-y-taormina-desde-taormina\/\",\"url\":\"https:\/\/tourtravelandmore.com\/es\/tours\/italia-es\/taormina-es\/todos-los-tours-y-actividades-privadas-taormina\/visita-privada-de-mesina-y-taormina-desde-taormina\/\",\"name\":\"\u27a1\ufe0f Tour privado de Mesina y Taormina desde Taormina con Tour Travel an\",\"isPartOf\":{\"@id\":\"https:\/\/tourtravelandmore.com\/es\/#website\"},\"primaryImageOfPage\":{\"@id\":\"https:\/\/tourtravelandmore.com\/es\/tours\/italia-es\/taormina-es\/todos-los-tours-y-actividades-privadas-taormina\/visita-privada-de-mesina-y-taormina-desde-taormina\/#primaryimage\"},\"image\":{\"@id\":\"https:\/\/tourtravelandmore.com\/es\/tours\/italia-es\/taormina-es\/todos-los-tours-y-actividades-privadas-taormina\/visita-privada-de-mesina-y-taormina-desde-taormina\/#primaryimage\"},\"thumbnailUrl\":\"https:\/\/tourtravelandmore.com\/wp-content\/uploads\/2023\/04\/image4-2.jpg\",\"datePublished\":\"2023-04-01T00:18:47+00:00\",\"dateModified\":\"2023-09-16T13:48:19+00:00\",\"description\":\"Explore las cautivadoras ciudades de Mesina y Taormina en un recorrido privado de 8 horas. Descubra obras maestras arquitect\u00f3nicas, ruinas antiguas y calles vibrantes con Tour Travel and More \u2705.\",\"breadcrumb\":{\"@id\":\"https:\/\/tourtravelandmore.com\/es\/tours\/italia-es\/taormina-es\/todos-los-tours-y-actividades-privadas-taormina\/visita-privada-de-mesina-y-taormina-desde-taormina\/#breadcrumb\"},\"inLanguage\":\"es\",\"potentialAction\":[{\"@type\":\"ReadAction\",\"target\":[\"https:\/\/tourtravelandmore.com\/es\/tours\/italia-es\/taormina-es\/todos-los-tours-y-actividades-privadas-taormina\/visita-privada-de-mesina-y-taormina-desde-taormina\/\"]}]},{\"@type\":\"ImageObject\",\"inLanguage\":\"es\",\"@id\":\"https:\/\/tourtravelandmore.com\/es\/tours\/italia-es\/taormina-es\/todos-los-tours-y-actividades-privadas-taormina\/visita-privada-de-mesina-y-taormina-desde-taormina\/#primaryimage\",\"url\":\"https:\/\/tourtravelandmore.com\/wp-content\/uploads\/2023\/04\/image4-2.jpg\",\"contentUrl\":\"https:\/\/tourtravelandmore.com\/wp-content\/uploads\/2023\/04\/image4-2.jpg\",\"width\":950,\"height\":750},{\"@type\":\"BreadcrumbList\",\"@id\":\"https:\/\/tourtravelandmore.com\/es\/tours\/italia-es\/taormina-es\/todos-los-tours-y-actividades-privadas-taormina\/visita-privada-de-mesina-y-taormina-desde-taormina\/#breadcrumb\",\"itemListElement\":[{\"@type\":\"ListItem\",\"position\":1,\"name\":\"Home\",\"item\":\"https:\/\/tourtravelandmore.com\/es\/\"},{\"@type\":\"ListItem\",\"position\":2,\"name\":\"Tours\",\"item\":\"https:\/\/tourtravelandmore.com\/es\/tours\/\"},{\"@type\":\"ListItem\",\"position\":3,\"name\":\"Visita privada de Mesina y Taormina desde Taormina\"}]},{\"@type\":\"WebSite\",\"@id\":\"https:\/\/tourtravelandmore.com\/es\/#website\",\"url\":\"https:\/\/tourtravelandmore.com\/es\/\",\"name\":\"Tour Travel And More\",\"description\":\"Private sightseeing tours and luxury transfers in Spain\",\"publisher\":{\"@id\":\"https:\/\/tourtravelandmore.com\/es\/#organization\"},\"potentialAction\":[{\"@type\":\"SearchAction\",\"target\":{\"@type\":\"EntryPoint\",\"urlTemplate\":\"https:\/\/tourtravelandmore.com\/es\/?s={search_term_string}\"},\"query-input\":{\"@type\":\"PropertyValueSpecification\",\"valueRequired\":true,\"valueName\":\"search_term_string\"}}],\"inLanguage\":\"es\"},{\"@type\":\"Organization\",\"@id\":\"https:\/\/tourtravelandmore.com\/es\/#organization\",\"name\":\"Tour Travel And More\",\"url\":\"https:\/\/tourtravelandmore.com\/es\/\",\"logo\":{\"@type\":\"ImageObject\",\"inLanguage\":\"es\",\"@id\":\"https:\/\/tourtravelandmore.com\/es\/#\/schema\/logo\/image\/\",\"url\":\"https:\/\/tourtravelandmore.com\/wp-content\/uploads\/2022\/12\/cropped-logo-cabecera-new.png\",\"contentUrl\":\"https:\/\/tourtravelandmore.com\/wp-content\/uploads\/2022\/12\/cropped-logo-cabecera-new.png\",\"width\":430,\"height\":61,\"caption\":\"Tour Travel And More\"},\"image\":{\"@id\":\"https:\/\/tourtravelandmore.com\/es\/#\/schema\/logo\/image\/\"},\"sameAs\":[\"https:\/\/www.facebook.com\/tourtravelandmore\/\",\"https:\/\/x.com\/TourTravel_More\"]}]}<\/script>\n<!-- \/ Yoast SEO Premium plugin. -->","yoast_head_json":{"title":"\u27a1\ufe0f Tour privado de Mesina y Taormina desde Taormina con Tour Travel an","description":"Explore las cautivadoras ciudades de Mesina y Taormina en un recorrido privado de 8 horas. Descubra obras maestras arquitect\u00f3nicas, ruinas antiguas y calles vibrantes con Tour Travel and More \u2705.","robots":{"index":"index","follow":"follow","max-snippet":"max-snippet:-1","max-image-preview":"max-image-preview:large","max-video-preview":"max-video-preview:-1"},"canonical":"https:\/\/tourtravelandmore.com\/es\/tours\/italia-es\/taormina-es\/todos-los-tours-y-actividades-privadas-taormina\/visita-privada-de-mesina-y-taormina-desde-taormina\/","og_locale":"es_ES","og_type":"article","og_title":"Visita privada de Mesina y Taormina desde Taormina","og_description":"Explore las cautivadoras ciudades de Mesina y Taormina en un recorrido privado de 8 horas. Descubra obras maestras arquitect\u00f3nicas, ruinas antiguas y calles vibrantes con Tour Travel and More \u2705.","og_url":"https:\/\/tourtravelandmore.com\/es\/tours\/italia-es\/taormina-es\/todos-los-tours-y-actividades-privadas-taormina\/visita-privada-de-mesina-y-taormina-desde-taormina\/","og_site_name":"Tour Travel And More","article_publisher":"https:\/\/www.facebook.com\/tourtravelandmore\/","article_modified_time":"2023-09-16T13:48:19+00:00","og_image":[{"width":950,"height":750,"url":"https:\/\/tourtravelandmore.com\/wp-content\/uploads\/2023\/04\/image4-2.jpg","type":"image\/jpeg"}],"twitter_card":"summary_large_image","twitter_site":"@TourTravel_More","twitter_misc":{"Tiempo de lectura":"3 minutos"},"schema":{"@context":"https:\/\/schema.org","@graph":[{"@type":"WebPage","@id":"https:\/\/tourtravelandmore.com\/es\/tours\/italia-es\/taormina-es\/todos-los-tours-y-actividades-privadas-taormina\/visita-privada-de-mesina-y-taormina-desde-taormina\/","url":"https:\/\/tourtravelandmore.com\/es\/tours\/italia-es\/taormina-es\/todos-los-tours-y-actividades-privadas-taormina\/visita-privada-de-mesina-y-taormina-desde-taormina\/","name":"\u27a1\ufe0f Tour privado de Mesina y Taormina desde Taormina con Tour Travel an","isPartOf":{"@id":"https:\/\/tourtravelandmore.com\/es\/#website"},"primaryImageOfPage":{"@id":"https:\/\/tourtravelandmore.com\/es\/tours\/italia-es\/taormina-es\/todos-los-tours-y-actividades-privadas-taormina\/visita-privada-de-mesina-y-taormina-desde-taormina\/#primaryimage"},"image":{"@id":"https:\/\/tourtravelandmore.com\/es\/tours\/italia-es\/taormina-es\/todos-los-tours-y-actividades-privadas-taormina\/visita-privada-de-mesina-y-taormina-desde-taormina\/#primaryimage"},"thumbnailUrl":"https:\/\/tourtravelandmore.com\/wp-content\/uploads\/2023\/04\/image4-2.jpg","datePublished":"2023-04-01T00:18:47+00:00","dateModified":"2023-09-16T13:48:19+00:00","description":"Explore las cautivadoras ciudades de Mesina y Taormina en un recorrido privado de 8 horas. Descubra obras maestras arquitect\u00f3nicas, ruinas antiguas y calles vibrantes con Tour Travel and More \u2705.","breadcrumb":{"@id":"https:\/\/tourtravelandmore.com\/es\/tours\/italia-es\/taormina-es\/todos-los-tours-y-actividades-privadas-taormina\/visita-privada-de-mesina-y-taormina-desde-taormina\/#breadcrumb"},"inLanguage":"es","potentialAction":[{"@type":"ReadAction","target":["https:\/\/tourtravelandmore.com\/es\/tours\/italia-es\/taormina-es\/todos-los-tours-y-actividades-privadas-taormina\/visita-privada-de-mesina-y-taormina-desde-taormina\/"]}]},{"@type":"ImageObject","inLanguage":"es","@id":"https:\/\/tourtravelandmore.com\/es\/tours\/italia-es\/taormina-es\/todos-los-tours-y-actividades-privadas-taormina\/visita-privada-de-mesina-y-taormina-desde-taormina\/#primaryimage","url":"https:\/\/tourtravelandmore.com\/wp-content\/uploads\/2023\/04\/image4-2.jpg","contentUrl":"https:\/\/tourtravelandmore.com\/wp-content\/uploads\/2023\/04\/image4-2.jpg","width":950,"height":750},{"@type":"BreadcrumbList","@id":"https:\/\/tourtravelandmore.com\/es\/tours\/italia-es\/taormina-es\/todos-los-tours-y-actividades-privadas-taormina\/visita-privada-de-mesina-y-taormina-desde-taormina\/#breadcrumb","itemListElement":[{"@type":"ListItem","position":1,"name":"Home","item":"https:\/\/tourtravelandmore.com\/es\/"},{"@type":"ListItem","position":2,"name":"Tours","item":"https:\/\/tourtravelandmore.com\/es\/tours\/"},{"@type":"ListItem","position":3,"name":"Visita privada de Mesina y Taormina desde Taormina"}]},{"@type":"WebSite","@id":"https:\/\/tourtravelandmore.com\/es\/#website","url":"https:\/\/tourtravelandmore.com\/es\/","name":"Tour Travel And More","description":"Private sightseeing tours and luxury transfers in Spain","publisher":{"@id":"https:\/\/tourtravelandmore.com\/es\/#organization"},"potentialAction":[{"@type":"SearchAction","target":{"@type":"EntryPoint","urlTemplate":"https:\/\/tourtravelandmore.com\/es\/?s={search_term_string}"},"query-input":{"@type":"PropertyValueSpecification","valueRequired":true,"valueName":"search_term_string"}}],"inLanguage":"es"},{"@type":"Organization","@id":"https:\/\/tourtravelandmore.com\/es\/#organization","name":"Tour Travel And More","url":"https:\/\/tourtravelandmore.com\/es\/","logo":{"@type":"ImageObject","inLanguage":"es","@id":"https:\/\/tourtravelandmore.com\/es\/#\/schema\/logo\/image\/","url":"https:\/\/tourtravelandmore.com\/wp-content\/uploads\/2022\/12\/cropped-logo-cabecera-new.png","contentUrl":"https:\/\/tourtravelandmore.com\/wp-content\/uploads\/2022\/12\/cropped-logo-cabecera-new.png","width":430,"height":61,"caption":"Tour Travel And More"},"image":{"@id":"https:\/\/tourtravelandmore.com\/es\/#\/schema\/logo\/image\/"},"sameAs":["https:\/\/www.facebook.com\/tourtravelandmore\/","https:\/\/x.com\/TourTravel_More"]}]}},"_links":{"self":[{"href":"https:\/\/tourtravelandmore.com\/es\/wp-json\/wp\/v2\/product\/159735","targetHints":{"allow":["GET"]}}],"collection":[{"href":"https:\/\/tourtravelandmore.com\/es\/wp-json\/wp\/v2\/product"}],"about":[{"href":"https:\/\/tourtravelandmore.com\/es\/wp-json\/wp\/v2\/types\/product"}],"replies":[{"embeddable":true,"href":"https:\/\/tourtravelandmore.com\/es\/wp-json\/wp\/v2\/comments?post=159735"}],"wp:featuredmedia":[{"embeddable":true,"href":"https:\/\/tourtravelandmore.com\/es\/wp-json\/wp\/v2\/media\/159729"}],"wp:attachment":[{"href":"https:\/\/tourtravelandmore.com\/es\/wp-json\/wp\/v2\/media?parent=159735"}],"wp:term":[{"taxonomy":"product_brand","embeddable":true,"href":"https:\/\/tourtravelandmore.com\/es\/wp-json\/wp\/v2\/product_brand?post=159735"},{"taxonomy":"product_cat","embeddable":true,"href":"https:\/\/tourtravelandmore.com\/es\/wp-json\/wp\/v2\/product_cat?post=159735"},{"taxonomy":"product_tag","embeddable":true,"href":"https:\/\/tourtravelandmore.com\/es\/wp-json\/wp\/v2\/product_tag?post=159735"}],"curies":[{"name":"wp","href":"https:\/\/api.w.org\/{rel}","templated":true}]}}