{"id":159705,"date":"2023-04-01T01:58:38","date_gmt":"2023-03-31T23:58:38","guid":{"rendered":"https:\/\/tourtravelandmore.com\/tours\/sin%20categor\u00eda\/visita-privada-al-plato-del-padrino\/"},"modified":"2023-04-22T05:23:24","modified_gmt":"2023-04-22T03:23:24","slug":"visita-privada-al-plato-del-padrino","status":"publish","type":"product","link":"https:\/\/tourtravelandmore.com\/es\/tours\/italia-es\/taormina-es\/todos-los-tours-y-actividades-privadas-taormina\/visita-privada-al-plato-del-padrino\/","title":{"rendered":"Visita privada al plat\u00f3 del Padrino"},"content":{"rendered":"<h2><b>Descripci\u00f3n de la visita privada al plat\u00f3 de El Padrino<\/b><\/h2>\n<p><span style=\"font-weight: 400;\">Experimente el viaje cinematogr\u00e1fico definitivo a trav\u00e9s del tiempo en la Excursi\u00f3n Privada al Plat\u00f3 de El Padrino. Sum\u00e9rjase en la impresionante campi\u00f1a siciliana y descubra los lugares emblem\u00e1ticos que sirvieron de tel\u00f3n de fondo a una de las pel\u00edculas m\u00e1s queridas de todos los tiempos. Este tour privado le brinda una oportunidad \u00fanica de adentrarse en el mundo de la familia Corleone, explorar los escenarios de algunas de las escenas m\u00e1s famosas del cine y, de paso, conocer la historia y la cultura de Sicilia.<\/span><\/p>\n<h2><b>Puntos de inter\u00e9s de la visita privada al plat\u00f3 de El Padrino<\/b><\/h2>\n<p><span style=\"font-weight: 400;\">Descubra las famosas localizaciones donde se rod\u00f3 la trilog\u00eda de El Padrino, incluidos los encantadores pueblos y la impresionante campi\u00f1a de Sicilia. Explore el pintoresco pueblo de Savoca, donde Michael Corleone se cas\u00f3 con su primera esposa en la emblem\u00e1tica iglesia de Santa Luc\u00eda. Visite el Bar Vitelli, un bar hist\u00f3rico donde Michael habl\u00f3 con su futuro suegro. Marav\u00edllese con el impresionante paisaje de Forza D&#8217;Agro, una ciudad medieval encaramada en lo alto de una colina, y contemple las impresionantes vistas del mar J\u00f3nico desde Castelmola. \u00c9stos son s\u00f3lo algunos de los muchos lugares de inter\u00e9s que hacen de la Excursi\u00f3n Privada al Conjunto del Padrino una experiencia inolvidable.<\/span><\/p>\n<h3><b>Savoca\u00a0<\/b><\/h3>\n<p><span style=\"font-weight: 400;\">Durante su visita a Savoca, sum\u00e9rjase en la cultura local y conozca la fascinante historia del pueblo. Pasee por sus sinuosas calles, visite la Iglesia de San Nicol\u00f2, de estilo barroco, y admire las impresionantes vistas de las colinas y valles circundantes. No deje de pasar por el famoso Caff\u00e8 Sicilia, una pasteler\u00eda conocida por sus deliciosos dulces y postres tradicionales sicilianos.<\/span><\/p>\n<h3><b>Bar Vitelli\u00a0<\/b><\/h3>\n<p><span style=\"font-weight: 400;\">Ad\u00e9ntrese en el mundo de El Padrino visitando el emblem\u00e1tico Bar Vitelli, situado en el coraz\u00f3n de Savoca. Tome asiento en el mismo bar donde Michael Corleone conoci\u00f3 al padre de Apollonia y admire la decoraci\u00f3n original y los recuerdos de la pel\u00edcula. No olvide probar el refrescante granizado de lim\u00f3n siciliano, una especialidad local.<\/span><\/p>\n<h3><b>Forza D&#8217;Agro\u00a0<\/b><\/h3>\n<p><span style=\"font-weight: 400;\">Explore la historia medieval de Sicilia con una visita a Forza D&#8217;Agro, un pintoresco pueblo situado en lo alto de una colina con impresionantes vistas de la campi\u00f1a circundante. Descubra el impresionante castillo y las iglesias de la ciudad, pasee por sus estrechas callejuelas y admire la bella arquitectura que narra la historia del pasado de Sicilia. Del\u00e9itese con la cocina local y pruebe los deliciosos arancini, una especialidad siciliana de bolas de arroz frito rellenas de queso, carne o verduras.<\/span><\/p>\n<h3><b>Castelmola\u00a0<\/b><\/h3>\n<p><span style=\"font-weight: 400;\">Desde el pueblo de Castelmola, situado en lo alto de una colina, disfrute de unas impresionantes vistas del mar J\u00f3nico y del majestuoso Etna. Explore las encantadoras calles del pueblo y sus pintorescas tiendas, y det\u00e9ngase en la iglesia de San Nicol\u00e1s para conocer la rica historia del pueblo. No se pierda la oportunidad de probar el vino de almendras, una especialidad local producida a partir de los abundantes almendros de la ciudad.<\/span><\/p>\n<h3><b>Taormina\u00a0<\/b><\/h3>\n<p><span style=\"font-weight: 400;\">Descubra la belleza de Taormina, una pintoresca ciudad con una rica historia y una arquitectura impresionante. Visite el antiguo teatro griego, uno de los monumentos m\u00e1s famosos de la ciudad, y disfrute de las vistas panor\u00e1micas del mar y del Etna. Pasee por las encantadoras calles de la ciudad, visite la impresionante catedral de San Nicol\u00e1s y del\u00e9itese con la deliciosa cocina local en uno de los numerosos restaurantes y caf\u00e9s.<\/span><\/p>\n<p><span style=\"font-weight: 400;\">\u00a1Explore lo mejor de Taormina con Tour Travel and More! <\/span><a href=\"https:\/\/tourtravelandmore.com\/es\/ciudad\/italia-es\/taormina-es\/\"><span style=\"font-weight: 400;\">Consulte nuestra lista de excursiones privadas y experimente la belleza de Sicilia con nuestros gu\u00edas expertos.<\/span><\/a><\/p>\n","protected":false},"excerpt":{"rendered":"<p><span style=\"font-weight: 400;\">Ad\u00e9ntrese en el mundo del Padrino y experimente los impresionantes paisajes y escenarios hist\u00f3ricos que sirvieron de tel\u00f3n de fondo a esta querida trilog\u00eda cinematogr\u00e1fica. Desde el encantador pueblo de Savoca hasta el emblem\u00e1tico Bar Vitelli, esta excursi\u00f3n privada le ofrece un viaje \u00fanico e inolvidable a trav\u00e9s del tiempo.<\/span><\/p>\n","protected":false},"featured_media":159690,"comment_status":"open","ping_status":"closed","template":"","meta":{"_acf_changed":false},"product_brand":[],"product_cat":[4362,4375,4307],"product_tag":[],"class_list":{"0":"post-159705","1":"product","2":"type-product","3":"status-publish","4":"has-post-thumbnail","6":"product_cat-todos-los-tours-y-actividades-privadas-taormina","7":"product_cat-visitas-turisticas-privadas-es-2","8":"product_cat-taormina-es","10":"first","11":"instock","12":"shipping-taxable","13":"purchasable","14":"product-type-simple"},"acf":[],"yoast_head":"<!-- This site is optimized with the Yoast SEO Premium plugin v25.3.1 (Yoast SEO v25.3.1) - https:\/\/yoast.com\/wordpress\/plugins\/seo\/ -->\n<title>\u27a1\ufe0f Excursi\u00f3n privada al plat\u00f3 de El Padrino - Descubra los lugares ic\u00f3nicos de rodaje en Sicilia<\/title>\n<meta name=\"description\" content=\"Experimente el viaje cinematogr\u00e1fico definitivo en el Tour Privado del Set del Padrino. Descubra los lugares ic\u00f3nicos que sirvieron de tel\u00f3n de fondo a una de las trilog\u00edas cinematogr\u00e1ficas m\u00e1s queridas de todos los tiempos. \u00a1Reserve hoy mismo su visita privada con Tour Travel and More! \u2705\" \/>\n<meta name=\"robots\" content=\"index, follow, max-snippet:-1, max-image-preview:large, max-video-preview:-1\" \/>\n<link rel=\"canonical\" href=\"https:\/\/tourtravelandmore.com\/es\/tours\/italia-es\/taormina-es\/todos-los-tours-y-actividades-privadas-taormina\/visita-privada-al-plato-del-padrino\/\" \/>\n<meta property=\"og:locale\" content=\"es_ES\" \/>\n<meta property=\"og:type\" content=\"article\" \/>\n<meta property=\"og:title\" content=\"Visita privada al plat\u00f3 del Padrino\" \/>\n<meta property=\"og:description\" content=\"Experimente el viaje cinematogr\u00e1fico definitivo en el Tour Privado del Set del Padrino. Descubra los lugares ic\u00f3nicos que sirvieron de tel\u00f3n de fondo a una de las trilog\u00edas cinematogr\u00e1ficas m\u00e1s queridas de todos los tiempos. \u00a1Reserve hoy mismo su visita privada con Tour Travel and More! \u2705\" \/>\n<meta property=\"og:url\" content=\"https:\/\/tourtravelandmore.com\/es\/tours\/italia-es\/taormina-es\/todos-los-tours-y-actividades-privadas-taormina\/visita-privada-al-plato-del-padrino\/\" \/>\n<meta property=\"og:site_name\" content=\"Tour Travel And More\" \/>\n<meta property=\"article:publisher\" content=\"https:\/\/www.facebook.com\/tourtravelandmore\/\" \/>\n<meta property=\"article:modified_time\" content=\"2023-04-22T03:23:24+00:00\" \/>\n<meta property=\"og:image\" content=\"https:\/\/tourtravelandmore.com\/wp-content\/uploads\/2023\/04\/image1-1.jpg\" \/>\n\t<meta property=\"og:image:width\" content=\"950\" \/>\n\t<meta property=\"og:image:height\" content=\"750\" \/>\n\t<meta property=\"og:image:type\" content=\"image\/jpeg\" \/>\n<meta name=\"twitter:card\" content=\"summary_large_image\" \/>\n<meta name=\"twitter:site\" content=\"@TourTravel_More\" \/>\n<meta name=\"twitter:label1\" content=\"Tiempo de lectura\" \/>\n\t<meta name=\"twitter:data1\" content=\"3 minutos\" \/>\n<script type=\"application\/ld+json\" class=\"yoast-schema-graph\">{\"@context\":\"https:\/\/schema.org\",\"@graph\":[{\"@type\":\"WebPage\",\"@id\":\"https:\/\/tourtravelandmore.com\/es\/tours\/italia-es\/taormina-es\/todos-los-tours-y-actividades-privadas-taormina\/visita-privada-al-plato-del-padrino\/\",\"url\":\"https:\/\/tourtravelandmore.com\/es\/tours\/italia-es\/taormina-es\/todos-los-tours-y-actividades-privadas-taormina\/visita-privada-al-plato-del-padrino\/\",\"name\":\"\u27a1\ufe0f Excursi\u00f3n privada al plat\u00f3 de El Padrino - Descubra los lugares ic\u00f3nicos de rodaje en Sicilia\",\"isPartOf\":{\"@id\":\"https:\/\/tourtravelandmore.com\/es\/#website\"},\"primaryImageOfPage\":{\"@id\":\"https:\/\/tourtravelandmore.com\/es\/tours\/italia-es\/taormina-es\/todos-los-tours-y-actividades-privadas-taormina\/visita-privada-al-plato-del-padrino\/#primaryimage\"},\"image\":{\"@id\":\"https:\/\/tourtravelandmore.com\/es\/tours\/italia-es\/taormina-es\/todos-los-tours-y-actividades-privadas-taormina\/visita-privada-al-plato-del-padrino\/#primaryimage\"},\"thumbnailUrl\":\"https:\/\/tourtravelandmore.com\/wp-content\/uploads\/2023\/04\/image1-1.jpg\",\"datePublished\":\"2023-03-31T23:58:38+00:00\",\"dateModified\":\"2023-04-22T03:23:24+00:00\",\"description\":\"Experimente el viaje cinematogr\u00e1fico definitivo en el Tour Privado del Set del Padrino. Descubra los lugares ic\u00f3nicos que sirvieron de tel\u00f3n de fondo a una de las trilog\u00edas cinematogr\u00e1ficas m\u00e1s queridas de todos los tiempos. \u00a1Reserve hoy mismo su visita privada con Tour Travel and More! \u2705\",\"breadcrumb\":{\"@id\":\"https:\/\/tourtravelandmore.com\/es\/tours\/italia-es\/taormina-es\/todos-los-tours-y-actividades-privadas-taormina\/visita-privada-al-plato-del-padrino\/#breadcrumb\"},\"inLanguage\":\"es\",\"potentialAction\":[{\"@type\":\"ReadAction\",\"target\":[\"https:\/\/tourtravelandmore.com\/es\/tours\/italia-es\/taormina-es\/todos-los-tours-y-actividades-privadas-taormina\/visita-privada-al-plato-del-padrino\/\"]}]},{\"@type\":\"ImageObject\",\"inLanguage\":\"es\",\"@id\":\"https:\/\/tourtravelandmore.com\/es\/tours\/italia-es\/taormina-es\/todos-los-tours-y-actividades-privadas-taormina\/visita-privada-al-plato-del-padrino\/#primaryimage\",\"url\":\"https:\/\/tourtravelandmore.com\/wp-content\/uploads\/2023\/04\/image1-1.jpg\",\"contentUrl\":\"https:\/\/tourtravelandmore.com\/wp-content\/uploads\/2023\/04\/image1-1.jpg\",\"width\":950,\"height\":750},{\"@type\":\"BreadcrumbList\",\"@id\":\"https:\/\/tourtravelandmore.com\/es\/tours\/italia-es\/taormina-es\/todos-los-tours-y-actividades-privadas-taormina\/visita-privada-al-plato-del-padrino\/#breadcrumb\",\"itemListElement\":[{\"@type\":\"ListItem\",\"position\":1,\"name\":\"Home\",\"item\":\"https:\/\/tourtravelandmore.com\/es\/\"},{\"@type\":\"ListItem\",\"position\":2,\"name\":\"Tours\",\"item\":\"https:\/\/tourtravelandmore.com\/es\/tours\/\"},{\"@type\":\"ListItem\",\"position\":3,\"name\":\"Visita privada al plat\u00f3 del Padrino\"}]},{\"@type\":\"WebSite\",\"@id\":\"https:\/\/tourtravelandmore.com\/es\/#website\",\"url\":\"https:\/\/tourtravelandmore.com\/es\/\",\"name\":\"Tour Travel And More\",\"description\":\"Private sightseeing tours and luxury transfers in Spain\",\"publisher\":{\"@id\":\"https:\/\/tourtravelandmore.com\/es\/#organization\"},\"potentialAction\":[{\"@type\":\"SearchAction\",\"target\":{\"@type\":\"EntryPoint\",\"urlTemplate\":\"https:\/\/tourtravelandmore.com\/es\/?s={search_term_string}\"},\"query-input\":{\"@type\":\"PropertyValueSpecification\",\"valueRequired\":true,\"valueName\":\"search_term_string\"}}],\"inLanguage\":\"es\"},{\"@type\":\"Organization\",\"@id\":\"https:\/\/tourtravelandmore.com\/es\/#organization\",\"name\":\"Tour Travel And More\",\"url\":\"https:\/\/tourtravelandmore.com\/es\/\",\"logo\":{\"@type\":\"ImageObject\",\"inLanguage\":\"es\",\"@id\":\"https:\/\/tourtravelandmore.com\/es\/#\/schema\/logo\/image\/\",\"url\":\"https:\/\/tourtravelandmore.com\/wp-content\/uploads\/2022\/12\/cropped-logo-cabecera-new.png\",\"contentUrl\":\"https:\/\/tourtravelandmore.com\/wp-content\/uploads\/2022\/12\/cropped-logo-cabecera-new.png\",\"width\":430,\"height\":61,\"caption\":\"Tour Travel And More\"},\"image\":{\"@id\":\"https:\/\/tourtravelandmore.com\/es\/#\/schema\/logo\/image\/\"},\"sameAs\":[\"https:\/\/www.facebook.com\/tourtravelandmore\/\",\"https:\/\/x.com\/TourTravel_More\"]}]}<\/script>\n<!-- \/ Yoast SEO Premium plugin. -->","yoast_head_json":{"title":"\u27a1\ufe0f Excursi\u00f3n privada al plat\u00f3 de El Padrino - Descubra los lugares ic\u00f3nicos de rodaje en Sicilia","description":"Experimente el viaje cinematogr\u00e1fico definitivo en el Tour Privado del Set del Padrino. Descubra los lugares ic\u00f3nicos que sirvieron de tel\u00f3n de fondo a una de las trilog\u00edas cinematogr\u00e1ficas m\u00e1s queridas de todos los tiempos. \u00a1Reserve hoy mismo su visita privada con Tour Travel and More! \u2705","robots":{"index":"index","follow":"follow","max-snippet":"max-snippet:-1","max-image-preview":"max-image-preview:large","max-video-preview":"max-video-preview:-1"},"canonical":"https:\/\/tourtravelandmore.com\/es\/tours\/italia-es\/taormina-es\/todos-los-tours-y-actividades-privadas-taormina\/visita-privada-al-plato-del-padrino\/","og_locale":"es_ES","og_type":"article","og_title":"Visita privada al plat\u00f3 del Padrino","og_description":"Experimente el viaje cinematogr\u00e1fico definitivo en el Tour Privado del Set del Padrino. Descubra los lugares ic\u00f3nicos que sirvieron de tel\u00f3n de fondo a una de las trilog\u00edas cinematogr\u00e1ficas m\u00e1s queridas de todos los tiempos. \u00a1Reserve hoy mismo su visita privada con Tour Travel and More! \u2705","og_url":"https:\/\/tourtravelandmore.com\/es\/tours\/italia-es\/taormina-es\/todos-los-tours-y-actividades-privadas-taormina\/visita-privada-al-plato-del-padrino\/","og_site_name":"Tour Travel And More","article_publisher":"https:\/\/www.facebook.com\/tourtravelandmore\/","article_modified_time":"2023-04-22T03:23:24+00:00","og_image":[{"width":950,"height":750,"url":"https:\/\/tourtravelandmore.com\/wp-content\/uploads\/2023\/04\/image1-1.jpg","type":"image\/jpeg"}],"twitter_card":"summary_large_image","twitter_site":"@TourTravel_More","twitter_misc":{"Tiempo de lectura":"3 minutos"},"schema":{"@context":"https:\/\/schema.org","@graph":[{"@type":"WebPage","@id":"https:\/\/tourtravelandmore.com\/es\/tours\/italia-es\/taormina-es\/todos-los-tours-y-actividades-privadas-taormina\/visita-privada-al-plato-del-padrino\/","url":"https:\/\/tourtravelandmore.com\/es\/tours\/italia-es\/taormina-es\/todos-los-tours-y-actividades-privadas-taormina\/visita-privada-al-plato-del-padrino\/","name":"\u27a1\ufe0f Excursi\u00f3n privada al plat\u00f3 de El Padrino - Descubra los lugares ic\u00f3nicos de rodaje en Sicilia","isPartOf":{"@id":"https:\/\/tourtravelandmore.com\/es\/#website"},"primaryImageOfPage":{"@id":"https:\/\/tourtravelandmore.com\/es\/tours\/italia-es\/taormina-es\/todos-los-tours-y-actividades-privadas-taormina\/visita-privada-al-plato-del-padrino\/#primaryimage"},"image":{"@id":"https:\/\/tourtravelandmore.com\/es\/tours\/italia-es\/taormina-es\/todos-los-tours-y-actividades-privadas-taormina\/visita-privada-al-plato-del-padrino\/#primaryimage"},"thumbnailUrl":"https:\/\/tourtravelandmore.com\/wp-content\/uploads\/2023\/04\/image1-1.jpg","datePublished":"2023-03-31T23:58:38+00:00","dateModified":"2023-04-22T03:23:24+00:00","description":"Experimente el viaje cinematogr\u00e1fico definitivo en el Tour Privado del Set del Padrino. Descubra los lugares ic\u00f3nicos que sirvieron de tel\u00f3n de fondo a una de las trilog\u00edas cinematogr\u00e1ficas m\u00e1s queridas de todos los tiempos. \u00a1Reserve hoy mismo su visita privada con Tour Travel and More! \u2705","breadcrumb":{"@id":"https:\/\/tourtravelandmore.com\/es\/tours\/italia-es\/taormina-es\/todos-los-tours-y-actividades-privadas-taormina\/visita-privada-al-plato-del-padrino\/#breadcrumb"},"inLanguage":"es","potentialAction":[{"@type":"ReadAction","target":["https:\/\/tourtravelandmore.com\/es\/tours\/italia-es\/taormina-es\/todos-los-tours-y-actividades-privadas-taormina\/visita-privada-al-plato-del-padrino\/"]}]},{"@type":"ImageObject","inLanguage":"es","@id":"https:\/\/tourtravelandmore.com\/es\/tours\/italia-es\/taormina-es\/todos-los-tours-y-actividades-privadas-taormina\/visita-privada-al-plato-del-padrino\/#primaryimage","url":"https:\/\/tourtravelandmore.com\/wp-content\/uploads\/2023\/04\/image1-1.jpg","contentUrl":"https:\/\/tourtravelandmore.com\/wp-content\/uploads\/2023\/04\/image1-1.jpg","width":950,"height":750},{"@type":"BreadcrumbList","@id":"https:\/\/tourtravelandmore.com\/es\/tours\/italia-es\/taormina-es\/todos-los-tours-y-actividades-privadas-taormina\/visita-privada-al-plato-del-padrino\/#breadcrumb","itemListElement":[{"@type":"ListItem","position":1,"name":"Home","item":"https:\/\/tourtravelandmore.com\/es\/"},{"@type":"ListItem","position":2,"name":"Tours","item":"https:\/\/tourtravelandmore.com\/es\/tours\/"},{"@type":"ListItem","position":3,"name":"Visita privada al plat\u00f3 del Padrino"}]},{"@type":"WebSite","@id":"https:\/\/tourtravelandmore.com\/es\/#website","url":"https:\/\/tourtravelandmore.com\/es\/","name":"Tour Travel And More","description":"Private sightseeing tours and luxury transfers in Spain","publisher":{"@id":"https:\/\/tourtravelandmore.com\/es\/#organization"},"potentialAction":[{"@type":"SearchAction","target":{"@type":"EntryPoint","urlTemplate":"https:\/\/tourtravelandmore.com\/es\/?s={search_term_string}"},"query-input":{"@type":"PropertyValueSpecification","valueRequired":true,"valueName":"search_term_string"}}],"inLanguage":"es"},{"@type":"Organization","@id":"https:\/\/tourtravelandmore.com\/es\/#organization","name":"Tour Travel And More","url":"https:\/\/tourtravelandmore.com\/es\/","logo":{"@type":"ImageObject","inLanguage":"es","@id":"https:\/\/tourtravelandmore.com\/es\/#\/schema\/logo\/image\/","url":"https:\/\/tourtravelandmore.com\/wp-content\/uploads\/2022\/12\/cropped-logo-cabecera-new.png","contentUrl":"https:\/\/tourtravelandmore.com\/wp-content\/uploads\/2022\/12\/cropped-logo-cabecera-new.png","width":430,"height":61,"caption":"Tour Travel And More"},"image":{"@id":"https:\/\/tourtravelandmore.com\/es\/#\/schema\/logo\/image\/"},"sameAs":["https:\/\/www.facebook.com\/tourtravelandmore\/","https:\/\/x.com\/TourTravel_More"]}]}},"_links":{"self":[{"href":"https:\/\/tourtravelandmore.com\/es\/wp-json\/wp\/v2\/product\/159705","targetHints":{"allow":["GET"]}}],"collection":[{"href":"https:\/\/tourtravelandmore.com\/es\/wp-json\/wp\/v2\/product"}],"about":[{"href":"https:\/\/tourtravelandmore.com\/es\/wp-json\/wp\/v2\/types\/product"}],"replies":[{"embeddable":true,"href":"https:\/\/tourtravelandmore.com\/es\/wp-json\/wp\/v2\/comments?post=159705"}],"wp:featuredmedia":[{"embeddable":true,"href":"https:\/\/tourtravelandmore.com\/es\/wp-json\/wp\/v2\/media\/159690"}],"wp:attachment":[{"href":"https:\/\/tourtravelandmore.com\/es\/wp-json\/wp\/v2\/media?parent=159705"}],"wp:term":[{"taxonomy":"product_brand","embeddable":true,"href":"https:\/\/tourtravelandmore.com\/es\/wp-json\/wp\/v2\/product_brand?post=159705"},{"taxonomy":"product_cat","embeddable":true,"href":"https:\/\/tourtravelandmore.com\/es\/wp-json\/wp\/v2\/product_cat?post=159705"},{"taxonomy":"product_tag","embeddable":true,"href":"https:\/\/tourtravelandmore.com\/es\/wp-json\/wp\/v2\/product_tag?post=159705"}],"curies":[{"name":"wp","href":"https:\/\/api.w.org\/{rel}","templated":true}]}}