{"id":159674,"date":"2023-04-01T01:33:41","date_gmt":"2023-03-31T23:33:41","guid":{"rendered":"https:\/\/tourtravelandmore.com\/tours\/sin%20categor\u00eda\/excursion-privada-de-taormina-y-las-gargantas-de-alcantara-desde-taormina\/"},"modified":"2023-04-22T05:21:13","modified_gmt":"2023-04-22T03:21:13","slug":"excursion-privada-de-taormina-y-las-gargantas-de-alcantara-desde-taormina","status":"publish","type":"product","link":"https:\/\/tourtravelandmore.com\/es\/tours\/italia-es\/taormina-es\/todos-los-tours-y-actividades-privadas-taormina\/excursion-privada-de-taormina-y-las-gargantas-de-alcantara-desde-taormina\/","title":{"rendered":"Excursi\u00f3n privada de Taormina y las Gargantas de Alc\u00e1ntara desde Taormina"},"content":{"rendered":"<h2><b>Descripci\u00f3n de la excursi\u00f3n privada a Taormina y las Gargantas de Alc\u00e1ntara desde Taormina<\/b><\/h2>\n<p><span style=\"font-weight: 400;\">Descubra las impresionantes maravillas naturales de las Gargantas de Alc\u00e1ntara en esta inolvidable excursi\u00f3n privada de 7 horas desde Taormina. Disfrute de la atenci\u00f3n personalizada de un gu\u00eda profesional y de un veh\u00edculo con conductor mientras explora los paisajes escarpados y las aguas cristalinas de este extraordinario lugar geol\u00f3gico. Sea testigo de las sobrecogedoras formaciones rocosas y conozca la fascinante historia del r\u00edo Alc\u00e1ntara, que se abri\u00f3 paso a trav\u00e9s de la lava bas\u00e1ltica del Etna durante miles de a\u00f1os.<\/span><\/p>\n<h2><b>Excursi\u00f3n privada a Taormina y las Gargantas de Alc\u00e1ntara desde los puntos de inter\u00e9s de Taormina<\/b><\/h2>\n<p><span style=\"font-weight: 400;\">Sum\u00e9rjase en la impresionante belleza y el rico patrimonio cultural de Taormina y las Gargantas de Alc\u00e1ntara en esta exclusiva excursi\u00f3n privada. Explore las encantadoras calles y las vistas panor\u00e1micas de Taormina, visite las sobrecogedoras Gargantas de Alc\u00e1ntara y experimente el poder de la naturaleza en acci\u00f3n. Esta excursi\u00f3n le brinda una oportunidad inigualable de descubrir las joyas ocultas y las maravillas naturales de Sicilia, mientras disfruta de la comodidad y el lujo de una excursi\u00f3n privada.<\/span><\/p>\n<h3><b>Gargantas de Alc\u00e1ntara<\/b><\/h3>\n<p><span style=\"font-weight: 400;\">Explore las impresionantes Gargantas de Alc\u00e1ntara, una maravilla natural formada por el r\u00edo Alc\u00e1ntara que atraviesa la lava bas\u00e1ltica del Etna. Admire las impresionantes formaciones rocosas y las aguas cristalinas mientras recorre los senderos o participa en una emocionante aventura de senderismo fluvial. Este extraordinario lugar geol\u00f3gico ofrece una oportunidad \u00fanica para explorar las poderosas fuerzas de la naturaleza en acci\u00f3n y experimentar la impresionante belleza del paisaje siciliano. Las gargantas de Alc\u00e1ntara son un popular destino tur\u00edstico debido a su notable belleza y a su fascinante historia geol\u00f3gica. Mientras explora las gargantas, encontrar\u00e1 varias piscinas naturales, cascadas y cuevas que se suman a la impresionante belleza de esta maravilla geol\u00f3gica.<\/span><\/p>\n<h3><b>Castiglione di Sicilia<\/b><\/h3>\n<p><span style=\"font-weight: 400;\">Visite la encantadora localidad de Castiglione di Sicilia, enclavada en el coraz\u00f3n del Valle de Alc\u00e1ntara. Admire la bella arquitectura barroca, las antiguas iglesias y las sinuosas calles empedradas mientras explora esta pintoresca localidad. Pruebe la deliciosa cocina local y del\u00e9itese con una copa del mejor vino siciliano en uno de los muchos pintorescos caf\u00e9s y restaurantes que bordean las calles. No pierda la oportunidad de visitar el castillo medieval encaramado en lo alto de una colina que domina la ciudad y ofrece unas vistas impresionantes del paisaje circundante. Castiglione di Sicilia tambi\u00e9n es conocida por su famosa Sagra del Vino, un festival del vino que se celebra cada a\u00f1o en septiembre y que atrae a visitantes de todo el mundo.<\/span><\/p>\n<h3><b>Parque Bot\u00e1nico y Geol\u00f3gico de Gole dell&#8217;Alcantara<\/b><\/h3>\n<p><span style=\"font-weight: 400;\">Conozca la flora y fauna \u00fanicas de las Gargantas de Alc\u00e1ntara en el Parque Bot\u00e1nico y Geol\u00f3gico Gole dell&#8217;Alcantara. Este notable parque ofrece a los visitantes la oportunidad de conocer las fascinantes caracter\u00edsticas geol\u00f3gicas de la zona, as\u00ed como la diversa vida vegetal y animal que prospera en este impresionante paisaje. Disfrute de una visita guiada por el parque y aprenda sobre la importancia de preservar esta notable maravilla natural. El parque tambi\u00e9n ofrece una serie de actividades al aire libre, como senderismo, observaci\u00f3n de aves y ciclismo, lo que lo convierte en un destino ideal para los entusiastas de la naturaleza.<\/span><\/p>\n<h3><b>Playa de San Marcos<\/b><\/h3>\n<p><span style=\"font-weight: 400;\">T\u00f3mese un descanso de la exploraci\u00f3n de las Gargantas de Alc\u00e1ntara y dir\u00edjase a la Playa de San Marcos, un hermoso tramo de costa situado a un corto trayecto en coche del parque. Con sus aguas cristalinas, suaves arenas doradas e impresionantes vistas del mar Mediterr\u00e1neo, la playa de San Marco es un verdadero para\u00edso. Rel\u00e1jese en la playa, tome el sol o dese un refrescante ba\u00f1o en sus fr\u00edas aguas. No olvide probar alguno de los deliciosos platos de marisco que se sirven en los restaurantes frente a la playa, que ofrecen algunos de los mariscos m\u00e1s frescos de Sicilia.<\/span><\/p>\n<p><span style=\"font-weight: 400;\">Descubra la completa lista de excursiones privadas en Taormina y sus alrededores que Tour Travel and More ofrece a sus usuarios visitando nuestra p\u00e1gina web. Personalice hoy mismo su experiencia siciliana perfecta. Elija entre nuestra cuidada selecci\u00f3n de tours privados, dise\u00f1ados para satisfacer sus intereses, preferencias y deseos \u00fanicos. No espere m\u00e1s:<\/span><a href=\"https:\/\/tourtravelandmore.com\/es\/ciudad\/italia-es\/messina-es\/\"><span style=\"font-weight: 400;\"> explore nuestras ofertas exclusivas y comience ya el viaje siciliano de sus sue\u00f1os.<\/span><\/a><\/p>\n","protected":false},"excerpt":{"rendered":"<p><span style=\"font-weight: 400;\">Experimente la sobrecogedora belleza de las Gargantas de Alc\u00e1ntara y la encantadora ciudad de Castiglione di Sicilia en una excursi\u00f3n privada de 7 horas desde Taormina. Este exclusivo recorrido ofrece la mezcla perfecta de maravillas naturales y patrimonio cultural, proporcion\u00e1ndole una aventura siciliana inolvidable.<\/span><\/p>\n","protected":false},"featured_media":159659,"comment_status":"open","ping_status":"closed","template":"","meta":{"_acf_changed":false},"product_brand":[],"product_cat":[4362,4375,4307],"product_tag":[],"class_list":{"0":"post-159674","1":"product","2":"type-product","3":"status-publish","4":"has-post-thumbnail","6":"product_cat-todos-los-tours-y-actividades-privadas-taormina","7":"product_cat-visitas-turisticas-privadas-es-2","8":"product_cat-taormina-es","10":"first","11":"instock","12":"shipping-taxable","13":"purchasable","14":"product-type-simple"},"acf":[],"yoast_head":"<!-- This site is optimized with the Yoast SEO Premium plugin v25.3.1 (Yoast SEO v25.3.1) - https:\/\/yoast.com\/wordpress\/plugins\/seo\/ -->\n<title>\u27a1\ufe0f Excursi\u00f3n privada de Taormina y las Gargantas de Alc\u00e1ntara: Descubra las maravillas naturales de Sicilia | Tour Travel and More<\/title>\n<meta name=\"description\" content=\"Descubra la impresionante belleza y el rico patrimonio cultural de Taormina y las Gargantas de Alc\u00e1ntara en una excursi\u00f3n privada de 7 horas, con gu\u00eda y entrada a las Gargantas. Reserve ya su aventura siciliana a medida con Tour Travel and More. \u2705\" \/>\n<meta name=\"robots\" content=\"index, follow, max-snippet:-1, max-image-preview:large, max-video-preview:-1\" \/>\n<link rel=\"canonical\" href=\"https:\/\/tourtravelandmore.com\/es\/tours\/italia-es\/taormina-es\/todos-los-tours-y-actividades-privadas-taormina\/excursion-privada-de-taormina-y-las-gargantas-de-alcantara-desde-taormina\/\" \/>\n<meta property=\"og:locale\" content=\"es_ES\" \/>\n<meta property=\"og:type\" content=\"article\" \/>\n<meta property=\"og:title\" content=\"Excursi\u00f3n privada de Taormina y las Gargantas de Alc\u00e1ntara desde Taormina\" \/>\n<meta property=\"og:description\" content=\"Descubra la impresionante belleza y el rico patrimonio cultural de Taormina y las Gargantas de Alc\u00e1ntara en una excursi\u00f3n privada de 7 horas, con gu\u00eda y entrada a las Gargantas. Reserve ya su aventura siciliana a medida con Tour Travel and More. \u2705\" \/>\n<meta property=\"og:url\" content=\"https:\/\/tourtravelandmore.com\/es\/tours\/italia-es\/taormina-es\/todos-los-tours-y-actividades-privadas-taormina\/excursion-privada-de-taormina-y-las-gargantas-de-alcantara-desde-taormina\/\" \/>\n<meta property=\"og:site_name\" content=\"Tour Travel And More\" \/>\n<meta property=\"article:publisher\" content=\"https:\/\/www.facebook.com\/tourtravelandmore\/\" \/>\n<meta property=\"article:modified_time\" content=\"2023-04-22T03:21:13+00:00\" \/>\n<meta property=\"og:image\" content=\"https:\/\/tourtravelandmore.com\/wp-content\/uploads\/2023\/04\/image1.jpg\" \/>\n\t<meta property=\"og:image:width\" content=\"950\" \/>\n\t<meta property=\"og:image:height\" content=\"750\" \/>\n\t<meta property=\"og:image:type\" content=\"image\/jpeg\" \/>\n<meta name=\"twitter:card\" content=\"summary_large_image\" \/>\n<meta name=\"twitter:site\" content=\"@TourTravel_More\" \/>\n<meta name=\"twitter:label1\" content=\"Tiempo de lectura\" \/>\n\t<meta name=\"twitter:data1\" content=\"4 minutos\" \/>\n<script type=\"application\/ld+json\" class=\"yoast-schema-graph\">{\"@context\":\"https:\/\/schema.org\",\"@graph\":[{\"@type\":\"WebPage\",\"@id\":\"https:\/\/tourtravelandmore.com\/es\/tours\/italia-es\/taormina-es\/todos-los-tours-y-actividades-privadas-taormina\/excursion-privada-de-taormina-y-las-gargantas-de-alcantara-desde-taormina\/\",\"url\":\"https:\/\/tourtravelandmore.com\/es\/tours\/italia-es\/taormina-es\/todos-los-tours-y-actividades-privadas-taormina\/excursion-privada-de-taormina-y-las-gargantas-de-alcantara-desde-taormina\/\",\"name\":\"\u27a1\ufe0f Excursi\u00f3n privada de Taormina y las Gargantas de Alc\u00e1ntara: Descubra las maravillas naturales de Sicilia | Tour Travel and More\",\"isPartOf\":{\"@id\":\"https:\/\/tourtravelandmore.com\/es\/#website\"},\"primaryImageOfPage\":{\"@id\":\"https:\/\/tourtravelandmore.com\/es\/tours\/italia-es\/taormina-es\/todos-los-tours-y-actividades-privadas-taormina\/excursion-privada-de-taormina-y-las-gargantas-de-alcantara-desde-taormina\/#primaryimage\"},\"image\":{\"@id\":\"https:\/\/tourtravelandmore.com\/es\/tours\/italia-es\/taormina-es\/todos-los-tours-y-actividades-privadas-taormina\/excursion-privada-de-taormina-y-las-gargantas-de-alcantara-desde-taormina\/#primaryimage\"},\"thumbnailUrl\":\"https:\/\/tourtravelandmore.com\/wp-content\/uploads\/2023\/04\/image1.jpg\",\"datePublished\":\"2023-03-31T23:33:41+00:00\",\"dateModified\":\"2023-04-22T03:21:13+00:00\",\"description\":\"Descubra la impresionante belleza y el rico patrimonio cultural de Taormina y las Gargantas de Alc\u00e1ntara en una excursi\u00f3n privada de 7 horas, con gu\u00eda y entrada a las Gargantas. Reserve ya su aventura siciliana a medida con Tour Travel and More. \u2705\",\"breadcrumb\":{\"@id\":\"https:\/\/tourtravelandmore.com\/es\/tours\/italia-es\/taormina-es\/todos-los-tours-y-actividades-privadas-taormina\/excursion-privada-de-taormina-y-las-gargantas-de-alcantara-desde-taormina\/#breadcrumb\"},\"inLanguage\":\"es\",\"potentialAction\":[{\"@type\":\"ReadAction\",\"target\":[\"https:\/\/tourtravelandmore.com\/es\/tours\/italia-es\/taormina-es\/todos-los-tours-y-actividades-privadas-taormina\/excursion-privada-de-taormina-y-las-gargantas-de-alcantara-desde-taormina\/\"]}]},{\"@type\":\"ImageObject\",\"inLanguage\":\"es\",\"@id\":\"https:\/\/tourtravelandmore.com\/es\/tours\/italia-es\/taormina-es\/todos-los-tours-y-actividades-privadas-taormina\/excursion-privada-de-taormina-y-las-gargantas-de-alcantara-desde-taormina\/#primaryimage\",\"url\":\"https:\/\/tourtravelandmore.com\/wp-content\/uploads\/2023\/04\/image1.jpg\",\"contentUrl\":\"https:\/\/tourtravelandmore.com\/wp-content\/uploads\/2023\/04\/image1.jpg\",\"width\":950,\"height\":750},{\"@type\":\"BreadcrumbList\",\"@id\":\"https:\/\/tourtravelandmore.com\/es\/tours\/italia-es\/taormina-es\/todos-los-tours-y-actividades-privadas-taormina\/excursion-privada-de-taormina-y-las-gargantas-de-alcantara-desde-taormina\/#breadcrumb\",\"itemListElement\":[{\"@type\":\"ListItem\",\"position\":1,\"name\":\"Home\",\"item\":\"https:\/\/tourtravelandmore.com\/es\/\"},{\"@type\":\"ListItem\",\"position\":2,\"name\":\"Tours\",\"item\":\"https:\/\/tourtravelandmore.com\/es\/tours\/\"},{\"@type\":\"ListItem\",\"position\":3,\"name\":\"Excursi\u00f3n privada de Taormina y las Gargantas de Alc\u00e1ntara desde Taormina\"}]},{\"@type\":\"WebSite\",\"@id\":\"https:\/\/tourtravelandmore.com\/es\/#website\",\"url\":\"https:\/\/tourtravelandmore.com\/es\/\",\"name\":\"Tour Travel And More\",\"description\":\"Private sightseeing tours and luxury transfers in Spain\",\"publisher\":{\"@id\":\"https:\/\/tourtravelandmore.com\/es\/#organization\"},\"potentialAction\":[{\"@type\":\"SearchAction\",\"target\":{\"@type\":\"EntryPoint\",\"urlTemplate\":\"https:\/\/tourtravelandmore.com\/es\/?s={search_term_string}\"},\"query-input\":{\"@type\":\"PropertyValueSpecification\",\"valueRequired\":true,\"valueName\":\"search_term_string\"}}],\"inLanguage\":\"es\"},{\"@type\":\"Organization\",\"@id\":\"https:\/\/tourtravelandmore.com\/es\/#organization\",\"name\":\"Tour Travel And More\",\"url\":\"https:\/\/tourtravelandmore.com\/es\/\",\"logo\":{\"@type\":\"ImageObject\",\"inLanguage\":\"es\",\"@id\":\"https:\/\/tourtravelandmore.com\/es\/#\/schema\/logo\/image\/\",\"url\":\"https:\/\/tourtravelandmore.com\/wp-content\/uploads\/2022\/12\/cropped-logo-cabecera-new.png\",\"contentUrl\":\"https:\/\/tourtravelandmore.com\/wp-content\/uploads\/2022\/12\/cropped-logo-cabecera-new.png\",\"width\":430,\"height\":61,\"caption\":\"Tour Travel And More\"},\"image\":{\"@id\":\"https:\/\/tourtravelandmore.com\/es\/#\/schema\/logo\/image\/\"},\"sameAs\":[\"https:\/\/www.facebook.com\/tourtravelandmore\/\",\"https:\/\/x.com\/TourTravel_More\"]}]}<\/script>\n<!-- \/ Yoast SEO Premium plugin. -->","yoast_head_json":{"title":"\u27a1\ufe0f Excursi\u00f3n privada de Taormina y las Gargantas de Alc\u00e1ntara: Descubra las maravillas naturales de Sicilia | Tour Travel and More","description":"Descubra la impresionante belleza y el rico patrimonio cultural de Taormina y las Gargantas de Alc\u00e1ntara en una excursi\u00f3n privada de 7 horas, con gu\u00eda y entrada a las Gargantas. Reserve ya su aventura siciliana a medida con Tour Travel and More. \u2705","robots":{"index":"index","follow":"follow","max-snippet":"max-snippet:-1","max-image-preview":"max-image-preview:large","max-video-preview":"max-video-preview:-1"},"canonical":"https:\/\/tourtravelandmore.com\/es\/tours\/italia-es\/taormina-es\/todos-los-tours-y-actividades-privadas-taormina\/excursion-privada-de-taormina-y-las-gargantas-de-alcantara-desde-taormina\/","og_locale":"es_ES","og_type":"article","og_title":"Excursi\u00f3n privada de Taormina y las Gargantas de Alc\u00e1ntara desde Taormina","og_description":"Descubra la impresionante belleza y el rico patrimonio cultural de Taormina y las Gargantas de Alc\u00e1ntara en una excursi\u00f3n privada de 7 horas, con gu\u00eda y entrada a las Gargantas. Reserve ya su aventura siciliana a medida con Tour Travel and More. \u2705","og_url":"https:\/\/tourtravelandmore.com\/es\/tours\/italia-es\/taormina-es\/todos-los-tours-y-actividades-privadas-taormina\/excursion-privada-de-taormina-y-las-gargantas-de-alcantara-desde-taormina\/","og_site_name":"Tour Travel And More","article_publisher":"https:\/\/www.facebook.com\/tourtravelandmore\/","article_modified_time":"2023-04-22T03:21:13+00:00","og_image":[{"width":950,"height":750,"url":"https:\/\/tourtravelandmore.com\/wp-content\/uploads\/2023\/04\/image1.jpg","type":"image\/jpeg"}],"twitter_card":"summary_large_image","twitter_site":"@TourTravel_More","twitter_misc":{"Tiempo de lectura":"4 minutos"},"schema":{"@context":"https:\/\/schema.org","@graph":[{"@type":"WebPage","@id":"https:\/\/tourtravelandmore.com\/es\/tours\/italia-es\/taormina-es\/todos-los-tours-y-actividades-privadas-taormina\/excursion-privada-de-taormina-y-las-gargantas-de-alcantara-desde-taormina\/","url":"https:\/\/tourtravelandmore.com\/es\/tours\/italia-es\/taormina-es\/todos-los-tours-y-actividades-privadas-taormina\/excursion-privada-de-taormina-y-las-gargantas-de-alcantara-desde-taormina\/","name":"\u27a1\ufe0f Excursi\u00f3n privada de Taormina y las Gargantas de Alc\u00e1ntara: Descubra las maravillas naturales de Sicilia | Tour Travel and More","isPartOf":{"@id":"https:\/\/tourtravelandmore.com\/es\/#website"},"primaryImageOfPage":{"@id":"https:\/\/tourtravelandmore.com\/es\/tours\/italia-es\/taormina-es\/todos-los-tours-y-actividades-privadas-taormina\/excursion-privada-de-taormina-y-las-gargantas-de-alcantara-desde-taormina\/#primaryimage"},"image":{"@id":"https:\/\/tourtravelandmore.com\/es\/tours\/italia-es\/taormina-es\/todos-los-tours-y-actividades-privadas-taormina\/excursion-privada-de-taormina-y-las-gargantas-de-alcantara-desde-taormina\/#primaryimage"},"thumbnailUrl":"https:\/\/tourtravelandmore.com\/wp-content\/uploads\/2023\/04\/image1.jpg","datePublished":"2023-03-31T23:33:41+00:00","dateModified":"2023-04-22T03:21:13+00:00","description":"Descubra la impresionante belleza y el rico patrimonio cultural de Taormina y las Gargantas de Alc\u00e1ntara en una excursi\u00f3n privada de 7 horas, con gu\u00eda y entrada a las Gargantas. Reserve ya su aventura siciliana a medida con Tour Travel and More. \u2705","breadcrumb":{"@id":"https:\/\/tourtravelandmore.com\/es\/tours\/italia-es\/taormina-es\/todos-los-tours-y-actividades-privadas-taormina\/excursion-privada-de-taormina-y-las-gargantas-de-alcantara-desde-taormina\/#breadcrumb"},"inLanguage":"es","potentialAction":[{"@type":"ReadAction","target":["https:\/\/tourtravelandmore.com\/es\/tours\/italia-es\/taormina-es\/todos-los-tours-y-actividades-privadas-taormina\/excursion-privada-de-taormina-y-las-gargantas-de-alcantara-desde-taormina\/"]}]},{"@type":"ImageObject","inLanguage":"es","@id":"https:\/\/tourtravelandmore.com\/es\/tours\/italia-es\/taormina-es\/todos-los-tours-y-actividades-privadas-taormina\/excursion-privada-de-taormina-y-las-gargantas-de-alcantara-desde-taormina\/#primaryimage","url":"https:\/\/tourtravelandmore.com\/wp-content\/uploads\/2023\/04\/image1.jpg","contentUrl":"https:\/\/tourtravelandmore.com\/wp-content\/uploads\/2023\/04\/image1.jpg","width":950,"height":750},{"@type":"BreadcrumbList","@id":"https:\/\/tourtravelandmore.com\/es\/tours\/italia-es\/taormina-es\/todos-los-tours-y-actividades-privadas-taormina\/excursion-privada-de-taormina-y-las-gargantas-de-alcantara-desde-taormina\/#breadcrumb","itemListElement":[{"@type":"ListItem","position":1,"name":"Home","item":"https:\/\/tourtravelandmore.com\/es\/"},{"@type":"ListItem","position":2,"name":"Tours","item":"https:\/\/tourtravelandmore.com\/es\/tours\/"},{"@type":"ListItem","position":3,"name":"Excursi\u00f3n privada de Taormina y las Gargantas de Alc\u00e1ntara desde Taormina"}]},{"@type":"WebSite","@id":"https:\/\/tourtravelandmore.com\/es\/#website","url":"https:\/\/tourtravelandmore.com\/es\/","name":"Tour Travel And More","description":"Private sightseeing tours and luxury transfers in Spain","publisher":{"@id":"https:\/\/tourtravelandmore.com\/es\/#organization"},"potentialAction":[{"@type":"SearchAction","target":{"@type":"EntryPoint","urlTemplate":"https:\/\/tourtravelandmore.com\/es\/?s={search_term_string}"},"query-input":{"@type":"PropertyValueSpecification","valueRequired":true,"valueName":"search_term_string"}}],"inLanguage":"es"},{"@type":"Organization","@id":"https:\/\/tourtravelandmore.com\/es\/#organization","name":"Tour Travel And More","url":"https:\/\/tourtravelandmore.com\/es\/","logo":{"@type":"ImageObject","inLanguage":"es","@id":"https:\/\/tourtravelandmore.com\/es\/#\/schema\/logo\/image\/","url":"https:\/\/tourtravelandmore.com\/wp-content\/uploads\/2022\/12\/cropped-logo-cabecera-new.png","contentUrl":"https:\/\/tourtravelandmore.com\/wp-content\/uploads\/2022\/12\/cropped-logo-cabecera-new.png","width":430,"height":61,"caption":"Tour Travel And More"},"image":{"@id":"https:\/\/tourtravelandmore.com\/es\/#\/schema\/logo\/image\/"},"sameAs":["https:\/\/www.facebook.com\/tourtravelandmore\/","https:\/\/x.com\/TourTravel_More"]}]}},"_links":{"self":[{"href":"https:\/\/tourtravelandmore.com\/es\/wp-json\/wp\/v2\/product\/159674","targetHints":{"allow":["GET"]}}],"collection":[{"href":"https:\/\/tourtravelandmore.com\/es\/wp-json\/wp\/v2\/product"}],"about":[{"href":"https:\/\/tourtravelandmore.com\/es\/wp-json\/wp\/v2\/types\/product"}],"replies":[{"embeddable":true,"href":"https:\/\/tourtravelandmore.com\/es\/wp-json\/wp\/v2\/comments?post=159674"}],"wp:featuredmedia":[{"embeddable":true,"href":"https:\/\/tourtravelandmore.com\/es\/wp-json\/wp\/v2\/media\/159659"}],"wp:attachment":[{"href":"https:\/\/tourtravelandmore.com\/es\/wp-json\/wp\/v2\/media?parent=159674"}],"wp:term":[{"taxonomy":"product_brand","embeddable":true,"href":"https:\/\/tourtravelandmore.com\/es\/wp-json\/wp\/v2\/product_brand?post=159674"},{"taxonomy":"product_cat","embeddable":true,"href":"https:\/\/tourtravelandmore.com\/es\/wp-json\/wp\/v2\/product_cat?post=159674"},{"taxonomy":"product_tag","embeddable":true,"href":"https:\/\/tourtravelandmore.com\/es\/wp-json\/wp\/v2\/product_tag?post=159674"}],"curies":[{"name":"wp","href":"https:\/\/api.w.org\/{rel}","templated":true}]}}