{"id":159486,"date":"2023-03-30T23:13:19","date_gmt":"2023-03-30T21:13:19","guid":{"rendered":"https:\/\/tourtravelandmore.com\/tours\/sin%20categor\u00eda\/tour-privado-de-taormina-y-visita-a-bodega-en-el-etna-desde-taormina\/"},"modified":"2023-04-22T05:22:40","modified_gmt":"2023-04-22T03:22:40","slug":"tour-privado-de-taormina-y-visita-a-bodega-en-el-etna-desde-taormina","status":"publish","type":"product","link":"https:\/\/tourtravelandmore.com\/es\/tours\/italia-es\/taormina-es\/todos-los-tours-y-actividades-privadas-taormina\/tour-privado-de-taormina-y-visita-a-bodega-en-el-etna-desde-taormina\/","title":{"rendered":"Tour Privado de Taormina y Visita a Bodega en el Etna desde Taormina"},"content":{"rendered":"<h2><b>Descripci\u00f3n del Tour Privado de Taormina y Visita a Bodega en el Etna desde Taormina<\/b><\/h2>\n<p>&nbsp;<\/p>\n<p><span style=\"font-weight: 400;\">Emb\u00e1rcate en un inolvidable tour privado de 7 horas por Taormina y visita a una bodega en la ladera norte del monte Etna, partiendo desde Taormina. El tour incluye un gu\u00eda profesional, un veh\u00edculo con conductor, una visita a una prestigiosa bodega y un almuerzo ligero con productos locales. Descubre la encantadora belleza de Taormina y la singular herencia vitivin\u00edcola del Etna, disfrutando de atenci\u00f3n personalizada y un itinerario adaptado a tus preferencias.<\/span><\/p>\n<h2><b>Puntos de Inter\u00e9s del Tour Privado de Taormina y Visita a Bodega en el Etna desde Taormina<\/b><\/h2>\n<p>&nbsp;<\/p>\n<p><span style=\"font-weight: 400;\">Ad\u00e9ntrate en la fascinante historia, impresionantes paisajes y rica cultura de Taormina y la regi\u00f3n del Etna en este tour privado. Explora las encantadoras calles de Taormina, visita una reconocida bodega en las laderas norte del Etna y disfruta de un almuerzo ligero con deliciosos productos locales. Este exclusivo tour muestra lo mejor de Taormina y la regi\u00f3n vin\u00edcola del Etna, brind\u00e1ndote una experiencia inmersiva e inolvidable.<\/span><\/p>\n<h3><b>Visita a Bodega en el Etna<\/b><\/h3>\n<p>&nbsp;<\/p>\n<p><span style=\"font-weight: 400;\">Descubre las singulares tradiciones vitivin\u00edcolas de la regi\u00f3n del Etna con una visita a una prestigiosa bodega en las laderas norte del volc\u00e1n. Aprende sobre las caracter\u00edsticas distintivas del suelo volc\u00e1nico y su influencia en los sabores y aromas de los vinos producidos aqu\u00ed. Disfruta de un recorrido guiado por los vi\u00f1edos y bodegas, seguido de una sesi\u00f3n de cata de vinos acompa\u00f1ada de un almuerzo ligero con productos locales. Conoce a los apasionados viticultores y obt\u00e9n una comprensi\u00f3n m\u00e1s profunda de su oficio, mientras te empapas de las impresionantes vistas de los vi\u00f1edos y el monte Etna en el fondo.<\/span><\/p>\n<p>&nbsp;<\/p>\n<h3><b>Ladera Norte del Monte Etna<\/b><\/h3>\n<p>&nbsp;<\/p>\n<p><span style=\"font-weight: 400;\">Explora la impresionante ladera norte del monte Etna, famosa por sus exuberantes vi\u00f1edos, suelos f\u00e9rtiles y espectaculares paisajes. Contempla la asombrosa belleza del terreno volc\u00e1nico, salpicado de antiguos flujos de lava y una pr\u00f3spera vegetaci\u00f3n. Aprende sobre las caracter\u00edsticas geol\u00f3gicas \u00fanicas de la zona, as\u00ed como la fascinante historia del monte Etna, uno de los volcanes m\u00e1s activos de Europa. Descubre los encantadores pueblos que salpican las laderas de la monta\u00f1a y disfruta de su c\u00e1lida hospitalidad y deliciosa cocina local mientras exploras esta destacada regi\u00f3n.<\/span><\/p>\n<h3><b>Esc\u00e9nica Taormina<\/b><\/h3>\n<p>&nbsp;<\/p>\n<p><span style=\"font-weight: 400;\">Sum\u00e9rgete en el cautivador encanto de Taormina, un pintoresco pueblo situado en una colina con vistas al mar J\u00f3nico. Pasea por sus estrechas y sinuosas calles, admirando las joyas arquitect\u00f3nicas, los hermosos jardines y las vistas panor\u00e1micas. Visita el antiguo Teatro Griego, la impresionante Isola Bella y la vibrante Piazza IX Aprile, mientras aprendes sobre la rica historia y patrimonio cultural de Taormina. Pasea por el famoso Corso Umberto, lleno de elegantes boutiques, caf\u00e9s encantadores y restaurantes acogedores, y experimenta la animada atm\u00f3sfera de este encantador pueblo siciliano.<\/span><\/p>\n<h3><b>Garganta de Alc\u00e1ntara<\/b><\/h3>\n<p>&nbsp;<\/p>\n<p><span style=\"font-weight: 400;\">Visita la impresionante Garganta de Alc\u00e1ntara, una maravilla natural formada por el r\u00edo Alc\u00e1ntara cortando la lava bas\u00e1ltica del monte Etna. Admira las impresionantes formaciones rocosas y las cristalinas aguas mientras caminas por los senderos o participas en una emocionante aventura de trekking por el r\u00edo. Este destacado sitio geol\u00f3gico ofrece una oportunidad \u00fanica para explorar las poderosas fuerzas de la naturaleza en acci\u00f3n y experimentar la impresionante belleza del paisaje siciliano.<\/span><\/p>\n<p>&nbsp;<\/p>\n<p><span style=\"font-weight: 400;\">Descubre la lista completa de tours privados en Taormina y sus alrededores que Tour Travel and More ofrece a sus usuarios visitando nuestro sitio web. \u00a1Personaliza tu experiencia siciliana perfecta hoy mismo! Elige entre nuestra selecci\u00f3n cuidadosamente curada de tours privados, dise\u00f1ados para satisfacer tus intereses, preferencias y deseos \u00fanicos. No esperes m\u00e1s: <\/span><a href=\"https:\/\/tourtravelandmore.com\/es\/ciudad\/italia-es\/taormina-es\/\"><span style=\"font-weight: 400;\">\u00a1explora nuestras ofertas exclusivas y comienza tu sue\u00f1o de un viaje siciliano ahora!<\/span><\/a><\/p>\n","protected":false},"excerpt":{"rendered":"<p><span style=\"font-weight: 400;\">Experimenta una visita guiada privada de 7 horas a Taormina y una visita a una bodega en la ladera norte del monte Etna, con conductor y gu\u00eda, y un almuerzo ligero con productos locales. Descubre la cautivadora belleza de Taormina y el patrimonio vitivin\u00edcola \u00fanico de la regi\u00f3n del Etna.<\/span><\/p>\n","protected":false},"featured_media":159471,"comment_status":"open","ping_status":"closed","template":"","meta":{"_acf_changed":false},"product_brand":[],"product_cat":[4362,4375,4307],"product_tag":[],"class_list":{"0":"post-159486","1":"product","2":"type-product","3":"status-publish","4":"has-post-thumbnail","6":"product_cat-todos-los-tours-y-actividades-privadas-taormina","7":"product_cat-visitas-turisticas-privadas-es-2","8":"product_cat-taormina-es","10":"first","11":"instock","12":"shipping-taxable","13":"purchasable","14":"product-type-simple"},"acf":[],"yoast_head":"<!-- This site is optimized with the Yoast SEO Premium plugin v25.3.1 (Yoast SEO v25.3.1) - https:\/\/yoast.com\/wordpress\/plugins\/seo\/ -->\n<title>\u27a1\ufe0f Tour Privado de Taormina y Visita a Bodega en Etna: Descubre la Belleza Encantadora de Sicilia | Tour Travel and More<\/title>\n<meta name=\"description\" content=\"Descubre el encanto cautivador de Taormina y el patrimonio vitivin\u00edcola \u00fanico de Etna en una visita guiada privada de 7 horas, con conductor y gu\u00eda, y un almuerzo ligero. \u00a1Reserva tu aventura siciliana personalizada con Tour Travel and More ahora! \u2705\" \/>\n<meta name=\"robots\" content=\"index, follow, max-snippet:-1, max-image-preview:large, max-video-preview:-1\" \/>\n<link rel=\"canonical\" href=\"https:\/\/tourtravelandmore.com\/es\/tours\/italia-es\/taormina-es\/todos-los-tours-y-actividades-privadas-taormina\/tour-privado-de-taormina-y-visita-a-bodega-en-el-etna-desde-taormina\/\" \/>\n<meta property=\"og:locale\" content=\"es_ES\" \/>\n<meta property=\"og:type\" content=\"article\" \/>\n<meta property=\"og:title\" content=\"Tour Privado de Taormina y Visita a Bodega en el Etna desde Taormina\" \/>\n<meta property=\"og:description\" content=\"Descubre el encanto cautivador de Taormina y el patrimonio vitivin\u00edcola \u00fanico de Etna en una visita guiada privada de 7 horas, con conductor y gu\u00eda, y un almuerzo ligero. \u00a1Reserva tu aventura siciliana personalizada con Tour Travel and More ahora! \u2705\" \/>\n<meta property=\"og:url\" content=\"https:\/\/tourtravelandmore.com\/es\/tours\/italia-es\/taormina-es\/todos-los-tours-y-actividades-privadas-taormina\/tour-privado-de-taormina-y-visita-a-bodega-en-el-etna-desde-taormina\/\" \/>\n<meta property=\"og:site_name\" content=\"Tour Travel And More\" \/>\n<meta property=\"article:publisher\" content=\"https:\/\/www.facebook.com\/tourtravelandmore\/\" \/>\n<meta property=\"article:modified_time\" content=\"2023-04-22T03:22:40+00:00\" \/>\n<meta property=\"og:image\" content=\"https:\/\/tourtravelandmore.com\/wp-content\/uploads\/2023\/03\/image1-9.jpg\" \/>\n\t<meta property=\"og:image:width\" content=\"950\" \/>\n\t<meta property=\"og:image:height\" content=\"750\" \/>\n\t<meta property=\"og:image:type\" content=\"image\/jpeg\" \/>\n<meta name=\"twitter:card\" content=\"summary_large_image\" \/>\n<meta name=\"twitter:site\" content=\"@TourTravel_More\" \/>\n<meta name=\"twitter:label1\" content=\"Tiempo de lectura\" \/>\n\t<meta name=\"twitter:data1\" content=\"3 minutos\" \/>\n<script type=\"application\/ld+json\" class=\"yoast-schema-graph\">{\"@context\":\"https:\/\/schema.org\",\"@graph\":[{\"@type\":\"WebPage\",\"@id\":\"https:\/\/tourtravelandmore.com\/es\/tours\/italia-es\/taormina-es\/todos-los-tours-y-actividades-privadas-taormina\/tour-privado-de-taormina-y-visita-a-bodega-en-el-etna-desde-taormina\/\",\"url\":\"https:\/\/tourtravelandmore.com\/es\/tours\/italia-es\/taormina-es\/todos-los-tours-y-actividades-privadas-taormina\/tour-privado-de-taormina-y-visita-a-bodega-en-el-etna-desde-taormina\/\",\"name\":\"\u27a1\ufe0f Tour Privado de Taormina y Visita a Bodega en Etna: Descubre la Belleza Encantadora de Sicilia | Tour Travel and More\",\"isPartOf\":{\"@id\":\"https:\/\/tourtravelandmore.com\/es\/#website\"},\"primaryImageOfPage\":{\"@id\":\"https:\/\/tourtravelandmore.com\/es\/tours\/italia-es\/taormina-es\/todos-los-tours-y-actividades-privadas-taormina\/tour-privado-de-taormina-y-visita-a-bodega-en-el-etna-desde-taormina\/#primaryimage\"},\"image\":{\"@id\":\"https:\/\/tourtravelandmore.com\/es\/tours\/italia-es\/taormina-es\/todos-los-tours-y-actividades-privadas-taormina\/tour-privado-de-taormina-y-visita-a-bodega-en-el-etna-desde-taormina\/#primaryimage\"},\"thumbnailUrl\":\"https:\/\/tourtravelandmore.com\/wp-content\/uploads\/2023\/03\/image1-9.jpg\",\"datePublished\":\"2023-03-30T21:13:19+00:00\",\"dateModified\":\"2023-04-22T03:22:40+00:00\",\"description\":\"Descubre el encanto cautivador de Taormina y el patrimonio vitivin\u00edcola \u00fanico de Etna en una visita guiada privada de 7 horas, con conductor y gu\u00eda, y un almuerzo ligero. \u00a1Reserva tu aventura siciliana personalizada con Tour Travel and More ahora! \u2705\",\"breadcrumb\":{\"@id\":\"https:\/\/tourtravelandmore.com\/es\/tours\/italia-es\/taormina-es\/todos-los-tours-y-actividades-privadas-taormina\/tour-privado-de-taormina-y-visita-a-bodega-en-el-etna-desde-taormina\/#breadcrumb\"},\"inLanguage\":\"es\",\"potentialAction\":[{\"@type\":\"ReadAction\",\"target\":[\"https:\/\/tourtravelandmore.com\/es\/tours\/italia-es\/taormina-es\/todos-los-tours-y-actividades-privadas-taormina\/tour-privado-de-taormina-y-visita-a-bodega-en-el-etna-desde-taormina\/\"]}]},{\"@type\":\"ImageObject\",\"inLanguage\":\"es\",\"@id\":\"https:\/\/tourtravelandmore.com\/es\/tours\/italia-es\/taormina-es\/todos-los-tours-y-actividades-privadas-taormina\/tour-privado-de-taormina-y-visita-a-bodega-en-el-etna-desde-taormina\/#primaryimage\",\"url\":\"https:\/\/tourtravelandmore.com\/wp-content\/uploads\/2023\/03\/image1-9.jpg\",\"contentUrl\":\"https:\/\/tourtravelandmore.com\/wp-content\/uploads\/2023\/03\/image1-9.jpg\",\"width\":950,\"height\":750},{\"@type\":\"BreadcrumbList\",\"@id\":\"https:\/\/tourtravelandmore.com\/es\/tours\/italia-es\/taormina-es\/todos-los-tours-y-actividades-privadas-taormina\/tour-privado-de-taormina-y-visita-a-bodega-en-el-etna-desde-taormina\/#breadcrumb\",\"itemListElement\":[{\"@type\":\"ListItem\",\"position\":1,\"name\":\"Home\",\"item\":\"https:\/\/tourtravelandmore.com\/es\/\"},{\"@type\":\"ListItem\",\"position\":2,\"name\":\"Tours\",\"item\":\"https:\/\/tourtravelandmore.com\/es\/tours\/\"},{\"@type\":\"ListItem\",\"position\":3,\"name\":\"Tour Privado de Taormina y Visita a Bodega en el Etna desde Taormina\"}]},{\"@type\":\"WebSite\",\"@id\":\"https:\/\/tourtravelandmore.com\/es\/#website\",\"url\":\"https:\/\/tourtravelandmore.com\/es\/\",\"name\":\"Tour Travel And More\",\"description\":\"Private sightseeing tours and luxury transfers in Spain\",\"publisher\":{\"@id\":\"https:\/\/tourtravelandmore.com\/es\/#organization\"},\"potentialAction\":[{\"@type\":\"SearchAction\",\"target\":{\"@type\":\"EntryPoint\",\"urlTemplate\":\"https:\/\/tourtravelandmore.com\/es\/?s={search_term_string}\"},\"query-input\":{\"@type\":\"PropertyValueSpecification\",\"valueRequired\":true,\"valueName\":\"search_term_string\"}}],\"inLanguage\":\"es\"},{\"@type\":\"Organization\",\"@id\":\"https:\/\/tourtravelandmore.com\/es\/#organization\",\"name\":\"Tour Travel And More\",\"url\":\"https:\/\/tourtravelandmore.com\/es\/\",\"logo\":{\"@type\":\"ImageObject\",\"inLanguage\":\"es\",\"@id\":\"https:\/\/tourtravelandmore.com\/es\/#\/schema\/logo\/image\/\",\"url\":\"https:\/\/tourtravelandmore.com\/wp-content\/uploads\/2022\/12\/cropped-logo-cabecera-new.png\",\"contentUrl\":\"https:\/\/tourtravelandmore.com\/wp-content\/uploads\/2022\/12\/cropped-logo-cabecera-new.png\",\"width\":430,\"height\":61,\"caption\":\"Tour Travel And More\"},\"image\":{\"@id\":\"https:\/\/tourtravelandmore.com\/es\/#\/schema\/logo\/image\/\"},\"sameAs\":[\"https:\/\/www.facebook.com\/tourtravelandmore\/\",\"https:\/\/x.com\/TourTravel_More\"]}]}<\/script>\n<!-- \/ Yoast SEO Premium plugin. -->","yoast_head_json":{"title":"\u27a1\ufe0f Tour Privado de Taormina y Visita a Bodega en Etna: Descubre la Belleza Encantadora de Sicilia | Tour Travel and More","description":"Descubre el encanto cautivador de Taormina y el patrimonio vitivin\u00edcola \u00fanico de Etna en una visita guiada privada de 7 horas, con conductor y gu\u00eda, y un almuerzo ligero. \u00a1Reserva tu aventura siciliana personalizada con Tour Travel and More ahora! \u2705","robots":{"index":"index","follow":"follow","max-snippet":"max-snippet:-1","max-image-preview":"max-image-preview:large","max-video-preview":"max-video-preview:-1"},"canonical":"https:\/\/tourtravelandmore.com\/es\/tours\/italia-es\/taormina-es\/todos-los-tours-y-actividades-privadas-taormina\/tour-privado-de-taormina-y-visita-a-bodega-en-el-etna-desde-taormina\/","og_locale":"es_ES","og_type":"article","og_title":"Tour Privado de Taormina y Visita a Bodega en el Etna desde Taormina","og_description":"Descubre el encanto cautivador de Taormina y el patrimonio vitivin\u00edcola \u00fanico de Etna en una visita guiada privada de 7 horas, con conductor y gu\u00eda, y un almuerzo ligero. \u00a1Reserva tu aventura siciliana personalizada con Tour Travel and More ahora! \u2705","og_url":"https:\/\/tourtravelandmore.com\/es\/tours\/italia-es\/taormina-es\/todos-los-tours-y-actividades-privadas-taormina\/tour-privado-de-taormina-y-visita-a-bodega-en-el-etna-desde-taormina\/","og_site_name":"Tour Travel And More","article_publisher":"https:\/\/www.facebook.com\/tourtravelandmore\/","article_modified_time":"2023-04-22T03:22:40+00:00","og_image":[{"width":950,"height":750,"url":"https:\/\/tourtravelandmore.com\/wp-content\/uploads\/2023\/03\/image1-9.jpg","type":"image\/jpeg"}],"twitter_card":"summary_large_image","twitter_site":"@TourTravel_More","twitter_misc":{"Tiempo de lectura":"3 minutos"},"schema":{"@context":"https:\/\/schema.org","@graph":[{"@type":"WebPage","@id":"https:\/\/tourtravelandmore.com\/es\/tours\/italia-es\/taormina-es\/todos-los-tours-y-actividades-privadas-taormina\/tour-privado-de-taormina-y-visita-a-bodega-en-el-etna-desde-taormina\/","url":"https:\/\/tourtravelandmore.com\/es\/tours\/italia-es\/taormina-es\/todos-los-tours-y-actividades-privadas-taormina\/tour-privado-de-taormina-y-visita-a-bodega-en-el-etna-desde-taormina\/","name":"\u27a1\ufe0f Tour Privado de Taormina y Visita a Bodega en Etna: Descubre la Belleza Encantadora de Sicilia | Tour Travel and More","isPartOf":{"@id":"https:\/\/tourtravelandmore.com\/es\/#website"},"primaryImageOfPage":{"@id":"https:\/\/tourtravelandmore.com\/es\/tours\/italia-es\/taormina-es\/todos-los-tours-y-actividades-privadas-taormina\/tour-privado-de-taormina-y-visita-a-bodega-en-el-etna-desde-taormina\/#primaryimage"},"image":{"@id":"https:\/\/tourtravelandmore.com\/es\/tours\/italia-es\/taormina-es\/todos-los-tours-y-actividades-privadas-taormina\/tour-privado-de-taormina-y-visita-a-bodega-en-el-etna-desde-taormina\/#primaryimage"},"thumbnailUrl":"https:\/\/tourtravelandmore.com\/wp-content\/uploads\/2023\/03\/image1-9.jpg","datePublished":"2023-03-30T21:13:19+00:00","dateModified":"2023-04-22T03:22:40+00:00","description":"Descubre el encanto cautivador de Taormina y el patrimonio vitivin\u00edcola \u00fanico de Etna en una visita guiada privada de 7 horas, con conductor y gu\u00eda, y un almuerzo ligero. \u00a1Reserva tu aventura siciliana personalizada con Tour Travel and More ahora! \u2705","breadcrumb":{"@id":"https:\/\/tourtravelandmore.com\/es\/tours\/italia-es\/taormina-es\/todos-los-tours-y-actividades-privadas-taormina\/tour-privado-de-taormina-y-visita-a-bodega-en-el-etna-desde-taormina\/#breadcrumb"},"inLanguage":"es","potentialAction":[{"@type":"ReadAction","target":["https:\/\/tourtravelandmore.com\/es\/tours\/italia-es\/taormina-es\/todos-los-tours-y-actividades-privadas-taormina\/tour-privado-de-taormina-y-visita-a-bodega-en-el-etna-desde-taormina\/"]}]},{"@type":"ImageObject","inLanguage":"es","@id":"https:\/\/tourtravelandmore.com\/es\/tours\/italia-es\/taormina-es\/todos-los-tours-y-actividades-privadas-taormina\/tour-privado-de-taormina-y-visita-a-bodega-en-el-etna-desde-taormina\/#primaryimage","url":"https:\/\/tourtravelandmore.com\/wp-content\/uploads\/2023\/03\/image1-9.jpg","contentUrl":"https:\/\/tourtravelandmore.com\/wp-content\/uploads\/2023\/03\/image1-9.jpg","width":950,"height":750},{"@type":"BreadcrumbList","@id":"https:\/\/tourtravelandmore.com\/es\/tours\/italia-es\/taormina-es\/todos-los-tours-y-actividades-privadas-taormina\/tour-privado-de-taormina-y-visita-a-bodega-en-el-etna-desde-taormina\/#breadcrumb","itemListElement":[{"@type":"ListItem","position":1,"name":"Home","item":"https:\/\/tourtravelandmore.com\/es\/"},{"@type":"ListItem","position":2,"name":"Tours","item":"https:\/\/tourtravelandmore.com\/es\/tours\/"},{"@type":"ListItem","position":3,"name":"Tour Privado de Taormina y Visita a Bodega en el Etna desde Taormina"}]},{"@type":"WebSite","@id":"https:\/\/tourtravelandmore.com\/es\/#website","url":"https:\/\/tourtravelandmore.com\/es\/","name":"Tour Travel And More","description":"Private sightseeing tours and luxury transfers in Spain","publisher":{"@id":"https:\/\/tourtravelandmore.com\/es\/#organization"},"potentialAction":[{"@type":"SearchAction","target":{"@type":"EntryPoint","urlTemplate":"https:\/\/tourtravelandmore.com\/es\/?s={search_term_string}"},"query-input":{"@type":"PropertyValueSpecification","valueRequired":true,"valueName":"search_term_string"}}],"inLanguage":"es"},{"@type":"Organization","@id":"https:\/\/tourtravelandmore.com\/es\/#organization","name":"Tour Travel And More","url":"https:\/\/tourtravelandmore.com\/es\/","logo":{"@type":"ImageObject","inLanguage":"es","@id":"https:\/\/tourtravelandmore.com\/es\/#\/schema\/logo\/image\/","url":"https:\/\/tourtravelandmore.com\/wp-content\/uploads\/2022\/12\/cropped-logo-cabecera-new.png","contentUrl":"https:\/\/tourtravelandmore.com\/wp-content\/uploads\/2022\/12\/cropped-logo-cabecera-new.png","width":430,"height":61,"caption":"Tour Travel And More"},"image":{"@id":"https:\/\/tourtravelandmore.com\/es\/#\/schema\/logo\/image\/"},"sameAs":["https:\/\/www.facebook.com\/tourtravelandmore\/","https:\/\/x.com\/TourTravel_More"]}]}},"_links":{"self":[{"href":"https:\/\/tourtravelandmore.com\/es\/wp-json\/wp\/v2\/product\/159486","targetHints":{"allow":["GET"]}}],"collection":[{"href":"https:\/\/tourtravelandmore.com\/es\/wp-json\/wp\/v2\/product"}],"about":[{"href":"https:\/\/tourtravelandmore.com\/es\/wp-json\/wp\/v2\/types\/product"}],"replies":[{"embeddable":true,"href":"https:\/\/tourtravelandmore.com\/es\/wp-json\/wp\/v2\/comments?post=159486"}],"wp:featuredmedia":[{"embeddable":true,"href":"https:\/\/tourtravelandmore.com\/es\/wp-json\/wp\/v2\/media\/159471"}],"wp:attachment":[{"href":"https:\/\/tourtravelandmore.com\/es\/wp-json\/wp\/v2\/media?parent=159486"}],"wp:term":[{"taxonomy":"product_brand","embeddable":true,"href":"https:\/\/tourtravelandmore.com\/es\/wp-json\/wp\/v2\/product_brand?post=159486"},{"taxonomy":"product_cat","embeddable":true,"href":"https:\/\/tourtravelandmore.com\/es\/wp-json\/wp\/v2\/product_cat?post=159486"},{"taxonomy":"product_tag","embeddable":true,"href":"https:\/\/tourtravelandmore.com\/es\/wp-json\/wp\/v2\/product_tag?post=159486"}],"curies":[{"name":"wp","href":"https:\/\/api.w.org\/{rel}","templated":true}]}}