{"id":159456,"date":"2023-03-30T22:55:59","date_gmt":"2023-03-30T20:55:59","guid":{"rendered":"https:\/\/tourtravelandmore.com\/tours\/sin%20categor\u00eda\/tour-privado-de-taormina-y-savoca-desde-taormina\/"},"modified":"2023-04-22T05:22:19","modified_gmt":"2023-04-22T03:22:19","slug":"tour-privado-de-taormina-y-savoca-desde-taormina","status":"publish","type":"product","link":"https:\/\/tourtravelandmore.com\/es\/tours\/italia-es\/taormina-es\/todos-los-tours-y-actividades-privadas-taormina\/tour-privado-de-taormina-y-savoca-desde-taormina\/","title":{"rendered":"Tour privado de Taormina y Savoca desde Taormina"},"content":{"rendered":"<h2><b>Descripci\u00f3n del tour privado de Taormina y Savoca desde Taormina<\/b><\/h2>\n<p><span style=\"font-weight: 400;\">Embarque en un inolvidable tour privado de 6 horas de Taormina y Savoca desde Taormina, acompa\u00f1ado por un experto gu\u00eda y un veh\u00edculo de lujo. Descubra la fascinante historia, el cautivador paisaje y las joyas arquitect\u00f3nicas de estos dos encantadores pueblos sicilianos. Este exclusivo tour se adapta a sus preferencias, garantizando una experiencia personalizada e inolvidable. Viaje con estilo y comodidad mientras su veh\u00edculo de lujo le transporta a trav\u00e9s de los pintorescos paisajes de estos encantadores destinos.<\/span><\/p>\n<h2><b>Puntos de inter\u00e9s del tour privado de Taormina y Savoca desde Taormina<\/b><\/h2>\n<p><span style=\"font-weight: 400;\">Descubra las cautivadoras atracciones de Taormina y Savoca en este tour privado, que incluye un gu\u00eda experto y un veh\u00edculo de lujo. Sum\u00e9rjase en la rica historia y belleza natural de estos dos notables pueblos sicilianos, visitando antiguas ruinas, encantadoras calles y impresionantes miradores. Cree recuerdos duraderos mientras se adentra en los tesoros culturales e hist\u00f3ricos \u00fanicos que estas id\u00edlicas localidades tienen para ofrecer.<\/span><\/p>\n<h3><b>Savoca<\/b><\/h3>\n<p><span style=\"font-weight: 400;\">Explore el encantador pueblo de Savoca, enclavado en las colinas sicilianas y conocido por su bien conservada arquitectura medieval y pintorescas calles. Descubra el Bar Vitelli, un famoso caf\u00e9 que apareci\u00f3 en la ic\u00f3nica pel\u00edcula &#8220;El Padrino&#8221;, y visite la evocadora Chiesa Madre, una hermosa iglesia que alberga impresionantes frescos y obras de arte. Recorra los sinuosos callejones del pueblo, empap\u00e1ndose de las impresionantes vistas de los paisajes circundantes, y sum\u00e9rjase en la rica historia y el encanto de este destino imperdible. Saboree los aut\u00e9nticos sabores de la cocina tradicional siciliana en uno de los encantadores restaurantes de Savoca y aproveche la oportunidad de degustar vinos locales, quesos y pasteles. No olvide visitar las tiendas artesanales del pueblo, donde podr\u00e1 encontrar recuerdos \u00fanicos y artesan\u00edas para llevar a casa.<\/span><\/p>\n<h3><b>Chiesa di San Nicol\u00f2<\/b><\/h3>\n<p><span style=\"font-weight: 400;\">Visite la hist\u00f3rica Chiesa di San Nicol\u00f2 en Savoca, una hermosa iglesia que data del siglo XIII. Admire los impresionantes frescos y el retablo de madera intrincadamente tallado, que muestran el dominio art\u00edstico de la \u00e9poca. La iglesia es un testimonio del rico patrimonio cultural de Savoca y ofrece un ambiente sereno para la reflexi\u00f3n y el aprecio del significado hist\u00f3rico del pueblo. T\u00f3mese el tiempo para explorar los tranquilos alrededores de la iglesia, incluyendo su encantador patio y jardines, que proporcionan un entorno ideal para la contemplaci\u00f3n tranquila. Participe en uno de los numerosos eventos culturales o celebraciones religiosas que tienen lugar en la iglesia a lo largo del a\u00f1o y experimente el vibrante esp\u00edritu de la comunidad local.<\/span><\/p>\n<h3><b>Catacumbas de Savoca<\/b><\/h3>\n<p><span style=\"font-weight: 400;\">Retroceda en el tiempo mientras explora las misteriosas catacumbas de Savoca, una antigua cripta subterr\u00e1nea que alberga los restos momificados de nobles y cl\u00e9rigos locales. Este lugar misterioso pero fascinante proporciona una visi\u00f3n \u00fanica de las costumbres y tradiciones del pasado del pueblo, ofreciendo un vistazo raro a una \u00e9poca pasada. Aprenda sobre el fascinante proceso de momificaci\u00f3n, as\u00ed como las creencias culturales y religiosas que respaldaban esta antigua pr\u00e1ctica. Embarque en un recorrido guiado por las catacumbas para obtener una comprensi\u00f3n m\u00e1s profunda de su significado hist\u00f3rico y cultural, y marav\u00edllese ante la habilidad y el arte que se emplearon en la creaci\u00f3n de estas incre\u00edbles c\u00e1maras subterr\u00e1neas.<\/span><\/p>\n<h3><b>Miradores panor\u00e1micos de Savoca<\/b><\/h3>\n<p><span style=\"font-weight: 400;\">Disfrute de la impresionante belleza de los miradores panor\u00e1micos de Savoca, que ofrecen impresionantes vistas del paisaje circundante, el mar J\u00f3nico y el lejano monte Etna. Estos puntos de observaci\u00f3n son perfectos para capturar fotograf\u00edas inolvidables, as\u00ed como para simplemente tomarse un momento para apreciar el esplendor natural de la regi\u00f3n. Visite el Belvedere di Savoca, un popular mirador que ofrece una perspectiva inigualable del pintoresco pueblo y sus paisajes circundantes. Al contemplar el magn\u00edfico paisaje, comprender\u00e1 por qu\u00e9 Savoca es considerado uno de los tesoros ocultos de Sicilia.<\/span><\/p>\n<p><span style=\"font-weight: 400;\">Descubra la lista completa de tours privados en Taormina y sus alrededores que Tour Travel and More ofrece a sus usuarios visitando nuestro sitio web. <\/span><a href=\"https:\/\/tourtravelandmore.com\/es\/ciudad\/italia-es\/taormina-es\/\"><span style=\"font-weight: 400;\">\u00a1Personalice su experiencia siciliana perfecta hoy!<\/span><\/a><span style=\"font-weight: 400;\"> Elija entre nuestra cuidadosamente seleccionada oferta de tours privados, dise\u00f1ados para satisfacer sus intereses, preferencias y deseos \u00fanicos. No espere m\u00e1s: explore nuestras exclusivas opciones y comience su so\u00f1ado viaje siciliano ahora.<\/span><\/p>\n","protected":false},"excerpt":{"rendered":"<p><span style=\"font-weight: 400;\">Viva un tour privado de 6 horas de Taormina y Savoca desde Taormina, completo con gu\u00eda privado y veh\u00edculo de lujo. Descubra la cautivadora historia, los impresionantes paisajes y las maravillas arquitect\u00f3nicas de estos encantadores pueblos sicilianos, adaptados a sus preferencias.<\/span><\/p>\n","protected":false},"featured_media":159444,"comment_status":"open","ping_status":"closed","template":"","meta":{"_acf_changed":false},"product_brand":[],"product_cat":[4362,4375,4307],"product_tag":[],"class_list":{"0":"post-159456","1":"product","2":"type-product","3":"status-publish","4":"has-post-thumbnail","6":"product_cat-todos-los-tours-y-actividades-privadas-taormina","7":"product_cat-visitas-turisticas-privadas-es-2","8":"product_cat-taormina-es","10":"first","11":"instock","12":"shipping-taxable","13":"purchasable","14":"product-type-simple"},"acf":[],"yoast_head":"<!-- This site is optimized with the Yoast SEO Premium plugin v25.3.1 (Yoast SEO v25.3.1) - https:\/\/yoast.com\/wordpress\/plugins\/seo\/ -->\n<title>\u27a1\ufe0f Tour priv<\/title>\n<meta name=\"description\" content=\"Sum\u00e9rjase en un tour privado de 6 horas de Taormina y Savoca con gu\u00eda privado y veh\u00edculo de lujo, explorando su cautivadora historia, paisajes y atracciones. \u00a1Reserve su aventura siciliana personalizada con Tour Travel and More ahora! \u2705\" \/>\n<meta name=\"robots\" content=\"index, follow, max-snippet:-1, max-image-preview:large, max-video-preview:-1\" \/>\n<link rel=\"canonical\" href=\"https:\/\/tourtravelandmore.com\/es\/tours\/italia-es\/taormina-es\/todos-los-tours-y-actividades-privadas-taormina\/tour-privado-de-taormina-y-savoca-desde-taormina\/\" \/>\n<meta property=\"og:locale\" content=\"es_ES\" \/>\n<meta property=\"og:type\" content=\"article\" \/>\n<meta property=\"og:title\" content=\"Tour privado de Taormina y Savoca desde Taormina\" \/>\n<meta property=\"og:description\" content=\"Sum\u00e9rjase en un tour privado de 6 horas de Taormina y Savoca con gu\u00eda privado y veh\u00edculo de lujo, explorando su cautivadora historia, paisajes y atracciones. \u00a1Reserve su aventura siciliana personalizada con Tour Travel and More ahora! \u2705\" \/>\n<meta property=\"og:url\" content=\"https:\/\/tourtravelandmore.com\/es\/tours\/italia-es\/taormina-es\/todos-los-tours-y-actividades-privadas-taormina\/tour-privado-de-taormina-y-savoca-desde-taormina\/\" \/>\n<meta property=\"og:site_name\" content=\"Tour Travel And More\" \/>\n<meta property=\"article:publisher\" content=\"https:\/\/www.facebook.com\/tourtravelandmore\/\" \/>\n<meta property=\"article:modified_time\" content=\"2023-04-22T03:22:19+00:00\" \/>\n<meta property=\"og:image\" content=\"https:\/\/tourtravelandmore.com\/wp-content\/uploads\/2023\/03\/image2-8.jpg\" \/>\n\t<meta property=\"og:image:width\" content=\"950\" \/>\n\t<meta property=\"og:image:height\" content=\"750\" \/>\n\t<meta property=\"og:image:type\" content=\"image\/jpeg\" \/>\n<meta name=\"twitter:card\" content=\"summary_large_image\" \/>\n<meta name=\"twitter:site\" content=\"@TourTravel_More\" \/>\n<meta name=\"twitter:label1\" content=\"Tiempo de lectura\" \/>\n\t<meta name=\"twitter:data1\" content=\"4 minutos\" \/>\n<script type=\"application\/ld+json\" class=\"yoast-schema-graph\">{\"@context\":\"https:\/\/schema.org\",\"@graph\":[{\"@type\":\"WebPage\",\"@id\":\"https:\/\/tourtravelandmore.com\/es\/tours\/italia-es\/taormina-es\/todos-los-tours-y-actividades-privadas-taormina\/tour-privado-de-taormina-y-savoca-desde-taormina\/\",\"url\":\"https:\/\/tourtravelandmore.com\/es\/tours\/italia-es\/taormina-es\/todos-los-tours-y-actividades-privadas-taormina\/tour-privado-de-taormina-y-savoca-desde-taormina\/\",\"name\":\"\u27a1\ufe0f Tour priv\",\"isPartOf\":{\"@id\":\"https:\/\/tourtravelandmore.com\/es\/#website\"},\"primaryImageOfPage\":{\"@id\":\"https:\/\/tourtravelandmore.com\/es\/tours\/italia-es\/taormina-es\/todos-los-tours-y-actividades-privadas-taormina\/tour-privado-de-taormina-y-savoca-desde-taormina\/#primaryimage\"},\"image\":{\"@id\":\"https:\/\/tourtravelandmore.com\/es\/tours\/italia-es\/taormina-es\/todos-los-tours-y-actividades-privadas-taormina\/tour-privado-de-taormina-y-savoca-desde-taormina\/#primaryimage\"},\"thumbnailUrl\":\"https:\/\/tourtravelandmore.com\/wp-content\/uploads\/2023\/03\/image2-8.jpg\",\"datePublished\":\"2023-03-30T20:55:59+00:00\",\"dateModified\":\"2023-04-22T03:22:19+00:00\",\"description\":\"Sum\u00e9rjase en un tour privado de 6 horas de Taormina y Savoca con gu\u00eda privado y veh\u00edculo de lujo, explorando su cautivadora historia, paisajes y atracciones. \u00a1Reserve su aventura siciliana personalizada con Tour Travel and More ahora! \u2705\",\"breadcrumb\":{\"@id\":\"https:\/\/tourtravelandmore.com\/es\/tours\/italia-es\/taormina-es\/todos-los-tours-y-actividades-privadas-taormina\/tour-privado-de-taormina-y-savoca-desde-taormina\/#breadcrumb\"},\"inLanguage\":\"es\",\"potentialAction\":[{\"@type\":\"ReadAction\",\"target\":[\"https:\/\/tourtravelandmore.com\/es\/tours\/italia-es\/taormina-es\/todos-los-tours-y-actividades-privadas-taormina\/tour-privado-de-taormina-y-savoca-desde-taormina\/\"]}]},{\"@type\":\"ImageObject\",\"inLanguage\":\"es\",\"@id\":\"https:\/\/tourtravelandmore.com\/es\/tours\/italia-es\/taormina-es\/todos-los-tours-y-actividades-privadas-taormina\/tour-privado-de-taormina-y-savoca-desde-taormina\/#primaryimage\",\"url\":\"https:\/\/tourtravelandmore.com\/wp-content\/uploads\/2023\/03\/image2-8.jpg\",\"contentUrl\":\"https:\/\/tourtravelandmore.com\/wp-content\/uploads\/2023\/03\/image2-8.jpg\",\"width\":950,\"height\":750},{\"@type\":\"BreadcrumbList\",\"@id\":\"https:\/\/tourtravelandmore.com\/es\/tours\/italia-es\/taormina-es\/todos-los-tours-y-actividades-privadas-taormina\/tour-privado-de-taormina-y-savoca-desde-taormina\/#breadcrumb\",\"itemListElement\":[{\"@type\":\"ListItem\",\"position\":1,\"name\":\"Home\",\"item\":\"https:\/\/tourtravelandmore.com\/es\/\"},{\"@type\":\"ListItem\",\"position\":2,\"name\":\"Tours\",\"item\":\"https:\/\/tourtravelandmore.com\/es\/tours\/\"},{\"@type\":\"ListItem\",\"position\":3,\"name\":\"Tour privado de Taormina y Savoca desde Taormina\"}]},{\"@type\":\"WebSite\",\"@id\":\"https:\/\/tourtravelandmore.com\/es\/#website\",\"url\":\"https:\/\/tourtravelandmore.com\/es\/\",\"name\":\"Tour Travel And More\",\"description\":\"Private sightseeing tours and luxury transfers in Spain\",\"publisher\":{\"@id\":\"https:\/\/tourtravelandmore.com\/es\/#organization\"},\"potentialAction\":[{\"@type\":\"SearchAction\",\"target\":{\"@type\":\"EntryPoint\",\"urlTemplate\":\"https:\/\/tourtravelandmore.com\/es\/?s={search_term_string}\"},\"query-input\":{\"@type\":\"PropertyValueSpecification\",\"valueRequired\":true,\"valueName\":\"search_term_string\"}}],\"inLanguage\":\"es\"},{\"@type\":\"Organization\",\"@id\":\"https:\/\/tourtravelandmore.com\/es\/#organization\",\"name\":\"Tour Travel And More\",\"url\":\"https:\/\/tourtravelandmore.com\/es\/\",\"logo\":{\"@type\":\"ImageObject\",\"inLanguage\":\"es\",\"@id\":\"https:\/\/tourtravelandmore.com\/es\/#\/schema\/logo\/image\/\",\"url\":\"https:\/\/tourtravelandmore.com\/wp-content\/uploads\/2022\/12\/cropped-logo-cabecera-new.png\",\"contentUrl\":\"https:\/\/tourtravelandmore.com\/wp-content\/uploads\/2022\/12\/cropped-logo-cabecera-new.png\",\"width\":430,\"height\":61,\"caption\":\"Tour Travel And More\"},\"image\":{\"@id\":\"https:\/\/tourtravelandmore.com\/es\/#\/schema\/logo\/image\/\"},\"sameAs\":[\"https:\/\/www.facebook.com\/tourtravelandmore\/\",\"https:\/\/x.com\/TourTravel_More\"]}]}<\/script>\n<!-- \/ Yoast SEO Premium plugin. -->","yoast_head_json":{"title":"\u27a1\ufe0f Tour priv","description":"Sum\u00e9rjase en un tour privado de 6 horas de Taormina y Savoca con gu\u00eda privado y veh\u00edculo de lujo, explorando su cautivadora historia, paisajes y atracciones. \u00a1Reserve su aventura siciliana personalizada con Tour Travel and More ahora! \u2705","robots":{"index":"index","follow":"follow","max-snippet":"max-snippet:-1","max-image-preview":"max-image-preview:large","max-video-preview":"max-video-preview:-1"},"canonical":"https:\/\/tourtravelandmore.com\/es\/tours\/italia-es\/taormina-es\/todos-los-tours-y-actividades-privadas-taormina\/tour-privado-de-taormina-y-savoca-desde-taormina\/","og_locale":"es_ES","og_type":"article","og_title":"Tour privado de Taormina y Savoca desde Taormina","og_description":"Sum\u00e9rjase en un tour privado de 6 horas de Taormina y Savoca con gu\u00eda privado y veh\u00edculo de lujo, explorando su cautivadora historia, paisajes y atracciones. \u00a1Reserve su aventura siciliana personalizada con Tour Travel and More ahora! \u2705","og_url":"https:\/\/tourtravelandmore.com\/es\/tours\/italia-es\/taormina-es\/todos-los-tours-y-actividades-privadas-taormina\/tour-privado-de-taormina-y-savoca-desde-taormina\/","og_site_name":"Tour Travel And More","article_publisher":"https:\/\/www.facebook.com\/tourtravelandmore\/","article_modified_time":"2023-04-22T03:22:19+00:00","og_image":[{"width":950,"height":750,"url":"https:\/\/tourtravelandmore.com\/wp-content\/uploads\/2023\/03\/image2-8.jpg","type":"image\/jpeg"}],"twitter_card":"summary_large_image","twitter_site":"@TourTravel_More","twitter_misc":{"Tiempo de lectura":"4 minutos"},"schema":{"@context":"https:\/\/schema.org","@graph":[{"@type":"WebPage","@id":"https:\/\/tourtravelandmore.com\/es\/tours\/italia-es\/taormina-es\/todos-los-tours-y-actividades-privadas-taormina\/tour-privado-de-taormina-y-savoca-desde-taormina\/","url":"https:\/\/tourtravelandmore.com\/es\/tours\/italia-es\/taormina-es\/todos-los-tours-y-actividades-privadas-taormina\/tour-privado-de-taormina-y-savoca-desde-taormina\/","name":"\u27a1\ufe0f Tour priv","isPartOf":{"@id":"https:\/\/tourtravelandmore.com\/es\/#website"},"primaryImageOfPage":{"@id":"https:\/\/tourtravelandmore.com\/es\/tours\/italia-es\/taormina-es\/todos-los-tours-y-actividades-privadas-taormina\/tour-privado-de-taormina-y-savoca-desde-taormina\/#primaryimage"},"image":{"@id":"https:\/\/tourtravelandmore.com\/es\/tours\/italia-es\/taormina-es\/todos-los-tours-y-actividades-privadas-taormina\/tour-privado-de-taormina-y-savoca-desde-taormina\/#primaryimage"},"thumbnailUrl":"https:\/\/tourtravelandmore.com\/wp-content\/uploads\/2023\/03\/image2-8.jpg","datePublished":"2023-03-30T20:55:59+00:00","dateModified":"2023-04-22T03:22:19+00:00","description":"Sum\u00e9rjase en un tour privado de 6 horas de Taormina y Savoca con gu\u00eda privado y veh\u00edculo de lujo, explorando su cautivadora historia, paisajes y atracciones. \u00a1Reserve su aventura siciliana personalizada con Tour Travel and More ahora! \u2705","breadcrumb":{"@id":"https:\/\/tourtravelandmore.com\/es\/tours\/italia-es\/taormina-es\/todos-los-tours-y-actividades-privadas-taormina\/tour-privado-de-taormina-y-savoca-desde-taormina\/#breadcrumb"},"inLanguage":"es","potentialAction":[{"@type":"ReadAction","target":["https:\/\/tourtravelandmore.com\/es\/tours\/italia-es\/taormina-es\/todos-los-tours-y-actividades-privadas-taormina\/tour-privado-de-taormina-y-savoca-desde-taormina\/"]}]},{"@type":"ImageObject","inLanguage":"es","@id":"https:\/\/tourtravelandmore.com\/es\/tours\/italia-es\/taormina-es\/todos-los-tours-y-actividades-privadas-taormina\/tour-privado-de-taormina-y-savoca-desde-taormina\/#primaryimage","url":"https:\/\/tourtravelandmore.com\/wp-content\/uploads\/2023\/03\/image2-8.jpg","contentUrl":"https:\/\/tourtravelandmore.com\/wp-content\/uploads\/2023\/03\/image2-8.jpg","width":950,"height":750},{"@type":"BreadcrumbList","@id":"https:\/\/tourtravelandmore.com\/es\/tours\/italia-es\/taormina-es\/todos-los-tours-y-actividades-privadas-taormina\/tour-privado-de-taormina-y-savoca-desde-taormina\/#breadcrumb","itemListElement":[{"@type":"ListItem","position":1,"name":"Home","item":"https:\/\/tourtravelandmore.com\/es\/"},{"@type":"ListItem","position":2,"name":"Tours","item":"https:\/\/tourtravelandmore.com\/es\/tours\/"},{"@type":"ListItem","position":3,"name":"Tour privado de Taormina y Savoca desde Taormina"}]},{"@type":"WebSite","@id":"https:\/\/tourtravelandmore.com\/es\/#website","url":"https:\/\/tourtravelandmore.com\/es\/","name":"Tour Travel And More","description":"Private sightseeing tours and luxury transfers in Spain","publisher":{"@id":"https:\/\/tourtravelandmore.com\/es\/#organization"},"potentialAction":[{"@type":"SearchAction","target":{"@type":"EntryPoint","urlTemplate":"https:\/\/tourtravelandmore.com\/es\/?s={search_term_string}"},"query-input":{"@type":"PropertyValueSpecification","valueRequired":true,"valueName":"search_term_string"}}],"inLanguage":"es"},{"@type":"Organization","@id":"https:\/\/tourtravelandmore.com\/es\/#organization","name":"Tour Travel And More","url":"https:\/\/tourtravelandmore.com\/es\/","logo":{"@type":"ImageObject","inLanguage":"es","@id":"https:\/\/tourtravelandmore.com\/es\/#\/schema\/logo\/image\/","url":"https:\/\/tourtravelandmore.com\/wp-content\/uploads\/2022\/12\/cropped-logo-cabecera-new.png","contentUrl":"https:\/\/tourtravelandmore.com\/wp-content\/uploads\/2022\/12\/cropped-logo-cabecera-new.png","width":430,"height":61,"caption":"Tour Travel And More"},"image":{"@id":"https:\/\/tourtravelandmore.com\/es\/#\/schema\/logo\/image\/"},"sameAs":["https:\/\/www.facebook.com\/tourtravelandmore\/","https:\/\/x.com\/TourTravel_More"]}]}},"_links":{"self":[{"href":"https:\/\/tourtravelandmore.com\/es\/wp-json\/wp\/v2\/product\/159456","targetHints":{"allow":["GET"]}}],"collection":[{"href":"https:\/\/tourtravelandmore.com\/es\/wp-json\/wp\/v2\/product"}],"about":[{"href":"https:\/\/tourtravelandmore.com\/es\/wp-json\/wp\/v2\/types\/product"}],"replies":[{"embeddable":true,"href":"https:\/\/tourtravelandmore.com\/es\/wp-json\/wp\/v2\/comments?post=159456"}],"wp:featuredmedia":[{"embeddable":true,"href":"https:\/\/tourtravelandmore.com\/es\/wp-json\/wp\/v2\/media\/159444"}],"wp:attachment":[{"href":"https:\/\/tourtravelandmore.com\/es\/wp-json\/wp\/v2\/media?parent=159456"}],"wp:term":[{"taxonomy":"product_brand","embeddable":true,"href":"https:\/\/tourtravelandmore.com\/es\/wp-json\/wp\/v2\/product_brand?post=159456"},{"taxonomy":"product_cat","embeddable":true,"href":"https:\/\/tourtravelandmore.com\/es\/wp-json\/wp\/v2\/product_cat?post=159456"},{"taxonomy":"product_tag","embeddable":true,"href":"https:\/\/tourtravelandmore.com\/es\/wp-json\/wp\/v2\/product_tag?post=159456"}],"curies":[{"name":"wp","href":"https:\/\/api.w.org\/{rel}","templated":true}]}}