{"id":159404,"date":"2023-03-30T21:38:30","date_gmt":"2023-03-30T19:38:31","guid":{"rendered":"https:\/\/tourtravelandmore.com\/?post_type=product&#038;p=159404"},"modified":"2025-06-11T10:48:36","modified_gmt":"2025-06-11T08:48:36","slug":"tour-privado-jerez-de-la-frontera-y-cadiz-desde-sevilla","status":"publish","type":"product","link":"https:\/\/tourtravelandmore.com\/es\/tours\/espana-es\/sevilla-es\/tour-privado-jerez-de-la-frontera-y-cadiz-desde-sevilla\/","title":{"rendered":"Tour Privado Jer\u00e9z de la Frontera y C\u00e1diz desde Sevilla"},"content":{"rendered":"<h2><b>Descripci\u00f3n del Tour Privado Jer\u00e9z de la Frontera y C\u00e1diz desde Sevilla<\/b><\/h2>\n<p class=\"p1\"><span class=\"s1\">Disfruta de este <\/span><b>tour privado a Jerez de la Frontera desde Sevilla<\/b><span class=\"s1\"> con <\/span><b>gu\u00eda oficial privado<\/b><span class=\"s1\"> y <\/span><b>veh\u00edculo con ch\u00f3fer<\/b><span class=\"s1\">, y descubre los rincones m\u00e1s bonitos de esta <\/span><b>encantadora localidad andaluza<\/b><span class=\"s1\">.<\/span><\/p>\n<p class=\"p3\">La duraci\u00f3n del tour combinado de <span class=\"s2\"><b>Jerez de la Frontera y C\u00e1diz<\/b><\/span> es de <span class=\"s2\"><b>10 horas<\/b><\/span>. Al ser un tour <span class=\"s2\"><b>completamente privado<\/b><\/span>, puedes escoger libremente tanto la <span class=\"s2\"><b>hora de inicio<\/b><\/span> como el <span class=\"s2\"><b>lugar de recogida<\/b><\/span> dentro de Sevilla.<\/p>\n<p class=\"p3\"><span class=\"s2\"><b>Jerez de la Frontera<\/b><\/span> es famosa a nivel mundial por su <span class=\"s2\"><b>vino<\/b><\/span>, su arte del <span class=\"s2\"><b>flamenco<\/b><\/span> y su tradici\u00f3n ecuestre con los <span class=\"s2\"><b>caballos andaluces<\/b><\/span>. Este tour te llevar\u00e1 a conocer sus calles, su esencia cultural y sus sabores \u00fanicos. \u00a1Una experiencia llena de historia y autenticidad!<\/p>\n<p class=\"p3\"><span class=\"s2\"><b>C\u00e1diz<\/b><\/span>, por su parte, es una de las <span class=\"s2\"><b>ciudades m\u00e1s antiguas de Europa<\/b><\/span>. Es conocida por su <span class=\"s2\"><b>ambiente alegre<\/b><\/span>, sus <span class=\"s2\"><b>carnavales coloridos<\/b><\/span> y su encanto costero. Quienes la visitan no solo se enamoran de sus fiestas, sino tambi\u00e9n de sus calles, su historia y sus magn\u00edficas vistas al mar.<\/p>\n<p class=\"p3\">Desde <span class=\"s2\"><b>Tour Travel &amp; More<\/b><\/span> ofrecemos un servicio <span class=\"s2\"><b>100% privado<\/b><\/span> y adaptado a tus necesidades. Puedes reservar este <a href=\"https:\/\/tourtravelandmore.com\/es\/ciudad\/espana-es\/sevilla-es\/\">tour privado en Sevilla<\/a> con total flexibilidad, eligiendo cu\u00e1ndo y d\u00f3nde comienza tu experiencia.<\/p>\n<h2>Puntos de inter\u00e9s de Tour Privado Jerez de la Frontera y C\u00e1diz desde Sevilla:<\/h2>\n<p><span style=\"font-weight: 400;\">Desde Tour Travel &amp; More ofrecemos un servicio donde a la hora seleccionada, le recogeremos desde su hotel o lugar de elecci\u00f3n.\u00a0<\/span><\/p>\n<h3>Jerez de la frontera<\/h3>\n<p><span style=\"font-weight: 400;\">Nuestra primera parada ser\u00e1 el\u00a0<\/span><b>Alc\u00e1zar\u00a0de Jerez de Frontera, uno de los puntos m\u00e1s bellos de Espa\u00f1a. El Alc\u00e1zar de Jerez de la Frontera <\/b><span style=\"font-weight: 400;\">es un conjunto de edificaciones fortificadas de origen almohade que probablemente fueron construidas en el <\/span><b>siglo XII<\/b><span style=\"font-weight: 400;\">, siendo el edificio almohade m\u00e1s antiguo de la pen\u00ednsula ib\u00e9rica, al que posteriormente se a\u00f1adieron edificaciones barrocas palaciegas, y que es uno de los principales monumentos de la ciudad; Se encuentra en el \u00e1ngulo suroeste de la muralla que rodeaba a la ciudad, junto a la Alameda Vieja.<\/span><\/p>\n<p><span style=\"font-weight: 400;\">Luego de un hermoso recorrido por las calles de Jerez, iremos a la Catedral de Jerez de la Frontera.<\/span> <span style=\"font-weight: 400;\">La catedral de la Di\u00f3cesis de Asidonia-Jerez es una construcci\u00f3n del siglo XVII que a\u00fana los estilos g\u00f3tico, barroco y neocl\u00e1sico.<\/span><\/p>\n<p><span style=\"font-weight: 400;\">Continuaremos nuestro tour privado hasta llegar a la <\/span><b>Cartuja de Jerez de la Frontera, que <\/b><span style=\"font-weight: 400;\">se encuentra al sur de la ciudad. Es el conjunto monumental de mayor valor art\u00edstico de la provincia de C\u00e1diz, en Andaluc\u00eda. Su estilo arquitect\u00f3nico inicial se corresponde con el g\u00f3tico tard\u00edo y data del siglo XV<\/span><\/p>\n<p><span style=\"font-weight: 400;\">A lo largo del tour, pararemos para comer en un lugar t\u00edpico de la zona, para disfrutar de su Gastronom\u00eda.<\/span><\/p>\n<h3>C\u00e1diz<\/h3>\n<p><span style=\"font-weight: 400;\">Empezaremos por conocer el <\/span><b>Paseo Mar\u00edtimo de la ciudad, <\/b><span style=\"font-weight: 400;\">es el lugar m\u00e1s importante y bonito de la ciudad. Guarda una gran semejanza con el malec\u00f3n de La Habana.<\/span><\/p>\n<p><span style=\"font-weight: 400;\">A continuaci\u00f3n nos dirigiremos hacia el centro de la ciudad, para conocer la Plaza<\/span><b> San Juan de Dios o Plaza del ayuntamiento. <\/b><span style=\"font-weight: 400;\">En ella destacan interesantes edificios como la iglesia de <\/span><b>San Juan de Dios, la Casa de los Pazos Miranda y el Ayuntamiento<\/b><span style=\"font-weight: 400;\"> resultado de dos etapas; la primera y principal neocl\u00e1sica, iniciada en 1799 por el arquitecto <\/span><i><span style=\"font-weight: 400;\">Torcuato Benjumeda<\/span><\/i><span style=\"font-weight: 400;\">, y la segunda correspondiente al per\u00edodo isabelino, obra de <\/span><i><span style=\"font-weight: 400;\">Garc\u00eda \u00c1lamo<\/span><\/i><span style=\"font-weight: 400;\">.<\/span><\/p>\n<h3><b>TourTravel&amp;More!<\/b><\/h3>\n<p><span style=\"font-weight: 400;\">Continuaremos nuestro tour por el <\/span><b>Barrio del P\u00f3pulo<\/b><span style=\"font-weight: 400;\">, el m\u00e1s antiguo de la ciudad y conoceremos los tres arcos de entrada <\/span><span style=\"font-weight: 400;\">(<\/span><b>Arco de la Rosa<\/b><span style=\"font-weight: 400;\">, <\/span><b>Arco del P\u00f3pulo<\/b><span style=\"font-weight: 400;\">, <\/span><b>Arco de los Blancos)<\/b><\/p>\n<p><span style=\"font-weight: 400;\">Seguiremos hacia el <\/span><b>Mercado central<\/b><span style=\"font-weight: 400;\">, se trata de un mercado que acoge una multitud de puestos, entre los que destacan sobre todo los de pescados y mariscos frescos. Uno de los rincones m\u00e1s importantes y peculiares que ver en C\u00e1diz.<\/span><\/p>\n<p><span style=\"font-weight: 400;\">A lo largo del tour, pararemos para comer en un lugar t\u00edpico de la zona, para disfrutar de su Gastronom\u00eda.<\/span><\/p>\n<p><span style=\"font-weight: 400;\">Si dispone de m\u00e1s d\u00edas en la ciudad de Sevilla, puede consultar <\/span><a href=\"https:\/\/tourtravelandmore.com\/es\/ciudad\/espana-es\/sevilla-es\/\"><b>aqu\u00ed<\/b><\/a><span style=\"font-weight: 400;\"> el resto de nuestros tours privados.<\/span><\/p>\n","protected":false},"excerpt":{"rendered":"<p>Disfrute de este Tour Privado a Jerez de la Frontera y C\u00e1diz de Sevilla, junto a su gu\u00eda privado y su veh\u00edculo con conductor.<\/p>\n","protected":false},"featured_media":139121,"comment_status":"open","ping_status":"closed","template":"","meta":{"_acf_changed":false},"product_brand":[],"product_cat":[105,107,106],"product_tag":[],"class_list":{"0":"post-159404","1":"product","2":"type-product","3":"status-publish","4":"has-post-thumbnail","6":"product_cat-sevilla-es","7":"product_cat-sevilla-rutas-turisticas-privadas-es","8":"product_cat-sevilla-excursiones-es","10":"first","11":"instock","12":"shipping-taxable","13":"purchasable","14":"product-type-simple"},"acf":[],"yoast_head":"<!-- This site is optimized with the Yoast SEO Premium plugin v25.3.1 (Yoast SEO v25.3.1) - https:\/\/yoast.com\/wordpress\/plugins\/seo\/ -->\n<title>\u27a1\ufe0f Tour Privado Jer\u00e9z de la Frontera y C\u00e1diz desde Sevilla| Tour Travel &amp; More<\/title>\n<meta name=\"description\" content=\"Disfrute de este Tour Privado a Jer\u00e9z de la Frontera y C\u00e1diz desde Sevilla, junto a su gu\u00eda privado y su veh\u00edculo con conductor \u2705\" \/>\n<meta name=\"robots\" content=\"index, follow, max-snippet:-1, max-image-preview:large, max-video-preview:-1\" \/>\n<link rel=\"canonical\" href=\"https:\/\/tourtravelandmore.com\/es\/tours\/espana-es\/sevilla-es\/tour-privado-jerez-de-la-frontera-y-cadiz-desde-sevilla\/\" \/>\n<meta property=\"og:locale\" content=\"es_ES\" \/>\n<meta property=\"og:type\" content=\"article\" \/>\n<meta property=\"og:title\" content=\"Tour Privado Jer\u00e9z de la Frontera y C\u00e1diz desde Sevilla\" \/>\n<meta property=\"og:description\" content=\"Disfrute de este Tour Privado a Jer\u00e9z de la Frontera y C\u00e1diz desde Sevilla, junto a su gu\u00eda privado y su veh\u00edculo con conductor \u2705\" \/>\n<meta property=\"og:url\" content=\"https:\/\/tourtravelandmore.com\/es\/tours\/espana-es\/sevilla-es\/tour-privado-jerez-de-la-frontera-y-cadiz-desde-sevilla\/\" \/>\n<meta property=\"og:site_name\" content=\"Tour Travel And More\" \/>\n<meta property=\"article:publisher\" content=\"https:\/\/www.facebook.com\/tourtravelandmore\/\" \/>\n<meta property=\"article:modified_time\" content=\"2025-06-11T08:48:36+00:00\" \/>\n<meta property=\"og:image\" content=\"https:\/\/tourtravelandmore.com\/wp-content\/uploads\/2022\/10\/pexels-jordi-gamundi-domenech-8397316-scaled.jpg\" \/>\n\t<meta property=\"og:image:width\" content=\"2560\" \/>\n\t<meta property=\"og:image:height\" content=\"1702\" \/>\n\t<meta property=\"og:image:type\" content=\"image\/jpeg\" \/>\n<meta name=\"twitter:card\" content=\"summary_large_image\" \/>\n<meta name=\"twitter:site\" content=\"@TourTravel_More\" \/>\n<meta name=\"twitter:label1\" content=\"Tiempo de lectura\" \/>\n\t<meta name=\"twitter:data1\" content=\"4 minutos\" \/>\n<script type=\"application\/ld+json\" class=\"yoast-schema-graph\">{\"@context\":\"https:\/\/schema.org\",\"@graph\":[{\"@type\":\"WebPage\",\"@id\":\"https:\/\/tourtravelandmore.com\/es\/tours\/espana-es\/sevilla-es\/tour-privado-jerez-de-la-frontera-y-cadiz-desde-sevilla\/\",\"url\":\"https:\/\/tourtravelandmore.com\/es\/tours\/espana-es\/sevilla-es\/tour-privado-jerez-de-la-frontera-y-cadiz-desde-sevilla\/\",\"name\":\"\u27a1\ufe0f Tour Privado Jer\u00e9z de la Frontera y C\u00e1diz desde Sevilla| Tour Travel & More\",\"isPartOf\":{\"@id\":\"https:\/\/tourtravelandmore.com\/es\/#website\"},\"primaryImageOfPage\":{\"@id\":\"https:\/\/tourtravelandmore.com\/es\/tours\/espana-es\/sevilla-es\/tour-privado-jerez-de-la-frontera-y-cadiz-desde-sevilla\/#primaryimage\"},\"image\":{\"@id\":\"https:\/\/tourtravelandmore.com\/es\/tours\/espana-es\/sevilla-es\/tour-privado-jerez-de-la-frontera-y-cadiz-desde-sevilla\/#primaryimage\"},\"thumbnailUrl\":\"https:\/\/tourtravelandmore.com\/wp-content\/uploads\/2022\/10\/pexels-jordi-gamundi-domenech-8397316-scaled.jpg\",\"datePublished\":\"2023-03-30T19:38:31+00:00\",\"dateModified\":\"2025-06-11T08:48:36+00:00\",\"description\":\"Disfrute de este Tour Privado a Jer\u00e9z de la Frontera y C\u00e1diz desde Sevilla, junto a su gu\u00eda privado y su veh\u00edculo con conductor \u2705\",\"breadcrumb\":{\"@id\":\"https:\/\/tourtravelandmore.com\/es\/tours\/espana-es\/sevilla-es\/tour-privado-jerez-de-la-frontera-y-cadiz-desde-sevilla\/#breadcrumb\"},\"inLanguage\":\"es\",\"potentialAction\":[{\"@type\":\"ReadAction\",\"target\":[\"https:\/\/tourtravelandmore.com\/es\/tours\/espana-es\/sevilla-es\/tour-privado-jerez-de-la-frontera-y-cadiz-desde-sevilla\/\"]}]},{\"@type\":\"ImageObject\",\"inLanguage\":\"es\",\"@id\":\"https:\/\/tourtravelandmore.com\/es\/tours\/espana-es\/sevilla-es\/tour-privado-jerez-de-la-frontera-y-cadiz-desde-sevilla\/#primaryimage\",\"url\":\"https:\/\/tourtravelandmore.com\/wp-content\/uploads\/2022\/10\/pexels-jordi-gamundi-domenech-8397316-scaled.jpg\",\"contentUrl\":\"https:\/\/tourtravelandmore.com\/wp-content\/uploads\/2022\/10\/pexels-jordi-gamundi-domenech-8397316-scaled.jpg\",\"width\":2560,\"height\":1702},{\"@type\":\"BreadcrumbList\",\"@id\":\"https:\/\/tourtravelandmore.com\/es\/tours\/espana-es\/sevilla-es\/tour-privado-jerez-de-la-frontera-y-cadiz-desde-sevilla\/#breadcrumb\",\"itemListElement\":[{\"@type\":\"ListItem\",\"position\":1,\"name\":\"Home\",\"item\":\"https:\/\/tourtravelandmore.com\/es\/\"},{\"@type\":\"ListItem\",\"position\":2,\"name\":\"Tours\",\"item\":\"https:\/\/tourtravelandmore.com\/es\/tours\/\"},{\"@type\":\"ListItem\",\"position\":3,\"name\":\"Tour Privado Jer\u00e9z de la Frontera y C\u00e1diz desde Sevilla\"}]},{\"@type\":\"WebSite\",\"@id\":\"https:\/\/tourtravelandmore.com\/es\/#website\",\"url\":\"https:\/\/tourtravelandmore.com\/es\/\",\"name\":\"Tour Travel And More\",\"description\":\"Private sightseeing tours and luxury transfers in Spain\",\"publisher\":{\"@id\":\"https:\/\/tourtravelandmore.com\/es\/#organization\"},\"potentialAction\":[{\"@type\":\"SearchAction\",\"target\":{\"@type\":\"EntryPoint\",\"urlTemplate\":\"https:\/\/tourtravelandmore.com\/es\/?s={search_term_string}\"},\"query-input\":{\"@type\":\"PropertyValueSpecification\",\"valueRequired\":true,\"valueName\":\"search_term_string\"}}],\"inLanguage\":\"es\"},{\"@type\":\"Organization\",\"@id\":\"https:\/\/tourtravelandmore.com\/es\/#organization\",\"name\":\"Tour Travel And More\",\"url\":\"https:\/\/tourtravelandmore.com\/es\/\",\"logo\":{\"@type\":\"ImageObject\",\"inLanguage\":\"es\",\"@id\":\"https:\/\/tourtravelandmore.com\/es\/#\/schema\/logo\/image\/\",\"url\":\"https:\/\/tourtravelandmore.com\/wp-content\/uploads\/2022\/12\/cropped-logo-cabecera-new.png\",\"contentUrl\":\"https:\/\/tourtravelandmore.com\/wp-content\/uploads\/2022\/12\/cropped-logo-cabecera-new.png\",\"width\":430,\"height\":61,\"caption\":\"Tour Travel And More\"},\"image\":{\"@id\":\"https:\/\/tourtravelandmore.com\/es\/#\/schema\/logo\/image\/\"},\"sameAs\":[\"https:\/\/www.facebook.com\/tourtravelandmore\/\",\"https:\/\/x.com\/TourTravel_More\"]}]}<\/script>\n<!-- \/ Yoast SEO Premium plugin. -->","yoast_head_json":{"title":"\u27a1\ufe0f Tour Privado Jer\u00e9z de la Frontera y C\u00e1diz desde Sevilla| Tour Travel & More","description":"Disfrute de este Tour Privado a Jer\u00e9z de la Frontera y C\u00e1diz desde Sevilla, junto a su gu\u00eda privado y su veh\u00edculo con conductor \u2705","robots":{"index":"index","follow":"follow","max-snippet":"max-snippet:-1","max-image-preview":"max-image-preview:large","max-video-preview":"max-video-preview:-1"},"canonical":"https:\/\/tourtravelandmore.com\/es\/tours\/espana-es\/sevilla-es\/tour-privado-jerez-de-la-frontera-y-cadiz-desde-sevilla\/","og_locale":"es_ES","og_type":"article","og_title":"Tour Privado Jer\u00e9z de la Frontera y C\u00e1diz desde Sevilla","og_description":"Disfrute de este Tour Privado a Jer\u00e9z de la Frontera y C\u00e1diz desde Sevilla, junto a su gu\u00eda privado y su veh\u00edculo con conductor \u2705","og_url":"https:\/\/tourtravelandmore.com\/es\/tours\/espana-es\/sevilla-es\/tour-privado-jerez-de-la-frontera-y-cadiz-desde-sevilla\/","og_site_name":"Tour Travel And More","article_publisher":"https:\/\/www.facebook.com\/tourtravelandmore\/","article_modified_time":"2025-06-11T08:48:36+00:00","og_image":[{"width":2560,"height":1702,"url":"https:\/\/tourtravelandmore.com\/wp-content\/uploads\/2022\/10\/pexels-jordi-gamundi-domenech-8397316-scaled.jpg","type":"image\/jpeg"}],"twitter_card":"summary_large_image","twitter_site":"@TourTravel_More","twitter_misc":{"Tiempo de lectura":"4 minutos"},"schema":{"@context":"https:\/\/schema.org","@graph":[{"@type":"WebPage","@id":"https:\/\/tourtravelandmore.com\/es\/tours\/espana-es\/sevilla-es\/tour-privado-jerez-de-la-frontera-y-cadiz-desde-sevilla\/","url":"https:\/\/tourtravelandmore.com\/es\/tours\/espana-es\/sevilla-es\/tour-privado-jerez-de-la-frontera-y-cadiz-desde-sevilla\/","name":"\u27a1\ufe0f Tour Privado Jer\u00e9z de la Frontera y C\u00e1diz desde Sevilla| Tour Travel & More","isPartOf":{"@id":"https:\/\/tourtravelandmore.com\/es\/#website"},"primaryImageOfPage":{"@id":"https:\/\/tourtravelandmore.com\/es\/tours\/espana-es\/sevilla-es\/tour-privado-jerez-de-la-frontera-y-cadiz-desde-sevilla\/#primaryimage"},"image":{"@id":"https:\/\/tourtravelandmore.com\/es\/tours\/espana-es\/sevilla-es\/tour-privado-jerez-de-la-frontera-y-cadiz-desde-sevilla\/#primaryimage"},"thumbnailUrl":"https:\/\/tourtravelandmore.com\/wp-content\/uploads\/2022\/10\/pexels-jordi-gamundi-domenech-8397316-scaled.jpg","datePublished":"2023-03-30T19:38:31+00:00","dateModified":"2025-06-11T08:48:36+00:00","description":"Disfrute de este Tour Privado a Jer\u00e9z de la Frontera y C\u00e1diz desde Sevilla, junto a su gu\u00eda privado y su veh\u00edculo con conductor \u2705","breadcrumb":{"@id":"https:\/\/tourtravelandmore.com\/es\/tours\/espana-es\/sevilla-es\/tour-privado-jerez-de-la-frontera-y-cadiz-desde-sevilla\/#breadcrumb"},"inLanguage":"es","potentialAction":[{"@type":"ReadAction","target":["https:\/\/tourtravelandmore.com\/es\/tours\/espana-es\/sevilla-es\/tour-privado-jerez-de-la-frontera-y-cadiz-desde-sevilla\/"]}]},{"@type":"ImageObject","inLanguage":"es","@id":"https:\/\/tourtravelandmore.com\/es\/tours\/espana-es\/sevilla-es\/tour-privado-jerez-de-la-frontera-y-cadiz-desde-sevilla\/#primaryimage","url":"https:\/\/tourtravelandmore.com\/wp-content\/uploads\/2022\/10\/pexels-jordi-gamundi-domenech-8397316-scaled.jpg","contentUrl":"https:\/\/tourtravelandmore.com\/wp-content\/uploads\/2022\/10\/pexels-jordi-gamundi-domenech-8397316-scaled.jpg","width":2560,"height":1702},{"@type":"BreadcrumbList","@id":"https:\/\/tourtravelandmore.com\/es\/tours\/espana-es\/sevilla-es\/tour-privado-jerez-de-la-frontera-y-cadiz-desde-sevilla\/#breadcrumb","itemListElement":[{"@type":"ListItem","position":1,"name":"Home","item":"https:\/\/tourtravelandmore.com\/es\/"},{"@type":"ListItem","position":2,"name":"Tours","item":"https:\/\/tourtravelandmore.com\/es\/tours\/"},{"@type":"ListItem","position":3,"name":"Tour Privado Jer\u00e9z de la Frontera y C\u00e1diz desde Sevilla"}]},{"@type":"WebSite","@id":"https:\/\/tourtravelandmore.com\/es\/#website","url":"https:\/\/tourtravelandmore.com\/es\/","name":"Tour Travel And More","description":"Private sightseeing tours and luxury transfers in Spain","publisher":{"@id":"https:\/\/tourtravelandmore.com\/es\/#organization"},"potentialAction":[{"@type":"SearchAction","target":{"@type":"EntryPoint","urlTemplate":"https:\/\/tourtravelandmore.com\/es\/?s={search_term_string}"},"query-input":{"@type":"PropertyValueSpecification","valueRequired":true,"valueName":"search_term_string"}}],"inLanguage":"es"},{"@type":"Organization","@id":"https:\/\/tourtravelandmore.com\/es\/#organization","name":"Tour Travel And More","url":"https:\/\/tourtravelandmore.com\/es\/","logo":{"@type":"ImageObject","inLanguage":"es","@id":"https:\/\/tourtravelandmore.com\/es\/#\/schema\/logo\/image\/","url":"https:\/\/tourtravelandmore.com\/wp-content\/uploads\/2022\/12\/cropped-logo-cabecera-new.png","contentUrl":"https:\/\/tourtravelandmore.com\/wp-content\/uploads\/2022\/12\/cropped-logo-cabecera-new.png","width":430,"height":61,"caption":"Tour Travel And More"},"image":{"@id":"https:\/\/tourtravelandmore.com\/es\/#\/schema\/logo\/image\/"},"sameAs":["https:\/\/www.facebook.com\/tourtravelandmore\/","https:\/\/x.com\/TourTravel_More"]}]}},"_links":{"self":[{"href":"https:\/\/tourtravelandmore.com\/es\/wp-json\/wp\/v2\/product\/159404","targetHints":{"allow":["GET"]}}],"collection":[{"href":"https:\/\/tourtravelandmore.com\/es\/wp-json\/wp\/v2\/product"}],"about":[{"href":"https:\/\/tourtravelandmore.com\/es\/wp-json\/wp\/v2\/types\/product"}],"replies":[{"embeddable":true,"href":"https:\/\/tourtravelandmore.com\/es\/wp-json\/wp\/v2\/comments?post=159404"}],"wp:featuredmedia":[{"embeddable":true,"href":"https:\/\/tourtravelandmore.com\/es\/wp-json\/wp\/v2\/media\/139121"}],"wp:attachment":[{"href":"https:\/\/tourtravelandmore.com\/es\/wp-json\/wp\/v2\/media?parent=159404"}],"wp:term":[{"taxonomy":"product_brand","embeddable":true,"href":"https:\/\/tourtravelandmore.com\/es\/wp-json\/wp\/v2\/product_brand?post=159404"},{"taxonomy":"product_cat","embeddable":true,"href":"https:\/\/tourtravelandmore.com\/es\/wp-json\/wp\/v2\/product_cat?post=159404"},{"taxonomy":"product_tag","embeddable":true,"href":"https:\/\/tourtravelandmore.com\/es\/wp-json\/wp\/v2\/product_tag?post=159404"}],"curies":[{"name":"wp","href":"https:\/\/api.w.org\/{rel}","templated":true}]}}