{"id":159273,"date":"2023-03-30T10:04:39","date_gmt":"2023-03-30T08:04:39","guid":{"rendered":"https:\/\/tourtravelandmore.com\/tours\/sin%20categor\u00eda\/tour-privado-de-taormina-y-castelmola-desde-taormina\/"},"modified":"2023-04-22T05:21:39","modified_gmt":"2023-04-22T03:21:39","slug":"tour-privado-de-taormina-y-castelmola-desde-taormina","status":"publish","type":"product","link":"https:\/\/tourtravelandmore.com\/es\/tours\/italia-es\/taormina-es\/todos-los-tours-y-actividades-privadas-taormina\/tour-privado-de-taormina-y-castelmola-desde-taormina\/","title":{"rendered":"Tour privado de Taormina y Castelmola desde Taormina"},"content":{"rendered":"<h2><b>Descripci\u00f3n del tour privado de Taormina y Castelmola desde Taormina<\/b><\/h2>\n<p><span style=\"font-weight: 400;\">Disfrute de un inolvidable tour privado de 8 horas por Taormina y Castelmola desde Taormina, guiado por un experto y acompa\u00f1ado por un veh\u00edculo de lujo privado. Explore los impresionantes paisajes, la rica historia y las maravillas arquitect\u00f3nicas de estos dos encantadores pueblos sicilianos. Este exclusivo tour se adapta a sus preferencias, asegurando una experiencia personalizada que atesorar\u00e1. Viaje con estilo y comodidad mientras su veh\u00edculo de lujo lo transporta sin problemas a lo largo de su recorrido.<\/span><\/p>\n<h2><b>Puntos de inter\u00e9s del tour privado de Taormina y Castelmola desde Taormina<\/b><\/h2>\n<p><span style=\"font-weight: 400;\">Experimente el cautivador encanto de las atracciones m\u00e1s destacadas de Taormina y Castelmola, desde antiguas ruinas hasta encantadoras calles y vistas impresionantes. Este tour privado, completo con veh\u00edculo de lujo y gu\u00eda experto, ofrece a los viajeros exigentes un acceso incomparable a los tesoros culturales, hist\u00f3ricos y naturales \u00fanicos de estos pintorescos pueblos sicilianos. Cree recuerdos duraderos mientras descubre las joyas ocultas y maravillas que lo esperan.<\/span><\/p>\n<h3><b>Castelmola<\/b><\/h3>\n<p><span style=\"font-weight: 400;\">Descubra el encantador pueblo de Castelmola, ubicado en lo alto de Taormina, que ofrece impresionantes vistas panor\u00e1micas del paisaje circundante. Este pintoresco pueblo medieval es conocido por sus estrechas calles empedradas, su arquitectura bien conservada y su ambiente acogedor. Marav\u00edllese con las majestuosas ruinas del Castello di Mola, que dominan el horizonte, y disfrute de las impresionantes vistas del monte Etna y el mar J\u00f3nico. Castelmola es un destino imprescindible en su tour privado, brind\u00e1ndole una experiencia verdaderamente inolvidable. Adem\u00e1s, explore la vibrante escena art\u00edstica del pueblo, con numerosas galer\u00edas que exhiben artistas locales e internacionales. Saboree la cocina tradicional siciliana en uno de los muchos encantadores restaurantes que bordean las calles, donde puede sumergirse en los aut\u00e9nticos sabores de la regi\u00f3n.<\/span><\/p>\n<h3><b>Piazza Duomo, Castelmola<\/b><\/h3>\n<p><span style=\"font-weight: 400;\">Visite la pintoresca Piazza Duomo en el coraz\u00f3n de Castelmola, una encantadora plaza rodeada de edificios hist\u00f3ricos y animados caf\u00e9s. Admire la Iglesia de San Nicol\u00f2 di Bari, un hermoso ejemplo de arquitectura barroca siciliana, y la antigua Porta di Mezzo, que conduce a las estrechas calles del pueblo. Piazza Duomo es el lugar perfecto para sumergirse en la rica historia y la animada vida local de Castelmola. Mientras pasea por los encantadores callejones, tambi\u00e9n descubrir\u00e1 los fascinantes murales y coloridas cer\u00e1micas que adornan las paredes del pueblo, mostrando el talento art\u00edstico local. No pierda la oportunidad de probar los exquisitos pasteles y dulces de la regi\u00f3n, incluidos los famosos cannoli y galletas de almendras, que seguramente deleitar\u00e1n sus papilas gustativas.<\/span><\/p>\n<h3><b>Bar Turrisi<\/b><\/h3>\n<p><span style=\"font-weight: 400;\">Viva la atm\u00f3sfera \u00fanica del Bar Turrisi, un famoso caf\u00e9 en Castelmola, conocido por su decoraci\u00f3n ecl\u00e9ctica e historia fascinante. Fundado en 1947, este emblem\u00e1tico establecimiento ofrece una visi\u00f3n de la cultura y las tradiciones locales mientras sirve deliciosas especialidades locales, como su famoso vino de almendra. Bar Turrisi es un destino imprescindible en su tour privado, que ofrece una muestra inolvidable del encanto y la hospitalidad de Castelmola. Disfrute de las impresionantes vistas desde la terraza del caf\u00e9, donde podr\u00e1 contemplar el mar J\u00f3nico y el pintoresco pueblo abajo. Participe en animadas conversaciones con los amistosos lugare\u00f1os, que siempre est\u00e1n ansiosos por compartir sus historias y conocimientos sobre la fascinante historia y cultura del pueblo.<\/span><\/p>\n<h3><b>Chiesa della Madonna della Rocca<\/b><\/h3>\n<p><span style=\"font-weight: 400;\">Admire la hermosa Chiesa della Madonna della Rocca, una peque\u00f1a iglesia tallada en la cara de roca del Monte Tauro. Este fascinante santuario, construido en el siglo XII, est\u00e1 dedicado a la Madonna della Rocca y ofrece un ambiente \u00edntimo para la oraci\u00f3n y la reflexi\u00f3n. Su ubicaci\u00f3n \u00fanica ofrece impresionantes vistas de Taormina y la costa circundante, lo que la convierte en una adici\u00f3n perfecta a su tour privado. Descubra las intrigantes leyendas e historias asociadas con la iglesia y marav\u00edllese con la armoniosa mezcla de elementos naturales y creados por el hombre que crean este sitio verdaderamente encantador.<\/span><\/p>\n<p><span style=\"font-weight: 400;\">Explore la gama completa de tours privados en Taormina y Castelmola que Tour Travel and More ofrece a sus usuarios visitando nuestro sitio web. \u00a1Cree su experiencia siciliana de ensue\u00f1o hoy! Elija entre nuestra cuidadosamente seleccionada selecci\u00f3n de tours privados, dise\u00f1ados para satisfacer sus intereses, preferencias y deseos \u00fanicos.<\/span><a href=\"https:\/\/tourtravelandmore.com\/es\/ciudad\/italia-es\/taormina-es\/\"><span style=\"font-weight: 400;\"> No espere m\u00e1s: explore nuestras exclusivas ofertas y embarque en su viaje siciliano de ensue\u00f1o ahora.<\/span><\/a><\/p>\n<p>&nbsp;<\/p>\n","protected":false},"excerpt":{"rendered":"<p><span style=\"font-weight: 400;\">Embarque en un inolvidable tour privado de 8 horas por Taormina y Castelmola desde Taormina, completo con un gu\u00eda experto y un veh\u00edculo de lujo.<\/span><a href=\"https:\/\/tourtravelandmore.com\/es\/ciudad\/italia-es\/taormina-es\/\"><span style=\"font-weight: 400;\"> Descubra los impresionantes paisajes, la rica historia y las maravillas arquitect\u00f3nicas de estos encantadores pueblos sicilianos, adaptados a sus preferencias.<\/span><\/a><\/p>\n<p>&nbsp;<\/p>\n","protected":false},"featured_media":159261,"comment_status":"open","ping_status":"closed","template":"","meta":{"_acf_changed":false},"product_brand":[],"product_cat":[4362,4375,4307],"product_tag":[],"class_list":{"0":"post-159273","1":"product","2":"type-product","3":"status-publish","4":"has-post-thumbnail","6":"product_cat-todos-los-tours-y-actividades-privadas-taormina","7":"product_cat-visitas-turisticas-privadas-es-2","8":"product_cat-taormina-es","10":"first","11":"instock","12":"shipping-taxable","13":"purchasable","14":"product-type-simple"},"acf":[],"yoast_head":"<!-- This site is optimized with the Yoast SEO Premium plugin v25.3.1 (Yoast SEO v25.3.1) - https:\/\/yoast.com\/wordpress\/plugins\/seo\/ -->\n<title>\u27a1\ufe0f Tour privado Taormina y Castelmola: Descubra las joyas ocultas de Sicilia | Tour Travel and More<\/title>\n<meta name=\"description\" content=\"Viva una exclusiva experiencia de 8 horas en un tour privado por Taormina y Castelmola con gu\u00eda experto y veh\u00edculo de lujo, explorando su cautivadora historia, paisajes y atracciones. \u00a1Reserve su aventura siciliana personalizada con Tour Travel and More ahora! \u2705\" \/>\n<meta name=\"robots\" content=\"index, follow, max-snippet:-1, max-image-preview:large, max-video-preview:-1\" \/>\n<link rel=\"canonical\" href=\"https:\/\/tourtravelandmore.com\/es\/tours\/italia-es\/taormina-es\/todos-los-tours-y-actividades-privadas-taormina\/tour-privado-de-taormina-y-castelmola-desde-taormina\/\" \/>\n<meta property=\"og:locale\" content=\"es_ES\" \/>\n<meta property=\"og:type\" content=\"article\" \/>\n<meta property=\"og:title\" content=\"Tour privado de Taormina y Castelmola desde Taormina\" \/>\n<meta property=\"og:description\" content=\"Viva una exclusiva experiencia de 8 horas en un tour privado por Taormina y Castelmola con gu\u00eda experto y veh\u00edculo de lujo, explorando su cautivadora historia, paisajes y atracciones. \u00a1Reserve su aventura siciliana personalizada con Tour Travel and More ahora! \u2705\" \/>\n<meta property=\"og:url\" content=\"https:\/\/tourtravelandmore.com\/es\/tours\/italia-es\/taormina-es\/todos-los-tours-y-actividades-privadas-taormina\/tour-privado-de-taormina-y-castelmola-desde-taormina\/\" \/>\n<meta property=\"og:site_name\" content=\"Tour Travel And More\" \/>\n<meta property=\"article:publisher\" content=\"https:\/\/www.facebook.com\/tourtravelandmore\/\" \/>\n<meta property=\"article:modified_time\" content=\"2023-04-22T03:21:39+00:00\" \/>\n<meta property=\"og:image\" content=\"https:\/\/tourtravelandmore.com\/wp-content\/uploads\/2023\/03\/image2-7.jpg\" \/>\n\t<meta property=\"og:image:width\" content=\"950\" \/>\n\t<meta property=\"og:image:height\" content=\"750\" \/>\n\t<meta property=\"og:image:type\" content=\"image\/jpeg\" \/>\n<meta name=\"twitter:card\" content=\"summary_large_image\" \/>\n<meta name=\"twitter:site\" content=\"@TourTravel_More\" \/>\n<meta name=\"twitter:label1\" content=\"Tiempo de lectura\" \/>\n\t<meta name=\"twitter:data1\" content=\"4 minutos\" \/>\n<script type=\"application\/ld+json\" class=\"yoast-schema-graph\">{\"@context\":\"https:\/\/schema.org\",\"@graph\":[{\"@type\":\"WebPage\",\"@id\":\"https:\/\/tourtravelandmore.com\/es\/tours\/italia-es\/taormina-es\/todos-los-tours-y-actividades-privadas-taormina\/tour-privado-de-taormina-y-castelmola-desde-taormina\/\",\"url\":\"https:\/\/tourtravelandmore.com\/es\/tours\/italia-es\/taormina-es\/todos-los-tours-y-actividades-privadas-taormina\/tour-privado-de-taormina-y-castelmola-desde-taormina\/\",\"name\":\"\u27a1\ufe0f Tour privado Taormina y Castelmola: Descubra las joyas ocultas de Sicilia | Tour Travel and More\",\"isPartOf\":{\"@id\":\"https:\/\/tourtravelandmore.com\/es\/#website\"},\"primaryImageOfPage\":{\"@id\":\"https:\/\/tourtravelandmore.com\/es\/tours\/italia-es\/taormina-es\/todos-los-tours-y-actividades-privadas-taormina\/tour-privado-de-taormina-y-castelmola-desde-taormina\/#primaryimage\"},\"image\":{\"@id\":\"https:\/\/tourtravelandmore.com\/es\/tours\/italia-es\/taormina-es\/todos-los-tours-y-actividades-privadas-taormina\/tour-privado-de-taormina-y-castelmola-desde-taormina\/#primaryimage\"},\"thumbnailUrl\":\"https:\/\/tourtravelandmore.com\/wp-content\/uploads\/2023\/03\/image2-7.jpg\",\"datePublished\":\"2023-03-30T08:04:39+00:00\",\"dateModified\":\"2023-04-22T03:21:39+00:00\",\"description\":\"Viva una exclusiva experiencia de 8 horas en un tour privado por Taormina y Castelmola con gu\u00eda experto y veh\u00edculo de lujo, explorando su cautivadora historia, paisajes y atracciones. \u00a1Reserve su aventura siciliana personalizada con Tour Travel and More ahora! \u2705\",\"breadcrumb\":{\"@id\":\"https:\/\/tourtravelandmore.com\/es\/tours\/italia-es\/taormina-es\/todos-los-tours-y-actividades-privadas-taormina\/tour-privado-de-taormina-y-castelmola-desde-taormina\/#breadcrumb\"},\"inLanguage\":\"es\",\"potentialAction\":[{\"@type\":\"ReadAction\",\"target\":[\"https:\/\/tourtravelandmore.com\/es\/tours\/italia-es\/taormina-es\/todos-los-tours-y-actividades-privadas-taormina\/tour-privado-de-taormina-y-castelmola-desde-taormina\/\"]}]},{\"@type\":\"ImageObject\",\"inLanguage\":\"es\",\"@id\":\"https:\/\/tourtravelandmore.com\/es\/tours\/italia-es\/taormina-es\/todos-los-tours-y-actividades-privadas-taormina\/tour-privado-de-taormina-y-castelmola-desde-taormina\/#primaryimage\",\"url\":\"https:\/\/tourtravelandmore.com\/wp-content\/uploads\/2023\/03\/image2-7.jpg\",\"contentUrl\":\"https:\/\/tourtravelandmore.com\/wp-content\/uploads\/2023\/03\/image2-7.jpg\",\"width\":950,\"height\":750},{\"@type\":\"BreadcrumbList\",\"@id\":\"https:\/\/tourtravelandmore.com\/es\/tours\/italia-es\/taormina-es\/todos-los-tours-y-actividades-privadas-taormina\/tour-privado-de-taormina-y-castelmola-desde-taormina\/#breadcrumb\",\"itemListElement\":[{\"@type\":\"ListItem\",\"position\":1,\"name\":\"Home\",\"item\":\"https:\/\/tourtravelandmore.com\/es\/\"},{\"@type\":\"ListItem\",\"position\":2,\"name\":\"Tours\",\"item\":\"https:\/\/tourtravelandmore.com\/es\/tours\/\"},{\"@type\":\"ListItem\",\"position\":3,\"name\":\"Tour privado de Taormina y Castelmola desde Taormina\"}]},{\"@type\":\"WebSite\",\"@id\":\"https:\/\/tourtravelandmore.com\/es\/#website\",\"url\":\"https:\/\/tourtravelandmore.com\/es\/\",\"name\":\"Tour Travel And More\",\"description\":\"Private sightseeing tours and luxury transfers in Spain\",\"publisher\":{\"@id\":\"https:\/\/tourtravelandmore.com\/es\/#organization\"},\"potentialAction\":[{\"@type\":\"SearchAction\",\"target\":{\"@type\":\"EntryPoint\",\"urlTemplate\":\"https:\/\/tourtravelandmore.com\/es\/?s={search_term_string}\"},\"query-input\":{\"@type\":\"PropertyValueSpecification\",\"valueRequired\":true,\"valueName\":\"search_term_string\"}}],\"inLanguage\":\"es\"},{\"@type\":\"Organization\",\"@id\":\"https:\/\/tourtravelandmore.com\/es\/#organization\",\"name\":\"Tour Travel And More\",\"url\":\"https:\/\/tourtravelandmore.com\/es\/\",\"logo\":{\"@type\":\"ImageObject\",\"inLanguage\":\"es\",\"@id\":\"https:\/\/tourtravelandmore.com\/es\/#\/schema\/logo\/image\/\",\"url\":\"https:\/\/tourtravelandmore.com\/wp-content\/uploads\/2022\/12\/cropped-logo-cabecera-new.png\",\"contentUrl\":\"https:\/\/tourtravelandmore.com\/wp-content\/uploads\/2022\/12\/cropped-logo-cabecera-new.png\",\"width\":430,\"height\":61,\"caption\":\"Tour Travel And More\"},\"image\":{\"@id\":\"https:\/\/tourtravelandmore.com\/es\/#\/schema\/logo\/image\/\"},\"sameAs\":[\"https:\/\/www.facebook.com\/tourtravelandmore\/\",\"https:\/\/x.com\/TourTravel_More\"]}]}<\/script>\n<!-- \/ Yoast SEO Premium plugin. -->","yoast_head_json":{"title":"\u27a1\ufe0f Tour privado Taormina y Castelmola: Descubra las joyas ocultas de Sicilia | Tour Travel and More","description":"Viva una exclusiva experiencia de 8 horas en un tour privado por Taormina y Castelmola con gu\u00eda experto y veh\u00edculo de lujo, explorando su cautivadora historia, paisajes y atracciones. \u00a1Reserve su aventura siciliana personalizada con Tour Travel and More ahora! \u2705","robots":{"index":"index","follow":"follow","max-snippet":"max-snippet:-1","max-image-preview":"max-image-preview:large","max-video-preview":"max-video-preview:-1"},"canonical":"https:\/\/tourtravelandmore.com\/es\/tours\/italia-es\/taormina-es\/todos-los-tours-y-actividades-privadas-taormina\/tour-privado-de-taormina-y-castelmola-desde-taormina\/","og_locale":"es_ES","og_type":"article","og_title":"Tour privado de Taormina y Castelmola desde Taormina","og_description":"Viva una exclusiva experiencia de 8 horas en un tour privado por Taormina y Castelmola con gu\u00eda experto y veh\u00edculo de lujo, explorando su cautivadora historia, paisajes y atracciones. \u00a1Reserve su aventura siciliana personalizada con Tour Travel and More ahora! \u2705","og_url":"https:\/\/tourtravelandmore.com\/es\/tours\/italia-es\/taormina-es\/todos-los-tours-y-actividades-privadas-taormina\/tour-privado-de-taormina-y-castelmola-desde-taormina\/","og_site_name":"Tour Travel And More","article_publisher":"https:\/\/www.facebook.com\/tourtravelandmore\/","article_modified_time":"2023-04-22T03:21:39+00:00","og_image":[{"width":950,"height":750,"url":"https:\/\/tourtravelandmore.com\/wp-content\/uploads\/2023\/03\/image2-7.jpg","type":"image\/jpeg"}],"twitter_card":"summary_large_image","twitter_site":"@TourTravel_More","twitter_misc":{"Tiempo de lectura":"4 minutos"},"schema":{"@context":"https:\/\/schema.org","@graph":[{"@type":"WebPage","@id":"https:\/\/tourtravelandmore.com\/es\/tours\/italia-es\/taormina-es\/todos-los-tours-y-actividades-privadas-taormina\/tour-privado-de-taormina-y-castelmola-desde-taormina\/","url":"https:\/\/tourtravelandmore.com\/es\/tours\/italia-es\/taormina-es\/todos-los-tours-y-actividades-privadas-taormina\/tour-privado-de-taormina-y-castelmola-desde-taormina\/","name":"\u27a1\ufe0f Tour privado Taormina y Castelmola: Descubra las joyas ocultas de Sicilia | Tour Travel and More","isPartOf":{"@id":"https:\/\/tourtravelandmore.com\/es\/#website"},"primaryImageOfPage":{"@id":"https:\/\/tourtravelandmore.com\/es\/tours\/italia-es\/taormina-es\/todos-los-tours-y-actividades-privadas-taormina\/tour-privado-de-taormina-y-castelmola-desde-taormina\/#primaryimage"},"image":{"@id":"https:\/\/tourtravelandmore.com\/es\/tours\/italia-es\/taormina-es\/todos-los-tours-y-actividades-privadas-taormina\/tour-privado-de-taormina-y-castelmola-desde-taormina\/#primaryimage"},"thumbnailUrl":"https:\/\/tourtravelandmore.com\/wp-content\/uploads\/2023\/03\/image2-7.jpg","datePublished":"2023-03-30T08:04:39+00:00","dateModified":"2023-04-22T03:21:39+00:00","description":"Viva una exclusiva experiencia de 8 horas en un tour privado por Taormina y Castelmola con gu\u00eda experto y veh\u00edculo de lujo, explorando su cautivadora historia, paisajes y atracciones. \u00a1Reserve su aventura siciliana personalizada con Tour Travel and More ahora! \u2705","breadcrumb":{"@id":"https:\/\/tourtravelandmore.com\/es\/tours\/italia-es\/taormina-es\/todos-los-tours-y-actividades-privadas-taormina\/tour-privado-de-taormina-y-castelmola-desde-taormina\/#breadcrumb"},"inLanguage":"es","potentialAction":[{"@type":"ReadAction","target":["https:\/\/tourtravelandmore.com\/es\/tours\/italia-es\/taormina-es\/todos-los-tours-y-actividades-privadas-taormina\/tour-privado-de-taormina-y-castelmola-desde-taormina\/"]}]},{"@type":"ImageObject","inLanguage":"es","@id":"https:\/\/tourtravelandmore.com\/es\/tours\/italia-es\/taormina-es\/todos-los-tours-y-actividades-privadas-taormina\/tour-privado-de-taormina-y-castelmola-desde-taormina\/#primaryimage","url":"https:\/\/tourtravelandmore.com\/wp-content\/uploads\/2023\/03\/image2-7.jpg","contentUrl":"https:\/\/tourtravelandmore.com\/wp-content\/uploads\/2023\/03\/image2-7.jpg","width":950,"height":750},{"@type":"BreadcrumbList","@id":"https:\/\/tourtravelandmore.com\/es\/tours\/italia-es\/taormina-es\/todos-los-tours-y-actividades-privadas-taormina\/tour-privado-de-taormina-y-castelmola-desde-taormina\/#breadcrumb","itemListElement":[{"@type":"ListItem","position":1,"name":"Home","item":"https:\/\/tourtravelandmore.com\/es\/"},{"@type":"ListItem","position":2,"name":"Tours","item":"https:\/\/tourtravelandmore.com\/es\/tours\/"},{"@type":"ListItem","position":3,"name":"Tour privado de Taormina y Castelmola desde Taormina"}]},{"@type":"WebSite","@id":"https:\/\/tourtravelandmore.com\/es\/#website","url":"https:\/\/tourtravelandmore.com\/es\/","name":"Tour Travel And More","description":"Private sightseeing tours and luxury transfers in Spain","publisher":{"@id":"https:\/\/tourtravelandmore.com\/es\/#organization"},"potentialAction":[{"@type":"SearchAction","target":{"@type":"EntryPoint","urlTemplate":"https:\/\/tourtravelandmore.com\/es\/?s={search_term_string}"},"query-input":{"@type":"PropertyValueSpecification","valueRequired":true,"valueName":"search_term_string"}}],"inLanguage":"es"},{"@type":"Organization","@id":"https:\/\/tourtravelandmore.com\/es\/#organization","name":"Tour Travel And More","url":"https:\/\/tourtravelandmore.com\/es\/","logo":{"@type":"ImageObject","inLanguage":"es","@id":"https:\/\/tourtravelandmore.com\/es\/#\/schema\/logo\/image\/","url":"https:\/\/tourtravelandmore.com\/wp-content\/uploads\/2022\/12\/cropped-logo-cabecera-new.png","contentUrl":"https:\/\/tourtravelandmore.com\/wp-content\/uploads\/2022\/12\/cropped-logo-cabecera-new.png","width":430,"height":61,"caption":"Tour Travel And More"},"image":{"@id":"https:\/\/tourtravelandmore.com\/es\/#\/schema\/logo\/image\/"},"sameAs":["https:\/\/www.facebook.com\/tourtravelandmore\/","https:\/\/x.com\/TourTravel_More"]}]}},"_links":{"self":[{"href":"https:\/\/tourtravelandmore.com\/es\/wp-json\/wp\/v2\/product\/159273","targetHints":{"allow":["GET"]}}],"collection":[{"href":"https:\/\/tourtravelandmore.com\/es\/wp-json\/wp\/v2\/product"}],"about":[{"href":"https:\/\/tourtravelandmore.com\/es\/wp-json\/wp\/v2\/types\/product"}],"replies":[{"embeddable":true,"href":"https:\/\/tourtravelandmore.com\/es\/wp-json\/wp\/v2\/comments?post=159273"}],"wp:featuredmedia":[{"embeddable":true,"href":"https:\/\/tourtravelandmore.com\/es\/wp-json\/wp\/v2\/media\/159261"}],"wp:attachment":[{"href":"https:\/\/tourtravelandmore.com\/es\/wp-json\/wp\/v2\/media?parent=159273"}],"wp:term":[{"taxonomy":"product_brand","embeddable":true,"href":"https:\/\/tourtravelandmore.com\/es\/wp-json\/wp\/v2\/product_brand?post=159273"},{"taxonomy":"product_cat","embeddable":true,"href":"https:\/\/tourtravelandmore.com\/es\/wp-json\/wp\/v2\/product_cat?post=159273"},{"taxonomy":"product_tag","embeddable":true,"href":"https:\/\/tourtravelandmore.com\/es\/wp-json\/wp\/v2\/product_tag?post=159273"}],"curies":[{"name":"wp","href":"https:\/\/api.w.org\/{rel}","templated":true}]}}