{"id":159241,"date":"2023-03-30T09:17:27","date_gmt":"2023-03-30T07:17:27","guid":{"rendered":"https:\/\/tourtravelandmore.com\/tours\/sin%20categor\u00eda\/visita-privada-de-taormina\/"},"modified":"2023-09-16T15:57:09","modified_gmt":"2023-09-16T13:57:09","slug":"visita-privada-de-taormina","status":"publish","type":"product","link":"https:\/\/tourtravelandmore.com\/es\/tours\/italia-es\/taormina-es\/todos-los-tours-y-actividades-privadas-taormina\/visita-privada-de-taormina\/","title":{"rendered":"Visita Privada de Taormina"},"content":{"rendered":"<h2><b>Descripci\u00f3n de la Visita Privada de Taormina<\/b><\/h2>\n<p><span style=\"font-weight: 400;\">Embarque en una lujosa visita privada de 4 horas por Taormina, la joya del mar J\u00f3nico, acompa\u00f1ado de un gu\u00eda experto y un veh\u00edculo privado de lujo. Sum\u00e9rjase en el ambiente encantador, la cautivadora historia y los notables tesoros arquitect\u00f3nicos de esta pintoresca ciudad siciliana. Este exclusivo recorrido se adapta a sus preferencias, garantizando una experiencia verdaderamente personalizada e inolvidable en este encantador para\u00edso mediterr\u00e1neo. Disfrute del confort de su veh\u00edculo de lujo, que proporciona un transporte sin problemas durante todo el viaje.<\/span><\/p>\n<h2><b>Puntos de Inter\u00e9s de la Visita Privada de Taormina<\/b><\/h2>\n<p><span style=\"font-weight: 400;\">Del\u00e9itese en un viaje a medida por las atracciones m\u00e1s cautivadoras de Taormina, desde antiguas ruinas hasta encantadoras calles y vistas impresionantes. Este recorrido privado, completo con un veh\u00edculo de lujo y un gu\u00eda experto, ofrece al viajero exigente un acceso incomparable a los tesoros culturales, hist\u00f3ricos y naturales \u00fanicos de la ciudad. Explore el patrimonio de la ciudad, descubriendo sus joyas ocultas, y cree recuerdos que durar\u00e1n toda la vida.<\/span><\/p>\n<h3><b>Teatro Antico di Taormina<\/b><\/h3>\n<p><span style=\"font-weight: 400;\">Marav\u00edllese ante la fusi\u00f3n de la arquitectura griega y romana en el Teatro Antico de Taormina, un sitio hist\u00f3rico bien conservado que ofrece impresionantes vistas del monte Etna y el mar J\u00f3nico. Albergando varios eventos y ofreciendo un vistazo al rico pasado de la regi\u00f3n, este teatro es una parada esencial en su visita privada, prometiendo recuerdos inolvidables. El exclusivo entorno y la ac\u00fastica del teatro han atra\u00eddo a renombrados artistas y int\u00e9rpretes a lo largo de los a\u00f1os, lo que aumenta a\u00fan m\u00e1s su significado cultural.<\/span><\/p>\n<h3><b>Corso Umberto<\/b><\/h3>\n<p><span style=\"font-weight: 400;\">Pasee por Corso Umberto, el coraz\u00f3n de Taormina, donde encontrar\u00e1 encantadoras tiendas, animados caf\u00e9s y notables lugares de inter\u00e9s. Esta animada calle encarna la perfecta mezcla de la vida hist\u00f3rica y moderna de Sicilia. Disfrute de la deliciosa cocina local mientras est\u00e1 rodeado de monumentos hist\u00f3ricos y exuberante vegetaci\u00f3n, sumergi\u00e9ndose en el c\u00e1lido y acogedor ambiente. Mientras deambula por este pintoresco paseo, observe la impresionante arquitectura, incluido el Palazzo Corvaja de estilo medieval y la iglesia de San Giuseppe de estilo barroco.<\/span><\/p>\n<h3><b>Palazzo Corvaja<\/b><\/h3>\n<p><span style=\"font-weight: 400;\">Admire la impresionante arquitectura del Palazzo Corvaja, un palacio medieval que refleja las diversas influencias culturales de Taormina. Este hito hist\u00f3rico, con su mezcla \u00fanica de estilos \u00e1rabe, normando y g\u00f3tico, alberga el Museo de Arte y Tradiciones Populares de la ciudad, lo que lo convierte en una parada fascinante en su recorrido por Taormina. Obtenga informaci\u00f3n sobre la rica historia y el patrimonio cultural de la regi\u00f3n mientras explora esta maravilla arquitect\u00f3nica.<\/span><\/p>\n<h3><b>Jardines de Villa Comunale<\/b><\/h3>\n<p><span style=\"font-weight: 400;\">Rel\u00e1jese en los tranquilos Jardines de Villa Comunale, un exquisito parque p\u00fablico en el coraz\u00f3n de Taormina. Originalmente el jard\u00edn privado de una noble inglesa, este exuberante oasis cuenta con una impresionante colecci\u00f3n de plantas ex\u00f3ticas, elegantes estatuas y pabellones encantadores. Sum\u00e9rjase en la tranquilidad de este refugio verde, donde las impresionantes vistas del mar J\u00f3nico y el monte Etna proporcionan un tel\u00f3n de fondo perfecto para su visita privada. Los Jardines de Villa Comunale sirven como un tranquilo refugio, ofreciendo un agradable descanso del bullicioso centro de la ciudad.<\/span><\/p>\n<p><span style=\"font-weight: 400;\">Descubra la gama completa de visitas privadas en Taormina que Tour Travel and More ofrece a sus usuarios visit\u00e1ndonos. \u00a1Cree su experiencia siciliana so\u00f1ada hoy! Elija entre nuestra cuidadosamente seleccionada oferta de visitas privadas, dise\u00f1adas para satisfacer sus intereses, preferencias y deseos \u00fanicos. No espere m\u00e1s: <\/span><a href=\"https:\/\/tourtravelandmore.com\/es\/ciudad\/italia-es\/taormina-es\/\"><span style=\"font-weight: 400;\">explore nuestras exclusivas ofertas y embarque en su so\u00f1ado viaje siciliano ahora.<\/span><\/a><\/p>\n","protected":false},"excerpt":{"rendered":"<p><span style=\"font-weight: 400;\">Experimente el encanto y la belleza de Taormina en una visita privada de 4 horas con un gu\u00eda experto y un veh\u00edculo de lujo. Sum\u00e9rjase en la cautivadora historia, arquitectura y paisajes pintorescos de la ciudad, todo adaptado a sus preferencias.<\/span><\/p>\n","protected":false},"featured_media":159220,"comment_status":"open","ping_status":"closed","template":"","meta":{"_acf_changed":false},"product_brand":[],"product_cat":[4362,4375,4307],"product_tag":[],"class_list":{"0":"post-159241","1":"product","2":"type-product","3":"status-publish","4":"has-post-thumbnail","6":"product_cat-todos-los-tours-y-actividades-privadas-taormina","7":"product_cat-visitas-turisticas-privadas-es-2","8":"product_cat-taormina-es","10":"first","11":"instock","12":"shipping-taxable","13":"purchasable","14":"product-type-simple"},"acf":[],"yoast_head":"<!-- This site is optimized with the Yoast SEO Premium plugin v25.3.1 (Yoast SEO v25.3.1) - https:\/\/yoast.com\/wordpress\/plugins\/seo\/ -->\n<title>\u27a1\ufe0f Visita Privada de Taormina: Descubra la Joya del Mar J\u00f3nico | Tour Travel and More<\/title>\n<meta name=\"description\" content=\"Disfrute de una lujosa visita privada de 4 horas por Taormina con un gu\u00eda experto y un veh\u00edculo privado de lujo, explorando la rica historia, los impresionantes paisajes y las cautivadoras atracciones de la ciudad.\" \/>\n<meta name=\"robots\" content=\"index, follow, max-snippet:-1, max-image-preview:large, max-video-preview:-1\" \/>\n<link rel=\"canonical\" href=\"https:\/\/tourtravelandmore.com\/es\/tours\/italia-es\/taormina-es\/todos-los-tours-y-actividades-privadas-taormina\/visita-privada-de-taormina\/\" \/>\n<meta property=\"og:locale\" content=\"es_ES\" \/>\n<meta property=\"og:type\" content=\"article\" \/>\n<meta property=\"og:title\" content=\"Visita Privada de Taormina\" \/>\n<meta property=\"og:description\" content=\"Disfrute de una lujosa visita privada de 4 horas por Taormina con un gu\u00eda experto y un veh\u00edculo privado de lujo, explorando la rica historia, los impresionantes paisajes y las cautivadoras atracciones de la ciudad.\" \/>\n<meta property=\"og:url\" content=\"https:\/\/tourtravelandmore.com\/es\/tours\/italia-es\/taormina-es\/todos-los-tours-y-actividades-privadas-taormina\/visita-privada-de-taormina\/\" \/>\n<meta property=\"og:site_name\" content=\"Tour Travel And More\" \/>\n<meta property=\"article:publisher\" content=\"https:\/\/www.facebook.com\/tourtravelandmore\/\" \/>\n<meta property=\"article:modified_time\" content=\"2023-09-16T13:57:09+00:00\" \/>\n<meta property=\"og:image\" content=\"https:\/\/tourtravelandmore.com\/wp-content\/uploads\/2023\/03\/image2-6.jpg\" \/>\n\t<meta property=\"og:image:width\" content=\"950\" \/>\n\t<meta property=\"og:image:height\" content=\"750\" \/>\n\t<meta property=\"og:image:type\" content=\"image\/jpeg\" \/>\n<meta name=\"twitter:card\" content=\"summary_large_image\" \/>\n<meta name=\"twitter:site\" content=\"@TourTravel_More\" \/>\n<meta name=\"twitter:label1\" content=\"Tiempo de lectura\" \/>\n\t<meta name=\"twitter:data1\" content=\"3 minutos\" \/>\n<script type=\"application\/ld+json\" class=\"yoast-schema-graph\">{\"@context\":\"https:\/\/schema.org\",\"@graph\":[{\"@type\":\"WebPage\",\"@id\":\"https:\/\/tourtravelandmore.com\/es\/tours\/italia-es\/taormina-es\/todos-los-tours-y-actividades-privadas-taormina\/visita-privada-de-taormina\/\",\"url\":\"https:\/\/tourtravelandmore.com\/es\/tours\/italia-es\/taormina-es\/todos-los-tours-y-actividades-privadas-taormina\/visita-privada-de-taormina\/\",\"name\":\"\u27a1\ufe0f Visita Privada de Taormina: Descubra la Joya del Mar J\u00f3nico | Tour Travel and More\",\"isPartOf\":{\"@id\":\"https:\/\/tourtravelandmore.com\/es\/#website\"},\"primaryImageOfPage\":{\"@id\":\"https:\/\/tourtravelandmore.com\/es\/tours\/italia-es\/taormina-es\/todos-los-tours-y-actividades-privadas-taormina\/visita-privada-de-taormina\/#primaryimage\"},\"image\":{\"@id\":\"https:\/\/tourtravelandmore.com\/es\/tours\/italia-es\/taormina-es\/todos-los-tours-y-actividades-privadas-taormina\/visita-privada-de-taormina\/#primaryimage\"},\"thumbnailUrl\":\"https:\/\/tourtravelandmore.com\/wp-content\/uploads\/2023\/03\/image2-6.jpg\",\"datePublished\":\"2023-03-30T07:17:27+00:00\",\"dateModified\":\"2023-09-16T13:57:09+00:00\",\"description\":\"Disfrute de una lujosa visita privada de 4 horas por Taormina con un gu\u00eda experto y un veh\u00edculo privado de lujo, explorando la rica historia, los impresionantes paisajes y las cautivadoras atracciones de la ciudad.\",\"breadcrumb\":{\"@id\":\"https:\/\/tourtravelandmore.com\/es\/tours\/italia-es\/taormina-es\/todos-los-tours-y-actividades-privadas-taormina\/visita-privada-de-taormina\/#breadcrumb\"},\"inLanguage\":\"es\",\"potentialAction\":[{\"@type\":\"ReadAction\",\"target\":[\"https:\/\/tourtravelandmore.com\/es\/tours\/italia-es\/taormina-es\/todos-los-tours-y-actividades-privadas-taormina\/visita-privada-de-taormina\/\"]}]},{\"@type\":\"ImageObject\",\"inLanguage\":\"es\",\"@id\":\"https:\/\/tourtravelandmore.com\/es\/tours\/italia-es\/taormina-es\/todos-los-tours-y-actividades-privadas-taormina\/visita-privada-de-taormina\/#primaryimage\",\"url\":\"https:\/\/tourtravelandmore.com\/wp-content\/uploads\/2023\/03\/image2-6.jpg\",\"contentUrl\":\"https:\/\/tourtravelandmore.com\/wp-content\/uploads\/2023\/03\/image2-6.jpg\",\"width\":950,\"height\":750},{\"@type\":\"BreadcrumbList\",\"@id\":\"https:\/\/tourtravelandmore.com\/es\/tours\/italia-es\/taormina-es\/todos-los-tours-y-actividades-privadas-taormina\/visita-privada-de-taormina\/#breadcrumb\",\"itemListElement\":[{\"@type\":\"ListItem\",\"position\":1,\"name\":\"Home\",\"item\":\"https:\/\/tourtravelandmore.com\/es\/\"},{\"@type\":\"ListItem\",\"position\":2,\"name\":\"Tours\",\"item\":\"https:\/\/tourtravelandmore.com\/es\/tours\/\"},{\"@type\":\"ListItem\",\"position\":3,\"name\":\"Visita Privada de Taormina\"}]},{\"@type\":\"WebSite\",\"@id\":\"https:\/\/tourtravelandmore.com\/es\/#website\",\"url\":\"https:\/\/tourtravelandmore.com\/es\/\",\"name\":\"Tour Travel And More\",\"description\":\"Private sightseeing tours and luxury transfers in Spain\",\"publisher\":{\"@id\":\"https:\/\/tourtravelandmore.com\/es\/#organization\"},\"potentialAction\":[{\"@type\":\"SearchAction\",\"target\":{\"@type\":\"EntryPoint\",\"urlTemplate\":\"https:\/\/tourtravelandmore.com\/es\/?s={search_term_string}\"},\"query-input\":{\"@type\":\"PropertyValueSpecification\",\"valueRequired\":true,\"valueName\":\"search_term_string\"}}],\"inLanguage\":\"es\"},{\"@type\":\"Organization\",\"@id\":\"https:\/\/tourtravelandmore.com\/es\/#organization\",\"name\":\"Tour Travel And More\",\"url\":\"https:\/\/tourtravelandmore.com\/es\/\",\"logo\":{\"@type\":\"ImageObject\",\"inLanguage\":\"es\",\"@id\":\"https:\/\/tourtravelandmore.com\/es\/#\/schema\/logo\/image\/\",\"url\":\"https:\/\/tourtravelandmore.com\/wp-content\/uploads\/2022\/12\/cropped-logo-cabecera-new.png\",\"contentUrl\":\"https:\/\/tourtravelandmore.com\/wp-content\/uploads\/2022\/12\/cropped-logo-cabecera-new.png\",\"width\":430,\"height\":61,\"caption\":\"Tour Travel And More\"},\"image\":{\"@id\":\"https:\/\/tourtravelandmore.com\/es\/#\/schema\/logo\/image\/\"},\"sameAs\":[\"https:\/\/www.facebook.com\/tourtravelandmore\/\",\"https:\/\/x.com\/TourTravel_More\"]}]}<\/script>\n<!-- \/ Yoast SEO Premium plugin. -->","yoast_head_json":{"title":"\u27a1\ufe0f Visita Privada de Taormina: Descubra la Joya del Mar J\u00f3nico | Tour Travel and More","description":"Disfrute de una lujosa visita privada de 4 horas por Taormina con un gu\u00eda experto y un veh\u00edculo privado de lujo, explorando la rica historia, los impresionantes paisajes y las cautivadoras atracciones de la ciudad.","robots":{"index":"index","follow":"follow","max-snippet":"max-snippet:-1","max-image-preview":"max-image-preview:large","max-video-preview":"max-video-preview:-1"},"canonical":"https:\/\/tourtravelandmore.com\/es\/tours\/italia-es\/taormina-es\/todos-los-tours-y-actividades-privadas-taormina\/visita-privada-de-taormina\/","og_locale":"es_ES","og_type":"article","og_title":"Visita Privada de Taormina","og_description":"Disfrute de una lujosa visita privada de 4 horas por Taormina con un gu\u00eda experto y un veh\u00edculo privado de lujo, explorando la rica historia, los impresionantes paisajes y las cautivadoras atracciones de la ciudad.","og_url":"https:\/\/tourtravelandmore.com\/es\/tours\/italia-es\/taormina-es\/todos-los-tours-y-actividades-privadas-taormina\/visita-privada-de-taormina\/","og_site_name":"Tour Travel And More","article_publisher":"https:\/\/www.facebook.com\/tourtravelandmore\/","article_modified_time":"2023-09-16T13:57:09+00:00","og_image":[{"width":950,"height":750,"url":"https:\/\/tourtravelandmore.com\/wp-content\/uploads\/2023\/03\/image2-6.jpg","type":"image\/jpeg"}],"twitter_card":"summary_large_image","twitter_site":"@TourTravel_More","twitter_misc":{"Tiempo de lectura":"3 minutos"},"schema":{"@context":"https:\/\/schema.org","@graph":[{"@type":"WebPage","@id":"https:\/\/tourtravelandmore.com\/es\/tours\/italia-es\/taormina-es\/todos-los-tours-y-actividades-privadas-taormina\/visita-privada-de-taormina\/","url":"https:\/\/tourtravelandmore.com\/es\/tours\/italia-es\/taormina-es\/todos-los-tours-y-actividades-privadas-taormina\/visita-privada-de-taormina\/","name":"\u27a1\ufe0f Visita Privada de Taormina: Descubra la Joya del Mar J\u00f3nico | Tour Travel and More","isPartOf":{"@id":"https:\/\/tourtravelandmore.com\/es\/#website"},"primaryImageOfPage":{"@id":"https:\/\/tourtravelandmore.com\/es\/tours\/italia-es\/taormina-es\/todos-los-tours-y-actividades-privadas-taormina\/visita-privada-de-taormina\/#primaryimage"},"image":{"@id":"https:\/\/tourtravelandmore.com\/es\/tours\/italia-es\/taormina-es\/todos-los-tours-y-actividades-privadas-taormina\/visita-privada-de-taormina\/#primaryimage"},"thumbnailUrl":"https:\/\/tourtravelandmore.com\/wp-content\/uploads\/2023\/03\/image2-6.jpg","datePublished":"2023-03-30T07:17:27+00:00","dateModified":"2023-09-16T13:57:09+00:00","description":"Disfrute de una lujosa visita privada de 4 horas por Taormina con un gu\u00eda experto y un veh\u00edculo privado de lujo, explorando la rica historia, los impresionantes paisajes y las cautivadoras atracciones de la ciudad.","breadcrumb":{"@id":"https:\/\/tourtravelandmore.com\/es\/tours\/italia-es\/taormina-es\/todos-los-tours-y-actividades-privadas-taormina\/visita-privada-de-taormina\/#breadcrumb"},"inLanguage":"es","potentialAction":[{"@type":"ReadAction","target":["https:\/\/tourtravelandmore.com\/es\/tours\/italia-es\/taormina-es\/todos-los-tours-y-actividades-privadas-taormina\/visita-privada-de-taormina\/"]}]},{"@type":"ImageObject","inLanguage":"es","@id":"https:\/\/tourtravelandmore.com\/es\/tours\/italia-es\/taormina-es\/todos-los-tours-y-actividades-privadas-taormina\/visita-privada-de-taormina\/#primaryimage","url":"https:\/\/tourtravelandmore.com\/wp-content\/uploads\/2023\/03\/image2-6.jpg","contentUrl":"https:\/\/tourtravelandmore.com\/wp-content\/uploads\/2023\/03\/image2-6.jpg","width":950,"height":750},{"@type":"BreadcrumbList","@id":"https:\/\/tourtravelandmore.com\/es\/tours\/italia-es\/taormina-es\/todos-los-tours-y-actividades-privadas-taormina\/visita-privada-de-taormina\/#breadcrumb","itemListElement":[{"@type":"ListItem","position":1,"name":"Home","item":"https:\/\/tourtravelandmore.com\/es\/"},{"@type":"ListItem","position":2,"name":"Tours","item":"https:\/\/tourtravelandmore.com\/es\/tours\/"},{"@type":"ListItem","position":3,"name":"Visita Privada de Taormina"}]},{"@type":"WebSite","@id":"https:\/\/tourtravelandmore.com\/es\/#website","url":"https:\/\/tourtravelandmore.com\/es\/","name":"Tour Travel And More","description":"Private sightseeing tours and luxury transfers in Spain","publisher":{"@id":"https:\/\/tourtravelandmore.com\/es\/#organization"},"potentialAction":[{"@type":"SearchAction","target":{"@type":"EntryPoint","urlTemplate":"https:\/\/tourtravelandmore.com\/es\/?s={search_term_string}"},"query-input":{"@type":"PropertyValueSpecification","valueRequired":true,"valueName":"search_term_string"}}],"inLanguage":"es"},{"@type":"Organization","@id":"https:\/\/tourtravelandmore.com\/es\/#organization","name":"Tour Travel And More","url":"https:\/\/tourtravelandmore.com\/es\/","logo":{"@type":"ImageObject","inLanguage":"es","@id":"https:\/\/tourtravelandmore.com\/es\/#\/schema\/logo\/image\/","url":"https:\/\/tourtravelandmore.com\/wp-content\/uploads\/2022\/12\/cropped-logo-cabecera-new.png","contentUrl":"https:\/\/tourtravelandmore.com\/wp-content\/uploads\/2022\/12\/cropped-logo-cabecera-new.png","width":430,"height":61,"caption":"Tour Travel And More"},"image":{"@id":"https:\/\/tourtravelandmore.com\/es\/#\/schema\/logo\/image\/"},"sameAs":["https:\/\/www.facebook.com\/tourtravelandmore\/","https:\/\/x.com\/TourTravel_More"]}]}},"_links":{"self":[{"href":"https:\/\/tourtravelandmore.com\/es\/wp-json\/wp\/v2\/product\/159241","targetHints":{"allow":["GET"]}}],"collection":[{"href":"https:\/\/tourtravelandmore.com\/es\/wp-json\/wp\/v2\/product"}],"about":[{"href":"https:\/\/tourtravelandmore.com\/es\/wp-json\/wp\/v2\/types\/product"}],"replies":[{"embeddable":true,"href":"https:\/\/tourtravelandmore.com\/es\/wp-json\/wp\/v2\/comments?post=159241"}],"wp:featuredmedia":[{"embeddable":true,"href":"https:\/\/tourtravelandmore.com\/es\/wp-json\/wp\/v2\/media\/159220"}],"wp:attachment":[{"href":"https:\/\/tourtravelandmore.com\/es\/wp-json\/wp\/v2\/media?parent=159241"}],"wp:term":[{"taxonomy":"product_brand","embeddable":true,"href":"https:\/\/tourtravelandmore.com\/es\/wp-json\/wp\/v2\/product_brand?post=159241"},{"taxonomy":"product_cat","embeddable":true,"href":"https:\/\/tourtravelandmore.com\/es\/wp-json\/wp\/v2\/product_cat?post=159241"},{"taxonomy":"product_tag","embeddable":true,"href":"https:\/\/tourtravelandmore.com\/es\/wp-json\/wp\/v2\/product_tag?post=159241"}],"curies":[{"name":"wp","href":"https:\/\/api.w.org\/{rel}","templated":true}]}}