{"id":159029,"date":"2023-03-29T09:43:40","date_gmt":"2023-03-29T07:43:40","guid":{"rendered":"https:\/\/tourtravelandmore.com\/tours\/sin%20categor\u00eda\/tour-privado-de-taormina-y-etna-desde-taormina\/"},"modified":"2023-09-16T16:02:45","modified_gmt":"2023-09-16T14:02:45","slug":"tour-privado-de-taormina-y-etna-desde-taormina","status":"publish","type":"product","link":"https:\/\/tourtravelandmore.com\/es\/tours\/italia-es\/taormina-es\/todos-los-tours-y-actividades-privadas-taormina\/tour-privado-de-taormina-y-etna-desde-taormina\/","title":{"rendered":"Tour privado de Taormina y Etna desde Taormina"},"content":{"rendered":"<h2><b>Descripci\u00f3n del tour privado de Taormina y Etna desde Taormina<\/b><\/h2>\n<p><span style=\"font-weight: 400;\">Descubra el encanto de Taormina y la grandeza del monte Etna en este exclusivo tour privado de 6 horas. Con su gu\u00eda experto, experimente la cautivadora historia, los impresionantes paisajes y los inolvidables lugares de inter\u00e9s de la regi\u00f3n adaptados a sus preferencias. Ad\u00e9ntrese en el rico patrimonio cultural de Taormina, admire sus maravillas arquitect\u00f3nicas y descubra la impresionante belleza del volc\u00e1n m\u00e1s alto y activo de Europa, el monte Etna. Este tour privado est\u00e1 dise\u00f1ado para satisfacer a los viajeros exigentes que buscan una experiencia verdaderamente personalizada e inmersiva.<\/span><\/p>\n<h2><b>Puntos de inter\u00e9s del tour privado de Taormina y Etna desde Taormina<\/b><\/h2>\n<p><span style=\"font-weight: 400;\">Disfrute de un viaje personalizado, explorando las principales atracciones de Taormina y Etna. Desde ruinas antiguas hasta maravillas volc\u00e1nicas, este tour privado ofrece una experiencia inigualable para el viajero exigente. Sum\u00e9rjase en la singular historia, los cautivadores paisajes y las fascinantes caracter\u00edsticas geol\u00f3gicas que han hecho de estos destinos lugares predilectos para viajeros de todo el mundo.<\/span><\/p>\n<h3><b>Teatro Antiguo de Taormina (Teatro Antico di Taormina)<\/b><\/h3>\n<p><span style=\"font-weight: 400;\">Marav\u00edllese con la fusi\u00f3n de arquitectura griega y romana del Teatro Antiguo de Taormina. Este anfiteatro ofrece impresionantes vistas del monte Etna y del mar J\u00f3nico, creando recuerdos inolvidables. Al ser un lugar hist\u00f3rico bien conservado, el teatro alberga diversos eventos y ofrece una visi\u00f3n del rico pasado de la regi\u00f3n, convirti\u00e9ndolo en una parada esencial en su tour privado. El singular escenario y ac\u00fastica del teatro han atra\u00eddo a renombrados artistas y performers a lo largo de los a\u00f1os, lo que realza a\u00fan m\u00e1s su significado cultural. No pierda la oportunidad de experimentar este extraordinario lugar de primera mano.<\/span><\/p>\n<h3><b>Corso Umberto<\/b><\/h3>\n<p><span style=\"font-weight: 400;\">Recorra el Corso Umberto, el coraz\u00f3n de Taormina, donde encontrar\u00e1 encantadoras tiendas, animados caf\u00e9s y notables monumentos. Esta vibrante calle representa la mezcla perfecta de la vida hist\u00f3rica y moderna en Sicilia. Experimente la c\u00e1lida y acogedora atm\u00f3sfera mientras se deleita con la deliciosa cocina local, todo bajo la atenta mirada de monumentos hist\u00f3ricos y exuberante vegetaci\u00f3n. Al pasear por este pintoresco paseo, observe la impresionante arquitectura, incluido el Palazzo Corvaja de estilo medieval y la iglesia barroca de San Giuseppe. D\u00e9jese envolver por el aut\u00e9ntico ambiente siciliano que lo rodea en cada paso.<\/span><\/p>\n<h3><b>Monte Etna<\/b><\/h3>\n<p><span style=\"font-weight: 400;\">Ascienda al imponente monte Etna, el volc\u00e1n m\u00e1s alto y activo de Europa. Experimente sus paisajes lunares, antiguos flujos de lava y frondosos bosques mientras su gu\u00eda privado comparte interesantes conocimientos sobre su historia y geolog\u00eda. Las impresionantes panor\u00e1micas y las inolvidables oportunidades de senderismo convierten esta experiencia en algo digno de estar en la lista de deseos de cualquier viajero. Al recorrer el terreno volc\u00e1nico, encontrar\u00e1 diversos ecosistemas y formaciones geol\u00f3gicas \u00fanicas, testimonio de la poderosa influencia del volc\u00e1n en el paisaje circundante. El viaje hasta la cima del monte Etna es una aventura que atesorar\u00e1 de por vida.<\/span><\/p>\n<h3><b>Gargantas de Alc\u00e1ntara<\/b><\/h3>\n<p><span style=\"font-weight: 400;\">Contemple la impresionante belleza de las gargantas de Alc\u00e1ntara, una maravilla natural tallada por el r\u00edo Alc\u00e1ntara a trav\u00e9s de antiguas formaciones de basalto. El sorprendente ca\u00f1\u00f3n, con sus aguas cristalinas y magn\u00edficas formaciones rocosas, brinda una experiencia cautivadora e inmersiva para los amantes de la naturaleza, convirti\u00e9ndose en la conclusi\u00f3n perfecta de su tour privado. Al explorar las gargantas, aprenda sobre los eventos geol\u00f3gicos que dieron forma a este incre\u00edble sitio, incluidas erupciones volc\u00e1nicas y potentes corrientes fluviales. Disfrute de la tranquilidad del \u00e1rea mientras escucha los relajantes sonidos del r\u00edo y admira las majestuosas formaciones rocosas que se elevan sobre usted.<\/span><\/p>\n<p><span style=\"font-weight: 400;\">Descubra la amplia selecci\u00f3n de tours privados en Taormina que Tour Travel and More ofrece a su distinguida clientela visit\u00e1ndonos. Con una variedad de experiencias personalizadas dise\u00f1adas para adaptarse a sus intereses, preferencias y deseos \u00fanicos, puede crear la \u00faltima aventura siciliana, sumergi\u00e9ndose en la rica historia, la vibrante cultura y los impresionantes paisajes de esta encantadora regi\u00f3n. No espere m\u00e1s: <\/span><a href=\"https:\/\/tourtravelandmore.com\/es\/ciudad\/italia-es\/taormina-es\/\"><span style=\"font-weight: 400;\">explore nuestras exclusivas ofertas y embarque en el viaje siciliano de sus sue\u00f1os hoy.<\/span><\/a><\/p>\n","protected":false},"excerpt":{"rendered":"<p><span style=\"font-weight: 400;\">Experimente el encanto de Taormina y la grandeza del monte Etna en un tour privado de 6 horas con un gu\u00eda experto. Sum\u00e9rjase en la rica historia, los impresionantes paisajes y los inolvidables lugares de inter\u00e9s de la regi\u00f3n, adaptados a sus preferencias.<\/span><\/p>\n","protected":false},"featured_media":159020,"comment_status":"open","ping_status":"closed","template":"","meta":{"_acf_changed":false},"product_brand":[],"product_cat":[4362,4375,4307],"product_tag":[],"class_list":{"0":"post-159029","1":"product","2":"type-product","3":"status-publish","4":"has-post-thumbnail","6":"product_cat-todos-los-tours-y-actividades-privadas-taormina","7":"product_cat-visitas-turisticas-privadas-es-2","8":"product_cat-taormina-es","10":"first","11":"instock","12":"shipping-taxable","13":"purchasable","14":"product-type-simple"},"acf":[],"yoast_head":"<!-- This site is optimized with the Yoast SEO Premium plugin v25.3.1 (Yoast SEO v25.3.1) - https:\/\/yoast.com\/wordpress\/plugins\/seo\/ -->\n<title>\u27a1\ufe0f Tour privado Taormina y Etna: Experimente las maravillas de Sicilia | Tour Travel and More<\/title>\n<meta name=\"description\" content=\"Disfrute de un tour privado de 6 horas de Taormina y Etna, mostrando la rica historia, los impresionantes paisajes y las cautivadoras atracciones de la regi\u00f3n.\" \/>\n<meta name=\"robots\" content=\"index, follow, max-snippet:-1, max-image-preview:large, max-video-preview:-1\" \/>\n<link rel=\"canonical\" href=\"https:\/\/tourtravelandmore.com\/es\/tours\/italia-es\/taormina-es\/todos-los-tours-y-actividades-privadas-taormina\/tour-privado-de-taormina-y-etna-desde-taormina\/\" \/>\n<meta property=\"og:locale\" content=\"es_ES\" \/>\n<meta property=\"og:type\" content=\"article\" \/>\n<meta property=\"og:title\" content=\"Tour privado de Taormina y Etna desde Taormina\" \/>\n<meta property=\"og:description\" content=\"Disfrute de un tour privado de 6 horas de Taormina y Etna, mostrando la rica historia, los impresionantes paisajes y las cautivadoras atracciones de la regi\u00f3n.\" \/>\n<meta property=\"og:url\" content=\"https:\/\/tourtravelandmore.com\/es\/tours\/italia-es\/taormina-es\/todos-los-tours-y-actividades-privadas-taormina\/tour-privado-de-taormina-y-etna-desde-taormina\/\" \/>\n<meta property=\"og:site_name\" content=\"Tour Travel And More\" \/>\n<meta property=\"article:publisher\" content=\"https:\/\/www.facebook.com\/tourtravelandmore\/\" \/>\n<meta property=\"article:modified_time\" content=\"2023-09-16T14:02:45+00:00\" \/>\n<meta property=\"og:image\" content=\"https:\/\/tourtravelandmore.com\/wp-content\/uploads\/2023\/03\/image3-6.jpg\" \/>\n\t<meta property=\"og:image:width\" content=\"950\" \/>\n\t<meta property=\"og:image:height\" content=\"750\" \/>\n\t<meta property=\"og:image:type\" content=\"image\/jpeg\" \/>\n<meta name=\"twitter:card\" content=\"summary_large_image\" \/>\n<meta name=\"twitter:site\" content=\"@TourTravel_More\" \/>\n<meta name=\"twitter:label1\" content=\"Tiempo de lectura\" \/>\n\t<meta name=\"twitter:data1\" content=\"4 minutos\" \/>\n<script type=\"application\/ld+json\" class=\"yoast-schema-graph\">{\"@context\":\"https:\/\/schema.org\",\"@graph\":[{\"@type\":\"WebPage\",\"@id\":\"https:\/\/tourtravelandmore.com\/es\/tours\/italia-es\/taormina-es\/todos-los-tours-y-actividades-privadas-taormina\/tour-privado-de-taormina-y-etna-desde-taormina\/\",\"url\":\"https:\/\/tourtravelandmore.com\/es\/tours\/italia-es\/taormina-es\/todos-los-tours-y-actividades-privadas-taormina\/tour-privado-de-taormina-y-etna-desde-taormina\/\",\"name\":\"\u27a1\ufe0f Tour privado Taormina y Etna: Experimente las maravillas de Sicilia | Tour Travel and More\",\"isPartOf\":{\"@id\":\"https:\/\/tourtravelandmore.com\/es\/#website\"},\"primaryImageOfPage\":{\"@id\":\"https:\/\/tourtravelandmore.com\/es\/tours\/italia-es\/taormina-es\/todos-los-tours-y-actividades-privadas-taormina\/tour-privado-de-taormina-y-etna-desde-taormina\/#primaryimage\"},\"image\":{\"@id\":\"https:\/\/tourtravelandmore.com\/es\/tours\/italia-es\/taormina-es\/todos-los-tours-y-actividades-privadas-taormina\/tour-privado-de-taormina-y-etna-desde-taormina\/#primaryimage\"},\"thumbnailUrl\":\"https:\/\/tourtravelandmore.com\/wp-content\/uploads\/2023\/03\/image3-6.jpg\",\"datePublished\":\"2023-03-29T07:43:40+00:00\",\"dateModified\":\"2023-09-16T14:02:45+00:00\",\"description\":\"Disfrute de un tour privado de 6 horas de Taormina y Etna, mostrando la rica historia, los impresionantes paisajes y las cautivadoras atracciones de la regi\u00f3n.\",\"breadcrumb\":{\"@id\":\"https:\/\/tourtravelandmore.com\/es\/tours\/italia-es\/taormina-es\/todos-los-tours-y-actividades-privadas-taormina\/tour-privado-de-taormina-y-etna-desde-taormina\/#breadcrumb\"},\"inLanguage\":\"es\",\"potentialAction\":[{\"@type\":\"ReadAction\",\"target\":[\"https:\/\/tourtravelandmore.com\/es\/tours\/italia-es\/taormina-es\/todos-los-tours-y-actividades-privadas-taormina\/tour-privado-de-taormina-y-etna-desde-taormina\/\"]}]},{\"@type\":\"ImageObject\",\"inLanguage\":\"es\",\"@id\":\"https:\/\/tourtravelandmore.com\/es\/tours\/italia-es\/taormina-es\/todos-los-tours-y-actividades-privadas-taormina\/tour-privado-de-taormina-y-etna-desde-taormina\/#primaryimage\",\"url\":\"https:\/\/tourtravelandmore.com\/wp-content\/uploads\/2023\/03\/image3-6.jpg\",\"contentUrl\":\"https:\/\/tourtravelandmore.com\/wp-content\/uploads\/2023\/03\/image3-6.jpg\",\"width\":950,\"height\":750},{\"@type\":\"BreadcrumbList\",\"@id\":\"https:\/\/tourtravelandmore.com\/es\/tours\/italia-es\/taormina-es\/todos-los-tours-y-actividades-privadas-taormina\/tour-privado-de-taormina-y-etna-desde-taormina\/#breadcrumb\",\"itemListElement\":[{\"@type\":\"ListItem\",\"position\":1,\"name\":\"Home\",\"item\":\"https:\/\/tourtravelandmore.com\/es\/\"},{\"@type\":\"ListItem\",\"position\":2,\"name\":\"Tours\",\"item\":\"https:\/\/tourtravelandmore.com\/es\/tours\/\"},{\"@type\":\"ListItem\",\"position\":3,\"name\":\"Tour privado de Taormina y Etna desde Taormina\"}]},{\"@type\":\"WebSite\",\"@id\":\"https:\/\/tourtravelandmore.com\/es\/#website\",\"url\":\"https:\/\/tourtravelandmore.com\/es\/\",\"name\":\"Tour Travel And More\",\"description\":\"Private sightseeing tours and luxury transfers in Spain\",\"publisher\":{\"@id\":\"https:\/\/tourtravelandmore.com\/es\/#organization\"},\"potentialAction\":[{\"@type\":\"SearchAction\",\"target\":{\"@type\":\"EntryPoint\",\"urlTemplate\":\"https:\/\/tourtravelandmore.com\/es\/?s={search_term_string}\"},\"query-input\":{\"@type\":\"PropertyValueSpecification\",\"valueRequired\":true,\"valueName\":\"search_term_string\"}}],\"inLanguage\":\"es\"},{\"@type\":\"Organization\",\"@id\":\"https:\/\/tourtravelandmore.com\/es\/#organization\",\"name\":\"Tour Travel And More\",\"url\":\"https:\/\/tourtravelandmore.com\/es\/\",\"logo\":{\"@type\":\"ImageObject\",\"inLanguage\":\"es\",\"@id\":\"https:\/\/tourtravelandmore.com\/es\/#\/schema\/logo\/image\/\",\"url\":\"https:\/\/tourtravelandmore.com\/wp-content\/uploads\/2022\/12\/cropped-logo-cabecera-new.png\",\"contentUrl\":\"https:\/\/tourtravelandmore.com\/wp-content\/uploads\/2022\/12\/cropped-logo-cabecera-new.png\",\"width\":430,\"height\":61,\"caption\":\"Tour Travel And More\"},\"image\":{\"@id\":\"https:\/\/tourtravelandmore.com\/es\/#\/schema\/logo\/image\/\"},\"sameAs\":[\"https:\/\/www.facebook.com\/tourtravelandmore\/\",\"https:\/\/x.com\/TourTravel_More\"]}]}<\/script>\n<!-- \/ Yoast SEO Premium plugin. -->","yoast_head_json":{"title":"\u27a1\ufe0f Tour privado Taormina y Etna: Experimente las maravillas de Sicilia | Tour Travel and More","description":"Disfrute de un tour privado de 6 horas de Taormina y Etna, mostrando la rica historia, los impresionantes paisajes y las cautivadoras atracciones de la regi\u00f3n.","robots":{"index":"index","follow":"follow","max-snippet":"max-snippet:-1","max-image-preview":"max-image-preview:large","max-video-preview":"max-video-preview:-1"},"canonical":"https:\/\/tourtravelandmore.com\/es\/tours\/italia-es\/taormina-es\/todos-los-tours-y-actividades-privadas-taormina\/tour-privado-de-taormina-y-etna-desde-taormina\/","og_locale":"es_ES","og_type":"article","og_title":"Tour privado de Taormina y Etna desde Taormina","og_description":"Disfrute de un tour privado de 6 horas de Taormina y Etna, mostrando la rica historia, los impresionantes paisajes y las cautivadoras atracciones de la regi\u00f3n.","og_url":"https:\/\/tourtravelandmore.com\/es\/tours\/italia-es\/taormina-es\/todos-los-tours-y-actividades-privadas-taormina\/tour-privado-de-taormina-y-etna-desde-taormina\/","og_site_name":"Tour Travel And More","article_publisher":"https:\/\/www.facebook.com\/tourtravelandmore\/","article_modified_time":"2023-09-16T14:02:45+00:00","og_image":[{"width":950,"height":750,"url":"https:\/\/tourtravelandmore.com\/wp-content\/uploads\/2023\/03\/image3-6.jpg","type":"image\/jpeg"}],"twitter_card":"summary_large_image","twitter_site":"@TourTravel_More","twitter_misc":{"Tiempo de lectura":"4 minutos"},"schema":{"@context":"https:\/\/schema.org","@graph":[{"@type":"WebPage","@id":"https:\/\/tourtravelandmore.com\/es\/tours\/italia-es\/taormina-es\/todos-los-tours-y-actividades-privadas-taormina\/tour-privado-de-taormina-y-etna-desde-taormina\/","url":"https:\/\/tourtravelandmore.com\/es\/tours\/italia-es\/taormina-es\/todos-los-tours-y-actividades-privadas-taormina\/tour-privado-de-taormina-y-etna-desde-taormina\/","name":"\u27a1\ufe0f Tour privado Taormina y Etna: Experimente las maravillas de Sicilia | Tour Travel and More","isPartOf":{"@id":"https:\/\/tourtravelandmore.com\/es\/#website"},"primaryImageOfPage":{"@id":"https:\/\/tourtravelandmore.com\/es\/tours\/italia-es\/taormina-es\/todos-los-tours-y-actividades-privadas-taormina\/tour-privado-de-taormina-y-etna-desde-taormina\/#primaryimage"},"image":{"@id":"https:\/\/tourtravelandmore.com\/es\/tours\/italia-es\/taormina-es\/todos-los-tours-y-actividades-privadas-taormina\/tour-privado-de-taormina-y-etna-desde-taormina\/#primaryimage"},"thumbnailUrl":"https:\/\/tourtravelandmore.com\/wp-content\/uploads\/2023\/03\/image3-6.jpg","datePublished":"2023-03-29T07:43:40+00:00","dateModified":"2023-09-16T14:02:45+00:00","description":"Disfrute de un tour privado de 6 horas de Taormina y Etna, mostrando la rica historia, los impresionantes paisajes y las cautivadoras atracciones de la regi\u00f3n.","breadcrumb":{"@id":"https:\/\/tourtravelandmore.com\/es\/tours\/italia-es\/taormina-es\/todos-los-tours-y-actividades-privadas-taormina\/tour-privado-de-taormina-y-etna-desde-taormina\/#breadcrumb"},"inLanguage":"es","potentialAction":[{"@type":"ReadAction","target":["https:\/\/tourtravelandmore.com\/es\/tours\/italia-es\/taormina-es\/todos-los-tours-y-actividades-privadas-taormina\/tour-privado-de-taormina-y-etna-desde-taormina\/"]}]},{"@type":"ImageObject","inLanguage":"es","@id":"https:\/\/tourtravelandmore.com\/es\/tours\/italia-es\/taormina-es\/todos-los-tours-y-actividades-privadas-taormina\/tour-privado-de-taormina-y-etna-desde-taormina\/#primaryimage","url":"https:\/\/tourtravelandmore.com\/wp-content\/uploads\/2023\/03\/image3-6.jpg","contentUrl":"https:\/\/tourtravelandmore.com\/wp-content\/uploads\/2023\/03\/image3-6.jpg","width":950,"height":750},{"@type":"BreadcrumbList","@id":"https:\/\/tourtravelandmore.com\/es\/tours\/italia-es\/taormina-es\/todos-los-tours-y-actividades-privadas-taormina\/tour-privado-de-taormina-y-etna-desde-taormina\/#breadcrumb","itemListElement":[{"@type":"ListItem","position":1,"name":"Home","item":"https:\/\/tourtravelandmore.com\/es\/"},{"@type":"ListItem","position":2,"name":"Tours","item":"https:\/\/tourtravelandmore.com\/es\/tours\/"},{"@type":"ListItem","position":3,"name":"Tour privado de Taormina y Etna desde Taormina"}]},{"@type":"WebSite","@id":"https:\/\/tourtravelandmore.com\/es\/#website","url":"https:\/\/tourtravelandmore.com\/es\/","name":"Tour Travel And More","description":"Private sightseeing tours and luxury transfers in Spain","publisher":{"@id":"https:\/\/tourtravelandmore.com\/es\/#organization"},"potentialAction":[{"@type":"SearchAction","target":{"@type":"EntryPoint","urlTemplate":"https:\/\/tourtravelandmore.com\/es\/?s={search_term_string}"},"query-input":{"@type":"PropertyValueSpecification","valueRequired":true,"valueName":"search_term_string"}}],"inLanguage":"es"},{"@type":"Organization","@id":"https:\/\/tourtravelandmore.com\/es\/#organization","name":"Tour Travel And More","url":"https:\/\/tourtravelandmore.com\/es\/","logo":{"@type":"ImageObject","inLanguage":"es","@id":"https:\/\/tourtravelandmore.com\/es\/#\/schema\/logo\/image\/","url":"https:\/\/tourtravelandmore.com\/wp-content\/uploads\/2022\/12\/cropped-logo-cabecera-new.png","contentUrl":"https:\/\/tourtravelandmore.com\/wp-content\/uploads\/2022\/12\/cropped-logo-cabecera-new.png","width":430,"height":61,"caption":"Tour Travel And More"},"image":{"@id":"https:\/\/tourtravelandmore.com\/es\/#\/schema\/logo\/image\/"},"sameAs":["https:\/\/www.facebook.com\/tourtravelandmore\/","https:\/\/x.com\/TourTravel_More"]}]}},"_links":{"self":[{"href":"https:\/\/tourtravelandmore.com\/es\/wp-json\/wp\/v2\/product\/159029","targetHints":{"allow":["GET"]}}],"collection":[{"href":"https:\/\/tourtravelandmore.com\/es\/wp-json\/wp\/v2\/product"}],"about":[{"href":"https:\/\/tourtravelandmore.com\/es\/wp-json\/wp\/v2\/types\/product"}],"replies":[{"embeddable":true,"href":"https:\/\/tourtravelandmore.com\/es\/wp-json\/wp\/v2\/comments?post=159029"}],"wp:featuredmedia":[{"embeddable":true,"href":"https:\/\/tourtravelandmore.com\/es\/wp-json\/wp\/v2\/media\/159020"}],"wp:attachment":[{"href":"https:\/\/tourtravelandmore.com\/es\/wp-json\/wp\/v2\/media?parent=159029"}],"wp:term":[{"taxonomy":"product_brand","embeddable":true,"href":"https:\/\/tourtravelandmore.com\/es\/wp-json\/wp\/v2\/product_brand?post=159029"},{"taxonomy":"product_cat","embeddable":true,"href":"https:\/\/tourtravelandmore.com\/es\/wp-json\/wp\/v2\/product_cat?post=159029"},{"taxonomy":"product_tag","embeddable":true,"href":"https:\/\/tourtravelandmore.com\/es\/wp-json\/wp\/v2\/product_tag?post=159029"}],"curies":[{"name":"wp","href":"https:\/\/api.w.org\/{rel}","templated":true}]}}