{"id":158993,"date":"2023-03-29T09:13:24","date_gmt":"2023-03-29T07:13:24","guid":{"rendered":"https:\/\/tourtravelandmore.com\/tours\/sin%20categor\u00eda\/visita-privada-a-pie-de-taormina\/"},"modified":"2023-09-16T15:53:29","modified_gmt":"2023-09-16T13:53:29","slug":"visita-privada-a-pie-de-taormina","status":"publish","type":"product","link":"https:\/\/tourtravelandmore.com\/es\/tours\/italia-es\/taormina-es\/todos-los-tours-y-actividades-privadas-taormina\/visita-privada-a-pie-de-taormina\/","title":{"rendered":"Visita privada a pie de Taormina"},"content":{"rendered":"<h2><b>Descripci\u00f3n del recorrido privado a pie por Taormina<\/b><\/h2>\n<p><span style=\"font-weight: 400;\">Experimente la belleza y el encanto de Taormina con un recorrido privado a pie dirigido por un gu\u00eda experto y amable de Tour Travel and More. Este recorrido de dos horas es la forma perfecta de explorar este impresionante destino y descubrir su fascinante historia, cultura y lugares emblem\u00e1ticos.<\/span><\/p>\n<p><span style=\"font-weight: 400;\">Su gu\u00eda privado se reunir\u00e1 con usted en un lugar c\u00e9ntrico de Taormina y le llevar\u00e1 a dar un tranquilo paseo por las encantadoras calles medievales del casco antiguo. Por el camino, descubrir\u00e1 la fascinante historia y cultura de la ciudad y visitar\u00e1 algunos de sus lugares m\u00e1s emblem\u00e1ticos.<\/span><\/p>\n<p><span style=\"font-weight: 400;\">Mientras explora la ciudad, su gu\u00eda le ofrecer\u00e1 perspicaces comentarios sobre la historia y la arquitectura de cada lugar. Aprender\u00e1 sobre la influencia de griegos, romanos y \u00e1rabes en el patrimonio cultural \u00fanico de Taormina y apreciar\u00e1 m\u00e1s profundamente el arte y la arquitectura de la ciudad. El recorrido se adapta a sus intereses y preferencias, por lo que podr\u00e1 elegir centrarse en los aspectos concretos de Taormina que m\u00e1s le interesen. Tanto si desea conocer el antiguo teatro griego, las iglesias barrocas o la bulliciosa calle principal de Corso Umberto, su gu\u00eda se asegurar\u00e1 de que tenga una experiencia agradable e informativa.<\/span><\/p>\n<h2><b>Puntos de inter\u00e9s de la visita privada a pie de Taormina<\/b><\/h2>\n<p><span style=\"font-weight: 400;\">Durante su recorrido privado a pie, su gu\u00eda le llevar\u00e1 a algunos de los puntos de inter\u00e9s m\u00e1s populares de Taormina, entre los que se incluyen:<\/span><\/p>\n<h3><b>Corso Umberto:<\/b><\/h3>\n<p><span style=\"font-weight: 400;\">Esta pintoresca calle est\u00e1 flanqueada por elegantes edificios y es el principal destino de compras de Taormina. Encontrar\u00e1 una amplia gama de tiendas que venden de todo, desde moda hasta recuerdos, as\u00ed como numerosos caf\u00e9s y restaurantes. Pasear por Corso Umberto es una actividad imprescindible cuando visite Taormina.<\/span><\/p>\n<h3><b>Plaza IX Aprile:<\/b><\/h3>\n<p><span style=\"font-weight: 400;\">Una de las plazas m\u00e1s bellas y encantadoras de Taormina, la Piazza IX Aprile es un lugar popular entre los visitantes para relajarse y contemplar las impresionantes vistas del mar y del Etna. La plaza est\u00e1 rodeada de edificios hist\u00f3ricos, como la iglesia de San Jos\u00e9 y la torre del reloj, y alberga numerosos restaurantes y caf\u00e9s.<\/span><\/p>\n<h3><b>Antiguo Teatro Griego:<\/b><\/h3>\n<p><span style=\"font-weight: 400;\">Uno de los monumentos m\u00e1s emblem\u00e1ticos de Taormina, el Antiguo Teatro Griego data del siglo III a.C. y ofrece unas vistas impresionantes del mar y el Etna. El teatro sigue en uso hoy en d\u00eda y es un lugar popular para conciertos y otros eventos culturales. Una visita a Taormina no est\u00e1 completa sin experimentar la sobrecogedora belleza del Antiguo Teatro Griego.<\/span><\/p>\n<h3><b>El Etna:<\/b><\/h3>\n<p><span style=\"font-weight: 400;\">El punto de referencia m\u00e1s famoso de Sicilia, el Etna es uno de los volcanes m\u00e1s activos del mundo y est\u00e1 declarado Patrimonio de la Humanidad por la Unesco. Con su imponente altura y sus impresionantes paisajes naturales, es un destino popular para los entusiastas de las actividades al aire libre y los aventureros. Tanto si hace senderismo hasta la cima, como si toma un telef\u00e9rico o explora los pueblos y vi\u00f1edos de los alrededores, una visita al Etna es una experiencia inolvidable.<\/span><\/p>\n<p><span style=\"font-weight: 400;\">Cada uno de estos lugares emblem\u00e1ticos tiene su propia historia que contar, y su gu\u00eda le proporcionar\u00e1 datos fascinantes y hechos hist\u00f3ricos sobre cada uno de ellos.<\/span><\/p>\n<p><b>Reserve hoy mismo su excursi\u00f3n a Taormina<\/b><\/p>\n<p><span style=\"font-weight: 400;\">Descubra la belleza y el encanto de Taormina con Tour Travel and More. <\/span><a href=\"https:\/\/tourtravelandmore.com\/es\/ciudad\/italia-es\/taormina-es\/\"><span style=\"font-weight: 400;\">Nuestros tours privados est\u00e1n dise\u00f1ados para proporcionarle una experiencia inolvidable<\/span><\/a><span style=\"font-weight: 400;\">, y ofrecemos una amplia gama de tours que se adaptan a todos los intereses y presupuestos. P\u00f3ngase en contacto con nosotros hoy mismo para saber m\u00e1s sobre nuestros tours y reservar su aventura en Taormina.<\/span><\/p>\n","protected":false},"excerpt":{"rendered":"<p><span style=\"font-weight: 400;\">Experimente la belleza y el encanto de Taormina con un recorrido privado a pie dirigido por un gu\u00eda experto y amable de Tour Travel and More. Durante el recorrido de dos horas, descubrir\u00e1 la fascinante historia y cultura de la ciudad y visitar\u00e1 algunos de sus lugares m\u00e1s emblem\u00e1ticos, como Corso Umberto, la Piazza IX Aprile, el antiguo Teatro Griego, Isola Bella y el Etna. Su gu\u00eda le ofrecer\u00e1 comentarios perspicaces y personalizar\u00e1 el recorrido seg\u00fan sus intereses y preferencias. \u00a1Reserve hoy mismo su aventura en Taormina!<\/span><\/p>\n","protected":false},"featured_media":158978,"comment_status":"open","ping_status":"closed","template":"","meta":{"_acf_changed":false},"product_brand":[],"product_cat":[4362,4379,4307],"product_tag":[],"class_list":{"0":"post-158993","1":"product","2":"type-product","3":"status-publish","4":"has-post-thumbnail","6":"product_cat-todos-los-tours-y-actividades-privadas-taormina","7":"product_cat-visitas-privadas-a-pie","8":"product_cat-taormina-es","10":"first","11":"instock","12":"shipping-taxable","13":"purchasable","14":"product-type-simple"},"acf":[],"yoast_head":"<!-- This site is optimized with the Yoast SEO Premium plugin v25.3.1 (Yoast SEO v25.3.1) - https:\/\/yoast.com\/wordpress\/plugins\/seo\/ -->\n<title>Taormina Tour Privado a Pie | Explore la ciudad con un gu\u00eda privado<\/title>\n<meta name=\"description\" content=\"Descubra el encanto y la belleza de Taormina con un recorrido privado a pie guiado por Tour Travel and More. Explore lugares populares como Corso Umberto, Piazza IX Aprile, el Antiguo Teatro Griego, Isola Bella y el Monte Etna con un gu\u00eda experto. Reserve hoy mismo su aventura en Taormina.\" \/>\n<meta name=\"robots\" content=\"index, follow, max-snippet:-1, max-image-preview:large, max-video-preview:-1\" \/>\n<link rel=\"canonical\" href=\"https:\/\/tourtravelandmore.com\/es\/tours\/italia-es\/taormina-es\/todos-los-tours-y-actividades-privadas-taormina\/visita-privada-a-pie-de-taormina\/\" \/>\n<meta property=\"og:locale\" content=\"es_ES\" \/>\n<meta property=\"og:type\" content=\"article\" \/>\n<meta property=\"og:title\" content=\"Visita privada a pie de Taormina\" \/>\n<meta property=\"og:description\" content=\"Descubra el encanto y la belleza de Taormina con un recorrido privado a pie guiado por Tour Travel and More. Explore lugares populares como Corso Umberto, Piazza IX Aprile, el Antiguo Teatro Griego, Isola Bella y el Monte Etna con un gu\u00eda experto. Reserve hoy mismo su aventura en Taormina.\" \/>\n<meta property=\"og:url\" content=\"https:\/\/tourtravelandmore.com\/es\/tours\/italia-es\/taormina-es\/todos-los-tours-y-actividades-privadas-taormina\/visita-privada-a-pie-de-taormina\/\" \/>\n<meta property=\"og:site_name\" content=\"Tour Travel And More\" \/>\n<meta property=\"article:publisher\" content=\"https:\/\/www.facebook.com\/tourtravelandmore\/\" \/>\n<meta property=\"article:modified_time\" content=\"2023-09-16T13:53:29+00:00\" \/>\n<meta property=\"og:image\" content=\"https:\/\/tourtravelandmore.com\/wp-content\/uploads\/2023\/03\/image1-4.jpg\" \/>\n\t<meta property=\"og:image:width\" content=\"950\" \/>\n\t<meta property=\"og:image:height\" content=\"750\" \/>\n\t<meta property=\"og:image:type\" content=\"image\/jpeg\" \/>\n<meta name=\"twitter:card\" content=\"summary_large_image\" \/>\n<meta name=\"twitter:site\" content=\"@TourTravel_More\" \/>\n<meta name=\"twitter:label1\" content=\"Tiempo de lectura\" \/>\n\t<meta name=\"twitter:data1\" content=\"3 minutos\" \/>\n<script type=\"application\/ld+json\" class=\"yoast-schema-graph\">{\"@context\":\"https:\/\/schema.org\",\"@graph\":[{\"@type\":\"WebPage\",\"@id\":\"https:\/\/tourtravelandmore.com\/es\/tours\/italia-es\/taormina-es\/todos-los-tours-y-actividades-privadas-taormina\/visita-privada-a-pie-de-taormina\/\",\"url\":\"https:\/\/tourtravelandmore.com\/es\/tours\/italia-es\/taormina-es\/todos-los-tours-y-actividades-privadas-taormina\/visita-privada-a-pie-de-taormina\/\",\"name\":\"Taormina Tour Privado a Pie | Explore la ciudad con un gu\u00eda privado\",\"isPartOf\":{\"@id\":\"https:\/\/tourtravelandmore.com\/es\/#website\"},\"primaryImageOfPage\":{\"@id\":\"https:\/\/tourtravelandmore.com\/es\/tours\/italia-es\/taormina-es\/todos-los-tours-y-actividades-privadas-taormina\/visita-privada-a-pie-de-taormina\/#primaryimage\"},\"image\":{\"@id\":\"https:\/\/tourtravelandmore.com\/es\/tours\/italia-es\/taormina-es\/todos-los-tours-y-actividades-privadas-taormina\/visita-privada-a-pie-de-taormina\/#primaryimage\"},\"thumbnailUrl\":\"https:\/\/tourtravelandmore.com\/wp-content\/uploads\/2023\/03\/image1-4.jpg\",\"datePublished\":\"2023-03-29T07:13:24+00:00\",\"dateModified\":\"2023-09-16T13:53:29+00:00\",\"description\":\"Descubra el encanto y la belleza de Taormina con un recorrido privado a pie guiado por Tour Travel and More. Explore lugares populares como Corso Umberto, Piazza IX Aprile, el Antiguo Teatro Griego, Isola Bella y el Monte Etna con un gu\u00eda experto. Reserve hoy mismo su aventura en Taormina.\",\"breadcrumb\":{\"@id\":\"https:\/\/tourtravelandmore.com\/es\/tours\/italia-es\/taormina-es\/todos-los-tours-y-actividades-privadas-taormina\/visita-privada-a-pie-de-taormina\/#breadcrumb\"},\"inLanguage\":\"es\",\"potentialAction\":[{\"@type\":\"ReadAction\",\"target\":[\"https:\/\/tourtravelandmore.com\/es\/tours\/italia-es\/taormina-es\/todos-los-tours-y-actividades-privadas-taormina\/visita-privada-a-pie-de-taormina\/\"]}]},{\"@type\":\"ImageObject\",\"inLanguage\":\"es\",\"@id\":\"https:\/\/tourtravelandmore.com\/es\/tours\/italia-es\/taormina-es\/todos-los-tours-y-actividades-privadas-taormina\/visita-privada-a-pie-de-taormina\/#primaryimage\",\"url\":\"https:\/\/tourtravelandmore.com\/wp-content\/uploads\/2023\/03\/image1-4.jpg\",\"contentUrl\":\"https:\/\/tourtravelandmore.com\/wp-content\/uploads\/2023\/03\/image1-4.jpg\",\"width\":950,\"height\":750},{\"@type\":\"BreadcrumbList\",\"@id\":\"https:\/\/tourtravelandmore.com\/es\/tours\/italia-es\/taormina-es\/todos-los-tours-y-actividades-privadas-taormina\/visita-privada-a-pie-de-taormina\/#breadcrumb\",\"itemListElement\":[{\"@type\":\"ListItem\",\"position\":1,\"name\":\"Home\",\"item\":\"https:\/\/tourtravelandmore.com\/es\/\"},{\"@type\":\"ListItem\",\"position\":2,\"name\":\"Tours\",\"item\":\"https:\/\/tourtravelandmore.com\/es\/tours\/\"},{\"@type\":\"ListItem\",\"position\":3,\"name\":\"Visita privada a pie de Taormina\"}]},{\"@type\":\"WebSite\",\"@id\":\"https:\/\/tourtravelandmore.com\/es\/#website\",\"url\":\"https:\/\/tourtravelandmore.com\/es\/\",\"name\":\"Tour Travel And More\",\"description\":\"Private sightseeing tours and luxury transfers in Spain\",\"publisher\":{\"@id\":\"https:\/\/tourtravelandmore.com\/es\/#organization\"},\"potentialAction\":[{\"@type\":\"SearchAction\",\"target\":{\"@type\":\"EntryPoint\",\"urlTemplate\":\"https:\/\/tourtravelandmore.com\/es\/?s={search_term_string}\"},\"query-input\":{\"@type\":\"PropertyValueSpecification\",\"valueRequired\":true,\"valueName\":\"search_term_string\"}}],\"inLanguage\":\"es\"},{\"@type\":\"Organization\",\"@id\":\"https:\/\/tourtravelandmore.com\/es\/#organization\",\"name\":\"Tour Travel And More\",\"url\":\"https:\/\/tourtravelandmore.com\/es\/\",\"logo\":{\"@type\":\"ImageObject\",\"inLanguage\":\"es\",\"@id\":\"https:\/\/tourtravelandmore.com\/es\/#\/schema\/logo\/image\/\",\"url\":\"https:\/\/tourtravelandmore.com\/wp-content\/uploads\/2022\/12\/cropped-logo-cabecera-new.png\",\"contentUrl\":\"https:\/\/tourtravelandmore.com\/wp-content\/uploads\/2022\/12\/cropped-logo-cabecera-new.png\",\"width\":430,\"height\":61,\"caption\":\"Tour Travel And More\"},\"image\":{\"@id\":\"https:\/\/tourtravelandmore.com\/es\/#\/schema\/logo\/image\/\"},\"sameAs\":[\"https:\/\/www.facebook.com\/tourtravelandmore\/\",\"https:\/\/x.com\/TourTravel_More\"]}]}<\/script>\n<!-- \/ Yoast SEO Premium plugin. -->","yoast_head_json":{"title":"Taormina Tour Privado a Pie | Explore la ciudad con un gu\u00eda privado","description":"Descubra el encanto y la belleza de Taormina con un recorrido privado a pie guiado por Tour Travel and More. Explore lugares populares como Corso Umberto, Piazza IX Aprile, el Antiguo Teatro Griego, Isola Bella y el Monte Etna con un gu\u00eda experto. Reserve hoy mismo su aventura en Taormina.","robots":{"index":"index","follow":"follow","max-snippet":"max-snippet:-1","max-image-preview":"max-image-preview:large","max-video-preview":"max-video-preview:-1"},"canonical":"https:\/\/tourtravelandmore.com\/es\/tours\/italia-es\/taormina-es\/todos-los-tours-y-actividades-privadas-taormina\/visita-privada-a-pie-de-taormina\/","og_locale":"es_ES","og_type":"article","og_title":"Visita privada a pie de Taormina","og_description":"Descubra el encanto y la belleza de Taormina con un recorrido privado a pie guiado por Tour Travel and More. Explore lugares populares como Corso Umberto, Piazza IX Aprile, el Antiguo Teatro Griego, Isola Bella y el Monte Etna con un gu\u00eda experto. Reserve hoy mismo su aventura en Taormina.","og_url":"https:\/\/tourtravelandmore.com\/es\/tours\/italia-es\/taormina-es\/todos-los-tours-y-actividades-privadas-taormina\/visita-privada-a-pie-de-taormina\/","og_site_name":"Tour Travel And More","article_publisher":"https:\/\/www.facebook.com\/tourtravelandmore\/","article_modified_time":"2023-09-16T13:53:29+00:00","og_image":[{"width":950,"height":750,"url":"https:\/\/tourtravelandmore.com\/wp-content\/uploads\/2023\/03\/image1-4.jpg","type":"image\/jpeg"}],"twitter_card":"summary_large_image","twitter_site":"@TourTravel_More","twitter_misc":{"Tiempo de lectura":"3 minutos"},"schema":{"@context":"https:\/\/schema.org","@graph":[{"@type":"WebPage","@id":"https:\/\/tourtravelandmore.com\/es\/tours\/italia-es\/taormina-es\/todos-los-tours-y-actividades-privadas-taormina\/visita-privada-a-pie-de-taormina\/","url":"https:\/\/tourtravelandmore.com\/es\/tours\/italia-es\/taormina-es\/todos-los-tours-y-actividades-privadas-taormina\/visita-privada-a-pie-de-taormina\/","name":"Taormina Tour Privado a Pie | Explore la ciudad con un gu\u00eda privado","isPartOf":{"@id":"https:\/\/tourtravelandmore.com\/es\/#website"},"primaryImageOfPage":{"@id":"https:\/\/tourtravelandmore.com\/es\/tours\/italia-es\/taormina-es\/todos-los-tours-y-actividades-privadas-taormina\/visita-privada-a-pie-de-taormina\/#primaryimage"},"image":{"@id":"https:\/\/tourtravelandmore.com\/es\/tours\/italia-es\/taormina-es\/todos-los-tours-y-actividades-privadas-taormina\/visita-privada-a-pie-de-taormina\/#primaryimage"},"thumbnailUrl":"https:\/\/tourtravelandmore.com\/wp-content\/uploads\/2023\/03\/image1-4.jpg","datePublished":"2023-03-29T07:13:24+00:00","dateModified":"2023-09-16T13:53:29+00:00","description":"Descubra el encanto y la belleza de Taormina con un recorrido privado a pie guiado por Tour Travel and More. Explore lugares populares como Corso Umberto, Piazza IX Aprile, el Antiguo Teatro Griego, Isola Bella y el Monte Etna con un gu\u00eda experto. Reserve hoy mismo su aventura en Taormina.","breadcrumb":{"@id":"https:\/\/tourtravelandmore.com\/es\/tours\/italia-es\/taormina-es\/todos-los-tours-y-actividades-privadas-taormina\/visita-privada-a-pie-de-taormina\/#breadcrumb"},"inLanguage":"es","potentialAction":[{"@type":"ReadAction","target":["https:\/\/tourtravelandmore.com\/es\/tours\/italia-es\/taormina-es\/todos-los-tours-y-actividades-privadas-taormina\/visita-privada-a-pie-de-taormina\/"]}]},{"@type":"ImageObject","inLanguage":"es","@id":"https:\/\/tourtravelandmore.com\/es\/tours\/italia-es\/taormina-es\/todos-los-tours-y-actividades-privadas-taormina\/visita-privada-a-pie-de-taormina\/#primaryimage","url":"https:\/\/tourtravelandmore.com\/wp-content\/uploads\/2023\/03\/image1-4.jpg","contentUrl":"https:\/\/tourtravelandmore.com\/wp-content\/uploads\/2023\/03\/image1-4.jpg","width":950,"height":750},{"@type":"BreadcrumbList","@id":"https:\/\/tourtravelandmore.com\/es\/tours\/italia-es\/taormina-es\/todos-los-tours-y-actividades-privadas-taormina\/visita-privada-a-pie-de-taormina\/#breadcrumb","itemListElement":[{"@type":"ListItem","position":1,"name":"Home","item":"https:\/\/tourtravelandmore.com\/es\/"},{"@type":"ListItem","position":2,"name":"Tours","item":"https:\/\/tourtravelandmore.com\/es\/tours\/"},{"@type":"ListItem","position":3,"name":"Visita privada a pie de Taormina"}]},{"@type":"WebSite","@id":"https:\/\/tourtravelandmore.com\/es\/#website","url":"https:\/\/tourtravelandmore.com\/es\/","name":"Tour Travel And More","description":"Private sightseeing tours and luxury transfers in Spain","publisher":{"@id":"https:\/\/tourtravelandmore.com\/es\/#organization"},"potentialAction":[{"@type":"SearchAction","target":{"@type":"EntryPoint","urlTemplate":"https:\/\/tourtravelandmore.com\/es\/?s={search_term_string}"},"query-input":{"@type":"PropertyValueSpecification","valueRequired":true,"valueName":"search_term_string"}}],"inLanguage":"es"},{"@type":"Organization","@id":"https:\/\/tourtravelandmore.com\/es\/#organization","name":"Tour Travel And More","url":"https:\/\/tourtravelandmore.com\/es\/","logo":{"@type":"ImageObject","inLanguage":"es","@id":"https:\/\/tourtravelandmore.com\/es\/#\/schema\/logo\/image\/","url":"https:\/\/tourtravelandmore.com\/wp-content\/uploads\/2022\/12\/cropped-logo-cabecera-new.png","contentUrl":"https:\/\/tourtravelandmore.com\/wp-content\/uploads\/2022\/12\/cropped-logo-cabecera-new.png","width":430,"height":61,"caption":"Tour Travel And More"},"image":{"@id":"https:\/\/tourtravelandmore.com\/es\/#\/schema\/logo\/image\/"},"sameAs":["https:\/\/www.facebook.com\/tourtravelandmore\/","https:\/\/x.com\/TourTravel_More"]}]}},"_links":{"self":[{"href":"https:\/\/tourtravelandmore.com\/es\/wp-json\/wp\/v2\/product\/158993","targetHints":{"allow":["GET"]}}],"collection":[{"href":"https:\/\/tourtravelandmore.com\/es\/wp-json\/wp\/v2\/product"}],"about":[{"href":"https:\/\/tourtravelandmore.com\/es\/wp-json\/wp\/v2\/types\/product"}],"replies":[{"embeddable":true,"href":"https:\/\/tourtravelandmore.com\/es\/wp-json\/wp\/v2\/comments?post=158993"}],"wp:featuredmedia":[{"embeddable":true,"href":"https:\/\/tourtravelandmore.com\/es\/wp-json\/wp\/v2\/media\/158978"}],"wp:attachment":[{"href":"https:\/\/tourtravelandmore.com\/es\/wp-json\/wp\/v2\/media?parent=158993"}],"wp:term":[{"taxonomy":"product_brand","embeddable":true,"href":"https:\/\/tourtravelandmore.com\/es\/wp-json\/wp\/v2\/product_brand?post=158993"},{"taxonomy":"product_cat","embeddable":true,"href":"https:\/\/tourtravelandmore.com\/es\/wp-json\/wp\/v2\/product_cat?post=158993"},{"taxonomy":"product_tag","embeddable":true,"href":"https:\/\/tourtravelandmore.com\/es\/wp-json\/wp\/v2\/product_tag?post=158993"}],"curies":[{"name":"wp","href":"https:\/\/api.w.org\/{rel}","templated":true}]}}