{"id":158604,"date":"2023-03-25T08:56:15","date_gmt":"2023-03-25T07:56:15","guid":{"rendered":"https:\/\/tourtravelandmore.com\/tours\/sin categor\u00eda\/traslado-privado-de-palermo-a-taormina\/"},"modified":"2023-03-25T08:56:15","modified_gmt":"2023-03-25T07:56:15","slug":"traslado-privado-de-palermo-a-taormina","status":"publish","type":"product","link":"https:\/\/tourtravelandmore.com\/es\/tours\/italia-es\/palermo-es\/traslado-privado-de-palermo-a-taormina\/","title":{"rendered":"Traslado privado de Palermo a Taormina"},"content":{"rendered":"<p><span style=\"font-weight: 400;\">\u00bfEst\u00e1 planeando visitar la impresionante ciudad de Taormina en Sicilia? Si es as\u00ed, Tour Travel and More le ofrece un servicio de traslado privado de Palermo a Taormina sin complicaciones. Si\u00e9ntese y rel\u00e1jese en un c\u00f3modo veh\u00edculo mientras se dirige a este hermoso destino.<\/span><\/p>\n<h2><b>Traslado privado de Palermo a Taormina Descripci\u00f3n<\/b><\/h2>\n<p><span style=\"font-weight: 400;\">Nuestro servicio de traslado privado de Palermo a Taormina es perfecto para quienes valoran la comodidad, el confort y la privacidad. Nuestros conductores experimentados y profesionales le recoger\u00e1n en el lugar que desee de Palermo y le llevar\u00e1n directamente a su hotel o alojamiento en Taormina.<\/span><\/p>\n<p><span style=\"font-weight: 400;\">Nuestro servicio de traslado privado est\u00e1 disponible 24 horas al d\u00eda, 7 d\u00edas a la semana, para que pueda elegir el horario que m\u00e1s le convenga. Tanto si viaja solo, en familia o en grupo, tenemos el veh\u00edculo adecuado para satisfacer sus necesidades. Le garantizamos un traslado seguro y puntual, para que pueda disfrutar de un viaje sin estr\u00e9s hasta su destino.<\/span><\/p>\n<p><span style=\"font-weight: 400;\">Reserve hoy mismo su traslado privado con Tour Travel and More y disfrute de un viaje tranquilo y c\u00f3modo de Palermo a Taormina. Con nuestro fiable servicio, podr\u00e1 sentarse, relajarse y disfrutar de los impresionantes paisajes de Sicilia.<\/span><\/p>\n<h2><b>Traslado privado de Palermo a Taormina Puntos de inter\u00e9s<\/b><\/h2>\n<p><span style=\"font-weight: 400;\">En su camino hacia Taormina, pasar\u00e1 por una serie de lugares de inter\u00e9s y puntos de referencia. Nuestros conductores conocen bien la zona y pueden proporcionarle informaci\u00f3n sobre los lugares que vea por el camino. Algunos de los puntos de inter\u00e9s m\u00e1s populares incluyen:<\/span><\/p>\n<h3><b>La catedral de Monreale:<\/b><\/h3>\n<p><span style=\"font-weight: 400;\">El interior de la catedral est\u00e1 decorado con intrincados mosaicos que representan escenas y figuras b\u00edblicas. La catedral alberga tambi\u00e9n un hermoso claustro con columnas y arcos adornados con impresionantes tallas y decoraciones.<\/span><\/p>\n<h3><b>Cefal\u00fa:<\/b><\/h3>\n<p><span style=\"font-weight: 400;\">Este encantador pueblo ofrece una mezcla de historia, cultura y belleza natural. Los visitantes pueden pasear por la playa, visitar el casco antiguo con sus estrechas calles y admirar la impresionante catedral normanda.<\/span><\/p>\n<h3><b>Castelbuono:<\/b><\/h3>\n<p><span style=\"font-weight: 400;\">La ciudad alberga un impresionante castillo medieval, que alberga un museo con exposiciones sobre la historia y las tradiciones locales. Los visitantes tambi\u00e9n pueden disfrutar de las hermosas vistas de las monta\u00f1as Madonie desde la terraza del castillo.<\/span><\/p>\n<h3><b>Antiguo Teatro Griego:<\/b><\/h3>\n<p><span style=\"font-weight: 400;\">El teatro es una de las atracciones tur\u00edsticas m\u00e1s populares de Taormina y ofrece unas vistas espectaculares del mar y del Etna. Todav\u00eda hoy se utiliza para conciertos y representaciones.<\/span><\/p>\n<h3><b>Corso Umberto:<\/b><\/h3>\n<p><span style=\"font-weight: 400;\">La calle es un destino popular para ir de compras y cenar, con una gran variedad de tiendas, restaurantes y caf\u00e9s. Los visitantes tambi\u00e9n pueden admirar la bella arquitectura de los edificios que bordean la calle.<\/span><\/p>\n<h3><b>Isola Bella:<\/b><\/h3>\n<p><span style=\"font-weight: 400;\">La isla alberga una reserva natural con una gran variedad de flora y fauna. Los visitantes pueden explorar las playas, senderos y jardines de la isla y disfrutar de las impresionantes vistas de la costa circundante.<\/span><\/p>\n<h3><b>Plaza IX Aprile:<\/b><\/h3>\n<p><span style=\"font-weight: 400;\">La plaza est\u00e1 rodeada de bellos edificios barrocos y ofrece unas vistas impresionantes del mar y del Etna. Los visitantes pueden relajarse en uno de los caf\u00e9s o restaurantes y empaparse de la belleza de la arquitectura y el paisaje circundantes.<\/span><\/p>\n<h3><b>Monte Etna:<\/b><\/h3>\n<p><span style=\"font-weight: 400;\">El volc\u00e1n es Patrimonio de la Humanidad de la UNESCO y uno de los lugares m\u00e1s emblem\u00e1ticos de Sicilia. Los visitantes pueden explorar los campos de lava, los cr\u00e1teres y los impresionantes paisajes naturales del volc\u00e1n, y aprender sobre su geolog\u00eda e historia de la mano de gu\u00edas expertos.<\/span><\/p>\n<p><span style=\"font-weight: 400;\">No pierda la oportunidad de explorar los impresionantes monumentos y paisajes naturales de Taormina. Reserve hoy mismo una excursi\u00f3n privada con Tour Travel and More y <\/span><span style=\"font-weight: 400;\">descubra lo mejor de Sicilia.<\/span><\/p>\n<p><b>Reserve su tour privado de Taormina con Tour Travel and More y descubra lo mejor de esta impresionante ciudad. P\u00f3ngase en contacto con nosotros hoy mismo para saber m\u00e1s sobre nuestras opciones de tours privados.<\/b><\/p>\n","protected":false},"excerpt":{"rendered":"<p><span style=\"font-weight: 400;\">\u00bfEst\u00e1 planeando visitar la impresionante ciudad de Taormina en Sicilia? Si es as\u00ed, Tour Travel and More le ofrece un servicio de traslado privado de Palermo a Taormina sin complicaciones. Si\u00e9ntese y rel\u00e1jese en un c\u00f3modo veh\u00edculo mientras se dirige a este hermoso destino.<\/span><\/p>\n","protected":false},"featured_media":62133,"comment_status":"open","ping_status":"closed","template":"","meta":{"_acf_changed":false},"product_brand":[],"product_cat":[699,705],"product_tag":[],"class_list":{"0":"post-158604","1":"product","2":"type-product","3":"status-publish","4":"has-post-thumbnail","6":"product_cat-palermo-es","7":"product_cat-palermo-actividades-es","9":"first","10":"instock","11":"shipping-taxable","12":"purchasable","13":"product-type-simple"},"acf":[],"yoast_head":"<!-- This site is optimized with the Yoast SEO Premium plugin v25.3.1 (Yoast SEO v25.3.1) - https:\/\/yoast.com\/wordpress\/plugins\/seo\/ -->\n<title>Traslado privado de Palermo a Taormina | Tour Travel and More<\/title>\n<meta name=\"description\" content=\"Disfrute de un traslado privado de Palermo a Taormina con Tour Travel and More. Descubra los monumentos populares y lugares de inter\u00e9s de Taormina con nuestros gu\u00edas expertos.\" \/>\n<meta name=\"robots\" content=\"index, follow, max-snippet:-1, max-image-preview:large, max-video-preview:-1\" \/>\n<link rel=\"canonical\" href=\"https:\/\/tourtravelandmore.com\/es\/tours\/italia-es\/palermo-es\/traslado-privado-de-palermo-a-taormina\/\" \/>\n<meta property=\"og:locale\" content=\"es_ES\" \/>\n<meta property=\"og:type\" content=\"article\" \/>\n<meta property=\"og:title\" content=\"Traslado privado de Palermo a Taormina\" \/>\n<meta property=\"og:description\" content=\"Disfrute de un traslado privado de Palermo a Taormina con Tour Travel and More. Descubra los monumentos populares y lugares de inter\u00e9s de Taormina con nuestros gu\u00edas expertos.\" \/>\n<meta property=\"og:url\" content=\"https:\/\/tourtravelandmore.com\/es\/tours\/italia-es\/palermo-es\/traslado-privado-de-palermo-a-taormina\/\" \/>\n<meta property=\"og:site_name\" content=\"Tour Travel And More\" \/>\n<meta property=\"article:publisher\" content=\"https:\/\/www.facebook.com\/tourtravelandmore\/\" \/>\n<meta property=\"og:image\" content=\"https:\/\/tourtravelandmore.com\/wp-content\/uploads\/2019\/07\/Cars-1-1024x683.jpg\" \/>\n\t<meta property=\"og:image:width\" content=\"1024\" \/>\n\t<meta property=\"og:image:height\" content=\"683\" \/>\n\t<meta property=\"og:image:type\" content=\"image\/jpeg\" \/>\n<meta name=\"twitter:card\" content=\"summary_large_image\" \/>\n<meta name=\"twitter:site\" content=\"@TourTravel_More\" \/>\n<meta name=\"twitter:label1\" content=\"Tiempo de lectura\" \/>\n\t<meta name=\"twitter:data1\" content=\"3 minutos\" \/>\n<script type=\"application\/ld+json\" class=\"yoast-schema-graph\">{\"@context\":\"https:\/\/schema.org\",\"@graph\":[{\"@type\":\"WebPage\",\"@id\":\"https:\/\/tourtravelandmore.com\/es\/tours\/italia-es\/palermo-es\/traslado-privado-de-palermo-a-taormina\/\",\"url\":\"https:\/\/tourtravelandmore.com\/es\/tours\/italia-es\/palermo-es\/traslado-privado-de-palermo-a-taormina\/\",\"name\":\"Traslado privado de Palermo a Taormina | Tour Travel and More\",\"isPartOf\":{\"@id\":\"https:\/\/tourtravelandmore.com\/es\/#website\"},\"primaryImageOfPage\":{\"@id\":\"https:\/\/tourtravelandmore.com\/es\/tours\/italia-es\/palermo-es\/traslado-privado-de-palermo-a-taormina\/#primaryimage\"},\"image\":{\"@id\":\"https:\/\/tourtravelandmore.com\/es\/tours\/italia-es\/palermo-es\/traslado-privado-de-palermo-a-taormina\/#primaryimage\"},\"thumbnailUrl\":\"https:\/\/tourtravelandmore.com\/wp-content\/uploads\/2019\/07\/Cars-1.jpg\",\"datePublished\":\"2023-03-25T07:56:15+00:00\",\"description\":\"Disfrute de un traslado privado de Palermo a Taormina con Tour Travel and More. Descubra los monumentos populares y lugares de inter\u00e9s de Taormina con nuestros gu\u00edas expertos.\",\"breadcrumb\":{\"@id\":\"https:\/\/tourtravelandmore.com\/es\/tours\/italia-es\/palermo-es\/traslado-privado-de-palermo-a-taormina\/#breadcrumb\"},\"inLanguage\":\"es\",\"potentialAction\":[{\"@type\":\"ReadAction\",\"target\":[\"https:\/\/tourtravelandmore.com\/es\/tours\/italia-es\/palermo-es\/traslado-privado-de-palermo-a-taormina\/\"]}]},{\"@type\":\"ImageObject\",\"inLanguage\":\"es\",\"@id\":\"https:\/\/tourtravelandmore.com\/es\/tours\/italia-es\/palermo-es\/traslado-privado-de-palermo-a-taormina\/#primaryimage\",\"url\":\"https:\/\/tourtravelandmore.com\/wp-content\/uploads\/2019\/07\/Cars-1.jpg\",\"contentUrl\":\"https:\/\/tourtravelandmore.com\/wp-content\/uploads\/2019\/07\/Cars-1.jpg\",\"width\":3990,\"height\":2660},{\"@type\":\"BreadcrumbList\",\"@id\":\"https:\/\/tourtravelandmore.com\/es\/tours\/italia-es\/palermo-es\/traslado-privado-de-palermo-a-taormina\/#breadcrumb\",\"itemListElement\":[{\"@type\":\"ListItem\",\"position\":1,\"name\":\"Home\",\"item\":\"https:\/\/tourtravelandmore.com\/es\/\"},{\"@type\":\"ListItem\",\"position\":2,\"name\":\"Tours\",\"item\":\"https:\/\/tourtravelandmore.com\/es\/tours\/\"},{\"@type\":\"ListItem\",\"position\":3,\"name\":\"Traslado privado de Palermo a Taormina\"}]},{\"@type\":\"WebSite\",\"@id\":\"https:\/\/tourtravelandmore.com\/es\/#website\",\"url\":\"https:\/\/tourtravelandmore.com\/es\/\",\"name\":\"Tour Travel And More\",\"description\":\"Private sightseeing tours and luxury transfers in Spain\",\"publisher\":{\"@id\":\"https:\/\/tourtravelandmore.com\/es\/#organization\"},\"potentialAction\":[{\"@type\":\"SearchAction\",\"target\":{\"@type\":\"EntryPoint\",\"urlTemplate\":\"https:\/\/tourtravelandmore.com\/es\/?s={search_term_string}\"},\"query-input\":{\"@type\":\"PropertyValueSpecification\",\"valueRequired\":true,\"valueName\":\"search_term_string\"}}],\"inLanguage\":\"es\"},{\"@type\":\"Organization\",\"@id\":\"https:\/\/tourtravelandmore.com\/es\/#organization\",\"name\":\"Tour Travel And More\",\"url\":\"https:\/\/tourtravelandmore.com\/es\/\",\"logo\":{\"@type\":\"ImageObject\",\"inLanguage\":\"es\",\"@id\":\"https:\/\/tourtravelandmore.com\/es\/#\/schema\/logo\/image\/\",\"url\":\"https:\/\/tourtravelandmore.com\/wp-content\/uploads\/2022\/12\/cropped-logo-cabecera-new.png\",\"contentUrl\":\"https:\/\/tourtravelandmore.com\/wp-content\/uploads\/2022\/12\/cropped-logo-cabecera-new.png\",\"width\":430,\"height\":61,\"caption\":\"Tour Travel And More\"},\"image\":{\"@id\":\"https:\/\/tourtravelandmore.com\/es\/#\/schema\/logo\/image\/\"},\"sameAs\":[\"https:\/\/www.facebook.com\/tourtravelandmore\/\",\"https:\/\/x.com\/TourTravel_More\"]}]}<\/script>\n<!-- \/ Yoast SEO Premium plugin. -->","yoast_head_json":{"title":"Traslado privado de Palermo a Taormina | Tour Travel and More","description":"Disfrute de un traslado privado de Palermo a Taormina con Tour Travel and More. Descubra los monumentos populares y lugares de inter\u00e9s de Taormina con nuestros gu\u00edas expertos.","robots":{"index":"index","follow":"follow","max-snippet":"max-snippet:-1","max-image-preview":"max-image-preview:large","max-video-preview":"max-video-preview:-1"},"canonical":"https:\/\/tourtravelandmore.com\/es\/tours\/italia-es\/palermo-es\/traslado-privado-de-palermo-a-taormina\/","og_locale":"es_ES","og_type":"article","og_title":"Traslado privado de Palermo a Taormina","og_description":"Disfrute de un traslado privado de Palermo a Taormina con Tour Travel and More. Descubra los monumentos populares y lugares de inter\u00e9s de Taormina con nuestros gu\u00edas expertos.","og_url":"https:\/\/tourtravelandmore.com\/es\/tours\/italia-es\/palermo-es\/traslado-privado-de-palermo-a-taormina\/","og_site_name":"Tour Travel And More","article_publisher":"https:\/\/www.facebook.com\/tourtravelandmore\/","og_image":[{"width":1024,"height":683,"url":"https:\/\/tourtravelandmore.com\/wp-content\/uploads\/2019\/07\/Cars-1-1024x683.jpg","type":"image\/jpeg"}],"twitter_card":"summary_large_image","twitter_site":"@TourTravel_More","twitter_misc":{"Tiempo de lectura":"3 minutos"},"schema":{"@context":"https:\/\/schema.org","@graph":[{"@type":"WebPage","@id":"https:\/\/tourtravelandmore.com\/es\/tours\/italia-es\/palermo-es\/traslado-privado-de-palermo-a-taormina\/","url":"https:\/\/tourtravelandmore.com\/es\/tours\/italia-es\/palermo-es\/traslado-privado-de-palermo-a-taormina\/","name":"Traslado privado de Palermo a Taormina | Tour Travel and More","isPartOf":{"@id":"https:\/\/tourtravelandmore.com\/es\/#website"},"primaryImageOfPage":{"@id":"https:\/\/tourtravelandmore.com\/es\/tours\/italia-es\/palermo-es\/traslado-privado-de-palermo-a-taormina\/#primaryimage"},"image":{"@id":"https:\/\/tourtravelandmore.com\/es\/tours\/italia-es\/palermo-es\/traslado-privado-de-palermo-a-taormina\/#primaryimage"},"thumbnailUrl":"https:\/\/tourtravelandmore.com\/wp-content\/uploads\/2019\/07\/Cars-1.jpg","datePublished":"2023-03-25T07:56:15+00:00","description":"Disfrute de un traslado privado de Palermo a Taormina con Tour Travel and More. Descubra los monumentos populares y lugares de inter\u00e9s de Taormina con nuestros gu\u00edas expertos.","breadcrumb":{"@id":"https:\/\/tourtravelandmore.com\/es\/tours\/italia-es\/palermo-es\/traslado-privado-de-palermo-a-taormina\/#breadcrumb"},"inLanguage":"es","potentialAction":[{"@type":"ReadAction","target":["https:\/\/tourtravelandmore.com\/es\/tours\/italia-es\/palermo-es\/traslado-privado-de-palermo-a-taormina\/"]}]},{"@type":"ImageObject","inLanguage":"es","@id":"https:\/\/tourtravelandmore.com\/es\/tours\/italia-es\/palermo-es\/traslado-privado-de-palermo-a-taormina\/#primaryimage","url":"https:\/\/tourtravelandmore.com\/wp-content\/uploads\/2019\/07\/Cars-1.jpg","contentUrl":"https:\/\/tourtravelandmore.com\/wp-content\/uploads\/2019\/07\/Cars-1.jpg","width":3990,"height":2660},{"@type":"BreadcrumbList","@id":"https:\/\/tourtravelandmore.com\/es\/tours\/italia-es\/palermo-es\/traslado-privado-de-palermo-a-taormina\/#breadcrumb","itemListElement":[{"@type":"ListItem","position":1,"name":"Home","item":"https:\/\/tourtravelandmore.com\/es\/"},{"@type":"ListItem","position":2,"name":"Tours","item":"https:\/\/tourtravelandmore.com\/es\/tours\/"},{"@type":"ListItem","position":3,"name":"Traslado privado de Palermo a Taormina"}]},{"@type":"WebSite","@id":"https:\/\/tourtravelandmore.com\/es\/#website","url":"https:\/\/tourtravelandmore.com\/es\/","name":"Tour Travel And More","description":"Private sightseeing tours and luxury transfers in Spain","publisher":{"@id":"https:\/\/tourtravelandmore.com\/es\/#organization"},"potentialAction":[{"@type":"SearchAction","target":{"@type":"EntryPoint","urlTemplate":"https:\/\/tourtravelandmore.com\/es\/?s={search_term_string}"},"query-input":{"@type":"PropertyValueSpecification","valueRequired":true,"valueName":"search_term_string"}}],"inLanguage":"es"},{"@type":"Organization","@id":"https:\/\/tourtravelandmore.com\/es\/#organization","name":"Tour Travel And More","url":"https:\/\/tourtravelandmore.com\/es\/","logo":{"@type":"ImageObject","inLanguage":"es","@id":"https:\/\/tourtravelandmore.com\/es\/#\/schema\/logo\/image\/","url":"https:\/\/tourtravelandmore.com\/wp-content\/uploads\/2022\/12\/cropped-logo-cabecera-new.png","contentUrl":"https:\/\/tourtravelandmore.com\/wp-content\/uploads\/2022\/12\/cropped-logo-cabecera-new.png","width":430,"height":61,"caption":"Tour Travel And More"},"image":{"@id":"https:\/\/tourtravelandmore.com\/es\/#\/schema\/logo\/image\/"},"sameAs":["https:\/\/www.facebook.com\/tourtravelandmore\/","https:\/\/x.com\/TourTravel_More"]}]}},"_links":{"self":[{"href":"https:\/\/tourtravelandmore.com\/es\/wp-json\/wp\/v2\/product\/158604","targetHints":{"allow":["GET"]}}],"collection":[{"href":"https:\/\/tourtravelandmore.com\/es\/wp-json\/wp\/v2\/product"}],"about":[{"href":"https:\/\/tourtravelandmore.com\/es\/wp-json\/wp\/v2\/types\/product"}],"replies":[{"embeddable":true,"href":"https:\/\/tourtravelandmore.com\/es\/wp-json\/wp\/v2\/comments?post=158604"}],"wp:featuredmedia":[{"embeddable":true,"href":"https:\/\/tourtravelandmore.com\/es\/wp-json\/wp\/v2\/media\/62133"}],"wp:attachment":[{"href":"https:\/\/tourtravelandmore.com\/es\/wp-json\/wp\/v2\/media?parent=158604"}],"wp:term":[{"taxonomy":"product_brand","embeddable":true,"href":"https:\/\/tourtravelandmore.com\/es\/wp-json\/wp\/v2\/product_brand?post=158604"},{"taxonomy":"product_cat","embeddable":true,"href":"https:\/\/tourtravelandmore.com\/es\/wp-json\/wp\/v2\/product_cat?post=158604"},{"taxonomy":"product_tag","embeddable":true,"href":"https:\/\/tourtravelandmore.com\/es\/wp-json\/wp\/v2\/product_tag?post=158604"}],"curies":[{"name":"wp","href":"https:\/\/api.w.org\/{rel}","templated":true}]}}