{"id":158547,"date":"2023-03-25T08:33:16","date_gmt":"2023-03-25T07:33:19","guid":{"rendered":"https:\/\/tourtravelandmore.com\/?post_type=product&#038;p=158547"},"modified":"2023-03-25T08:41:32","modified_gmt":"2023-03-25T07:41:32","slug":"excursion-privada-al-etna-y-mesina-desde-un-hotel-o-puerto-de-cruceros-en-mesina","status":"publish","type":"product","link":"https:\/\/tourtravelandmore.com\/es\/tours\/italia-es\/messina-es\/todos-los-tours-y-actividades-privadas-es\/excursion-privada-al-etna-y-mesina-desde-un-hotel-o-puerto-de-cruceros-en-mesina\/","title":{"rendered":"Excursi\u00f3n privada al Etna y Mesina desde un hotel o puerto de cruceros en Mesina"},"content":{"rendered":"<h2><b>Tour privado del Etna y Messina desde un hotel o puerto de cruceros en Messina Descripci\u00f3n<\/b><\/h2>\n<p><span style=\"font-weight: 400;\">Explore los bellos paisajes sicilianos con nuestro tour privado del Etna y Mesina. Nuestro gu\u00eda experto te recoger\u00e1 en tu hotel o en el puerto de cruceros de Messina y te llevar\u00e1 en un viaje inolvidable de 8 horas.<\/span><\/p>\n<p><span style=\"font-weight: 400;\">Tendr\u00e1 la oportunidad de ver algunos de los lugares m\u00e1s impresionantes de la regi\u00f3n, como el majestuoso Monte Etna, el volc\u00e1n activo m\u00e1s alto de Europa, y la encantadora ciudad de Mesina, conocida por su rico patrimonio cultural y su impresionante arquitectura. Nuestro tour privado ofrece la flexibilidad de personalizar su itinerario seg\u00fan sus preferencias, asegur\u00e1ndole que aprovecha al m\u00e1ximo su tiempo en esta hermosa parte de Italia. Tanto si es un amante de la naturaleza, un aficionado a la historia, o simplemente busca un d\u00eda de relax, nuestro tour privado del Etna y Mesina es la manera perfecta de experimentar lo mejor de Sicilia.<\/span><\/p>\n<h2><b>Tour privado del Etna y Messina desde el hotel o puerto de cruceros en Messina puntos de inter\u00e9s<\/b><\/h2>\n<p><span style=\"font-weight: 400;\">Durante este exclusivo tour privado, se embarcar\u00e1 en un viaje a trav\u00e9s de los impresionantes paisajes del Etna y Messina, acompa\u00f1ado por nuestro gu\u00eda experto. El tour incluye la visita a algunos de los monumentos y lugares de inter\u00e9s m\u00e1s codiciados de estos dos hermosos destinos, ofreci\u00e9ndole una experiencia inolvidable.<\/span><\/p>\n<h3><b>Volc\u00e1n Etna:<\/b><\/h3>\n<p><span style=\"font-weight: 400;\">El volc\u00e1n Etna es uno de los m\u00e1s activos del mundo y Patrimonio de la Humanidad de la UNESCO. Nuestra excursi\u00f3n privada le llevar\u00e1 a la cima del volc\u00e1n, donde podr\u00e1 admirar las impresionantes vistas panor\u00e1micas del paisaje circundante. Tambi\u00e9n conocer\u00e1 la historia geol\u00f3gica de la zona y las diversas erupciones del volc\u00e1n a lo largo de la historia. Nuestro experto gu\u00eda tambi\u00e9n compartir\u00e1 informaci\u00f3n sobre la flora y fauna locales y c\u00f3mo se han adaptado al entorno \u00fanico del volc\u00e1n.<\/span><\/p>\n<h3><b>Monte Soro:<\/b><\/h3>\n<p><span style=\"font-weight: 400;\">El Monte Soro es la monta\u00f1a m\u00e1s alta de los Montes Nebrodi y ofrece algunas de las vistas m\u00e1s impresionantes de Sicilia. Nuestra excursi\u00f3n privada le llevar\u00e1 a la cima del Monte Soro, donde podr\u00e1 disfrutar del hermoso paisaje y aprender sobre la historia y la cultura de la zona. Tambi\u00e9n tendr\u00e1 la oportunidad de visitar las aldeas locales y conocer a los amables lugare\u00f1os, conocidos por su artesan\u00eda y cocina tradicionales. Nuestro gu\u00eda experto compartir\u00e1 con usted sus conocimientos sobre la cultura y las tradiciones locales, as\u00ed como sobre la flora y la fauna \u00fanicas de la zona.<\/span><\/p>\n<h3><b>Gole dell&#8217;Alcantara:<\/b><\/h3>\n<p><span style=\"font-weight: 400;\">El Gole dell&#8217;Alcantara es un impresionante ca\u00f1\u00f3n natural formado por el r\u00edo Alc\u00e1ntara. Nuestra excursi\u00f3n privada le llevar\u00e1 en un recorrido a pie por el ca\u00f1\u00f3n, donde podr\u00e1 admirar las impresionantes formaciones rocosas y las aguas cristalinas. Tambi\u00e9n tendr\u00e1 la oportunidad de ba\u00f1arse en las refrescantes piscinas naturales y conocer la historia geol\u00f3gica del ca\u00f1\u00f3n. Nuestro gu\u00eda experto compartir\u00e1 informaci\u00f3n sobre la flora y fauna locales y c\u00f3mo se han adaptado al entorno \u00fanico del ca\u00f1\u00f3n.<\/span><\/p>\n<h3><b>Taormina:<\/b><\/h3>\n<p><span style=\"font-weight: 400;\">Taormina es una de las ciudades m\u00e1s bellas y pintorescas de Sicilia. Nuestro tour privado le llevar\u00e1 en un recorrido a pie por la ciudad, donde podr\u00e1 explorar sus encantadoras calles, visitar sus lugares hist\u00f3ricos y disfrutar de sus impresionantes vistas. Tambi\u00e9n tendr\u00e1 la oportunidad de probar la cocina local en algunos de los mejores restaurantes y caf\u00e9s de la ciudad. Nuestro gu\u00eda compartir\u00e1 con usted informaci\u00f3n sobre la fascinante historia de la ciudad, incluidas sus antiguas ruinas griegas y romanas y su arquitectura medieval y renacentista.<\/span><\/p>\n<h3><b>Catedral de Mesina:<\/b><\/h3>\n<p><span style=\"font-weight: 400;\">La Catedral de Mesina es uno de los lugares religiosos m\u00e1s importantes de Sicilia. Nuestro tour privado le llevar\u00e1 en una visita guiada a la catedral, donde podr\u00e1 admirar su hermosa arquitectura y aprender sobre su fascinante historia. Tambi\u00e9n tendr\u00e1 la oportunidad de visitar otros importantes lugares religiosos de la zona, como la Iglesia de la Santissima Annunziata dei Catalani y la Iglesia de Santa Maria degli Alemanni. Nuestro gu\u00eda experto compartir\u00e1 informaci\u00f3n sobre la historia religiosa y las tradiciones de la zona, as\u00ed como sobre el arte y la arquitectura de la catedral y otros lugares importantes.<\/span><\/p>\n<p><span style=\"font-weight: 400;\">No olvide consultar nuestros otros <\/span><a href=\"https:\/\/tourtravelandmore.com\/es\/ciudad\/italia-es\/messina-es\/\"><span style=\"font-weight: 400;\">tours privados en Messina y Taormina<\/span><\/a><span style=\"font-weight: 400;\"> en el sitio web de Tour Travel and More. Reserve hoy mismo su tour privado y experimente la belleza y la cultura de Sicilia de una forma personalizada e inolvidable.<\/span><\/p>\n<p><span style=\"font-weight: 400;\">En conclusi\u00f3n, nuestro tour privado del Etna y Messina es una experiencia \u00fanica e inolvidable que te llevar\u00e1 de viaje por algunos de los paisajes y lugares hist\u00f3ricos m\u00e1s bellos de Sicilia. Con nuestro gu\u00eda experto y nuestro veh\u00edculo de lujo, puede estar seguro de que disfrutar\u00e1 de una excursi\u00f3n c\u00f3moda y agradable, adaptada a sus intereses y preferencias. Reserve su excursi\u00f3n hoy mismo y prep\u00e1rese para explorar Sicilia como nunca antes.<\/span><\/p>\n","protected":false},"excerpt":{"rendered":"<p><span style=\"font-weight: 400;\">Experimente las maravillas naturales y culturales de Sicilia con nuestro tour privado del Etna y Messina. Nuestro gu\u00eda experto te llevar\u00e1 en un viaje de 8 horas por algunos de los paisajes y lugares hist\u00f3ricos m\u00e1s bellos de Sicilia, como el volc\u00e1n Etna, Monte Soro, Gole dell&#8217;Alcantara, Taormina y la catedral de Messina. Reserve hoy mismo su excursi\u00f3n y prep\u00e1rese para explorar Sicilia como nunca antes.<\/span><\/p>\n","protected":false},"featured_media":158572,"comment_status":"open","ping_status":"closed","template":"","meta":{"_acf_changed":false},"product_brand":[],"product_cat":[1608,4168,4185,4178,4187],"product_tag":[],"class_list":{"0":"post-158547","1":"product","2":"type-product","3":"status-publish","4":"has-post-thumbnail","6":"product_cat-italia-es","7":"product_cat-messina-es","8":"product_cat-excursiones-privadas-en-tierra-es","9":"product_cat-todos-los-tours-y-actividades-privadas-es","10":"product_cat-visitas-turisticas-privadas-es","12":"first","13":"instock","14":"shipping-taxable","15":"purchasable","16":"product-type-simple"},"acf":[],"yoast_head":"<!-- This site is optimized with the Yoast SEO Premium plugin v25.3.1 (Yoast SEO v25.3.1) - https:\/\/yoast.com\/wordpress\/plugins\/seo\/ -->\n<title>Tour Privado del Etna y Messina desde Hotel o Puerto de Cruceros en Messina | Tour Travel and More<\/title>\n<meta name=\"description\" content=\"Descubre las maravillas naturales y culturales de Sicilia con nuestro tour privado del Etna y Messina. Reserva tu tour hoy y explora Sicilia como nunca antes con Tour Travel and More.\" \/>\n<meta name=\"robots\" content=\"index, follow, max-snippet:-1, max-image-preview:large, max-video-preview:-1\" \/>\n<link rel=\"canonical\" href=\"https:\/\/tourtravelandmore.com\/es\/tours\/italia-es\/messina-es\/todos-los-tours-y-actividades-privadas-es\/excursion-privada-al-etna-y-mesina-desde-un-hotel-o-puerto-de-cruceros-en-mesina\/\" \/>\n<meta property=\"og:locale\" content=\"es_ES\" \/>\n<meta property=\"og:type\" content=\"article\" \/>\n<meta property=\"og:title\" content=\"Excursi\u00f3n privada al Etna y Mesina desde un hotel o puerto de cruceros en Mesina\" \/>\n<meta property=\"og:description\" content=\"Descubre las maravillas naturales y culturales de Sicilia con nuestro tour privado del Etna y Messina. Reserva tu tour hoy y explora Sicilia como nunca antes con Tour Travel and More.\" \/>\n<meta property=\"og:url\" content=\"https:\/\/tourtravelandmore.com\/es\/tours\/italia-es\/messina-es\/todos-los-tours-y-actividades-privadas-es\/excursion-privada-al-etna-y-mesina-desde-un-hotel-o-puerto-de-cruceros-en-mesina\/\" \/>\n<meta property=\"og:site_name\" content=\"Tour Travel And More\" \/>\n<meta property=\"article:publisher\" content=\"https:\/\/www.facebook.com\/tourtravelandmore\/\" \/>\n<meta property=\"article:modified_time\" content=\"2023-03-25T07:41:32+00:00\" \/>\n<meta property=\"og:image\" content=\"https:\/\/tourtravelandmore.com\/wp-content\/uploads\/2023\/03\/image3-3.jpg\" \/>\n\t<meta property=\"og:image:width\" content=\"950\" \/>\n\t<meta property=\"og:image:height\" content=\"750\" \/>\n\t<meta property=\"og:image:type\" content=\"image\/jpeg\" \/>\n<meta name=\"twitter:card\" content=\"summary_large_image\" \/>\n<meta name=\"twitter:site\" content=\"@TourTravel_More\" \/>\n<meta name=\"twitter:label1\" content=\"Tiempo de lectura\" \/>\n\t<meta name=\"twitter:data1\" content=\"2 minutos\" \/>\n<script type=\"application\/ld+json\" class=\"yoast-schema-graph\">{\"@context\":\"https:\/\/schema.org\",\"@graph\":[{\"@type\":\"WebPage\",\"@id\":\"https:\/\/tourtravelandmore.com\/es\/tours\/italia-es\/messina-es\/todos-los-tours-y-actividades-privadas-es\/excursion-privada-al-etna-y-mesina-desde-un-hotel-o-puerto-de-cruceros-en-mesina\/\",\"url\":\"https:\/\/tourtravelandmore.com\/es\/tours\/italia-es\/messina-es\/todos-los-tours-y-actividades-privadas-es\/excursion-privada-al-etna-y-mesina-desde-un-hotel-o-puerto-de-cruceros-en-mesina\/\",\"name\":\"Tour Privado del Etna y Messina desde Hotel o Puerto de Cruceros en Messina | Tour Travel and More\",\"isPartOf\":{\"@id\":\"https:\/\/tourtravelandmore.com\/es\/#website\"},\"primaryImageOfPage\":{\"@id\":\"https:\/\/tourtravelandmore.com\/es\/tours\/italia-es\/messina-es\/todos-los-tours-y-actividades-privadas-es\/excursion-privada-al-etna-y-mesina-desde-un-hotel-o-puerto-de-cruceros-en-mesina\/#primaryimage\"},\"image\":{\"@id\":\"https:\/\/tourtravelandmore.com\/es\/tours\/italia-es\/messina-es\/todos-los-tours-y-actividades-privadas-es\/excursion-privada-al-etna-y-mesina-desde-un-hotel-o-puerto-de-cruceros-en-mesina\/#primaryimage\"},\"thumbnailUrl\":\"https:\/\/tourtravelandmore.com\/wp-content\/uploads\/2023\/03\/image3-3.jpg\",\"datePublished\":\"2023-03-25T07:33:19+00:00\",\"dateModified\":\"2023-03-25T07:41:32+00:00\",\"description\":\"Descubre las maravillas naturales y culturales de Sicilia con nuestro tour privado del Etna y Messina. Reserva tu tour hoy y explora Sicilia como nunca antes con Tour Travel and More.\",\"breadcrumb\":{\"@id\":\"https:\/\/tourtravelandmore.com\/es\/tours\/italia-es\/messina-es\/todos-los-tours-y-actividades-privadas-es\/excursion-privada-al-etna-y-mesina-desde-un-hotel-o-puerto-de-cruceros-en-mesina\/#breadcrumb\"},\"inLanguage\":\"es\",\"potentialAction\":[{\"@type\":\"ReadAction\",\"target\":[\"https:\/\/tourtravelandmore.com\/es\/tours\/italia-es\/messina-es\/todos-los-tours-y-actividades-privadas-es\/excursion-privada-al-etna-y-mesina-desde-un-hotel-o-puerto-de-cruceros-en-mesina\/\"]}]},{\"@type\":\"ImageObject\",\"inLanguage\":\"es\",\"@id\":\"https:\/\/tourtravelandmore.com\/es\/tours\/italia-es\/messina-es\/todos-los-tours-y-actividades-privadas-es\/excursion-privada-al-etna-y-mesina-desde-un-hotel-o-puerto-de-cruceros-en-mesina\/#primaryimage\",\"url\":\"https:\/\/tourtravelandmore.com\/wp-content\/uploads\/2023\/03\/image3-3.jpg\",\"contentUrl\":\"https:\/\/tourtravelandmore.com\/wp-content\/uploads\/2023\/03\/image3-3.jpg\",\"width\":950,\"height\":750},{\"@type\":\"BreadcrumbList\",\"@id\":\"https:\/\/tourtravelandmore.com\/es\/tours\/italia-es\/messina-es\/todos-los-tours-y-actividades-privadas-es\/excursion-privada-al-etna-y-mesina-desde-un-hotel-o-puerto-de-cruceros-en-mesina\/#breadcrumb\",\"itemListElement\":[{\"@type\":\"ListItem\",\"position\":1,\"name\":\"Home\",\"item\":\"https:\/\/tourtravelandmore.com\/es\/\"},{\"@type\":\"ListItem\",\"position\":2,\"name\":\"Tours\",\"item\":\"https:\/\/tourtravelandmore.com\/es\/tours\/\"},{\"@type\":\"ListItem\",\"position\":3,\"name\":\"Excursi\u00f3n privada al Etna y Mesina desde un hotel o puerto de cruceros en Mesina\"}]},{\"@type\":\"WebSite\",\"@id\":\"https:\/\/tourtravelandmore.com\/es\/#website\",\"url\":\"https:\/\/tourtravelandmore.com\/es\/\",\"name\":\"Tour Travel And More\",\"description\":\"Private sightseeing tours and luxury transfers in Spain\",\"publisher\":{\"@id\":\"https:\/\/tourtravelandmore.com\/es\/#organization\"},\"potentialAction\":[{\"@type\":\"SearchAction\",\"target\":{\"@type\":\"EntryPoint\",\"urlTemplate\":\"https:\/\/tourtravelandmore.com\/es\/?s={search_term_string}\"},\"query-input\":{\"@type\":\"PropertyValueSpecification\",\"valueRequired\":true,\"valueName\":\"search_term_string\"}}],\"inLanguage\":\"es\"},{\"@type\":\"Organization\",\"@id\":\"https:\/\/tourtravelandmore.com\/es\/#organization\",\"name\":\"Tour Travel And More\",\"url\":\"https:\/\/tourtravelandmore.com\/es\/\",\"logo\":{\"@type\":\"ImageObject\",\"inLanguage\":\"es\",\"@id\":\"https:\/\/tourtravelandmore.com\/es\/#\/schema\/logo\/image\/\",\"url\":\"https:\/\/tourtravelandmore.com\/wp-content\/uploads\/2022\/12\/cropped-logo-cabecera-new.png\",\"contentUrl\":\"https:\/\/tourtravelandmore.com\/wp-content\/uploads\/2022\/12\/cropped-logo-cabecera-new.png\",\"width\":430,\"height\":61,\"caption\":\"Tour Travel And More\"},\"image\":{\"@id\":\"https:\/\/tourtravelandmore.com\/es\/#\/schema\/logo\/image\/\"},\"sameAs\":[\"https:\/\/www.facebook.com\/tourtravelandmore\/\",\"https:\/\/x.com\/TourTravel_More\"]}]}<\/script>\n<!-- \/ Yoast SEO Premium plugin. -->","yoast_head_json":{"title":"Tour Privado del Etna y Messina desde Hotel o Puerto de Cruceros en Messina | Tour Travel and More","description":"Descubre las maravillas naturales y culturales de Sicilia con nuestro tour privado del Etna y Messina. Reserva tu tour hoy y explora Sicilia como nunca antes con Tour Travel and More.","robots":{"index":"index","follow":"follow","max-snippet":"max-snippet:-1","max-image-preview":"max-image-preview:large","max-video-preview":"max-video-preview:-1"},"canonical":"https:\/\/tourtravelandmore.com\/es\/tours\/italia-es\/messina-es\/todos-los-tours-y-actividades-privadas-es\/excursion-privada-al-etna-y-mesina-desde-un-hotel-o-puerto-de-cruceros-en-mesina\/","og_locale":"es_ES","og_type":"article","og_title":"Excursi\u00f3n privada al Etna y Mesina desde un hotel o puerto de cruceros en Mesina","og_description":"Descubre las maravillas naturales y culturales de Sicilia con nuestro tour privado del Etna y Messina. Reserva tu tour hoy y explora Sicilia como nunca antes con Tour Travel and More.","og_url":"https:\/\/tourtravelandmore.com\/es\/tours\/italia-es\/messina-es\/todos-los-tours-y-actividades-privadas-es\/excursion-privada-al-etna-y-mesina-desde-un-hotel-o-puerto-de-cruceros-en-mesina\/","og_site_name":"Tour Travel And More","article_publisher":"https:\/\/www.facebook.com\/tourtravelandmore\/","article_modified_time":"2023-03-25T07:41:32+00:00","og_image":[{"width":950,"height":750,"url":"https:\/\/tourtravelandmore.com\/wp-content\/uploads\/2023\/03\/image3-3.jpg","type":"image\/jpeg"}],"twitter_card":"summary_large_image","twitter_site":"@TourTravel_More","twitter_misc":{"Tiempo de lectura":"2 minutos"},"schema":{"@context":"https:\/\/schema.org","@graph":[{"@type":"WebPage","@id":"https:\/\/tourtravelandmore.com\/es\/tours\/italia-es\/messina-es\/todos-los-tours-y-actividades-privadas-es\/excursion-privada-al-etna-y-mesina-desde-un-hotel-o-puerto-de-cruceros-en-mesina\/","url":"https:\/\/tourtravelandmore.com\/es\/tours\/italia-es\/messina-es\/todos-los-tours-y-actividades-privadas-es\/excursion-privada-al-etna-y-mesina-desde-un-hotel-o-puerto-de-cruceros-en-mesina\/","name":"Tour Privado del Etna y Messina desde Hotel o Puerto de Cruceros en Messina | Tour Travel and More","isPartOf":{"@id":"https:\/\/tourtravelandmore.com\/es\/#website"},"primaryImageOfPage":{"@id":"https:\/\/tourtravelandmore.com\/es\/tours\/italia-es\/messina-es\/todos-los-tours-y-actividades-privadas-es\/excursion-privada-al-etna-y-mesina-desde-un-hotel-o-puerto-de-cruceros-en-mesina\/#primaryimage"},"image":{"@id":"https:\/\/tourtravelandmore.com\/es\/tours\/italia-es\/messina-es\/todos-los-tours-y-actividades-privadas-es\/excursion-privada-al-etna-y-mesina-desde-un-hotel-o-puerto-de-cruceros-en-mesina\/#primaryimage"},"thumbnailUrl":"https:\/\/tourtravelandmore.com\/wp-content\/uploads\/2023\/03\/image3-3.jpg","datePublished":"2023-03-25T07:33:19+00:00","dateModified":"2023-03-25T07:41:32+00:00","description":"Descubre las maravillas naturales y culturales de Sicilia con nuestro tour privado del Etna y Messina. Reserva tu tour hoy y explora Sicilia como nunca antes con Tour Travel and More.","breadcrumb":{"@id":"https:\/\/tourtravelandmore.com\/es\/tours\/italia-es\/messina-es\/todos-los-tours-y-actividades-privadas-es\/excursion-privada-al-etna-y-mesina-desde-un-hotel-o-puerto-de-cruceros-en-mesina\/#breadcrumb"},"inLanguage":"es","potentialAction":[{"@type":"ReadAction","target":["https:\/\/tourtravelandmore.com\/es\/tours\/italia-es\/messina-es\/todos-los-tours-y-actividades-privadas-es\/excursion-privada-al-etna-y-mesina-desde-un-hotel-o-puerto-de-cruceros-en-mesina\/"]}]},{"@type":"ImageObject","inLanguage":"es","@id":"https:\/\/tourtravelandmore.com\/es\/tours\/italia-es\/messina-es\/todos-los-tours-y-actividades-privadas-es\/excursion-privada-al-etna-y-mesina-desde-un-hotel-o-puerto-de-cruceros-en-mesina\/#primaryimage","url":"https:\/\/tourtravelandmore.com\/wp-content\/uploads\/2023\/03\/image3-3.jpg","contentUrl":"https:\/\/tourtravelandmore.com\/wp-content\/uploads\/2023\/03\/image3-3.jpg","width":950,"height":750},{"@type":"BreadcrumbList","@id":"https:\/\/tourtravelandmore.com\/es\/tours\/italia-es\/messina-es\/todos-los-tours-y-actividades-privadas-es\/excursion-privada-al-etna-y-mesina-desde-un-hotel-o-puerto-de-cruceros-en-mesina\/#breadcrumb","itemListElement":[{"@type":"ListItem","position":1,"name":"Home","item":"https:\/\/tourtravelandmore.com\/es\/"},{"@type":"ListItem","position":2,"name":"Tours","item":"https:\/\/tourtravelandmore.com\/es\/tours\/"},{"@type":"ListItem","position":3,"name":"Excursi\u00f3n privada al Etna y Mesina desde un hotel o puerto de cruceros en Mesina"}]},{"@type":"WebSite","@id":"https:\/\/tourtravelandmore.com\/es\/#website","url":"https:\/\/tourtravelandmore.com\/es\/","name":"Tour Travel And More","description":"Private sightseeing tours and luxury transfers in Spain","publisher":{"@id":"https:\/\/tourtravelandmore.com\/es\/#organization"},"potentialAction":[{"@type":"SearchAction","target":{"@type":"EntryPoint","urlTemplate":"https:\/\/tourtravelandmore.com\/es\/?s={search_term_string}"},"query-input":{"@type":"PropertyValueSpecification","valueRequired":true,"valueName":"search_term_string"}}],"inLanguage":"es"},{"@type":"Organization","@id":"https:\/\/tourtravelandmore.com\/es\/#organization","name":"Tour Travel And More","url":"https:\/\/tourtravelandmore.com\/es\/","logo":{"@type":"ImageObject","inLanguage":"es","@id":"https:\/\/tourtravelandmore.com\/es\/#\/schema\/logo\/image\/","url":"https:\/\/tourtravelandmore.com\/wp-content\/uploads\/2022\/12\/cropped-logo-cabecera-new.png","contentUrl":"https:\/\/tourtravelandmore.com\/wp-content\/uploads\/2022\/12\/cropped-logo-cabecera-new.png","width":430,"height":61,"caption":"Tour Travel And More"},"image":{"@id":"https:\/\/tourtravelandmore.com\/es\/#\/schema\/logo\/image\/"},"sameAs":["https:\/\/www.facebook.com\/tourtravelandmore\/","https:\/\/x.com\/TourTravel_More"]}]}},"_links":{"self":[{"href":"https:\/\/tourtravelandmore.com\/es\/wp-json\/wp\/v2\/product\/158547","targetHints":{"allow":["GET"]}}],"collection":[{"href":"https:\/\/tourtravelandmore.com\/es\/wp-json\/wp\/v2\/product"}],"about":[{"href":"https:\/\/tourtravelandmore.com\/es\/wp-json\/wp\/v2\/types\/product"}],"replies":[{"embeddable":true,"href":"https:\/\/tourtravelandmore.com\/es\/wp-json\/wp\/v2\/comments?post=158547"}],"wp:featuredmedia":[{"embeddable":true,"href":"https:\/\/tourtravelandmore.com\/es\/wp-json\/wp\/v2\/media\/158572"}],"wp:attachment":[{"href":"https:\/\/tourtravelandmore.com\/es\/wp-json\/wp\/v2\/media?parent=158547"}],"wp:term":[{"taxonomy":"product_brand","embeddable":true,"href":"https:\/\/tourtravelandmore.com\/es\/wp-json\/wp\/v2\/product_brand?post=158547"},{"taxonomy":"product_cat","embeddable":true,"href":"https:\/\/tourtravelandmore.com\/es\/wp-json\/wp\/v2\/product_cat?post=158547"},{"taxonomy":"product_tag","embeddable":true,"href":"https:\/\/tourtravelandmore.com\/es\/wp-json\/wp\/v2\/product_tag?post=158547"}],"curies":[{"name":"wp","href":"https:\/\/api.w.org\/{rel}","templated":true}]}}