{"id":158211,"date":"2023-03-22T20:15:38","date_gmt":"2023-03-22T19:15:38","guid":{"rendered":"https:\/\/tourtravelandmore.com\/?post_type=product&#038;p=158211"},"modified":"2025-06-11T10:41:46","modified_gmt":"2025-06-11T08:41:46","slug":"tour-privado-de-gibraltar-desde-sevilla","status":"publish","type":"product","link":"https:\/\/tourtravelandmore.com\/es\/tours\/espana-es\/sevilla-es\/tour-privado-de-gibraltar-desde-sevilla\/","title":{"rendered":"Tour Privado de Gibraltar desde Sevilla"},"content":{"rendered":"<h2><b>Descripci\u00f3n del Tour Privado de Gibraltar desde Sevilla<\/b><\/h2>\n<p class=\"p3\">El <span class=\"s2\"><b>Tour Privado de Gibraltar desde Sevilla<\/b><\/span> incluye <span class=\"s2\"><b>veh\u00edculo con conductor<\/b><\/span> y <span class=\"s2\"><b>gu\u00eda oficial<\/b><\/span>, y te permitir\u00e1 descubrir una ciudad singular: una <span class=\"s2\"><b>colonia brit\u00e1nica<\/b><\/span> ubicada a pocos kil\u00f3metros del sur de Espa\u00f1a.<\/p>\n<p class=\"p3\">Si te encuentras en otra ciudad de <span class=\"s2\"><b>Andaluc\u00eda<\/b><\/span>, solo tienes que indicarlo en el <span class=\"s2\"><b>formulario de reserva<\/b><\/span>. Operamos en toda la regi\u00f3n y podemos organizar la <span class=\"s2\"><b>recogida y devoluci\u00f3n desde cualquier ciudad<\/b><\/span>.<\/p>\n<p class=\"p3\">Gibraltar es una localidad muy peculiar: situada dentro de la <span class=\"s2\"><b>Pen\u00ednsula Ib\u00e9rica<\/b><\/span>, pero con <span class=\"s2\"><b>gobierno brit\u00e1nico<\/b><\/span>, <span class=\"s2\"><b>arquitectura inglesa<\/b><\/span>, <span class=\"s2\"><b>idioma llanito<\/b><\/span> (mezcla de ingl\u00e9s y espa\u00f1ol) y el famoso <span class=\"s2\"><b>Pe\u00f1\u00f3n de Gibraltar<\/b><\/span>. Su <span class=\"s2\"><b>ubicaci\u00f3n estrat\u00e9gica en las puertas del Mediterr\u00e1neo<\/b><\/span> la convierte en un lugar verdaderamente \u00fanico.<\/p>\n<p class=\"p3\">Debido a que <span class=\"s2\"><b>nuestros veh\u00edculos no pueden acceder directamente a Gibraltar<\/b><\/span> por tratarse de un pa\u00eds distinto, el conductor te dejar\u00e1 en un <span class=\"s2\"><b>parking autorizado<\/b><\/span> cercano a la frontera. Desde all\u00ed, tomaremos un <span class=\"s2\"><b>autob\u00fas local<\/b><\/span> que en unos <span class=\"s2\"><b>10 minutos<\/b><\/span> nos dejar\u00e1 en el centro de Gibraltar, donde comenzar\u00e1 el recorrido con nuestro <span class=\"s2\"><b>gu\u00eda privado oficial<\/b><\/span> por las calles y principales puntos de inter\u00e9s.<\/p>\n<p class=\"p3\">Este <a href=\"https:\/\/tourtravelandmore.com\/es\/ciudad\/espana-es\/sevilla-es\/\">tour privado en Sevilla<\/a> tiene una duraci\u00f3n aproximada de <span class=\"s2\"><b>12 horas<\/b><\/span> y es completamente <span class=\"s2\"><b>personalizable<\/b><\/span>, pudiendo elegir tanto la <span class=\"s2\"><b>hora de salida<\/b><\/span> como el <span class=\"s2\"><b>punto de recogida<\/b><\/span> que m\u00e1s te convenga.<\/p>\n<h2>Puntos de inter\u00e9s<\/h2>\n<p>Solamente cruzar las fronteras nos dar\u00e1 la sensaci\u00f3n de estar en una peque\u00f1a ciudad de <strong>Londres<\/strong> con sus <strong>t\u00edpicos buzones, Autobuses<\/strong> y <strong>cabinas<\/strong> de <strong>tel\u00e9fono.<\/strong><\/p>\n<p>Para acceder al centro pasaremos por el <strong>aeropuerto,<\/strong> pisaremos la pista, y tendremos que esperar a que los aviones aterricen o despeguen para poder cruzar.<\/p>\n<p>Una vez crucemos ya estaremos a punto de llegar al centro de la ciudad, y llegaremos a su calle m\u00e1s famosa, <span id=\"Main_Street\" class=\"ez-toc-section\"><strong>Main Street,<\/strong> es la calle principal, d\u00f3nde se encuentran la mayor parte de los comercios.<strong><br \/>\n<\/strong><\/span><\/p>\n<p>Desde el centro veremos <strong>El pe\u00f1\u00f3n de Gibraltar,<\/strong> conocido anteriormente como una de las Columnas de H\u00e9rcules, un s\u00edmbolo que a\u00fan aparece a ambos lados del escudo espa\u00f1ol. En la antig\u00fcedad, las columnas de H\u00e9rcules eran conocidas como el fin del mundo. A lo largo de los \u00fatlimos siglos el pe\u00f1on ha sido muy conocido por su importante posici\u00f3n estrat\u00e9gica.<\/p>\n<p>Podemos subir a trav\u00e9s del un <strong>Tel\u00e9ferico<\/strong>, y ir a un Mirador para ver la ciudad y los alrededores y contemplar las fabulosas vistas. Es una actividad que siempre recomendamos hacer, si ese d\u00eda el tiempo es favorable.<\/p>\n<p>Las vistas desde arriba son impresionantes, podremos ver si hace buen tiempo:<strong> Algeciras, toda la zona del Campo de Gibraltar, Marruecos, la entrada al Mediterr\u00e1neo y la salida al Oc\u00e9ano.<\/strong><\/p>\n<p>Si desean entrar a las <strong>Cuevas de San Miguel<\/strong> lo podemos gestionar y organizar.<\/p>\n<p>Despu\u00e9s del tour pararemos para comer y volveremos a la frontera d\u00f3nde estar\u00e1 esperando el veh\u00edculo para volver a <strong>Sevilla.<\/strong><\/p>\n<p>Si desea organizar otro tour privado desde <strong>Sevilla<\/strong>, puede consultar el listado de <a href=\"https:\/\/tourtravelandmore.com\/es\/ciudad\/espana-es\/sevilla-es\/\">tours privados de Sevilla.<\/a><\/p>\n<p>A trav\u00e9s del formulario de contacto, nos puede solicitar el tour, y nuestro equipo le enviar\u00e1 la informaci\u00f3n detallada.<\/p>\n","protected":false},"excerpt":{"rendered":"<p>Disfrute de este <strong>Tour Privado de Gibraltar desde Sevilla<\/strong>. Durante este tour privado con su gu\u00eda oficial privado y su veh\u00edculo de lujo con chofer, disfrute de los monumentos y zonas m\u00e1s emblem\u00e1ticas de Gibraltar y Punta de Europa en lo alto del Pe\u00f1on de Gibraltar.<\/p>\n","protected":false},"featured_media":1061,"comment_status":"open","ping_status":"closed","template":"","meta":{"_acf_changed":false},"product_brand":[],"product_cat":[105,107,106],"product_tag":[],"class_list":{"0":"post-158211","1":"product","2":"type-product","3":"status-publish","4":"has-post-thumbnail","6":"product_cat-sevilla-es","7":"product_cat-sevilla-rutas-turisticas-privadas-es","8":"product_cat-sevilla-excursiones-es","10":"first","11":"instock","12":"shipping-taxable","13":"purchasable","14":"product-type-simple"},"acf":[],"yoast_head":"<!-- This site is optimized with the Yoast SEO Premium plugin v25.3.1 (Yoast SEO v25.3.1) - https:\/\/yoast.com\/wordpress\/plugins\/seo\/ -->\n<title>\u27a1\ufe0f Tour Privado de Gibraltar desde Sevilla | Tour Travel &amp; More<\/title>\n<meta name=\"description\" content=\"Gracias a este tour a Gibraltar desde Sevilla , conoceras una ciudad \u00fanica y las fabulosas vistas del Pe\u00f1on. Gracias a este tour privado con guia y vehiculo \u2705\" \/>\n<meta name=\"robots\" content=\"index, follow, max-snippet:-1, max-image-preview:large, max-video-preview:-1\" \/>\n<link rel=\"canonical\" href=\"https:\/\/tourtravelandmore.com\/es\/tours\/espana-es\/sevilla-es\/tour-privado-de-gibraltar-desde-sevilla\/\" \/>\n<meta property=\"og:locale\" content=\"es_ES\" \/>\n<meta property=\"og:type\" content=\"article\" \/>\n<meta property=\"og:title\" content=\"Tour Privado de Gibraltar desde Sevilla\" \/>\n<meta property=\"og:description\" content=\"Gracias a este tour a Gibraltar desde Sevilla , conoceras una ciudad \u00fanica y las fabulosas vistas del Pe\u00f1on. Gracias a este tour privado con guia y vehiculo \u2705\" \/>\n<meta property=\"og:url\" content=\"https:\/\/tourtravelandmore.com\/es\/tours\/espana-es\/sevilla-es\/tour-privado-de-gibraltar-desde-sevilla\/\" \/>\n<meta property=\"og:site_name\" content=\"Tour Travel And More\" \/>\n<meta property=\"article:publisher\" content=\"https:\/\/www.facebook.com\/tourtravelandmore\/\" \/>\n<meta property=\"article:modified_time\" content=\"2025-06-11T08:41:46+00:00\" \/>\n<meta property=\"og:image\" content=\"https:\/\/tourtravelandmore.com\/wp-content\/uploads\/2016\/05\/portada86.jpg\" \/>\n\t<meta property=\"og:image:width\" content=\"1605\" \/>\n\t<meta property=\"og:image:height\" content=\"642\" \/>\n\t<meta property=\"og:image:type\" content=\"image\/jpeg\" \/>\n<meta name=\"twitter:card\" content=\"summary_large_image\" \/>\n<meta name=\"twitter:site\" content=\"@TourTravel_More\" \/>\n<meta name=\"twitter:label1\" content=\"Tiempo de lectura\" \/>\n\t<meta name=\"twitter:data1\" content=\"3 minutos\" \/>\n<script type=\"application\/ld+json\" class=\"yoast-schema-graph\">{\"@context\":\"https:\/\/schema.org\",\"@graph\":[{\"@type\":\"WebPage\",\"@id\":\"https:\/\/tourtravelandmore.com\/es\/tours\/espana-es\/sevilla-es\/tour-privado-de-gibraltar-desde-sevilla\/\",\"url\":\"https:\/\/tourtravelandmore.com\/es\/tours\/espana-es\/sevilla-es\/tour-privado-de-gibraltar-desde-sevilla\/\",\"name\":\"\u27a1\ufe0f Tour Privado de Gibraltar desde Sevilla | Tour Travel & More\",\"isPartOf\":{\"@id\":\"https:\/\/tourtravelandmore.com\/es\/#website\"},\"primaryImageOfPage\":{\"@id\":\"https:\/\/tourtravelandmore.com\/es\/tours\/espana-es\/sevilla-es\/tour-privado-de-gibraltar-desde-sevilla\/#primaryimage\"},\"image\":{\"@id\":\"https:\/\/tourtravelandmore.com\/es\/tours\/espana-es\/sevilla-es\/tour-privado-de-gibraltar-desde-sevilla\/#primaryimage\"},\"thumbnailUrl\":\"https:\/\/tourtravelandmore.com\/wp-content\/uploads\/2016\/05\/portada86.jpg\",\"datePublished\":\"2023-03-22T19:15:38+00:00\",\"dateModified\":\"2025-06-11T08:41:46+00:00\",\"description\":\"Gracias a este tour a Gibraltar desde Sevilla , conoceras una ciudad \u00fanica y las fabulosas vistas del Pe\u00f1on. Gracias a este tour privado con guia y vehiculo \u2705\",\"breadcrumb\":{\"@id\":\"https:\/\/tourtravelandmore.com\/es\/tours\/espana-es\/sevilla-es\/tour-privado-de-gibraltar-desde-sevilla\/#breadcrumb\"},\"inLanguage\":\"es\",\"potentialAction\":[{\"@type\":\"ReadAction\",\"target\":[\"https:\/\/tourtravelandmore.com\/es\/tours\/espana-es\/sevilla-es\/tour-privado-de-gibraltar-desde-sevilla\/\"]}]},{\"@type\":\"ImageObject\",\"inLanguage\":\"es\",\"@id\":\"https:\/\/tourtravelandmore.com\/es\/tours\/espana-es\/sevilla-es\/tour-privado-de-gibraltar-desde-sevilla\/#primaryimage\",\"url\":\"https:\/\/tourtravelandmore.com\/wp-content\/uploads\/2016\/05\/portada86.jpg\",\"contentUrl\":\"https:\/\/tourtravelandmore.com\/wp-content\/uploads\/2016\/05\/portada86.jpg\",\"width\":1605,\"height\":642},{\"@type\":\"BreadcrumbList\",\"@id\":\"https:\/\/tourtravelandmore.com\/es\/tours\/espana-es\/sevilla-es\/tour-privado-de-gibraltar-desde-sevilla\/#breadcrumb\",\"itemListElement\":[{\"@type\":\"ListItem\",\"position\":1,\"name\":\"Home\",\"item\":\"https:\/\/tourtravelandmore.com\/es\/\"},{\"@type\":\"ListItem\",\"position\":2,\"name\":\"Tours\",\"item\":\"https:\/\/tourtravelandmore.com\/es\/tours\/\"},{\"@type\":\"ListItem\",\"position\":3,\"name\":\"Tour Privado de Gibraltar desde Sevilla\"}]},{\"@type\":\"WebSite\",\"@id\":\"https:\/\/tourtravelandmore.com\/es\/#website\",\"url\":\"https:\/\/tourtravelandmore.com\/es\/\",\"name\":\"Tour Travel And More\",\"description\":\"Private sightseeing tours and luxury transfers in Spain\",\"publisher\":{\"@id\":\"https:\/\/tourtravelandmore.com\/es\/#organization\"},\"potentialAction\":[{\"@type\":\"SearchAction\",\"target\":{\"@type\":\"EntryPoint\",\"urlTemplate\":\"https:\/\/tourtravelandmore.com\/es\/?s={search_term_string}\"},\"query-input\":{\"@type\":\"PropertyValueSpecification\",\"valueRequired\":true,\"valueName\":\"search_term_string\"}}],\"inLanguage\":\"es\"},{\"@type\":\"Organization\",\"@id\":\"https:\/\/tourtravelandmore.com\/es\/#organization\",\"name\":\"Tour Travel And More\",\"url\":\"https:\/\/tourtravelandmore.com\/es\/\",\"logo\":{\"@type\":\"ImageObject\",\"inLanguage\":\"es\",\"@id\":\"https:\/\/tourtravelandmore.com\/es\/#\/schema\/logo\/image\/\",\"url\":\"https:\/\/tourtravelandmore.com\/wp-content\/uploads\/2022\/12\/cropped-logo-cabecera-new.png\",\"contentUrl\":\"https:\/\/tourtravelandmore.com\/wp-content\/uploads\/2022\/12\/cropped-logo-cabecera-new.png\",\"width\":430,\"height\":61,\"caption\":\"Tour Travel And More\"},\"image\":{\"@id\":\"https:\/\/tourtravelandmore.com\/es\/#\/schema\/logo\/image\/\"},\"sameAs\":[\"https:\/\/www.facebook.com\/tourtravelandmore\/\",\"https:\/\/x.com\/TourTravel_More\"]}]}<\/script>\n<!-- \/ Yoast SEO Premium plugin. -->","yoast_head_json":{"title":"\u27a1\ufe0f Tour Privado de Gibraltar desde Sevilla | Tour Travel & More","description":"Gracias a este tour a Gibraltar desde Sevilla , conoceras una ciudad \u00fanica y las fabulosas vistas del Pe\u00f1on. Gracias a este tour privado con guia y vehiculo \u2705","robots":{"index":"index","follow":"follow","max-snippet":"max-snippet:-1","max-image-preview":"max-image-preview:large","max-video-preview":"max-video-preview:-1"},"canonical":"https:\/\/tourtravelandmore.com\/es\/tours\/espana-es\/sevilla-es\/tour-privado-de-gibraltar-desde-sevilla\/","og_locale":"es_ES","og_type":"article","og_title":"Tour Privado de Gibraltar desde Sevilla","og_description":"Gracias a este tour a Gibraltar desde Sevilla , conoceras una ciudad \u00fanica y las fabulosas vistas del Pe\u00f1on. Gracias a este tour privado con guia y vehiculo \u2705","og_url":"https:\/\/tourtravelandmore.com\/es\/tours\/espana-es\/sevilla-es\/tour-privado-de-gibraltar-desde-sevilla\/","og_site_name":"Tour Travel And More","article_publisher":"https:\/\/www.facebook.com\/tourtravelandmore\/","article_modified_time":"2025-06-11T08:41:46+00:00","og_image":[{"width":1605,"height":642,"url":"https:\/\/tourtravelandmore.com\/wp-content\/uploads\/2016\/05\/portada86.jpg","type":"image\/jpeg"}],"twitter_card":"summary_large_image","twitter_site":"@TourTravel_More","twitter_misc":{"Tiempo de lectura":"3 minutos"},"schema":{"@context":"https:\/\/schema.org","@graph":[{"@type":"WebPage","@id":"https:\/\/tourtravelandmore.com\/es\/tours\/espana-es\/sevilla-es\/tour-privado-de-gibraltar-desde-sevilla\/","url":"https:\/\/tourtravelandmore.com\/es\/tours\/espana-es\/sevilla-es\/tour-privado-de-gibraltar-desde-sevilla\/","name":"\u27a1\ufe0f Tour Privado de Gibraltar desde Sevilla | Tour Travel & More","isPartOf":{"@id":"https:\/\/tourtravelandmore.com\/es\/#website"},"primaryImageOfPage":{"@id":"https:\/\/tourtravelandmore.com\/es\/tours\/espana-es\/sevilla-es\/tour-privado-de-gibraltar-desde-sevilla\/#primaryimage"},"image":{"@id":"https:\/\/tourtravelandmore.com\/es\/tours\/espana-es\/sevilla-es\/tour-privado-de-gibraltar-desde-sevilla\/#primaryimage"},"thumbnailUrl":"https:\/\/tourtravelandmore.com\/wp-content\/uploads\/2016\/05\/portada86.jpg","datePublished":"2023-03-22T19:15:38+00:00","dateModified":"2025-06-11T08:41:46+00:00","description":"Gracias a este tour a Gibraltar desde Sevilla , conoceras una ciudad \u00fanica y las fabulosas vistas del Pe\u00f1on. Gracias a este tour privado con guia y vehiculo \u2705","breadcrumb":{"@id":"https:\/\/tourtravelandmore.com\/es\/tours\/espana-es\/sevilla-es\/tour-privado-de-gibraltar-desde-sevilla\/#breadcrumb"},"inLanguage":"es","potentialAction":[{"@type":"ReadAction","target":["https:\/\/tourtravelandmore.com\/es\/tours\/espana-es\/sevilla-es\/tour-privado-de-gibraltar-desde-sevilla\/"]}]},{"@type":"ImageObject","inLanguage":"es","@id":"https:\/\/tourtravelandmore.com\/es\/tours\/espana-es\/sevilla-es\/tour-privado-de-gibraltar-desde-sevilla\/#primaryimage","url":"https:\/\/tourtravelandmore.com\/wp-content\/uploads\/2016\/05\/portada86.jpg","contentUrl":"https:\/\/tourtravelandmore.com\/wp-content\/uploads\/2016\/05\/portada86.jpg","width":1605,"height":642},{"@type":"BreadcrumbList","@id":"https:\/\/tourtravelandmore.com\/es\/tours\/espana-es\/sevilla-es\/tour-privado-de-gibraltar-desde-sevilla\/#breadcrumb","itemListElement":[{"@type":"ListItem","position":1,"name":"Home","item":"https:\/\/tourtravelandmore.com\/es\/"},{"@type":"ListItem","position":2,"name":"Tours","item":"https:\/\/tourtravelandmore.com\/es\/tours\/"},{"@type":"ListItem","position":3,"name":"Tour Privado de Gibraltar desde Sevilla"}]},{"@type":"WebSite","@id":"https:\/\/tourtravelandmore.com\/es\/#website","url":"https:\/\/tourtravelandmore.com\/es\/","name":"Tour Travel And More","description":"Private sightseeing tours and luxury transfers in Spain","publisher":{"@id":"https:\/\/tourtravelandmore.com\/es\/#organization"},"potentialAction":[{"@type":"SearchAction","target":{"@type":"EntryPoint","urlTemplate":"https:\/\/tourtravelandmore.com\/es\/?s={search_term_string}"},"query-input":{"@type":"PropertyValueSpecification","valueRequired":true,"valueName":"search_term_string"}}],"inLanguage":"es"},{"@type":"Organization","@id":"https:\/\/tourtravelandmore.com\/es\/#organization","name":"Tour Travel And More","url":"https:\/\/tourtravelandmore.com\/es\/","logo":{"@type":"ImageObject","inLanguage":"es","@id":"https:\/\/tourtravelandmore.com\/es\/#\/schema\/logo\/image\/","url":"https:\/\/tourtravelandmore.com\/wp-content\/uploads\/2022\/12\/cropped-logo-cabecera-new.png","contentUrl":"https:\/\/tourtravelandmore.com\/wp-content\/uploads\/2022\/12\/cropped-logo-cabecera-new.png","width":430,"height":61,"caption":"Tour Travel And More"},"image":{"@id":"https:\/\/tourtravelandmore.com\/es\/#\/schema\/logo\/image\/"},"sameAs":["https:\/\/www.facebook.com\/tourtravelandmore\/","https:\/\/x.com\/TourTravel_More"]}]}},"_links":{"self":[{"href":"https:\/\/tourtravelandmore.com\/es\/wp-json\/wp\/v2\/product\/158211","targetHints":{"allow":["GET"]}}],"collection":[{"href":"https:\/\/tourtravelandmore.com\/es\/wp-json\/wp\/v2\/product"}],"about":[{"href":"https:\/\/tourtravelandmore.com\/es\/wp-json\/wp\/v2\/types\/product"}],"replies":[{"embeddable":true,"href":"https:\/\/tourtravelandmore.com\/es\/wp-json\/wp\/v2\/comments?post=158211"}],"wp:featuredmedia":[{"embeddable":true,"href":"https:\/\/tourtravelandmore.com\/es\/wp-json\/wp\/v2\/media\/1061"}],"wp:attachment":[{"href":"https:\/\/tourtravelandmore.com\/es\/wp-json\/wp\/v2\/media?parent=158211"}],"wp:term":[{"taxonomy":"product_brand","embeddable":true,"href":"https:\/\/tourtravelandmore.com\/es\/wp-json\/wp\/v2\/product_brand?post=158211"},{"taxonomy":"product_cat","embeddable":true,"href":"https:\/\/tourtravelandmore.com\/es\/wp-json\/wp\/v2\/product_cat?post=158211"},{"taxonomy":"product_tag","embeddable":true,"href":"https:\/\/tourtravelandmore.com\/es\/wp-json\/wp\/v2\/product_tag?post=158211"}],"curies":[{"name":"wp","href":"https:\/\/api.w.org\/{rel}","templated":true}]}}