{"id":158179,"date":"2023-03-22T17:05:28","date_gmt":"2023-03-22T16:05:32","guid":{"rendered":"https:\/\/tourtravelandmore.com\/?post_type=product&#038;p=158179"},"modified":"2025-06-11T10:50:01","modified_gmt":"2025-06-11T08:50:01","slug":"tour-privado-a-tanger-desde-sevilla","status":"publish","type":"product","link":"https:\/\/tourtravelandmore.com\/es\/tours\/marruecos-es\/tanger-es\/tour-privado-a-tanger-desde-sevilla\/","title":{"rendered":"Tour Privado a Tanger desde Sevilla"},"content":{"rendered":"<h2>Descripci\u00f3n del Tour Privado a Tanger desde Sevilla<\/h2>\n<p class=\"p1\">Esta <span class=\"s1\"><b>excursi\u00f3n privada a T\u00e1nger<\/b><\/span> te permitir\u00e1 conocer una <span class=\"s1\"><b>nueva cultura<\/b><\/span> y un <span class=\"s1\"><b>nuevo pa\u00eds en un solo d\u00eda<\/b><\/span>, partiendo directamente desde Espa\u00f1a.<\/p>\n<p class=\"p1\">Un <span class=\"s1\"><b>veh\u00edculo privado con conductor<\/b><\/span> os recoger\u00e1 desde vuestro <span class=\"s1\"><b>hotel o apartamento en Sevilla<\/b><\/span> para realizar el <span class=\"s1\"><b>traslado hasta el puerto de Tarifa<\/b><\/span>, donde comenzar\u00e1 la aventura hacia Marruecos.<\/p>\n<p class=\"p1\">Al llegar a <span class=\"s1\"><b>Tarifa<\/b><\/span>, el conductor os har\u00e1 entrega de los <span class=\"s1\"><b>billetes de ferry<\/b><\/span> y os explicar\u00e1 claramente el <span class=\"s1\"><b>punto de encuentro y la hora<\/b><\/span> para el regreso.<\/p>\n<p class=\"p1\">El trayecto en <span class=\"s1\"><b>ferry hasta T\u00e1nger<\/b><\/span> tiene una duraci\u00f3n aproximada de <span class=\"s1\"><b>1 hora<\/b><\/span>. Una vez pasados los <span class=\"s1\"><b>controles de pasaporte<\/b><\/span>, os estar\u00e1 esperando en la terminal nuestro <span class=\"s1\"><b>gu\u00eda privado en T\u00e1nger<\/b><\/span> junto con un <span class=\"s1\"><b>veh\u00edculo con ch\u00f3fer<\/b><\/span>, identificado con un cartel con vuestro nombre.<\/p>\n<p class=\"p1\">La visita guiada en T\u00e1nger tiene una duraci\u00f3n de <span class=\"s1\"><b>6 horas<\/b><\/span>, en las que recorrer\u00e9is los principales lugares de inter\u00e9s de la ciudad, incluyendo una <span class=\"s1\"><b>parada para almorzar en un restaurante t\u00edpico local<\/b><\/span>.<\/p>\n<p class=\"p1\">La duraci\u00f3n total de este <a href=\"https:\/\/tourtravelandmore.com\/es\/ciudad\/espana-es\/sevilla-es\/\">tour privado en Sevilla<\/a> es de <span class=\"s1\"><b>12 horas<\/b><\/span>, y es posible coordinar la <span class=\"s1\"><b>recogida desde cualquier punto de Sevilla<\/b><\/span>.<\/p>\n<h2>Puntos de Inter\u00e9s en el Tour Privado a Tanger<\/h2>\n<p>Empezaremos la excursi\u00f3n a Tanger, subiendo al famoso<strong> Cabo Espartel<\/strong>, d\u00f3nde se unen el oceano atl\u00e1ntico y el mediterraneo. Pararemos en sitios con espectaculares vistas panor\u00e1micas del mar. Si hace buen tiempo podemos llegar a ver Espa\u00f1a.<\/p>\n<p>Despu\u00e9s de conocer Cabo Espartel nos dirigemos a realizar un <strong>paseo a camello<\/strong> enfrente del mar, para que puedan realizar fotos y disfrutar de una actividad muy divertida. El paseo a Camello dura unos 15 minutos.<\/p>\n<p>Al terminar el paseo a camello, visitaremos las famosas<strong><a href=\"https:\/\/es.wikipedia.org\/wiki\/Cuevas_de_H%C3%A9rcules_(T%C3%A1nger)\"> cuevas de Hercules<\/a>. <\/strong>Entraremos en si interior y conoceremos la historia de amor que esconde en su interior junto a nuestro gu\u00eda oficial privado.<\/p>\n<p>La segunda parte de la excursi\u00f3n privada consiste en un recorrido a pie por las peque\u00f1as <strong>calles del Kasbah y el fuerte de Tanger.<\/strong> Descubrir\u00e1n sitios de un rico contenido arquitect\u00f3nico, el cual incluye paredes del Siglo 15 y una numerosa cantidad de edificios con estilo arabe-andaluz, los cuales han inspirado a reconocidos artistas y pintores como Eug\u00e9ne Delcroix y Henri Mattise.<\/p>\n<p>Luego visitar\u00e1n la<strong> zona de Medina<\/strong>, el casco antiguo de la ciudad. All\u00ed descubrir\u00e1n los secretos de la cultura, gastronom\u00eda y arte de esta fant\u00e1stica ciudad. Visitar\u00e1n los mercados (souqs) de la ciudad y sus concurridas plazas. Aqu\u00ed ver\u00e1n la gran influencia de la religi\u00f3n jud\u00eda y cat\u00f3lica en el pueblo de Tanger.<\/p>\n<p>Por supuesto que tambi\u00e9n tendr\u00e1n tiempo para degustar la maravillosa cocina marroqu\u00ed durante la visita, como tambi\u00e9n de poder visitar negocios de artesan\u00edas locales.<\/p>\n<p>Una vez culminado el tour, su chofer, junto a su gu\u00eda privado, os llevar\u00e1n hacia el puerto de cruceros de Tanger. All\u00ed coger\u00e1n el ferry de retorno a Tarifa, donde los estar\u00e1 esperando su chofer para llevarlos a su hotel o Apartamento.<\/p>\n<p>Vivir\u00e1 un d\u00eda maravilloso y conocer\u00e1 una nueva cultura y un nuevo pa\u00eds desde <strong>Espa\u00f1a.<\/strong><\/p>\n<p>Para solicitar informaci\u00f3n detallada puede contactar con nosotros a trav\u00e9s del Formulario de contacto del tour y nuestro equipo contactar\u00e1 con vosotros de inmediato.<\/p>\n","protected":false},"excerpt":{"rendered":"<p>Vive una experiencia \u00fanica y conoce una de las principales ciudad de Marruecos desde Espa\u00f1a, <strong>Tanger<\/strong>. Descubrir\u00e1s una nueva cultura y un nuevo mundo para explorar. Conoceras las principales atracciones de la ciudad: <strong>Cuevas de Hercules<\/strong>, <strong>calles del Kasbah<\/strong> y el <strong>fuerte de Tanger<\/strong>, la famosa <strong>Medina<\/strong>, incluso podr\u00e1s realizar un paseo en camello.<\/p>\n","protected":false},"featured_media":24560,"comment_status":"open","ping_status":"closed","template":"","meta":{"_acf_changed":false},"product_brand":[],"product_cat":[1610,898,909,910,911,1596,105,107,106],"product_tag":[],"class_list":{"0":"post-158179","1":"product","2":"type-product","3":"status-publish","4":"has-post-thumbnail","6":"product_cat-marruecos-es","7":"product_cat-tanger-es","8":"product_cat-tanger-actividades-es","9":"product_cat-tanger-rutas-turisticas-privadas-es","10":"product_cat-tanger-excursiones-es","11":"product_cat-espana-es","12":"product_cat-sevilla-es","13":"product_cat-sevilla-rutas-turisticas-privadas-es","14":"product_cat-sevilla-excursiones-es","16":"first","17":"instock","18":"shipping-taxable","19":"purchasable","20":"product-type-simple"},"acf":[],"yoast_head":"<!-- This site is optimized with the Yoast SEO Premium plugin v25.3.1 (Yoast SEO v25.3.1) - https:\/\/yoast.com\/wordpress\/plugins\/seo\/ -->\n<title>\u27a1\ufe0f Excursion a Tanger Privada- desde cualquier lugar de Sevilla | TTM<\/title>\n<meta name=\"description\" content=\"Disfrute de est\u00e1 excursion a Tanger desde Espa\u00f1a y conoce una nuevo pa\u00eds y cultura en un d\u00eda, gracias a este tour privado en Tanger \u2705\" \/>\n<meta name=\"robots\" content=\"index, follow, max-snippet:-1, max-image-preview:large, max-video-preview:-1\" \/>\n<link rel=\"canonical\" href=\"https:\/\/tourtravelandmore.com\/es\/tours\/marruecos-es\/tanger-es\/tour-privado-a-tanger-desde-sevilla\/\" \/>\n<meta property=\"og:locale\" content=\"es_ES\" \/>\n<meta property=\"og:type\" content=\"article\" \/>\n<meta property=\"og:title\" content=\"Tour Privado a Tanger desde Sevilla\" \/>\n<meta property=\"og:description\" content=\"Disfrute de est\u00e1 excursion a Tanger desde Espa\u00f1a y conoce una nuevo pa\u00eds y cultura en un d\u00eda, gracias a este tour privado en Tanger \u2705\" \/>\n<meta property=\"og:url\" content=\"https:\/\/tourtravelandmore.com\/es\/tours\/marruecos-es\/tanger-es\/tour-privado-a-tanger-desde-sevilla\/\" \/>\n<meta property=\"og:site_name\" content=\"Tour Travel And More\" \/>\n<meta property=\"article:publisher\" content=\"https:\/\/www.facebook.com\/tourtravelandmore\/\" \/>\n<meta property=\"article:modified_time\" content=\"2025-06-11T08:50:01+00:00\" \/>\n<meta property=\"og:image\" content=\"https:\/\/tourtravelandmore.com\/wp-content\/uploads\/2018\/07\/Panoramic_view_from_Tangier-scaled.jpg\" \/>\n\t<meta property=\"og:image:width\" content=\"5836\" \/>\n\t<meta property=\"og:image:height\" content=\"2045\" \/>\n\t<meta property=\"og:image:type\" content=\"image\/jpeg\" \/>\n<meta name=\"twitter:card\" content=\"summary_large_image\" \/>\n<meta name=\"twitter:site\" content=\"@TourTravel_More\" \/>\n<meta name=\"twitter:label1\" content=\"Tiempo de lectura\" \/>\n\t<meta name=\"twitter:data1\" content=\"3 minutos\" \/>\n<script type=\"application\/ld+json\" class=\"yoast-schema-graph\">{\"@context\":\"https:\/\/schema.org\",\"@graph\":[{\"@type\":\"WebPage\",\"@id\":\"https:\/\/tourtravelandmore.com\/es\/tours\/marruecos-es\/tanger-es\/tour-privado-a-tanger-desde-sevilla\/\",\"url\":\"https:\/\/tourtravelandmore.com\/es\/tours\/marruecos-es\/tanger-es\/tour-privado-a-tanger-desde-sevilla\/\",\"name\":\"\u27a1\ufe0f Excursion a Tanger Privada- desde cualquier lugar de Sevilla | TTM\",\"isPartOf\":{\"@id\":\"https:\/\/tourtravelandmore.com\/es\/#website\"},\"primaryImageOfPage\":{\"@id\":\"https:\/\/tourtravelandmore.com\/es\/tours\/marruecos-es\/tanger-es\/tour-privado-a-tanger-desde-sevilla\/#primaryimage\"},\"image\":{\"@id\":\"https:\/\/tourtravelandmore.com\/es\/tours\/marruecos-es\/tanger-es\/tour-privado-a-tanger-desde-sevilla\/#primaryimage\"},\"thumbnailUrl\":\"https:\/\/tourtravelandmore.com\/wp-content\/uploads\/2018\/07\/Panoramic_view_from_Tangier-scaled.jpg\",\"datePublished\":\"2023-03-22T16:05:32+00:00\",\"dateModified\":\"2025-06-11T08:50:01+00:00\",\"description\":\"Disfrute de est\u00e1 excursion a Tanger desde Espa\u00f1a y conoce una nuevo pa\u00eds y cultura en un d\u00eda, gracias a este tour privado en Tanger \u2705\",\"breadcrumb\":{\"@id\":\"https:\/\/tourtravelandmore.com\/es\/tours\/marruecos-es\/tanger-es\/tour-privado-a-tanger-desde-sevilla\/#breadcrumb\"},\"inLanguage\":\"es\",\"potentialAction\":[{\"@type\":\"ReadAction\",\"target\":[\"https:\/\/tourtravelandmore.com\/es\/tours\/marruecos-es\/tanger-es\/tour-privado-a-tanger-desde-sevilla\/\"]}]},{\"@type\":\"ImageObject\",\"inLanguage\":\"es\",\"@id\":\"https:\/\/tourtravelandmore.com\/es\/tours\/marruecos-es\/tanger-es\/tour-privado-a-tanger-desde-sevilla\/#primaryimage\",\"url\":\"https:\/\/tourtravelandmore.com\/wp-content\/uploads\/2018\/07\/Panoramic_view_from_Tangier-scaled.jpg\",\"contentUrl\":\"https:\/\/tourtravelandmore.com\/wp-content\/uploads\/2018\/07\/Panoramic_view_from_Tangier-scaled.jpg\",\"width\":5836,\"height\":2045},{\"@type\":\"BreadcrumbList\",\"@id\":\"https:\/\/tourtravelandmore.com\/es\/tours\/marruecos-es\/tanger-es\/tour-privado-a-tanger-desde-sevilla\/#breadcrumb\",\"itemListElement\":[{\"@type\":\"ListItem\",\"position\":1,\"name\":\"Home\",\"item\":\"https:\/\/tourtravelandmore.com\/es\/\"},{\"@type\":\"ListItem\",\"position\":2,\"name\":\"Tours\",\"item\":\"https:\/\/tourtravelandmore.com\/es\/tours\/\"},{\"@type\":\"ListItem\",\"position\":3,\"name\":\"Tour Privado a Tanger desde Sevilla\"}]},{\"@type\":\"WebSite\",\"@id\":\"https:\/\/tourtravelandmore.com\/es\/#website\",\"url\":\"https:\/\/tourtravelandmore.com\/es\/\",\"name\":\"Tour Travel And More\",\"description\":\"Private sightseeing tours and luxury transfers in Spain\",\"publisher\":{\"@id\":\"https:\/\/tourtravelandmore.com\/es\/#organization\"},\"potentialAction\":[{\"@type\":\"SearchAction\",\"target\":{\"@type\":\"EntryPoint\",\"urlTemplate\":\"https:\/\/tourtravelandmore.com\/es\/?s={search_term_string}\"},\"query-input\":{\"@type\":\"PropertyValueSpecification\",\"valueRequired\":true,\"valueName\":\"search_term_string\"}}],\"inLanguage\":\"es\"},{\"@type\":\"Organization\",\"@id\":\"https:\/\/tourtravelandmore.com\/es\/#organization\",\"name\":\"Tour Travel And More\",\"url\":\"https:\/\/tourtravelandmore.com\/es\/\",\"logo\":{\"@type\":\"ImageObject\",\"inLanguage\":\"es\",\"@id\":\"https:\/\/tourtravelandmore.com\/es\/#\/schema\/logo\/image\/\",\"url\":\"https:\/\/tourtravelandmore.com\/wp-content\/uploads\/2022\/12\/cropped-logo-cabecera-new.png\",\"contentUrl\":\"https:\/\/tourtravelandmore.com\/wp-content\/uploads\/2022\/12\/cropped-logo-cabecera-new.png\",\"width\":430,\"height\":61,\"caption\":\"Tour Travel And More\"},\"image\":{\"@id\":\"https:\/\/tourtravelandmore.com\/es\/#\/schema\/logo\/image\/\"},\"sameAs\":[\"https:\/\/www.facebook.com\/tourtravelandmore\/\",\"https:\/\/x.com\/TourTravel_More\"]}]}<\/script>\n<!-- \/ Yoast SEO Premium plugin. -->","yoast_head_json":{"title":"\u27a1\ufe0f Excursion a Tanger Privada- desde cualquier lugar de Sevilla | TTM","description":"Disfrute de est\u00e1 excursion a Tanger desde Espa\u00f1a y conoce una nuevo pa\u00eds y cultura en un d\u00eda, gracias a este tour privado en Tanger \u2705","robots":{"index":"index","follow":"follow","max-snippet":"max-snippet:-1","max-image-preview":"max-image-preview:large","max-video-preview":"max-video-preview:-1"},"canonical":"https:\/\/tourtravelandmore.com\/es\/tours\/marruecos-es\/tanger-es\/tour-privado-a-tanger-desde-sevilla\/","og_locale":"es_ES","og_type":"article","og_title":"Tour Privado a Tanger desde Sevilla","og_description":"Disfrute de est\u00e1 excursion a Tanger desde Espa\u00f1a y conoce una nuevo pa\u00eds y cultura en un d\u00eda, gracias a este tour privado en Tanger \u2705","og_url":"https:\/\/tourtravelandmore.com\/es\/tours\/marruecos-es\/tanger-es\/tour-privado-a-tanger-desde-sevilla\/","og_site_name":"Tour Travel And More","article_publisher":"https:\/\/www.facebook.com\/tourtravelandmore\/","article_modified_time":"2025-06-11T08:50:01+00:00","og_image":[{"width":5836,"height":2045,"url":"https:\/\/tourtravelandmore.com\/wp-content\/uploads\/2018\/07\/Panoramic_view_from_Tangier-scaled.jpg","type":"image\/jpeg"}],"twitter_card":"summary_large_image","twitter_site":"@TourTravel_More","twitter_misc":{"Tiempo de lectura":"3 minutos"},"schema":{"@context":"https:\/\/schema.org","@graph":[{"@type":"WebPage","@id":"https:\/\/tourtravelandmore.com\/es\/tours\/marruecos-es\/tanger-es\/tour-privado-a-tanger-desde-sevilla\/","url":"https:\/\/tourtravelandmore.com\/es\/tours\/marruecos-es\/tanger-es\/tour-privado-a-tanger-desde-sevilla\/","name":"\u27a1\ufe0f Excursion a Tanger Privada- desde cualquier lugar de Sevilla | TTM","isPartOf":{"@id":"https:\/\/tourtravelandmore.com\/es\/#website"},"primaryImageOfPage":{"@id":"https:\/\/tourtravelandmore.com\/es\/tours\/marruecos-es\/tanger-es\/tour-privado-a-tanger-desde-sevilla\/#primaryimage"},"image":{"@id":"https:\/\/tourtravelandmore.com\/es\/tours\/marruecos-es\/tanger-es\/tour-privado-a-tanger-desde-sevilla\/#primaryimage"},"thumbnailUrl":"https:\/\/tourtravelandmore.com\/wp-content\/uploads\/2018\/07\/Panoramic_view_from_Tangier-scaled.jpg","datePublished":"2023-03-22T16:05:32+00:00","dateModified":"2025-06-11T08:50:01+00:00","description":"Disfrute de est\u00e1 excursion a Tanger desde Espa\u00f1a y conoce una nuevo pa\u00eds y cultura en un d\u00eda, gracias a este tour privado en Tanger \u2705","breadcrumb":{"@id":"https:\/\/tourtravelandmore.com\/es\/tours\/marruecos-es\/tanger-es\/tour-privado-a-tanger-desde-sevilla\/#breadcrumb"},"inLanguage":"es","potentialAction":[{"@type":"ReadAction","target":["https:\/\/tourtravelandmore.com\/es\/tours\/marruecos-es\/tanger-es\/tour-privado-a-tanger-desde-sevilla\/"]}]},{"@type":"ImageObject","inLanguage":"es","@id":"https:\/\/tourtravelandmore.com\/es\/tours\/marruecos-es\/tanger-es\/tour-privado-a-tanger-desde-sevilla\/#primaryimage","url":"https:\/\/tourtravelandmore.com\/wp-content\/uploads\/2018\/07\/Panoramic_view_from_Tangier-scaled.jpg","contentUrl":"https:\/\/tourtravelandmore.com\/wp-content\/uploads\/2018\/07\/Panoramic_view_from_Tangier-scaled.jpg","width":5836,"height":2045},{"@type":"BreadcrumbList","@id":"https:\/\/tourtravelandmore.com\/es\/tours\/marruecos-es\/tanger-es\/tour-privado-a-tanger-desde-sevilla\/#breadcrumb","itemListElement":[{"@type":"ListItem","position":1,"name":"Home","item":"https:\/\/tourtravelandmore.com\/es\/"},{"@type":"ListItem","position":2,"name":"Tours","item":"https:\/\/tourtravelandmore.com\/es\/tours\/"},{"@type":"ListItem","position":3,"name":"Tour Privado a Tanger desde Sevilla"}]},{"@type":"WebSite","@id":"https:\/\/tourtravelandmore.com\/es\/#website","url":"https:\/\/tourtravelandmore.com\/es\/","name":"Tour Travel And More","description":"Private sightseeing tours and luxury transfers in Spain","publisher":{"@id":"https:\/\/tourtravelandmore.com\/es\/#organization"},"potentialAction":[{"@type":"SearchAction","target":{"@type":"EntryPoint","urlTemplate":"https:\/\/tourtravelandmore.com\/es\/?s={search_term_string}"},"query-input":{"@type":"PropertyValueSpecification","valueRequired":true,"valueName":"search_term_string"}}],"inLanguage":"es"},{"@type":"Organization","@id":"https:\/\/tourtravelandmore.com\/es\/#organization","name":"Tour Travel And More","url":"https:\/\/tourtravelandmore.com\/es\/","logo":{"@type":"ImageObject","inLanguage":"es","@id":"https:\/\/tourtravelandmore.com\/es\/#\/schema\/logo\/image\/","url":"https:\/\/tourtravelandmore.com\/wp-content\/uploads\/2022\/12\/cropped-logo-cabecera-new.png","contentUrl":"https:\/\/tourtravelandmore.com\/wp-content\/uploads\/2022\/12\/cropped-logo-cabecera-new.png","width":430,"height":61,"caption":"Tour Travel And More"},"image":{"@id":"https:\/\/tourtravelandmore.com\/es\/#\/schema\/logo\/image\/"},"sameAs":["https:\/\/www.facebook.com\/tourtravelandmore\/","https:\/\/x.com\/TourTravel_More"]}]}},"_links":{"self":[{"href":"https:\/\/tourtravelandmore.com\/es\/wp-json\/wp\/v2\/product\/158179","targetHints":{"allow":["GET"]}}],"collection":[{"href":"https:\/\/tourtravelandmore.com\/es\/wp-json\/wp\/v2\/product"}],"about":[{"href":"https:\/\/tourtravelandmore.com\/es\/wp-json\/wp\/v2\/types\/product"}],"replies":[{"embeddable":true,"href":"https:\/\/tourtravelandmore.com\/es\/wp-json\/wp\/v2\/comments?post=158179"}],"wp:featuredmedia":[{"embeddable":true,"href":"https:\/\/tourtravelandmore.com\/es\/wp-json\/wp\/v2\/media\/24560"}],"wp:attachment":[{"href":"https:\/\/tourtravelandmore.com\/es\/wp-json\/wp\/v2\/media?parent=158179"}],"wp:term":[{"taxonomy":"product_brand","embeddable":true,"href":"https:\/\/tourtravelandmore.com\/es\/wp-json\/wp\/v2\/product_brand?post=158179"},{"taxonomy":"product_cat","embeddable":true,"href":"https:\/\/tourtravelandmore.com\/es\/wp-json\/wp\/v2\/product_cat?post=158179"},{"taxonomy":"product_tag","embeddable":true,"href":"https:\/\/tourtravelandmore.com\/es\/wp-json\/wp\/v2\/product_tag?post=158179"}],"curies":[{"name":"wp","href":"https:\/\/api.w.org\/{rel}","templated":true}]}}