{"id":15813,"date":"2017-11-16T13:34:31","date_gmt":"2017-11-16T12:49:31","guid":{"rendered":"http:\/\/tourtravelandmore.com\/es\/?post_type=product&#038;p=15813"},"modified":"2023-09-29T12:04:59","modified_gmt":"2023-09-29T10:04:59","slug":"tour-privado-sintra-y-alrededores-desde-lisboa-4-horas","status":"publish","type":"product","link":"https:\/\/tourtravelandmore.com\/es\/tours\/portugal-es\/lisboa-es\/tour-privado-sintra-y-alrededores-desde-lisboa-4-horas\/","title":{"rendered":"Tour privado de Sintra con visita al Palacio da Pena y Quinta da Regaleira"},"content":{"rendered":"<h2><b>Tour privado de Sintra con visita al Palacio da Pena y Quinta da Regaleira Descripci\u00f3n<\/b><\/h2>\n<p><span style=\"font-weight: 400;\">Sum\u00e9rjase en la incomparable belleza y riqueza hist\u00f3rica de Sintra, una joya situada en medio de la densa vegetaci\u00f3n de un parque natural. Este pueblo, adornado con su encanto de cuento de hadas, parece salido directamente de las p\u00e1ginas de una novela cl\u00e1sica europea. Mientras recorre las serpenteantes carreteras envueltas en bosques m\u00edsticos y respira el aire fresco de la monta\u00f1a, cada curva le ofrece una nueva vista, una nueva perspectiva.<\/span><\/p>\n<p><span style=\"font-weight: 400;\">Con la ayuda de un gu\u00eda privado experto y la comodidad de un ch\u00f3fer dedicado, le prometemos un viaje enriquecedor a trav\u00e9s del tapiz de historias, leyendas y maravillas arquitect\u00f3nicas que hacen de Sintra un lugar tan especial. Esta lujosa experiencia, mejorada por un veh\u00edculo personal, garantiza que pueda absorber la belleza de Sintra a su propio ritmo, deteni\u00e9ndose en los lugares que despiertan su inter\u00e9s y demor\u00e1ndose un poco m\u00e1s para capturar esa fotograf\u00eda o momento de reflexi\u00f3n perfectos.<\/span><\/p>\n<h2><b>Tour privado de Sintra con visita al Palacio de Pena y Quinta da Regaleira Lo m\u00e1s destacado<\/b><\/h2>\n<p><span style=\"font-weight: 400;\">Sintra, joya declarada Patrimonio de la Humanidad por la UNESCO en 1995, ofrece una variedad de tesoros hist\u00f3ricos y naturales sin parang\u00f3n. Al embarcarse en este viaje, le esperan dos de las joyas de la corona de Sintra: el imponente Palacio da Pena, que se alza majestuoso en lo alto del punto m\u00e1s elevado de la villa, es un testimonio del genio arquitect\u00f3nico, que combina con aplomo los estilos morisco, renacentista y manuelino. Igualmente cautivadora es la Quinta da Regaleira, una obra maestra g\u00f3tica llena de encanto m\u00edstico, repleta de enigm\u00e1ticos t\u00faneles, grutas subterr\u00e1neas y el fascinante Pozo de la Iniciaci\u00f3n, que se adentra en espiral en la tierra.<\/span><\/p>\n<p><span style=\"font-weight: 400;\">Sin embargo, el encanto de Sintra va m\u00e1s all\u00e1 de estas maravillas arquitect\u00f3nicas. Avent\u00farese a contemplar la fuerza bruta de la naturaleza en la &#8220;Boca do Inferno&#8221;, una espectacular formaci\u00f3n acantilada esculpida por las implacables olas del Atl\u00e1ntico. No muy lejos, las tranquilas playas de &#8220;El Guincho&#8221; le atraen. Sus arenas doradas y aguas cristalinas se hicieron famosas en el cine como tel\u00f3n de fondo de una saga cl\u00e1sica de James Bond. Mientras la brisa marina le roza la cara y la historia de siglos le susurra al o\u00eddo, comprender\u00e1 la verdadera esencia de Sintra.<\/span><\/p>\n<p><span style=\"font-weight: 400;\">Con Tour Travel and More como gu\u00eda, cada paso promete un nuevo descubrimiento, cada giro una nueva revelaci\u00f3n. Prep\u00e1rese para dejarse cautivar por el rico tapiz de historias, vistas y sensaciones que hacen de Sintra un destino sin igual.<\/span><\/p>\n<h3><span style=\"font-weight: 400;\">Visitas populares y lugares de inter\u00e9s en Sintra<\/span><\/h3>\n<p>&nbsp;<\/p>\n<ul>\n<li style=\"font-weight: 400;\" aria-level=\"1\"><b>Palacio da Pena:<\/b><span style=\"font-weight: 400;\"> Testimonio del romanticismo del siglo XIX, este palacio exhibe una v\u00edvida paleta de colores y una ecl\u00e9ctica mezcla de estilos arquitect\u00f3nicos. Su belleza, unida a su ubicaci\u00f3n en lo alto de una colina, lo convierten en un lugar digno de contemplar, con vistas panor\u00e1micas de Sintra.<\/span><\/li>\n<li style=\"font-weight: 400;\" aria-level=\"1\"><b>Quinta da Regaleira:<\/b><span style=\"font-weight: 400;\"> Esta finca no es s\u00f3lo la gran casa, sino tambi\u00e9n sus enigm\u00e1ticos terrenos, con una serie de t\u00faneles, cuevas y el Pozo de la Iniciaci\u00f3n en espiral. Su ambiente m\u00edstico se basa en s\u00edmbolos de la alquimia, la masoner\u00eda y los templarios.<\/span><\/li>\n<li style=\"font-weight: 400;\" aria-level=\"1\"><b>Boca del Infierno<\/b><span style=\"font-weight: 400;\">: Traducida como &#8220;Boca del Infierno&#8221;, esta formaci\u00f3n acantilada hipnotiza con el baile agresivo pero cautivador de las olas que se estrellan contra las cuevas.<\/span><\/li>\n<li style=\"font-weight: 400;\" aria-level=\"1\"><b>Playa de El Guincho:<\/b><span style=\"font-weight: 400;\"> Un sereno para\u00edso costero conocido por sus arenas doradas y favorito entre los surfistas. Su fama cinematogr\u00e1fica a\u00f1ade una capa m\u00e1s a su atractivo.<\/span><\/li>\n<li style=\"font-weight: 400;\" aria-level=\"1\"><b>Palacio Nacional de Sintra:<\/b><span style=\"font-weight: 400;\"> Con una historia milenaria, las singulares chimeneas c\u00f3nicas gemelas de este palacio y su mezcla de estilos morisco y manuelino hablan de su pasado hist\u00f3rico.<\/span><\/li>\n<\/ul>\n<p>&nbsp;<\/p>\n<p><span style=\"font-weight: 400;\">Para aquellos a los que les haya picado el gusanillo de explorar Sintra, Tour Travel and More tambi\u00e9n ofrece una amplia gama de visitas privadas a Lisboa. Sum\u00e9rjase en la rica historia y la vibrante <\/span><a href=\"https:\/\/tourtravelandmore.com\/es\/ciudad\/portugal-es\/lisboa-es\/\"><span style=\"font-weight: 400;\">cultura de Portugal explorando nuestras diversas ofertas en el sitio web de Tour Travel and More.<\/span><\/a><\/p>\n","protected":false},"excerpt":{"rendered":"<p><span style=\"font-weight: 400;\">Sum\u00e9rjase en el encantador mundo de Sintra con nuestro tour privado, destacando el majestuoso Palacio da Pena y la misteriosa Quinta da Regaleira, y descubra la magia atemporal que ha cautivado a los viajeros durante siglos.<\/span><\/p>\n","protected":false},"featured_media":15794,"comment_status":"open","ping_status":"closed","template":"","meta":{"_acf_changed":false},"product_brand":[],"product_cat":[625,628,630],"product_tag":[],"class_list":{"0":"post-15813","1":"product","2":"type-product","3":"status-publish","4":"has-post-thumbnail","6":"product_cat-lisboa-es","7":"product_cat-lisboa-actividades-es","8":"product_cat-lisboa-rutas-turisticas-privadas-es","10":"first","11":"instock","12":"shipping-taxable","13":"purchasable","14":"product-type-simple"},"acf":[],"yoast_head":"<!-- This site is optimized with the Yoast SEO Premium plugin v25.3.1 (Yoast SEO v25.3.1) - https:\/\/yoast.com\/wordpress\/plugins\/seo\/ -->\n<title>\u27a1\ufe0f Explore Sintra: Tour Privado Palacio da Pena &amp; Quinta da Regaleira<\/title>\n<meta name=\"description\" content=\"Descubra el m\u00e1gico mundo de Sintra en un tour privado, con visitas al Palacio de Pena &amp; Quinta da Regaleira. Sum\u00e9rjase en la historia con Tour Travel and More. \u2705\" \/>\n<meta name=\"robots\" content=\"index, follow, max-snippet:-1, max-image-preview:large, max-video-preview:-1\" \/>\n<link rel=\"canonical\" href=\"https:\/\/tourtravelandmore.com\/es\/tours\/portugal-es\/lisboa-es\/tour-privado-sintra-y-alrededores-desde-lisboa-4-horas\/\" \/>\n<meta property=\"og:locale\" content=\"es_ES\" \/>\n<meta property=\"og:type\" content=\"article\" \/>\n<meta property=\"og:title\" content=\"Tour privado de Sintra con visita al Palacio da Pena y Quinta da Regaleira\" \/>\n<meta property=\"og:description\" content=\"Descubra el m\u00e1gico mundo de Sintra en un tour privado, con visitas al Palacio de Pena &amp; Quinta da Regaleira. Sum\u00e9rjase en la historia con Tour Travel and More. \u2705\" \/>\n<meta property=\"og:url\" content=\"https:\/\/tourtravelandmore.com\/es\/tours\/portugal-es\/lisboa-es\/tour-privado-sintra-y-alrededores-desde-lisboa-4-horas\/\" \/>\n<meta property=\"og:site_name\" content=\"Tour Travel And More\" \/>\n<meta property=\"article:publisher\" content=\"https:\/\/www.facebook.com\/tourtravelandmore\/\" \/>\n<meta property=\"article:modified_time\" content=\"2023-09-29T10:04:59+00:00\" \/>\n<meta property=\"og:image\" content=\"https:\/\/tourtravelandmore.com\/wp-content\/uploads\/2017\/11\/Vista_de_Sintra1-1.jpg\" \/>\n\t<meta property=\"og:image:width\" content=\"1999\" \/>\n\t<meta property=\"og:image:height\" content=\"1499\" \/>\n\t<meta property=\"og:image:type\" content=\"image\/jpeg\" \/>\n<meta name=\"twitter:card\" content=\"summary_large_image\" \/>\n<meta name=\"twitter:site\" content=\"@TourTravel_More\" \/>\n<meta name=\"twitter:label1\" content=\"Tiempo de lectura\" \/>\n\t<meta name=\"twitter:data1\" content=\"4 minutos\" \/>\n<script type=\"application\/ld+json\" class=\"yoast-schema-graph\">{\"@context\":\"https:\/\/schema.org\",\"@graph\":[{\"@type\":\"WebPage\",\"@id\":\"https:\/\/tourtravelandmore.com\/es\/tours\/portugal-es\/lisboa-es\/tour-privado-sintra-y-alrededores-desde-lisboa-4-horas\/\",\"url\":\"https:\/\/tourtravelandmore.com\/es\/tours\/portugal-es\/lisboa-es\/tour-privado-sintra-y-alrededores-desde-lisboa-4-horas\/\",\"name\":\"\u27a1\ufe0f Explore Sintra: Tour Privado Palacio da Pena & Quinta da Regaleira\",\"isPartOf\":{\"@id\":\"https:\/\/tourtravelandmore.com\/es\/#website\"},\"primaryImageOfPage\":{\"@id\":\"https:\/\/tourtravelandmore.com\/es\/tours\/portugal-es\/lisboa-es\/tour-privado-sintra-y-alrededores-desde-lisboa-4-horas\/#primaryimage\"},\"image\":{\"@id\":\"https:\/\/tourtravelandmore.com\/es\/tours\/portugal-es\/lisboa-es\/tour-privado-sintra-y-alrededores-desde-lisboa-4-horas\/#primaryimage\"},\"thumbnailUrl\":\"https:\/\/tourtravelandmore.com\/wp-content\/uploads\/2017\/11\/Vista_de_Sintra1-1.jpg\",\"datePublished\":\"2017-11-16T12:49:31+00:00\",\"dateModified\":\"2023-09-29T10:04:59+00:00\",\"description\":\"Descubra el m\u00e1gico mundo de Sintra en un tour privado, con visitas al Palacio de Pena & Quinta da Regaleira. Sum\u00e9rjase en la historia con Tour Travel and More. \u2705\",\"breadcrumb\":{\"@id\":\"https:\/\/tourtravelandmore.com\/es\/tours\/portugal-es\/lisboa-es\/tour-privado-sintra-y-alrededores-desde-lisboa-4-horas\/#breadcrumb\"},\"inLanguage\":\"es\",\"potentialAction\":[{\"@type\":\"ReadAction\",\"target\":[\"https:\/\/tourtravelandmore.com\/es\/tours\/portugal-es\/lisboa-es\/tour-privado-sintra-y-alrededores-desde-lisboa-4-horas\/\"]}]},{\"@type\":\"ImageObject\",\"inLanguage\":\"es\",\"@id\":\"https:\/\/tourtravelandmore.com\/es\/tours\/portugal-es\/lisboa-es\/tour-privado-sintra-y-alrededores-desde-lisboa-4-horas\/#primaryimage\",\"url\":\"https:\/\/tourtravelandmore.com\/wp-content\/uploads\/2017\/11\/Vista_de_Sintra1-1.jpg\",\"contentUrl\":\"https:\/\/tourtravelandmore.com\/wp-content\/uploads\/2017\/11\/Vista_de_Sintra1-1.jpg\",\"width\":1999,\"height\":1499},{\"@type\":\"BreadcrumbList\",\"@id\":\"https:\/\/tourtravelandmore.com\/es\/tours\/portugal-es\/lisboa-es\/tour-privado-sintra-y-alrededores-desde-lisboa-4-horas\/#breadcrumb\",\"itemListElement\":[{\"@type\":\"ListItem\",\"position\":1,\"name\":\"Home\",\"item\":\"https:\/\/tourtravelandmore.com\/es\/\"},{\"@type\":\"ListItem\",\"position\":2,\"name\":\"Tours\",\"item\":\"https:\/\/tourtravelandmore.com\/es\/tours\/\"},{\"@type\":\"ListItem\",\"position\":3,\"name\":\"Tour privado de Sintra con visita al Palacio da Pena y Quinta da Regaleira\"}]},{\"@type\":\"WebSite\",\"@id\":\"https:\/\/tourtravelandmore.com\/es\/#website\",\"url\":\"https:\/\/tourtravelandmore.com\/es\/\",\"name\":\"Tour Travel And More\",\"description\":\"Private sightseeing tours and luxury transfers in Spain\",\"publisher\":{\"@id\":\"https:\/\/tourtravelandmore.com\/es\/#organization\"},\"potentialAction\":[{\"@type\":\"SearchAction\",\"target\":{\"@type\":\"EntryPoint\",\"urlTemplate\":\"https:\/\/tourtravelandmore.com\/es\/?s={search_term_string}\"},\"query-input\":{\"@type\":\"PropertyValueSpecification\",\"valueRequired\":true,\"valueName\":\"search_term_string\"}}],\"inLanguage\":\"es\"},{\"@type\":\"Organization\",\"@id\":\"https:\/\/tourtravelandmore.com\/es\/#organization\",\"name\":\"Tour Travel And More\",\"url\":\"https:\/\/tourtravelandmore.com\/es\/\",\"logo\":{\"@type\":\"ImageObject\",\"inLanguage\":\"es\",\"@id\":\"https:\/\/tourtravelandmore.com\/es\/#\/schema\/logo\/image\/\",\"url\":\"https:\/\/tourtravelandmore.com\/wp-content\/uploads\/2022\/12\/cropped-logo-cabecera-new.png\",\"contentUrl\":\"https:\/\/tourtravelandmore.com\/wp-content\/uploads\/2022\/12\/cropped-logo-cabecera-new.png\",\"width\":430,\"height\":61,\"caption\":\"Tour Travel And More\"},\"image\":{\"@id\":\"https:\/\/tourtravelandmore.com\/es\/#\/schema\/logo\/image\/\"},\"sameAs\":[\"https:\/\/www.facebook.com\/tourtravelandmore\/\",\"https:\/\/x.com\/TourTravel_More\"]}]}<\/script>\n<!-- \/ Yoast SEO Premium plugin. -->","yoast_head_json":{"title":"\u27a1\ufe0f Explore Sintra: Tour Privado Palacio da Pena & Quinta da Regaleira","description":"Descubra el m\u00e1gico mundo de Sintra en un tour privado, con visitas al Palacio de Pena & Quinta da Regaleira. Sum\u00e9rjase en la historia con Tour Travel and More. \u2705","robots":{"index":"index","follow":"follow","max-snippet":"max-snippet:-1","max-image-preview":"max-image-preview:large","max-video-preview":"max-video-preview:-1"},"canonical":"https:\/\/tourtravelandmore.com\/es\/tours\/portugal-es\/lisboa-es\/tour-privado-sintra-y-alrededores-desde-lisboa-4-horas\/","og_locale":"es_ES","og_type":"article","og_title":"Tour privado de Sintra con visita al Palacio da Pena y Quinta da Regaleira","og_description":"Descubra el m\u00e1gico mundo de Sintra en un tour privado, con visitas al Palacio de Pena & Quinta da Regaleira. Sum\u00e9rjase en la historia con Tour Travel and More. \u2705","og_url":"https:\/\/tourtravelandmore.com\/es\/tours\/portugal-es\/lisboa-es\/tour-privado-sintra-y-alrededores-desde-lisboa-4-horas\/","og_site_name":"Tour Travel And More","article_publisher":"https:\/\/www.facebook.com\/tourtravelandmore\/","article_modified_time":"2023-09-29T10:04:59+00:00","og_image":[{"width":1999,"height":1499,"url":"https:\/\/tourtravelandmore.com\/wp-content\/uploads\/2017\/11\/Vista_de_Sintra1-1.jpg","type":"image\/jpeg"}],"twitter_card":"summary_large_image","twitter_site":"@TourTravel_More","twitter_misc":{"Tiempo de lectura":"4 minutos"},"schema":{"@context":"https:\/\/schema.org","@graph":[{"@type":"WebPage","@id":"https:\/\/tourtravelandmore.com\/es\/tours\/portugal-es\/lisboa-es\/tour-privado-sintra-y-alrededores-desde-lisboa-4-horas\/","url":"https:\/\/tourtravelandmore.com\/es\/tours\/portugal-es\/lisboa-es\/tour-privado-sintra-y-alrededores-desde-lisboa-4-horas\/","name":"\u27a1\ufe0f Explore Sintra: Tour Privado Palacio da Pena & Quinta da Regaleira","isPartOf":{"@id":"https:\/\/tourtravelandmore.com\/es\/#website"},"primaryImageOfPage":{"@id":"https:\/\/tourtravelandmore.com\/es\/tours\/portugal-es\/lisboa-es\/tour-privado-sintra-y-alrededores-desde-lisboa-4-horas\/#primaryimage"},"image":{"@id":"https:\/\/tourtravelandmore.com\/es\/tours\/portugal-es\/lisboa-es\/tour-privado-sintra-y-alrededores-desde-lisboa-4-horas\/#primaryimage"},"thumbnailUrl":"https:\/\/tourtravelandmore.com\/wp-content\/uploads\/2017\/11\/Vista_de_Sintra1-1.jpg","datePublished":"2017-11-16T12:49:31+00:00","dateModified":"2023-09-29T10:04:59+00:00","description":"Descubra el m\u00e1gico mundo de Sintra en un tour privado, con visitas al Palacio de Pena & Quinta da Regaleira. Sum\u00e9rjase en la historia con Tour Travel and More. \u2705","breadcrumb":{"@id":"https:\/\/tourtravelandmore.com\/es\/tours\/portugal-es\/lisboa-es\/tour-privado-sintra-y-alrededores-desde-lisboa-4-horas\/#breadcrumb"},"inLanguage":"es","potentialAction":[{"@type":"ReadAction","target":["https:\/\/tourtravelandmore.com\/es\/tours\/portugal-es\/lisboa-es\/tour-privado-sintra-y-alrededores-desde-lisboa-4-horas\/"]}]},{"@type":"ImageObject","inLanguage":"es","@id":"https:\/\/tourtravelandmore.com\/es\/tours\/portugal-es\/lisboa-es\/tour-privado-sintra-y-alrededores-desde-lisboa-4-horas\/#primaryimage","url":"https:\/\/tourtravelandmore.com\/wp-content\/uploads\/2017\/11\/Vista_de_Sintra1-1.jpg","contentUrl":"https:\/\/tourtravelandmore.com\/wp-content\/uploads\/2017\/11\/Vista_de_Sintra1-1.jpg","width":1999,"height":1499},{"@type":"BreadcrumbList","@id":"https:\/\/tourtravelandmore.com\/es\/tours\/portugal-es\/lisboa-es\/tour-privado-sintra-y-alrededores-desde-lisboa-4-horas\/#breadcrumb","itemListElement":[{"@type":"ListItem","position":1,"name":"Home","item":"https:\/\/tourtravelandmore.com\/es\/"},{"@type":"ListItem","position":2,"name":"Tours","item":"https:\/\/tourtravelandmore.com\/es\/tours\/"},{"@type":"ListItem","position":3,"name":"Tour privado de Sintra con visita al Palacio da Pena y Quinta da Regaleira"}]},{"@type":"WebSite","@id":"https:\/\/tourtravelandmore.com\/es\/#website","url":"https:\/\/tourtravelandmore.com\/es\/","name":"Tour Travel And More","description":"Private sightseeing tours and luxury transfers in Spain","publisher":{"@id":"https:\/\/tourtravelandmore.com\/es\/#organization"},"potentialAction":[{"@type":"SearchAction","target":{"@type":"EntryPoint","urlTemplate":"https:\/\/tourtravelandmore.com\/es\/?s={search_term_string}"},"query-input":{"@type":"PropertyValueSpecification","valueRequired":true,"valueName":"search_term_string"}}],"inLanguage":"es"},{"@type":"Organization","@id":"https:\/\/tourtravelandmore.com\/es\/#organization","name":"Tour Travel And More","url":"https:\/\/tourtravelandmore.com\/es\/","logo":{"@type":"ImageObject","inLanguage":"es","@id":"https:\/\/tourtravelandmore.com\/es\/#\/schema\/logo\/image\/","url":"https:\/\/tourtravelandmore.com\/wp-content\/uploads\/2022\/12\/cropped-logo-cabecera-new.png","contentUrl":"https:\/\/tourtravelandmore.com\/wp-content\/uploads\/2022\/12\/cropped-logo-cabecera-new.png","width":430,"height":61,"caption":"Tour Travel And More"},"image":{"@id":"https:\/\/tourtravelandmore.com\/es\/#\/schema\/logo\/image\/"},"sameAs":["https:\/\/www.facebook.com\/tourtravelandmore\/","https:\/\/x.com\/TourTravel_More"]}]}},"_links":{"self":[{"href":"https:\/\/tourtravelandmore.com\/es\/wp-json\/wp\/v2\/product\/15813","targetHints":{"allow":["GET"]}}],"collection":[{"href":"https:\/\/tourtravelandmore.com\/es\/wp-json\/wp\/v2\/product"}],"about":[{"href":"https:\/\/tourtravelandmore.com\/es\/wp-json\/wp\/v2\/types\/product"}],"replies":[{"embeddable":true,"href":"https:\/\/tourtravelandmore.com\/es\/wp-json\/wp\/v2\/comments?post=15813"}],"wp:featuredmedia":[{"embeddable":true,"href":"https:\/\/tourtravelandmore.com\/es\/wp-json\/wp\/v2\/media\/15794"}],"wp:attachment":[{"href":"https:\/\/tourtravelandmore.com\/es\/wp-json\/wp\/v2\/media?parent=15813"}],"wp:term":[{"taxonomy":"product_brand","embeddable":true,"href":"https:\/\/tourtravelandmore.com\/es\/wp-json\/wp\/v2\/product_brand?post=15813"},{"taxonomy":"product_cat","embeddable":true,"href":"https:\/\/tourtravelandmore.com\/es\/wp-json\/wp\/v2\/product_cat?post=15813"},{"taxonomy":"product_tag","embeddable":true,"href":"https:\/\/tourtravelandmore.com\/es\/wp-json\/wp\/v2\/product_tag?post=15813"}],"curies":[{"name":"wp","href":"https:\/\/api.w.org\/{rel}","templated":true}]}}