{"id":15786,"date":"2017-11-16T13:01:49","date_gmt":"2017-11-16T12:16:46","guid":{"rendered":"http:\/\/tourtravelandmore.com\/es\/?post_type=product&#038;p=15786"},"modified":"2023-12-29T14:47:26","modified_gmt":"2023-12-29T13:47:26","slug":"tour-privado-desde-oporto-a-santiago","status":"publish","type":"product","link":"https:\/\/tourtravelandmore.com\/es\/tours\/portugal-es\/oporto-es\/tour-privado-desde-oporto-a-santiago\/","title":{"rendered":"Tour Privado a Santiago de Compostela"},"content":{"rendered":"<h2><b>Descripci\u00f3n de la excursi\u00f3n de un d\u00eda a Santiago de Compostela<\/b><\/h2>\n<p><span style=\"font-weight: 400;\">Emb\u00e1rquese en un viaje trascendental desde Oporto hasta las hist\u00f3ricas calles de Santiago de Compostela, ciudad venerada como culminaci\u00f3n de la legendaria ruta de peregrinaci\u00f3n del Camino de Santiago. Esta excursi\u00f3n privada de un d\u00eda de Tour Travel and More promete no s\u00f3lo un viaje, sino una inmersi\u00f3n profunda en el coraz\u00f3n espiritual e hist\u00f3rico de una de las ciudades m\u00e1s emblem\u00e1ticas de Espa\u00f1a, junto con el encanto de Viana do Castelo, una joya del norte de Portugal.<\/span><\/p>\n<p><span style=\"font-weight: 400;\">La aventura comienza en Oporto, donde un ch\u00f3fer privado le dar\u00e1 la bienvenida y marcar\u00e1 el ritmo de un d\u00eda de exploraci\u00f3n y descubrimientos. A medida que avanza hacia Santiago de Compostela, los paisajes cambian sutilmente, narrando el paso de Portugal a Espa\u00f1a. Este recorrido es una experiencia a medida, adaptada a sus intereses y a su ritmo, que garantiza que cada momento sea significativo y enriquecedor.<\/span><\/p>\n<p><span style=\"font-weight: 400;\">A su llegada a Santiago de Compostela, prep\u00e1rese para dejarse cautivar por la grandeza hist\u00f3rica de la ciudad. Conocida como la \u00faltima parada del Camino de Santiago, una peregrinaci\u00f3n de origen medieval, la ciudad vibra con una mezcla \u00fanica de espiritualidad, historia y animadas escenas culturales. La arquitectura de la ciudad, mezcla de estilos rom\u00e1nico, g\u00f3tico y barroco, crea un tel\u00f3n de fondo encantador para sus exploraciones.<\/span><\/p>\n<p><span style=\"font-weight: 400;\">Continuando su viaje por la ciudad sagrada de Santiago de Compostela, se ver\u00e1 envuelto por el palpable sentido de la historia y la devoci\u00f3n que impregna cada calle empedrada y cada antigua estructura. Esta ciudad no es s\u00f3lo un destino, sino un museo vivo en el que resuenan las huellas de los innumerables peregrinos que han recorrido sus caminos a lo largo de los siglos.<\/span><\/p>\n<p><span style=\"font-weight: 400;\">A medida que se recorren los caminos de Santiago, cada curva presenta un nuevo retablo de importancia hist\u00f3rica y belleza arquitect\u00f3nica. Desde las intrincadas fachadas de edificios milenarios hasta las bulliciosas plazas rebosantes de vida cotidiana, Santiago ofrece un rico tapiz de experiencias. Su gu\u00eda, gran conocedor de la historia local, le har\u00e1 revivir las historias y tradiciones que hacen de Santiago un lugar fascinante.<\/span><\/p>\n<h2><b>Lo m\u00e1s destacado de la excursi\u00f3n de un d\u00eda a Santiago de Compostela<\/b><\/h2>\n<ul>\n<li style=\"font-weight: 400;\" aria-level=\"1\"><b>Catedral de Santiago de Compostela:<\/b><span style=\"font-weight: 400;\"> Marav\u00edllese ante esta maravilla arquitect\u00f3nica, una obra maestra del rom\u00e1nico que alberga la supuesta tumba del Ap\u00f3stol Santiago. La grandeza de la catedral y su importancia hist\u00f3rica la convierten en un faro tanto para peregrinos como para amantes del arte.<\/span><\/li>\n<li style=\"font-weight: 400;\" aria-level=\"1\"><b>Casco antiguo:<\/b><span style=\"font-weight: 400;\"> Pasee por el casco antiguo, declarado Patrimonio de la Humanidad por la UNESCO, con sus estrechas y sinuosas calles y una gran variedad de impresionantes edificios, caf\u00e9s y tiendas. Esta zona encierra siglos de historia y cultura.<\/span><\/li>\n<li style=\"font-weight: 400;\" aria-level=\"1\"><b>Viana do Castelo:<\/b><span style=\"font-weight: 400;\"> En su viaje de regreso, haga una parada en esta pintoresca ciudad del norte de Portugal. Conocida por su papel en la Era de los Descubrimientos, Viana do Castelo ofrece impresionantes vistas desde la colina de Santa Luzia y la oportunidad de visitar la Bas\u00edlica del Sagrado Coraz\u00f3n de Jes\u00fas, s\u00edmbolo del patrimonio religioso y arquitect\u00f3nico de Portugal.<\/span><\/li>\n<li style=\"font-weight: 400;\" aria-level=\"1\"><b>Experiencia personalizada:<\/b><span style=\"font-weight: 400;\"> Con la flexibilidad de adaptar el itinerario, pase m\u00e1s tiempo en los lugares que m\u00e1s le intriguen. Ya sea explorando los rincones de la catedral, disfrutando de la gastronom\u00eda local o contemplando las vistas panor\u00e1micas, este recorrido se adapta a sus preferencias.<\/span><\/li>\n<li style=\"font-weight: 400;\" aria-level=\"1\"><b>Viaje c\u00f3modo<\/b><span style=\"font-weight: 400;\">: Rel\u00e1jese en la comodidad de un veh\u00edculo privado de lujo durante todo el viaje, con un conductor experto que le garantizar\u00e1 una experiencia de viaje fluida y agradable.<\/span><\/li>\n<li style=\"font-weight: 400;\" aria-level=\"1\"><b>Gu\u00eda experto:<\/b><span style=\"font-weight: 400;\"> Su recorrido se ve reforzado con las percepciones de un gu\u00eda local en Santiago de Compostela, dando vida a las leyendas, la historia y las an\u00e9cdotas de los lugares que visita.<\/span><\/li>\n<li style=\"font-weight: 400;\" aria-level=\"1\"><b>P\u00f3rtico de la Gloria:<\/b><span style=\"font-weight: 400;\"> Exquisito ejemplo de arte medieval, el P\u00f3rtico de la Gloria de la Catedral de Santiago es una impresionante representaci\u00f3n del Juicio Final. La complejidad y expresividad de las esculturas son testimonio de la maestr\u00eda art\u00edstica de la \u00e9poca medieval.<\/span><\/li>\n<li style=\"font-weight: 400;\" aria-level=\"1\"><b>Praza do Obradoiro:<\/b><span style=\"font-weight: 400;\"> el coraz\u00f3n de Santiago, esta gran plaza est\u00e1 rodeada de edificios monumentales, como el Hostal dos Reis Cat\u00f3licos, el Palacio de Raxoi y la Catedral de Santiago. Es un punto de encuentro de peregrinos y un lugar perfecto para absorber la vibrante atm\u00f3sfera de la ciudad.<\/span><\/li>\n<\/ul>\n<p><span style=\"font-weight: 400;\">Tras un d\u00eda rico en encuentros culturales y espirituales, su ch\u00f3fer privado le acompa\u00f1ar\u00e1 de vuelta a Oporto, dej\u00e1ndole el recuerdo de un<\/span><a href=\"https:\/\/tourtravelandmore.com\/es\/ciudad\/portugal-es\/oporto-es\/\"><span style=\"font-weight: 400;\"> viaje inolvidable por dos de las ciudades m\u00e1s cautivadoras de la Pen\u00ednsula Ib\u00e9rica.<\/span><\/a><\/p>\n","protected":false},"excerpt":{"rendered":"<p><span style=\"font-weight: 400;\">\u00danase a nuestra excursi\u00f3n privada de un d\u00eda desde Oporto a Santiago de Compostela y Viana do Castelo. Explore lugares hist\u00f3ricos, disfrute del ambiente espiritual de la Catedral de Santiago y del\u00e9itese con la belleza paisaj\u00edstica del norte de Portugal, todo ello con la comodidad de un gu\u00eda y un veh\u00edculo privados.<\/span><\/p>\n","protected":false},"featured_media":15781,"comment_status":"open","ping_status":"closed","template":"","meta":{"_acf_changed":false},"product_brand":[],"product_cat":[624,633,634],"product_tag":[],"class_list":{"0":"post-15786","1":"product","2":"type-product","3":"status-publish","4":"has-post-thumbnail","6":"product_cat-oporto-es","7":"product_cat-oporto-actividades-es","8":"product_cat-oporto-excursiones-es","10":"first","11":"instock","12":"shipping-taxable","13":"purchasable","14":"product-type-simple"},"acf":[],"yoast_head":"<!-- This site is optimized with the Yoast SEO Premium plugin v25.3.1 (Yoast SEO v25.3.1) - https:\/\/yoast.com\/wordpress\/plugins\/seo\/ -->\n<title>\u27a1\ufe0f Descubra Santiago de Compostela: Excursi\u00f3n privada de un d\u00eda desde Oporto \u2705<\/title>\n<meta name=\"description\" content=\"Explore las maravillas hist\u00f3ricas de Santiago de Compostela y Viana do Castelo en una excursi\u00f3n privada de un d\u00eda desde Oporto. Experimente la cultura, la historia y la espiritualidad. \u2705\" \/>\n<meta name=\"robots\" content=\"index, follow, max-snippet:-1, max-image-preview:large, max-video-preview:-1\" \/>\n<link rel=\"canonical\" href=\"https:\/\/tourtravelandmore.com\/es\/tours\/portugal-es\/oporto-es\/tour-privado-desde-oporto-a-santiago\/\" \/>\n<meta property=\"og:locale\" content=\"es_ES\" \/>\n<meta property=\"og:type\" content=\"article\" \/>\n<meta property=\"og:title\" content=\"Tour Privado a Santiago de Compostela\" \/>\n<meta property=\"og:description\" content=\"Explore las maravillas hist\u00f3ricas de Santiago de Compostela y Viana do Castelo en una excursi\u00f3n privada de un d\u00eda desde Oporto. Experimente la cultura, la historia y la espiritualidad. \u2705\" \/>\n<meta property=\"og:url\" content=\"https:\/\/tourtravelandmore.com\/es\/tours\/portugal-es\/oporto-es\/tour-privado-desde-oporto-a-santiago\/\" \/>\n<meta property=\"og:site_name\" content=\"Tour Travel And More\" \/>\n<meta property=\"article:publisher\" content=\"https:\/\/www.facebook.com\/tourtravelandmore\/\" \/>\n<meta property=\"article:modified_time\" content=\"2023-12-29T13:47:26+00:00\" \/>\n<meta property=\"og:image\" content=\"https:\/\/tourtravelandmore.com\/wp-content\/uploads\/2017\/11\/santiago.jpg\" \/>\n\t<meta property=\"og:image:width\" content=\"1024\" \/>\n\t<meta property=\"og:image:height\" content=\"681\" \/>\n\t<meta property=\"og:image:type\" content=\"image\/jpeg\" \/>\n<meta name=\"twitter:card\" content=\"summary_large_image\" \/>\n<meta name=\"twitter:site\" content=\"@TourTravel_More\" \/>\n<meta name=\"twitter:label1\" content=\"Tiempo de lectura\" \/>\n\t<meta name=\"twitter:data1\" content=\"4 minutos\" \/>\n<script type=\"application\/ld+json\" class=\"yoast-schema-graph\">{\"@context\":\"https:\/\/schema.org\",\"@graph\":[{\"@type\":\"WebPage\",\"@id\":\"https:\/\/tourtravelandmore.com\/es\/tours\/portugal-es\/oporto-es\/tour-privado-desde-oporto-a-santiago\/\",\"url\":\"https:\/\/tourtravelandmore.com\/es\/tours\/portugal-es\/oporto-es\/tour-privado-desde-oporto-a-santiago\/\",\"name\":\"\u27a1\ufe0f Descubra Santiago de Compostela: Excursi\u00f3n privada de un d\u00eda desde Oporto \u2705\",\"isPartOf\":{\"@id\":\"https:\/\/tourtravelandmore.com\/es\/#website\"},\"primaryImageOfPage\":{\"@id\":\"https:\/\/tourtravelandmore.com\/es\/tours\/portugal-es\/oporto-es\/tour-privado-desde-oporto-a-santiago\/#primaryimage\"},\"image\":{\"@id\":\"https:\/\/tourtravelandmore.com\/es\/tours\/portugal-es\/oporto-es\/tour-privado-desde-oporto-a-santiago\/#primaryimage\"},\"thumbnailUrl\":\"https:\/\/tourtravelandmore.com\/wp-content\/uploads\/2017\/11\/santiago.jpg\",\"datePublished\":\"2017-11-16T12:16:46+00:00\",\"dateModified\":\"2023-12-29T13:47:26+00:00\",\"description\":\"Explore las maravillas hist\u00f3ricas de Santiago de Compostela y Viana do Castelo en una excursi\u00f3n privada de un d\u00eda desde Oporto. Experimente la cultura, la historia y la espiritualidad. \u2705\",\"breadcrumb\":{\"@id\":\"https:\/\/tourtravelandmore.com\/es\/tours\/portugal-es\/oporto-es\/tour-privado-desde-oporto-a-santiago\/#breadcrumb\"},\"inLanguage\":\"es\",\"potentialAction\":[{\"@type\":\"ReadAction\",\"target\":[\"https:\/\/tourtravelandmore.com\/es\/tours\/portugal-es\/oporto-es\/tour-privado-desde-oporto-a-santiago\/\"]}]},{\"@type\":\"ImageObject\",\"inLanguage\":\"es\",\"@id\":\"https:\/\/tourtravelandmore.com\/es\/tours\/portugal-es\/oporto-es\/tour-privado-desde-oporto-a-santiago\/#primaryimage\",\"url\":\"https:\/\/tourtravelandmore.com\/wp-content\/uploads\/2017\/11\/santiago.jpg\",\"contentUrl\":\"https:\/\/tourtravelandmore.com\/wp-content\/uploads\/2017\/11\/santiago.jpg\",\"width\":1024,\"height\":681},{\"@type\":\"BreadcrumbList\",\"@id\":\"https:\/\/tourtravelandmore.com\/es\/tours\/portugal-es\/oporto-es\/tour-privado-desde-oporto-a-santiago\/#breadcrumb\",\"itemListElement\":[{\"@type\":\"ListItem\",\"position\":1,\"name\":\"Home\",\"item\":\"https:\/\/tourtravelandmore.com\/es\/\"},{\"@type\":\"ListItem\",\"position\":2,\"name\":\"Tours\",\"item\":\"https:\/\/tourtravelandmore.com\/es\/tours\/\"},{\"@type\":\"ListItem\",\"position\":3,\"name\":\"Tour Privado a Santiago de Compostela\"}]},{\"@type\":\"WebSite\",\"@id\":\"https:\/\/tourtravelandmore.com\/es\/#website\",\"url\":\"https:\/\/tourtravelandmore.com\/es\/\",\"name\":\"Tour Travel And More\",\"description\":\"Private sightseeing tours and luxury transfers in Spain\",\"publisher\":{\"@id\":\"https:\/\/tourtravelandmore.com\/es\/#organization\"},\"potentialAction\":[{\"@type\":\"SearchAction\",\"target\":{\"@type\":\"EntryPoint\",\"urlTemplate\":\"https:\/\/tourtravelandmore.com\/es\/?s={search_term_string}\"},\"query-input\":{\"@type\":\"PropertyValueSpecification\",\"valueRequired\":true,\"valueName\":\"search_term_string\"}}],\"inLanguage\":\"es\"},{\"@type\":\"Organization\",\"@id\":\"https:\/\/tourtravelandmore.com\/es\/#organization\",\"name\":\"Tour Travel And More\",\"url\":\"https:\/\/tourtravelandmore.com\/es\/\",\"logo\":{\"@type\":\"ImageObject\",\"inLanguage\":\"es\",\"@id\":\"https:\/\/tourtravelandmore.com\/es\/#\/schema\/logo\/image\/\",\"url\":\"https:\/\/tourtravelandmore.com\/wp-content\/uploads\/2022\/12\/cropped-logo-cabecera-new.png\",\"contentUrl\":\"https:\/\/tourtravelandmore.com\/wp-content\/uploads\/2022\/12\/cropped-logo-cabecera-new.png\",\"width\":430,\"height\":61,\"caption\":\"Tour Travel And More\"},\"image\":{\"@id\":\"https:\/\/tourtravelandmore.com\/es\/#\/schema\/logo\/image\/\"},\"sameAs\":[\"https:\/\/www.facebook.com\/tourtravelandmore\/\",\"https:\/\/x.com\/TourTravel_More\"]}]}<\/script>\n<!-- \/ Yoast SEO Premium plugin. -->","yoast_head_json":{"title":"\u27a1\ufe0f Descubra Santiago de Compostela: Excursi\u00f3n privada de un d\u00eda desde Oporto \u2705","description":"Explore las maravillas hist\u00f3ricas de Santiago de Compostela y Viana do Castelo en una excursi\u00f3n privada de un d\u00eda desde Oporto. Experimente la cultura, la historia y la espiritualidad. \u2705","robots":{"index":"index","follow":"follow","max-snippet":"max-snippet:-1","max-image-preview":"max-image-preview:large","max-video-preview":"max-video-preview:-1"},"canonical":"https:\/\/tourtravelandmore.com\/es\/tours\/portugal-es\/oporto-es\/tour-privado-desde-oporto-a-santiago\/","og_locale":"es_ES","og_type":"article","og_title":"Tour Privado a Santiago de Compostela","og_description":"Explore las maravillas hist\u00f3ricas de Santiago de Compostela y Viana do Castelo en una excursi\u00f3n privada de un d\u00eda desde Oporto. Experimente la cultura, la historia y la espiritualidad. \u2705","og_url":"https:\/\/tourtravelandmore.com\/es\/tours\/portugal-es\/oporto-es\/tour-privado-desde-oporto-a-santiago\/","og_site_name":"Tour Travel And More","article_publisher":"https:\/\/www.facebook.com\/tourtravelandmore\/","article_modified_time":"2023-12-29T13:47:26+00:00","og_image":[{"width":1024,"height":681,"url":"https:\/\/tourtravelandmore.com\/wp-content\/uploads\/2017\/11\/santiago.jpg","type":"image\/jpeg"}],"twitter_card":"summary_large_image","twitter_site":"@TourTravel_More","twitter_misc":{"Tiempo de lectura":"4 minutos"},"schema":{"@context":"https:\/\/schema.org","@graph":[{"@type":"WebPage","@id":"https:\/\/tourtravelandmore.com\/es\/tours\/portugal-es\/oporto-es\/tour-privado-desde-oporto-a-santiago\/","url":"https:\/\/tourtravelandmore.com\/es\/tours\/portugal-es\/oporto-es\/tour-privado-desde-oporto-a-santiago\/","name":"\u27a1\ufe0f Descubra Santiago de Compostela: Excursi\u00f3n privada de un d\u00eda desde Oporto \u2705","isPartOf":{"@id":"https:\/\/tourtravelandmore.com\/es\/#website"},"primaryImageOfPage":{"@id":"https:\/\/tourtravelandmore.com\/es\/tours\/portugal-es\/oporto-es\/tour-privado-desde-oporto-a-santiago\/#primaryimage"},"image":{"@id":"https:\/\/tourtravelandmore.com\/es\/tours\/portugal-es\/oporto-es\/tour-privado-desde-oporto-a-santiago\/#primaryimage"},"thumbnailUrl":"https:\/\/tourtravelandmore.com\/wp-content\/uploads\/2017\/11\/santiago.jpg","datePublished":"2017-11-16T12:16:46+00:00","dateModified":"2023-12-29T13:47:26+00:00","description":"Explore las maravillas hist\u00f3ricas de Santiago de Compostela y Viana do Castelo en una excursi\u00f3n privada de un d\u00eda desde Oporto. Experimente la cultura, la historia y la espiritualidad. \u2705","breadcrumb":{"@id":"https:\/\/tourtravelandmore.com\/es\/tours\/portugal-es\/oporto-es\/tour-privado-desde-oporto-a-santiago\/#breadcrumb"},"inLanguage":"es","potentialAction":[{"@type":"ReadAction","target":["https:\/\/tourtravelandmore.com\/es\/tours\/portugal-es\/oporto-es\/tour-privado-desde-oporto-a-santiago\/"]}]},{"@type":"ImageObject","inLanguage":"es","@id":"https:\/\/tourtravelandmore.com\/es\/tours\/portugal-es\/oporto-es\/tour-privado-desde-oporto-a-santiago\/#primaryimage","url":"https:\/\/tourtravelandmore.com\/wp-content\/uploads\/2017\/11\/santiago.jpg","contentUrl":"https:\/\/tourtravelandmore.com\/wp-content\/uploads\/2017\/11\/santiago.jpg","width":1024,"height":681},{"@type":"BreadcrumbList","@id":"https:\/\/tourtravelandmore.com\/es\/tours\/portugal-es\/oporto-es\/tour-privado-desde-oporto-a-santiago\/#breadcrumb","itemListElement":[{"@type":"ListItem","position":1,"name":"Home","item":"https:\/\/tourtravelandmore.com\/es\/"},{"@type":"ListItem","position":2,"name":"Tours","item":"https:\/\/tourtravelandmore.com\/es\/tours\/"},{"@type":"ListItem","position":3,"name":"Tour Privado a Santiago de Compostela"}]},{"@type":"WebSite","@id":"https:\/\/tourtravelandmore.com\/es\/#website","url":"https:\/\/tourtravelandmore.com\/es\/","name":"Tour Travel And More","description":"Private sightseeing tours and luxury transfers in Spain","publisher":{"@id":"https:\/\/tourtravelandmore.com\/es\/#organization"},"potentialAction":[{"@type":"SearchAction","target":{"@type":"EntryPoint","urlTemplate":"https:\/\/tourtravelandmore.com\/es\/?s={search_term_string}"},"query-input":{"@type":"PropertyValueSpecification","valueRequired":true,"valueName":"search_term_string"}}],"inLanguage":"es"},{"@type":"Organization","@id":"https:\/\/tourtravelandmore.com\/es\/#organization","name":"Tour Travel And More","url":"https:\/\/tourtravelandmore.com\/es\/","logo":{"@type":"ImageObject","inLanguage":"es","@id":"https:\/\/tourtravelandmore.com\/es\/#\/schema\/logo\/image\/","url":"https:\/\/tourtravelandmore.com\/wp-content\/uploads\/2022\/12\/cropped-logo-cabecera-new.png","contentUrl":"https:\/\/tourtravelandmore.com\/wp-content\/uploads\/2022\/12\/cropped-logo-cabecera-new.png","width":430,"height":61,"caption":"Tour Travel And More"},"image":{"@id":"https:\/\/tourtravelandmore.com\/es\/#\/schema\/logo\/image\/"},"sameAs":["https:\/\/www.facebook.com\/tourtravelandmore\/","https:\/\/x.com\/TourTravel_More"]}]}},"_links":{"self":[{"href":"https:\/\/tourtravelandmore.com\/es\/wp-json\/wp\/v2\/product\/15786","targetHints":{"allow":["GET"]}}],"collection":[{"href":"https:\/\/tourtravelandmore.com\/es\/wp-json\/wp\/v2\/product"}],"about":[{"href":"https:\/\/tourtravelandmore.com\/es\/wp-json\/wp\/v2\/types\/product"}],"replies":[{"embeddable":true,"href":"https:\/\/tourtravelandmore.com\/es\/wp-json\/wp\/v2\/comments?post=15786"}],"wp:featuredmedia":[{"embeddable":true,"href":"https:\/\/tourtravelandmore.com\/es\/wp-json\/wp\/v2\/media\/15781"}],"wp:attachment":[{"href":"https:\/\/tourtravelandmore.com\/es\/wp-json\/wp\/v2\/media?parent=15786"}],"wp:term":[{"taxonomy":"product_brand","embeddable":true,"href":"https:\/\/tourtravelandmore.com\/es\/wp-json\/wp\/v2\/product_brand?post=15786"},{"taxonomy":"product_cat","embeddable":true,"href":"https:\/\/tourtravelandmore.com\/es\/wp-json\/wp\/v2\/product_cat?post=15786"},{"taxonomy":"product_tag","embeddable":true,"href":"https:\/\/tourtravelandmore.com\/es\/wp-json\/wp\/v2\/product_tag?post=15786"}],"curies":[{"name":"wp","href":"https:\/\/api.w.org\/{rel}","templated":true}]}}