{"id":15757,"date":"2017-11-16T10:50:35","date_gmt":"2017-11-16T10:20:00","guid":{"rendered":"http:\/\/tourtravelandmore.com\/es\/?post_type=product&#038;p=15757"},"modified":"2023-11-10T11:31:53","modified_gmt":"2023-11-10T10:31:53","slug":"city-tour-privado-en-lisboa-4-horas","status":"publish","type":"product","link":"https:\/\/tourtravelandmore.com\/es\/tours\/portugal-es\/lisboa-es\/city-tour-privado-en-lisboa-4-horas\/","title":{"rendered":"Tour Privado de medio d\u00eda por Lisboa"},"content":{"rendered":"<h2><b>Tour Privado de Lisboa Descripci\u00f3n<\/b><\/h2>\n<p><span style=\"font-weight: 400;\">Lisboa, faro mundial de riqueza cultural y grandeza arquitect\u00f3nica, promete un viaje inolvidable a trav\u00e9s de sus sinuosas calles y miradores panor\u00e1micos. A menudo aclamada como la &#8220;Ciudad de las Siete Colinas&#8221;, su vasto paisaje est\u00e1 bordado con una mezcla de tejados de terracota, antiguas catedrales y vibrantes barrios, cada uno con historias de \u00e9pocas pasadas.<\/span><\/p>\n<p><span style=\"font-weight: 400;\">Con Tour Travel &amp; More, conozca esta majestuosa ciudad desde la comodidad de un veh\u00edculo de lujo, acompa\u00f1ado por un gu\u00eda y un conductor experimentados. Deje que le llevemos a trav\u00e9s del cautivador tapiz de la historia de Lisboa, desde sus antiguas murallas hasta su efervescencia actual, pasando por su pasado \u00e1rabe, la Era de los Descubrimientos y su evoluci\u00f3n hasta convertirse en una capital europea que combina sin esfuerzo tradici\u00f3n y contemporaneidad.<\/span><\/p>\n<p><span style=\"font-weight: 400;\">Partiendo del lugar que elija en Lisboa, la experiencia del equipo de Tour Travel and More le garantiza un recorrido adaptado a sus intereses personales, optimizando cada momento de la excursi\u00f3n de 4 horas. Enclavada a lo largo de la costa atl\u00e1ntica y rodeada por las tranquilas aguas del r\u00edo Tajo, Lisboa no s\u00f3lo presume de un aura moderna y progresista, sino que tambi\u00e9n atesora sus tradiciones \u00fanicas y su rico patrimonio. Desde las l\u00fagubres melod\u00edas del fado que resuenan en las estrechas callejuelas hasta la grandeza de sus plazas y monumentos, la ciudad ofrece una variada paleta de experiencias.<\/span><\/p>\n<p><span style=\"font-weight: 400;\">Nuestro viaje tambi\u00e9n nos permitir\u00e1 echar un vistazo a los famosos azulejos lisboetas, intrincados azulejos de cer\u00e1mica pintados que adornan diversas fachadas y cuentan historias de la gloria mar\u00edtima, la devoci\u00f3n religiosa y la vida cotidiana de la ciudad.<\/span><\/p>\n<h2><b>Visita privada a los puntos de inter\u00e9s y monumentos de Lisboa<\/b><\/h2>\n<p><span style=\"font-weight: 400;\">El encanto de Lisboa atrae, y con Tour Travel &amp; More, su exploraci\u00f3n se convierte en una intrincada danza a trav\u00e9s de \u00e9pocas, arquitectura y culturas. Comience su recorrido con una recogida personalizada por nuestro gu\u00eda erudito y conductor experto, garantizando tanto la comodidad como comentarios perspicaces.<\/span><\/p>\n<p><span style=\"font-weight: 400;\">Su primer destino ser\u00e1n las calles de Alfama, el barrio m\u00e1s antiguo de Lisboa. Mientras resuenan en el aire los melifluos acordes del fado, uno casi puede o\u00edr los susurros de cuentos moriscos y \u00e9pocas pasadas. Las laber\u00ednticas callejuelas de Alfama ofrecen una experiencia t\u00e1ctil de la historia, con cada adoqu\u00edn y fachada narrando historias de pasi\u00f3n, anhelo y resistencia.<\/span><\/p>\n<p><span style=\"font-weight: 400;\">La imponente silueta del Castillo de San Jorge (Castelo de S\u00e3o Jorge) le espera a continuaci\u00f3n. Encaramado en lo alto de una colina, el castillo no s\u00f3lo ofrece vistas panor\u00e1micas de la ciudad y del sereno r\u00edo Tajo, sino que tambi\u00e9n se erige como centinela del polifac\u00e9tico pasado de Lisboa, desde los visigodos hasta los moros.<\/span><\/p>\n<p><span style=\"font-weight: 400;\">Pasando de lo antiguo al renacimiento arquitect\u00f3nico, le guiaremos hasta la Baixa. F\u00e9nix resurgida de las cenizas del tr\u00e1gico terremoto de 1755, es testimonio de la visi\u00f3n del Marqu\u00e9s de Pombal. Pasee por sus grandes plazas, admire la arquitectura pombalina y, tal vez, vaya de compras por sus elegantes bulevares.<\/span><\/p>\n<p><span style=\"font-weight: 400;\">Siguiendo con su inmersi\u00f3n cultural, avent\u00farese hasta Chiado, donde el esp\u00edritu de poetas, escritores y pensadores perdura entre sus caf\u00e9s y librer\u00edas. Contr\u00e1stelo con la energ\u00eda palpitante de Bairro Alto. De d\u00eda, es un barrio pintoresco, pero al caer la noche se transforma en un animado centro, con casas de fado, bares y restaurantes que pintan una vibrante escena nocturna.<\/span><\/p>\n<p><span style=\"font-weight: 400;\">Al finalizar esta enriquecedora expedici\u00f3n, nuestra prioridad sigue siendo su comodidad y satisfacci\u00f3n. Le acompa\u00f1aremos con seguridad de vuelta al punto final que haya elegido en Lisboa, con la esperanza de que las historias, los sabores y las vistas de la ciudad hayan encontrado un lugar permanente en su coraz\u00f3n.<\/span><\/p>\n<p><a href=\"https:\/\/tourtravelandmore.com\/es\/ciudad\/portugal-es\/lisboa-es\/\"><span style=\"font-weight: 400;\">Para una exploraci\u00f3n m\u00e1s amplia de Lisboa y sus maravillas circundantes, examine la extensa lista de tours privados ofrecidos por Tour Travel and More.<\/span><\/a><span style=\"font-weight: 400;\"> Cada una de estas experiencias \u00fanicas garantiza un viaje \u00edntimo y lujoso por el rico entramado de Portugal. Sum\u00e9rjase con nosotros en el encanto de la ciudad.<\/span><\/p>\n","protected":false},"excerpt":{"rendered":"<p><span style=\"font-weight: 400;\">Descubra la encantadora ciudad de Lisboa con nuestro exclusivo tour privado de 4 horas. Sum\u00e9rjase en su rica historia, marav\u00edllese ante su arquitectura \u00fanica y deje que nuestros gu\u00edas expertos le desvelen sus secretos, todo ello en la comodidad de un veh\u00edculo de lujo. Ofrecido por Tour Travel and More.<\/span><\/p>\n","protected":false},"featured_media":17261,"comment_status":"open","ping_status":"closed","template":"","meta":{"_acf_changed":false},"product_brand":[],"product_cat":[625,628,630],"product_tag":[],"class_list":{"0":"post-15757","1":"product","2":"type-product","3":"status-publish","4":"has-post-thumbnail","6":"product_cat-lisboa-es","7":"product_cat-lisboa-actividades-es","8":"product_cat-lisboa-rutas-turisticas-privadas-es","10":"first","11":"instock","12":"shipping-taxable","13":"purchasable","14":"product-type-simple"},"acf":[],"yoast_head":"<!-- This site is optimized with the Yoast SEO Premium plugin v25.3.1 (Yoast SEO v25.3.1) - https:\/\/yoast.com\/wordpress\/plugins\/seo\/ -->\n<title>\u27a1\ufe0f Tour Privado de Lisboa - Exploraci\u00f3n de lujo con Tour Travel and More<\/title>\n<meta name=\"description\" content=\"Descubra la riqueza cultural y las joyas hist\u00f3ricas de Lisboa en un tour privado de 4 horas. Sum\u00e9rjase en las profundidades con gu\u00edas expertos y un confort de lujo. \u00a1Reserve con Tour Travel and More hoy mismo! \u2705\" \/>\n<meta name=\"robots\" content=\"index, follow, max-snippet:-1, max-image-preview:large, max-video-preview:-1\" \/>\n<link rel=\"canonical\" href=\"https:\/\/tourtravelandmore.com\/es\/tours\/portugal-es\/lisboa-es\/city-tour-privado-en-lisboa-4-horas\/\" \/>\n<meta property=\"og:locale\" content=\"es_ES\" \/>\n<meta property=\"og:type\" content=\"article\" \/>\n<meta property=\"og:title\" content=\"Tour Privado de medio d\u00eda por Lisboa\" \/>\n<meta property=\"og:description\" content=\"Descubra la riqueza cultural y las joyas hist\u00f3ricas de Lisboa en un tour privado de 4 horas. Sum\u00e9rjase en las profundidades con gu\u00edas expertos y un confort de lujo. \u00a1Reserve con Tour Travel and More hoy mismo! \u2705\" \/>\n<meta property=\"og:url\" content=\"https:\/\/tourtravelandmore.com\/es\/tours\/portugal-es\/lisboa-es\/city-tour-privado-en-lisboa-4-horas\/\" \/>\n<meta property=\"og:site_name\" content=\"Tour Travel And More\" \/>\n<meta property=\"article:publisher\" content=\"https:\/\/www.facebook.com\/tourtravelandmore\/\" \/>\n<meta property=\"article:modified_time\" content=\"2023-11-10T10:31:53+00:00\" \/>\n<meta property=\"og:image\" content=\"https:\/\/tourtravelandmore.com\/wp-content\/uploads\/2017\/11\/lisboa-1.jpg\" \/>\n\t<meta property=\"og:image:width\" content=\"560\" \/>\n\t<meta property=\"og:image:height\" content=\"420\" \/>\n\t<meta property=\"og:image:type\" content=\"image\/jpeg\" \/>\n<meta name=\"twitter:card\" content=\"summary_large_image\" \/>\n<meta name=\"twitter:site\" content=\"@TourTravel_More\" \/>\n<meta name=\"twitter:label1\" content=\"Tiempo de lectura\" \/>\n\t<meta name=\"twitter:data1\" content=\"3 minutos\" \/>\n<script type=\"application\/ld+json\" class=\"yoast-schema-graph\">{\"@context\":\"https:\/\/schema.org\",\"@graph\":[{\"@type\":\"WebPage\",\"@id\":\"https:\/\/tourtravelandmore.com\/es\/tours\/portugal-es\/lisboa-es\/city-tour-privado-en-lisboa-4-horas\/\",\"url\":\"https:\/\/tourtravelandmore.com\/es\/tours\/portugal-es\/lisboa-es\/city-tour-privado-en-lisboa-4-horas\/\",\"name\":\"\u27a1\ufe0f Tour Privado de Lisboa - Exploraci\u00f3n de lujo con Tour Travel and More\",\"isPartOf\":{\"@id\":\"https:\/\/tourtravelandmore.com\/es\/#website\"},\"primaryImageOfPage\":{\"@id\":\"https:\/\/tourtravelandmore.com\/es\/tours\/portugal-es\/lisboa-es\/city-tour-privado-en-lisboa-4-horas\/#primaryimage\"},\"image\":{\"@id\":\"https:\/\/tourtravelandmore.com\/es\/tours\/portugal-es\/lisboa-es\/city-tour-privado-en-lisboa-4-horas\/#primaryimage\"},\"thumbnailUrl\":\"https:\/\/tourtravelandmore.com\/wp-content\/uploads\/2017\/11\/lisboa-1.jpg\",\"datePublished\":\"2017-11-16T10:20:00+00:00\",\"dateModified\":\"2023-11-10T10:31:53+00:00\",\"description\":\"Descubra la riqueza cultural y las joyas hist\u00f3ricas de Lisboa en un tour privado de 4 horas. Sum\u00e9rjase en las profundidades con gu\u00edas expertos y un confort de lujo. \u00a1Reserve con Tour Travel and More hoy mismo! \u2705\",\"breadcrumb\":{\"@id\":\"https:\/\/tourtravelandmore.com\/es\/tours\/portugal-es\/lisboa-es\/city-tour-privado-en-lisboa-4-horas\/#breadcrumb\"},\"inLanguage\":\"es\",\"potentialAction\":[{\"@type\":\"ReadAction\",\"target\":[\"https:\/\/tourtravelandmore.com\/es\/tours\/portugal-es\/lisboa-es\/city-tour-privado-en-lisboa-4-horas\/\"]}]},{\"@type\":\"ImageObject\",\"inLanguage\":\"es\",\"@id\":\"https:\/\/tourtravelandmore.com\/es\/tours\/portugal-es\/lisboa-es\/city-tour-privado-en-lisboa-4-horas\/#primaryimage\",\"url\":\"https:\/\/tourtravelandmore.com\/wp-content\/uploads\/2017\/11\/lisboa-1.jpg\",\"contentUrl\":\"https:\/\/tourtravelandmore.com\/wp-content\/uploads\/2017\/11\/lisboa-1.jpg\",\"width\":560,\"height\":420},{\"@type\":\"BreadcrumbList\",\"@id\":\"https:\/\/tourtravelandmore.com\/es\/tours\/portugal-es\/lisboa-es\/city-tour-privado-en-lisboa-4-horas\/#breadcrumb\",\"itemListElement\":[{\"@type\":\"ListItem\",\"position\":1,\"name\":\"Home\",\"item\":\"https:\/\/tourtravelandmore.com\/es\/\"},{\"@type\":\"ListItem\",\"position\":2,\"name\":\"Tours\",\"item\":\"https:\/\/tourtravelandmore.com\/es\/tours\/\"},{\"@type\":\"ListItem\",\"position\":3,\"name\":\"Tour Privado de medio d\u00eda por Lisboa\"}]},{\"@type\":\"WebSite\",\"@id\":\"https:\/\/tourtravelandmore.com\/es\/#website\",\"url\":\"https:\/\/tourtravelandmore.com\/es\/\",\"name\":\"Tour Travel And More\",\"description\":\"Private sightseeing tours and luxury transfers in Spain\",\"publisher\":{\"@id\":\"https:\/\/tourtravelandmore.com\/es\/#organization\"},\"potentialAction\":[{\"@type\":\"SearchAction\",\"target\":{\"@type\":\"EntryPoint\",\"urlTemplate\":\"https:\/\/tourtravelandmore.com\/es\/?s={search_term_string}\"},\"query-input\":{\"@type\":\"PropertyValueSpecification\",\"valueRequired\":true,\"valueName\":\"search_term_string\"}}],\"inLanguage\":\"es\"},{\"@type\":\"Organization\",\"@id\":\"https:\/\/tourtravelandmore.com\/es\/#organization\",\"name\":\"Tour Travel And More\",\"url\":\"https:\/\/tourtravelandmore.com\/es\/\",\"logo\":{\"@type\":\"ImageObject\",\"inLanguage\":\"es\",\"@id\":\"https:\/\/tourtravelandmore.com\/es\/#\/schema\/logo\/image\/\",\"url\":\"https:\/\/tourtravelandmore.com\/wp-content\/uploads\/2022\/12\/cropped-logo-cabecera-new.png\",\"contentUrl\":\"https:\/\/tourtravelandmore.com\/wp-content\/uploads\/2022\/12\/cropped-logo-cabecera-new.png\",\"width\":430,\"height\":61,\"caption\":\"Tour Travel And More\"},\"image\":{\"@id\":\"https:\/\/tourtravelandmore.com\/es\/#\/schema\/logo\/image\/\"},\"sameAs\":[\"https:\/\/www.facebook.com\/tourtravelandmore\/\",\"https:\/\/x.com\/TourTravel_More\"]}]}<\/script>\n<!-- \/ Yoast SEO Premium plugin. -->","yoast_head_json":{"title":"\u27a1\ufe0f Tour Privado de Lisboa - Exploraci\u00f3n de lujo con Tour Travel and More","description":"Descubra la riqueza cultural y las joyas hist\u00f3ricas de Lisboa en un tour privado de 4 horas. Sum\u00e9rjase en las profundidades con gu\u00edas expertos y un confort de lujo. \u00a1Reserve con Tour Travel and More hoy mismo! \u2705","robots":{"index":"index","follow":"follow","max-snippet":"max-snippet:-1","max-image-preview":"max-image-preview:large","max-video-preview":"max-video-preview:-1"},"canonical":"https:\/\/tourtravelandmore.com\/es\/tours\/portugal-es\/lisboa-es\/city-tour-privado-en-lisboa-4-horas\/","og_locale":"es_ES","og_type":"article","og_title":"Tour Privado de medio d\u00eda por Lisboa","og_description":"Descubra la riqueza cultural y las joyas hist\u00f3ricas de Lisboa en un tour privado de 4 horas. Sum\u00e9rjase en las profundidades con gu\u00edas expertos y un confort de lujo. \u00a1Reserve con Tour Travel and More hoy mismo! \u2705","og_url":"https:\/\/tourtravelandmore.com\/es\/tours\/portugal-es\/lisboa-es\/city-tour-privado-en-lisboa-4-horas\/","og_site_name":"Tour Travel And More","article_publisher":"https:\/\/www.facebook.com\/tourtravelandmore\/","article_modified_time":"2023-11-10T10:31:53+00:00","og_image":[{"width":560,"height":420,"url":"https:\/\/tourtravelandmore.com\/wp-content\/uploads\/2017\/11\/lisboa-1.jpg","type":"image\/jpeg"}],"twitter_card":"summary_large_image","twitter_site":"@TourTravel_More","twitter_misc":{"Tiempo de lectura":"3 minutos"},"schema":{"@context":"https:\/\/schema.org","@graph":[{"@type":"WebPage","@id":"https:\/\/tourtravelandmore.com\/es\/tours\/portugal-es\/lisboa-es\/city-tour-privado-en-lisboa-4-horas\/","url":"https:\/\/tourtravelandmore.com\/es\/tours\/portugal-es\/lisboa-es\/city-tour-privado-en-lisboa-4-horas\/","name":"\u27a1\ufe0f Tour Privado de Lisboa - Exploraci\u00f3n de lujo con Tour Travel and More","isPartOf":{"@id":"https:\/\/tourtravelandmore.com\/es\/#website"},"primaryImageOfPage":{"@id":"https:\/\/tourtravelandmore.com\/es\/tours\/portugal-es\/lisboa-es\/city-tour-privado-en-lisboa-4-horas\/#primaryimage"},"image":{"@id":"https:\/\/tourtravelandmore.com\/es\/tours\/portugal-es\/lisboa-es\/city-tour-privado-en-lisboa-4-horas\/#primaryimage"},"thumbnailUrl":"https:\/\/tourtravelandmore.com\/wp-content\/uploads\/2017\/11\/lisboa-1.jpg","datePublished":"2017-11-16T10:20:00+00:00","dateModified":"2023-11-10T10:31:53+00:00","description":"Descubra la riqueza cultural y las joyas hist\u00f3ricas de Lisboa en un tour privado de 4 horas. Sum\u00e9rjase en las profundidades con gu\u00edas expertos y un confort de lujo. \u00a1Reserve con Tour Travel and More hoy mismo! \u2705","breadcrumb":{"@id":"https:\/\/tourtravelandmore.com\/es\/tours\/portugal-es\/lisboa-es\/city-tour-privado-en-lisboa-4-horas\/#breadcrumb"},"inLanguage":"es","potentialAction":[{"@type":"ReadAction","target":["https:\/\/tourtravelandmore.com\/es\/tours\/portugal-es\/lisboa-es\/city-tour-privado-en-lisboa-4-horas\/"]}]},{"@type":"ImageObject","inLanguage":"es","@id":"https:\/\/tourtravelandmore.com\/es\/tours\/portugal-es\/lisboa-es\/city-tour-privado-en-lisboa-4-horas\/#primaryimage","url":"https:\/\/tourtravelandmore.com\/wp-content\/uploads\/2017\/11\/lisboa-1.jpg","contentUrl":"https:\/\/tourtravelandmore.com\/wp-content\/uploads\/2017\/11\/lisboa-1.jpg","width":560,"height":420},{"@type":"BreadcrumbList","@id":"https:\/\/tourtravelandmore.com\/es\/tours\/portugal-es\/lisboa-es\/city-tour-privado-en-lisboa-4-horas\/#breadcrumb","itemListElement":[{"@type":"ListItem","position":1,"name":"Home","item":"https:\/\/tourtravelandmore.com\/es\/"},{"@type":"ListItem","position":2,"name":"Tours","item":"https:\/\/tourtravelandmore.com\/es\/tours\/"},{"@type":"ListItem","position":3,"name":"Tour Privado de medio d\u00eda por Lisboa"}]},{"@type":"WebSite","@id":"https:\/\/tourtravelandmore.com\/es\/#website","url":"https:\/\/tourtravelandmore.com\/es\/","name":"Tour Travel And More","description":"Private sightseeing tours and luxury transfers in Spain","publisher":{"@id":"https:\/\/tourtravelandmore.com\/es\/#organization"},"potentialAction":[{"@type":"SearchAction","target":{"@type":"EntryPoint","urlTemplate":"https:\/\/tourtravelandmore.com\/es\/?s={search_term_string}"},"query-input":{"@type":"PropertyValueSpecification","valueRequired":true,"valueName":"search_term_string"}}],"inLanguage":"es"},{"@type":"Organization","@id":"https:\/\/tourtravelandmore.com\/es\/#organization","name":"Tour Travel And More","url":"https:\/\/tourtravelandmore.com\/es\/","logo":{"@type":"ImageObject","inLanguage":"es","@id":"https:\/\/tourtravelandmore.com\/es\/#\/schema\/logo\/image\/","url":"https:\/\/tourtravelandmore.com\/wp-content\/uploads\/2022\/12\/cropped-logo-cabecera-new.png","contentUrl":"https:\/\/tourtravelandmore.com\/wp-content\/uploads\/2022\/12\/cropped-logo-cabecera-new.png","width":430,"height":61,"caption":"Tour Travel And More"},"image":{"@id":"https:\/\/tourtravelandmore.com\/es\/#\/schema\/logo\/image\/"},"sameAs":["https:\/\/www.facebook.com\/tourtravelandmore\/","https:\/\/x.com\/TourTravel_More"]}]}},"_links":{"self":[{"href":"https:\/\/tourtravelandmore.com\/es\/wp-json\/wp\/v2\/product\/15757","targetHints":{"allow":["GET"]}}],"collection":[{"href":"https:\/\/tourtravelandmore.com\/es\/wp-json\/wp\/v2\/product"}],"about":[{"href":"https:\/\/tourtravelandmore.com\/es\/wp-json\/wp\/v2\/types\/product"}],"replies":[{"embeddable":true,"href":"https:\/\/tourtravelandmore.com\/es\/wp-json\/wp\/v2\/comments?post=15757"}],"wp:featuredmedia":[{"embeddable":true,"href":"https:\/\/tourtravelandmore.com\/es\/wp-json\/wp\/v2\/media\/17261"}],"wp:attachment":[{"href":"https:\/\/tourtravelandmore.com\/es\/wp-json\/wp\/v2\/media?parent=15757"}],"wp:term":[{"taxonomy":"product_brand","embeddable":true,"href":"https:\/\/tourtravelandmore.com\/es\/wp-json\/wp\/v2\/product_brand?post=15757"},{"taxonomy":"product_cat","embeddable":true,"href":"https:\/\/tourtravelandmore.com\/es\/wp-json\/wp\/v2\/product_cat?post=15757"},{"taxonomy":"product_tag","embeddable":true,"href":"https:\/\/tourtravelandmore.com\/es\/wp-json\/wp\/v2\/product_tag?post=15757"}],"curies":[{"name":"wp","href":"https:\/\/api.w.org\/{rel}","templated":true}]}}