{"id":157380,"date":"2023-03-16T15:05:52","date_gmt":"2023-03-16T14:05:56","guid":{"rendered":"https:\/\/tourtravelandmore.com\/?post_type=product&#038;p=157380"},"modified":"2025-05-26T10:51:25","modified_gmt":"2025-05-26T08:51:25","slug":"tour-privado-de-la-alhambra-desde-sevilla","status":"publish","type":"product","link":"https:\/\/tourtravelandmore.com\/es\/tours\/espana-es\/motril-es\/motril-actividades-es\/tour-privado-de-la-alhambra-desde-sevilla\/","title":{"rendered":"Tour a la Alhambra desde Sevilla"},"content":{"rendered":"<h2><strong>Descripci\u00f3n del Tour Privado de la Alhambra desde Sevilla<\/strong><\/h2>\n<p class=\"p1\">Descubra y conozca uno de los monumentos m\u00e1s bonitos y espectaculares del mundo gracias a este <a href=\"https:\/\/tourtravelandmore.com\/es\/ciudad\/espana-es\/sevilla-es\/\">tour privado en Sevilla<\/a> a la <span class=\"s1\"><b>Alhambra<\/b><\/span>, con <span class=\"s1\"><b>veh\u00edculo privado de lujo con ch\u00f3fer<\/b><\/span> y <span class=\"s1\"><b>gu\u00eda oficial privado<\/b><\/span>.<\/p>\n<p class=\"p1\">Le asignaremos un <span class=\"s1\"><b>veh\u00edculo privado de lujo con ch\u00f3fer<\/b><\/span> que le recoger\u00e1 en su hotel (o en el punto que elija) y un <span class=\"s1\"><b>gu\u00eda oficial privado<\/b><\/span> que le estar\u00e1 esperando en Granada para llevarle a trav\u00e9s de los impresionantes palacios y los jardines del complejo de la <span class=\"s1\"><b>Alhambra<\/b><\/span>.<\/p>\n<p class=\"p1\">Nuestro conductor le trasladar\u00e1 c\u00f3modamente a Granada, donde comenzar\u00e1 un recorrido a pie de <span class=\"s1\"><b>3 horas<\/b><\/span> por la Alhambra. Al finalizar, volver\u00e1 a Sevilla para disfrutar de una panor\u00e1mica de la ciudad antes de dejarle de nuevo en el punto de origen.<\/p>\n<p class=\"p1\">La <span class=\"s1\"><b>duraci\u00f3n total<\/b><\/span> de este tour es de <span class=\"s1\"><b>12 horas<\/b><\/span>. El tour es <span class=\"s1\"><b>completamente privado<\/b><\/span> y nos adaptamos a sus necesidades: podr\u00e1 escoger la hora de inicio que mejor le convenga.<\/p>\n<p class=\"p1\">Las <span class=\"s1\"><b>entradas al monumento de la Alhambra<\/b><\/span> siempre las compramos por adelantado para evitar colas y garantizar la disponibilidad.<\/p>\n<p class=\"p1\">Si est\u00e1 planificando su viaje, \u00a1reserve cuanto antes, las entradas a la Alhambra se agotan r\u00e1pidamente!<\/p>\n<h2>Puntos de inter\u00e9s en el Tour Privado de la Alhambra desde Sevilla<\/h2>\n<p>Una vez dentro del complejo visitar\u00e1s <strong>Los Palacios Nazar\u00edes<\/strong>, se trata de dos palacios independientes que datan del siglo XIV, el primero de ellos es el <strong>Palacio de Comares<\/strong>, se trata de los aposentos del monarca, un lugar precioso con una serie de inscripciones y ornamentos que logran dejar sin aliento a todo el que lo ve por vez primera, se encuentra en torno al <strong>Patio de los Arrayanes<\/strong>, justo al norte de la <strong>Sala de la Barca<\/strong> y la <strong>Sala de los Embajadores<\/strong>.<\/p>\n<p>La segunda edificaci\u00f3n es el <strong>Palacio de los Leones<\/strong> y realmente se trata del tercer palacio m\u00e1s importante de todo el complejo y el lugar donde se encuentra el famos\u00edsimo <strong>Patio de los Leones<\/strong>.<\/p>\n<p>Continuaremos el recorrido por el<strong> Alcazaba<\/strong>, se trata de una fortaleza militar que fue el primer punto en construirse de toda <strong>Alhambra<\/strong> y de hecho, antes que ella, exist\u00eda en la <strong>Colina de la Sabika<\/strong> un peque\u00f1o castillo tambi\u00e9n defensivo, pero fue sustituido por esta impresionante obra arquitect\u00f3nica.<\/p>\n<p>Una vez abandonado el mundo militar de la dinast\u00eda Nazar\u00ed, llega el momento de visitar el famoso <strong>\u201cJard\u00edn del arquitecto\u201d, mejor conocido como Generalife<\/strong>, se trata de una villa rural, pensada para el esparcimiento y distensi\u00f3n de los reyes musulmanes. Est\u00e1 compuesto por jardines ornamentales y huertos de frutas y verduras, un lugar para dedicarse a la labranza y degustar de lo mejor que puede brindar la naturaleza.<\/p>\n<p>Avanzar\u00e1s un poco en el tiempo llegando a la \u00e9poca del Renacimiento con el <strong>Palacio de Carlos V<\/strong>, otro maravilloso aposento que forma parte de las residencias palaciegas de este complejo, aunque se trata de una construcci\u00f3n mucho m\u00e1s moderna, fue construida por Carlos V cuando visit\u00f3 <strong>Granada <\/strong>\u00a0durante su luna de miel y que se transformar\u00eda en \u201cLa Casa Real Nueva\u201d.<\/p>\n<p>El \u00faltimo sitio de inter\u00e9s que conocer\u00e1s es <strong>El Partal<\/strong>, el \u00faltimo palacio en pie de esta zona, aunque sus alrededores est\u00e1n llenos de viejas ruinas de residencias de la nobleza. El lugar est\u00e1 rodeado de hermosos jardines y estanques que te trasportar\u00e1n al cuento de <strong>\u201cLas mil y una noches\u201d<\/strong><\/p>\n<p>El orden de lo que visitaremos puede cambiar en funci\u00f3n de los Horarios que nos den de los Palacios Nazaries.<\/p>\n<p>Para pasarle una propuesta detalla, rellene el formulario de contacto e indica su ciudad de recogida.<\/p>\n<p>Podemos a\u00f1adir una hora m\u00e1s al gu\u00eda si desean bajar al centro de Granada junto a nuestro gu\u00eda oficial privado. En Este caso puede escoger la opci\u00f3n de <a href=\"https:\/\/tourtravelandmore.com\/es\/tours\/espana-es\/motril-es\/motril-excursiones-privadas-es\/tour-privado-de-la-alhambra-desde-cualquier-ciudad-de-andalucia-copy-2\/\">Tour privado de la Alhambra y Granada.<\/a><\/p>\n","protected":false},"excerpt":{"rendered":"<p>Descubre uno de los monumentos m\u00e1s importantes y emblem\u00e1ticos del mundo, la Alhambra. Disfruta de sus hermosos Jardines y Palacios, es m\u00e1s conocido <strong>Los Palacios Nazar\u00ede<\/strong>, d\u00f3nde se encuentran los leones. Vive la Historia y las leyendas junto a nuestro guia oficial.<\/p>\n","protected":false},"featured_media":16653,"comment_status":"open","ping_status":"closed","template":"","meta":{"_acf_changed":false},"product_brand":[],"product_cat":[1596,2240,105,106],"product_tag":[],"class_list":{"0":"post-157380","1":"product","2":"type-product","3":"status-publish","4":"has-post-thumbnail","6":"product_cat-espana-es","7":"product_cat-motril-actividades-es","8":"product_cat-sevilla-es","9":"product_cat-sevilla-excursiones-es","11":"first","12":"instock","13":"shipping-taxable","14":"purchasable","15":"product-type-simple"},"acf":[],"yoast_head":"<!-- This site is optimized with the Yoast SEO Premium plugin v25.3.1 (Yoast SEO v25.3.1) - https:\/\/yoast.com\/wordpress\/plugins\/seo\/ -->\n<title>\u27a1\ufe0f Tour a la Alhambra desde Sevilla | Tour Travel &amp; More<\/title>\n<meta name=\"description\" content=\"El Tour a la Alhambra, conoceras la Historia de uno de los mumentos m\u00e1s bonitos del mundo, con nuestro gu\u00eda privado oficial y vehiculo con conductor \u2705\" \/>\n<meta name=\"robots\" content=\"index, follow, max-snippet:-1, max-image-preview:large, max-video-preview:-1\" \/>\n<link rel=\"canonical\" href=\"https:\/\/tourtravelandmore.com\/es\/tours\/espana-es\/motril-es\/motril-actividades-es\/tour-privado-de-la-alhambra-desde-sevilla\/\" \/>\n<meta property=\"og:locale\" content=\"es_ES\" \/>\n<meta property=\"og:type\" content=\"article\" \/>\n<meta property=\"og:title\" content=\"Tour a la Alhambra desde Sevilla\" \/>\n<meta property=\"og:description\" content=\"El Tour a la Alhambra, conoceras la Historia de uno de los mumentos m\u00e1s bonitos del mundo, con nuestro gu\u00eda privado oficial y vehiculo con conductor \u2705\" \/>\n<meta property=\"og:url\" content=\"https:\/\/tourtravelandmore.com\/es\/tours\/espana-es\/motril-es\/motril-actividades-es\/tour-privado-de-la-alhambra-desde-sevilla\/\" \/>\n<meta property=\"og:site_name\" content=\"Tour Travel And More\" \/>\n<meta property=\"article:publisher\" content=\"https:\/\/www.facebook.com\/tourtravelandmore\/\" \/>\n<meta property=\"article:modified_time\" content=\"2025-05-26T08:51:25+00:00\" \/>\n<meta property=\"og:image\" content=\"https:\/\/tourtravelandmore.com\/wp-content\/uploads\/2017\/12\/alahambra.jpg\" \/>\n\t<meta property=\"og:image:width\" content=\"960\" \/>\n\t<meta property=\"og:image:height\" content=\"495\" \/>\n\t<meta property=\"og:image:type\" content=\"image\/jpeg\" \/>\n<meta name=\"twitter:card\" content=\"summary_large_image\" \/>\n<meta name=\"twitter:site\" content=\"@TourTravel_More\" \/>\n<meta name=\"twitter:label1\" content=\"Tiempo de lectura\" \/>\n\t<meta name=\"twitter:data1\" content=\"4 minutos\" \/>\n<script type=\"application\/ld+json\" class=\"yoast-schema-graph\">{\"@context\":\"https:\/\/schema.org\",\"@graph\":[{\"@type\":\"WebPage\",\"@id\":\"https:\/\/tourtravelandmore.com\/es\/tours\/espana-es\/motril-es\/motril-actividades-es\/tour-privado-de-la-alhambra-desde-sevilla\/\",\"url\":\"https:\/\/tourtravelandmore.com\/es\/tours\/espana-es\/motril-es\/motril-actividades-es\/tour-privado-de-la-alhambra-desde-sevilla\/\",\"name\":\"\u27a1\ufe0f Tour a la Alhambra desde Sevilla | Tour Travel & More\",\"isPartOf\":{\"@id\":\"https:\/\/tourtravelandmore.com\/es\/#website\"},\"primaryImageOfPage\":{\"@id\":\"https:\/\/tourtravelandmore.com\/es\/tours\/espana-es\/motril-es\/motril-actividades-es\/tour-privado-de-la-alhambra-desde-sevilla\/#primaryimage\"},\"image\":{\"@id\":\"https:\/\/tourtravelandmore.com\/es\/tours\/espana-es\/motril-es\/motril-actividades-es\/tour-privado-de-la-alhambra-desde-sevilla\/#primaryimage\"},\"thumbnailUrl\":\"https:\/\/tourtravelandmore.com\/wp-content\/uploads\/2017\/12\/alahambra.jpg\",\"datePublished\":\"2023-03-16T14:05:56+00:00\",\"dateModified\":\"2025-05-26T08:51:25+00:00\",\"description\":\"El Tour a la Alhambra, conoceras la Historia de uno de los mumentos m\u00e1s bonitos del mundo, con nuestro gu\u00eda privado oficial y vehiculo con conductor \u2705\",\"breadcrumb\":{\"@id\":\"https:\/\/tourtravelandmore.com\/es\/tours\/espana-es\/motril-es\/motril-actividades-es\/tour-privado-de-la-alhambra-desde-sevilla\/#breadcrumb\"},\"inLanguage\":\"es\",\"potentialAction\":[{\"@type\":\"ReadAction\",\"target\":[\"https:\/\/tourtravelandmore.com\/es\/tours\/espana-es\/motril-es\/motril-actividades-es\/tour-privado-de-la-alhambra-desde-sevilla\/\"]}]},{\"@type\":\"ImageObject\",\"inLanguage\":\"es\",\"@id\":\"https:\/\/tourtravelandmore.com\/es\/tours\/espana-es\/motril-es\/motril-actividades-es\/tour-privado-de-la-alhambra-desde-sevilla\/#primaryimage\",\"url\":\"https:\/\/tourtravelandmore.com\/wp-content\/uploads\/2017\/12\/alahambra.jpg\",\"contentUrl\":\"https:\/\/tourtravelandmore.com\/wp-content\/uploads\/2017\/12\/alahambra.jpg\",\"width\":960,\"height\":495},{\"@type\":\"BreadcrumbList\",\"@id\":\"https:\/\/tourtravelandmore.com\/es\/tours\/espana-es\/motril-es\/motril-actividades-es\/tour-privado-de-la-alhambra-desde-sevilla\/#breadcrumb\",\"itemListElement\":[{\"@type\":\"ListItem\",\"position\":1,\"name\":\"Home\",\"item\":\"https:\/\/tourtravelandmore.com\/es\/\"},{\"@type\":\"ListItem\",\"position\":2,\"name\":\"Tours\",\"item\":\"https:\/\/tourtravelandmore.com\/es\/tours\/\"},{\"@type\":\"ListItem\",\"position\":3,\"name\":\"Tour a la Alhambra desde Sevilla\"}]},{\"@type\":\"WebSite\",\"@id\":\"https:\/\/tourtravelandmore.com\/es\/#website\",\"url\":\"https:\/\/tourtravelandmore.com\/es\/\",\"name\":\"Tour Travel And More\",\"description\":\"Private sightseeing tours and luxury transfers in Spain\",\"publisher\":{\"@id\":\"https:\/\/tourtravelandmore.com\/es\/#organization\"},\"potentialAction\":[{\"@type\":\"SearchAction\",\"target\":{\"@type\":\"EntryPoint\",\"urlTemplate\":\"https:\/\/tourtravelandmore.com\/es\/?s={search_term_string}\"},\"query-input\":{\"@type\":\"PropertyValueSpecification\",\"valueRequired\":true,\"valueName\":\"search_term_string\"}}],\"inLanguage\":\"es\"},{\"@type\":\"Organization\",\"@id\":\"https:\/\/tourtravelandmore.com\/es\/#organization\",\"name\":\"Tour Travel And More\",\"url\":\"https:\/\/tourtravelandmore.com\/es\/\",\"logo\":{\"@type\":\"ImageObject\",\"inLanguage\":\"es\",\"@id\":\"https:\/\/tourtravelandmore.com\/es\/#\/schema\/logo\/image\/\",\"url\":\"https:\/\/tourtravelandmore.com\/wp-content\/uploads\/2022\/12\/cropped-logo-cabecera-new.png\",\"contentUrl\":\"https:\/\/tourtravelandmore.com\/wp-content\/uploads\/2022\/12\/cropped-logo-cabecera-new.png\",\"width\":430,\"height\":61,\"caption\":\"Tour Travel And More\"},\"image\":{\"@id\":\"https:\/\/tourtravelandmore.com\/es\/#\/schema\/logo\/image\/\"},\"sameAs\":[\"https:\/\/www.facebook.com\/tourtravelandmore\/\",\"https:\/\/x.com\/TourTravel_More\"]}]}<\/script>\n<!-- \/ Yoast SEO Premium plugin. -->","yoast_head_json":{"title":"\u27a1\ufe0f Tour a la Alhambra desde Sevilla | Tour Travel & More","description":"El Tour a la Alhambra, conoceras la Historia de uno de los mumentos m\u00e1s bonitos del mundo, con nuestro gu\u00eda privado oficial y vehiculo con conductor \u2705","robots":{"index":"index","follow":"follow","max-snippet":"max-snippet:-1","max-image-preview":"max-image-preview:large","max-video-preview":"max-video-preview:-1"},"canonical":"https:\/\/tourtravelandmore.com\/es\/tours\/espana-es\/motril-es\/motril-actividades-es\/tour-privado-de-la-alhambra-desde-sevilla\/","og_locale":"es_ES","og_type":"article","og_title":"Tour a la Alhambra desde Sevilla","og_description":"El Tour a la Alhambra, conoceras la Historia de uno de los mumentos m\u00e1s bonitos del mundo, con nuestro gu\u00eda privado oficial y vehiculo con conductor \u2705","og_url":"https:\/\/tourtravelandmore.com\/es\/tours\/espana-es\/motril-es\/motril-actividades-es\/tour-privado-de-la-alhambra-desde-sevilla\/","og_site_name":"Tour Travel And More","article_publisher":"https:\/\/www.facebook.com\/tourtravelandmore\/","article_modified_time":"2025-05-26T08:51:25+00:00","og_image":[{"width":960,"height":495,"url":"https:\/\/tourtravelandmore.com\/wp-content\/uploads\/2017\/12\/alahambra.jpg","type":"image\/jpeg"}],"twitter_card":"summary_large_image","twitter_site":"@TourTravel_More","twitter_misc":{"Tiempo de lectura":"4 minutos"},"schema":{"@context":"https:\/\/schema.org","@graph":[{"@type":"WebPage","@id":"https:\/\/tourtravelandmore.com\/es\/tours\/espana-es\/motril-es\/motril-actividades-es\/tour-privado-de-la-alhambra-desde-sevilla\/","url":"https:\/\/tourtravelandmore.com\/es\/tours\/espana-es\/motril-es\/motril-actividades-es\/tour-privado-de-la-alhambra-desde-sevilla\/","name":"\u27a1\ufe0f Tour a la Alhambra desde Sevilla | Tour Travel & More","isPartOf":{"@id":"https:\/\/tourtravelandmore.com\/es\/#website"},"primaryImageOfPage":{"@id":"https:\/\/tourtravelandmore.com\/es\/tours\/espana-es\/motril-es\/motril-actividades-es\/tour-privado-de-la-alhambra-desde-sevilla\/#primaryimage"},"image":{"@id":"https:\/\/tourtravelandmore.com\/es\/tours\/espana-es\/motril-es\/motril-actividades-es\/tour-privado-de-la-alhambra-desde-sevilla\/#primaryimage"},"thumbnailUrl":"https:\/\/tourtravelandmore.com\/wp-content\/uploads\/2017\/12\/alahambra.jpg","datePublished":"2023-03-16T14:05:56+00:00","dateModified":"2025-05-26T08:51:25+00:00","description":"El Tour a la Alhambra, conoceras la Historia de uno de los mumentos m\u00e1s bonitos del mundo, con nuestro gu\u00eda privado oficial y vehiculo con conductor \u2705","breadcrumb":{"@id":"https:\/\/tourtravelandmore.com\/es\/tours\/espana-es\/motril-es\/motril-actividades-es\/tour-privado-de-la-alhambra-desde-sevilla\/#breadcrumb"},"inLanguage":"es","potentialAction":[{"@type":"ReadAction","target":["https:\/\/tourtravelandmore.com\/es\/tours\/espana-es\/motril-es\/motril-actividades-es\/tour-privado-de-la-alhambra-desde-sevilla\/"]}]},{"@type":"ImageObject","inLanguage":"es","@id":"https:\/\/tourtravelandmore.com\/es\/tours\/espana-es\/motril-es\/motril-actividades-es\/tour-privado-de-la-alhambra-desde-sevilla\/#primaryimage","url":"https:\/\/tourtravelandmore.com\/wp-content\/uploads\/2017\/12\/alahambra.jpg","contentUrl":"https:\/\/tourtravelandmore.com\/wp-content\/uploads\/2017\/12\/alahambra.jpg","width":960,"height":495},{"@type":"BreadcrumbList","@id":"https:\/\/tourtravelandmore.com\/es\/tours\/espana-es\/motril-es\/motril-actividades-es\/tour-privado-de-la-alhambra-desde-sevilla\/#breadcrumb","itemListElement":[{"@type":"ListItem","position":1,"name":"Home","item":"https:\/\/tourtravelandmore.com\/es\/"},{"@type":"ListItem","position":2,"name":"Tours","item":"https:\/\/tourtravelandmore.com\/es\/tours\/"},{"@type":"ListItem","position":3,"name":"Tour a la Alhambra desde Sevilla"}]},{"@type":"WebSite","@id":"https:\/\/tourtravelandmore.com\/es\/#website","url":"https:\/\/tourtravelandmore.com\/es\/","name":"Tour Travel And More","description":"Private sightseeing tours and luxury transfers in Spain","publisher":{"@id":"https:\/\/tourtravelandmore.com\/es\/#organization"},"potentialAction":[{"@type":"SearchAction","target":{"@type":"EntryPoint","urlTemplate":"https:\/\/tourtravelandmore.com\/es\/?s={search_term_string}"},"query-input":{"@type":"PropertyValueSpecification","valueRequired":true,"valueName":"search_term_string"}}],"inLanguage":"es"},{"@type":"Organization","@id":"https:\/\/tourtravelandmore.com\/es\/#organization","name":"Tour Travel And More","url":"https:\/\/tourtravelandmore.com\/es\/","logo":{"@type":"ImageObject","inLanguage":"es","@id":"https:\/\/tourtravelandmore.com\/es\/#\/schema\/logo\/image\/","url":"https:\/\/tourtravelandmore.com\/wp-content\/uploads\/2022\/12\/cropped-logo-cabecera-new.png","contentUrl":"https:\/\/tourtravelandmore.com\/wp-content\/uploads\/2022\/12\/cropped-logo-cabecera-new.png","width":430,"height":61,"caption":"Tour Travel And More"},"image":{"@id":"https:\/\/tourtravelandmore.com\/es\/#\/schema\/logo\/image\/"},"sameAs":["https:\/\/www.facebook.com\/tourtravelandmore\/","https:\/\/x.com\/TourTravel_More"]}]}},"_links":{"self":[{"href":"https:\/\/tourtravelandmore.com\/es\/wp-json\/wp\/v2\/product\/157380","targetHints":{"allow":["GET"]}}],"collection":[{"href":"https:\/\/tourtravelandmore.com\/es\/wp-json\/wp\/v2\/product"}],"about":[{"href":"https:\/\/tourtravelandmore.com\/es\/wp-json\/wp\/v2\/types\/product"}],"replies":[{"embeddable":true,"href":"https:\/\/tourtravelandmore.com\/es\/wp-json\/wp\/v2\/comments?post=157380"}],"wp:featuredmedia":[{"embeddable":true,"href":"https:\/\/tourtravelandmore.com\/es\/wp-json\/wp\/v2\/media\/16653"}],"wp:attachment":[{"href":"https:\/\/tourtravelandmore.com\/es\/wp-json\/wp\/v2\/media?parent=157380"}],"wp:term":[{"taxonomy":"product_brand","embeddable":true,"href":"https:\/\/tourtravelandmore.com\/es\/wp-json\/wp\/v2\/product_brand?post=157380"},{"taxonomy":"product_cat","embeddable":true,"href":"https:\/\/tourtravelandmore.com\/es\/wp-json\/wp\/v2\/product_cat?post=157380"},{"taxonomy":"product_tag","embeddable":true,"href":"https:\/\/tourtravelandmore.com\/es\/wp-json\/wp\/v2\/product_tag?post=157380"}],"curies":[{"name":"wp","href":"https:\/\/api.w.org\/{rel}","templated":true}]}}