{"id":15693,"date":"2017-11-15T19:21:08","date_gmt":"2017-11-15T18:39:27","guid":{"rendered":"http:\/\/tourtravelandmore.com\/es\/?post_type=product&#038;p=15693"},"modified":"2023-11-10T11:34:10","modified_gmt":"2023-11-10T10:34:10","slug":"city-tour-privado-en-lisboa-8-horas","status":"publish","type":"product","link":"https:\/\/tourtravelandmore.com\/es\/tours\/portugal-es\/lisboa-es\/city-tour-privado-en-lisboa-8-horas\/","title":{"rendered":"City Tour Privado de d\u00eda completo por Lisboa"},"content":{"rendered":"<h2><b>Tour privado de un d\u00eda por Lisboa Descripci\u00f3n<\/b><\/h2>\n<p><span style=\"font-weight: 400;\">Viaje al coraz\u00f3n de la vibrante capital de Portugal con la Excursi\u00f3n privada de un d\u00eda por Lisboa. Esta experiencia meticulosamente dise\u00f1ada le permitir\u00e1 sumergirse en el rico tapiz de historia, cultura y deslumbrante modernidad de la ciudad. Con un d\u00eda entero a su disposici\u00f3n, recorra las calles adoquinadas y los grandes bulevares de Lisboa en la comodidad de un veh\u00edculo de lujo, conducido por un conductor experimentado y acompa\u00f1ado por un erudito gu\u00eda oficial.<\/span><\/p>\n<p><span style=\"font-weight: 400;\">Desde el momento en que le recojan amablemente en el punto de Lisboa que haya elegido, prep\u00e1rese para una visita que promete profundidad y amplitud. A lo largo del d\u00eda, le espera una armoniosa mezcla del legado antiguo de la ciudad con su efervescencia contempor\u00e1nea. Lisboa, enclavada junto al Atl\u00e1ntico y acunada por el r\u00edo Tajo, combina la sensibilidad moderna con las tradiciones m\u00e1s preciadas, creando un paisaje urbano tan diverso como cohesionado.<\/span><\/p>\n<p><span style=\"font-weight: 400;\">Al tratarse de una experiencia a medida, su viaje por Lisboa es flexible y se adapta perfectamente a sus intereses. Mientras se sumerge en esta gran capital europea, perm\u00edtanos asegurarnos de que se atiende a cada detalle, maximizando la maravilla de su expedici\u00f3n de 8 horas.<\/span><\/p>\n<h2><b>Excursi\u00f3n privada de un d\u00eda completo por los puntos de inter\u00e9s y monumentos de Lisboa<\/b><\/h2>\n<p><span style=\"font-weight: 400;\">Embarque con expectaci\u00f3n mientras su conductor y gu\u00eda privados comienzan el recorrido en el hist\u00f3rico barrio de Alfama. Las laber\u00ednticas calles susurran historias de la antigua Lisboa mientras las melod\u00edas de la m\u00fasica fado, reconocida por la UNESCO, proporcionan una evocadora banda sonora. Muy cerca, la imponente presencia del Castillo de San Jorge llama a la puerta. Con una historia milenaria, el castillo ofrece unas vistas incomparables de la ciudad que ha vigilado durante tanto tiempo.<\/span><\/p>\n<p><span style=\"font-weight: 400;\">A continuaci\u00f3n, avent\u00farese por la Baixa, el aut\u00e9ntico pulso de Lisboa. Aqu\u00ed, las plazas hist\u00f3ricas se entremezclan con grandes avenidas y bulliciosos bulevares comerciales, presentando un mosaico del viaje transformador de Lisboa a trav\u00e9s de los tiempos. El alma art\u00edstica de Lisboa se hace palpable en Chiado, el refugio de los intelectuales, y se yuxtapone maravillosamente con el encanto bohemio de Bairro Alto, famoso por su vibrante vida nocturna.<\/span><\/p>\n<p><span style=\"font-weight: 400;\">Si se aleja un poco, le espera Belem, testimonio de la Edad de Oro de los Descubrimientos de Portugal. Este centro mar\u00edtimo ha sido testigo de viajes hist\u00f3ricos de exploradores que convirtieron a Portugal en un imperio mundial en el Renacimiento.<\/span><\/p>\n<h3><b>Lugares de inter\u00e9s en Lisboa:<\/b><\/h3>\n<ul>\n<li style=\"font-weight: 400;\" aria-level=\"1\"><b>Alfama: <\/b><span style=\"font-weight: 400;\">Conocido como el alma hist\u00f3rica de la ciudad, este barrio es famoso por sus estrechas calles, sus emblem\u00e1ticas casas de fado y la impresionante Catedral de Se.<\/span><\/li>\n<li style=\"font-weight: 400;\" aria-level=\"1\"><b>Castillo de San Jorge:<\/b><span style=\"font-weight: 400;\"> Centinela de la historia, este castillo ofrece vistas panor\u00e1micas y constituye una ventana al variado pasado de Lisboa.<\/span><\/li>\n<li style=\"font-weight: 400;\" aria-level=\"1\"><b>Baixa:<\/b><span style=\"font-weight: 400;\"> La grandeza arquitect\u00f3nica y la vibrante vida callejera convergen en este c\u00e9ntrico barrio, que cuenta con lugares emblem\u00e1ticos como la plaza del Rossio y el majestuoso Arco de la Rua Augusta.<\/span><\/li>\n<li style=\"font-weight: 400;\" aria-level=\"1\"><b>Chiado y Bairro Alto:<\/b><span style=\"font-weight: 400;\"> N\u00facleos culturales de arte, m\u00fasica y vida nocturna, estos barrios representan la dualidad moderna e hist\u00f3rica que encarna Lisboa.<\/span><\/li>\n<li style=\"font-weight: 400;\" aria-level=\"1\"><b>Belem: <\/b><span style=\"font-weight: 400;\">con monumentos como la Torre de Belem y el Monasterio de los Jer\u00f3nimos, esta zona celebra el pasado mar\u00edtimo de Portugal.<\/span><\/li>\n<\/ul>\n<h2><\/h2>\n<p><span style=\"font-weight: 400;\">Para aquellos cuyos intereses son ecl\u00e9cticos, las opciones abundan. Tanto si le intriga el mayor oceanario de Europa como si desea explorar las obras maestras que alberga el Museo Nacional de Arte Antiguo, su visita puede adaptarse a sus necesidades.<\/span><\/p>\n<p><span style=\"font-weight: 400;\">La jornada concluye con un elegante regreso al lugar elegido para dejarle. Pero antes de partir, no olvide saborear la tarta de Belem, un delicioso manjar de pasteler\u00eda, cortes\u00eda de Tour Travel and More.<\/span><\/p>\n<p><a href=\"https:\/\/tourtravelandmore.com\/es\/ciudad\/portugal-es\/lisboa-es\/\"><span style=\"font-weight: 400;\">Para aquellos que deseen ampliar su exploraci\u00f3n de Portugal, consulte la extensa lista de tours privados ofrecidos por Tour Travel and More<\/span><\/a><span style=\"font-weight: 400;\">.<\/span><span style=\"font-weight: 400;\"> Nuestro cat\u00e1logo promete viajes tan \u00fanicos y lujosos como \u00e9ste.<\/span><\/p>\n","protected":false},"excerpt":{"rendered":"<p><span style=\"font-weight: 400;\">Sum\u00e9rjase en la riqueza de la capital de Portugal con un Tour Privado de D\u00eda Completo de Lisboa, que ofrece un viaje \u00edntimo a trav\u00e9s de sus barrios hist\u00f3ricos, monumentos y mucho m\u00e1s, todo con el lujo y el toque personal de Tour Travel and More.<\/span><\/p>\n","protected":false},"featured_media":84780,"comment_status":"open","ping_status":"closed","template":"","meta":{"_acf_changed":false},"product_brand":[],"product_cat":[625,628,630,629],"product_tag":[],"class_list":{"0":"post-15693","1":"product","2":"type-product","3":"status-publish","4":"has-post-thumbnail","6":"product_cat-lisboa-es","7":"product_cat-lisboa-actividades-es","8":"product_cat-lisboa-rutas-turisticas-privadas-es","9":"product_cat-lisboa-excursiones-es","11":"first","12":"instock","13":"shipping-taxable","14":"purchasable","15":"product-type-simple"},"acf":[],"yoast_head":"<!-- This site is optimized with the Yoast SEO Premium plugin v25.3.1 (Yoast SEO v25.3.1) - https:\/\/yoast.com\/wordpress\/plugins\/seo\/ -->\n<title>\u27a1\ufe0f Tour Privado de D\u00eda Completo de Lisboa con Tour Travel and More<\/title>\n<meta name=\"description\" content=\"Experimente los esplendores de Lisboa en un tour privado de d\u00eda completo. Descubra barrios hist\u00f3ricos, lugares emblem\u00e1ticos y secretos locales. \u00a1Reserve ahora con Tour Travel and More! \u2705\" \/>\n<meta name=\"robots\" content=\"index, follow, max-snippet:-1, max-image-preview:large, max-video-preview:-1\" \/>\n<link rel=\"canonical\" href=\"https:\/\/tourtravelandmore.com\/es\/tours\/portugal-es\/lisboa-es\/city-tour-privado-en-lisboa-8-horas\/\" \/>\n<meta property=\"og:locale\" content=\"es_ES\" \/>\n<meta property=\"og:type\" content=\"article\" \/>\n<meta property=\"og:title\" content=\"City Tour Privado de d\u00eda completo por Lisboa\" \/>\n<meta property=\"og:description\" content=\"Experimente los esplendores de Lisboa en un tour privado de d\u00eda completo. Descubra barrios hist\u00f3ricos, lugares emblem\u00e1ticos y secretos locales. \u00a1Reserve ahora con Tour Travel and More! \u2705\" \/>\n<meta property=\"og:url\" content=\"https:\/\/tourtravelandmore.com\/es\/tours\/portugal-es\/lisboa-es\/city-tour-privado-en-lisboa-8-horas\/\" \/>\n<meta property=\"og:site_name\" content=\"Tour Travel And More\" \/>\n<meta property=\"article:publisher\" content=\"https:\/\/www.facebook.com\/tourtravelandmore\/\" \/>\n<meta property=\"article:modified_time\" content=\"2023-11-10T10:34:10+00:00\" \/>\n<meta property=\"og:image\" content=\"https:\/\/tourtravelandmore.com\/wp-content\/uploads\/2017\/11\/lisboa-1.6.jpg\" \/>\n\t<meta property=\"og:image:width\" content=\"1280\" \/>\n\t<meta property=\"og:image:height\" content=\"847\" \/>\n\t<meta property=\"og:image:type\" content=\"image\/jpeg\" \/>\n<meta name=\"twitter:card\" content=\"summary_large_image\" \/>\n<meta name=\"twitter:site\" content=\"@TourTravel_More\" \/>\n<meta name=\"twitter:label1\" content=\"Tiempo de lectura\" \/>\n\t<meta name=\"twitter:data1\" content=\"3 minutos\" \/>\n<script type=\"application\/ld+json\" class=\"yoast-schema-graph\">{\"@context\":\"https:\/\/schema.org\",\"@graph\":[{\"@type\":\"WebPage\",\"@id\":\"https:\/\/tourtravelandmore.com\/es\/tours\/portugal-es\/lisboa-es\/city-tour-privado-en-lisboa-8-horas\/\",\"url\":\"https:\/\/tourtravelandmore.com\/es\/tours\/portugal-es\/lisboa-es\/city-tour-privado-en-lisboa-8-horas\/\",\"name\":\"\u27a1\ufe0f Tour Privado de D\u00eda Completo de Lisboa con Tour Travel and More\",\"isPartOf\":{\"@id\":\"https:\/\/tourtravelandmore.com\/es\/#website\"},\"primaryImageOfPage\":{\"@id\":\"https:\/\/tourtravelandmore.com\/es\/tours\/portugal-es\/lisboa-es\/city-tour-privado-en-lisboa-8-horas\/#primaryimage\"},\"image\":{\"@id\":\"https:\/\/tourtravelandmore.com\/es\/tours\/portugal-es\/lisboa-es\/city-tour-privado-en-lisboa-8-horas\/#primaryimage\"},\"thumbnailUrl\":\"https:\/\/tourtravelandmore.com\/wp-content\/uploads\/2017\/11\/lisboa-1.6.jpg\",\"datePublished\":\"2017-11-15T18:39:27+00:00\",\"dateModified\":\"2023-11-10T10:34:10+00:00\",\"description\":\"Experimente los esplendores de Lisboa en un tour privado de d\u00eda completo. Descubra barrios hist\u00f3ricos, lugares emblem\u00e1ticos y secretos locales. \u00a1Reserve ahora con Tour Travel and More! \u2705\",\"breadcrumb\":{\"@id\":\"https:\/\/tourtravelandmore.com\/es\/tours\/portugal-es\/lisboa-es\/city-tour-privado-en-lisboa-8-horas\/#breadcrumb\"},\"inLanguage\":\"es\",\"potentialAction\":[{\"@type\":\"ReadAction\",\"target\":[\"https:\/\/tourtravelandmore.com\/es\/tours\/portugal-es\/lisboa-es\/city-tour-privado-en-lisboa-8-horas\/\"]}]},{\"@type\":\"ImageObject\",\"inLanguage\":\"es\",\"@id\":\"https:\/\/tourtravelandmore.com\/es\/tours\/portugal-es\/lisboa-es\/city-tour-privado-en-lisboa-8-horas\/#primaryimage\",\"url\":\"https:\/\/tourtravelandmore.com\/wp-content\/uploads\/2017\/11\/lisboa-1.6.jpg\",\"contentUrl\":\"https:\/\/tourtravelandmore.com\/wp-content\/uploads\/2017\/11\/lisboa-1.6.jpg\",\"width\":1280,\"height\":847},{\"@type\":\"BreadcrumbList\",\"@id\":\"https:\/\/tourtravelandmore.com\/es\/tours\/portugal-es\/lisboa-es\/city-tour-privado-en-lisboa-8-horas\/#breadcrumb\",\"itemListElement\":[{\"@type\":\"ListItem\",\"position\":1,\"name\":\"Home\",\"item\":\"https:\/\/tourtravelandmore.com\/es\/\"},{\"@type\":\"ListItem\",\"position\":2,\"name\":\"Tours\",\"item\":\"https:\/\/tourtravelandmore.com\/es\/tours\/\"},{\"@type\":\"ListItem\",\"position\":3,\"name\":\"City Tour Privado de d\u00eda completo por Lisboa\"}]},{\"@type\":\"WebSite\",\"@id\":\"https:\/\/tourtravelandmore.com\/es\/#website\",\"url\":\"https:\/\/tourtravelandmore.com\/es\/\",\"name\":\"Tour Travel And More\",\"description\":\"Private sightseeing tours and luxury transfers in Spain\",\"publisher\":{\"@id\":\"https:\/\/tourtravelandmore.com\/es\/#organization\"},\"potentialAction\":[{\"@type\":\"SearchAction\",\"target\":{\"@type\":\"EntryPoint\",\"urlTemplate\":\"https:\/\/tourtravelandmore.com\/es\/?s={search_term_string}\"},\"query-input\":{\"@type\":\"PropertyValueSpecification\",\"valueRequired\":true,\"valueName\":\"search_term_string\"}}],\"inLanguage\":\"es\"},{\"@type\":\"Organization\",\"@id\":\"https:\/\/tourtravelandmore.com\/es\/#organization\",\"name\":\"Tour Travel And More\",\"url\":\"https:\/\/tourtravelandmore.com\/es\/\",\"logo\":{\"@type\":\"ImageObject\",\"inLanguage\":\"es\",\"@id\":\"https:\/\/tourtravelandmore.com\/es\/#\/schema\/logo\/image\/\",\"url\":\"https:\/\/tourtravelandmore.com\/wp-content\/uploads\/2022\/12\/cropped-logo-cabecera-new.png\",\"contentUrl\":\"https:\/\/tourtravelandmore.com\/wp-content\/uploads\/2022\/12\/cropped-logo-cabecera-new.png\",\"width\":430,\"height\":61,\"caption\":\"Tour Travel And More\"},\"image\":{\"@id\":\"https:\/\/tourtravelandmore.com\/es\/#\/schema\/logo\/image\/\"},\"sameAs\":[\"https:\/\/www.facebook.com\/tourtravelandmore\/\",\"https:\/\/x.com\/TourTravel_More\"]}]}<\/script>\n<!-- \/ Yoast SEO Premium plugin. -->","yoast_head_json":{"title":"\u27a1\ufe0f Tour Privado de D\u00eda Completo de Lisboa con Tour Travel and More","description":"Experimente los esplendores de Lisboa en un tour privado de d\u00eda completo. Descubra barrios hist\u00f3ricos, lugares emblem\u00e1ticos y secretos locales. \u00a1Reserve ahora con Tour Travel and More! \u2705","robots":{"index":"index","follow":"follow","max-snippet":"max-snippet:-1","max-image-preview":"max-image-preview:large","max-video-preview":"max-video-preview:-1"},"canonical":"https:\/\/tourtravelandmore.com\/es\/tours\/portugal-es\/lisboa-es\/city-tour-privado-en-lisboa-8-horas\/","og_locale":"es_ES","og_type":"article","og_title":"City Tour Privado de d\u00eda completo por Lisboa","og_description":"Experimente los esplendores de Lisboa en un tour privado de d\u00eda completo. Descubra barrios hist\u00f3ricos, lugares emblem\u00e1ticos y secretos locales. \u00a1Reserve ahora con Tour Travel and More! \u2705","og_url":"https:\/\/tourtravelandmore.com\/es\/tours\/portugal-es\/lisboa-es\/city-tour-privado-en-lisboa-8-horas\/","og_site_name":"Tour Travel And More","article_publisher":"https:\/\/www.facebook.com\/tourtravelandmore\/","article_modified_time":"2023-11-10T10:34:10+00:00","og_image":[{"width":1280,"height":847,"url":"https:\/\/tourtravelandmore.com\/wp-content\/uploads\/2017\/11\/lisboa-1.6.jpg","type":"image\/jpeg"}],"twitter_card":"summary_large_image","twitter_site":"@TourTravel_More","twitter_misc":{"Tiempo de lectura":"3 minutos"},"schema":{"@context":"https:\/\/schema.org","@graph":[{"@type":"WebPage","@id":"https:\/\/tourtravelandmore.com\/es\/tours\/portugal-es\/lisboa-es\/city-tour-privado-en-lisboa-8-horas\/","url":"https:\/\/tourtravelandmore.com\/es\/tours\/portugal-es\/lisboa-es\/city-tour-privado-en-lisboa-8-horas\/","name":"\u27a1\ufe0f Tour Privado de D\u00eda Completo de Lisboa con Tour Travel and More","isPartOf":{"@id":"https:\/\/tourtravelandmore.com\/es\/#website"},"primaryImageOfPage":{"@id":"https:\/\/tourtravelandmore.com\/es\/tours\/portugal-es\/lisboa-es\/city-tour-privado-en-lisboa-8-horas\/#primaryimage"},"image":{"@id":"https:\/\/tourtravelandmore.com\/es\/tours\/portugal-es\/lisboa-es\/city-tour-privado-en-lisboa-8-horas\/#primaryimage"},"thumbnailUrl":"https:\/\/tourtravelandmore.com\/wp-content\/uploads\/2017\/11\/lisboa-1.6.jpg","datePublished":"2017-11-15T18:39:27+00:00","dateModified":"2023-11-10T10:34:10+00:00","description":"Experimente los esplendores de Lisboa en un tour privado de d\u00eda completo. Descubra barrios hist\u00f3ricos, lugares emblem\u00e1ticos y secretos locales. \u00a1Reserve ahora con Tour Travel and More! \u2705","breadcrumb":{"@id":"https:\/\/tourtravelandmore.com\/es\/tours\/portugal-es\/lisboa-es\/city-tour-privado-en-lisboa-8-horas\/#breadcrumb"},"inLanguage":"es","potentialAction":[{"@type":"ReadAction","target":["https:\/\/tourtravelandmore.com\/es\/tours\/portugal-es\/lisboa-es\/city-tour-privado-en-lisboa-8-horas\/"]}]},{"@type":"ImageObject","inLanguage":"es","@id":"https:\/\/tourtravelandmore.com\/es\/tours\/portugal-es\/lisboa-es\/city-tour-privado-en-lisboa-8-horas\/#primaryimage","url":"https:\/\/tourtravelandmore.com\/wp-content\/uploads\/2017\/11\/lisboa-1.6.jpg","contentUrl":"https:\/\/tourtravelandmore.com\/wp-content\/uploads\/2017\/11\/lisboa-1.6.jpg","width":1280,"height":847},{"@type":"BreadcrumbList","@id":"https:\/\/tourtravelandmore.com\/es\/tours\/portugal-es\/lisboa-es\/city-tour-privado-en-lisboa-8-horas\/#breadcrumb","itemListElement":[{"@type":"ListItem","position":1,"name":"Home","item":"https:\/\/tourtravelandmore.com\/es\/"},{"@type":"ListItem","position":2,"name":"Tours","item":"https:\/\/tourtravelandmore.com\/es\/tours\/"},{"@type":"ListItem","position":3,"name":"City Tour Privado de d\u00eda completo por Lisboa"}]},{"@type":"WebSite","@id":"https:\/\/tourtravelandmore.com\/es\/#website","url":"https:\/\/tourtravelandmore.com\/es\/","name":"Tour Travel And More","description":"Private sightseeing tours and luxury transfers in Spain","publisher":{"@id":"https:\/\/tourtravelandmore.com\/es\/#organization"},"potentialAction":[{"@type":"SearchAction","target":{"@type":"EntryPoint","urlTemplate":"https:\/\/tourtravelandmore.com\/es\/?s={search_term_string}"},"query-input":{"@type":"PropertyValueSpecification","valueRequired":true,"valueName":"search_term_string"}}],"inLanguage":"es"},{"@type":"Organization","@id":"https:\/\/tourtravelandmore.com\/es\/#organization","name":"Tour Travel And More","url":"https:\/\/tourtravelandmore.com\/es\/","logo":{"@type":"ImageObject","inLanguage":"es","@id":"https:\/\/tourtravelandmore.com\/es\/#\/schema\/logo\/image\/","url":"https:\/\/tourtravelandmore.com\/wp-content\/uploads\/2022\/12\/cropped-logo-cabecera-new.png","contentUrl":"https:\/\/tourtravelandmore.com\/wp-content\/uploads\/2022\/12\/cropped-logo-cabecera-new.png","width":430,"height":61,"caption":"Tour Travel And More"},"image":{"@id":"https:\/\/tourtravelandmore.com\/es\/#\/schema\/logo\/image\/"},"sameAs":["https:\/\/www.facebook.com\/tourtravelandmore\/","https:\/\/x.com\/TourTravel_More"]}]}},"_links":{"self":[{"href":"https:\/\/tourtravelandmore.com\/es\/wp-json\/wp\/v2\/product\/15693","targetHints":{"allow":["GET"]}}],"collection":[{"href":"https:\/\/tourtravelandmore.com\/es\/wp-json\/wp\/v2\/product"}],"about":[{"href":"https:\/\/tourtravelandmore.com\/es\/wp-json\/wp\/v2\/types\/product"}],"replies":[{"embeddable":true,"href":"https:\/\/tourtravelandmore.com\/es\/wp-json\/wp\/v2\/comments?post=15693"}],"wp:featuredmedia":[{"embeddable":true,"href":"https:\/\/tourtravelandmore.com\/es\/wp-json\/wp\/v2\/media\/84780"}],"wp:attachment":[{"href":"https:\/\/tourtravelandmore.com\/es\/wp-json\/wp\/v2\/media?parent=15693"}],"wp:term":[{"taxonomy":"product_brand","embeddable":true,"href":"https:\/\/tourtravelandmore.com\/es\/wp-json\/wp\/v2\/product_brand?post=15693"},{"taxonomy":"product_cat","embeddable":true,"href":"https:\/\/tourtravelandmore.com\/es\/wp-json\/wp\/v2\/product_cat?post=15693"},{"taxonomy":"product_tag","embeddable":true,"href":"https:\/\/tourtravelandmore.com\/es\/wp-json\/wp\/v2\/product_tag?post=15693"}],"curies":[{"name":"wp","href":"https:\/\/api.w.org\/{rel}","templated":true}]}}