{"id":15662,"date":"2017-11-15T14:06:33","date_gmt":"2017-11-15T13:20:41","guid":{"rendered":"http:\/\/tourtravelandmore.com\/es\/?post_type=product&#038;p=15662"},"modified":"2023-11-28T12:24:03","modified_gmt":"2023-11-28T11:24:03","slug":"tour-privado-fatima-de-oporto","status":"publish","type":"product","link":"https:\/\/tourtravelandmore.com\/es\/tours\/portugal-es\/oporto-es\/tour-privado-fatima-de-oporto\/","title":{"rendered":"Tour Privado a Fatima"},"content":{"rendered":"<h2><b>Descripci\u00f3n de la Excursi\u00f3n Privada a F\u00e1tima<\/b><\/h2>\n<p><span style=\"font-weight: 400;\">Emb\u00e1rquese en un viaje espiritual e iluminador a F\u00e1tima, un renombrado santuario de fe y esperanza. Nuestro Tour Privado de Oporto a F\u00e1tima le ofrece la oportunidad de sumergirse en uno de los santuarios cat\u00f3licos m\u00e1s sagrados del mundo. Esta exclusiva excursi\u00f3n de un d\u00eda no es s\u00f3lo un tour; es una invitaci\u00f3n a experimentar la profunda serenidad e inspiraci\u00f3n que F\u00e1tima encarna.<\/span><\/p>\n<p><span style=\"font-weight: 400;\">Cuando su conductor y gu\u00eda privados le recojan en el lugar que haya elegido en Oporto, iniciar\u00e1 un viaje al coraz\u00f3n del patrimonio religioso de Portugal. F\u00e1tima, desde sus milagrosos acontecimientos de 1917, ha sido un faro para millones de peregrinos y visitantes, atra\u00eddos por el aura de paz y espiritualidad que envuelve este lugar sagrado.<\/span><\/p>\n<p><span style=\"font-weight: 400;\">A lo largo de este recorrido, nuestro experto gu\u00eda le desvelar\u00e1 la historia, los misterios y el significado de F\u00e1tima. Mientras recorre paisajes pintorescos, se sumergir\u00e1 en historias de fe, milagros y las profundas ra\u00edces culturales de este lugar sagrado. Su visita a F\u00e1tima es algo m\u00e1s que una visita tur\u00edstica; es una profunda exploraci\u00f3n de la fe, la cultura y la historia, entrelazadas en una experiencia que trasciende lo ordinario.<\/span><\/p>\n<p><span style=\"font-weight: 400;\">En este viaje, cada momento es una oportunidad para conectar con la esencia espiritual de F\u00e1tima. El santuario, con su ambiente tranquilo y sus lugares sagrados, ofrece un espacio \u00fanico para la reflexi\u00f3n y la oraci\u00f3n. Aqu\u00ed, las historias del pasado y la fe del presente se funden, creando una atm\u00f3sfera de profunda reverencia y paz. Mientras navegamos por los serenos senderos y espacios sagrados de F\u00e1tima, sentir\u00e1 el peso de la historia y el toque de espiritualidad que hacen que este destino sea tan venerado. Este recorrido, aunque profundamente arraigado en la fe cat\u00f3lica, da la bienvenida a todos los que buscan comprender los temas universales de esperanza, paz y resistencia espiritual que F\u00e1tima representa. Es una experiencia que promete no s\u00f3lo educar, sino tambi\u00e9n inspirar y elevar.<\/span><\/p>\n<h2><b>Lo m\u00e1s destacado de la Visita Privada a F\u00e1tima<\/b><\/h2>\n<ul>\n<li style=\"font-weight: 400;\" aria-level=\"1\"><b>Cova da Iria: <\/b><span style=\"font-weight: 400;\">Este lugar, m\u00e1s grande que la Plaza de San Pedro del Vaticano, es el punto central de la tierra santa de F\u00e1tima. Aqu\u00ed se encuentra el lugar donde se cree que la Virgen Mar\u00eda se apareci\u00f3 a los tres ni\u00f1os pastores, un momento que transform\u00f3 para siempre F\u00e1tima en un lugar de peregrinaci\u00f3n mundial.<\/span><\/li>\n<li style=\"font-weight: 400;\" aria-level=\"1\"><b>Santuario de Nuestra Se\u00f1ora de F\u00e1tima:<\/b><span style=\"font-weight: 400;\"> Este extenso complejo incluye la Capilla de las Apariciones, una modesta estructura que marca el lugar de las apariciones marianas. La amplia Bas\u00edlica de Nuestra Se\u00f1ora del Rosario, adornada con arte y arquitectura impresionantes, alberga las tumbas de los videntes.<\/span><\/li>\n<li style=\"font-weight: 400;\" aria-level=\"1\"><b>Casas de los Pastores: <\/b><span style=\"font-weight: 400;\">Visite los humildes hogares de Francisco y Jacinta Marto y Luc\u00eda dos Santos en el cercano pueblo de Aljustrel. Estas casas conservadas ofrecen una visi\u00f3n de la vida sencilla de los ni\u00f1os que fueron testigos de las apariciones.<\/span><\/li>\n<li style=\"font-weight: 400;\" aria-level=\"1\"><b>Gastronom\u00eda portuguesa:<\/b><span style=\"font-weight: 400;\"> Una visita a F\u00e1tima tambi\u00e9n ofrece la oportunidad de deleitarse con el rico patrimonio culinario de Portugal. Disfrute de una comida en un restaurante local, donde se sirven platos tradicionales portugueses con un toque de inspiraci\u00f3n divina.<\/span><\/li>\n<li style=\"font-weight: 400;\" aria-level=\"1\"><b>Tiempo de reflexi\u00f3n y oraci\u00f3n:<\/b><span style=\"font-weight: 400;\"> Para aquellos que lo deseen, habr\u00e1 momentos para la reflexi\u00f3n personal o la oraci\u00f3n, ya sea dentro de la Bas\u00edlica, en la Capilla de las Apariciones o en el tranquilo entorno del santuario.<\/span><\/li>\n<li style=\"font-weight: 400;\" aria-level=\"1\"><b>Compras de recuerdos:<\/b><span style=\"font-weight: 400;\"> F\u00e1tima tambi\u00e9n es conocida por sus recuerdos religiosos y su artesan\u00eda. Tendr\u00e1 la oportunidad de recorrer las tiendas locales en busca de recuerdos de su visita.<\/span><\/li>\n<li style=\"font-weight: 400;\" aria-level=\"1\"><b>Tranquilos jardines de olivos:<\/b><span style=\"font-weight: 400;\"> Los olivos que rodean F\u00e1tima no son s\u00f3lo parte del paisaje; son s\u00edmbolos de paz y esperanza. Al pasear por estos jardines, sentir\u00e1 una sensaci\u00f3n de tranquilidad y conexi\u00f3n con el significado espiritual de la zona.<\/span><\/li>\n<li style=\"font-weight: 400;\" aria-level=\"1\"><b>Museo de Arte Sacro y Etnolog\u00eda: <\/b><span style=\"font-weight: 400;\">Para los interesados en los aspectos culturales y art\u00edsticos de la historia religiosa, una visita a este museo de F\u00e1tima ofrece una visi\u00f3n de las formas de arte sacro y del trasfondo etnol\u00f3gico de la regi\u00f3n.<\/span><\/li>\n<li style=\"font-weight: 400;\" aria-level=\"1\"><b>Camino de los Peregrinos: <\/b><span style=\"font-weight: 400;\">El Caminho dos Pastorinhos, o Camino de los Peregrinos, es una ruta serena que conecta el Santuario con las casas de los ni\u00f1os pastores. Recorrer este camino es un viaje a trav\u00e9s de exuberantes paisajes, que proporciona un tiempo para la meditaci\u00f3n y la contemplaci\u00f3n.<\/span><\/li>\n<\/ul>\n<p><span style=\"font-weight: 400;\">Cada uno de estos puntos destacados contribuye al rico tapiz de experiencias que hacen de una visita a F\u00e1tima un viaje profundamente memorable y espiritualmente enriquecedor. <\/span><a href=\"https:\/\/tourtravelandmore.com\/es\/ciudad\/portugal-es\/oporto-es\/\"><span style=\"font-weight: 400;\">Si busca una visi\u00f3n hist\u00f3rica, un enriquecimiento espiritual o simplemente una escapada tranquila,<\/span><\/a><span style=\"font-weight: 400;\"> nuestro Tour Privado a F\u00e1tima le ofrece una experiencia completa y satisfactoria.<\/span><\/p>\n","protected":false},"excerpt":{"rendered":"<p><span style=\"font-weight: 400;\">Descubra el coraz\u00f3n sagrado de Portugal en nuestro Tour Privado a F\u00e1tima. Este viaje desde Oporto le sumerge en la serena atm\u00f3sfera de uno de los santuarios cat\u00f3licos m\u00e1s significativos del mundo.<\/span><\/p>\n","protected":false},"featured_media":15600,"comment_status":"open","ping_status":"closed","template":"","meta":{"_acf_changed":false},"product_brand":[],"product_cat":[624,633,634],"product_tag":[],"class_list":{"0":"post-15662","1":"product","2":"type-product","3":"status-publish","4":"has-post-thumbnail","6":"product_cat-oporto-es","7":"product_cat-oporto-actividades-es","8":"product_cat-oporto-excursiones-es","10":"first","11":"instock","12":"shipping-taxable","13":"purchasable","14":"product-type-simple"},"acf":[],"yoast_head":"<!-- This site is optimized with the Yoast SEO Premium plugin v25.3.1 (Yoast SEO v25.3.1) - https:\/\/yoast.com\/wordpress\/plugins\/seo\/ -->\n<title>\u27a1\ufe0f Explore F\u00e1tima en un tour privado desde Oporto con Tour Travel &amp; More \u2705<\/title>\n<meta name=\"description\" content=\"Sum\u00e9rjase en la esencia espiritual de F\u00e1tima en un tour privado desde Oporto. Visite lugares religiosos clave y abrace el rico patrimonio de Portugal. \u2705\" \/>\n<meta name=\"robots\" content=\"index, follow, max-snippet:-1, max-image-preview:large, max-video-preview:-1\" \/>\n<link rel=\"canonical\" href=\"https:\/\/tourtravelandmore.com\/es\/tours\/portugal-es\/oporto-es\/tour-privado-fatima-de-oporto\/\" \/>\n<meta property=\"og:locale\" content=\"es_ES\" \/>\n<meta property=\"og:type\" content=\"article\" \/>\n<meta property=\"og:title\" content=\"Tour Privado a Fatima\" \/>\n<meta property=\"og:description\" content=\"Sum\u00e9rjase en la esencia espiritual de F\u00e1tima en un tour privado desde Oporto. Visite lugares religiosos clave y abrace el rico patrimonio de Portugal. \u2705\" \/>\n<meta property=\"og:url\" content=\"https:\/\/tourtravelandmore.com\/es\/tours\/portugal-es\/oporto-es\/tour-privado-fatima-de-oporto\/\" \/>\n<meta property=\"og:site_name\" content=\"Tour Travel And More\" \/>\n<meta property=\"article:publisher\" content=\"https:\/\/www.facebook.com\/tourtravelandmore\/\" \/>\n<meta property=\"article:modified_time\" content=\"2023-11-28T11:24:03+00:00\" \/>\n<meta property=\"og:image\" content=\"https:\/\/tourtravelandmore.com\/wp-content\/uploads\/2017\/11\/846BDCBB-C610-450C-9AD5-297532449231_w1023_r1_s.jpg\" \/>\n\t<meta property=\"og:image:width\" content=\"1023\" \/>\n\t<meta property=\"og:image:height\" content=\"575\" \/>\n\t<meta property=\"og:image:type\" content=\"image\/jpeg\" \/>\n<meta name=\"twitter:card\" content=\"summary_large_image\" \/>\n<meta name=\"twitter:site\" content=\"@TourTravel_More\" \/>\n<meta name=\"twitter:label1\" content=\"Tiempo de lectura\" \/>\n\t<meta name=\"twitter:data1\" content=\"4 minutos\" \/>\n<script type=\"application\/ld+json\" class=\"yoast-schema-graph\">{\"@context\":\"https:\/\/schema.org\",\"@graph\":[{\"@type\":\"WebPage\",\"@id\":\"https:\/\/tourtravelandmore.com\/es\/tours\/portugal-es\/oporto-es\/tour-privado-fatima-de-oporto\/\",\"url\":\"https:\/\/tourtravelandmore.com\/es\/tours\/portugal-es\/oporto-es\/tour-privado-fatima-de-oporto\/\",\"name\":\"\u27a1\ufe0f Explore F\u00e1tima en un tour privado desde Oporto con Tour Travel & More \u2705\",\"isPartOf\":{\"@id\":\"https:\/\/tourtravelandmore.com\/es\/#website\"},\"primaryImageOfPage\":{\"@id\":\"https:\/\/tourtravelandmore.com\/es\/tours\/portugal-es\/oporto-es\/tour-privado-fatima-de-oporto\/#primaryimage\"},\"image\":{\"@id\":\"https:\/\/tourtravelandmore.com\/es\/tours\/portugal-es\/oporto-es\/tour-privado-fatima-de-oporto\/#primaryimage\"},\"thumbnailUrl\":\"https:\/\/tourtravelandmore.com\/wp-content\/uploads\/2017\/11\/846BDCBB-C610-450C-9AD5-297532449231_w1023_r1_s.jpg\",\"datePublished\":\"2017-11-15T13:20:41+00:00\",\"dateModified\":\"2023-11-28T11:24:03+00:00\",\"description\":\"Sum\u00e9rjase en la esencia espiritual de F\u00e1tima en un tour privado desde Oporto. Visite lugares religiosos clave y abrace el rico patrimonio de Portugal. \u2705\",\"breadcrumb\":{\"@id\":\"https:\/\/tourtravelandmore.com\/es\/tours\/portugal-es\/oporto-es\/tour-privado-fatima-de-oporto\/#breadcrumb\"},\"inLanguage\":\"es\",\"potentialAction\":[{\"@type\":\"ReadAction\",\"target\":[\"https:\/\/tourtravelandmore.com\/es\/tours\/portugal-es\/oporto-es\/tour-privado-fatima-de-oporto\/\"]}]},{\"@type\":\"ImageObject\",\"inLanguage\":\"es\",\"@id\":\"https:\/\/tourtravelandmore.com\/es\/tours\/portugal-es\/oporto-es\/tour-privado-fatima-de-oporto\/#primaryimage\",\"url\":\"https:\/\/tourtravelandmore.com\/wp-content\/uploads\/2017\/11\/846BDCBB-C610-450C-9AD5-297532449231_w1023_r1_s.jpg\",\"contentUrl\":\"https:\/\/tourtravelandmore.com\/wp-content\/uploads\/2017\/11\/846BDCBB-C610-450C-9AD5-297532449231_w1023_r1_s.jpg\",\"width\":1023,\"height\":575,\"caption\":\"Pope Francis (C) waves to devotees inside the popemobile at the end of the traditional 13th May annual pilgrimage to Fatima Sanctuary, Leiria, Portugal, 13 May 2017. Pope Francis is in visiting Fatima on 12 and 13 May on the 100th anniversary of the appearances of PAULO NOVAIS\/POOL\/LUSA\"},{\"@type\":\"BreadcrumbList\",\"@id\":\"https:\/\/tourtravelandmore.com\/es\/tours\/portugal-es\/oporto-es\/tour-privado-fatima-de-oporto\/#breadcrumb\",\"itemListElement\":[{\"@type\":\"ListItem\",\"position\":1,\"name\":\"Home\",\"item\":\"https:\/\/tourtravelandmore.com\/es\/\"},{\"@type\":\"ListItem\",\"position\":2,\"name\":\"Tours\",\"item\":\"https:\/\/tourtravelandmore.com\/es\/tours\/\"},{\"@type\":\"ListItem\",\"position\":3,\"name\":\"Tour Privado a Fatima\"}]},{\"@type\":\"WebSite\",\"@id\":\"https:\/\/tourtravelandmore.com\/es\/#website\",\"url\":\"https:\/\/tourtravelandmore.com\/es\/\",\"name\":\"Tour Travel And More\",\"description\":\"Private sightseeing tours and luxury transfers in Spain\",\"publisher\":{\"@id\":\"https:\/\/tourtravelandmore.com\/es\/#organization\"},\"potentialAction\":[{\"@type\":\"SearchAction\",\"target\":{\"@type\":\"EntryPoint\",\"urlTemplate\":\"https:\/\/tourtravelandmore.com\/es\/?s={search_term_string}\"},\"query-input\":{\"@type\":\"PropertyValueSpecification\",\"valueRequired\":true,\"valueName\":\"search_term_string\"}}],\"inLanguage\":\"es\"},{\"@type\":\"Organization\",\"@id\":\"https:\/\/tourtravelandmore.com\/es\/#organization\",\"name\":\"Tour Travel And More\",\"url\":\"https:\/\/tourtravelandmore.com\/es\/\",\"logo\":{\"@type\":\"ImageObject\",\"inLanguage\":\"es\",\"@id\":\"https:\/\/tourtravelandmore.com\/es\/#\/schema\/logo\/image\/\",\"url\":\"https:\/\/tourtravelandmore.com\/wp-content\/uploads\/2022\/12\/cropped-logo-cabecera-new.png\",\"contentUrl\":\"https:\/\/tourtravelandmore.com\/wp-content\/uploads\/2022\/12\/cropped-logo-cabecera-new.png\",\"width\":430,\"height\":61,\"caption\":\"Tour Travel And More\"},\"image\":{\"@id\":\"https:\/\/tourtravelandmore.com\/es\/#\/schema\/logo\/image\/\"},\"sameAs\":[\"https:\/\/www.facebook.com\/tourtravelandmore\/\",\"https:\/\/x.com\/TourTravel_More\"]}]}<\/script>\n<!-- \/ Yoast SEO Premium plugin. -->","yoast_head_json":{"title":"\u27a1\ufe0f Explore F\u00e1tima en un tour privado desde Oporto con Tour Travel & More \u2705","description":"Sum\u00e9rjase en la esencia espiritual de F\u00e1tima en un tour privado desde Oporto. Visite lugares religiosos clave y abrace el rico patrimonio de Portugal. \u2705","robots":{"index":"index","follow":"follow","max-snippet":"max-snippet:-1","max-image-preview":"max-image-preview:large","max-video-preview":"max-video-preview:-1"},"canonical":"https:\/\/tourtravelandmore.com\/es\/tours\/portugal-es\/oporto-es\/tour-privado-fatima-de-oporto\/","og_locale":"es_ES","og_type":"article","og_title":"Tour Privado a Fatima","og_description":"Sum\u00e9rjase en la esencia espiritual de F\u00e1tima en un tour privado desde Oporto. Visite lugares religiosos clave y abrace el rico patrimonio de Portugal. \u2705","og_url":"https:\/\/tourtravelandmore.com\/es\/tours\/portugal-es\/oporto-es\/tour-privado-fatima-de-oporto\/","og_site_name":"Tour Travel And More","article_publisher":"https:\/\/www.facebook.com\/tourtravelandmore\/","article_modified_time":"2023-11-28T11:24:03+00:00","og_image":[{"width":1023,"height":575,"url":"https:\/\/tourtravelandmore.com\/wp-content\/uploads\/2017\/11\/846BDCBB-C610-450C-9AD5-297532449231_w1023_r1_s.jpg","type":"image\/jpeg"}],"twitter_card":"summary_large_image","twitter_site":"@TourTravel_More","twitter_misc":{"Tiempo de lectura":"4 minutos"},"schema":{"@context":"https:\/\/schema.org","@graph":[{"@type":"WebPage","@id":"https:\/\/tourtravelandmore.com\/es\/tours\/portugal-es\/oporto-es\/tour-privado-fatima-de-oporto\/","url":"https:\/\/tourtravelandmore.com\/es\/tours\/portugal-es\/oporto-es\/tour-privado-fatima-de-oporto\/","name":"\u27a1\ufe0f Explore F\u00e1tima en un tour privado desde Oporto con Tour Travel & More \u2705","isPartOf":{"@id":"https:\/\/tourtravelandmore.com\/es\/#website"},"primaryImageOfPage":{"@id":"https:\/\/tourtravelandmore.com\/es\/tours\/portugal-es\/oporto-es\/tour-privado-fatima-de-oporto\/#primaryimage"},"image":{"@id":"https:\/\/tourtravelandmore.com\/es\/tours\/portugal-es\/oporto-es\/tour-privado-fatima-de-oporto\/#primaryimage"},"thumbnailUrl":"https:\/\/tourtravelandmore.com\/wp-content\/uploads\/2017\/11\/846BDCBB-C610-450C-9AD5-297532449231_w1023_r1_s.jpg","datePublished":"2017-11-15T13:20:41+00:00","dateModified":"2023-11-28T11:24:03+00:00","description":"Sum\u00e9rjase en la esencia espiritual de F\u00e1tima en un tour privado desde Oporto. Visite lugares religiosos clave y abrace el rico patrimonio de Portugal. \u2705","breadcrumb":{"@id":"https:\/\/tourtravelandmore.com\/es\/tours\/portugal-es\/oporto-es\/tour-privado-fatima-de-oporto\/#breadcrumb"},"inLanguage":"es","potentialAction":[{"@type":"ReadAction","target":["https:\/\/tourtravelandmore.com\/es\/tours\/portugal-es\/oporto-es\/tour-privado-fatima-de-oporto\/"]}]},{"@type":"ImageObject","inLanguage":"es","@id":"https:\/\/tourtravelandmore.com\/es\/tours\/portugal-es\/oporto-es\/tour-privado-fatima-de-oporto\/#primaryimage","url":"https:\/\/tourtravelandmore.com\/wp-content\/uploads\/2017\/11\/846BDCBB-C610-450C-9AD5-297532449231_w1023_r1_s.jpg","contentUrl":"https:\/\/tourtravelandmore.com\/wp-content\/uploads\/2017\/11\/846BDCBB-C610-450C-9AD5-297532449231_w1023_r1_s.jpg","width":1023,"height":575,"caption":"Pope Francis (C) waves to devotees inside the popemobile at the end of the traditional 13th May annual pilgrimage to Fatima Sanctuary, Leiria, Portugal, 13 May 2017. Pope Francis is in visiting Fatima on 12 and 13 May on the 100th anniversary of the appearances of PAULO NOVAIS\/POOL\/LUSA"},{"@type":"BreadcrumbList","@id":"https:\/\/tourtravelandmore.com\/es\/tours\/portugal-es\/oporto-es\/tour-privado-fatima-de-oporto\/#breadcrumb","itemListElement":[{"@type":"ListItem","position":1,"name":"Home","item":"https:\/\/tourtravelandmore.com\/es\/"},{"@type":"ListItem","position":2,"name":"Tours","item":"https:\/\/tourtravelandmore.com\/es\/tours\/"},{"@type":"ListItem","position":3,"name":"Tour Privado a Fatima"}]},{"@type":"WebSite","@id":"https:\/\/tourtravelandmore.com\/es\/#website","url":"https:\/\/tourtravelandmore.com\/es\/","name":"Tour Travel And More","description":"Private sightseeing tours and luxury transfers in Spain","publisher":{"@id":"https:\/\/tourtravelandmore.com\/es\/#organization"},"potentialAction":[{"@type":"SearchAction","target":{"@type":"EntryPoint","urlTemplate":"https:\/\/tourtravelandmore.com\/es\/?s={search_term_string}"},"query-input":{"@type":"PropertyValueSpecification","valueRequired":true,"valueName":"search_term_string"}}],"inLanguage":"es"},{"@type":"Organization","@id":"https:\/\/tourtravelandmore.com\/es\/#organization","name":"Tour Travel And More","url":"https:\/\/tourtravelandmore.com\/es\/","logo":{"@type":"ImageObject","inLanguage":"es","@id":"https:\/\/tourtravelandmore.com\/es\/#\/schema\/logo\/image\/","url":"https:\/\/tourtravelandmore.com\/wp-content\/uploads\/2022\/12\/cropped-logo-cabecera-new.png","contentUrl":"https:\/\/tourtravelandmore.com\/wp-content\/uploads\/2022\/12\/cropped-logo-cabecera-new.png","width":430,"height":61,"caption":"Tour Travel And More"},"image":{"@id":"https:\/\/tourtravelandmore.com\/es\/#\/schema\/logo\/image\/"},"sameAs":["https:\/\/www.facebook.com\/tourtravelandmore\/","https:\/\/x.com\/TourTravel_More"]}]}},"_links":{"self":[{"href":"https:\/\/tourtravelandmore.com\/es\/wp-json\/wp\/v2\/product\/15662","targetHints":{"allow":["GET"]}}],"collection":[{"href":"https:\/\/tourtravelandmore.com\/es\/wp-json\/wp\/v2\/product"}],"about":[{"href":"https:\/\/tourtravelandmore.com\/es\/wp-json\/wp\/v2\/types\/product"}],"replies":[{"embeddable":true,"href":"https:\/\/tourtravelandmore.com\/es\/wp-json\/wp\/v2\/comments?post=15662"}],"wp:featuredmedia":[{"embeddable":true,"href":"https:\/\/tourtravelandmore.com\/es\/wp-json\/wp\/v2\/media\/15600"}],"wp:attachment":[{"href":"https:\/\/tourtravelandmore.com\/es\/wp-json\/wp\/v2\/media?parent=15662"}],"wp:term":[{"taxonomy":"product_brand","embeddable":true,"href":"https:\/\/tourtravelandmore.com\/es\/wp-json\/wp\/v2\/product_brand?post=15662"},{"taxonomy":"product_cat","embeddable":true,"href":"https:\/\/tourtravelandmore.com\/es\/wp-json\/wp\/v2\/product_cat?post=15662"},{"taxonomy":"product_tag","embeddable":true,"href":"https:\/\/tourtravelandmore.com\/es\/wp-json\/wp\/v2\/product_tag?post=15662"}],"curies":[{"name":"wp","href":"https:\/\/api.w.org\/{rel}","templated":true}]}}