{"id":15634,"date":"2017-11-15T13:35:10","date_gmt":"2017-11-15T12:35:10","guid":{"rendered":"http:\/\/tourtravelandmore.com\/es\/?post_type=product&#038;p=15634"},"modified":"2023-11-27T10:56:18","modified_gmt":"2023-11-27T09:56:18","slug":"tour-privado-dia-completo-a-braga-y-guimaraes","status":"publish","type":"product","link":"https:\/\/tourtravelandmore.com\/es\/tours\/portugal-es\/oporto-es\/tour-privado-dia-completo-a-braga-y-guimaraes\/","title":{"rendered":"Excursi\u00f3n privada de un d\u00eda a Braga y Guimar\u00e3es"},"content":{"rendered":"<h2><b>Descripci\u00f3n de la Excursi\u00f3n Privada de un D\u00eda a Braga y Guimar\u00e3es<\/b><\/h2>\n<p><span style=\"font-weight: 400;\">Emb\u00e1rquese en una inolvidable exploraci\u00f3n de la rica historia y cultura de Portugal con nuestra excursi\u00f3n privada de un d\u00eda a Braga y Guimar\u00e3es. Esta excursi\u00f3n de d\u00eda completo, de aproximadamente 8 horas de duraci\u00f3n, no es s\u00f3lo un recorrido; es una aventura que viaja en el tiempo hasta el coraz\u00f3n de la cuna y el patrimonio religioso de Portugal.<\/span><\/p>\n<p><span style=\"font-weight: 400;\">Su viaje personalizado comienza cuando nuestro gu\u00eda y ch\u00f3fer le recogen en el lugar que desee de Oporto. Si\u00e9ntese en nuestro veh\u00edculo de lujo mientras le transportamos a trav\u00e9s de los pintorescos paisajes de la regi\u00f3n de Minho, una zona famosa por sus exuberantes paisajes y su importancia hist\u00f3rica.<\/span><\/p>\n<p><span style=\"font-weight: 400;\">Mientras viaja, nuestro gu\u00eda experto le deleitar\u00e1 con an\u00e9cdotas y curiosidades, preparando el terreno para lo que est\u00e1 por venir. Este recorrido se puede personalizar para adaptarlo a sus intereses y preferencias, garantizando una experiencia \u00fanica y envolvente.<\/span><\/p>\n<p><span style=\"font-weight: 400;\">A medida que nos aventuramos hacia el norte desde Oporto, el viaje a Braga y Guimar\u00e3es se desarrolla a trav\u00e9s de ondulantes colinas y verdes vi\u00f1edos, estableciendo el tono para un d\u00eda lleno de historia y belleza natural. Braga, conocida como la &#8220;Roma de Portugal&#8221;, fascina con sus antiguas iglesias y su vibrante tapiz cultural, mientras que Guimar\u00e3es, declarada Patrimonio de la Humanidad por la UNESCO, es un monumento a la fundaci\u00f3n y la identidad de Portugal. Este recorrido no s\u00f3lo le permitir\u00e1 echar un vistazo al pasado, sino tambi\u00e9n conocer la vida actual de estas ciudades hist\u00f3ricas.<\/span><\/p>\n<p><span style=\"font-weight: 400;\">A lo largo de su visita privada, tendr\u00e1 la oportunidad de interactuar con los lugare\u00f1os, adentrarse en las costumbres y tradiciones de la regi\u00f3n, e incluso echar un vistazo a los festivales o celebraciones locales, dependiendo de la \u00e9poca de su visita. Esta conexi\u00f3n con la cultura local a\u00f1ade un toque de autenticidad a su experiencia, convirtiendo su viaje por Braga y Guimar\u00e3es en algo m\u00e1s que una simple visita tur\u00edstica: es una inmersi\u00f3n profunda en el coraz\u00f3n del patrimonio de Portugal.<\/span><\/p>\n<h2><b>Lo m\u00e1s destacado de la Excursi\u00f3n Privada de un D\u00eda a Braga y Guimar\u00e3es<\/b><\/h2>\n<ul>\n<li style=\"font-weight: 400;\" aria-level=\"1\"><b>Guimar\u00e3es: La cuna de una naci\u00f3n: <\/b><span style=\"font-weight: 400;\">A menudo conocida como la cuna de Portugal, Guimar\u00e3es est\u00e1 impregnada de importancia hist\u00f3rica. Pasee por sus encantadoras calles medievales, marav\u00edllese ante los edificios g\u00f3ticos y absorba el ambiente de las antiguas plazas. Lo m\u00e1s destacado es el Castillo de Guimar\u00e3es, s\u00edmbolo de la fundaci\u00f3n de Portugal, y el centro hist\u00f3rico de la ciudad, declarado Patrimonio de la Humanidad por la UNESCO, que le transportar\u00e1 sin esfuerzo al pasado.<\/span><\/li>\n<li style=\"font-weight: 400;\" aria-level=\"1\"><b>Braga: la ciudad santuario:<\/b><span style=\"font-weight: 400;\"> Conocida como &#8220;Braga Augusta&#8221; en la \u00e9poca romana, esta antigua ciudad es un tapiz de hitos hist\u00f3ricos y religiosos. La Catedral de Braga, la m\u00e1s antigua de Portugal, es una obra maestra de varios estilos arquitect\u00f3nicos y un lugar clave en la historia religiosa del pa\u00eds. Si el tiempo lo permite, su visita puede coincidir con las famosas celebraciones de Semana Santa o las animadas fiestas de S\u00e3o Jo\u00e3o.<\/span><\/li>\n<li style=\"font-weight: 400;\" aria-level=\"1\"><b>Santuario de Bom Jesus do Monte:<\/b><span style=\"font-weight: 400;\"> este refugio de peregrinos en Braga no es s\u00f3lo un lugar religioso, sino tambi\u00e9n una maravilla arquitect\u00f3nica. Conocido por su escalinata barroca que asciende majestuosamente por la ladera, el santuario ofrece solaz espiritual y vistas panor\u00e1micas de la ciudad.<\/span><\/li>\n<li style=\"font-weight: 400;\" aria-level=\"1\"><b>Delicias culinarias:<\/b><span style=\"font-weight: 400;\"> Ning\u00fan viaje a Portugal est\u00e1 completo sin deleitarse con la gastronom\u00eda local. Disfrute de un almuerzo tranquilo en un restaurante tradicional, donde podr\u00e1 saborear delicias regionales y quiz\u00e1s una copa de Vinho Verde, el famoso vino joven de la regi\u00f3n.<\/span><\/li>\n<li style=\"font-weight: 400;\" aria-level=\"1\"><b>Regreso a Oporto:<\/b><span style=\"font-weight: 400;\"> Despu\u00e9s de un d\u00eda empapado de historia y cultura, rel\u00e1jese mientras le llevamos de vuelta a Oporto. Reflexione sobre los recuerdos vividos y las historias aprendidas, con la comodidad de nuestro veh\u00edculo de lujo y la compa\u00f1\u00eda de su gu\u00eda experto.<\/span><\/li>\n<li style=\"font-weight: 400;\" aria-level=\"1\"><b>Centro hist\u00f3rico de Braga:<\/b><span style=\"font-weight: 400;\"> El centro de Braga es un mosaico de \u00e9pocas hist\u00f3ricas, con cimientos romanos y un rico patrimonio medieval. Aqu\u00ed, pasee por las antiguas calles bordeadas de edificios hist\u00f3ricos, tiendas y caf\u00e9s, donde el pasado y el presente se funden a la perfecci\u00f3n.<\/span><\/li>\n<li style=\"font-weight: 400;\" aria-level=\"1\"><b>Oporto: La Puerta del Norte:<\/b><span style=\"font-weight: 400;\"> Al final de la excursi\u00f3n, el viaje de vuelta a Oporto ofrece la oportunidad de rememorar las experiencias del d\u00eda. Oporto, una ciudad famosa por su vino y su impresionante paseo fluvial, ofrece un tel\u00f3n de fondo perfecto para reflexionar sobre su viaje a trav\u00e9s de la historia y la cultura del norte de Portugal.<\/span><\/li>\n<\/ul>\n<p><span style=\"font-weight: 400;\">En Tour Travel and More, nos comprometemos a crear experiencias de viaje inolvidables. Nuestro tour privado de un d\u00eda a Braga y Guimar\u00e3es es s\u00f3lo uno de los muchos tours a medida que ofrecemos. Descubra m\u00e1s y personalice su itinerario perfecto en Tour Travel and More. <\/span><a href=\"https:\/\/tourtravelandmore.com\/es\/ciudad\/portugal-es\/oporto-es\/\"><span style=\"font-weight: 400;\">D\u00e9jenos guiarle por las maravillas de Portugal y m\u00e1s all\u00e1.<\/span><\/a><\/p>\n","protected":false},"excerpt":{"rendered":"<p><span style=\"font-weight: 400;\">\u00a0Sum\u00e9rjase en las ra\u00edces hist\u00f3ricas de Portugal con nuestra excursi\u00f3n privada de un d\u00eda a Braga y Guimar\u00e3es desde Oporto. Explore antiguos castillos, monumentos religiosos y disfrute de una experiencia gastron\u00f3mica, todo ello en la comodidad de un veh\u00edculo de lujo con un gu\u00eda experto.<\/span><\/p>\n","protected":false},"featured_media":15641,"comment_status":"open","ping_status":"closed","template":"","meta":{"_acf_changed":false},"product_brand":[],"product_cat":[624,633,634],"product_tag":[],"class_list":{"0":"post-15634","1":"product","2":"type-product","3":"status-publish","4":"has-post-thumbnail","6":"product_cat-oporto-es","7":"product_cat-oporto-actividades-es","8":"product_cat-oporto-excursiones-es","10":"first","11":"instock","12":"shipping-taxable","13":"purchasable","14":"product-type-simple"},"acf":[],"yoast_head":"<!-- This site is optimized with the Yoast SEO Premium plugin v25.3.1 (Yoast SEO v25.3.1) - https:\/\/yoast.com\/wordpress\/plugins\/seo\/ -->\n<title>\u27a1\ufe0f Descubra Braga y Guimar\u00e3es: Excursi\u00f3n privada de d\u00eda completo desde Oporto \u2705<\/title>\n<meta name=\"description\" content=\"Sum\u00e9rjase en la historia de Portugal con una excursi\u00f3n privada a Braga y Guimar\u00e3es desde Oporto. Explore lugares antiguos, disfrute de la cocina local y de un transporte de lujo. \u00a1Reserve ahora! \u2705\" \/>\n<meta name=\"robots\" content=\"index, follow, max-snippet:-1, max-image-preview:large, max-video-preview:-1\" \/>\n<link rel=\"canonical\" href=\"https:\/\/tourtravelandmore.com\/es\/tours\/portugal-es\/oporto-es\/tour-privado-dia-completo-a-braga-y-guimaraes\/\" \/>\n<meta property=\"og:locale\" content=\"es_ES\" \/>\n<meta property=\"og:type\" content=\"article\" \/>\n<meta property=\"og:title\" content=\"Excursi\u00f3n privada de un d\u00eda a Braga y Guimar\u00e3es\" \/>\n<meta property=\"og:description\" content=\"Sum\u00e9rjase en la historia de Portugal con una excursi\u00f3n privada a Braga y Guimar\u00e3es desde Oporto. Explore lugares antiguos, disfrute de la cocina local y de un transporte de lujo. \u00a1Reserve ahora! \u2705\" \/>\n<meta property=\"og:url\" content=\"https:\/\/tourtravelandmore.com\/es\/tours\/portugal-es\/oporto-es\/tour-privado-dia-completo-a-braga-y-guimaraes\/\" \/>\n<meta property=\"og:site_name\" content=\"Tour Travel And More\" \/>\n<meta property=\"article:publisher\" content=\"https:\/\/www.facebook.com\/tourtravelandmore\/\" \/>\n<meta property=\"article:modified_time\" content=\"2023-11-27T09:56:18+00:00\" \/>\n<meta property=\"og:image\" content=\"https:\/\/tourtravelandmore.com\/wp-content\/uploads\/2017\/11\/Braga_-_Santu\u00e1rio_do_Bom_Jesus_do_Monte.jpg\" \/>\n\t<meta property=\"og:image:width\" content=\"3543\" \/>\n\t<meta property=\"og:image:height\" content=\"2362\" \/>\n\t<meta property=\"og:image:type\" content=\"image\/jpeg\" \/>\n<meta name=\"twitter:card\" content=\"summary_large_image\" \/>\n<meta name=\"twitter:site\" content=\"@TourTravel_More\" \/>\n<meta name=\"twitter:label1\" content=\"Tiempo de lectura\" \/>\n\t<meta name=\"twitter:data1\" content=\"4 minutos\" \/>\n<script type=\"application\/ld+json\" class=\"yoast-schema-graph\">{\"@context\":\"https:\/\/schema.org\",\"@graph\":[{\"@type\":\"WebPage\",\"@id\":\"https:\/\/tourtravelandmore.com\/es\/tours\/portugal-es\/oporto-es\/tour-privado-dia-completo-a-braga-y-guimaraes\/\",\"url\":\"https:\/\/tourtravelandmore.com\/es\/tours\/portugal-es\/oporto-es\/tour-privado-dia-completo-a-braga-y-guimaraes\/\",\"name\":\"\u27a1\ufe0f Descubra Braga y Guimar\u00e3es: Excursi\u00f3n privada de d\u00eda completo desde Oporto \u2705\",\"isPartOf\":{\"@id\":\"https:\/\/tourtravelandmore.com\/es\/#website\"},\"primaryImageOfPage\":{\"@id\":\"https:\/\/tourtravelandmore.com\/es\/tours\/portugal-es\/oporto-es\/tour-privado-dia-completo-a-braga-y-guimaraes\/#primaryimage\"},\"image\":{\"@id\":\"https:\/\/tourtravelandmore.com\/es\/tours\/portugal-es\/oporto-es\/tour-privado-dia-completo-a-braga-y-guimaraes\/#primaryimage\"},\"thumbnailUrl\":\"https:\/\/tourtravelandmore.com\/wp-content\/uploads\/2017\/11\/Braga_-_Santu\u00e1rio_do_Bom_Jesus_do_Monte.jpg\",\"datePublished\":\"2017-11-15T12:35:10+00:00\",\"dateModified\":\"2023-11-27T09:56:18+00:00\",\"description\":\"Sum\u00e9rjase en la historia de Portugal con una excursi\u00f3n privada a Braga y Guimar\u00e3es desde Oporto. Explore lugares antiguos, disfrute de la cocina local y de un transporte de lujo. \u00a1Reserve ahora! \u2705\",\"breadcrumb\":{\"@id\":\"https:\/\/tourtravelandmore.com\/es\/tours\/portugal-es\/oporto-es\/tour-privado-dia-completo-a-braga-y-guimaraes\/#breadcrumb\"},\"inLanguage\":\"es\",\"potentialAction\":[{\"@type\":\"ReadAction\",\"target\":[\"https:\/\/tourtravelandmore.com\/es\/tours\/portugal-es\/oporto-es\/tour-privado-dia-completo-a-braga-y-guimaraes\/\"]}]},{\"@type\":\"ImageObject\",\"inLanguage\":\"es\",\"@id\":\"https:\/\/tourtravelandmore.com\/es\/tours\/portugal-es\/oporto-es\/tour-privado-dia-completo-a-braga-y-guimaraes\/#primaryimage\",\"url\":\"https:\/\/tourtravelandmore.com\/wp-content\/uploads\/2017\/11\/Braga_-_Santu\u00e1rio_do_Bom_Jesus_do_Monte.jpg\",\"contentUrl\":\"https:\/\/tourtravelandmore.com\/wp-content\/uploads\/2017\/11\/Braga_-_Santu\u00e1rio_do_Bom_Jesus_do_Monte.jpg\",\"width\":3543,\"height\":2362},{\"@type\":\"BreadcrumbList\",\"@id\":\"https:\/\/tourtravelandmore.com\/es\/tours\/portugal-es\/oporto-es\/tour-privado-dia-completo-a-braga-y-guimaraes\/#breadcrumb\",\"itemListElement\":[{\"@type\":\"ListItem\",\"position\":1,\"name\":\"Home\",\"item\":\"https:\/\/tourtravelandmore.com\/es\/\"},{\"@type\":\"ListItem\",\"position\":2,\"name\":\"Tours\",\"item\":\"https:\/\/tourtravelandmore.com\/es\/tours\/\"},{\"@type\":\"ListItem\",\"position\":3,\"name\":\"Excursi\u00f3n privada de un d\u00eda a Braga y Guimar\u00e3es\"}]},{\"@type\":\"WebSite\",\"@id\":\"https:\/\/tourtravelandmore.com\/es\/#website\",\"url\":\"https:\/\/tourtravelandmore.com\/es\/\",\"name\":\"Tour Travel And More\",\"description\":\"Private sightseeing tours and luxury transfers in Spain\",\"publisher\":{\"@id\":\"https:\/\/tourtravelandmore.com\/es\/#organization\"},\"potentialAction\":[{\"@type\":\"SearchAction\",\"target\":{\"@type\":\"EntryPoint\",\"urlTemplate\":\"https:\/\/tourtravelandmore.com\/es\/?s={search_term_string}\"},\"query-input\":{\"@type\":\"PropertyValueSpecification\",\"valueRequired\":true,\"valueName\":\"search_term_string\"}}],\"inLanguage\":\"es\"},{\"@type\":\"Organization\",\"@id\":\"https:\/\/tourtravelandmore.com\/es\/#organization\",\"name\":\"Tour Travel And More\",\"url\":\"https:\/\/tourtravelandmore.com\/es\/\",\"logo\":{\"@type\":\"ImageObject\",\"inLanguage\":\"es\",\"@id\":\"https:\/\/tourtravelandmore.com\/es\/#\/schema\/logo\/image\/\",\"url\":\"https:\/\/tourtravelandmore.com\/wp-content\/uploads\/2022\/12\/cropped-logo-cabecera-new.png\",\"contentUrl\":\"https:\/\/tourtravelandmore.com\/wp-content\/uploads\/2022\/12\/cropped-logo-cabecera-new.png\",\"width\":430,\"height\":61,\"caption\":\"Tour Travel And More\"},\"image\":{\"@id\":\"https:\/\/tourtravelandmore.com\/es\/#\/schema\/logo\/image\/\"},\"sameAs\":[\"https:\/\/www.facebook.com\/tourtravelandmore\/\",\"https:\/\/x.com\/TourTravel_More\"]}]}<\/script>\n<!-- \/ Yoast SEO Premium plugin. -->","yoast_head_json":{"title":"\u27a1\ufe0f Descubra Braga y Guimar\u00e3es: Excursi\u00f3n privada de d\u00eda completo desde Oporto \u2705","description":"Sum\u00e9rjase en la historia de Portugal con una excursi\u00f3n privada a Braga y Guimar\u00e3es desde Oporto. Explore lugares antiguos, disfrute de la cocina local y de un transporte de lujo. \u00a1Reserve ahora! \u2705","robots":{"index":"index","follow":"follow","max-snippet":"max-snippet:-1","max-image-preview":"max-image-preview:large","max-video-preview":"max-video-preview:-1"},"canonical":"https:\/\/tourtravelandmore.com\/es\/tours\/portugal-es\/oporto-es\/tour-privado-dia-completo-a-braga-y-guimaraes\/","og_locale":"es_ES","og_type":"article","og_title":"Excursi\u00f3n privada de un d\u00eda a Braga y Guimar\u00e3es","og_description":"Sum\u00e9rjase en la historia de Portugal con una excursi\u00f3n privada a Braga y Guimar\u00e3es desde Oporto. Explore lugares antiguos, disfrute de la cocina local y de un transporte de lujo. \u00a1Reserve ahora! \u2705","og_url":"https:\/\/tourtravelandmore.com\/es\/tours\/portugal-es\/oporto-es\/tour-privado-dia-completo-a-braga-y-guimaraes\/","og_site_name":"Tour Travel And More","article_publisher":"https:\/\/www.facebook.com\/tourtravelandmore\/","article_modified_time":"2023-11-27T09:56:18+00:00","og_image":[{"width":3543,"height":2362,"url":"https:\/\/tourtravelandmore.com\/wp-content\/uploads\/2017\/11\/Braga_-_Santu\u00e1rio_do_Bom_Jesus_do_Monte.jpg","type":"image\/jpeg"}],"twitter_card":"summary_large_image","twitter_site":"@TourTravel_More","twitter_misc":{"Tiempo de lectura":"4 minutos"},"schema":{"@context":"https:\/\/schema.org","@graph":[{"@type":"WebPage","@id":"https:\/\/tourtravelandmore.com\/es\/tours\/portugal-es\/oporto-es\/tour-privado-dia-completo-a-braga-y-guimaraes\/","url":"https:\/\/tourtravelandmore.com\/es\/tours\/portugal-es\/oporto-es\/tour-privado-dia-completo-a-braga-y-guimaraes\/","name":"\u27a1\ufe0f Descubra Braga y Guimar\u00e3es: Excursi\u00f3n privada de d\u00eda completo desde Oporto \u2705","isPartOf":{"@id":"https:\/\/tourtravelandmore.com\/es\/#website"},"primaryImageOfPage":{"@id":"https:\/\/tourtravelandmore.com\/es\/tours\/portugal-es\/oporto-es\/tour-privado-dia-completo-a-braga-y-guimaraes\/#primaryimage"},"image":{"@id":"https:\/\/tourtravelandmore.com\/es\/tours\/portugal-es\/oporto-es\/tour-privado-dia-completo-a-braga-y-guimaraes\/#primaryimage"},"thumbnailUrl":"https:\/\/tourtravelandmore.com\/wp-content\/uploads\/2017\/11\/Braga_-_Santu\u00e1rio_do_Bom_Jesus_do_Monte.jpg","datePublished":"2017-11-15T12:35:10+00:00","dateModified":"2023-11-27T09:56:18+00:00","description":"Sum\u00e9rjase en la historia de Portugal con una excursi\u00f3n privada a Braga y Guimar\u00e3es desde Oporto. Explore lugares antiguos, disfrute de la cocina local y de un transporte de lujo. \u00a1Reserve ahora! \u2705","breadcrumb":{"@id":"https:\/\/tourtravelandmore.com\/es\/tours\/portugal-es\/oporto-es\/tour-privado-dia-completo-a-braga-y-guimaraes\/#breadcrumb"},"inLanguage":"es","potentialAction":[{"@type":"ReadAction","target":["https:\/\/tourtravelandmore.com\/es\/tours\/portugal-es\/oporto-es\/tour-privado-dia-completo-a-braga-y-guimaraes\/"]}]},{"@type":"ImageObject","inLanguage":"es","@id":"https:\/\/tourtravelandmore.com\/es\/tours\/portugal-es\/oporto-es\/tour-privado-dia-completo-a-braga-y-guimaraes\/#primaryimage","url":"https:\/\/tourtravelandmore.com\/wp-content\/uploads\/2017\/11\/Braga_-_Santu\u00e1rio_do_Bom_Jesus_do_Monte.jpg","contentUrl":"https:\/\/tourtravelandmore.com\/wp-content\/uploads\/2017\/11\/Braga_-_Santu\u00e1rio_do_Bom_Jesus_do_Monte.jpg","width":3543,"height":2362},{"@type":"BreadcrumbList","@id":"https:\/\/tourtravelandmore.com\/es\/tours\/portugal-es\/oporto-es\/tour-privado-dia-completo-a-braga-y-guimaraes\/#breadcrumb","itemListElement":[{"@type":"ListItem","position":1,"name":"Home","item":"https:\/\/tourtravelandmore.com\/es\/"},{"@type":"ListItem","position":2,"name":"Tours","item":"https:\/\/tourtravelandmore.com\/es\/tours\/"},{"@type":"ListItem","position":3,"name":"Excursi\u00f3n privada de un d\u00eda a Braga y Guimar\u00e3es"}]},{"@type":"WebSite","@id":"https:\/\/tourtravelandmore.com\/es\/#website","url":"https:\/\/tourtravelandmore.com\/es\/","name":"Tour Travel And More","description":"Private sightseeing tours and luxury transfers in Spain","publisher":{"@id":"https:\/\/tourtravelandmore.com\/es\/#organization"},"potentialAction":[{"@type":"SearchAction","target":{"@type":"EntryPoint","urlTemplate":"https:\/\/tourtravelandmore.com\/es\/?s={search_term_string}"},"query-input":{"@type":"PropertyValueSpecification","valueRequired":true,"valueName":"search_term_string"}}],"inLanguage":"es"},{"@type":"Organization","@id":"https:\/\/tourtravelandmore.com\/es\/#organization","name":"Tour Travel And More","url":"https:\/\/tourtravelandmore.com\/es\/","logo":{"@type":"ImageObject","inLanguage":"es","@id":"https:\/\/tourtravelandmore.com\/es\/#\/schema\/logo\/image\/","url":"https:\/\/tourtravelandmore.com\/wp-content\/uploads\/2022\/12\/cropped-logo-cabecera-new.png","contentUrl":"https:\/\/tourtravelandmore.com\/wp-content\/uploads\/2022\/12\/cropped-logo-cabecera-new.png","width":430,"height":61,"caption":"Tour Travel And More"},"image":{"@id":"https:\/\/tourtravelandmore.com\/es\/#\/schema\/logo\/image\/"},"sameAs":["https:\/\/www.facebook.com\/tourtravelandmore\/","https:\/\/x.com\/TourTravel_More"]}]}},"_links":{"self":[{"href":"https:\/\/tourtravelandmore.com\/es\/wp-json\/wp\/v2\/product\/15634","targetHints":{"allow":["GET"]}}],"collection":[{"href":"https:\/\/tourtravelandmore.com\/es\/wp-json\/wp\/v2\/product"}],"about":[{"href":"https:\/\/tourtravelandmore.com\/es\/wp-json\/wp\/v2\/types\/product"}],"replies":[{"embeddable":true,"href":"https:\/\/tourtravelandmore.com\/es\/wp-json\/wp\/v2\/comments?post=15634"}],"wp:featuredmedia":[{"embeddable":true,"href":"https:\/\/tourtravelandmore.com\/es\/wp-json\/wp\/v2\/media\/15641"}],"wp:attachment":[{"href":"https:\/\/tourtravelandmore.com\/es\/wp-json\/wp\/v2\/media?parent=15634"}],"wp:term":[{"taxonomy":"product_brand","embeddable":true,"href":"https:\/\/tourtravelandmore.com\/es\/wp-json\/wp\/v2\/product_brand?post=15634"},{"taxonomy":"product_cat","embeddable":true,"href":"https:\/\/tourtravelandmore.com\/es\/wp-json\/wp\/v2\/product_cat?post=15634"},{"taxonomy":"product_tag","embeddable":true,"href":"https:\/\/tourtravelandmore.com\/es\/wp-json\/wp\/v2\/product_tag?post=15634"}],"curies":[{"name":"wp","href":"https:\/\/api.w.org\/{rel}","templated":true}]}}