{"id":156254,"date":"2023-03-08T16:36:58","date_gmt":"2023-03-08T15:36:59","guid":{"rendered":"https:\/\/tourtravelandmore.com\/?post_type=product&#038;p=156254"},"modified":"2024-03-18T11:32:05","modified_gmt":"2024-03-18T10:32:05","slug":"excursion-privada-al-monte-pilatus-en-verano-desde-zurich","status":"publish","type":"product","link":"https:\/\/tourtravelandmore.com\/es\/tours\/suiza-es\/zurich-es\/zurich-excursiones-es\/excursion-privada-al-monte-pilatus-en-verano-desde-zurich\/","title":{"rendered":"Excursi\u00f3n privada al Monte Pilatus desde Z\u00farich"},"content":{"rendered":"<h2 id=\"tw-target-text\" class=\"tw-data-text tw-text-large XcVN5d tw-ta\" dir=\"ltr\" data-placeholder=\"Traducci\u00f3n\"><span lang=\"es\">Descripci\u00f3n de la Excursi\u00f3n\u00a0privada a las cataratas del Rin desde Z\u00farich<\/span><\/h2>\n<p>\u00a1Ven con nosotros y disfruta de esta <strong>excursi\u00f3n privada al Monte Pilatus en verano desde Z\u00farich! <\/strong><\/p>\n<p>Nuestro tour est\u00e1 adaptado para 1 a 15 personas, y nos embarcaremos en un viaje a uno de los destinos de <strong>monta\u00f1a<\/strong> m\u00e1s emblem\u00e1ticos de <strong>Suiza.<\/strong> Nuestra excursi\u00f3n est\u00e1 dirigida por un gu\u00eda profesional privado que le proporcionar\u00e1 una experiencia informativa y entretenida. Viajaremos en un c\u00f3modo veh\u00edculo privado para garantizar una experiencia personalizada e \u00edntima.<\/p>\n<p>El <strong>Monte Pilatus<\/strong> es una majestuosa monta\u00f1a situada en el centro de <strong>Suiza.<\/strong> Ofrece impresionantes vistas del paisaje circundante. Nuestro tour proporciona una experiencia \u00fanica e inolvidable, mientras exploramos la <strong>monta\u00f1a<\/strong> y sus muchas <strong>atracciones.<\/strong><\/p>\n<h2>Puntos emblem\u00e1ticos y de inter\u00e9s de la Excursi\u00f3n\u00a0privada a las cataratas del Rin desde Z\u00farich<\/h2>\n<p>En primer lugar nos dirigiremos hacia <strong>Lucerna:<\/strong> Nuestra primera parada ser\u00e1 en <strong>Lucerna,<\/strong> una encantadora ciudad suiza situada a orillas del lago de los <strong>Cuatro Cantones.<\/strong> Aqu\u00ed exploraremos la ciudad y sus numerosas tiendas y caf\u00e9s.<\/p>\n<p>A continuaci\u00f3n, iremos al <strong>Telef\u00e9rico:<\/strong> Haremos un viaje panor\u00e1mico en telef\u00e9rico hasta la cima del <strong>Monte Pilatus,<\/strong> que ofrece impresionantes vistas de las <strong>monta\u00f1as<\/strong> y <strong>valles circundantes.<\/strong><\/p>\n<p><strong>Pilatus Kulm:<\/strong> Despu\u00e9s de llegar a la cima del <strong>Monte Pilatus,<\/strong> visitaremos el <strong>Pilatus Kulm.<\/strong> Es un hotel y restaurante que ofrece impresionantes vistas del paisaje circundante. Tendremos tiempo libre para explorar la zona y disfrutar de las vistas.<\/p>\n<p><strong>Sendero del Drag\u00f3n:<\/strong> Haremos una corta caminata por el <strong>Sendero del Drag\u00f3n,<\/strong> un sendero que ofrece impresionantes vistas de las monta\u00f1as y valles circundantes.<\/p>\n<p><strong>Telef\u00e9rico:<\/strong> A continuaci\u00f3n, daremos un paseo en telef\u00e9rico hasta <strong>Fr\u00e4km\u00fcntegg,<\/strong> que ofrece impresionantes vistas de las monta\u00f1as y valles circundantes.<\/p>\n<p><strong>Tobog\u00e1n de verano:<\/strong> Despu\u00e9s, visitaremos el <strong>Tobog\u00e1n<\/strong>\u00a0<strong>de Verano.<\/strong> Es una emocionante atracci\u00f3n que proporciona una experiencia divertida y \u00fanica.<\/p>\n<p><strong>Lago de los Cuatro Cantones:<\/strong> Nuestra \u00faltima parada ser\u00e1 en el <strong>Lago de Lucerna,<\/strong> donde daremos un relajante paseo en barco y disfrutaremos de las impresionantes vistas del paisaje circundante.<\/p>\n<p>Por \u00faltimo, esta <strong>excursi\u00f3n privada al Monte Pilatus en verano desde Z\u00farich<\/strong> ofrece una experiencia \u00fanica e inolvidable. Combina exploraci\u00f3n cultural, impresionantes paisajes de monta\u00f1a y emocionantes actividades. Nuestro gu\u00eda experto y el veh\u00edculo privado garantizan una experiencia personalizada y c\u00f3moda para usted y su grupo. As\u00ed que si\u00e9ntese, rel\u00e1jese y d\u00e9jenos llevarle en un viaje que nunca olvidar\u00e1.<\/p>\n<p>No se pierda nuestros otros tours privados en <strong><a href=\"https:\/\/tourtravelandmore.com\/es\/ciudad\/suiza-es\/zurich-es\/\">Z\u00farich<\/a><\/strong>. Ofrecemos tours privados para usted en cualquier lugar.<\/p>\n","protected":false},"excerpt":{"rendered":"<p>\u00a1Ven con nosotros y disfruta de esta <strong>excursi\u00f3n privada al Monte Pilatus en verano desde Z\u00farich! <\/strong>Nos embarcaremos en un viaje a uno de los destinos de monta\u00f1a m\u00e1s emblem\u00e1ticos de Suiza.<\/p>\n<p>&nbsp;<\/p>\n<p>&nbsp;<\/p>\n","protected":false},"featured_media":155973,"comment_status":"open","ping_status":"closed","template":"","meta":{"_acf_changed":false},"product_brand":[],"product_cat":[1697,1698,1703,1702,1706,1726,1722],"product_tag":[],"class_list":{"0":"post-156254","1":"product","2":"type-product","3":"status-publish","4":"has-post-thumbnail","6":"product_cat-suiza-es","7":"product_cat-lucerna-es","8":"product_cat-lucerna-actividades-es","9":"product_cat-lucerna-excursiones-es","10":"product_cat-zurich-es","11":"product_cat-zurich-actividades-es","12":"product_cat-zurich-excursiones-es","14":"first","15":"instock","16":"shipping-taxable","17":"purchasable","18":"product-type-simple"},"acf":[],"yoast_head":"<!-- This site is optimized with the Yoast SEO Premium plugin v25.3.1 (Yoast SEO v25.3.1) - https:\/\/yoast.com\/wordpress\/plugins\/seo\/ -->\n<title>\u27a1\ufe0f Excursi\u00f3n privada al Monte Pilatus en verano desde Z\u00farich | Tour Travel &amp; More<\/title>\n<meta name=\"description\" content=\"Excursi\u00f3n privada al Monte Pilatus en verano desde Z\u00farich. Disfrute de Jungfraujoch y conozca sus monumentos y paisajes emblem\u00e1ticos junto a su gu\u00eda \u2705\" \/>\n<meta name=\"robots\" content=\"index, follow, max-snippet:-1, max-image-preview:large, max-video-preview:-1\" \/>\n<link rel=\"canonical\" href=\"https:\/\/tourtravelandmore.com\/es\/tours\/suiza-es\/zurich-es\/zurich-excursiones-es\/excursion-privada-al-monte-pilatus-en-verano-desde-zurich\/\" \/>\n<meta property=\"og:locale\" content=\"es_ES\" \/>\n<meta property=\"og:type\" content=\"article\" \/>\n<meta property=\"og:title\" content=\"Excursi\u00f3n privada al Monte Pilatus desde Z\u00farich\" \/>\n<meta property=\"og:description\" content=\"Excursi\u00f3n privada al Monte Pilatus en verano desde Z\u00farich. Disfrute de Jungfraujoch y conozca sus monumentos y paisajes emblem\u00e1ticos junto a su gu\u00eda \u2705\" \/>\n<meta property=\"og:url\" content=\"https:\/\/tourtravelandmore.com\/es\/tours\/suiza-es\/zurich-es\/zurich-excursiones-es\/excursion-privada-al-monte-pilatus-en-verano-desde-zurich\/\" \/>\n<meta property=\"og:site_name\" content=\"Tour Travel And More\" \/>\n<meta property=\"article:publisher\" content=\"https:\/\/www.facebook.com\/tourtravelandmore\/\" \/>\n<meta property=\"article:modified_time\" content=\"2024-03-18T10:32:05+00:00\" \/>\n<meta property=\"og:image\" content=\"https:\/\/tourtravelandmore.com\/wp-content\/uploads\/2023\/03\/pexels-allphoto-bangkok-13608274-scaled.jpg\" \/>\n\t<meta property=\"og:image:width\" content=\"2560\" \/>\n\t<meta property=\"og:image:height\" content=\"1709\" \/>\n\t<meta property=\"og:image:type\" content=\"image\/jpeg\" \/>\n<meta name=\"twitter:card\" content=\"summary_large_image\" \/>\n<meta name=\"twitter:site\" content=\"@TourTravel_More\" \/>\n<meta name=\"twitter:label1\" content=\"Tiempo de lectura\" \/>\n\t<meta name=\"twitter:data1\" content=\"2 minutos\" \/>\n<script type=\"application\/ld+json\" class=\"yoast-schema-graph\">{\"@context\":\"https:\/\/schema.org\",\"@graph\":[{\"@type\":\"WebPage\",\"@id\":\"https:\/\/tourtravelandmore.com\/es\/tours\/suiza-es\/zurich-es\/zurich-excursiones-es\/excursion-privada-al-monte-pilatus-en-verano-desde-zurich\/\",\"url\":\"https:\/\/tourtravelandmore.com\/es\/tours\/suiza-es\/zurich-es\/zurich-excursiones-es\/excursion-privada-al-monte-pilatus-en-verano-desde-zurich\/\",\"name\":\"\u27a1\ufe0f Excursi\u00f3n privada al Monte Pilatus en verano desde Z\u00farich | Tour Travel & More\",\"isPartOf\":{\"@id\":\"https:\/\/tourtravelandmore.com\/es\/#website\"},\"primaryImageOfPage\":{\"@id\":\"https:\/\/tourtravelandmore.com\/es\/tours\/suiza-es\/zurich-es\/zurich-excursiones-es\/excursion-privada-al-monte-pilatus-en-verano-desde-zurich\/#primaryimage\"},\"image\":{\"@id\":\"https:\/\/tourtravelandmore.com\/es\/tours\/suiza-es\/zurich-es\/zurich-excursiones-es\/excursion-privada-al-monte-pilatus-en-verano-desde-zurich\/#primaryimage\"},\"thumbnailUrl\":\"https:\/\/tourtravelandmore.com\/wp-content\/uploads\/2023\/03\/pexels-allphoto-bangkok-13608274-scaled.jpg\",\"datePublished\":\"2023-03-08T15:36:59+00:00\",\"dateModified\":\"2024-03-18T10:32:05+00:00\",\"description\":\"Excursi\u00f3n privada al Monte Pilatus en verano desde Z\u00farich. Disfrute de Jungfraujoch y conozca sus monumentos y paisajes emblem\u00e1ticos junto a su gu\u00eda \u2705\",\"breadcrumb\":{\"@id\":\"https:\/\/tourtravelandmore.com\/es\/tours\/suiza-es\/zurich-es\/zurich-excursiones-es\/excursion-privada-al-monte-pilatus-en-verano-desde-zurich\/#breadcrumb\"},\"inLanguage\":\"es\",\"potentialAction\":[{\"@type\":\"ReadAction\",\"target\":[\"https:\/\/tourtravelandmore.com\/es\/tours\/suiza-es\/zurich-es\/zurich-excursiones-es\/excursion-privada-al-monte-pilatus-en-verano-desde-zurich\/\"]}]},{\"@type\":\"ImageObject\",\"inLanguage\":\"es\",\"@id\":\"https:\/\/tourtravelandmore.com\/es\/tours\/suiza-es\/zurich-es\/zurich-excursiones-es\/excursion-privada-al-monte-pilatus-en-verano-desde-zurich\/#primaryimage\",\"url\":\"https:\/\/tourtravelandmore.com\/wp-content\/uploads\/2023\/03\/pexels-allphoto-bangkok-13608274-scaled.jpg\",\"contentUrl\":\"https:\/\/tourtravelandmore.com\/wp-content\/uploads\/2023\/03\/pexels-allphoto-bangkok-13608274-scaled.jpg\",\"width\":2560,\"height\":1709},{\"@type\":\"BreadcrumbList\",\"@id\":\"https:\/\/tourtravelandmore.com\/es\/tours\/suiza-es\/zurich-es\/zurich-excursiones-es\/excursion-privada-al-monte-pilatus-en-verano-desde-zurich\/#breadcrumb\",\"itemListElement\":[{\"@type\":\"ListItem\",\"position\":1,\"name\":\"Home\",\"item\":\"https:\/\/tourtravelandmore.com\/es\/\"},{\"@type\":\"ListItem\",\"position\":2,\"name\":\"Tours\",\"item\":\"https:\/\/tourtravelandmore.com\/es\/tours\/\"},{\"@type\":\"ListItem\",\"position\":3,\"name\":\"Excursi\u00f3n privada al Monte Pilatus desde Z\u00farich\"}]},{\"@type\":\"WebSite\",\"@id\":\"https:\/\/tourtravelandmore.com\/es\/#website\",\"url\":\"https:\/\/tourtravelandmore.com\/es\/\",\"name\":\"Tour Travel And More\",\"description\":\"Private sightseeing tours and luxury transfers in Spain\",\"publisher\":{\"@id\":\"https:\/\/tourtravelandmore.com\/es\/#organization\"},\"potentialAction\":[{\"@type\":\"SearchAction\",\"target\":{\"@type\":\"EntryPoint\",\"urlTemplate\":\"https:\/\/tourtravelandmore.com\/es\/?s={search_term_string}\"},\"query-input\":{\"@type\":\"PropertyValueSpecification\",\"valueRequired\":true,\"valueName\":\"search_term_string\"}}],\"inLanguage\":\"es\"},{\"@type\":\"Organization\",\"@id\":\"https:\/\/tourtravelandmore.com\/es\/#organization\",\"name\":\"Tour Travel And More\",\"url\":\"https:\/\/tourtravelandmore.com\/es\/\",\"logo\":{\"@type\":\"ImageObject\",\"inLanguage\":\"es\",\"@id\":\"https:\/\/tourtravelandmore.com\/es\/#\/schema\/logo\/image\/\",\"url\":\"https:\/\/tourtravelandmore.com\/wp-content\/uploads\/2022\/12\/cropped-logo-cabecera-new.png\",\"contentUrl\":\"https:\/\/tourtravelandmore.com\/wp-content\/uploads\/2022\/12\/cropped-logo-cabecera-new.png\",\"width\":430,\"height\":61,\"caption\":\"Tour Travel And More\"},\"image\":{\"@id\":\"https:\/\/tourtravelandmore.com\/es\/#\/schema\/logo\/image\/\"},\"sameAs\":[\"https:\/\/www.facebook.com\/tourtravelandmore\/\",\"https:\/\/x.com\/TourTravel_More\"]}]}<\/script>\n<!-- \/ Yoast SEO Premium plugin. -->","yoast_head_json":{"title":"\u27a1\ufe0f Excursi\u00f3n privada al Monte Pilatus en verano desde Z\u00farich | Tour Travel & More","description":"Excursi\u00f3n privada al Monte Pilatus en verano desde Z\u00farich. Disfrute de Jungfraujoch y conozca sus monumentos y paisajes emblem\u00e1ticos junto a su gu\u00eda \u2705","robots":{"index":"index","follow":"follow","max-snippet":"max-snippet:-1","max-image-preview":"max-image-preview:large","max-video-preview":"max-video-preview:-1"},"canonical":"https:\/\/tourtravelandmore.com\/es\/tours\/suiza-es\/zurich-es\/zurich-excursiones-es\/excursion-privada-al-monte-pilatus-en-verano-desde-zurich\/","og_locale":"es_ES","og_type":"article","og_title":"Excursi\u00f3n privada al Monte Pilatus desde Z\u00farich","og_description":"Excursi\u00f3n privada al Monte Pilatus en verano desde Z\u00farich. Disfrute de Jungfraujoch y conozca sus monumentos y paisajes emblem\u00e1ticos junto a su gu\u00eda \u2705","og_url":"https:\/\/tourtravelandmore.com\/es\/tours\/suiza-es\/zurich-es\/zurich-excursiones-es\/excursion-privada-al-monte-pilatus-en-verano-desde-zurich\/","og_site_name":"Tour Travel And More","article_publisher":"https:\/\/www.facebook.com\/tourtravelandmore\/","article_modified_time":"2024-03-18T10:32:05+00:00","og_image":[{"width":2560,"height":1709,"url":"https:\/\/tourtravelandmore.com\/wp-content\/uploads\/2023\/03\/pexels-allphoto-bangkok-13608274-scaled.jpg","type":"image\/jpeg"}],"twitter_card":"summary_large_image","twitter_site":"@TourTravel_More","twitter_misc":{"Tiempo de lectura":"2 minutos"},"schema":{"@context":"https:\/\/schema.org","@graph":[{"@type":"WebPage","@id":"https:\/\/tourtravelandmore.com\/es\/tours\/suiza-es\/zurich-es\/zurich-excursiones-es\/excursion-privada-al-monte-pilatus-en-verano-desde-zurich\/","url":"https:\/\/tourtravelandmore.com\/es\/tours\/suiza-es\/zurich-es\/zurich-excursiones-es\/excursion-privada-al-monte-pilatus-en-verano-desde-zurich\/","name":"\u27a1\ufe0f Excursi\u00f3n privada al Monte Pilatus en verano desde Z\u00farich | Tour Travel & More","isPartOf":{"@id":"https:\/\/tourtravelandmore.com\/es\/#website"},"primaryImageOfPage":{"@id":"https:\/\/tourtravelandmore.com\/es\/tours\/suiza-es\/zurich-es\/zurich-excursiones-es\/excursion-privada-al-monte-pilatus-en-verano-desde-zurich\/#primaryimage"},"image":{"@id":"https:\/\/tourtravelandmore.com\/es\/tours\/suiza-es\/zurich-es\/zurich-excursiones-es\/excursion-privada-al-monte-pilatus-en-verano-desde-zurich\/#primaryimage"},"thumbnailUrl":"https:\/\/tourtravelandmore.com\/wp-content\/uploads\/2023\/03\/pexels-allphoto-bangkok-13608274-scaled.jpg","datePublished":"2023-03-08T15:36:59+00:00","dateModified":"2024-03-18T10:32:05+00:00","description":"Excursi\u00f3n privada al Monte Pilatus en verano desde Z\u00farich. Disfrute de Jungfraujoch y conozca sus monumentos y paisajes emblem\u00e1ticos junto a su gu\u00eda \u2705","breadcrumb":{"@id":"https:\/\/tourtravelandmore.com\/es\/tours\/suiza-es\/zurich-es\/zurich-excursiones-es\/excursion-privada-al-monte-pilatus-en-verano-desde-zurich\/#breadcrumb"},"inLanguage":"es","potentialAction":[{"@type":"ReadAction","target":["https:\/\/tourtravelandmore.com\/es\/tours\/suiza-es\/zurich-es\/zurich-excursiones-es\/excursion-privada-al-monte-pilatus-en-verano-desde-zurich\/"]}]},{"@type":"ImageObject","inLanguage":"es","@id":"https:\/\/tourtravelandmore.com\/es\/tours\/suiza-es\/zurich-es\/zurich-excursiones-es\/excursion-privada-al-monte-pilatus-en-verano-desde-zurich\/#primaryimage","url":"https:\/\/tourtravelandmore.com\/wp-content\/uploads\/2023\/03\/pexels-allphoto-bangkok-13608274-scaled.jpg","contentUrl":"https:\/\/tourtravelandmore.com\/wp-content\/uploads\/2023\/03\/pexels-allphoto-bangkok-13608274-scaled.jpg","width":2560,"height":1709},{"@type":"BreadcrumbList","@id":"https:\/\/tourtravelandmore.com\/es\/tours\/suiza-es\/zurich-es\/zurich-excursiones-es\/excursion-privada-al-monte-pilatus-en-verano-desde-zurich\/#breadcrumb","itemListElement":[{"@type":"ListItem","position":1,"name":"Home","item":"https:\/\/tourtravelandmore.com\/es\/"},{"@type":"ListItem","position":2,"name":"Tours","item":"https:\/\/tourtravelandmore.com\/es\/tours\/"},{"@type":"ListItem","position":3,"name":"Excursi\u00f3n privada al Monte Pilatus desde Z\u00farich"}]},{"@type":"WebSite","@id":"https:\/\/tourtravelandmore.com\/es\/#website","url":"https:\/\/tourtravelandmore.com\/es\/","name":"Tour Travel And More","description":"Private sightseeing tours and luxury transfers in Spain","publisher":{"@id":"https:\/\/tourtravelandmore.com\/es\/#organization"},"potentialAction":[{"@type":"SearchAction","target":{"@type":"EntryPoint","urlTemplate":"https:\/\/tourtravelandmore.com\/es\/?s={search_term_string}"},"query-input":{"@type":"PropertyValueSpecification","valueRequired":true,"valueName":"search_term_string"}}],"inLanguage":"es"},{"@type":"Organization","@id":"https:\/\/tourtravelandmore.com\/es\/#organization","name":"Tour Travel And More","url":"https:\/\/tourtravelandmore.com\/es\/","logo":{"@type":"ImageObject","inLanguage":"es","@id":"https:\/\/tourtravelandmore.com\/es\/#\/schema\/logo\/image\/","url":"https:\/\/tourtravelandmore.com\/wp-content\/uploads\/2022\/12\/cropped-logo-cabecera-new.png","contentUrl":"https:\/\/tourtravelandmore.com\/wp-content\/uploads\/2022\/12\/cropped-logo-cabecera-new.png","width":430,"height":61,"caption":"Tour Travel And More"},"image":{"@id":"https:\/\/tourtravelandmore.com\/es\/#\/schema\/logo\/image\/"},"sameAs":["https:\/\/www.facebook.com\/tourtravelandmore\/","https:\/\/x.com\/TourTravel_More"]}]}},"_links":{"self":[{"href":"https:\/\/tourtravelandmore.com\/es\/wp-json\/wp\/v2\/product\/156254","targetHints":{"allow":["GET"]}}],"collection":[{"href":"https:\/\/tourtravelandmore.com\/es\/wp-json\/wp\/v2\/product"}],"about":[{"href":"https:\/\/tourtravelandmore.com\/es\/wp-json\/wp\/v2\/types\/product"}],"replies":[{"embeddable":true,"href":"https:\/\/tourtravelandmore.com\/es\/wp-json\/wp\/v2\/comments?post=156254"}],"wp:featuredmedia":[{"embeddable":true,"href":"https:\/\/tourtravelandmore.com\/es\/wp-json\/wp\/v2\/media\/155973"}],"wp:attachment":[{"href":"https:\/\/tourtravelandmore.com\/es\/wp-json\/wp\/v2\/media?parent=156254"}],"wp:term":[{"taxonomy":"product_brand","embeddable":true,"href":"https:\/\/tourtravelandmore.com\/es\/wp-json\/wp\/v2\/product_brand?post=156254"},{"taxonomy":"product_cat","embeddable":true,"href":"https:\/\/tourtravelandmore.com\/es\/wp-json\/wp\/v2\/product_cat?post=156254"},{"taxonomy":"product_tag","embeddable":true,"href":"https:\/\/tourtravelandmore.com\/es\/wp-json\/wp\/v2\/product_tag?post=156254"}],"curies":[{"name":"wp","href":"https:\/\/api.w.org\/{rel}","templated":true}]}}