{"id":155935,"date":"2023-03-06T19:46:51","date_gmt":"2023-03-06T18:46:52","guid":{"rendered":"https:\/\/tourtravelandmore.com\/?post_type=product&#038;p=155935"},"modified":"2024-03-11T09:26:26","modified_gmt":"2024-03-11T08:26:26","slug":"excursion-privada-a-jungfraujoch-desde-zurich","status":"publish","type":"product","link":"https:\/\/tourtravelandmore.com\/es\/tours\/suiza-es\/zurich-es\/zurich-excursiones-es\/excursion-privada-a-jungfraujoch-desde-zurich\/","title":{"rendered":"Excursi\u00f3n privada a Jungfraujoch desde Z\u00farich"},"content":{"rendered":"<h2 id=\"tw-target-text\" class=\"tw-data-text tw-text-large XcVN5d tw-ta\" dir=\"ltr\" data-placeholder=\"Traducci\u00f3n\"><span lang=\"es\">Descripci\u00f3n de la Excursi\u00f3n\u00a0privada a Jungfraujoch desde Z\u00farich<\/span><\/h2>\n<p>Ven con nosotros a disfrutar de esta <strong>Excursi\u00f3n privada a Jungfraujoch desde Z\u00farich<\/strong> con tu gu\u00eda oficial y conoce los lugares m\u00e1s emblem\u00e1ticos de <strong>Jungfraujoch<\/strong>.<\/p>\n<p>Nuestro tour est\u00e1 adaptado para 1 a 15 personas, y nos embarcaremos en un viaje a una de las maravillas naturales m\u00e1s impresionantes de <strong>Suiza.<\/strong> Nuestra excursi\u00f3n est\u00e1 dirigida por un gu\u00eda profesional privado que le proporcionar\u00e1 una experiencia informativa y entretenida. Viajaremos en un c\u00f3modo veh\u00edculo privado para garantizar una experiencia personalizada e \u00edntima.<\/p>\n<p><strong>Jungfraujoch<\/strong> es una cima glaciar de los <strong>Alpes suizos,<\/strong> situada en la regi\u00f3n suiza de <strong>Jungfrau.<\/strong> Tambi\u00e9n se le conoce como la <strong>Cima<\/strong> de <strong>Europa,<\/strong> ya que es la estaci\u00f3n de ferrocarril m\u00e1s alta de Europa. El viaje a <strong>Jungfraujoch<\/strong> le llevar\u00e1 a trav\u00e9s de impresionantes paisajes de monta\u00f1a, con una vista panor\u00e1mica de los <strong>Alpes suizos.<\/strong> Est\u00e1 situada a <strong>3.454 metros<\/strong> de <strong>altitud.<\/strong> Ofrece una vista espectacular del paisaje circundante.<\/p>\n<p>Una vez que lleguemos a <strong>Jungfraujoch<\/strong> , se reunir\u00e1 con nuestro gu\u00eda tur\u00edstico privado. Disfrute de una visita guiada privada de 12 horas a <strong>Jungfraujoch<\/strong> desde <strong>Z\u00farich.<\/strong> Finalmente, dispondr\u00e1 de tiempo libre y le llevaremos de vuelta a su hotel en <strong>Zurich.<\/strong><\/p>\n<h2>Puntos emblem\u00e1ticos y de inter\u00e9s en la Excursi\u00f3n\u00a0privada a Jungfraujoch desde Z\u00farich<\/h2>\n<p>En <strong>Grindelwald<\/strong> tomaremos el telef\u00e9rico <strong>Eiger Express<\/strong> hasta la estaci\u00f3n <strong>Glacier Eiger.<\/strong> All\u00ed subiremos a un <strong>tren cremallera<\/strong> que nos llevar\u00e1 a <strong>Jungfraujoch,<\/strong> la estaci\u00f3n m\u00e1s alta de Europa.<\/p>\n<p><strong>Interlaken:<\/strong> Nuestra primera parada ser\u00e1 en Interlaken, una encantadora ciudad suiza situada entre dos lagos. Aqu\u00ed dispondremos de tiempo libre para explorar la ciudad y sus numerosas tiendas y caf\u00e9s.<\/p>\n<p><strong>Valle de Lauterbrunnen:<\/strong> Nuestra siguiente parada ser\u00e1 en el Valle de Lauterbrunnen, donde subiremos a un tren de cremallera que nos llevar\u00e1 a la estaci\u00f3n de Jungfraujoch. Este pintoresco viaje en tren nos lleva a trav\u00e9s del hermoso valle, pasando por cascadas y pueblos de monta\u00f1a.<\/p>\n<p><strong>Observatorio de la Esfinge:<\/strong> En la estaci\u00f3n de Jungfraujoch, visitaremos el Observatorio de la Esfinge, que ofrece una impresionante vista panor\u00e1mica de las monta\u00f1as y glaciares circundantes. Desde aqu\u00ed tambi\u00e9n se puede ver el glaciar Aletsch, el m\u00e1s grande de los Alpes.<\/p>\n<p><strong>Palacio de Hielo:<\/strong> Tambi\u00e9n visitaremos el Palacio de Hielo, que se encuentra en el interior de un glaciar. El palacio cuenta con varias esculturas de hielo y un tobog\u00e1n de hielo, proporcionando una experiencia divertida y \u00fanica.<\/p>\n<p>En conclusi\u00f3n, esta <strong>excursi\u00f3n privada<\/strong> a <strong>Jungfraujoch desde Z\u00farich<\/strong> es una experiencia \u00fanica que ofrece impresionantes paisajes de monta\u00f1a, exploraci\u00f3n cultural y divertidas actividades. Nuestro gu\u00eda experto y el veh\u00edculo privado garantizan una experiencia personalizada y c\u00f3moda para usted y su grupo. As\u00ed que si\u00e9ntese, rel\u00e1jese y d\u00e9jenos llevarle en un viaje que nunca olvidar\u00e1.<\/p>\n<p>No se pierda nuestros otros tours privados en <strong><a href=\"https:\/\/tourtravelandmore.com\/es\/ciudad\/suiza-es\/zurich-es\/\">Z\u00farich<\/a><\/strong>. Ofrecemos tours privados para usted en cualquier lugar.<\/p>\n","protected":false},"excerpt":{"rendered":"<p>Ven con nosotros a disfrutar de esta <strong>Excursi\u00f3n privada a Jungfraujoch desde Z\u00farich<\/strong> con tu gu\u00eda oficial y conoce los lugares m\u00e1s emblem\u00e1ticos de <strong>Jungfraujoch<\/strong>.<\/p>\n<p>&nbsp;<\/p>\n<p>&nbsp;<\/p>\n","protected":false},"featured_media":155973,"comment_status":"open","ping_status":"closed","template":"","meta":{"_acf_changed":false},"product_brand":[],"product_cat":[1697,1698,1703,1702,1706,1726,1722],"product_tag":[],"class_list":{"0":"post-155935","1":"product","2":"type-product","3":"status-publish","4":"has-post-thumbnail","6":"product_cat-suiza-es","7":"product_cat-lucerna-es","8":"product_cat-lucerna-actividades-es","9":"product_cat-lucerna-excursiones-es","10":"product_cat-zurich-es","11":"product_cat-zurich-actividades-es","12":"product_cat-zurich-excursiones-es","14":"first","15":"instock","16":"shipping-taxable","17":"purchasable","18":"product-type-simple"},"acf":[],"yoast_head":"<!-- This site is optimized with the Yoast SEO Premium plugin v25.3.1 (Yoast SEO v25.3.1) - https:\/\/yoast.com\/wordpress\/plugins\/seo\/ -->\n<title>\u27a1\ufe0f Excursi\u00f3n privada a Jungfraujoch desde Z\u00farich | Tour Travel &amp; More<\/title>\n<meta name=\"description\" content=\"Excursi\u00f3n privada a Jungfraujoch desde Z\u00farich. Disfrute de Jungfraujoch y conozca sus monumentos y paisajes emblem\u00e1ticos junto a su gu\u00eda \u2705\" \/>\n<meta name=\"robots\" content=\"index, follow, max-snippet:-1, max-image-preview:large, max-video-preview:-1\" \/>\n<link rel=\"canonical\" href=\"https:\/\/tourtravelandmore.com\/es\/tours\/suiza-es\/zurich-es\/zurich-excursiones-es\/excursion-privada-a-jungfraujoch-desde-zurich\/\" \/>\n<meta property=\"og:locale\" content=\"es_ES\" \/>\n<meta property=\"og:type\" content=\"article\" \/>\n<meta property=\"og:title\" content=\"Excursi\u00f3n privada a Jungfraujoch desde Z\u00farich\" \/>\n<meta property=\"og:description\" content=\"Excursi\u00f3n privada a Jungfraujoch desde Z\u00farich. Disfrute de Jungfraujoch y conozca sus monumentos y paisajes emblem\u00e1ticos junto a su gu\u00eda \u2705\" \/>\n<meta property=\"og:url\" content=\"https:\/\/tourtravelandmore.com\/es\/tours\/suiza-es\/zurich-es\/zurich-excursiones-es\/excursion-privada-a-jungfraujoch-desde-zurich\/\" \/>\n<meta property=\"og:site_name\" content=\"Tour Travel And More\" \/>\n<meta property=\"article:publisher\" content=\"https:\/\/www.facebook.com\/tourtravelandmore\/\" \/>\n<meta property=\"article:modified_time\" content=\"2024-03-11T08:26:26+00:00\" \/>\n<meta property=\"og:image\" content=\"https:\/\/tourtravelandmore.com\/wp-content\/uploads\/2023\/03\/pexels-allphoto-bangkok-13608274-scaled.jpg\" \/>\n\t<meta property=\"og:image:width\" content=\"2560\" \/>\n\t<meta property=\"og:image:height\" content=\"1709\" \/>\n\t<meta property=\"og:image:type\" content=\"image\/jpeg\" \/>\n<meta name=\"twitter:card\" content=\"summary_large_image\" \/>\n<meta name=\"twitter:site\" content=\"@TourTravel_More\" \/>\n<meta name=\"twitter:label1\" content=\"Tiempo de lectura\" \/>\n\t<meta name=\"twitter:data1\" content=\"3 minutos\" \/>\n<script type=\"application\/ld+json\" class=\"yoast-schema-graph\">{\"@context\":\"https:\/\/schema.org\",\"@graph\":[{\"@type\":\"WebPage\",\"@id\":\"https:\/\/tourtravelandmore.com\/es\/tours\/suiza-es\/zurich-es\/zurich-excursiones-es\/excursion-privada-a-jungfraujoch-desde-zurich\/\",\"url\":\"https:\/\/tourtravelandmore.com\/es\/tours\/suiza-es\/zurich-es\/zurich-excursiones-es\/excursion-privada-a-jungfraujoch-desde-zurich\/\",\"name\":\"\u27a1\ufe0f Excursi\u00f3n privada a Jungfraujoch desde Z\u00farich | Tour Travel & More\",\"isPartOf\":{\"@id\":\"https:\/\/tourtravelandmore.com\/es\/#website\"},\"primaryImageOfPage\":{\"@id\":\"https:\/\/tourtravelandmore.com\/es\/tours\/suiza-es\/zurich-es\/zurich-excursiones-es\/excursion-privada-a-jungfraujoch-desde-zurich\/#primaryimage\"},\"image\":{\"@id\":\"https:\/\/tourtravelandmore.com\/es\/tours\/suiza-es\/zurich-es\/zurich-excursiones-es\/excursion-privada-a-jungfraujoch-desde-zurich\/#primaryimage\"},\"thumbnailUrl\":\"https:\/\/tourtravelandmore.com\/wp-content\/uploads\/2023\/03\/pexels-allphoto-bangkok-13608274-scaled.jpg\",\"datePublished\":\"2023-03-06T18:46:52+00:00\",\"dateModified\":\"2024-03-11T08:26:26+00:00\",\"description\":\"Excursi\u00f3n privada a Jungfraujoch desde Z\u00farich. Disfrute de Jungfraujoch y conozca sus monumentos y paisajes emblem\u00e1ticos junto a su gu\u00eda \u2705\",\"breadcrumb\":{\"@id\":\"https:\/\/tourtravelandmore.com\/es\/tours\/suiza-es\/zurich-es\/zurich-excursiones-es\/excursion-privada-a-jungfraujoch-desde-zurich\/#breadcrumb\"},\"inLanguage\":\"es\",\"potentialAction\":[{\"@type\":\"ReadAction\",\"target\":[\"https:\/\/tourtravelandmore.com\/es\/tours\/suiza-es\/zurich-es\/zurich-excursiones-es\/excursion-privada-a-jungfraujoch-desde-zurich\/\"]}]},{\"@type\":\"ImageObject\",\"inLanguage\":\"es\",\"@id\":\"https:\/\/tourtravelandmore.com\/es\/tours\/suiza-es\/zurich-es\/zurich-excursiones-es\/excursion-privada-a-jungfraujoch-desde-zurich\/#primaryimage\",\"url\":\"https:\/\/tourtravelandmore.com\/wp-content\/uploads\/2023\/03\/pexels-allphoto-bangkok-13608274-scaled.jpg\",\"contentUrl\":\"https:\/\/tourtravelandmore.com\/wp-content\/uploads\/2023\/03\/pexels-allphoto-bangkok-13608274-scaled.jpg\",\"width\":2560,\"height\":1709},{\"@type\":\"BreadcrumbList\",\"@id\":\"https:\/\/tourtravelandmore.com\/es\/tours\/suiza-es\/zurich-es\/zurich-excursiones-es\/excursion-privada-a-jungfraujoch-desde-zurich\/#breadcrumb\",\"itemListElement\":[{\"@type\":\"ListItem\",\"position\":1,\"name\":\"Home\",\"item\":\"https:\/\/tourtravelandmore.com\/es\/\"},{\"@type\":\"ListItem\",\"position\":2,\"name\":\"Tours\",\"item\":\"https:\/\/tourtravelandmore.com\/es\/tours\/\"},{\"@type\":\"ListItem\",\"position\":3,\"name\":\"Excursi\u00f3n privada a Jungfraujoch desde Z\u00farich\"}]},{\"@type\":\"WebSite\",\"@id\":\"https:\/\/tourtravelandmore.com\/es\/#website\",\"url\":\"https:\/\/tourtravelandmore.com\/es\/\",\"name\":\"Tour Travel And More\",\"description\":\"Private sightseeing tours and luxury transfers in Spain\",\"publisher\":{\"@id\":\"https:\/\/tourtravelandmore.com\/es\/#organization\"},\"potentialAction\":[{\"@type\":\"SearchAction\",\"target\":{\"@type\":\"EntryPoint\",\"urlTemplate\":\"https:\/\/tourtravelandmore.com\/es\/?s={search_term_string}\"},\"query-input\":{\"@type\":\"PropertyValueSpecification\",\"valueRequired\":true,\"valueName\":\"search_term_string\"}}],\"inLanguage\":\"es\"},{\"@type\":\"Organization\",\"@id\":\"https:\/\/tourtravelandmore.com\/es\/#organization\",\"name\":\"Tour Travel And More\",\"url\":\"https:\/\/tourtravelandmore.com\/es\/\",\"logo\":{\"@type\":\"ImageObject\",\"inLanguage\":\"es\",\"@id\":\"https:\/\/tourtravelandmore.com\/es\/#\/schema\/logo\/image\/\",\"url\":\"https:\/\/tourtravelandmore.com\/wp-content\/uploads\/2022\/12\/cropped-logo-cabecera-new.png\",\"contentUrl\":\"https:\/\/tourtravelandmore.com\/wp-content\/uploads\/2022\/12\/cropped-logo-cabecera-new.png\",\"width\":430,\"height\":61,\"caption\":\"Tour Travel And More\"},\"image\":{\"@id\":\"https:\/\/tourtravelandmore.com\/es\/#\/schema\/logo\/image\/\"},\"sameAs\":[\"https:\/\/www.facebook.com\/tourtravelandmore\/\",\"https:\/\/x.com\/TourTravel_More\"]}]}<\/script>\n<!-- \/ Yoast SEO Premium plugin. -->","yoast_head_json":{"title":"\u27a1\ufe0f Excursi\u00f3n privada a Jungfraujoch desde Z\u00farich | Tour Travel & More","description":"Excursi\u00f3n privada a Jungfraujoch desde Z\u00farich. Disfrute de Jungfraujoch y conozca sus monumentos y paisajes emblem\u00e1ticos junto a su gu\u00eda \u2705","robots":{"index":"index","follow":"follow","max-snippet":"max-snippet:-1","max-image-preview":"max-image-preview:large","max-video-preview":"max-video-preview:-1"},"canonical":"https:\/\/tourtravelandmore.com\/es\/tours\/suiza-es\/zurich-es\/zurich-excursiones-es\/excursion-privada-a-jungfraujoch-desde-zurich\/","og_locale":"es_ES","og_type":"article","og_title":"Excursi\u00f3n privada a Jungfraujoch desde Z\u00farich","og_description":"Excursi\u00f3n privada a Jungfraujoch desde Z\u00farich. Disfrute de Jungfraujoch y conozca sus monumentos y paisajes emblem\u00e1ticos junto a su gu\u00eda \u2705","og_url":"https:\/\/tourtravelandmore.com\/es\/tours\/suiza-es\/zurich-es\/zurich-excursiones-es\/excursion-privada-a-jungfraujoch-desde-zurich\/","og_site_name":"Tour Travel And More","article_publisher":"https:\/\/www.facebook.com\/tourtravelandmore\/","article_modified_time":"2024-03-11T08:26:26+00:00","og_image":[{"width":2560,"height":1709,"url":"https:\/\/tourtravelandmore.com\/wp-content\/uploads\/2023\/03\/pexels-allphoto-bangkok-13608274-scaled.jpg","type":"image\/jpeg"}],"twitter_card":"summary_large_image","twitter_site":"@TourTravel_More","twitter_misc":{"Tiempo de lectura":"3 minutos"},"schema":{"@context":"https:\/\/schema.org","@graph":[{"@type":"WebPage","@id":"https:\/\/tourtravelandmore.com\/es\/tours\/suiza-es\/zurich-es\/zurich-excursiones-es\/excursion-privada-a-jungfraujoch-desde-zurich\/","url":"https:\/\/tourtravelandmore.com\/es\/tours\/suiza-es\/zurich-es\/zurich-excursiones-es\/excursion-privada-a-jungfraujoch-desde-zurich\/","name":"\u27a1\ufe0f Excursi\u00f3n privada a Jungfraujoch desde Z\u00farich | Tour Travel & More","isPartOf":{"@id":"https:\/\/tourtravelandmore.com\/es\/#website"},"primaryImageOfPage":{"@id":"https:\/\/tourtravelandmore.com\/es\/tours\/suiza-es\/zurich-es\/zurich-excursiones-es\/excursion-privada-a-jungfraujoch-desde-zurich\/#primaryimage"},"image":{"@id":"https:\/\/tourtravelandmore.com\/es\/tours\/suiza-es\/zurich-es\/zurich-excursiones-es\/excursion-privada-a-jungfraujoch-desde-zurich\/#primaryimage"},"thumbnailUrl":"https:\/\/tourtravelandmore.com\/wp-content\/uploads\/2023\/03\/pexels-allphoto-bangkok-13608274-scaled.jpg","datePublished":"2023-03-06T18:46:52+00:00","dateModified":"2024-03-11T08:26:26+00:00","description":"Excursi\u00f3n privada a Jungfraujoch desde Z\u00farich. Disfrute de Jungfraujoch y conozca sus monumentos y paisajes emblem\u00e1ticos junto a su gu\u00eda \u2705","breadcrumb":{"@id":"https:\/\/tourtravelandmore.com\/es\/tours\/suiza-es\/zurich-es\/zurich-excursiones-es\/excursion-privada-a-jungfraujoch-desde-zurich\/#breadcrumb"},"inLanguage":"es","potentialAction":[{"@type":"ReadAction","target":["https:\/\/tourtravelandmore.com\/es\/tours\/suiza-es\/zurich-es\/zurich-excursiones-es\/excursion-privada-a-jungfraujoch-desde-zurich\/"]}]},{"@type":"ImageObject","inLanguage":"es","@id":"https:\/\/tourtravelandmore.com\/es\/tours\/suiza-es\/zurich-es\/zurich-excursiones-es\/excursion-privada-a-jungfraujoch-desde-zurich\/#primaryimage","url":"https:\/\/tourtravelandmore.com\/wp-content\/uploads\/2023\/03\/pexels-allphoto-bangkok-13608274-scaled.jpg","contentUrl":"https:\/\/tourtravelandmore.com\/wp-content\/uploads\/2023\/03\/pexels-allphoto-bangkok-13608274-scaled.jpg","width":2560,"height":1709},{"@type":"BreadcrumbList","@id":"https:\/\/tourtravelandmore.com\/es\/tours\/suiza-es\/zurich-es\/zurich-excursiones-es\/excursion-privada-a-jungfraujoch-desde-zurich\/#breadcrumb","itemListElement":[{"@type":"ListItem","position":1,"name":"Home","item":"https:\/\/tourtravelandmore.com\/es\/"},{"@type":"ListItem","position":2,"name":"Tours","item":"https:\/\/tourtravelandmore.com\/es\/tours\/"},{"@type":"ListItem","position":3,"name":"Excursi\u00f3n privada a Jungfraujoch desde Z\u00farich"}]},{"@type":"WebSite","@id":"https:\/\/tourtravelandmore.com\/es\/#website","url":"https:\/\/tourtravelandmore.com\/es\/","name":"Tour Travel And More","description":"Private sightseeing tours and luxury transfers in Spain","publisher":{"@id":"https:\/\/tourtravelandmore.com\/es\/#organization"},"potentialAction":[{"@type":"SearchAction","target":{"@type":"EntryPoint","urlTemplate":"https:\/\/tourtravelandmore.com\/es\/?s={search_term_string}"},"query-input":{"@type":"PropertyValueSpecification","valueRequired":true,"valueName":"search_term_string"}}],"inLanguage":"es"},{"@type":"Organization","@id":"https:\/\/tourtravelandmore.com\/es\/#organization","name":"Tour Travel And More","url":"https:\/\/tourtravelandmore.com\/es\/","logo":{"@type":"ImageObject","inLanguage":"es","@id":"https:\/\/tourtravelandmore.com\/es\/#\/schema\/logo\/image\/","url":"https:\/\/tourtravelandmore.com\/wp-content\/uploads\/2022\/12\/cropped-logo-cabecera-new.png","contentUrl":"https:\/\/tourtravelandmore.com\/wp-content\/uploads\/2022\/12\/cropped-logo-cabecera-new.png","width":430,"height":61,"caption":"Tour Travel And More"},"image":{"@id":"https:\/\/tourtravelandmore.com\/es\/#\/schema\/logo\/image\/"},"sameAs":["https:\/\/www.facebook.com\/tourtravelandmore\/","https:\/\/x.com\/TourTravel_More"]}]}},"_links":{"self":[{"href":"https:\/\/tourtravelandmore.com\/es\/wp-json\/wp\/v2\/product\/155935","targetHints":{"allow":["GET"]}}],"collection":[{"href":"https:\/\/tourtravelandmore.com\/es\/wp-json\/wp\/v2\/product"}],"about":[{"href":"https:\/\/tourtravelandmore.com\/es\/wp-json\/wp\/v2\/types\/product"}],"replies":[{"embeddable":true,"href":"https:\/\/tourtravelandmore.com\/es\/wp-json\/wp\/v2\/comments?post=155935"}],"wp:featuredmedia":[{"embeddable":true,"href":"https:\/\/tourtravelandmore.com\/es\/wp-json\/wp\/v2\/media\/155973"}],"wp:attachment":[{"href":"https:\/\/tourtravelandmore.com\/es\/wp-json\/wp\/v2\/media?parent=155935"}],"wp:term":[{"taxonomy":"product_brand","embeddable":true,"href":"https:\/\/tourtravelandmore.com\/es\/wp-json\/wp\/v2\/product_brand?post=155935"},{"taxonomy":"product_cat","embeddable":true,"href":"https:\/\/tourtravelandmore.com\/es\/wp-json\/wp\/v2\/product_cat?post=155935"},{"taxonomy":"product_tag","embeddable":true,"href":"https:\/\/tourtravelandmore.com\/es\/wp-json\/wp\/v2\/product_tag?post=155935"}],"curies":[{"name":"wp","href":"https:\/\/api.w.org\/{rel}","templated":true}]}}