{"id":155868,"date":"2023-03-06T15:47:18","date_gmt":"2023-03-06T14:47:18","guid":{"rendered":"https:\/\/tourtravelandmore.com\/?post_type=product&#038;p=155868"},"modified":"2024-03-11T09:26:59","modified_gmt":"2024-03-11T08:26:59","slug":"tour-privado-de-lucerna-y-engelberg-desde-zurich","status":"publish","type":"product","link":"https:\/\/tourtravelandmore.com\/es\/tours\/suiza-es\/zurich-es\/zurich-excursiones-es\/tour-privado-de-lucerna-y-engelberg-desde-zurich\/","title":{"rendered":"Tour Privado de Lucerna y Engelberg desde Z\u00farich"},"content":{"rendered":"<h2 id=\"tw-target-text\" class=\"tw-data-text tw-text-large XcVN5d tw-ta\" dir=\"ltr\" data-placeholder=\"Traducci\u00f3n\"><span lang=\"es\">Descripci\u00f3n del Tour Privado de Lucerna y Engelberg desde Z\u00farich<\/span><\/h2>\n<p>Venga con nosotros y disfrute de este<strong> Tour Privado de Lucerna y Engelberg desde Z\u00farich<\/strong> con su gu\u00eda oficial y conozca los lugares m\u00e1s emblem\u00e1ticos de Lucerna.<\/p>\n<p>En este <strong>Tour Privado<\/strong> de <strong>Lucerna<\/strong> y <strong>Engelberg<\/strong> desde <strong>Z\u00farich,<\/strong> explorar\u00e1s los impresionantes paisajes de <strong>Lucerna<\/strong> y <strong>Engelberg<\/strong> con un gu\u00eda experto y un veh\u00edculo privado.<\/p>\n<p>Le recoger\u00e1n en su hotel de <strong>Z\u00farich<\/strong> y le llevar\u00e1n a <strong>Lucerna,<\/strong> donde descubrir\u00e1 el encantador casco antiguo, visitar\u00e1 lugares emblem\u00e1ticos y aprender\u00e1 sobre la historia y la cultura de la ciudad. Despu\u00e9s, se dirigir\u00e1 a <strong>Engelberg,<\/strong> donde experimentar\u00e1 los impresionantes Alpes suizos y visitar\u00e1 uno de los picos monta\u00f1osos m\u00e1s impresionantes de Suiza.<\/p>\n<h2>Puntos emblem\u00e1ticos y de inter\u00e9s del Tour Privado de Lucerna y Engelberg desde Z\u00farich<\/h2>\n<p>En primer lugar, viajar\u00e1 a <strong>Lucerna<\/strong> y tendr\u00e1 la oportunidad de conocer esta hermosa ciudad y ver lugares como:<\/p>\n<p><strong>Puente de la Capilla y Torre del Agua:<\/strong> El Puente de la Capilla es uno de los puentes de madera m\u00e1s antiguos de Europa y un s\u00edmbolo de Lucerna. Pasear\u00e1 por el puente y ver\u00e1 la Torre del Agua del siglo XVII, que en el pasado se utiliz\u00f3 como defensa y como prisi\u00f3n.<\/p>\n<p><strong>Monumento al Le\u00f3n:<\/strong> Este impresionante monumento es un homenaje a los guardias suizos que murieron durante la Revoluci\u00f3n Francesa. Conocer\u00e1 la historia y el significado del monumento y tomar\u00e1 fotos memorables.<\/p>\n<p><strong>Casco antiguo:<\/strong> Pasear\u00e1 por las pintorescas callejuelas del casco antiguo de Lucerna y admirar\u00e1 la arquitectura medieval, las coloridas fachadas y las encantadoras plazas. Tambi\u00e9n tendr\u00e1 la oportunidad de echar un vistazo a las tiendas locales y comprar recuerdos.<\/p>\n<p>A continuaci\u00f3n, viajar\u00e1 hacia <strong>Engelberg.<\/strong> All\u00ed tendr\u00e1 la oportunidad de conocer algunos lugares como estos<\/p>\n<p><strong>Monta\u00f1a Titlis:<\/strong> Tomar\u00e1s un pintoresco telef\u00e9rico hasta la cima de la monta\u00f1a Titlis, donde disfrutar\u00e1s de vistas panor\u00e1micas de los Alpes suizos y los glaciares circundantes. Tendr\u00e1s tiempo libre para explorar la cueva del glaciar, pasear por el Cliff Walk y dar un emocionante paseo en el Ice Flyer.<\/p>\n<p><strong>Abad\u00eda de Engelberg:<\/strong> Este monasterio benedictino del siglo XII es un fascinante hito cultural e hist\u00f3rico. Conocer\u00e1s la vida de los monjes, admirar\u00e1s la ornamentada arquitectura y ver\u00e1s la impresionante iglesia y biblioteca.<\/p>\n<p><a href=\"https:\/\/tourtravelandmore.com\/es\/ciudad\/suiza-es\/\">No se pierda todos nuestros otros tours privados en Lucerna y Z\u00farich<\/a>. <span class=\"JLqJ4b ChMk0b\" data-language-for-alternatives=\"es\" data-language-to-translate-into=\"en\" data-phrase-index=\"1\">Ofrecemos tours y traslados privados para usted en cualquier lugar y ciudad de Europa.<\/span><\/p>\n","protected":false},"excerpt":{"rendered":"<p>Si ya ha recorrido y visto toda Zurich, acomp\u00e1\u00f1enos a este <strong>tour privado a Lucerna y Engelberg desde Zurich<\/strong> en un veh\u00edculo privado. <strong>Lucerna<\/strong> es una ciudad en el centro de Suiza con una belleza, historia y arquitectura incre\u00edble que vale la pena conocer. Su gu\u00eda oficial privado lo llevara a conocer los lugares m\u00e1s importantes de la ciudad.<\/p>\n<p>&nbsp;<\/p>\n<p>&nbsp;<\/p>\n","protected":false},"featured_media":155905,"comment_status":"open","ping_status":"closed","template":"","meta":{"_acf_changed":false},"product_brand":[],"product_cat":[1697,1698,1703,1702,1706,1726,1722],"product_tag":[],"class_list":{"0":"post-155868","1":"product","2":"type-product","3":"status-publish","4":"has-post-thumbnail","6":"product_cat-suiza-es","7":"product_cat-lucerna-es","8":"product_cat-lucerna-actividades-es","9":"product_cat-lucerna-excursiones-es","10":"product_cat-zurich-es","11":"product_cat-zurich-actividades-es","12":"product_cat-zurich-excursiones-es","14":"first","15":"instock","16":"shipping-taxable","17":"purchasable","18":"product-type-simple"},"acf":[],"yoast_head":"<!-- This site is optimized with the Yoast SEO Premium plugin v25.3.1 (Yoast SEO v25.3.1) - https:\/\/yoast.com\/wordpress\/plugins\/seo\/ -->\n<title>\u27a1\ufe0f Tour Privado de Lucerna y Engelberg desde Z\u00farich | Tour Travel &amp; More<\/title>\n<meta name=\"description\" content=\"Tour Privado de Lucerna y Engelberg desde Z\u00farich Disfrute de la ciudad de Lucerna y conozca sus monumentos y paisajes emblem\u00e1ticos junto a su gu\u00eda \u2705\" \/>\n<meta name=\"robots\" content=\"index, follow, max-snippet:-1, max-image-preview:large, max-video-preview:-1\" \/>\n<link rel=\"canonical\" href=\"https:\/\/tourtravelandmore.com\/es\/tours\/suiza-es\/zurich-es\/zurich-excursiones-es\/tour-privado-de-lucerna-y-engelberg-desde-zurich\/\" \/>\n<meta property=\"og:locale\" content=\"es_ES\" \/>\n<meta property=\"og:type\" content=\"article\" \/>\n<meta property=\"og:title\" content=\"Tour Privado de Lucerna y Engelberg desde Z\u00farich\" \/>\n<meta property=\"og:description\" content=\"Tour Privado de Lucerna y Engelberg desde Z\u00farich Disfrute de la ciudad de Lucerna y conozca sus monumentos y paisajes emblem\u00e1ticos junto a su gu\u00eda \u2705\" \/>\n<meta property=\"og:url\" content=\"https:\/\/tourtravelandmore.com\/es\/tours\/suiza-es\/zurich-es\/zurich-excursiones-es\/tour-privado-de-lucerna-y-engelberg-desde-zurich\/\" \/>\n<meta property=\"og:site_name\" content=\"Tour Travel And More\" \/>\n<meta property=\"article:publisher\" content=\"https:\/\/www.facebook.com\/tourtravelandmore\/\" \/>\n<meta property=\"article:modified_time\" content=\"2024-03-11T08:26:59+00:00\" \/>\n<meta property=\"og:image\" content=\"https:\/\/tourtravelandmore.com\/wp-content\/uploads\/2023\/03\/town-center-g4f693a2ef_1280.jpg\" \/>\n\t<meta property=\"og:image:width\" content=\"1280\" \/>\n\t<meta property=\"og:image:height\" content=\"853\" \/>\n\t<meta property=\"og:image:type\" content=\"image\/jpeg\" \/>\n<meta name=\"twitter:card\" content=\"summary_large_image\" \/>\n<meta name=\"twitter:site\" content=\"@TourTravel_More\" \/>\n<meta name=\"twitter:label1\" content=\"Tiempo de lectura\" \/>\n\t<meta name=\"twitter:data1\" content=\"2 minutos\" \/>\n<script type=\"application\/ld+json\" class=\"yoast-schema-graph\">{\"@context\":\"https:\/\/schema.org\",\"@graph\":[{\"@type\":\"WebPage\",\"@id\":\"https:\/\/tourtravelandmore.com\/es\/tours\/suiza-es\/zurich-es\/zurich-excursiones-es\/tour-privado-de-lucerna-y-engelberg-desde-zurich\/\",\"url\":\"https:\/\/tourtravelandmore.com\/es\/tours\/suiza-es\/zurich-es\/zurich-excursiones-es\/tour-privado-de-lucerna-y-engelberg-desde-zurich\/\",\"name\":\"\u27a1\ufe0f Tour Privado de Lucerna y Engelberg desde Z\u00farich | Tour Travel & More\",\"isPartOf\":{\"@id\":\"https:\/\/tourtravelandmore.com\/es\/#website\"},\"primaryImageOfPage\":{\"@id\":\"https:\/\/tourtravelandmore.com\/es\/tours\/suiza-es\/zurich-es\/zurich-excursiones-es\/tour-privado-de-lucerna-y-engelberg-desde-zurich\/#primaryimage\"},\"image\":{\"@id\":\"https:\/\/tourtravelandmore.com\/es\/tours\/suiza-es\/zurich-es\/zurich-excursiones-es\/tour-privado-de-lucerna-y-engelberg-desde-zurich\/#primaryimage\"},\"thumbnailUrl\":\"https:\/\/tourtravelandmore.com\/wp-content\/uploads\/2023\/03\/town-center-g4f693a2ef_1280.jpg\",\"datePublished\":\"2023-03-06T14:47:18+00:00\",\"dateModified\":\"2024-03-11T08:26:59+00:00\",\"description\":\"Tour Privado de Lucerna y Engelberg desde Z\u00farich Disfrute de la ciudad de Lucerna y conozca sus monumentos y paisajes emblem\u00e1ticos junto a su gu\u00eda \u2705\",\"breadcrumb\":{\"@id\":\"https:\/\/tourtravelandmore.com\/es\/tours\/suiza-es\/zurich-es\/zurich-excursiones-es\/tour-privado-de-lucerna-y-engelberg-desde-zurich\/#breadcrumb\"},\"inLanguage\":\"es\",\"potentialAction\":[{\"@type\":\"ReadAction\",\"target\":[\"https:\/\/tourtravelandmore.com\/es\/tours\/suiza-es\/zurich-es\/zurich-excursiones-es\/tour-privado-de-lucerna-y-engelberg-desde-zurich\/\"]}]},{\"@type\":\"ImageObject\",\"inLanguage\":\"es\",\"@id\":\"https:\/\/tourtravelandmore.com\/es\/tours\/suiza-es\/zurich-es\/zurich-excursiones-es\/tour-privado-de-lucerna-y-engelberg-desde-zurich\/#primaryimage\",\"url\":\"https:\/\/tourtravelandmore.com\/wp-content\/uploads\/2023\/03\/town-center-g4f693a2ef_1280.jpg\",\"contentUrl\":\"https:\/\/tourtravelandmore.com\/wp-content\/uploads\/2023\/03\/town-center-g4f693a2ef_1280.jpg\",\"width\":1280,\"height\":853},{\"@type\":\"BreadcrumbList\",\"@id\":\"https:\/\/tourtravelandmore.com\/es\/tours\/suiza-es\/zurich-es\/zurich-excursiones-es\/tour-privado-de-lucerna-y-engelberg-desde-zurich\/#breadcrumb\",\"itemListElement\":[{\"@type\":\"ListItem\",\"position\":1,\"name\":\"Home\",\"item\":\"https:\/\/tourtravelandmore.com\/es\/\"},{\"@type\":\"ListItem\",\"position\":2,\"name\":\"Tours\",\"item\":\"https:\/\/tourtravelandmore.com\/es\/tours\/\"},{\"@type\":\"ListItem\",\"position\":3,\"name\":\"Tour Privado de Lucerna y Engelberg desde Z\u00farich\"}]},{\"@type\":\"WebSite\",\"@id\":\"https:\/\/tourtravelandmore.com\/es\/#website\",\"url\":\"https:\/\/tourtravelandmore.com\/es\/\",\"name\":\"Tour Travel And More\",\"description\":\"Private sightseeing tours and luxury transfers in Spain\",\"publisher\":{\"@id\":\"https:\/\/tourtravelandmore.com\/es\/#organization\"},\"potentialAction\":[{\"@type\":\"SearchAction\",\"target\":{\"@type\":\"EntryPoint\",\"urlTemplate\":\"https:\/\/tourtravelandmore.com\/es\/?s={search_term_string}\"},\"query-input\":{\"@type\":\"PropertyValueSpecification\",\"valueRequired\":true,\"valueName\":\"search_term_string\"}}],\"inLanguage\":\"es\"},{\"@type\":\"Organization\",\"@id\":\"https:\/\/tourtravelandmore.com\/es\/#organization\",\"name\":\"Tour Travel And More\",\"url\":\"https:\/\/tourtravelandmore.com\/es\/\",\"logo\":{\"@type\":\"ImageObject\",\"inLanguage\":\"es\",\"@id\":\"https:\/\/tourtravelandmore.com\/es\/#\/schema\/logo\/image\/\",\"url\":\"https:\/\/tourtravelandmore.com\/wp-content\/uploads\/2022\/12\/cropped-logo-cabecera-new.png\",\"contentUrl\":\"https:\/\/tourtravelandmore.com\/wp-content\/uploads\/2022\/12\/cropped-logo-cabecera-new.png\",\"width\":430,\"height\":61,\"caption\":\"Tour Travel And More\"},\"image\":{\"@id\":\"https:\/\/tourtravelandmore.com\/es\/#\/schema\/logo\/image\/\"},\"sameAs\":[\"https:\/\/www.facebook.com\/tourtravelandmore\/\",\"https:\/\/x.com\/TourTravel_More\"]}]}<\/script>\n<!-- \/ Yoast SEO Premium plugin. -->","yoast_head_json":{"title":"\u27a1\ufe0f Tour Privado de Lucerna y Engelberg desde Z\u00farich | Tour Travel & More","description":"Tour Privado de Lucerna y Engelberg desde Z\u00farich Disfrute de la ciudad de Lucerna y conozca sus monumentos y paisajes emblem\u00e1ticos junto a su gu\u00eda \u2705","robots":{"index":"index","follow":"follow","max-snippet":"max-snippet:-1","max-image-preview":"max-image-preview:large","max-video-preview":"max-video-preview:-1"},"canonical":"https:\/\/tourtravelandmore.com\/es\/tours\/suiza-es\/zurich-es\/zurich-excursiones-es\/tour-privado-de-lucerna-y-engelberg-desde-zurich\/","og_locale":"es_ES","og_type":"article","og_title":"Tour Privado de Lucerna y Engelberg desde Z\u00farich","og_description":"Tour Privado de Lucerna y Engelberg desde Z\u00farich Disfrute de la ciudad de Lucerna y conozca sus monumentos y paisajes emblem\u00e1ticos junto a su gu\u00eda \u2705","og_url":"https:\/\/tourtravelandmore.com\/es\/tours\/suiza-es\/zurich-es\/zurich-excursiones-es\/tour-privado-de-lucerna-y-engelberg-desde-zurich\/","og_site_name":"Tour Travel And More","article_publisher":"https:\/\/www.facebook.com\/tourtravelandmore\/","article_modified_time":"2024-03-11T08:26:59+00:00","og_image":[{"width":1280,"height":853,"url":"https:\/\/tourtravelandmore.com\/wp-content\/uploads\/2023\/03\/town-center-g4f693a2ef_1280.jpg","type":"image\/jpeg"}],"twitter_card":"summary_large_image","twitter_site":"@TourTravel_More","twitter_misc":{"Tiempo de lectura":"2 minutos"},"schema":{"@context":"https:\/\/schema.org","@graph":[{"@type":"WebPage","@id":"https:\/\/tourtravelandmore.com\/es\/tours\/suiza-es\/zurich-es\/zurich-excursiones-es\/tour-privado-de-lucerna-y-engelberg-desde-zurich\/","url":"https:\/\/tourtravelandmore.com\/es\/tours\/suiza-es\/zurich-es\/zurich-excursiones-es\/tour-privado-de-lucerna-y-engelberg-desde-zurich\/","name":"\u27a1\ufe0f Tour Privado de Lucerna y Engelberg desde Z\u00farich | Tour Travel & More","isPartOf":{"@id":"https:\/\/tourtravelandmore.com\/es\/#website"},"primaryImageOfPage":{"@id":"https:\/\/tourtravelandmore.com\/es\/tours\/suiza-es\/zurich-es\/zurich-excursiones-es\/tour-privado-de-lucerna-y-engelberg-desde-zurich\/#primaryimage"},"image":{"@id":"https:\/\/tourtravelandmore.com\/es\/tours\/suiza-es\/zurich-es\/zurich-excursiones-es\/tour-privado-de-lucerna-y-engelberg-desde-zurich\/#primaryimage"},"thumbnailUrl":"https:\/\/tourtravelandmore.com\/wp-content\/uploads\/2023\/03\/town-center-g4f693a2ef_1280.jpg","datePublished":"2023-03-06T14:47:18+00:00","dateModified":"2024-03-11T08:26:59+00:00","description":"Tour Privado de Lucerna y Engelberg desde Z\u00farich Disfrute de la ciudad de Lucerna y conozca sus monumentos y paisajes emblem\u00e1ticos junto a su gu\u00eda \u2705","breadcrumb":{"@id":"https:\/\/tourtravelandmore.com\/es\/tours\/suiza-es\/zurich-es\/zurich-excursiones-es\/tour-privado-de-lucerna-y-engelberg-desde-zurich\/#breadcrumb"},"inLanguage":"es","potentialAction":[{"@type":"ReadAction","target":["https:\/\/tourtravelandmore.com\/es\/tours\/suiza-es\/zurich-es\/zurich-excursiones-es\/tour-privado-de-lucerna-y-engelberg-desde-zurich\/"]}]},{"@type":"ImageObject","inLanguage":"es","@id":"https:\/\/tourtravelandmore.com\/es\/tours\/suiza-es\/zurich-es\/zurich-excursiones-es\/tour-privado-de-lucerna-y-engelberg-desde-zurich\/#primaryimage","url":"https:\/\/tourtravelandmore.com\/wp-content\/uploads\/2023\/03\/town-center-g4f693a2ef_1280.jpg","contentUrl":"https:\/\/tourtravelandmore.com\/wp-content\/uploads\/2023\/03\/town-center-g4f693a2ef_1280.jpg","width":1280,"height":853},{"@type":"BreadcrumbList","@id":"https:\/\/tourtravelandmore.com\/es\/tours\/suiza-es\/zurich-es\/zurich-excursiones-es\/tour-privado-de-lucerna-y-engelberg-desde-zurich\/#breadcrumb","itemListElement":[{"@type":"ListItem","position":1,"name":"Home","item":"https:\/\/tourtravelandmore.com\/es\/"},{"@type":"ListItem","position":2,"name":"Tours","item":"https:\/\/tourtravelandmore.com\/es\/tours\/"},{"@type":"ListItem","position":3,"name":"Tour Privado de Lucerna y Engelberg desde Z\u00farich"}]},{"@type":"WebSite","@id":"https:\/\/tourtravelandmore.com\/es\/#website","url":"https:\/\/tourtravelandmore.com\/es\/","name":"Tour Travel And More","description":"Private sightseeing tours and luxury transfers in Spain","publisher":{"@id":"https:\/\/tourtravelandmore.com\/es\/#organization"},"potentialAction":[{"@type":"SearchAction","target":{"@type":"EntryPoint","urlTemplate":"https:\/\/tourtravelandmore.com\/es\/?s={search_term_string}"},"query-input":{"@type":"PropertyValueSpecification","valueRequired":true,"valueName":"search_term_string"}}],"inLanguage":"es"},{"@type":"Organization","@id":"https:\/\/tourtravelandmore.com\/es\/#organization","name":"Tour Travel And More","url":"https:\/\/tourtravelandmore.com\/es\/","logo":{"@type":"ImageObject","inLanguage":"es","@id":"https:\/\/tourtravelandmore.com\/es\/#\/schema\/logo\/image\/","url":"https:\/\/tourtravelandmore.com\/wp-content\/uploads\/2022\/12\/cropped-logo-cabecera-new.png","contentUrl":"https:\/\/tourtravelandmore.com\/wp-content\/uploads\/2022\/12\/cropped-logo-cabecera-new.png","width":430,"height":61,"caption":"Tour Travel And More"},"image":{"@id":"https:\/\/tourtravelandmore.com\/es\/#\/schema\/logo\/image\/"},"sameAs":["https:\/\/www.facebook.com\/tourtravelandmore\/","https:\/\/x.com\/TourTravel_More"]}]}},"_links":{"self":[{"href":"https:\/\/tourtravelandmore.com\/es\/wp-json\/wp\/v2\/product\/155868","targetHints":{"allow":["GET"]}}],"collection":[{"href":"https:\/\/tourtravelandmore.com\/es\/wp-json\/wp\/v2\/product"}],"about":[{"href":"https:\/\/tourtravelandmore.com\/es\/wp-json\/wp\/v2\/types\/product"}],"replies":[{"embeddable":true,"href":"https:\/\/tourtravelandmore.com\/es\/wp-json\/wp\/v2\/comments?post=155868"}],"wp:featuredmedia":[{"embeddable":true,"href":"https:\/\/tourtravelandmore.com\/es\/wp-json\/wp\/v2\/media\/155905"}],"wp:attachment":[{"href":"https:\/\/tourtravelandmore.com\/es\/wp-json\/wp\/v2\/media?parent=155868"}],"wp:term":[{"taxonomy":"product_brand","embeddable":true,"href":"https:\/\/tourtravelandmore.com\/es\/wp-json\/wp\/v2\/product_brand?post=155868"},{"taxonomy":"product_cat","embeddable":true,"href":"https:\/\/tourtravelandmore.com\/es\/wp-json\/wp\/v2\/product_cat?post=155868"},{"taxonomy":"product_tag","embeddable":true,"href":"https:\/\/tourtravelandmore.com\/es\/wp-json\/wp\/v2\/product_tag?post=155868"}],"curies":[{"name":"wp","href":"https:\/\/api.w.org\/{rel}","templated":true}]}}