{"id":155774,"date":"2023-03-06T14:26:43","date_gmt":"2023-03-06T13:26:49","guid":{"rendered":"https:\/\/tourtravelandmore.com\/?post_type=product&#038;p=155774"},"modified":"2024-03-11T09:30:29","modified_gmt":"2024-03-11T08:30:29","slug":"excursion-privada-a-las-cataratas-del-rin-desde-zurich","status":"publish","type":"product","link":"https:\/\/tourtravelandmore.com\/es\/tours\/suiza-es\/zurich-es\/zurich-excursiones-es\/excursion-privada-a-las-cataratas-del-rin-desde-zurich\/","title":{"rendered":"Excursi\u00f3n privada a las cataratas del Rin desde Z\u00farich"},"content":{"rendered":"<h2 id=\"tw-target-text\" class=\"tw-data-text tw-text-large XcVN5d tw-ta\" dir=\"ltr\" data-placeholder=\"Traducci\u00f3n\"><strong><span lang=\"es\">Descripci\u00f3n de la Excursi\u00f3n\u00a0privada a las cataratas del Rin desde Z\u00farich<\/span><\/strong><\/h2>\n<p>Ven con nosotros y disfruta de este <strong>Tour Privado de las Cataratas del Rin desde Z\u00farich<\/strong> con tu gu\u00eda oficial y conoce los lugares m\u00e1s emblem\u00e1ticos de las <strong>Cataratas<\/strong> del <strong>Rin.<\/strong><\/p>\n<p>Nuestro tour est\u00e1 dise\u00f1ado para <strong>1 a<\/strong> <strong>15 personas,<\/strong> y nos embarcaremos en un viaje a una de las maravillas naturales m\u00e1s bellas de <strong>Suiza.<\/strong> Nuestra excursi\u00f3n est\u00e1 dirigida por un gu\u00eda profesional privado que le proporcionar\u00e1 una experiencia informativa y entretenida. Viajaremos en un c\u00f3modo veh\u00edculo privado para garantizar una experiencia personalizada e \u00edntima.<\/p>\n<p>Las cataratas del Rin son las m\u00e1s grandes de <strong>Europa<\/strong> y se encuentran en el coraz\u00f3n de <strong>Schaffhausen (Suiza).<\/strong> Es un magn\u00edfico espect\u00e1culo para la vista, con una anchura de <strong>150 metros<\/strong> y una altura de <strong>23 metros,<\/strong> creando una impresionante cascada de agua. La cascada est\u00e1 rodeada de frondosos bosques verdes, con muchos puntos de observaci\u00f3n y senderos para explorar. El sonido del agua corriendo sobre las rocas y el ambiente brumoso le dejar\u00e1n una sensaci\u00f3n de <strong>vigor<\/strong> y <strong>frescor.<\/strong><\/p>\n<p><span class=\"JLqJ4b\" data-language-for-alternatives=\"es\" data-language-to-translate-into=\"en\" data-phrase-index=\"1\"><span class=\"JLqJ4b ChMk0b\" data-language-for-alternatives=\"es\" data-language-to-translate-into=\"en\" data-phrase-index=\"2\">Disfrute de lo mejor de la ciudad y tambi\u00e9n tenga algo de tiempo libre para pasear por su cuenta. En <strong>Tour Travel &amp; More<\/strong> estamos a tu disposici\u00f3n para hacer de esta experiencia una experiencia totalmente \u00fanica.<\/span><\/span><\/p>\n<h2><strong>Puntos emblem\u00e1ticos y de inter\u00e9s de la Excursi\u00f3n\u00a0privada a las cataratas del Rin desde Z\u00farich<\/strong><\/h2>\n<p>Disfrute de una visita privada guiada de <strong>4 horas<\/strong> por las <strong>cataratas del Rin.<\/strong> Dispondr\u00e1 de tiempo libre y a continuaci\u00f3n le llevaremos de vuelta a su hotel en <strong>Zurich.<\/strong><\/p>\n<p><strong>Castillo de Laufen:<\/strong> Nuestra primera parada ser\u00e1 el <strong>Castillo de Laufen,<\/strong> situado a la derecha de las <strong>Cataratas del Rin.<\/strong> Este castillo medieval data del <strong>siglo<\/strong>\u00a0<strong>XI<\/strong> y ha sido bellamente restaurado. Desde aqu\u00ed, tendremos una vista impresionante de las cataratas y del paisaje circundante.<\/p>\n<p><strong>Castillo de W\u00f6rth:<\/strong> Nuestra siguiente parada ser\u00e1 el <strong>castillo<\/strong>\u00a0<strong>de W\u00f6rth,<\/strong> situado en una peque\u00f1a isla en medio del <strong>r\u00edo Rin.<\/strong> Este castillo se construy\u00f3 en el <strong>siglo XIII<\/strong> y se utiliz\u00f3 como puesto aduanero. Ahora es una popular atracci\u00f3n tur\u00edstica, con un restaurante y una tienda de recuerdos.<\/p>\n<p><strong>Ruta de las cataratas del Rin:<\/strong> Daremos un tranquilo paseo por el sendero de las <strong>cataratas<\/strong> del <strong>Rin,<\/strong> que ofrece impresionantes vistas de la cascada desde varios \u00e1ngulos. El sendero est\u00e1 en buen estado y es apto para todas las edades y niveles de forma f\u00edsica.<\/p>\n<p><strong>Palacio Laufen am Rheinfall:<\/strong> Nuestra \u00faltima parada ser\u00e1 <strong>Schloss Laufen am Rheinfall,<\/strong> un castillo que data del <strong>siglo XII.<\/strong> El castillo cuenta con un restaurante, un museo y una tienda de recuerdos. Desde el castillo, tendremos una vista panor\u00e1mica de la cascada y el paisaje circundante.<\/p>\n<p>Esta <strong>excursi\u00f3n privada<\/strong> <strong>a las<\/strong> <strong>cataratas del Rin desde Z\u00farich<\/strong> es una experiencia inolvidable que combina belleza natural, historia y aventura. Nuestro gu\u00eda experto y el veh\u00edculo privado garantizan una experiencia personalizada y c\u00f3moda para usted y su grupo. As\u00ed que si\u00e9ntese, rel\u00e1jese y d\u00e9jenos llevarle en un viaje que nunca olvidar\u00e1.<\/p>\n<p>No se pierda nuestros otros tours privados en <strong><a href=\"https:\/\/tourtravelandmore.com\/city\/switzerland\/zurich-en\/\">Z\u00farich<\/a><\/strong>. Ofrecemos tours privados para usted en cualquier lugar.<\/p>\n","protected":false},"excerpt":{"rendered":"<p>Ven con nosotros y disfruta de este <strong>Tour Privado de las Cataratas del Rin desde Z\u00farich<\/strong> con tu gu\u00eda oficial y conoce los lugares m\u00e1s emblem\u00e1ticos de las <strong>Cataratas<\/strong> del <strong>Rin.<\/strong>Las cataratas del Rin son las m\u00e1s grandes de <strong>Europa<\/strong> y se encuentran en el coraz\u00f3n de <strong>Schaffhausen (Suiza).<\/strong> Es un magn\u00edfico espect\u00e1culo para la vista, con una anchura de <strong>150 metros<\/strong> y una altura de <strong>23 metros,<\/strong> creando una impresionante cascada de agua.<\/p>\n<p>&nbsp;<\/p>\n<p>&nbsp;<\/p>\n","protected":false},"featured_media":155817,"comment_status":"open","ping_status":"closed","template":"","meta":{"_acf_changed":false},"product_brand":[],"product_cat":[1697,1698,1703,1702,1706,1726,1722],"product_tag":[],"class_list":{"0":"post-155774","1":"product","2":"type-product","3":"status-publish","4":"has-post-thumbnail","6":"product_cat-suiza-es","7":"product_cat-lucerna-es","8":"product_cat-lucerna-actividades-es","9":"product_cat-lucerna-excursiones-es","10":"product_cat-zurich-es","11":"product_cat-zurich-actividades-es","12":"product_cat-zurich-excursiones-es","14":"first","15":"instock","16":"shipping-taxable","17":"purchasable","18":"product-type-simple"},"acf":[],"yoast_head":"<!-- This site is optimized with the Yoast SEO Premium plugin v25.3.1 (Yoast SEO v25.3.1) - https:\/\/yoast.com\/wordpress\/plugins\/seo\/ -->\n<title>\u27a1\ufe0f Excursi\u00f3n privada a las cataratas del Rin desde Z\u00farich | TTM<\/title>\n<meta name=\"description\" content=\"Excursi\u00f3n privada a las cataratas del Rin desde Z\u00farich. Disfrute de las Cataratas del Rin y conozca sus monumentos y paisajes emblem\u00e1ticos junto a su gu\u00eda \u2705\" \/>\n<meta name=\"robots\" content=\"index, follow, max-snippet:-1, max-image-preview:large, max-video-preview:-1\" \/>\n<link rel=\"canonical\" href=\"https:\/\/tourtravelandmore.com\/es\/tours\/suiza-es\/zurich-es\/zurich-excursiones-es\/excursion-privada-a-las-cataratas-del-rin-desde-zurich\/\" \/>\n<meta property=\"og:locale\" content=\"es_ES\" \/>\n<meta property=\"og:type\" content=\"article\" \/>\n<meta property=\"og:title\" content=\"Excursi\u00f3n privada a las cataratas del Rin desde Z\u00farich\" \/>\n<meta property=\"og:description\" content=\"Excursi\u00f3n privada a las cataratas del Rin desde Z\u00farich. Disfrute de las Cataratas del Rin y conozca sus monumentos y paisajes emblem\u00e1ticos junto a su gu\u00eda \u2705\" \/>\n<meta property=\"og:url\" content=\"https:\/\/tourtravelandmore.com\/es\/tours\/suiza-es\/zurich-es\/zurich-excursiones-es\/excursion-privada-a-las-cataratas-del-rin-desde-zurich\/\" \/>\n<meta property=\"og:site_name\" content=\"Tour Travel And More\" \/>\n<meta property=\"article:publisher\" content=\"https:\/\/www.facebook.com\/tourtravelandmore\/\" \/>\n<meta property=\"article:modified_time\" content=\"2024-03-11T08:30:29+00:00\" \/>\n<meta property=\"og:image\" content=\"https:\/\/tourtravelandmore.com\/wp-content\/uploads\/2023\/03\/pexels-james-wheeler-5689657-1024x683.jpg\" \/>\n\t<meta property=\"og:image:width\" content=\"1024\" \/>\n\t<meta property=\"og:image:height\" content=\"683\" \/>\n\t<meta property=\"og:image:type\" content=\"image\/jpeg\" \/>\n<meta name=\"twitter:card\" content=\"summary_large_image\" \/>\n<meta name=\"twitter:site\" content=\"@TourTravel_More\" \/>\n<meta name=\"twitter:label1\" content=\"Tiempo de lectura\" \/>\n\t<meta name=\"twitter:data1\" content=\"3 minutos\" \/>\n<script type=\"application\/ld+json\" class=\"yoast-schema-graph\">{\"@context\":\"https:\/\/schema.org\",\"@graph\":[{\"@type\":\"WebPage\",\"@id\":\"https:\/\/tourtravelandmore.com\/es\/tours\/suiza-es\/zurich-es\/zurich-excursiones-es\/excursion-privada-a-las-cataratas-del-rin-desde-zurich\/\",\"url\":\"https:\/\/tourtravelandmore.com\/es\/tours\/suiza-es\/zurich-es\/zurich-excursiones-es\/excursion-privada-a-las-cataratas-del-rin-desde-zurich\/\",\"name\":\"\u27a1\ufe0f Excursi\u00f3n privada a las cataratas del Rin desde Z\u00farich | TTM\",\"isPartOf\":{\"@id\":\"https:\/\/tourtravelandmore.com\/es\/#website\"},\"primaryImageOfPage\":{\"@id\":\"https:\/\/tourtravelandmore.com\/es\/tours\/suiza-es\/zurich-es\/zurich-excursiones-es\/excursion-privada-a-las-cataratas-del-rin-desde-zurich\/#primaryimage\"},\"image\":{\"@id\":\"https:\/\/tourtravelandmore.com\/es\/tours\/suiza-es\/zurich-es\/zurich-excursiones-es\/excursion-privada-a-las-cataratas-del-rin-desde-zurich\/#primaryimage\"},\"thumbnailUrl\":\"https:\/\/tourtravelandmore.com\/wp-content\/uploads\/2023\/03\/pexels-james-wheeler-5689657.jpg\",\"datePublished\":\"2023-03-06T13:26:49+00:00\",\"dateModified\":\"2024-03-11T08:30:29+00:00\",\"description\":\"Excursi\u00f3n privada a las cataratas del Rin desde Z\u00farich. Disfrute de las Cataratas del Rin y conozca sus monumentos y paisajes emblem\u00e1ticos junto a su gu\u00eda \u2705\",\"breadcrumb\":{\"@id\":\"https:\/\/tourtravelandmore.com\/es\/tours\/suiza-es\/zurich-es\/zurich-excursiones-es\/excursion-privada-a-las-cataratas-del-rin-desde-zurich\/#breadcrumb\"},\"inLanguage\":\"es\",\"potentialAction\":[{\"@type\":\"ReadAction\",\"target\":[\"https:\/\/tourtravelandmore.com\/es\/tours\/suiza-es\/zurich-es\/zurich-excursiones-es\/excursion-privada-a-las-cataratas-del-rin-desde-zurich\/\"]}]},{\"@type\":\"ImageObject\",\"inLanguage\":\"es\",\"@id\":\"https:\/\/tourtravelandmore.com\/es\/tours\/suiza-es\/zurich-es\/zurich-excursiones-es\/excursion-privada-a-las-cataratas-del-rin-desde-zurich\/#primaryimage\",\"url\":\"https:\/\/tourtravelandmore.com\/wp-content\/uploads\/2023\/03\/pexels-james-wheeler-5689657.jpg\",\"contentUrl\":\"https:\/\/tourtravelandmore.com\/wp-content\/uploads\/2023\/03\/pexels-james-wheeler-5689657.jpg\",\"width\":7939,\"height\":5298},{\"@type\":\"BreadcrumbList\",\"@id\":\"https:\/\/tourtravelandmore.com\/es\/tours\/suiza-es\/zurich-es\/zurich-excursiones-es\/excursion-privada-a-las-cataratas-del-rin-desde-zurich\/#breadcrumb\",\"itemListElement\":[{\"@type\":\"ListItem\",\"position\":1,\"name\":\"Home\",\"item\":\"https:\/\/tourtravelandmore.com\/es\/\"},{\"@type\":\"ListItem\",\"position\":2,\"name\":\"Tours\",\"item\":\"https:\/\/tourtravelandmore.com\/es\/tours\/\"},{\"@type\":\"ListItem\",\"position\":3,\"name\":\"Excursi\u00f3n privada a las cataratas del Rin desde Z\u00farich\"}]},{\"@type\":\"WebSite\",\"@id\":\"https:\/\/tourtravelandmore.com\/es\/#website\",\"url\":\"https:\/\/tourtravelandmore.com\/es\/\",\"name\":\"Tour Travel And More\",\"description\":\"Private sightseeing tours and luxury transfers in Spain\",\"publisher\":{\"@id\":\"https:\/\/tourtravelandmore.com\/es\/#organization\"},\"potentialAction\":[{\"@type\":\"SearchAction\",\"target\":{\"@type\":\"EntryPoint\",\"urlTemplate\":\"https:\/\/tourtravelandmore.com\/es\/?s={search_term_string}\"},\"query-input\":{\"@type\":\"PropertyValueSpecification\",\"valueRequired\":true,\"valueName\":\"search_term_string\"}}],\"inLanguage\":\"es\"},{\"@type\":\"Organization\",\"@id\":\"https:\/\/tourtravelandmore.com\/es\/#organization\",\"name\":\"Tour Travel And More\",\"url\":\"https:\/\/tourtravelandmore.com\/es\/\",\"logo\":{\"@type\":\"ImageObject\",\"inLanguage\":\"es\",\"@id\":\"https:\/\/tourtravelandmore.com\/es\/#\/schema\/logo\/image\/\",\"url\":\"https:\/\/tourtravelandmore.com\/wp-content\/uploads\/2022\/12\/cropped-logo-cabecera-new.png\",\"contentUrl\":\"https:\/\/tourtravelandmore.com\/wp-content\/uploads\/2022\/12\/cropped-logo-cabecera-new.png\",\"width\":430,\"height\":61,\"caption\":\"Tour Travel And More\"},\"image\":{\"@id\":\"https:\/\/tourtravelandmore.com\/es\/#\/schema\/logo\/image\/\"},\"sameAs\":[\"https:\/\/www.facebook.com\/tourtravelandmore\/\",\"https:\/\/x.com\/TourTravel_More\"]}]}<\/script>\n<!-- \/ Yoast SEO Premium plugin. -->","yoast_head_json":{"title":"\u27a1\ufe0f Excursi\u00f3n privada a las cataratas del Rin desde Z\u00farich | TTM","description":"Excursi\u00f3n privada a las cataratas del Rin desde Z\u00farich. Disfrute de las Cataratas del Rin y conozca sus monumentos y paisajes emblem\u00e1ticos junto a su gu\u00eda \u2705","robots":{"index":"index","follow":"follow","max-snippet":"max-snippet:-1","max-image-preview":"max-image-preview:large","max-video-preview":"max-video-preview:-1"},"canonical":"https:\/\/tourtravelandmore.com\/es\/tours\/suiza-es\/zurich-es\/zurich-excursiones-es\/excursion-privada-a-las-cataratas-del-rin-desde-zurich\/","og_locale":"es_ES","og_type":"article","og_title":"Excursi\u00f3n privada a las cataratas del Rin desde Z\u00farich","og_description":"Excursi\u00f3n privada a las cataratas del Rin desde Z\u00farich. Disfrute de las Cataratas del Rin y conozca sus monumentos y paisajes emblem\u00e1ticos junto a su gu\u00eda \u2705","og_url":"https:\/\/tourtravelandmore.com\/es\/tours\/suiza-es\/zurich-es\/zurich-excursiones-es\/excursion-privada-a-las-cataratas-del-rin-desde-zurich\/","og_site_name":"Tour Travel And More","article_publisher":"https:\/\/www.facebook.com\/tourtravelandmore\/","article_modified_time":"2024-03-11T08:30:29+00:00","og_image":[{"width":1024,"height":683,"url":"https:\/\/tourtravelandmore.com\/wp-content\/uploads\/2023\/03\/pexels-james-wheeler-5689657-1024x683.jpg","type":"image\/jpeg"}],"twitter_card":"summary_large_image","twitter_site":"@TourTravel_More","twitter_misc":{"Tiempo de lectura":"3 minutos"},"schema":{"@context":"https:\/\/schema.org","@graph":[{"@type":"WebPage","@id":"https:\/\/tourtravelandmore.com\/es\/tours\/suiza-es\/zurich-es\/zurich-excursiones-es\/excursion-privada-a-las-cataratas-del-rin-desde-zurich\/","url":"https:\/\/tourtravelandmore.com\/es\/tours\/suiza-es\/zurich-es\/zurich-excursiones-es\/excursion-privada-a-las-cataratas-del-rin-desde-zurich\/","name":"\u27a1\ufe0f Excursi\u00f3n privada a las cataratas del Rin desde Z\u00farich | TTM","isPartOf":{"@id":"https:\/\/tourtravelandmore.com\/es\/#website"},"primaryImageOfPage":{"@id":"https:\/\/tourtravelandmore.com\/es\/tours\/suiza-es\/zurich-es\/zurich-excursiones-es\/excursion-privada-a-las-cataratas-del-rin-desde-zurich\/#primaryimage"},"image":{"@id":"https:\/\/tourtravelandmore.com\/es\/tours\/suiza-es\/zurich-es\/zurich-excursiones-es\/excursion-privada-a-las-cataratas-del-rin-desde-zurich\/#primaryimage"},"thumbnailUrl":"https:\/\/tourtravelandmore.com\/wp-content\/uploads\/2023\/03\/pexels-james-wheeler-5689657.jpg","datePublished":"2023-03-06T13:26:49+00:00","dateModified":"2024-03-11T08:30:29+00:00","description":"Excursi\u00f3n privada a las cataratas del Rin desde Z\u00farich. Disfrute de las Cataratas del Rin y conozca sus monumentos y paisajes emblem\u00e1ticos junto a su gu\u00eda \u2705","breadcrumb":{"@id":"https:\/\/tourtravelandmore.com\/es\/tours\/suiza-es\/zurich-es\/zurich-excursiones-es\/excursion-privada-a-las-cataratas-del-rin-desde-zurich\/#breadcrumb"},"inLanguage":"es","potentialAction":[{"@type":"ReadAction","target":["https:\/\/tourtravelandmore.com\/es\/tours\/suiza-es\/zurich-es\/zurich-excursiones-es\/excursion-privada-a-las-cataratas-del-rin-desde-zurich\/"]}]},{"@type":"ImageObject","inLanguage":"es","@id":"https:\/\/tourtravelandmore.com\/es\/tours\/suiza-es\/zurich-es\/zurich-excursiones-es\/excursion-privada-a-las-cataratas-del-rin-desde-zurich\/#primaryimage","url":"https:\/\/tourtravelandmore.com\/wp-content\/uploads\/2023\/03\/pexels-james-wheeler-5689657.jpg","contentUrl":"https:\/\/tourtravelandmore.com\/wp-content\/uploads\/2023\/03\/pexels-james-wheeler-5689657.jpg","width":7939,"height":5298},{"@type":"BreadcrumbList","@id":"https:\/\/tourtravelandmore.com\/es\/tours\/suiza-es\/zurich-es\/zurich-excursiones-es\/excursion-privada-a-las-cataratas-del-rin-desde-zurich\/#breadcrumb","itemListElement":[{"@type":"ListItem","position":1,"name":"Home","item":"https:\/\/tourtravelandmore.com\/es\/"},{"@type":"ListItem","position":2,"name":"Tours","item":"https:\/\/tourtravelandmore.com\/es\/tours\/"},{"@type":"ListItem","position":3,"name":"Excursi\u00f3n privada a las cataratas del Rin desde Z\u00farich"}]},{"@type":"WebSite","@id":"https:\/\/tourtravelandmore.com\/es\/#website","url":"https:\/\/tourtravelandmore.com\/es\/","name":"Tour Travel And More","description":"Private sightseeing tours and luxury transfers in Spain","publisher":{"@id":"https:\/\/tourtravelandmore.com\/es\/#organization"},"potentialAction":[{"@type":"SearchAction","target":{"@type":"EntryPoint","urlTemplate":"https:\/\/tourtravelandmore.com\/es\/?s={search_term_string}"},"query-input":{"@type":"PropertyValueSpecification","valueRequired":true,"valueName":"search_term_string"}}],"inLanguage":"es"},{"@type":"Organization","@id":"https:\/\/tourtravelandmore.com\/es\/#organization","name":"Tour Travel And More","url":"https:\/\/tourtravelandmore.com\/es\/","logo":{"@type":"ImageObject","inLanguage":"es","@id":"https:\/\/tourtravelandmore.com\/es\/#\/schema\/logo\/image\/","url":"https:\/\/tourtravelandmore.com\/wp-content\/uploads\/2022\/12\/cropped-logo-cabecera-new.png","contentUrl":"https:\/\/tourtravelandmore.com\/wp-content\/uploads\/2022\/12\/cropped-logo-cabecera-new.png","width":430,"height":61,"caption":"Tour Travel And More"},"image":{"@id":"https:\/\/tourtravelandmore.com\/es\/#\/schema\/logo\/image\/"},"sameAs":["https:\/\/www.facebook.com\/tourtravelandmore\/","https:\/\/x.com\/TourTravel_More"]}]}},"_links":{"self":[{"href":"https:\/\/tourtravelandmore.com\/es\/wp-json\/wp\/v2\/product\/155774","targetHints":{"allow":["GET"]}}],"collection":[{"href":"https:\/\/tourtravelandmore.com\/es\/wp-json\/wp\/v2\/product"}],"about":[{"href":"https:\/\/tourtravelandmore.com\/es\/wp-json\/wp\/v2\/types\/product"}],"replies":[{"embeddable":true,"href":"https:\/\/tourtravelandmore.com\/es\/wp-json\/wp\/v2\/comments?post=155774"}],"wp:featuredmedia":[{"embeddable":true,"href":"https:\/\/tourtravelandmore.com\/es\/wp-json\/wp\/v2\/media\/155817"}],"wp:attachment":[{"href":"https:\/\/tourtravelandmore.com\/es\/wp-json\/wp\/v2\/media?parent=155774"}],"wp:term":[{"taxonomy":"product_brand","embeddable":true,"href":"https:\/\/tourtravelandmore.com\/es\/wp-json\/wp\/v2\/product_brand?post=155774"},{"taxonomy":"product_cat","embeddable":true,"href":"https:\/\/tourtravelandmore.com\/es\/wp-json\/wp\/v2\/product_cat?post=155774"},{"taxonomy":"product_tag","embeddable":true,"href":"https:\/\/tourtravelandmore.com\/es\/wp-json\/wp\/v2\/product_tag?post=155774"}],"curies":[{"name":"wp","href":"https:\/\/api.w.org\/{rel}","templated":true}]}}