{"id":15526,"date":"2017-11-13T19:19:07","date_gmt":"2017-11-13T18:52:34","guid":{"rendered":"http:\/\/tourtravelandmore.com\/es\/?post_type=product&#038;p=15526"},"modified":"2023-09-29T13:06:16","modified_gmt":"2023-09-29T11:06:16","slug":"tour-privado-arrabida-sesimbra-y-setubal-desde-lisboa-8-horas","status":"publish","type":"product","link":"https:\/\/tourtravelandmore.com\/es\/tours\/portugal-es\/lisboa-es\/tour-privado-arrabida-sesimbra-y-setubal-desde-lisboa-8-horas\/","title":{"rendered":"Tour Privado a Arrabida, Sesimbra y Setubal"},"content":{"rendered":"<h2><b>Tour Privado a Arrabida, Sesimbra y Set\u00fabal Descripci\u00f3n<\/b><\/h2>\n<p><span style=\"font-weight: 400;\">Sum\u00e9rjase en la tranquila belleza de las joyas costeras de Portugal: Arrabida, Sesimbra y Set\u00fabal. Este viaje privado, dise\u00f1ado exclusivamente para viajeros exigentes como usted, despliega un paisaje sereno de maravillas naturales intactas, reliquias hist\u00f3ricas y ricos tapices culturales. Desde los encantadores terrenos del Parque Natural de Arrabida hasta el pintoresco pueblo pesquero de Sesimbra, cada rinc\u00f3n promete un nuevo descubrimiento. Mientras atraviesa estas tierras hist\u00f3ricas, su gu\u00eda personal le contar\u00e1 historias de \u00e9pocas pasadas, haciendo que el pasado cobre vida. Mientras tanto, el lujo de un veh\u00edculo exclusivo garantiza el m\u00e1ximo confort durante todo el viaje. Disfrute de esta experiencia sin parang\u00f3n, dise\u00f1ada a mano por Tour Travel and More, que va m\u00e1s all\u00e1 de la mera visita tur\u00edstica y le ofrece una inmersi\u00f3n profunda en el coraz\u00f3n y el alma de estos encantadores destinos.<\/span><\/p>\n<p><span style=\"font-weight: 400;\">En cada giro del viaje, quedar\u00e1 cautivado por los diversos ecosistemas, desde verdes colinas hasta serenas costas. La armoniosa mezcla de paisajes naturales y maravillas creadas por el hombre muestra la rica historia de la regi\u00f3n. Disfrute de la tranquilidad mientras recorre las vistas panor\u00e1micas, dejando que el ritmo del mar y el susurro de los \u00e1rboles centenarios calmen sus sentidos.<\/span><\/p>\n<h2><b>Lo m\u00e1s destacado de la excursi\u00f3n privada a Arrabida, Sesimbra y Set\u00fabal<\/b><\/h2>\n<h3><span style=\"font-weight: 400;\">D\u00e9jese cautivar por los aspectos m\u00e1s destacados de esta expedici\u00f3n:<\/span><\/h3>\n<ul>\n<li style=\"font-weight: 400;\" aria-level=\"1\"><b>Cabo de Espichel:<\/b><span style=\"font-weight: 400;\"> Experimente el poder indomable de la naturaleza donde las olas del Atl\u00e1ntico se encuentran con acantilados escarpados, esculpiendo un panorama impresionante.<\/span><\/li>\n<li style=\"font-weight: 400;\" aria-level=\"1\"><b>Patrimonio de Sesimbra:<\/b><span style=\"font-weight: 400;\"> Del\u00e9itese con la rica historia de la ciudad en el Castillo de los Moros, del siglo XII, y saboree la aut\u00e9ntica cultura mar\u00edtima en su bullicioso puerto.<\/span><\/li>\n<li style=\"font-weight: 400;\" aria-level=\"1\"><b>Euforia vin\u00edcola:<\/b><span style=\"font-weight: 400;\"> Deleite sus sentidos en la c\u00e9lebre bodega Jos\u00e9 Mar\u00eda Da Fonseca. Recorra sus pasillos hist\u00f3ricos, culminando con una tentadora cata de vinos c\u00e9lebres como el &#8220;Piriquita&#8221; y el &#8220;Moscatel de Set\u00fabal&#8221;.<\/span><\/li>\n<li style=\"font-weight: 400;\" aria-level=\"1\"><b>La belleza del Parque Natural de Arr\u00e1bida:<\/b><span style=\"font-weight: 400;\"> Marav\u00edllese con el tapiz de la naturaleza, donde los mares cer\u00faleos se mezclan a la perfecci\u00f3n con los inmaculados acantilados blancos. Mejore esta experiencia con una visita al Convento Nossa Senhora do Arr\u00e1bida, un sereno santuario en plena naturaleza.<\/span><\/li>\n<li style=\"font-weight: 400;\" aria-level=\"1\"><b>El legado de Set\u00fabal:<\/b><span style=\"font-weight: 400;\"> Explore el estrat\u00e9gico Fuerte de Sao Filipe, una maravilla arquitect\u00f3nica del siglo XIV que anta\u00f1o proteg\u00eda el preciado puerto de Set\u00fabal.<\/span><\/li>\n<\/ul>\n<h3><span style=\"font-weight: 400;\">Lugares de inter\u00e9s populares en Sintra<\/span><\/h3>\n<p><span style=\"font-weight: 400;\">Sintra, una ciudad milenaria grabada en el tiempo, atrae con su grandeza palaciega y su belleza natural. He aqu\u00ed por qu\u00e9 sigue siendo un im\u00e1n tur\u00edstico:<\/span><\/p>\n<ul>\n<li style=\"font-weight: 400;\" aria-level=\"1\"><b>Palacio da Pena:<\/b><span style=\"font-weight: 400;\"> Obra maestra de la arquitectura, sus fachadas vibrantes y su dise\u00f1o ecl\u00e9ctico hablan de un pasado glorioso.<\/span><\/li>\n<li style=\"font-weight: 400;\" aria-level=\"1\"><b>Quinta da Regaleira:<\/b><span style=\"font-weight: 400;\"> Ad\u00e9ntrese en el misterioso mundo de los pasadizos subterr\u00e1neos, las grutas y el legendario Pozo de la Iniciaci\u00f3n.<\/span><\/li>\n<li style=\"font-weight: 400;\" aria-level=\"1\"><b>Cabo da Roca:<\/b><span style=\"font-weight: 400;\"> Es el punto m\u00e1s occidental de Europa, donde termina la tierra y comienza el vasto Atl\u00e1ntico.<\/span><\/li>\n<li style=\"font-weight: 400;\" aria-level=\"1\"><b>Castillo de los Moros:<\/b><span style=\"font-weight: 400;\"> Centinela de Sintra, sus antiguas murallas y torres susurran historias de reinados \u00e1rabes y batallas de la Reconquista.<\/span><\/li>\n<li style=\"font-weight: 400;\" aria-level=\"1\"><b>Palacio Nacional:<\/b><span style=\"font-weight: 400;\"> Sus emblem\u00e1ticas chimeneas gemelas y su mezcla \u00fanica de estilos arquitect\u00f3nicos lo convierten en un testimonio de la rica historia de Portugal.<\/span><\/li>\n<\/ul>\n<p><span style=\"font-weight: 400;\">\u00bfLe interesa explorar m\u00e1s tesoros de Portugal? Tour Travel and More se enorgullece de ofrecer una gran variedad de visitas privadas a Lisboa, cada una de ellas dise\u00f1ada para ofrecer experiencias \u00fanicas. <\/span><a href=\"https:\/\/tourtravelandmore.com\/es\/ciudad\/portugal-es\/lisboa-es\/\"><span style=\"font-weight: 400;\">Sum\u00e9rjase en el encanto de Lisboa con nuestros tours seleccionados por expertos.<\/span><\/a><span style=\"font-weight: 400;\"> Explore ahora en Tour Travel and More.<\/span><\/p>\n","protected":false},"excerpt":{"rendered":"<p><span style=\"font-weight: 400;\">Profundice en los cautivadores paisajes de Arrabida, Sesimbra y Set\u00fabal con un lujoso tour privado, meticulosamente curado para ofrecer una experiencia portuguesa sin igual.<\/span><\/p>\n","protected":false},"featured_media":15505,"comment_status":"open","ping_status":"closed","template":"","meta":{"_acf_changed":false},"product_brand":[],"product_cat":[625,628,630,629],"product_tag":[],"class_list":{"0":"post-15526","1":"product","2":"type-product","3":"status-publish","4":"has-post-thumbnail","6":"product_cat-lisboa-es","7":"product_cat-lisboa-actividades-es","8":"product_cat-lisboa-rutas-turisticas-privadas-es","9":"product_cat-lisboa-excursiones-es","11":"first","12":"instock","13":"shipping-taxable","14":"purchasable","15":"product-type-simple"},"acf":[],"yoast_head":"<!-- This site is optimized with the Yoast SEO Premium plugin v25.3.1 (Yoast SEO v25.3.1) - https:\/\/yoast.com\/wordpress\/plugins\/seo\/ -->\n<title>\u27a1\ufe0f Tour Privado: Descubra los encantos de Arrabida, Sesimbra y Set\u00fabal<\/title>\n<meta name=\"description\" content=\"Explore las joyas costeras de Portugal con nuestro lujoso tour privado, desde la hist\u00f3rica Sesimbra hasta la belleza de Arrabida y el encanto de Set\u00fabal \u2705.\" \/>\n<meta name=\"robots\" content=\"index, follow, max-snippet:-1, max-image-preview:large, max-video-preview:-1\" \/>\n<link rel=\"canonical\" href=\"https:\/\/tourtravelandmore.com\/es\/tours\/portugal-es\/lisboa-es\/tour-privado-arrabida-sesimbra-y-setubal-desde-lisboa-8-horas\/\" \/>\n<meta property=\"og:locale\" content=\"es_ES\" \/>\n<meta property=\"og:type\" content=\"article\" \/>\n<meta property=\"og:title\" content=\"Tour Privado a Arrabida, Sesimbra y Setubal\" \/>\n<meta property=\"og:description\" content=\"Explore las joyas costeras de Portugal con nuestro lujoso tour privado, desde la hist\u00f3rica Sesimbra hasta la belleza de Arrabida y el encanto de Set\u00fabal \u2705.\" \/>\n<meta property=\"og:url\" content=\"https:\/\/tourtravelandmore.com\/es\/tours\/portugal-es\/lisboa-es\/tour-privado-arrabida-sesimbra-y-setubal-desde-lisboa-8-horas\/\" \/>\n<meta property=\"og:site_name\" content=\"Tour Travel And More\" \/>\n<meta property=\"article:publisher\" content=\"https:\/\/www.facebook.com\/tourtravelandmore\/\" \/>\n<meta property=\"article:modified_time\" content=\"2023-09-29T11:06:16+00:00\" \/>\n<meta property=\"og:image\" content=\"https:\/\/tourtravelandmore.com\/wp-content\/uploads\/2017\/11\/Portinho-da-Arr\u00e1bida-02.jpg\" \/>\n\t<meta property=\"og:image:width\" content=\"1280\" \/>\n\t<meta property=\"og:image:height\" content=\"800\" \/>\n\t<meta property=\"og:image:type\" content=\"image\/jpeg\" \/>\n<meta name=\"twitter:card\" content=\"summary_large_image\" \/>\n<meta name=\"twitter:site\" content=\"@TourTravel_More\" \/>\n<meta name=\"twitter:label1\" content=\"Tiempo de lectura\" \/>\n\t<meta name=\"twitter:data1\" content=\"3 minutos\" \/>\n<script type=\"application\/ld+json\" class=\"yoast-schema-graph\">{\"@context\":\"https:\/\/schema.org\",\"@graph\":[{\"@type\":\"WebPage\",\"@id\":\"https:\/\/tourtravelandmore.com\/es\/tours\/portugal-es\/lisboa-es\/tour-privado-arrabida-sesimbra-y-setubal-desde-lisboa-8-horas\/\",\"url\":\"https:\/\/tourtravelandmore.com\/es\/tours\/portugal-es\/lisboa-es\/tour-privado-arrabida-sesimbra-y-setubal-desde-lisboa-8-horas\/\",\"name\":\"\u27a1\ufe0f Tour Privado: Descubra los encantos de Arrabida, Sesimbra y Set\u00fabal\",\"isPartOf\":{\"@id\":\"https:\/\/tourtravelandmore.com\/es\/#website\"},\"primaryImageOfPage\":{\"@id\":\"https:\/\/tourtravelandmore.com\/es\/tours\/portugal-es\/lisboa-es\/tour-privado-arrabida-sesimbra-y-setubal-desde-lisboa-8-horas\/#primaryimage\"},\"image\":{\"@id\":\"https:\/\/tourtravelandmore.com\/es\/tours\/portugal-es\/lisboa-es\/tour-privado-arrabida-sesimbra-y-setubal-desde-lisboa-8-horas\/#primaryimage\"},\"thumbnailUrl\":\"https:\/\/tourtravelandmore.com\/wp-content\/uploads\/2017\/11\/Portinho-da-Arr\u00e1bida-02.jpg\",\"datePublished\":\"2017-11-13T18:52:34+00:00\",\"dateModified\":\"2023-09-29T11:06:16+00:00\",\"description\":\"Explore las joyas costeras de Portugal con nuestro lujoso tour privado, desde la hist\u00f3rica Sesimbra hasta la belleza de Arrabida y el encanto de Set\u00fabal \u2705.\",\"breadcrumb\":{\"@id\":\"https:\/\/tourtravelandmore.com\/es\/tours\/portugal-es\/lisboa-es\/tour-privado-arrabida-sesimbra-y-setubal-desde-lisboa-8-horas\/#breadcrumb\"},\"inLanguage\":\"es\",\"potentialAction\":[{\"@type\":\"ReadAction\",\"target\":[\"https:\/\/tourtravelandmore.com\/es\/tours\/portugal-es\/lisboa-es\/tour-privado-arrabida-sesimbra-y-setubal-desde-lisboa-8-horas\/\"]}]},{\"@type\":\"ImageObject\",\"inLanguage\":\"es\",\"@id\":\"https:\/\/tourtravelandmore.com\/es\/tours\/portugal-es\/lisboa-es\/tour-privado-arrabida-sesimbra-y-setubal-desde-lisboa-8-horas\/#primaryimage\",\"url\":\"https:\/\/tourtravelandmore.com\/wp-content\/uploads\/2017\/11\/Portinho-da-Arr\u00e1bida-02.jpg\",\"contentUrl\":\"https:\/\/tourtravelandmore.com\/wp-content\/uploads\/2017\/11\/Portinho-da-Arr\u00e1bida-02.jpg\",\"width\":1280,\"height\":800},{\"@type\":\"BreadcrumbList\",\"@id\":\"https:\/\/tourtravelandmore.com\/es\/tours\/portugal-es\/lisboa-es\/tour-privado-arrabida-sesimbra-y-setubal-desde-lisboa-8-horas\/#breadcrumb\",\"itemListElement\":[{\"@type\":\"ListItem\",\"position\":1,\"name\":\"Home\",\"item\":\"https:\/\/tourtravelandmore.com\/es\/\"},{\"@type\":\"ListItem\",\"position\":2,\"name\":\"Tours\",\"item\":\"https:\/\/tourtravelandmore.com\/es\/tours\/\"},{\"@type\":\"ListItem\",\"position\":3,\"name\":\"Tour Privado a Arrabida, Sesimbra y Setubal\"}]},{\"@type\":\"WebSite\",\"@id\":\"https:\/\/tourtravelandmore.com\/es\/#website\",\"url\":\"https:\/\/tourtravelandmore.com\/es\/\",\"name\":\"Tour Travel And More\",\"description\":\"Private sightseeing tours and luxury transfers in Spain\",\"publisher\":{\"@id\":\"https:\/\/tourtravelandmore.com\/es\/#organization\"},\"potentialAction\":[{\"@type\":\"SearchAction\",\"target\":{\"@type\":\"EntryPoint\",\"urlTemplate\":\"https:\/\/tourtravelandmore.com\/es\/?s={search_term_string}\"},\"query-input\":{\"@type\":\"PropertyValueSpecification\",\"valueRequired\":true,\"valueName\":\"search_term_string\"}}],\"inLanguage\":\"es\"},{\"@type\":\"Organization\",\"@id\":\"https:\/\/tourtravelandmore.com\/es\/#organization\",\"name\":\"Tour Travel And More\",\"url\":\"https:\/\/tourtravelandmore.com\/es\/\",\"logo\":{\"@type\":\"ImageObject\",\"inLanguage\":\"es\",\"@id\":\"https:\/\/tourtravelandmore.com\/es\/#\/schema\/logo\/image\/\",\"url\":\"https:\/\/tourtravelandmore.com\/wp-content\/uploads\/2022\/12\/cropped-logo-cabecera-new.png\",\"contentUrl\":\"https:\/\/tourtravelandmore.com\/wp-content\/uploads\/2022\/12\/cropped-logo-cabecera-new.png\",\"width\":430,\"height\":61,\"caption\":\"Tour Travel And More\"},\"image\":{\"@id\":\"https:\/\/tourtravelandmore.com\/es\/#\/schema\/logo\/image\/\"},\"sameAs\":[\"https:\/\/www.facebook.com\/tourtravelandmore\/\",\"https:\/\/x.com\/TourTravel_More\"]}]}<\/script>\n<!-- \/ Yoast SEO Premium plugin. -->","yoast_head_json":{"title":"\u27a1\ufe0f Tour Privado: Descubra los encantos de Arrabida, Sesimbra y Set\u00fabal","description":"Explore las joyas costeras de Portugal con nuestro lujoso tour privado, desde la hist\u00f3rica Sesimbra hasta la belleza de Arrabida y el encanto de Set\u00fabal \u2705.","robots":{"index":"index","follow":"follow","max-snippet":"max-snippet:-1","max-image-preview":"max-image-preview:large","max-video-preview":"max-video-preview:-1"},"canonical":"https:\/\/tourtravelandmore.com\/es\/tours\/portugal-es\/lisboa-es\/tour-privado-arrabida-sesimbra-y-setubal-desde-lisboa-8-horas\/","og_locale":"es_ES","og_type":"article","og_title":"Tour Privado a Arrabida, Sesimbra y Setubal","og_description":"Explore las joyas costeras de Portugal con nuestro lujoso tour privado, desde la hist\u00f3rica Sesimbra hasta la belleza de Arrabida y el encanto de Set\u00fabal \u2705.","og_url":"https:\/\/tourtravelandmore.com\/es\/tours\/portugal-es\/lisboa-es\/tour-privado-arrabida-sesimbra-y-setubal-desde-lisboa-8-horas\/","og_site_name":"Tour Travel And More","article_publisher":"https:\/\/www.facebook.com\/tourtravelandmore\/","article_modified_time":"2023-09-29T11:06:16+00:00","og_image":[{"width":1280,"height":800,"url":"https:\/\/tourtravelandmore.com\/wp-content\/uploads\/2017\/11\/Portinho-da-Arr\u00e1bida-02.jpg","type":"image\/jpeg"}],"twitter_card":"summary_large_image","twitter_site":"@TourTravel_More","twitter_misc":{"Tiempo de lectura":"3 minutos"},"schema":{"@context":"https:\/\/schema.org","@graph":[{"@type":"WebPage","@id":"https:\/\/tourtravelandmore.com\/es\/tours\/portugal-es\/lisboa-es\/tour-privado-arrabida-sesimbra-y-setubal-desde-lisboa-8-horas\/","url":"https:\/\/tourtravelandmore.com\/es\/tours\/portugal-es\/lisboa-es\/tour-privado-arrabida-sesimbra-y-setubal-desde-lisboa-8-horas\/","name":"\u27a1\ufe0f Tour Privado: Descubra los encantos de Arrabida, Sesimbra y Set\u00fabal","isPartOf":{"@id":"https:\/\/tourtravelandmore.com\/es\/#website"},"primaryImageOfPage":{"@id":"https:\/\/tourtravelandmore.com\/es\/tours\/portugal-es\/lisboa-es\/tour-privado-arrabida-sesimbra-y-setubal-desde-lisboa-8-horas\/#primaryimage"},"image":{"@id":"https:\/\/tourtravelandmore.com\/es\/tours\/portugal-es\/lisboa-es\/tour-privado-arrabida-sesimbra-y-setubal-desde-lisboa-8-horas\/#primaryimage"},"thumbnailUrl":"https:\/\/tourtravelandmore.com\/wp-content\/uploads\/2017\/11\/Portinho-da-Arr\u00e1bida-02.jpg","datePublished":"2017-11-13T18:52:34+00:00","dateModified":"2023-09-29T11:06:16+00:00","description":"Explore las joyas costeras de Portugal con nuestro lujoso tour privado, desde la hist\u00f3rica Sesimbra hasta la belleza de Arrabida y el encanto de Set\u00fabal \u2705.","breadcrumb":{"@id":"https:\/\/tourtravelandmore.com\/es\/tours\/portugal-es\/lisboa-es\/tour-privado-arrabida-sesimbra-y-setubal-desde-lisboa-8-horas\/#breadcrumb"},"inLanguage":"es","potentialAction":[{"@type":"ReadAction","target":["https:\/\/tourtravelandmore.com\/es\/tours\/portugal-es\/lisboa-es\/tour-privado-arrabida-sesimbra-y-setubal-desde-lisboa-8-horas\/"]}]},{"@type":"ImageObject","inLanguage":"es","@id":"https:\/\/tourtravelandmore.com\/es\/tours\/portugal-es\/lisboa-es\/tour-privado-arrabida-sesimbra-y-setubal-desde-lisboa-8-horas\/#primaryimage","url":"https:\/\/tourtravelandmore.com\/wp-content\/uploads\/2017\/11\/Portinho-da-Arr\u00e1bida-02.jpg","contentUrl":"https:\/\/tourtravelandmore.com\/wp-content\/uploads\/2017\/11\/Portinho-da-Arr\u00e1bida-02.jpg","width":1280,"height":800},{"@type":"BreadcrumbList","@id":"https:\/\/tourtravelandmore.com\/es\/tours\/portugal-es\/lisboa-es\/tour-privado-arrabida-sesimbra-y-setubal-desde-lisboa-8-horas\/#breadcrumb","itemListElement":[{"@type":"ListItem","position":1,"name":"Home","item":"https:\/\/tourtravelandmore.com\/es\/"},{"@type":"ListItem","position":2,"name":"Tours","item":"https:\/\/tourtravelandmore.com\/es\/tours\/"},{"@type":"ListItem","position":3,"name":"Tour Privado a Arrabida, Sesimbra y Setubal"}]},{"@type":"WebSite","@id":"https:\/\/tourtravelandmore.com\/es\/#website","url":"https:\/\/tourtravelandmore.com\/es\/","name":"Tour Travel And More","description":"Private sightseeing tours and luxury transfers in Spain","publisher":{"@id":"https:\/\/tourtravelandmore.com\/es\/#organization"},"potentialAction":[{"@type":"SearchAction","target":{"@type":"EntryPoint","urlTemplate":"https:\/\/tourtravelandmore.com\/es\/?s={search_term_string}"},"query-input":{"@type":"PropertyValueSpecification","valueRequired":true,"valueName":"search_term_string"}}],"inLanguage":"es"},{"@type":"Organization","@id":"https:\/\/tourtravelandmore.com\/es\/#organization","name":"Tour Travel And More","url":"https:\/\/tourtravelandmore.com\/es\/","logo":{"@type":"ImageObject","inLanguage":"es","@id":"https:\/\/tourtravelandmore.com\/es\/#\/schema\/logo\/image\/","url":"https:\/\/tourtravelandmore.com\/wp-content\/uploads\/2022\/12\/cropped-logo-cabecera-new.png","contentUrl":"https:\/\/tourtravelandmore.com\/wp-content\/uploads\/2022\/12\/cropped-logo-cabecera-new.png","width":430,"height":61,"caption":"Tour Travel And More"},"image":{"@id":"https:\/\/tourtravelandmore.com\/es\/#\/schema\/logo\/image\/"},"sameAs":["https:\/\/www.facebook.com\/tourtravelandmore\/","https:\/\/x.com\/TourTravel_More"]}]}},"_links":{"self":[{"href":"https:\/\/tourtravelandmore.com\/es\/wp-json\/wp\/v2\/product\/15526","targetHints":{"allow":["GET"]}}],"collection":[{"href":"https:\/\/tourtravelandmore.com\/es\/wp-json\/wp\/v2\/product"}],"about":[{"href":"https:\/\/tourtravelandmore.com\/es\/wp-json\/wp\/v2\/types\/product"}],"replies":[{"embeddable":true,"href":"https:\/\/tourtravelandmore.com\/es\/wp-json\/wp\/v2\/comments?post=15526"}],"wp:featuredmedia":[{"embeddable":true,"href":"https:\/\/tourtravelandmore.com\/es\/wp-json\/wp\/v2\/media\/15505"}],"wp:attachment":[{"href":"https:\/\/tourtravelandmore.com\/es\/wp-json\/wp\/v2\/media?parent=15526"}],"wp:term":[{"taxonomy":"product_brand","embeddable":true,"href":"https:\/\/tourtravelandmore.com\/es\/wp-json\/wp\/v2\/product_brand?post=15526"},{"taxonomy":"product_cat","embeddable":true,"href":"https:\/\/tourtravelandmore.com\/es\/wp-json\/wp\/v2\/product_cat?post=15526"},{"taxonomy":"product_tag","embeddable":true,"href":"https:\/\/tourtravelandmore.com\/es\/wp-json\/wp\/v2\/product_tag?post=15526"}],"curies":[{"name":"wp","href":"https:\/\/api.w.org\/{rel}","templated":true}]}}