{"id":155125,"date":"2023-02-28T21:06:27","date_gmt":"2023-02-28T20:06:28","guid":{"rendered":"https:\/\/tourtravelandmore.com\/?post_type=product&#038;p=155125"},"modified":"2024-08-06T17:59:03","modified_gmt":"2024-08-06T15:59:03","slug":"traslado-privado-de-1-dia-ida-y-vuelto-a-disney","status":"publish","type":"product","link":"https:\/\/tourtravelandmore.com\/es\/tours\/francia\/paris-es\/traslado-privado-de-1-dia-ida-y-vuelto-a-disney\/","title":{"rendered":"Traslado privado de 1 dia Ida y vuelto a Disney"},"content":{"rendered":"<h2><strong>Descripci\u00f3n del Traslado privado de 1 dia Ida y vuelto a Disney<\/strong><\/h2>\n<p>Disfrute de una experiencia sin preocupaciones en un <strong>veh\u00edculo privado de lujo<\/strong> con nuestros <strong>traslados privados en Paris<\/strong>. Cont\u00e1ctenos para una experiencia privada a medida. Viajar\u00e1 a <strong>Disney<\/strong> por la ma\u00f1ana temprano y regresar\u00e1 a <strong>Par\u00eds<\/strong> por la noche. Disfrute de este <strong>traslado privado de ida y vuelta a Disney desde Par\u00eds.<\/strong><\/p>\n<p>Ofrecemos <strong>todo tipo de traslados<\/strong> desde\/hacia Par\u00eds. Coordinamos traslados privados desde y hacia todos los aeropuertos o estaciones de tren en Par\u00eds. Ofrecemos as\u00ed mismo traslados a otras ciudades de Francia, c\u00f3mo as\u00ed tambi\u00e9n disposici\u00f3n de veh\u00edculo privado con chofer en la ciudad de la luz.<\/p>\n<p>En caso de reservar un traslado de arribo, nuestros choferes le estar\u00e1n esperando en la terminal de arribos con un cartel a su nombre. Durante los arribos nuestros choferes monitor\u00e9an el horario de aterrizaje del vuelo, por lo que tendr\u00e1 que preocuparse en caso de demoras en su vuelo.<\/p>\n<h2><strong>Puntos de inter\u00e9s\u00a0<\/strong><\/h2>\n<p><strong>Disneyland Par\u00eds,<\/strong> anteriormente Disneyland Resort Paris, es un complejo tur\u00edstico y recreativo de <strong>22,3<\/strong> km\u00b2 situado en Marne-la-Vall\u00e9e, una aglomeraci\u00f3n de municipios del departamento de Seine-et-Marne, al este de <strong>Par\u00eds, Francia.<\/strong><\/p>\n<p>Durante nuestros <em>traslados privados en Par\u00eds<\/em> no limitamos la cantidad de equipaje. Pero solicitamos saber con antelaci\u00f3n en caso de que lleve un exceso de equipaje para, en ese caso, coordinar el veh\u00edculo correspondiente. Todos nuestros traslados son llevados a cabo en veh\u00edculos privados de lujo.<\/p>\n<p>En caso de necesitar un asiento para beb\u00e9 o ni\u00f1o, p\u00f3ngase en contacto con nosotros antes de su vuelo o viaje en tren para organizarlo con anterioridad.<\/p>\n","protected":false},"excerpt":{"rendered":"<p>Disfrute de una experiencia sin preocupaciones en un <strong>veh\u00edculo privado de lujo<\/strong> con nuestros <strong>traslados privados en Paris<\/strong>. Cont\u00e1ctenos para una experiencia privada a medida. Viajar\u00e1 a <strong>Disney<\/strong> por la ma\u00f1ana temprano y regresar\u00e1 a <strong>Par\u00eds<\/strong> por la noche. Disfrute de este <strong>traslado privado de ida y vuelta a Disney desde Par\u00eds.<\/strong><\/p>\n","protected":false},"featured_media":155141,"comment_status":"open","ping_status":"closed","template":"","meta":{"_acf_changed":false},"product_brand":[],"product_cat":[834,849,853],"product_tag":[],"class_list":{"0":"post-155125","1":"product","2":"type-product","3":"status-publish","4":"has-post-thumbnail","6":"product_cat-paris-es","7":"product_cat-paris-actividades-es","8":"product_cat-paris-traslados-es","10":"first","11":"instock","12":"shipping-taxable","13":"purchasable","14":"product-type-simple"},"acf":[],"yoast_head":"<!-- This site is optimized with the Yoast SEO Premium plugin v25.3.1 (Yoast SEO v25.3.1) - https:\/\/yoast.com\/wordpress\/plugins\/seo\/ -->\n<title>\u27a1\ufe0f Traslado privado de 1 dia Ida y vuelto a Disney en veh\u00edculos de lujo \u2705<\/title>\n<meta name=\"description\" content=\"Traslado privado de 1 dia Ida y vuelto a Disney en veh\u00edculo privado de lujo. Traslado privado Paris en coche, van o minibus \u2705\" \/>\n<meta name=\"robots\" content=\"index, follow, max-snippet:-1, max-image-preview:large, max-video-preview:-1\" \/>\n<link rel=\"canonical\" href=\"https:\/\/tourtravelandmore.com\/es\/tours\/francia\/paris-es\/traslado-privado-de-1-dia-ida-y-vuelto-a-disney\/\" \/>\n<meta property=\"og:locale\" content=\"es_ES\" \/>\n<meta property=\"og:type\" content=\"article\" \/>\n<meta property=\"og:title\" content=\"Traslado privado de 1 dia Ida y vuelto a Disney\" \/>\n<meta property=\"og:description\" content=\"Traslado privado de 1 dia Ida y vuelto a Disney en veh\u00edculo privado de lujo. Traslado privado Paris en coche, van o minibus \u2705\" \/>\n<meta property=\"og:url\" content=\"https:\/\/tourtravelandmore.com\/es\/tours\/francia\/paris-es\/traslado-privado-de-1-dia-ida-y-vuelto-a-disney\/\" \/>\n<meta property=\"og:site_name\" content=\"Tour Travel And More\" \/>\n<meta property=\"article:publisher\" content=\"https:\/\/www.facebook.com\/tourtravelandmore\/\" \/>\n<meta property=\"article:modified_time\" content=\"2024-08-06T15:59:03+00:00\" \/>\n<meta property=\"og:image\" content=\"https:\/\/tourtravelandmore.com\/wp-content\/uploads\/2023\/02\/eurodisneyjpg.png\" \/>\n\t<meta property=\"og:image:width\" content=\"1200\" \/>\n\t<meta property=\"og:image:height\" content=\"675\" \/>\n\t<meta property=\"og:image:type\" content=\"image\/png\" \/>\n<meta name=\"twitter:card\" content=\"summary_large_image\" \/>\n<meta name=\"twitter:site\" content=\"@TourTravel_More\" \/>\n<meta name=\"twitter:label1\" content=\"Tiempo de lectura\" \/>\n\t<meta name=\"twitter:data1\" content=\"1 minuto\" \/>\n<script type=\"application\/ld+json\" class=\"yoast-schema-graph\">{\"@context\":\"https:\/\/schema.org\",\"@graph\":[{\"@type\":\"WebPage\",\"@id\":\"https:\/\/tourtravelandmore.com\/es\/tours\/francia\/paris-es\/traslado-privado-de-1-dia-ida-y-vuelto-a-disney\/\",\"url\":\"https:\/\/tourtravelandmore.com\/es\/tours\/francia\/paris-es\/traslado-privado-de-1-dia-ida-y-vuelto-a-disney\/\",\"name\":\"\u27a1\ufe0f Traslado privado de 1 dia Ida y vuelto a Disney en veh\u00edculos de lujo \u2705\",\"isPartOf\":{\"@id\":\"https:\/\/tourtravelandmore.com\/es\/#website\"},\"primaryImageOfPage\":{\"@id\":\"https:\/\/tourtravelandmore.com\/es\/tours\/francia\/paris-es\/traslado-privado-de-1-dia-ida-y-vuelto-a-disney\/#primaryimage\"},\"image\":{\"@id\":\"https:\/\/tourtravelandmore.com\/es\/tours\/francia\/paris-es\/traslado-privado-de-1-dia-ida-y-vuelto-a-disney\/#primaryimage\"},\"thumbnailUrl\":\"https:\/\/tourtravelandmore.com\/wp-content\/uploads\/2023\/02\/eurodisneyjpg.png\",\"datePublished\":\"2023-02-28T20:06:28+00:00\",\"dateModified\":\"2024-08-06T15:59:03+00:00\",\"description\":\"Traslado privado de 1 dia Ida y vuelto a Disney en veh\u00edculo privado de lujo. Traslado privado Paris en coche, van o minibus \u2705\",\"breadcrumb\":{\"@id\":\"https:\/\/tourtravelandmore.com\/es\/tours\/francia\/paris-es\/traslado-privado-de-1-dia-ida-y-vuelto-a-disney\/#breadcrumb\"},\"inLanguage\":\"es\",\"potentialAction\":[{\"@type\":\"ReadAction\",\"target\":[\"https:\/\/tourtravelandmore.com\/es\/tours\/francia\/paris-es\/traslado-privado-de-1-dia-ida-y-vuelto-a-disney\/\"]}]},{\"@type\":\"ImageObject\",\"inLanguage\":\"es\",\"@id\":\"https:\/\/tourtravelandmore.com\/es\/tours\/francia\/paris-es\/traslado-privado-de-1-dia-ida-y-vuelto-a-disney\/#primaryimage\",\"url\":\"https:\/\/tourtravelandmore.com\/wp-content\/uploads\/2023\/02\/eurodisneyjpg.png\",\"contentUrl\":\"https:\/\/tourtravelandmore.com\/wp-content\/uploads\/2023\/02\/eurodisneyjpg.png\",\"width\":1200,\"height\":675},{\"@type\":\"BreadcrumbList\",\"@id\":\"https:\/\/tourtravelandmore.com\/es\/tours\/francia\/paris-es\/traslado-privado-de-1-dia-ida-y-vuelto-a-disney\/#breadcrumb\",\"itemListElement\":[{\"@type\":\"ListItem\",\"position\":1,\"name\":\"Home\",\"item\":\"https:\/\/tourtravelandmore.com\/es\/\"},{\"@type\":\"ListItem\",\"position\":2,\"name\":\"Tours\",\"item\":\"https:\/\/tourtravelandmore.com\/es\/tours\/\"},{\"@type\":\"ListItem\",\"position\":3,\"name\":\"Traslado privado de 1 dia Ida y vuelto a Disney\"}]},{\"@type\":\"WebSite\",\"@id\":\"https:\/\/tourtravelandmore.com\/es\/#website\",\"url\":\"https:\/\/tourtravelandmore.com\/es\/\",\"name\":\"Tour Travel And More\",\"description\":\"Private sightseeing tours and luxury transfers in Spain\",\"publisher\":{\"@id\":\"https:\/\/tourtravelandmore.com\/es\/#organization\"},\"potentialAction\":[{\"@type\":\"SearchAction\",\"target\":{\"@type\":\"EntryPoint\",\"urlTemplate\":\"https:\/\/tourtravelandmore.com\/es\/?s={search_term_string}\"},\"query-input\":{\"@type\":\"PropertyValueSpecification\",\"valueRequired\":true,\"valueName\":\"search_term_string\"}}],\"inLanguage\":\"es\"},{\"@type\":\"Organization\",\"@id\":\"https:\/\/tourtravelandmore.com\/es\/#organization\",\"name\":\"Tour Travel And More\",\"url\":\"https:\/\/tourtravelandmore.com\/es\/\",\"logo\":{\"@type\":\"ImageObject\",\"inLanguage\":\"es\",\"@id\":\"https:\/\/tourtravelandmore.com\/es\/#\/schema\/logo\/image\/\",\"url\":\"https:\/\/tourtravelandmore.com\/wp-content\/uploads\/2022\/12\/cropped-logo-cabecera-new.png\",\"contentUrl\":\"https:\/\/tourtravelandmore.com\/wp-content\/uploads\/2022\/12\/cropped-logo-cabecera-new.png\",\"width\":430,\"height\":61,\"caption\":\"Tour Travel And More\"},\"image\":{\"@id\":\"https:\/\/tourtravelandmore.com\/es\/#\/schema\/logo\/image\/\"},\"sameAs\":[\"https:\/\/www.facebook.com\/tourtravelandmore\/\",\"https:\/\/x.com\/TourTravel_More\"]}]}<\/script>\n<!-- \/ Yoast SEO Premium plugin. -->","yoast_head_json":{"title":"\u27a1\ufe0f Traslado privado de 1 dia Ida y vuelto a Disney en veh\u00edculos de lujo \u2705","description":"Traslado privado de 1 dia Ida y vuelto a Disney en veh\u00edculo privado de lujo. Traslado privado Paris en coche, van o minibus \u2705","robots":{"index":"index","follow":"follow","max-snippet":"max-snippet:-1","max-image-preview":"max-image-preview:large","max-video-preview":"max-video-preview:-1"},"canonical":"https:\/\/tourtravelandmore.com\/es\/tours\/francia\/paris-es\/traslado-privado-de-1-dia-ida-y-vuelto-a-disney\/","og_locale":"es_ES","og_type":"article","og_title":"Traslado privado de 1 dia Ida y vuelto a Disney","og_description":"Traslado privado de 1 dia Ida y vuelto a Disney en veh\u00edculo privado de lujo. Traslado privado Paris en coche, van o minibus \u2705","og_url":"https:\/\/tourtravelandmore.com\/es\/tours\/francia\/paris-es\/traslado-privado-de-1-dia-ida-y-vuelto-a-disney\/","og_site_name":"Tour Travel And More","article_publisher":"https:\/\/www.facebook.com\/tourtravelandmore\/","article_modified_time":"2024-08-06T15:59:03+00:00","og_image":[{"width":1200,"height":675,"url":"https:\/\/tourtravelandmore.com\/wp-content\/uploads\/2023\/02\/eurodisneyjpg.png","type":"image\/png"}],"twitter_card":"summary_large_image","twitter_site":"@TourTravel_More","twitter_misc":{"Tiempo de lectura":"1 minuto"},"schema":{"@context":"https:\/\/schema.org","@graph":[{"@type":"WebPage","@id":"https:\/\/tourtravelandmore.com\/es\/tours\/francia\/paris-es\/traslado-privado-de-1-dia-ida-y-vuelto-a-disney\/","url":"https:\/\/tourtravelandmore.com\/es\/tours\/francia\/paris-es\/traslado-privado-de-1-dia-ida-y-vuelto-a-disney\/","name":"\u27a1\ufe0f Traslado privado de 1 dia Ida y vuelto a Disney en veh\u00edculos de lujo \u2705","isPartOf":{"@id":"https:\/\/tourtravelandmore.com\/es\/#website"},"primaryImageOfPage":{"@id":"https:\/\/tourtravelandmore.com\/es\/tours\/francia\/paris-es\/traslado-privado-de-1-dia-ida-y-vuelto-a-disney\/#primaryimage"},"image":{"@id":"https:\/\/tourtravelandmore.com\/es\/tours\/francia\/paris-es\/traslado-privado-de-1-dia-ida-y-vuelto-a-disney\/#primaryimage"},"thumbnailUrl":"https:\/\/tourtravelandmore.com\/wp-content\/uploads\/2023\/02\/eurodisneyjpg.png","datePublished":"2023-02-28T20:06:28+00:00","dateModified":"2024-08-06T15:59:03+00:00","description":"Traslado privado de 1 dia Ida y vuelto a Disney en veh\u00edculo privado de lujo. Traslado privado Paris en coche, van o minibus \u2705","breadcrumb":{"@id":"https:\/\/tourtravelandmore.com\/es\/tours\/francia\/paris-es\/traslado-privado-de-1-dia-ida-y-vuelto-a-disney\/#breadcrumb"},"inLanguage":"es","potentialAction":[{"@type":"ReadAction","target":["https:\/\/tourtravelandmore.com\/es\/tours\/francia\/paris-es\/traslado-privado-de-1-dia-ida-y-vuelto-a-disney\/"]}]},{"@type":"ImageObject","inLanguage":"es","@id":"https:\/\/tourtravelandmore.com\/es\/tours\/francia\/paris-es\/traslado-privado-de-1-dia-ida-y-vuelto-a-disney\/#primaryimage","url":"https:\/\/tourtravelandmore.com\/wp-content\/uploads\/2023\/02\/eurodisneyjpg.png","contentUrl":"https:\/\/tourtravelandmore.com\/wp-content\/uploads\/2023\/02\/eurodisneyjpg.png","width":1200,"height":675},{"@type":"BreadcrumbList","@id":"https:\/\/tourtravelandmore.com\/es\/tours\/francia\/paris-es\/traslado-privado-de-1-dia-ida-y-vuelto-a-disney\/#breadcrumb","itemListElement":[{"@type":"ListItem","position":1,"name":"Home","item":"https:\/\/tourtravelandmore.com\/es\/"},{"@type":"ListItem","position":2,"name":"Tours","item":"https:\/\/tourtravelandmore.com\/es\/tours\/"},{"@type":"ListItem","position":3,"name":"Traslado privado de 1 dia Ida y vuelto a Disney"}]},{"@type":"WebSite","@id":"https:\/\/tourtravelandmore.com\/es\/#website","url":"https:\/\/tourtravelandmore.com\/es\/","name":"Tour Travel And More","description":"Private sightseeing tours and luxury transfers in Spain","publisher":{"@id":"https:\/\/tourtravelandmore.com\/es\/#organization"},"potentialAction":[{"@type":"SearchAction","target":{"@type":"EntryPoint","urlTemplate":"https:\/\/tourtravelandmore.com\/es\/?s={search_term_string}"},"query-input":{"@type":"PropertyValueSpecification","valueRequired":true,"valueName":"search_term_string"}}],"inLanguage":"es"},{"@type":"Organization","@id":"https:\/\/tourtravelandmore.com\/es\/#organization","name":"Tour Travel And More","url":"https:\/\/tourtravelandmore.com\/es\/","logo":{"@type":"ImageObject","inLanguage":"es","@id":"https:\/\/tourtravelandmore.com\/es\/#\/schema\/logo\/image\/","url":"https:\/\/tourtravelandmore.com\/wp-content\/uploads\/2022\/12\/cropped-logo-cabecera-new.png","contentUrl":"https:\/\/tourtravelandmore.com\/wp-content\/uploads\/2022\/12\/cropped-logo-cabecera-new.png","width":430,"height":61,"caption":"Tour Travel And More"},"image":{"@id":"https:\/\/tourtravelandmore.com\/es\/#\/schema\/logo\/image\/"},"sameAs":["https:\/\/www.facebook.com\/tourtravelandmore\/","https:\/\/x.com\/TourTravel_More"]}]}},"_links":{"self":[{"href":"https:\/\/tourtravelandmore.com\/es\/wp-json\/wp\/v2\/product\/155125","targetHints":{"allow":["GET"]}}],"collection":[{"href":"https:\/\/tourtravelandmore.com\/es\/wp-json\/wp\/v2\/product"}],"about":[{"href":"https:\/\/tourtravelandmore.com\/es\/wp-json\/wp\/v2\/types\/product"}],"replies":[{"embeddable":true,"href":"https:\/\/tourtravelandmore.com\/es\/wp-json\/wp\/v2\/comments?post=155125"}],"wp:featuredmedia":[{"embeddable":true,"href":"https:\/\/tourtravelandmore.com\/es\/wp-json\/wp\/v2\/media\/155141"}],"wp:attachment":[{"href":"https:\/\/tourtravelandmore.com\/es\/wp-json\/wp\/v2\/media?parent=155125"}],"wp:term":[{"taxonomy":"product_brand","embeddable":true,"href":"https:\/\/tourtravelandmore.com\/es\/wp-json\/wp\/v2\/product_brand?post=155125"},{"taxonomy":"product_cat","embeddable":true,"href":"https:\/\/tourtravelandmore.com\/es\/wp-json\/wp\/v2\/product_cat?post=155125"},{"taxonomy":"product_tag","embeddable":true,"href":"https:\/\/tourtravelandmore.com\/es\/wp-json\/wp\/v2\/product_tag?post=155125"}],"curies":[{"name":"wp","href":"https:\/\/api.w.org\/{rel}","templated":true}]}}