{"id":155093,"date":"2023-02-28T19:02:32","date_gmt":"2023-02-28T18:02:33","guid":{"rendered":"https:\/\/tourtravelandmore.com\/?post_type=product&#038;p=155093"},"modified":"2024-08-06T17:15:07","modified_gmt":"2024-08-06T15:15:07","slug":"tour-privado-a-chateaux-de-fontainebleau-desde-paris","status":"publish","type":"product","link":"https:\/\/tourtravelandmore.com\/es\/tours\/francia\/paris-es\/tour-privado-a-chateaux-de-fontainebleau-desde-paris\/","title":{"rendered":"Tour Privado a Chateaux de Fontainebleau desde Par\u00eds"},"content":{"rendered":"<h2><strong>Descripci\u00f3n del Tour Privado a Chateaux de Fontainebleau desde Par\u00eds<\/strong><\/h2>\n<p><strong>Chateaux Fontainebleau es uno<\/strong> de los castillos m\u00e1s emblem\u00e1ticos de Francia. <strong>Ch\u00e2teau Fontainebleau<\/strong> fue declarado por <strong>UNESCO<\/strong> como patrimonio de la humanidad y alberga un parque emblem\u00e1tico. Visita ambos castillos en un<strong> tour privado a Fontainebleau desde Par\u00eds.<\/strong><\/p>\n<p><span style=\"font-weight: 400;\">Su chofer y gu\u00eda oficial privado le recoger\u00e1n en su hotel al horario deseado. A continuaci\u00f3n dar\u00e1n comienzo a su tour privado. Ir\u00e1n hacia <strong>Fontainebleau.<\/strong> Una vez all\u00ed visitar\u00e1n el castillo declarado patrimonio de la humanidad. <strong>Fontainebleau<\/strong> es el \u00fanico castillo que ha sido inhabitado por m\u00e1s de 7 siglos. Luego de su visita al palacio y parque retornar\u00e1n a su hotel en Par\u00eds.<\/span><\/p>\n<p><span style=\"font-weight: 400;\">Todos nuestros tours son privados y organizado a medida para nuestros clientes.<\/span><\/p>\n<h2><strong>Puntos de inter\u00e9s en el Tour Privado a Chateaux de Fontainebleau desde Par\u00eds<\/strong><\/h2>\n<p><strong><a href=\"https:\/\/www.chateaudefontainebleau.fr\/\">Chateaux Fontainebleau<\/a>\u00a0<\/strong>es reconocida como una de las residencias de la nobleza francesa m\u00e1s bonitas. El castillo fue declarado por <strong>UNESCO<\/strong> como patrimonio de la humanidad en <strong>1981.<\/strong> Situado en el coraz\u00f3n de un gran bosque de la regi\u00f3n de <strong>\u00cele-de-France,<\/strong> este palacio fue en sus or\u00edgenes un pabell\u00f3n de caza utilizado por los monarcas franceses desde el siglo XII. El castillo est\u00e1 rodeado de un inmenso parque, y combina\u00a0el arte del Renacimiento y las tradiciones art\u00edsticas <strong>francesas.<\/strong><\/p>\n<p>Visitar\u00e1 ambos castillos junto a un <strong>gu\u00eda oficial privado,<\/strong> experto en cultura e historia de <strong>Francia.<\/strong> Su chofer privado estar\u00e1 tambi\u00e9n a su disposici\u00f3n durante todo el tour. Entradas sin fila a ambos castillos est\u00e1n incluidas en el precio del tour. Disfruta un tour inolvidable a <strong>Fontainebleau<\/strong> paris\u00a0con un gu\u00eda experto.<\/p>\n<p>Todos nuestros tours son privados y coordinados a medida, solo para usted. Cont\u00e1ctenos para ayudarle a organizar su experiencia privada en Par\u00eds.<\/p>\n","protected":false},"excerpt":{"rendered":"<p><strong>Chateaux Fontainebleau es uno<\/strong> de los castillos m\u00e1s emblem\u00e1ticos de Francia. <strong>Ch\u00e2teau Fontainebleau<\/strong> fue declarado por <strong>UNESCO<\/strong> como patrimonio de la humanidad y alberga un parque emblem\u00e1tico. Visita ambos castillos en un<strong> tour privado a Fontainebleau desde Par\u00eds.<\/strong><\/p>\n","protected":false},"featured_media":155109,"comment_status":"open","ping_status":"closed","template":"","meta":{"_acf_changed":false},"product_brand":[],"product_cat":[834,849,851],"product_tag":[],"class_list":{"0":"post-155093","1":"product","2":"type-product","3":"status-publish","4":"has-post-thumbnail","6":"product_cat-paris-es","7":"product_cat-paris-actividades-es","8":"product_cat-paris-excursiones-es","10":"first","11":"instock","12":"shipping-taxable","13":"purchasable","14":"product-type-simple"},"acf":[],"yoast_head":"<!-- This site is optimized with the Yoast SEO Premium plugin v25.3.1 (Yoast SEO v25.3.1) - https:\/\/yoast.com\/wordpress\/plugins\/seo\/ -->\n<title>\u27a1\ufe0f Tour Privado a Chateaux de Fontainebleau | TourTravel&amp;More<\/title>\n<meta name=\"description\" content=\"Visita uno de los castillos m\u00e1s emblem\u00e1ticos de Francia desde Paris. Descubre la historia, arquitectura y jardines de Fontainebleau y Vaux le Vicomte \u2705\" \/>\n<meta name=\"robots\" content=\"index, follow, max-snippet:-1, max-image-preview:large, max-video-preview:-1\" \/>\n<link rel=\"canonical\" href=\"https:\/\/tourtravelandmore.com\/es\/tours\/francia\/paris-es\/tour-privado-a-chateaux-de-fontainebleau-desde-paris\/\" \/>\n<meta property=\"og:locale\" content=\"es_ES\" \/>\n<meta property=\"og:type\" content=\"article\" \/>\n<meta property=\"og:title\" content=\"Tour Privado a Chateaux de Fontainebleau desde Par\u00eds\" \/>\n<meta property=\"og:description\" content=\"Visita uno de los castillos m\u00e1s emblem\u00e1ticos de Francia desde Paris. Descubre la historia, arquitectura y jardines de Fontainebleau y Vaux le Vicomte \u2705\" \/>\n<meta property=\"og:url\" content=\"https:\/\/tourtravelandmore.com\/es\/tours\/francia\/paris-es\/tour-privado-a-chateaux-de-fontainebleau-desde-paris\/\" \/>\n<meta property=\"og:site_name\" content=\"Tour Travel And More\" \/>\n<meta property=\"article:publisher\" content=\"https:\/\/www.facebook.com\/tourtravelandmore\/\" \/>\n<meta property=\"article:modified_time\" content=\"2024-08-06T15:15:07+00:00\" \/>\n<meta property=\"og:image\" content=\"https:\/\/tourtravelandmore.com\/wp-content\/uploads\/2023\/02\/chateau2-1.jpg\" \/>\n\t<meta property=\"og:image:width\" content=\"1920\" \/>\n\t<meta property=\"og:image:height\" content=\"1080\" \/>\n\t<meta property=\"og:image:type\" content=\"image\/jpeg\" \/>\n<meta name=\"twitter:card\" content=\"summary_large_image\" \/>\n<meta name=\"twitter:site\" content=\"@TourTravel_More\" \/>\n<meta name=\"twitter:label1\" content=\"Tiempo de lectura\" \/>\n\t<meta name=\"twitter:data1\" content=\"2 minutos\" \/>\n<script type=\"application\/ld+json\" class=\"yoast-schema-graph\">{\"@context\":\"https:\/\/schema.org\",\"@graph\":[{\"@type\":\"WebPage\",\"@id\":\"https:\/\/tourtravelandmore.com\/es\/tours\/francia\/paris-es\/tour-privado-a-chateaux-de-fontainebleau-desde-paris\/\",\"url\":\"https:\/\/tourtravelandmore.com\/es\/tours\/francia\/paris-es\/tour-privado-a-chateaux-de-fontainebleau-desde-paris\/\",\"name\":\"\u27a1\ufe0f Tour Privado a Chateaux de Fontainebleau | TourTravel&More\",\"isPartOf\":{\"@id\":\"https:\/\/tourtravelandmore.com\/es\/#website\"},\"primaryImageOfPage\":{\"@id\":\"https:\/\/tourtravelandmore.com\/es\/tours\/francia\/paris-es\/tour-privado-a-chateaux-de-fontainebleau-desde-paris\/#primaryimage\"},\"image\":{\"@id\":\"https:\/\/tourtravelandmore.com\/es\/tours\/francia\/paris-es\/tour-privado-a-chateaux-de-fontainebleau-desde-paris\/#primaryimage\"},\"thumbnailUrl\":\"https:\/\/tourtravelandmore.com\/wp-content\/uploads\/2023\/02\/chateau2-1.jpg\",\"datePublished\":\"2023-02-28T18:02:33+00:00\",\"dateModified\":\"2024-08-06T15:15:07+00:00\",\"description\":\"Visita uno de los castillos m\u00e1s emblem\u00e1ticos de Francia desde Paris. Descubre la historia, arquitectura y jardines de Fontainebleau y Vaux le Vicomte \u2705\",\"breadcrumb\":{\"@id\":\"https:\/\/tourtravelandmore.com\/es\/tours\/francia\/paris-es\/tour-privado-a-chateaux-de-fontainebleau-desde-paris\/#breadcrumb\"},\"inLanguage\":\"es\",\"potentialAction\":[{\"@type\":\"ReadAction\",\"target\":[\"https:\/\/tourtravelandmore.com\/es\/tours\/francia\/paris-es\/tour-privado-a-chateaux-de-fontainebleau-desde-paris\/\"]}]},{\"@type\":\"ImageObject\",\"inLanguage\":\"es\",\"@id\":\"https:\/\/tourtravelandmore.com\/es\/tours\/francia\/paris-es\/tour-privado-a-chateaux-de-fontainebleau-desde-paris\/#primaryimage\",\"url\":\"https:\/\/tourtravelandmore.com\/wp-content\/uploads\/2023\/02\/chateau2-1.jpg\",\"contentUrl\":\"https:\/\/tourtravelandmore.com\/wp-content\/uploads\/2023\/02\/chateau2-1.jpg\",\"width\":1920,\"height\":1080},{\"@type\":\"BreadcrumbList\",\"@id\":\"https:\/\/tourtravelandmore.com\/es\/tours\/francia\/paris-es\/tour-privado-a-chateaux-de-fontainebleau-desde-paris\/#breadcrumb\",\"itemListElement\":[{\"@type\":\"ListItem\",\"position\":1,\"name\":\"Home\",\"item\":\"https:\/\/tourtravelandmore.com\/es\/\"},{\"@type\":\"ListItem\",\"position\":2,\"name\":\"Tours\",\"item\":\"https:\/\/tourtravelandmore.com\/es\/tours\/\"},{\"@type\":\"ListItem\",\"position\":3,\"name\":\"Tour Privado a Chateaux de Fontainebleau desde Par\u00eds\"}]},{\"@type\":\"WebSite\",\"@id\":\"https:\/\/tourtravelandmore.com\/es\/#website\",\"url\":\"https:\/\/tourtravelandmore.com\/es\/\",\"name\":\"Tour Travel And More\",\"description\":\"Private sightseeing tours and luxury transfers in Spain\",\"publisher\":{\"@id\":\"https:\/\/tourtravelandmore.com\/es\/#organization\"},\"potentialAction\":[{\"@type\":\"SearchAction\",\"target\":{\"@type\":\"EntryPoint\",\"urlTemplate\":\"https:\/\/tourtravelandmore.com\/es\/?s={search_term_string}\"},\"query-input\":{\"@type\":\"PropertyValueSpecification\",\"valueRequired\":true,\"valueName\":\"search_term_string\"}}],\"inLanguage\":\"es\"},{\"@type\":\"Organization\",\"@id\":\"https:\/\/tourtravelandmore.com\/es\/#organization\",\"name\":\"Tour Travel And More\",\"url\":\"https:\/\/tourtravelandmore.com\/es\/\",\"logo\":{\"@type\":\"ImageObject\",\"inLanguage\":\"es\",\"@id\":\"https:\/\/tourtravelandmore.com\/es\/#\/schema\/logo\/image\/\",\"url\":\"https:\/\/tourtravelandmore.com\/wp-content\/uploads\/2022\/12\/cropped-logo-cabecera-new.png\",\"contentUrl\":\"https:\/\/tourtravelandmore.com\/wp-content\/uploads\/2022\/12\/cropped-logo-cabecera-new.png\",\"width\":430,\"height\":61,\"caption\":\"Tour Travel And More\"},\"image\":{\"@id\":\"https:\/\/tourtravelandmore.com\/es\/#\/schema\/logo\/image\/\"},\"sameAs\":[\"https:\/\/www.facebook.com\/tourtravelandmore\/\",\"https:\/\/x.com\/TourTravel_More\"]}]}<\/script>\n<!-- \/ Yoast SEO Premium plugin. -->","yoast_head_json":{"title":"\u27a1\ufe0f Tour Privado a Chateaux de Fontainebleau | TourTravel&More","description":"Visita uno de los castillos m\u00e1s emblem\u00e1ticos de Francia desde Paris. Descubre la historia, arquitectura y jardines de Fontainebleau y Vaux le Vicomte \u2705","robots":{"index":"index","follow":"follow","max-snippet":"max-snippet:-1","max-image-preview":"max-image-preview:large","max-video-preview":"max-video-preview:-1"},"canonical":"https:\/\/tourtravelandmore.com\/es\/tours\/francia\/paris-es\/tour-privado-a-chateaux-de-fontainebleau-desde-paris\/","og_locale":"es_ES","og_type":"article","og_title":"Tour Privado a Chateaux de Fontainebleau desde Par\u00eds","og_description":"Visita uno de los castillos m\u00e1s emblem\u00e1ticos de Francia desde Paris. Descubre la historia, arquitectura y jardines de Fontainebleau y Vaux le Vicomte \u2705","og_url":"https:\/\/tourtravelandmore.com\/es\/tours\/francia\/paris-es\/tour-privado-a-chateaux-de-fontainebleau-desde-paris\/","og_site_name":"Tour Travel And More","article_publisher":"https:\/\/www.facebook.com\/tourtravelandmore\/","article_modified_time":"2024-08-06T15:15:07+00:00","og_image":[{"width":1920,"height":1080,"url":"https:\/\/tourtravelandmore.com\/wp-content\/uploads\/2023\/02\/chateau2-1.jpg","type":"image\/jpeg"}],"twitter_card":"summary_large_image","twitter_site":"@TourTravel_More","twitter_misc":{"Tiempo de lectura":"2 minutos"},"schema":{"@context":"https:\/\/schema.org","@graph":[{"@type":"WebPage","@id":"https:\/\/tourtravelandmore.com\/es\/tours\/francia\/paris-es\/tour-privado-a-chateaux-de-fontainebleau-desde-paris\/","url":"https:\/\/tourtravelandmore.com\/es\/tours\/francia\/paris-es\/tour-privado-a-chateaux-de-fontainebleau-desde-paris\/","name":"\u27a1\ufe0f Tour Privado a Chateaux de Fontainebleau | TourTravel&More","isPartOf":{"@id":"https:\/\/tourtravelandmore.com\/es\/#website"},"primaryImageOfPage":{"@id":"https:\/\/tourtravelandmore.com\/es\/tours\/francia\/paris-es\/tour-privado-a-chateaux-de-fontainebleau-desde-paris\/#primaryimage"},"image":{"@id":"https:\/\/tourtravelandmore.com\/es\/tours\/francia\/paris-es\/tour-privado-a-chateaux-de-fontainebleau-desde-paris\/#primaryimage"},"thumbnailUrl":"https:\/\/tourtravelandmore.com\/wp-content\/uploads\/2023\/02\/chateau2-1.jpg","datePublished":"2023-02-28T18:02:33+00:00","dateModified":"2024-08-06T15:15:07+00:00","description":"Visita uno de los castillos m\u00e1s emblem\u00e1ticos de Francia desde Paris. Descubre la historia, arquitectura y jardines de Fontainebleau y Vaux le Vicomte \u2705","breadcrumb":{"@id":"https:\/\/tourtravelandmore.com\/es\/tours\/francia\/paris-es\/tour-privado-a-chateaux-de-fontainebleau-desde-paris\/#breadcrumb"},"inLanguage":"es","potentialAction":[{"@type":"ReadAction","target":["https:\/\/tourtravelandmore.com\/es\/tours\/francia\/paris-es\/tour-privado-a-chateaux-de-fontainebleau-desde-paris\/"]}]},{"@type":"ImageObject","inLanguage":"es","@id":"https:\/\/tourtravelandmore.com\/es\/tours\/francia\/paris-es\/tour-privado-a-chateaux-de-fontainebleau-desde-paris\/#primaryimage","url":"https:\/\/tourtravelandmore.com\/wp-content\/uploads\/2023\/02\/chateau2-1.jpg","contentUrl":"https:\/\/tourtravelandmore.com\/wp-content\/uploads\/2023\/02\/chateau2-1.jpg","width":1920,"height":1080},{"@type":"BreadcrumbList","@id":"https:\/\/tourtravelandmore.com\/es\/tours\/francia\/paris-es\/tour-privado-a-chateaux-de-fontainebleau-desde-paris\/#breadcrumb","itemListElement":[{"@type":"ListItem","position":1,"name":"Home","item":"https:\/\/tourtravelandmore.com\/es\/"},{"@type":"ListItem","position":2,"name":"Tours","item":"https:\/\/tourtravelandmore.com\/es\/tours\/"},{"@type":"ListItem","position":3,"name":"Tour Privado a Chateaux de Fontainebleau desde Par\u00eds"}]},{"@type":"WebSite","@id":"https:\/\/tourtravelandmore.com\/es\/#website","url":"https:\/\/tourtravelandmore.com\/es\/","name":"Tour Travel And More","description":"Private sightseeing tours and luxury transfers in Spain","publisher":{"@id":"https:\/\/tourtravelandmore.com\/es\/#organization"},"potentialAction":[{"@type":"SearchAction","target":{"@type":"EntryPoint","urlTemplate":"https:\/\/tourtravelandmore.com\/es\/?s={search_term_string}"},"query-input":{"@type":"PropertyValueSpecification","valueRequired":true,"valueName":"search_term_string"}}],"inLanguage":"es"},{"@type":"Organization","@id":"https:\/\/tourtravelandmore.com\/es\/#organization","name":"Tour Travel And More","url":"https:\/\/tourtravelandmore.com\/es\/","logo":{"@type":"ImageObject","inLanguage":"es","@id":"https:\/\/tourtravelandmore.com\/es\/#\/schema\/logo\/image\/","url":"https:\/\/tourtravelandmore.com\/wp-content\/uploads\/2022\/12\/cropped-logo-cabecera-new.png","contentUrl":"https:\/\/tourtravelandmore.com\/wp-content\/uploads\/2022\/12\/cropped-logo-cabecera-new.png","width":430,"height":61,"caption":"Tour Travel And More"},"image":{"@id":"https:\/\/tourtravelandmore.com\/es\/#\/schema\/logo\/image\/"},"sameAs":["https:\/\/www.facebook.com\/tourtravelandmore\/","https:\/\/x.com\/TourTravel_More"]}]}},"_links":{"self":[{"href":"https:\/\/tourtravelandmore.com\/es\/wp-json\/wp\/v2\/product\/155093","targetHints":{"allow":["GET"]}}],"collection":[{"href":"https:\/\/tourtravelandmore.com\/es\/wp-json\/wp\/v2\/product"}],"about":[{"href":"https:\/\/tourtravelandmore.com\/es\/wp-json\/wp\/v2\/types\/product"}],"replies":[{"embeddable":true,"href":"https:\/\/tourtravelandmore.com\/es\/wp-json\/wp\/v2\/comments?post=155093"}],"wp:featuredmedia":[{"embeddable":true,"href":"https:\/\/tourtravelandmore.com\/es\/wp-json\/wp\/v2\/media\/155109"}],"wp:attachment":[{"href":"https:\/\/tourtravelandmore.com\/es\/wp-json\/wp\/v2\/media?parent=155093"}],"wp:term":[{"taxonomy":"product_brand","embeddable":true,"href":"https:\/\/tourtravelandmore.com\/es\/wp-json\/wp\/v2\/product_brand?post=155093"},{"taxonomy":"product_cat","embeddable":true,"href":"https:\/\/tourtravelandmore.com\/es\/wp-json\/wp\/v2\/product_cat?post=155093"},{"taxonomy":"product_tag","embeddable":true,"href":"https:\/\/tourtravelandmore.com\/es\/wp-json\/wp\/v2\/product_tag?post=155093"}],"curies":[{"name":"wp","href":"https:\/\/api.w.org\/{rel}","templated":true}]}}