{"id":154992,"date":"2023-02-28T09:52:36","date_gmt":"2023-02-28T08:52:37","guid":{"rendered":"https:\/\/tourtravelandmore.com\/?post_type=product&#038;p=154992"},"modified":"2024-11-20T17:41:20","modified_gmt":"2024-11-20T16:41:20","slug":"tour-gastronomico-privado-en-santiago-de-compostela","status":"publish","type":"product","link":"https:\/\/tourtravelandmore.com\/es\/tours\/espana-es\/santiago-de-compostela-es\/santiago-de-compostela-actividades-es\/tour-gastronomico-privado-en-santiago-de-compostela\/","title":{"rendered":"Tour gastron\u00f3mico a pie en Santiago de Compostela"},"content":{"rendered":"<h2><b>Tour Gastron\u00f3mico A Pie en Santiago de Compostela Descripci\u00f3n<\/b><\/h2>\n<p><span style=\"font-weight: 400;\">Descubra las delicias culinarias de Santiago de Compostela en esta visita gastron\u00f3mica privada. Con un gu\u00eda experto al frente, visitar\u00e1 algunos de los mejores lugares gastron\u00f3micos de la ciudad y degustar\u00e1 platos y bebidas tradicionales gallegos. Este recorrido de 3 horas es perfecto para los amantes de la gastronom\u00eda que deseen explorar la cocina y la cultura locales.<\/span><\/p>\n<p><span style=\"font-weight: 400;\">Saboree Galicia en esta visita gastron\u00f3mica privada en Santiago de Compostela. Nuestro gu\u00eda experto le llevar\u00e1 en un viaje a trav\u00e9s de la escena culinaria de la ciudad, present\u00e1ndole los mejores sabores y especialidades locales. Con paradas en algunos de los mejores restaurantes y bares de la ciudad, disfrutar\u00e1 de una variedad de platos y bebidas tradicionales.<\/span><\/p>\n<p><span style=\"font-weight: 400;\">Mientras disfruta de las delicias gastron\u00f3micas de Santiago de Compostela, tambi\u00e9n aprender\u00e1 sobre la rica historia y cultura culinaria de la regi\u00f3n. Con un enfoque en los ingredientes de origen local y los m\u00e9todos de preparaci\u00f3n tradicionales, este tour ofrece una experiencia \u00fanica y aut\u00e9ntica de la cocina de Galicia. Tanto si es un amante de la buena mesa como un viajero curioso, este tour privado seguro que satisfar\u00e1 sus papilas gustativas y le dejar\u00e1 con un mayor aprecio por la cocina gallega.<\/span><\/p>\n<h2><b>Tour Gastron\u00f3mico Privado en Santiago de Compostela Puntos de Inter\u00e9s<\/b><\/h2>\n<p><span style=\"font-weight: 400;\">Como parte de este tour gastron\u00f3mico privado, tendr\u00e1 la oportunidad de explorar los siguientes lugares gastron\u00f3micos populares de Santiago de Compostela:<\/span><\/p>\n<p><span style=\"font-weight: 400;\">El principal mercado de abastos de la ciudad, el <strong>Mercado de Abastos,<\/strong> es un centro de actividad donde locales y visitantes pueden encontrar los productos m\u00e1s frescos y mariscos, as\u00ed como una gran variedad de platos preparados. Con m\u00e1s de 100 puestos, es un lugar bullicioso y animado donde explorar la cultura gastron\u00f3mica local.<\/span><\/p>\n<p><span style=\"font-weight: 400;\">Situado en el coraz\u00f3n de la ciudad, el <strong>Caf\u00e9 Casino<\/strong> es un lugar popular para tomar caf\u00e9, pasteles y tapas. Con su ornamentada decoraci\u00f3n y elegante ambiente, es un lugar ideal para degustar delicias locales y disfrutar de una copa. Es uno de los favoritos tanto de los lugare\u00f1os como de los turistas por su deliciosa comida y su acogedor ambiente.<\/span><\/p>\n<p><span style=\"font-weight: 400;\">Acogedora y tradicional taberna, <strong>O<\/strong> <strong>Dezaseis<\/strong> es famosa por su delicioso marisco y sus vinos gallegos. Con un ambiente c\u00e1lido y acogedor, es el lugar perfecto para experimentar la cultura y la cocina local. Lleva sirviendo cocina tradicional gallega desde 1945 y es uno de los favoritos de los lugare\u00f1os.<\/span><\/p>\n<p><span style=\"font-weight: 400;\">Hist\u00f3rica bodega y taberna, <strong>Casa dos Xugos<\/strong> es conocida por su gran variedad de vinos y platos tradicionales gallegos. Con su encanto r\u00fastico y su cocina aut\u00e9ntica, es un destino obligado para los amantes de la comida y el vino. Su carta de vinos es extensa, con m\u00e1s de 500 caldos de toda Espa\u00f1a y del mundo.<\/span><\/p>\n<p><span style=\"font-weight: 400;\">Restaurante con estrella <strong>Michelin<\/strong> en el coraz\u00f3n de Santiago de Compostela, <strong>Casa Marcelo<\/strong> es conocido por su cocina innovadora y sus modernas interpretaciones de los platos tradicionales gallegos. Centrado en ingredientes locales y comprometido con la sostenibilidad, es una aut\u00e9ntica joya gastron\u00f3mica. Su men\u00fa cambia regularmente en funci\u00f3n de los ingredientes m\u00e1s frescos disponibles, y ofrece una experiencia gastron\u00f3mica \u00fanica.<\/span><\/p>\n<p><span style=\"font-weight: 400;\">Reserve hoy mismo su tour gastron\u00f3mico privado en Santiago de Compostela y experimente las delicias culinarias de la ciudad de una forma \u00fanica y personalizada. P\u00f3ngase en contacto con Tour Travel and More para obtener m\u00e1s informaci\u00f3n sobre nuestros tours privados en Santiago de Compostela y m\u00e1s all\u00e1.<\/span><\/p>\n<p><span style=\"font-weight: 400;\">Durante esta visita privada, podr\u00e1 explorar la cultura gastron\u00f3mica de la ciudad, probar deliciosos platos locales y conocer la historia y las tradiciones culinarias de la regi\u00f3n. Nuestro gu\u00eda experto compartir\u00e1 con usted sus conocimientos y recomendaciones para que disfrute de una experiencia gastron\u00f3mica inolvidable en Santiago de Compostela.<\/span><\/p>\n<p><span style=\"font-weight: 400;\">Tanto si es un aficionado a la gastronom\u00eda como si es un amante del vino o simplemente quiere probar lo mejor de la cocina local, este tour privado es la forma perfecta de hacerlo. Con un itinerario flexible y atenci\u00f3n personalizada, podr\u00e1 disfrutar de la escena gastron\u00f3mica de la ciudad a su propio ritmo.<\/span><\/p>\n<p><span style=\"font-weight: 400;\">No se pierda esta <\/span><a href=\"https:\/\/tourtravelandmore.com\/es\/ciudad\/espana-es\/santiago-de-compostela-es\/\"><span style=\"font-weight: 400;\">incre\u00edble oportunidad de saborear su camino por Santiago de Compostela.<\/span><\/a><span style=\"font-weight: 400;\"> Reserve hoy mismo su tour gastron\u00f3mico privado y deje que nosotros nos encarguemos del resto.<\/span><\/p>\n","protected":false},"excerpt":{"rendered":"<p><span style=\"font-weight: 400;\">\u00danase a nuestro tour gastron\u00f3mico privado en Santiago de Compostela y experimente lo mejor de la gastronom\u00eda gallega. Nuestro gu\u00eda experto le llevar\u00e1 a los mejores restaurantes y bares de la ciudad para degustar platos y bebidas tradicionales. Explore el vibrante Mercado de Abastos y saboree los sabores de la cocina gallega. Reserve su visita hoy mismo y descubra los sabores locales.<\/span><\/p>\n","protected":false},"featured_media":155011,"comment_status":"open","ping_status":"closed","template":"","meta":{"_acf_changed":false},"product_brand":[],"product_cat":[1868,1872,1873,1874],"product_tag":[],"class_list":{"0":"post-154992","1":"product","2":"type-product","3":"status-publish","4":"has-post-thumbnail","6":"product_cat-santiago-de-compostela-es","7":"product_cat-santiago-de-compostela-actividades-es","8":"product_cat-santiago-de-compostela-excursiones-es","9":"product_cat-santiago-de-compostela-rutas-turisticas-privadas-es","11":"first","12":"instock","13":"shipping-taxable","14":"purchasable","15":"product-type-simple"},"acf":[],"yoast_head":"<!-- This site is optimized with the Yoast SEO Premium plugin v25.3.1 (Yoast SEO v25.3.1) - https:\/\/yoast.com\/wordpress\/plugins\/seo\/ -->\n<title>\u27a1\ufe0f Tour Gastron\u00f3mico Privado en Santiago de Compostela - Descubra los Sabores Locales | Tour Travel and More<\/title>\n<meta name=\"description\" content=\"\u00danase a nuestro tour gastron\u00f3mico privado en Santiago de Compostela y pruebe las mejores especialidades locales \u2705\" \/>\n<meta name=\"robots\" content=\"index, follow, max-snippet:-1, max-image-preview:large, max-video-preview:-1\" \/>\n<link rel=\"canonical\" href=\"https:\/\/tourtravelandmore.com\/es\/tours\/espana-es\/santiago-de-compostela-es\/santiago-de-compostela-actividades-es\/tour-gastronomico-privado-en-santiago-de-compostela\/\" \/>\n<meta property=\"og:locale\" content=\"es_ES\" \/>\n<meta property=\"og:type\" content=\"article\" \/>\n<meta property=\"og:title\" content=\"Tour gastron\u00f3mico a pie en Santiago de Compostela\" \/>\n<meta property=\"og:description\" content=\"\u00danase a nuestro tour gastron\u00f3mico privado en Santiago de Compostela y pruebe las mejores especialidades locales \u2705\" \/>\n<meta property=\"og:url\" content=\"https:\/\/tourtravelandmore.com\/es\/tours\/espana-es\/santiago-de-compostela-es\/santiago-de-compostela-actividades-es\/tour-gastronomico-privado-en-santiago-de-compostela\/\" \/>\n<meta property=\"og:site_name\" content=\"Tour Travel And More\" \/>\n<meta property=\"article:publisher\" content=\"https:\/\/www.facebook.com\/tourtravelandmore\/\" \/>\n<meta property=\"article:modified_time\" content=\"2024-11-20T16:41:20+00:00\" \/>\n<meta property=\"og:image\" content=\"https:\/\/tourtravelandmore.com\/wp-content\/uploads\/2023\/02\/image2-9.jpg\" \/>\n\t<meta property=\"og:image:width\" content=\"900\" \/>\n\t<meta property=\"og:image:height\" content=\"750\" \/>\n\t<meta property=\"og:image:type\" content=\"image\/jpeg\" \/>\n<meta name=\"twitter:card\" content=\"summary_large_image\" \/>\n<meta name=\"twitter:site\" content=\"@TourTravel_More\" \/>\n<meta name=\"twitter:label1\" content=\"Tiempo de lectura\" \/>\n\t<meta name=\"twitter:data1\" content=\"4 minutos\" \/>\n<script type=\"application\/ld+json\" class=\"yoast-schema-graph\">{\"@context\":\"https:\/\/schema.org\",\"@graph\":[{\"@type\":\"WebPage\",\"@id\":\"https:\/\/tourtravelandmore.com\/es\/tours\/espana-es\/santiago-de-compostela-es\/santiago-de-compostela-actividades-es\/tour-gastronomico-privado-en-santiago-de-compostela\/\",\"url\":\"https:\/\/tourtravelandmore.com\/es\/tours\/espana-es\/santiago-de-compostela-es\/santiago-de-compostela-actividades-es\/tour-gastronomico-privado-en-santiago-de-compostela\/\",\"name\":\"\u27a1\ufe0f Tour Gastron\u00f3mico Privado en Santiago de Compostela - Descubra los Sabores Locales | Tour Travel and More\",\"isPartOf\":{\"@id\":\"https:\/\/tourtravelandmore.com\/es\/#website\"},\"primaryImageOfPage\":{\"@id\":\"https:\/\/tourtravelandmore.com\/es\/tours\/espana-es\/santiago-de-compostela-es\/santiago-de-compostela-actividades-es\/tour-gastronomico-privado-en-santiago-de-compostela\/#primaryimage\"},\"image\":{\"@id\":\"https:\/\/tourtravelandmore.com\/es\/tours\/espana-es\/santiago-de-compostela-es\/santiago-de-compostela-actividades-es\/tour-gastronomico-privado-en-santiago-de-compostela\/#primaryimage\"},\"thumbnailUrl\":\"https:\/\/tourtravelandmore.com\/wp-content\/uploads\/2023\/02\/image2-9.jpg\",\"datePublished\":\"2023-02-28T08:52:37+00:00\",\"dateModified\":\"2024-11-20T16:41:20+00:00\",\"description\":\"\u00danase a nuestro tour gastron\u00f3mico privado en Santiago de Compostela y pruebe las mejores especialidades locales \u2705\",\"breadcrumb\":{\"@id\":\"https:\/\/tourtravelandmore.com\/es\/tours\/espana-es\/santiago-de-compostela-es\/santiago-de-compostela-actividades-es\/tour-gastronomico-privado-en-santiago-de-compostela\/#breadcrumb\"},\"inLanguage\":\"es\",\"potentialAction\":[{\"@type\":\"ReadAction\",\"target\":[\"https:\/\/tourtravelandmore.com\/es\/tours\/espana-es\/santiago-de-compostela-es\/santiago-de-compostela-actividades-es\/tour-gastronomico-privado-en-santiago-de-compostela\/\"]}]},{\"@type\":\"ImageObject\",\"inLanguage\":\"es\",\"@id\":\"https:\/\/tourtravelandmore.com\/es\/tours\/espana-es\/santiago-de-compostela-es\/santiago-de-compostela-actividades-es\/tour-gastronomico-privado-en-santiago-de-compostela\/#primaryimage\",\"url\":\"https:\/\/tourtravelandmore.com\/wp-content\/uploads\/2023\/02\/image2-9.jpg\",\"contentUrl\":\"https:\/\/tourtravelandmore.com\/wp-content\/uploads\/2023\/02\/image2-9.jpg\",\"width\":900,\"height\":750},{\"@type\":\"BreadcrumbList\",\"@id\":\"https:\/\/tourtravelandmore.com\/es\/tours\/espana-es\/santiago-de-compostela-es\/santiago-de-compostela-actividades-es\/tour-gastronomico-privado-en-santiago-de-compostela\/#breadcrumb\",\"itemListElement\":[{\"@type\":\"ListItem\",\"position\":1,\"name\":\"Home\",\"item\":\"https:\/\/tourtravelandmore.com\/es\/\"},{\"@type\":\"ListItem\",\"position\":2,\"name\":\"Tours\",\"item\":\"https:\/\/tourtravelandmore.com\/es\/tours\/\"},{\"@type\":\"ListItem\",\"position\":3,\"name\":\"Tour gastron\u00f3mico a pie en Santiago de Compostela\"}]},{\"@type\":\"WebSite\",\"@id\":\"https:\/\/tourtravelandmore.com\/es\/#website\",\"url\":\"https:\/\/tourtravelandmore.com\/es\/\",\"name\":\"Tour Travel And More\",\"description\":\"Private sightseeing tours and luxury transfers in Spain\",\"publisher\":{\"@id\":\"https:\/\/tourtravelandmore.com\/es\/#organization\"},\"potentialAction\":[{\"@type\":\"SearchAction\",\"target\":{\"@type\":\"EntryPoint\",\"urlTemplate\":\"https:\/\/tourtravelandmore.com\/es\/?s={search_term_string}\"},\"query-input\":{\"@type\":\"PropertyValueSpecification\",\"valueRequired\":true,\"valueName\":\"search_term_string\"}}],\"inLanguage\":\"es\"},{\"@type\":\"Organization\",\"@id\":\"https:\/\/tourtravelandmore.com\/es\/#organization\",\"name\":\"Tour Travel And More\",\"url\":\"https:\/\/tourtravelandmore.com\/es\/\",\"logo\":{\"@type\":\"ImageObject\",\"inLanguage\":\"es\",\"@id\":\"https:\/\/tourtravelandmore.com\/es\/#\/schema\/logo\/image\/\",\"url\":\"https:\/\/tourtravelandmore.com\/wp-content\/uploads\/2022\/12\/cropped-logo-cabecera-new.png\",\"contentUrl\":\"https:\/\/tourtravelandmore.com\/wp-content\/uploads\/2022\/12\/cropped-logo-cabecera-new.png\",\"width\":430,\"height\":61,\"caption\":\"Tour Travel And More\"},\"image\":{\"@id\":\"https:\/\/tourtravelandmore.com\/es\/#\/schema\/logo\/image\/\"},\"sameAs\":[\"https:\/\/www.facebook.com\/tourtravelandmore\/\",\"https:\/\/x.com\/TourTravel_More\"]}]}<\/script>\n<!-- \/ Yoast SEO Premium plugin. -->","yoast_head_json":{"title":"\u27a1\ufe0f Tour Gastron\u00f3mico Privado en Santiago de Compostela - Descubra los Sabores Locales | Tour Travel and More","description":"\u00danase a nuestro tour gastron\u00f3mico privado en Santiago de Compostela y pruebe las mejores especialidades locales \u2705","robots":{"index":"index","follow":"follow","max-snippet":"max-snippet:-1","max-image-preview":"max-image-preview:large","max-video-preview":"max-video-preview:-1"},"canonical":"https:\/\/tourtravelandmore.com\/es\/tours\/espana-es\/santiago-de-compostela-es\/santiago-de-compostela-actividades-es\/tour-gastronomico-privado-en-santiago-de-compostela\/","og_locale":"es_ES","og_type":"article","og_title":"Tour gastron\u00f3mico a pie en Santiago de Compostela","og_description":"\u00danase a nuestro tour gastron\u00f3mico privado en Santiago de Compostela y pruebe las mejores especialidades locales \u2705","og_url":"https:\/\/tourtravelandmore.com\/es\/tours\/espana-es\/santiago-de-compostela-es\/santiago-de-compostela-actividades-es\/tour-gastronomico-privado-en-santiago-de-compostela\/","og_site_name":"Tour Travel And More","article_publisher":"https:\/\/www.facebook.com\/tourtravelandmore\/","article_modified_time":"2024-11-20T16:41:20+00:00","og_image":[{"width":900,"height":750,"url":"https:\/\/tourtravelandmore.com\/wp-content\/uploads\/2023\/02\/image2-9.jpg","type":"image\/jpeg"}],"twitter_card":"summary_large_image","twitter_site":"@TourTravel_More","twitter_misc":{"Tiempo de lectura":"4 minutos"},"schema":{"@context":"https:\/\/schema.org","@graph":[{"@type":"WebPage","@id":"https:\/\/tourtravelandmore.com\/es\/tours\/espana-es\/santiago-de-compostela-es\/santiago-de-compostela-actividades-es\/tour-gastronomico-privado-en-santiago-de-compostela\/","url":"https:\/\/tourtravelandmore.com\/es\/tours\/espana-es\/santiago-de-compostela-es\/santiago-de-compostela-actividades-es\/tour-gastronomico-privado-en-santiago-de-compostela\/","name":"\u27a1\ufe0f Tour Gastron\u00f3mico Privado en Santiago de Compostela - Descubra los Sabores Locales | Tour Travel and More","isPartOf":{"@id":"https:\/\/tourtravelandmore.com\/es\/#website"},"primaryImageOfPage":{"@id":"https:\/\/tourtravelandmore.com\/es\/tours\/espana-es\/santiago-de-compostela-es\/santiago-de-compostela-actividades-es\/tour-gastronomico-privado-en-santiago-de-compostela\/#primaryimage"},"image":{"@id":"https:\/\/tourtravelandmore.com\/es\/tours\/espana-es\/santiago-de-compostela-es\/santiago-de-compostela-actividades-es\/tour-gastronomico-privado-en-santiago-de-compostela\/#primaryimage"},"thumbnailUrl":"https:\/\/tourtravelandmore.com\/wp-content\/uploads\/2023\/02\/image2-9.jpg","datePublished":"2023-02-28T08:52:37+00:00","dateModified":"2024-11-20T16:41:20+00:00","description":"\u00danase a nuestro tour gastron\u00f3mico privado en Santiago de Compostela y pruebe las mejores especialidades locales \u2705","breadcrumb":{"@id":"https:\/\/tourtravelandmore.com\/es\/tours\/espana-es\/santiago-de-compostela-es\/santiago-de-compostela-actividades-es\/tour-gastronomico-privado-en-santiago-de-compostela\/#breadcrumb"},"inLanguage":"es","potentialAction":[{"@type":"ReadAction","target":["https:\/\/tourtravelandmore.com\/es\/tours\/espana-es\/santiago-de-compostela-es\/santiago-de-compostela-actividades-es\/tour-gastronomico-privado-en-santiago-de-compostela\/"]}]},{"@type":"ImageObject","inLanguage":"es","@id":"https:\/\/tourtravelandmore.com\/es\/tours\/espana-es\/santiago-de-compostela-es\/santiago-de-compostela-actividades-es\/tour-gastronomico-privado-en-santiago-de-compostela\/#primaryimage","url":"https:\/\/tourtravelandmore.com\/wp-content\/uploads\/2023\/02\/image2-9.jpg","contentUrl":"https:\/\/tourtravelandmore.com\/wp-content\/uploads\/2023\/02\/image2-9.jpg","width":900,"height":750},{"@type":"BreadcrumbList","@id":"https:\/\/tourtravelandmore.com\/es\/tours\/espana-es\/santiago-de-compostela-es\/santiago-de-compostela-actividades-es\/tour-gastronomico-privado-en-santiago-de-compostela\/#breadcrumb","itemListElement":[{"@type":"ListItem","position":1,"name":"Home","item":"https:\/\/tourtravelandmore.com\/es\/"},{"@type":"ListItem","position":2,"name":"Tours","item":"https:\/\/tourtravelandmore.com\/es\/tours\/"},{"@type":"ListItem","position":3,"name":"Tour gastron\u00f3mico a pie en Santiago de Compostela"}]},{"@type":"WebSite","@id":"https:\/\/tourtravelandmore.com\/es\/#website","url":"https:\/\/tourtravelandmore.com\/es\/","name":"Tour Travel And More","description":"Private sightseeing tours and luxury transfers in Spain","publisher":{"@id":"https:\/\/tourtravelandmore.com\/es\/#organization"},"potentialAction":[{"@type":"SearchAction","target":{"@type":"EntryPoint","urlTemplate":"https:\/\/tourtravelandmore.com\/es\/?s={search_term_string}"},"query-input":{"@type":"PropertyValueSpecification","valueRequired":true,"valueName":"search_term_string"}}],"inLanguage":"es"},{"@type":"Organization","@id":"https:\/\/tourtravelandmore.com\/es\/#organization","name":"Tour Travel And More","url":"https:\/\/tourtravelandmore.com\/es\/","logo":{"@type":"ImageObject","inLanguage":"es","@id":"https:\/\/tourtravelandmore.com\/es\/#\/schema\/logo\/image\/","url":"https:\/\/tourtravelandmore.com\/wp-content\/uploads\/2022\/12\/cropped-logo-cabecera-new.png","contentUrl":"https:\/\/tourtravelandmore.com\/wp-content\/uploads\/2022\/12\/cropped-logo-cabecera-new.png","width":430,"height":61,"caption":"Tour Travel And More"},"image":{"@id":"https:\/\/tourtravelandmore.com\/es\/#\/schema\/logo\/image\/"},"sameAs":["https:\/\/www.facebook.com\/tourtravelandmore\/","https:\/\/x.com\/TourTravel_More"]}]}},"_links":{"self":[{"href":"https:\/\/tourtravelandmore.com\/es\/wp-json\/wp\/v2\/product\/154992","targetHints":{"allow":["GET"]}}],"collection":[{"href":"https:\/\/tourtravelandmore.com\/es\/wp-json\/wp\/v2\/product"}],"about":[{"href":"https:\/\/tourtravelandmore.com\/es\/wp-json\/wp\/v2\/types\/product"}],"replies":[{"embeddable":true,"href":"https:\/\/tourtravelandmore.com\/es\/wp-json\/wp\/v2\/comments?post=154992"}],"wp:featuredmedia":[{"embeddable":true,"href":"https:\/\/tourtravelandmore.com\/es\/wp-json\/wp\/v2\/media\/155011"}],"wp:attachment":[{"href":"https:\/\/tourtravelandmore.com\/es\/wp-json\/wp\/v2\/media?parent=154992"}],"wp:term":[{"taxonomy":"product_brand","embeddable":true,"href":"https:\/\/tourtravelandmore.com\/es\/wp-json\/wp\/v2\/product_brand?post=154992"},{"taxonomy":"product_cat","embeddable":true,"href":"https:\/\/tourtravelandmore.com\/es\/wp-json\/wp\/v2\/product_cat?post=154992"},{"taxonomy":"product_tag","embeddable":true,"href":"https:\/\/tourtravelandmore.com\/es\/wp-json\/wp\/v2\/product_tag?post=154992"}],"curies":[{"name":"wp","href":"https:\/\/api.w.org\/{rel}","templated":true}]}}