{"id":154951,"date":"2023-02-28T08:43:28","date_gmt":"2023-02-28T07:43:29","guid":{"rendered":"https:\/\/tourtravelandmore.com\/?post_type=product&#038;p=154951"},"modified":"2024-03-07T17:06:35","modified_gmt":"2024-03-07T16:06:35","slug":"excursion-privada-a-oporto-desde-santiago-de-compostela","status":"publish","type":"product","link":"https:\/\/tourtravelandmore.com\/es\/tours\/espana-es\/santiago-de-compostela-es\/santiago-de-compostela-actividades-es\/excursion-privada-a-oporto-desde-santiago-de-compostela\/","title":{"rendered":"Tour privado a Oporto desde Santiago de Compostela"},"content":{"rendered":"<h2><b>Tour Privado de Oporto desde Santiago de Compostela Descripci\u00f3n<\/b><\/h2>\n<p><span style=\"font-weight: 400;\">Explore la encantadora ciudad de Oporto con nuestro tour privado desde Santiago de Compostela. Con un transporte c\u00f3modo y un gu\u00eda experto, este tour ofrece una forma \u00fanica y personalizada de conocer los lugares m\u00e1s emblem\u00e1ticos y las atracciones de Oporto. Tanto si viaja solo, en familia o en grupo, nuestros ch\u00f3feres profesionales se asegurar\u00e1n de que llegue seguro y c\u00f3modo a su destino. Se encontrar\u00e1n con el gu\u00eda en Oporto, que los estar\u00e1 esperando para un tour privado de 4 horas all\u00ed.<\/span><\/p>\n<p><span style=\"font-weight: 400;\">Emb\u00e1rquese en una aventura de un d\u00eda completo en Oporto, una de las ciudades m\u00e1s bellas e hist\u00f3ricas de Portugal. Nuestro tour privado le llevar\u00e1 por las encantadoras calles del casco antiguo de Oporto, donde explorar\u00e1 los numerosos monumentos y atracciones de la ciudad. Con un transporte c\u00f3modo y un gu\u00eda profesional, podr\u00e1 disfrutar de lo mejor de Oporto con comodidad y estilo.<\/span><\/p>\n<p><span style=\"font-weight: 400;\">En este recorrido, tendr\u00e1 la oportunidad de conocer la rica historia de la ciudad, degustar el mundialmente conocido vino de Oporto y disfrutar de unas impresionantes vistas del r\u00edo Duero. Nuestro gu\u00eda experto le proporcionar\u00e1 informaci\u00f3n e historias fascinantes sobre la arquitectura, la cultura y la gente de Oporto. Acomp\u00e1\u00f1enos en una aventura inolvidable por una de las ciudades m\u00e1s encantadoras de Europa.<\/span><\/p>\n<h2><b>Tour Privado de Oporto desde Santiago de Compostela Puntos de Inter\u00e9s<\/b><\/h2>\n<p><span style=\"font-weight: 400;\">Durante nuestro tour privado de Oporto, visitar\u00e1 algunos de los monumentos y atracciones m\u00e1s famosos de la ciudad. Desde monumentos hist\u00f3ricos a hermosos jardines, hay algo para todos los gustos en Oporto. Nuestro tour incluye visitas a:<\/span><\/p>\n<h3><b>Plaza de la Ribeira:<\/b><\/h3>\n<p><span style=\"font-weight: 400;\">Situada en el coraz\u00f3n de Oporto, la Plaza de la Ribeira es Patrimonio Mundial de la UNESCO y una popular atracci\u00f3n tur\u00edstica. Con sus coloridos edificios, animados restaurantes e impresionantes vistas del r\u00edo Duero, la plaza de la Ribeira es un destino obligado para cualquiera que visite Oporto. Podr\u00e1 dar un relajante paseo por la orilla del r\u00edo y contemplar el ir y venir de los barcos.<\/span><\/p>\n<h3><b>Estaci\u00f3n de S\u00e3o Bento:<\/b><\/h3>\n<p><span style=\"font-weight: 400;\">La estaci\u00f3n de S\u00e3o Bento, una de las m\u00e1s bellas del mundo, es famosa por sus impresionantes azulejos, que representan escenas de la historia portuguesa. El gran vest\u00edbulo de la estaci\u00f3n es una visita obligada, con sus intrincados detalles e impresionantes frescos.<\/span><\/p>\n<h3><b>Torre de los Cl\u00e9rigos:<\/b><\/h3>\n<p><span style=\"font-weight: 400;\">El campanario m\u00e1s alto de Portugal, la Torre de Cl\u00e9rigos, ofrece unas vistas impresionantes de Oporto y sus alrededores. Con 240 escalones, la subida merece la pena. Desde lo alto, se pueden ver los tejados rojos de la ciudad y el r\u00edo Duero serpenteando hacia el Atl\u00e1ntico.<\/span><\/p>\n<h3><b>Livraria Lello:<\/b><\/h3>\n<p><span style=\"font-weight: 400;\">Considerada una de las librer\u00edas m\u00e1s bellas del mundo, Livraria Lello es famosa por su impresionante arquitectura, su intrincada carpinter\u00eda y sus vibrantes vidrieras. La pieza central de la tienda es una impresionante escalera de caracol que conduce al segundo piso, donde se puede hojear la colecci\u00f3n de libros y recuerdos de la tienda.<\/span><\/p>\n<h3><b>Catedral de Oporto:<\/b><\/h3>\n<p><span style=\"font-weight: 400;\">Impresionante ejemplo de arquitectura rom\u00e1nica, la Catedral de Oporto es uno de los monumentos m\u00e1s emblem\u00e1ticos de la ciudad. Con su hermoso claustro y sus impresionantes vistas de la ciudad, la Catedral de Oporto es un destino obligado para cualquiera que visite Oporto. En su interior, encontrar\u00e1 hermosas obras de arte y objetos de la larga historia de la catedral.<\/span><\/p>\n<h3><b>Palacio de la Bolsa:<\/b><\/h3>\n<p><span style=\"font-weight: 400;\">El Palacio de la Bolsa, un hermoso edificio neocl\u00e1sico que alberg\u00f3 la Bolsa de Oporto, est\u00e1 abierto al p\u00fablico para visitas guiadas. Con su impresionante sal\u00f3n de baile y su ornamentada decoraci\u00f3n, el Pal\u00e1cio da Bolsa es una fascinante mirada a la rica historia de Oporto. El edificio tambi\u00e9n alberga varias exposiciones de arte a lo largo del a\u00f1o.<\/span><\/p>\n<h3><b>Jardines del Palacio de Cristal:<\/b><\/h3>\n<p><span style=\"font-weight: 400;\">Jardins do Pal\u00e1cio de Cristal, un hermoso parque con impresionantes vistas del r\u00edo Duero, es un destino popular tanto para los lugare\u00f1os como para los turistas. Con sus exuberantes jardines, hermosas fuentes y ambiente tranquilo, Jardins do Pal\u00e1cio de Cristal es el lugar perfecto para relajarse y disfrutar de la belleza de Oporto. El parque tambi\u00e9n acoge diversos eventos a lo largo del a\u00f1o, como festivales de m\u00fasica y conciertos al aire libre.<\/span><\/p>\n<p><span style=\"font-weight: 400;\">Reserve hoy mismo su tour privado por Oporto desde Santiago de Compostela y conozca la historia, cultura y belleza de la ciudad de una forma \u00fanica y personalizada. P\u00f3ngase en contacto con Tour Travel and More para obtener m\u00e1s informaci\u00f3n sobre nuestros <\/span><a href=\"https:\/\/tourtravelandmore.com\/es\/ciudad\/espana-es\/santiago-de-compostela-es\/\"><span style=\"font-weight: 400;\">tours privados en Santiago de Compostela y m\u00e1s all\u00e1.<\/span><\/a><\/p>\n<p><span style=\"font-weight: 400;\">Nuestro experimentado equipo est\u00e1 a su disposici\u00f3n para ayudarle a planificar el tour privado perfecto que se adapte a sus necesidades e intereses. No pierda esta oportunidad de descubrir las maravillas de Oporto con la comodidad y conveniencia de nuestros servicios de tours privados. Reserve su visita hoy mismo y cree recuerdos que durar\u00e1n toda la vida.<\/span><\/p>\n<p>&nbsp;<\/p>\n","protected":false},"excerpt":{"rendered":"<p>Explore la encantadora ciudad de Oporto con nuestro tour privado desde Santiago de Compostela. Con un transporte c\u00f3modo y un gu\u00eda experto, este tour ofrece una forma \u00fanica y personalizada de experimentar los lugares emblem\u00e1ticos y las atracciones de Oporto. Ya sea que seas un viajero solitario, una familia o un grupo, nuestros ch\u00f3feres profesionales asegurar\u00e1n que llegues a tu destino de manera segura y c\u00f3moda.<\/p>\n","protected":false},"featured_media":154976,"comment_status":"open","ping_status":"closed","template":"","meta":{"_acf_changed":false},"product_brand":[],"product_cat":[1868,1872,1873,1874],"product_tag":[],"class_list":{"0":"post-154951","1":"product","2":"type-product","3":"status-publish","4":"has-post-thumbnail","6":"product_cat-santiago-de-compostela-es","7":"product_cat-santiago-de-compostela-actividades-es","8":"product_cat-santiago-de-compostela-excursiones-es","9":"product_cat-santiago-de-compostela-rutas-turisticas-privadas-es","11":"first","12":"instock","13":"shipping-taxable","14":"purchasable","15":"product-type-simple"},"acf":[],"yoast_head":"<!-- This site is optimized with the Yoast SEO Premium plugin v25.3.1 (Yoast SEO v25.3.1) - https:\/\/yoast.com\/wordpress\/plugins\/seo\/ -->\n<title>\u27a1\ufe0f Tour privado de Oporto desde Santiago de Compostela | Tour Travel &amp; More<\/title>\n<meta name=\"description\" content=\"Disfrute de lo mejor de Oporto en un tour privado desde Santiago de Compostela. Descubra los lugares emblem\u00e1ticos de la ciudad, pruebe su delicioso vino y sum\u00e9rjase en su rica historia y cultura. Reserve su tour hoy mismo con Tour Travel and More\" \/>\n<meta name=\"robots\" content=\"index, follow, max-snippet:-1, max-image-preview:large, max-video-preview:-1\" \/>\n<link rel=\"canonical\" href=\"https:\/\/tourtravelandmore.com\/es\/tours\/espana-es\/santiago-de-compostela-es\/santiago-de-compostela-actividades-es\/excursion-privada-a-oporto-desde-santiago-de-compostela\/\" \/>\n<meta property=\"og:locale\" content=\"es_ES\" \/>\n<meta property=\"og:type\" content=\"article\" \/>\n<meta property=\"og:title\" content=\"Tour privado a Oporto desde Santiago de Compostela\" \/>\n<meta property=\"og:description\" content=\"Disfrute de lo mejor de Oporto en un tour privado desde Santiago de Compostela. Descubra los lugares emblem\u00e1ticos de la ciudad, pruebe su delicioso vino y sum\u00e9rjase en su rica historia y cultura. Reserve su tour hoy mismo con Tour Travel and More\" \/>\n<meta property=\"og:url\" content=\"https:\/\/tourtravelandmore.com\/es\/tours\/espana-es\/santiago-de-compostela-es\/santiago-de-compostela-actividades-es\/excursion-privada-a-oporto-desde-santiago-de-compostela\/\" \/>\n<meta property=\"og:site_name\" content=\"Tour Travel And More\" \/>\n<meta property=\"article:publisher\" content=\"https:\/\/www.facebook.com\/tourtravelandmore\/\" \/>\n<meta property=\"article:modified_time\" content=\"2024-03-07T16:06:35+00:00\" \/>\n<meta property=\"og:image\" content=\"https:\/\/tourtravelandmore.com\/wp-content\/uploads\/2023\/02\/image2-8.jpg\" \/>\n\t<meta property=\"og:image:width\" content=\"900\" \/>\n\t<meta property=\"og:image:height\" content=\"750\" \/>\n\t<meta property=\"og:image:type\" content=\"image\/jpeg\" \/>\n<meta name=\"twitter:card\" content=\"summary_large_image\" \/>\n<meta name=\"twitter:site\" content=\"@TourTravel_More\" \/>\n<meta name=\"twitter:label1\" content=\"Tiempo de lectura\" \/>\n\t<meta name=\"twitter:data1\" content=\"4 minutos\" \/>\n<script type=\"application\/ld+json\" class=\"yoast-schema-graph\">{\"@context\":\"https:\/\/schema.org\",\"@graph\":[{\"@type\":\"WebPage\",\"@id\":\"https:\/\/tourtravelandmore.com\/es\/tours\/espana-es\/santiago-de-compostela-es\/santiago-de-compostela-actividades-es\/excursion-privada-a-oporto-desde-santiago-de-compostela\/\",\"url\":\"https:\/\/tourtravelandmore.com\/es\/tours\/espana-es\/santiago-de-compostela-es\/santiago-de-compostela-actividades-es\/excursion-privada-a-oporto-desde-santiago-de-compostela\/\",\"name\":\"\u27a1\ufe0f Tour privado de Oporto desde Santiago de Compostela | Tour Travel & More\",\"isPartOf\":{\"@id\":\"https:\/\/tourtravelandmore.com\/es\/#website\"},\"primaryImageOfPage\":{\"@id\":\"https:\/\/tourtravelandmore.com\/es\/tours\/espana-es\/santiago-de-compostela-es\/santiago-de-compostela-actividades-es\/excursion-privada-a-oporto-desde-santiago-de-compostela\/#primaryimage\"},\"image\":{\"@id\":\"https:\/\/tourtravelandmore.com\/es\/tours\/espana-es\/santiago-de-compostela-es\/santiago-de-compostela-actividades-es\/excursion-privada-a-oporto-desde-santiago-de-compostela\/#primaryimage\"},\"thumbnailUrl\":\"https:\/\/tourtravelandmore.com\/wp-content\/uploads\/2023\/02\/image2-8.jpg\",\"datePublished\":\"2023-02-28T07:43:29+00:00\",\"dateModified\":\"2024-03-07T16:06:35+00:00\",\"description\":\"Disfrute de lo mejor de Oporto en un tour privado desde Santiago de Compostela. Descubra los lugares emblem\u00e1ticos de la ciudad, pruebe su delicioso vino y sum\u00e9rjase en su rica historia y cultura. Reserve su tour hoy mismo con Tour Travel and More\",\"breadcrumb\":{\"@id\":\"https:\/\/tourtravelandmore.com\/es\/tours\/espana-es\/santiago-de-compostela-es\/santiago-de-compostela-actividades-es\/excursion-privada-a-oporto-desde-santiago-de-compostela\/#breadcrumb\"},\"inLanguage\":\"es\",\"potentialAction\":[{\"@type\":\"ReadAction\",\"target\":[\"https:\/\/tourtravelandmore.com\/es\/tours\/espana-es\/santiago-de-compostela-es\/santiago-de-compostela-actividades-es\/excursion-privada-a-oporto-desde-santiago-de-compostela\/\"]}]},{\"@type\":\"ImageObject\",\"inLanguage\":\"es\",\"@id\":\"https:\/\/tourtravelandmore.com\/es\/tours\/espana-es\/santiago-de-compostela-es\/santiago-de-compostela-actividades-es\/excursion-privada-a-oporto-desde-santiago-de-compostela\/#primaryimage\",\"url\":\"https:\/\/tourtravelandmore.com\/wp-content\/uploads\/2023\/02\/image2-8.jpg\",\"contentUrl\":\"https:\/\/tourtravelandmore.com\/wp-content\/uploads\/2023\/02\/image2-8.jpg\",\"width\":900,\"height\":750},{\"@type\":\"BreadcrumbList\",\"@id\":\"https:\/\/tourtravelandmore.com\/es\/tours\/espana-es\/santiago-de-compostela-es\/santiago-de-compostela-actividades-es\/excursion-privada-a-oporto-desde-santiago-de-compostela\/#breadcrumb\",\"itemListElement\":[{\"@type\":\"ListItem\",\"position\":1,\"name\":\"Home\",\"item\":\"https:\/\/tourtravelandmore.com\/es\/\"},{\"@type\":\"ListItem\",\"position\":2,\"name\":\"Tours\",\"item\":\"https:\/\/tourtravelandmore.com\/es\/tours\/\"},{\"@type\":\"ListItem\",\"position\":3,\"name\":\"Tour privado a Oporto desde Santiago de Compostela\"}]},{\"@type\":\"WebSite\",\"@id\":\"https:\/\/tourtravelandmore.com\/es\/#website\",\"url\":\"https:\/\/tourtravelandmore.com\/es\/\",\"name\":\"Tour Travel And More\",\"description\":\"Private sightseeing tours and luxury transfers in Spain\",\"publisher\":{\"@id\":\"https:\/\/tourtravelandmore.com\/es\/#organization\"},\"potentialAction\":[{\"@type\":\"SearchAction\",\"target\":{\"@type\":\"EntryPoint\",\"urlTemplate\":\"https:\/\/tourtravelandmore.com\/es\/?s={search_term_string}\"},\"query-input\":{\"@type\":\"PropertyValueSpecification\",\"valueRequired\":true,\"valueName\":\"search_term_string\"}}],\"inLanguage\":\"es\"},{\"@type\":\"Organization\",\"@id\":\"https:\/\/tourtravelandmore.com\/es\/#organization\",\"name\":\"Tour Travel And More\",\"url\":\"https:\/\/tourtravelandmore.com\/es\/\",\"logo\":{\"@type\":\"ImageObject\",\"inLanguage\":\"es\",\"@id\":\"https:\/\/tourtravelandmore.com\/es\/#\/schema\/logo\/image\/\",\"url\":\"https:\/\/tourtravelandmore.com\/wp-content\/uploads\/2022\/12\/cropped-logo-cabecera-new.png\",\"contentUrl\":\"https:\/\/tourtravelandmore.com\/wp-content\/uploads\/2022\/12\/cropped-logo-cabecera-new.png\",\"width\":430,\"height\":61,\"caption\":\"Tour Travel And More\"},\"image\":{\"@id\":\"https:\/\/tourtravelandmore.com\/es\/#\/schema\/logo\/image\/\"},\"sameAs\":[\"https:\/\/www.facebook.com\/tourtravelandmore\/\",\"https:\/\/x.com\/TourTravel_More\"]}]}<\/script>\n<!-- \/ Yoast SEO Premium plugin. -->","yoast_head_json":{"title":"\u27a1\ufe0f Tour privado de Oporto desde Santiago de Compostela | Tour Travel & More","description":"Disfrute de lo mejor de Oporto en un tour privado desde Santiago de Compostela. Descubra los lugares emblem\u00e1ticos de la ciudad, pruebe su delicioso vino y sum\u00e9rjase en su rica historia y cultura. Reserve su tour hoy mismo con Tour Travel and More","robots":{"index":"index","follow":"follow","max-snippet":"max-snippet:-1","max-image-preview":"max-image-preview:large","max-video-preview":"max-video-preview:-1"},"canonical":"https:\/\/tourtravelandmore.com\/es\/tours\/espana-es\/santiago-de-compostela-es\/santiago-de-compostela-actividades-es\/excursion-privada-a-oporto-desde-santiago-de-compostela\/","og_locale":"es_ES","og_type":"article","og_title":"Tour privado a Oporto desde Santiago de Compostela","og_description":"Disfrute de lo mejor de Oporto en un tour privado desde Santiago de Compostela. Descubra los lugares emblem\u00e1ticos de la ciudad, pruebe su delicioso vino y sum\u00e9rjase en su rica historia y cultura. Reserve su tour hoy mismo con Tour Travel and More","og_url":"https:\/\/tourtravelandmore.com\/es\/tours\/espana-es\/santiago-de-compostela-es\/santiago-de-compostela-actividades-es\/excursion-privada-a-oporto-desde-santiago-de-compostela\/","og_site_name":"Tour Travel And More","article_publisher":"https:\/\/www.facebook.com\/tourtravelandmore\/","article_modified_time":"2024-03-07T16:06:35+00:00","og_image":[{"width":900,"height":750,"url":"https:\/\/tourtravelandmore.com\/wp-content\/uploads\/2023\/02\/image2-8.jpg","type":"image\/jpeg"}],"twitter_card":"summary_large_image","twitter_site":"@TourTravel_More","twitter_misc":{"Tiempo de lectura":"4 minutos"},"schema":{"@context":"https:\/\/schema.org","@graph":[{"@type":"WebPage","@id":"https:\/\/tourtravelandmore.com\/es\/tours\/espana-es\/santiago-de-compostela-es\/santiago-de-compostela-actividades-es\/excursion-privada-a-oporto-desde-santiago-de-compostela\/","url":"https:\/\/tourtravelandmore.com\/es\/tours\/espana-es\/santiago-de-compostela-es\/santiago-de-compostela-actividades-es\/excursion-privada-a-oporto-desde-santiago-de-compostela\/","name":"\u27a1\ufe0f Tour privado de Oporto desde Santiago de Compostela | Tour Travel & More","isPartOf":{"@id":"https:\/\/tourtravelandmore.com\/es\/#website"},"primaryImageOfPage":{"@id":"https:\/\/tourtravelandmore.com\/es\/tours\/espana-es\/santiago-de-compostela-es\/santiago-de-compostela-actividades-es\/excursion-privada-a-oporto-desde-santiago-de-compostela\/#primaryimage"},"image":{"@id":"https:\/\/tourtravelandmore.com\/es\/tours\/espana-es\/santiago-de-compostela-es\/santiago-de-compostela-actividades-es\/excursion-privada-a-oporto-desde-santiago-de-compostela\/#primaryimage"},"thumbnailUrl":"https:\/\/tourtravelandmore.com\/wp-content\/uploads\/2023\/02\/image2-8.jpg","datePublished":"2023-02-28T07:43:29+00:00","dateModified":"2024-03-07T16:06:35+00:00","description":"Disfrute de lo mejor de Oporto en un tour privado desde Santiago de Compostela. Descubra los lugares emblem\u00e1ticos de la ciudad, pruebe su delicioso vino y sum\u00e9rjase en su rica historia y cultura. Reserve su tour hoy mismo con Tour Travel and More","breadcrumb":{"@id":"https:\/\/tourtravelandmore.com\/es\/tours\/espana-es\/santiago-de-compostela-es\/santiago-de-compostela-actividades-es\/excursion-privada-a-oporto-desde-santiago-de-compostela\/#breadcrumb"},"inLanguage":"es","potentialAction":[{"@type":"ReadAction","target":["https:\/\/tourtravelandmore.com\/es\/tours\/espana-es\/santiago-de-compostela-es\/santiago-de-compostela-actividades-es\/excursion-privada-a-oporto-desde-santiago-de-compostela\/"]}]},{"@type":"ImageObject","inLanguage":"es","@id":"https:\/\/tourtravelandmore.com\/es\/tours\/espana-es\/santiago-de-compostela-es\/santiago-de-compostela-actividades-es\/excursion-privada-a-oporto-desde-santiago-de-compostela\/#primaryimage","url":"https:\/\/tourtravelandmore.com\/wp-content\/uploads\/2023\/02\/image2-8.jpg","contentUrl":"https:\/\/tourtravelandmore.com\/wp-content\/uploads\/2023\/02\/image2-8.jpg","width":900,"height":750},{"@type":"BreadcrumbList","@id":"https:\/\/tourtravelandmore.com\/es\/tours\/espana-es\/santiago-de-compostela-es\/santiago-de-compostela-actividades-es\/excursion-privada-a-oporto-desde-santiago-de-compostela\/#breadcrumb","itemListElement":[{"@type":"ListItem","position":1,"name":"Home","item":"https:\/\/tourtravelandmore.com\/es\/"},{"@type":"ListItem","position":2,"name":"Tours","item":"https:\/\/tourtravelandmore.com\/es\/tours\/"},{"@type":"ListItem","position":3,"name":"Tour privado a Oporto desde Santiago de Compostela"}]},{"@type":"WebSite","@id":"https:\/\/tourtravelandmore.com\/es\/#website","url":"https:\/\/tourtravelandmore.com\/es\/","name":"Tour Travel And More","description":"Private sightseeing tours and luxury transfers in Spain","publisher":{"@id":"https:\/\/tourtravelandmore.com\/es\/#organization"},"potentialAction":[{"@type":"SearchAction","target":{"@type":"EntryPoint","urlTemplate":"https:\/\/tourtravelandmore.com\/es\/?s={search_term_string}"},"query-input":{"@type":"PropertyValueSpecification","valueRequired":true,"valueName":"search_term_string"}}],"inLanguage":"es"},{"@type":"Organization","@id":"https:\/\/tourtravelandmore.com\/es\/#organization","name":"Tour Travel And More","url":"https:\/\/tourtravelandmore.com\/es\/","logo":{"@type":"ImageObject","inLanguage":"es","@id":"https:\/\/tourtravelandmore.com\/es\/#\/schema\/logo\/image\/","url":"https:\/\/tourtravelandmore.com\/wp-content\/uploads\/2022\/12\/cropped-logo-cabecera-new.png","contentUrl":"https:\/\/tourtravelandmore.com\/wp-content\/uploads\/2022\/12\/cropped-logo-cabecera-new.png","width":430,"height":61,"caption":"Tour Travel And More"},"image":{"@id":"https:\/\/tourtravelandmore.com\/es\/#\/schema\/logo\/image\/"},"sameAs":["https:\/\/www.facebook.com\/tourtravelandmore\/","https:\/\/x.com\/TourTravel_More"]}]}},"_links":{"self":[{"href":"https:\/\/tourtravelandmore.com\/es\/wp-json\/wp\/v2\/product\/154951","targetHints":{"allow":["GET"]}}],"collection":[{"href":"https:\/\/tourtravelandmore.com\/es\/wp-json\/wp\/v2\/product"}],"about":[{"href":"https:\/\/tourtravelandmore.com\/es\/wp-json\/wp\/v2\/types\/product"}],"replies":[{"embeddable":true,"href":"https:\/\/tourtravelandmore.com\/es\/wp-json\/wp\/v2\/comments?post=154951"}],"wp:featuredmedia":[{"embeddable":true,"href":"https:\/\/tourtravelandmore.com\/es\/wp-json\/wp\/v2\/media\/154976"}],"wp:attachment":[{"href":"https:\/\/tourtravelandmore.com\/es\/wp-json\/wp\/v2\/media?parent=154951"}],"wp:term":[{"taxonomy":"product_brand","embeddable":true,"href":"https:\/\/tourtravelandmore.com\/es\/wp-json\/wp\/v2\/product_brand?post=154951"},{"taxonomy":"product_cat","embeddable":true,"href":"https:\/\/tourtravelandmore.com\/es\/wp-json\/wp\/v2\/product_cat?post=154951"},{"taxonomy":"product_tag","embeddable":true,"href":"https:\/\/tourtravelandmore.com\/es\/wp-json\/wp\/v2\/product_tag?post=154951"}],"curies":[{"name":"wp","href":"https:\/\/api.w.org\/{rel}","templated":true}]}}