{"id":154916,"date":"2023-02-28T08:25:47","date_gmt":"2023-02-28T07:25:48","guid":{"rendered":"https:\/\/tourtravelandmore.com\/?post_type=product&#038;p=154916"},"modified":"2024-11-20T21:09:07","modified_gmt":"2024-11-20T20:09:07","slug":"tour-privado-de-lugo-desde-santiago-de-compostela","status":"publish","type":"product","link":"https:\/\/tourtravelandmore.com\/es\/tours\/espana-es\/santiago-de-compostela-es\/santiago-de-compostela-actividades-es\/tour-privado-de-lugo-desde-santiago-de-compostela\/","title":{"rendered":"Tour Privado de Lugo desde Santiago de Compostela"},"content":{"rendered":"<h2><b>Tour Privado de Lugo desde Santiago de Compostela Descripci\u00f3n<\/b><\/h2>\n<p><span style=\"font-weight: 400;\">Descubra la encantadora ciudad de Lugo en esta excursi\u00f3n privada desde Santiago de Compostela. Nuestro gu\u00eda profesional le llevar\u00e1 por el centro hist\u00f3rico de la ciudad, revel\u00e1ndole su fascinante historia y patrimonio cultural. Con un transporte c\u00f3modo y un itinerario flexible, este tour ofrece una forma \u00fanica y personalizada de conocer los lugares m\u00e1s emblem\u00e1ticos y las atracciones de Lugo. Tendr\u00e1 la oportunidad de explorar la ciudad a su propio ritmo, disfrutando de las vistas y sonidos de esta encantadora ciudad gallega. Tanto si le interesa la historia, el arte o la gastronom\u00eda, nuestro tour privado de Lugo es la forma perfecta de experimentar todo lo que la ciudad tiene que ofrecer.<\/span><\/p>\n<p><span style=\"font-weight: 400;\">Emb\u00e1rquese en una aventura de un d\u00eda completo a Lugo, una de las ciudades m\u00e1s hist\u00f3ricas y pintorescas de Galicia. Nuestro tour privado le llevar\u00e1 por las encantadoras calles del casco antiguo de Lugo, donde explorar\u00e1 los numerosos monumentos y atracciones de la ciudad. Con un transporte c\u00f3modo y un gu\u00eda profesional, experimentar\u00e1 lo mejor que Lugo tiene para ofrecer con comodidad y estilo.<\/span><\/p>\n<p><span style=\"font-weight: 400;\">Durante este recorrido de 8 horas, tendr\u00e1 la oportunidad de descubrir las antiguas murallas de la ciudad, su famoso Puente Romano y la Catedral de Santa Mar\u00eda. Con su gu\u00eda experto, aprender\u00e1 sobre el rico patrimonio cultural de Lugo y su fascinante historia, desde la ocupaci\u00f3n romana hasta la Edad Media y m\u00e1s all\u00e1. No se pierda esta oportunidad de explorar una de las ciudades m\u00e1s fascinantes de Galicia en una excursi\u00f3n personalizada y privada desde Santiago de Compostela.<\/span><\/p>\n<h2><b>Tour Privado de Lugo desde Santiago de Compostela Puntos de Inter\u00e9s<\/b><\/h2>\n<p><span style=\"font-weight: 400;\">Nuestro tour privado por Lugo incluye visitas a los lugares m\u00e1s emblem\u00e1ticos de la ciudad, entre ellos:<\/span><\/p>\n<h3><b>Muralla Romana de Lugo:<\/b><\/h3>\n<p><span style=\"font-weight: 400;\">Una de las murallas romanas m\u00e1s impresionantes del mundo, la muralla de Lugo es Patrimonio de la Humanidad de la UNESCO y una atracci\u00f3n imprescindible de Lugo. Es un excelente ejemplo de la arquitectura militar del Imperio Romano y se considera una de las murallas mejor conservadas de la \u00e9poca.<\/span><\/p>\n<h3><b>Catedral de Lugo:<\/b><\/h3>\n<p><span style=\"font-weight: 400;\">Una magn\u00edfica catedral que combina los estilos rom\u00e1nico, g\u00f3tico y barroco, con una arquitectura impresionante y una rica historia. La catedral cuenta con hermosas capillas, tallas intrincadas y un impresionante altar, lo que la convierte en uno de los lugares religiosos m\u00e1s impresionantes de la ciudad.<\/span><\/p>\n<h3><b>Plaza Mayor:<\/b><\/h3>\n<p><span style=\"font-weight: 400;\">La plaza principal de la ciudad, situada en el coraz\u00f3n del casco antiguo, es un centro de actividad con numerosos restaurantes, caf\u00e9s y tiendas. Es un lugar ideal para relajarse y observar a la gente mientras se disfruta de las vistas y los sonidos de la ciudad.<\/span><\/p>\n<h3><b>Paseo del R\u00edo Rato:<\/b><\/h3>\n<p><span style=\"font-weight: 400;\">Un hermoso paseo ribere\u00f1o que ofrece impresionantes vistas de la ciudad, perfecto para pasear tranquilamente. Es un lugar ideal para disfrutar del paisaje y de la belleza natural de la regi\u00f3n.<\/span><\/p>\n<p><span style=\"font-weight: 400;\">T\u00f3mese un respiro del ajetreo de la ciudad y rel\u00e1jese en el tranquilo Paseo del R\u00edo Rato. Este tranquilo lugar es ideal para aquellos que buscan relajarse y disfrutar de un ambiente tranquilo rodeados de naturaleza. Ll\u00e9vese un picnic y disfrute de un almuerzo tranquilo mientras admira el hermoso paisaje.<\/span><\/p>\n<h3><b>Museo Provincial de Lugo:<\/b><\/h3>\n<p><span style=\"font-weight: 400;\">Un excelente museo que ofrece una visi\u00f3n completa de la historia y el patrimonio cultural de la ciudad, con una amplia gama de exposiciones y objetos. Es una visita obligada para cualquier persona interesada en la historia de la regi\u00f3n y sus gentes, con exposiciones que abarcan desde la prehistoria hasta la \u00e9poca moderna.<\/span><\/p>\n<p><span style=\"font-weight: 400;\">Reserve hoy mismo su tour privado por Lugo desde Santiago de Compostela y conozca la historia, cultura y belleza de la ciudad de una forma \u00fanica y personalizada. P\u00f3ngase en contacto con Tour Travel and More para obtener m\u00e1s informaci\u00f3n sobre nuestros <\/span><a href=\"https:\/\/tourtravelandmore.com\/es\/ciudad\/espana-es\/santiago-de-compostela-es\/\"><span style=\"font-weight: 400;\">tours privados en Santiago de Compostela y m\u00e1s all\u00e1.<\/span><\/a><\/p>\n<p><span style=\"font-weight: 400;\">Nuestro experto equipo de especialistas en viajes est\u00e1 siempre a su disposici\u00f3n para ayudarle a dise\u00f1ar un viaje que se adapte a sus preferencias e intereses. Con nuestros servicios de tours privados, podr\u00e1 disfrutar de una experiencia de viaje c\u00f3moda y flexible con la atenci\u00f3n personalizada que se merece. No pierda la oportunidad de explorar la rica historia y cultura de Lugo con los mejores en el negocio. P\u00f3ngase en contacto con nosotros hoy mismo para empezar a planificar el viaje de sus sue\u00f1os.<\/span><\/p>\n","protected":false},"excerpt":{"rendered":"<p><span style=\"font-weight: 400;\">Descubra lo mejor de Lugo con nuestro tour privado desde Santiago de Compostela. Nuestro gu\u00eda profesional le llevar\u00e1 por los monumentos y atracciones m\u00e1s emblem\u00e1ticos de la ciudad, ofreci\u00e9ndole una visi\u00f3n completa de la rica historia y patrimonio cultural de Lugo. Con un transporte c\u00f3modo y un itinerario flexible, nuestro tour privado es la forma perfecta de conocer Lugo con comodidad y estilo.<\/span><\/p>\n","protected":false},"featured_media":154935,"comment_status":"open","ping_status":"closed","template":"","meta":{"_acf_changed":false},"product_brand":[],"product_cat":[1868,1872,1873,1874],"product_tag":[],"class_list":{"0":"post-154916","1":"product","2":"type-product","3":"status-publish","4":"has-post-thumbnail","6":"product_cat-santiago-de-compostela-es","7":"product_cat-santiago-de-compostela-actividades-es","8":"product_cat-santiago-de-compostela-excursiones-es","9":"product_cat-santiago-de-compostela-rutas-turisticas-privadas-es","11":"first","12":"instock","13":"shipping-taxable","14":"purchasable","15":"product-type-simple"},"acf":[],"yoast_head":"<!-- This site is optimized with the Yoast SEO Premium plugin v25.3.1 (Yoast SEO v25.3.1) - https:\/\/yoast.com\/wordpress\/plugins\/seo\/ -->\n<title>\u27a1\ufe0f Tour Privado de Lugo desde Santiago de Compostela - Tour Travel and More<\/title>\n<meta name=\"description\" content=\"Descubra el encanto de Lugo en un tour privado desde Santiago de Compostela. Visite los lugares m\u00e1s emblem\u00e1ticos de Lugo \u2705\" \/>\n<meta name=\"robots\" content=\"index, follow, max-snippet:-1, max-image-preview:large, max-video-preview:-1\" \/>\n<link rel=\"canonical\" href=\"https:\/\/tourtravelandmore.com\/es\/tours\/espana-es\/santiago-de-compostela-es\/santiago-de-compostela-actividades-es\/tour-privado-de-lugo-desde-santiago-de-compostela\/\" \/>\n<meta property=\"og:locale\" content=\"es_ES\" \/>\n<meta property=\"og:type\" content=\"article\" \/>\n<meta property=\"og:title\" content=\"Tour Privado de Lugo desde Santiago de Compostela\" \/>\n<meta property=\"og:description\" content=\"Descubra el encanto de Lugo en un tour privado desde Santiago de Compostela. Visite los lugares m\u00e1s emblem\u00e1ticos de Lugo \u2705\" \/>\n<meta property=\"og:url\" content=\"https:\/\/tourtravelandmore.com\/es\/tours\/espana-es\/santiago-de-compostela-es\/santiago-de-compostela-actividades-es\/tour-privado-de-lugo-desde-santiago-de-compostela\/\" \/>\n<meta property=\"og:site_name\" content=\"Tour Travel And More\" \/>\n<meta property=\"article:publisher\" content=\"https:\/\/www.facebook.com\/tourtravelandmore\/\" \/>\n<meta property=\"article:modified_time\" content=\"2024-11-20T20:09:07+00:00\" \/>\n<meta property=\"og:image\" content=\"https:\/\/tourtravelandmore.com\/wp-content\/uploads\/2023\/02\/image2-7.jpg\" \/>\n\t<meta property=\"og:image:width\" content=\"900\" \/>\n\t<meta property=\"og:image:height\" content=\"750\" \/>\n\t<meta property=\"og:image:type\" content=\"image\/jpeg\" \/>\n<meta name=\"twitter:card\" content=\"summary_large_image\" \/>\n<meta name=\"twitter:site\" content=\"@TourTravel_More\" \/>\n<meta name=\"twitter:label1\" content=\"Tiempo de lectura\" \/>\n\t<meta name=\"twitter:data1\" content=\"4 minutos\" \/>\n<script type=\"application\/ld+json\" class=\"yoast-schema-graph\">{\"@context\":\"https:\/\/schema.org\",\"@graph\":[{\"@type\":\"WebPage\",\"@id\":\"https:\/\/tourtravelandmore.com\/es\/tours\/espana-es\/santiago-de-compostela-es\/santiago-de-compostela-actividades-es\/tour-privado-de-lugo-desde-santiago-de-compostela\/\",\"url\":\"https:\/\/tourtravelandmore.com\/es\/tours\/espana-es\/santiago-de-compostela-es\/santiago-de-compostela-actividades-es\/tour-privado-de-lugo-desde-santiago-de-compostela\/\",\"name\":\"\u27a1\ufe0f Tour Privado de Lugo desde Santiago de Compostela - Tour Travel and More\",\"isPartOf\":{\"@id\":\"https:\/\/tourtravelandmore.com\/es\/#website\"},\"primaryImageOfPage\":{\"@id\":\"https:\/\/tourtravelandmore.com\/es\/tours\/espana-es\/santiago-de-compostela-es\/santiago-de-compostela-actividades-es\/tour-privado-de-lugo-desde-santiago-de-compostela\/#primaryimage\"},\"image\":{\"@id\":\"https:\/\/tourtravelandmore.com\/es\/tours\/espana-es\/santiago-de-compostela-es\/santiago-de-compostela-actividades-es\/tour-privado-de-lugo-desde-santiago-de-compostela\/#primaryimage\"},\"thumbnailUrl\":\"https:\/\/tourtravelandmore.com\/wp-content\/uploads\/2023\/02\/image2-7.jpg\",\"datePublished\":\"2023-02-28T07:25:48+00:00\",\"dateModified\":\"2024-11-20T20:09:07+00:00\",\"description\":\"Descubra el encanto de Lugo en un tour privado desde Santiago de Compostela. Visite los lugares m\u00e1s emblem\u00e1ticos de Lugo \u2705\",\"breadcrumb\":{\"@id\":\"https:\/\/tourtravelandmore.com\/es\/tours\/espana-es\/santiago-de-compostela-es\/santiago-de-compostela-actividades-es\/tour-privado-de-lugo-desde-santiago-de-compostela\/#breadcrumb\"},\"inLanguage\":\"es\",\"potentialAction\":[{\"@type\":\"ReadAction\",\"target\":[\"https:\/\/tourtravelandmore.com\/es\/tours\/espana-es\/santiago-de-compostela-es\/santiago-de-compostela-actividades-es\/tour-privado-de-lugo-desde-santiago-de-compostela\/\"]}]},{\"@type\":\"ImageObject\",\"inLanguage\":\"es\",\"@id\":\"https:\/\/tourtravelandmore.com\/es\/tours\/espana-es\/santiago-de-compostela-es\/santiago-de-compostela-actividades-es\/tour-privado-de-lugo-desde-santiago-de-compostela\/#primaryimage\",\"url\":\"https:\/\/tourtravelandmore.com\/wp-content\/uploads\/2023\/02\/image2-7.jpg\",\"contentUrl\":\"https:\/\/tourtravelandmore.com\/wp-content\/uploads\/2023\/02\/image2-7.jpg\",\"width\":900,\"height\":750},{\"@type\":\"BreadcrumbList\",\"@id\":\"https:\/\/tourtravelandmore.com\/es\/tours\/espana-es\/santiago-de-compostela-es\/santiago-de-compostela-actividades-es\/tour-privado-de-lugo-desde-santiago-de-compostela\/#breadcrumb\",\"itemListElement\":[{\"@type\":\"ListItem\",\"position\":1,\"name\":\"Home\",\"item\":\"https:\/\/tourtravelandmore.com\/es\/\"},{\"@type\":\"ListItem\",\"position\":2,\"name\":\"Tours\",\"item\":\"https:\/\/tourtravelandmore.com\/es\/tours\/\"},{\"@type\":\"ListItem\",\"position\":3,\"name\":\"Tour Privado de Lugo desde Santiago de Compostela\"}]},{\"@type\":\"WebSite\",\"@id\":\"https:\/\/tourtravelandmore.com\/es\/#website\",\"url\":\"https:\/\/tourtravelandmore.com\/es\/\",\"name\":\"Tour Travel And More\",\"description\":\"Private sightseeing tours and luxury transfers in Spain\",\"publisher\":{\"@id\":\"https:\/\/tourtravelandmore.com\/es\/#organization\"},\"potentialAction\":[{\"@type\":\"SearchAction\",\"target\":{\"@type\":\"EntryPoint\",\"urlTemplate\":\"https:\/\/tourtravelandmore.com\/es\/?s={search_term_string}\"},\"query-input\":{\"@type\":\"PropertyValueSpecification\",\"valueRequired\":true,\"valueName\":\"search_term_string\"}}],\"inLanguage\":\"es\"},{\"@type\":\"Organization\",\"@id\":\"https:\/\/tourtravelandmore.com\/es\/#organization\",\"name\":\"Tour Travel And More\",\"url\":\"https:\/\/tourtravelandmore.com\/es\/\",\"logo\":{\"@type\":\"ImageObject\",\"inLanguage\":\"es\",\"@id\":\"https:\/\/tourtravelandmore.com\/es\/#\/schema\/logo\/image\/\",\"url\":\"https:\/\/tourtravelandmore.com\/wp-content\/uploads\/2022\/12\/cropped-logo-cabecera-new.png\",\"contentUrl\":\"https:\/\/tourtravelandmore.com\/wp-content\/uploads\/2022\/12\/cropped-logo-cabecera-new.png\",\"width\":430,\"height\":61,\"caption\":\"Tour Travel And More\"},\"image\":{\"@id\":\"https:\/\/tourtravelandmore.com\/es\/#\/schema\/logo\/image\/\"},\"sameAs\":[\"https:\/\/www.facebook.com\/tourtravelandmore\/\",\"https:\/\/x.com\/TourTravel_More\"]}]}<\/script>\n<!-- \/ Yoast SEO Premium plugin. -->","yoast_head_json":{"title":"\u27a1\ufe0f Tour Privado de Lugo desde Santiago de Compostela - Tour Travel and More","description":"Descubra el encanto de Lugo en un tour privado desde Santiago de Compostela. Visite los lugares m\u00e1s emblem\u00e1ticos de Lugo \u2705","robots":{"index":"index","follow":"follow","max-snippet":"max-snippet:-1","max-image-preview":"max-image-preview:large","max-video-preview":"max-video-preview:-1"},"canonical":"https:\/\/tourtravelandmore.com\/es\/tours\/espana-es\/santiago-de-compostela-es\/santiago-de-compostela-actividades-es\/tour-privado-de-lugo-desde-santiago-de-compostela\/","og_locale":"es_ES","og_type":"article","og_title":"Tour Privado de Lugo desde Santiago de Compostela","og_description":"Descubra el encanto de Lugo en un tour privado desde Santiago de Compostela. Visite los lugares m\u00e1s emblem\u00e1ticos de Lugo \u2705","og_url":"https:\/\/tourtravelandmore.com\/es\/tours\/espana-es\/santiago-de-compostela-es\/santiago-de-compostela-actividades-es\/tour-privado-de-lugo-desde-santiago-de-compostela\/","og_site_name":"Tour Travel And More","article_publisher":"https:\/\/www.facebook.com\/tourtravelandmore\/","article_modified_time":"2024-11-20T20:09:07+00:00","og_image":[{"width":900,"height":750,"url":"https:\/\/tourtravelandmore.com\/wp-content\/uploads\/2023\/02\/image2-7.jpg","type":"image\/jpeg"}],"twitter_card":"summary_large_image","twitter_site":"@TourTravel_More","twitter_misc":{"Tiempo de lectura":"4 minutos"},"schema":{"@context":"https:\/\/schema.org","@graph":[{"@type":"WebPage","@id":"https:\/\/tourtravelandmore.com\/es\/tours\/espana-es\/santiago-de-compostela-es\/santiago-de-compostela-actividades-es\/tour-privado-de-lugo-desde-santiago-de-compostela\/","url":"https:\/\/tourtravelandmore.com\/es\/tours\/espana-es\/santiago-de-compostela-es\/santiago-de-compostela-actividades-es\/tour-privado-de-lugo-desde-santiago-de-compostela\/","name":"\u27a1\ufe0f Tour Privado de Lugo desde Santiago de Compostela - Tour Travel and More","isPartOf":{"@id":"https:\/\/tourtravelandmore.com\/es\/#website"},"primaryImageOfPage":{"@id":"https:\/\/tourtravelandmore.com\/es\/tours\/espana-es\/santiago-de-compostela-es\/santiago-de-compostela-actividades-es\/tour-privado-de-lugo-desde-santiago-de-compostela\/#primaryimage"},"image":{"@id":"https:\/\/tourtravelandmore.com\/es\/tours\/espana-es\/santiago-de-compostela-es\/santiago-de-compostela-actividades-es\/tour-privado-de-lugo-desde-santiago-de-compostela\/#primaryimage"},"thumbnailUrl":"https:\/\/tourtravelandmore.com\/wp-content\/uploads\/2023\/02\/image2-7.jpg","datePublished":"2023-02-28T07:25:48+00:00","dateModified":"2024-11-20T20:09:07+00:00","description":"Descubra el encanto de Lugo en un tour privado desde Santiago de Compostela. Visite los lugares m\u00e1s emblem\u00e1ticos de Lugo \u2705","breadcrumb":{"@id":"https:\/\/tourtravelandmore.com\/es\/tours\/espana-es\/santiago-de-compostela-es\/santiago-de-compostela-actividades-es\/tour-privado-de-lugo-desde-santiago-de-compostela\/#breadcrumb"},"inLanguage":"es","potentialAction":[{"@type":"ReadAction","target":["https:\/\/tourtravelandmore.com\/es\/tours\/espana-es\/santiago-de-compostela-es\/santiago-de-compostela-actividades-es\/tour-privado-de-lugo-desde-santiago-de-compostela\/"]}]},{"@type":"ImageObject","inLanguage":"es","@id":"https:\/\/tourtravelandmore.com\/es\/tours\/espana-es\/santiago-de-compostela-es\/santiago-de-compostela-actividades-es\/tour-privado-de-lugo-desde-santiago-de-compostela\/#primaryimage","url":"https:\/\/tourtravelandmore.com\/wp-content\/uploads\/2023\/02\/image2-7.jpg","contentUrl":"https:\/\/tourtravelandmore.com\/wp-content\/uploads\/2023\/02\/image2-7.jpg","width":900,"height":750},{"@type":"BreadcrumbList","@id":"https:\/\/tourtravelandmore.com\/es\/tours\/espana-es\/santiago-de-compostela-es\/santiago-de-compostela-actividades-es\/tour-privado-de-lugo-desde-santiago-de-compostela\/#breadcrumb","itemListElement":[{"@type":"ListItem","position":1,"name":"Home","item":"https:\/\/tourtravelandmore.com\/es\/"},{"@type":"ListItem","position":2,"name":"Tours","item":"https:\/\/tourtravelandmore.com\/es\/tours\/"},{"@type":"ListItem","position":3,"name":"Tour Privado de Lugo desde Santiago de Compostela"}]},{"@type":"WebSite","@id":"https:\/\/tourtravelandmore.com\/es\/#website","url":"https:\/\/tourtravelandmore.com\/es\/","name":"Tour Travel And More","description":"Private sightseeing tours and luxury transfers in Spain","publisher":{"@id":"https:\/\/tourtravelandmore.com\/es\/#organization"},"potentialAction":[{"@type":"SearchAction","target":{"@type":"EntryPoint","urlTemplate":"https:\/\/tourtravelandmore.com\/es\/?s={search_term_string}"},"query-input":{"@type":"PropertyValueSpecification","valueRequired":true,"valueName":"search_term_string"}}],"inLanguage":"es"},{"@type":"Organization","@id":"https:\/\/tourtravelandmore.com\/es\/#organization","name":"Tour Travel And More","url":"https:\/\/tourtravelandmore.com\/es\/","logo":{"@type":"ImageObject","inLanguage":"es","@id":"https:\/\/tourtravelandmore.com\/es\/#\/schema\/logo\/image\/","url":"https:\/\/tourtravelandmore.com\/wp-content\/uploads\/2022\/12\/cropped-logo-cabecera-new.png","contentUrl":"https:\/\/tourtravelandmore.com\/wp-content\/uploads\/2022\/12\/cropped-logo-cabecera-new.png","width":430,"height":61,"caption":"Tour Travel And More"},"image":{"@id":"https:\/\/tourtravelandmore.com\/es\/#\/schema\/logo\/image\/"},"sameAs":["https:\/\/www.facebook.com\/tourtravelandmore\/","https:\/\/x.com\/TourTravel_More"]}]}},"_links":{"self":[{"href":"https:\/\/tourtravelandmore.com\/es\/wp-json\/wp\/v2\/product\/154916","targetHints":{"allow":["GET"]}}],"collection":[{"href":"https:\/\/tourtravelandmore.com\/es\/wp-json\/wp\/v2\/product"}],"about":[{"href":"https:\/\/tourtravelandmore.com\/es\/wp-json\/wp\/v2\/types\/product"}],"replies":[{"embeddable":true,"href":"https:\/\/tourtravelandmore.com\/es\/wp-json\/wp\/v2\/comments?post=154916"}],"wp:featuredmedia":[{"embeddable":true,"href":"https:\/\/tourtravelandmore.com\/es\/wp-json\/wp\/v2\/media\/154935"}],"wp:attachment":[{"href":"https:\/\/tourtravelandmore.com\/es\/wp-json\/wp\/v2\/media?parent=154916"}],"wp:term":[{"taxonomy":"product_brand","embeddable":true,"href":"https:\/\/tourtravelandmore.com\/es\/wp-json\/wp\/v2\/product_brand?post=154916"},{"taxonomy":"product_cat","embeddable":true,"href":"https:\/\/tourtravelandmore.com\/es\/wp-json\/wp\/v2\/product_cat?post=154916"},{"taxonomy":"product_tag","embeddable":true,"href":"https:\/\/tourtravelandmore.com\/es\/wp-json\/wp\/v2\/product_tag?post=154916"}],"curies":[{"name":"wp","href":"https:\/\/api.w.org\/{rel}","templated":true}]}}