{"id":154881,"date":"2023-02-28T08:09:47","date_gmt":"2023-02-28T07:09:48","guid":{"rendered":"https:\/\/tourtravelandmore.com\/?post_type=product&#038;p=154881"},"modified":"2024-11-25T18:39:28","modified_gmt":"2024-11-25T17:39:28","slug":"traslado-privado-de-santiago-de-compostela-a-oporto","status":"publish","type":"product","link":"https:\/\/tourtravelandmore.com\/es\/tours\/espana-es\/santiago-de-compostela-es\/santiago-de-compostela-traslados-es\/traslado-privado-de-santiago-de-compostela-a-oporto\/","title":{"rendered":"Traslado privado de Santiago de Compostela a Oporto"},"content":{"rendered":"<h2><strong>Traslado Privado de Santiago de Compostela a Oporto Descripci\u00f3n<\/strong><\/h2>\n<p><span style=\"font-weight: 400;\">Viaje con comodidad y estilo con nuestro servicio de traslado privado de Santiago de Compostela a Oporto. Tanto si viaja solo, en familia o en grupo, nuestros ch\u00f3feres profesionales se asegurar\u00e1n de que llegue seguro y c\u00f3modo a su destino. Evite el estr\u00e9s y las molestias del transporte p\u00fablico y deje que nosotros nos encarguemos de sus necesidades de traslado. Nuestros veh\u00edculos de lujo est\u00e1n equipados con todas las comodidades necesarias para que su viaje sea lo m\u00e1s confortable posible. Disfrute de la comodidad del aire acondicionado y de un amplio espacio para su equipaje. Con nuestro servicio de traslado privado, puede sentarse y relajarse, sabiendo que est\u00e1 en buenas manos con nuestros conductores experimentados y profesionales. Reserve su traslado privado con Tour Travel and More y comience su viaje sin estr\u00e9s.<\/span><\/p>\n<p><span style=\"font-weight: 400;\">Nuestro servicio de traslado privado le ofrece una forma c\u00f3moda y sin complicaciones de llegar de Santiago de Compostela a Oporto. Nuestros veh\u00edculos de lujo y ch\u00f3feres profesionales le recoger\u00e1n en el lugar que desee y le llevar\u00e1n a su destino en Oporto de forma segura y c\u00f3moda.<\/span><\/p>\n<p><span style=\"font-weight: 400;\">Con nuestro servicio de traslado privado, no tendr\u00e1 que preocuparse por los inconvenientes del transporte p\u00fablico o la imprevisibilidad de los servicios de taxi. Disfrutar\u00e1 de un viaje fiable y c\u00f3modo adaptado a sus necesidades espec\u00edficas. Nuestros veh\u00edculos est\u00e1n equipados con todas las comodidades necesarias para que su viaje sea lo m\u00e1s confortable posible, as\u00ed que puede sentarse y relajarse mientras nosotros nos ocupamos del resto. P\u00f3ngase en contacto con nosotros hoy mismo para reservar su traslado privado de Santiago de Compostela a Oporto.<\/span><\/p>\n<h2><strong>Traslado privado de Santiago de Compostela a Oporto Destacados<\/strong><\/h2>\n<p><span style=\"font-weight: 400;\">Nuestro servicio de traslado privado ofrece varios aspectos destacados para que su experiencia de traslado sea c\u00f3moda y agradable:<\/span><\/p>\n<h3><strong>Veh\u00edculos de lujo:<\/strong><\/h3>\n<p><span style=\"font-weight: 400;\">Nuestra flota de veh\u00edculos de lujo incluye berlinas, furgonetas y minibuses para satisfacer sus necesidades de traslado. Todos nuestros veh\u00edculos est\u00e1n bien mantenidos, tienen aire acondicionado y est\u00e1n equipados con comodidades modernas para garantizar un viaje c\u00f3modo y relajante.<\/span><\/p>\n<h3><strong>Ch\u00f3feres profesionales:<\/strong><\/h3>\n<p><span style=\"font-weight: 400;\">Nuestros experimentados y amables ch\u00f3feres le garantizar\u00e1n un viaje seguro y c\u00f3modo hasta su destino. Conocen bien el \u00e1rea local y pueden proporcionarle cualquier informaci\u00f3n que necesite durante su viaje.<\/span><\/p>\n<h3><strong>Horario flexible:<\/strong><\/h3>\n<p><span style=\"font-weight: 400;\">Nuestro servicio de traslados est\u00e1 disponible 24\/7, lo que le permite reservar un traslado que se adapte a su horario. Entendemos que los planes pueden cambiar, y estamos encantados de acomodar cualquier cambio en su reserva con un m\u00ednimo de antelaci\u00f3n.<\/span><\/p>\n<h3><strong>Precios competitivos:<\/strong><\/h3>\n<p><span style=\"font-weight: 400;\">Nuestro servicio de traslados privados ofrece precios competitivos, asegurando que usted obtenga el mejor valor por su dinero. Ofrecemos precios transparentes, sin cargos ocultos, por lo que puede estar seguro del coste de su traslado.<\/span><\/p>\n<h2><strong>Visitas populares y lugares de inter\u00e9s en Oporto:<\/strong><\/h2>\n<h3><strong>Torre de los Cl\u00e9rigos:\u00a0<\/strong><\/h3>\n<p><span style=\"font-weight: 400;\">Uno de los monumentos m\u00e1s emblem\u00e1ticos de Oporto, que ofrece vistas espectaculares de la ciudad.<\/span><\/p>\n<h3><strong>Bodegas de vino de Oporto:\u00a0<\/strong><\/h3>\n<p><span style=\"font-weight: 400;\">La ciudad es famosa por su vino de Oporto, y hay muchas bodegas que ofrecen visitas y degustaciones.<\/span><\/p>\n<h3><strong>Iglesia de S\u00e3o Francisco:\u00a0<\/strong><\/h3>\n<p><span style=\"font-weight: 400;\">Una iglesia impresionante con una bella arquitectura barroca y un interior impresionante.<\/span><\/p>\n<h3><strong>Plaza de la Ribeira:\u00a0<\/strong><\/h3>\n<p><span style=\"font-weight: 400;\">Una animada y colorida plaza a orillas del r\u00edo Duero, repleta de restaurantes y caf\u00e9s.<\/span><\/p>\n<h3><strong>Livraria Lello:\u00a0<\/strong><\/h3>\n<p><span style=\"font-weight: 400;\">Una hermosa librer\u00eda que, seg\u00fan se dice, inspir\u00f3 la serie Harry Potter de J.K. Rowling.<\/span><\/p>\n<p><span style=\"font-weight: 400;\">Visite nuestra p\u00e1gina web para explorar la <\/span><a href=\"https:\/\/tourtravelandmore.com\/es\/ciudad\/espana-es\/santiago-de-compostela-es\/\"><span style=\"font-weight: 400;\">lista de tours sobre Santiago de<\/span><\/a><span style=\"font-weight: 400;\"> Compostela que Tour Travel and More ofrece. Reserve hoy mismo su traslado privado de Santiago de Compostela a Oporto con nosotros para disfrutar de un viaje c\u00f3modo y sin complicaciones.<\/span><\/p>\n","protected":false},"excerpt":{"rendered":"<p><span style=\"font-weight: 400;\">Disfrute de un traslado privado c\u00f3modo y sin complicaciones de Santiago de Compostela a Oporto con Tour Travel and More. Nuestros veh\u00edculos de lujo y ch\u00f3feres profesionales le garantizar\u00e1n un viaje seguro y c\u00f3modo hasta su destino.<\/span><\/p>\n","protected":false},"featured_media":154906,"comment_status":"open","ping_status":"closed","template":"","meta":{"_acf_changed":false},"product_brand":[],"product_cat":[1868,1872,1870],"product_tag":[],"class_list":{"0":"post-154881","1":"product","2":"type-product","3":"status-publish","4":"has-post-thumbnail","6":"product_cat-santiago-de-compostela-es","7":"product_cat-santiago-de-compostela-actividades-es","8":"product_cat-santiago-de-compostela-traslados-es","10":"first","11":"instock","12":"shipping-taxable","13":"purchasable","14":"product-type-simple"},"acf":[],"yoast_head":"<!-- This site is optimized with the Yoast SEO Premium plugin v25.3.1 (Yoast SEO v25.3.1) - https:\/\/yoast.com\/wordpress\/plugins\/seo\/ -->\n<title>\u27a1\ufe0f Traslado privado de Santiago de Compostela a Oporto | Tour Travel and More<\/title>\n<meta name=\"description\" content=\"Reserve un traslado privado de Santiago de Compostela a Oporto con Tour Travel and More para un viaje c\u00f3modo y sin complicaciones \u2705\" \/>\n<meta name=\"robots\" content=\"index, follow, max-snippet:-1, max-image-preview:large, max-video-preview:-1\" \/>\n<link rel=\"canonical\" href=\"https:\/\/tourtravelandmore.com\/es\/tours\/espana-es\/santiago-de-compostela-es\/santiago-de-compostela-traslados-es\/traslado-privado-de-santiago-de-compostela-a-oporto\/\" \/>\n<meta property=\"og:locale\" content=\"es_ES\" \/>\n<meta property=\"og:type\" content=\"article\" \/>\n<meta property=\"og:title\" content=\"Traslado privado de Santiago de Compostela a Oporto\" \/>\n<meta property=\"og:description\" content=\"Reserve un traslado privado de Santiago de Compostela a Oporto con Tour Travel and More para un viaje c\u00f3modo y sin complicaciones \u2705\" \/>\n<meta property=\"og:url\" content=\"https:\/\/tourtravelandmore.com\/es\/tours\/espana-es\/santiago-de-compostela-es\/santiago-de-compostela-traslados-es\/traslado-privado-de-santiago-de-compostela-a-oporto\/\" \/>\n<meta property=\"og:site_name\" content=\"Tour Travel And More\" \/>\n<meta property=\"article:publisher\" content=\"https:\/\/www.facebook.com\/tourtravelandmore\/\" \/>\n<meta property=\"article:modified_time\" content=\"2024-11-25T17:39:28+00:00\" \/>\n<meta property=\"og:image\" content=\"https:\/\/tourtravelandmore.com\/wp-content\/uploads\/2023\/02\/image4-6.jpg\" \/>\n\t<meta property=\"og:image:width\" content=\"900\" \/>\n\t<meta property=\"og:image:height\" content=\"750\" \/>\n\t<meta property=\"og:image:type\" content=\"image\/jpeg\" \/>\n<meta name=\"twitter:card\" content=\"summary_large_image\" \/>\n<meta name=\"twitter:site\" content=\"@TourTravel_More\" \/>\n<meta name=\"twitter:label1\" content=\"Tiempo de lectura\" \/>\n\t<meta name=\"twitter:data1\" content=\"3 minutos\" \/>\n<script type=\"application\/ld+json\" class=\"yoast-schema-graph\">{\"@context\":\"https:\/\/schema.org\",\"@graph\":[{\"@type\":\"WebPage\",\"@id\":\"https:\/\/tourtravelandmore.com\/es\/tours\/espana-es\/santiago-de-compostela-es\/santiago-de-compostela-traslados-es\/traslado-privado-de-santiago-de-compostela-a-oporto\/\",\"url\":\"https:\/\/tourtravelandmore.com\/es\/tours\/espana-es\/santiago-de-compostela-es\/santiago-de-compostela-traslados-es\/traslado-privado-de-santiago-de-compostela-a-oporto\/\",\"name\":\"\u27a1\ufe0f Traslado privado de Santiago de Compostela a Oporto | Tour Travel and More\",\"isPartOf\":{\"@id\":\"https:\/\/tourtravelandmore.com\/es\/#website\"},\"primaryImageOfPage\":{\"@id\":\"https:\/\/tourtravelandmore.com\/es\/tours\/espana-es\/santiago-de-compostela-es\/santiago-de-compostela-traslados-es\/traslado-privado-de-santiago-de-compostela-a-oporto\/#primaryimage\"},\"image\":{\"@id\":\"https:\/\/tourtravelandmore.com\/es\/tours\/espana-es\/santiago-de-compostela-es\/santiago-de-compostela-traslados-es\/traslado-privado-de-santiago-de-compostela-a-oporto\/#primaryimage\"},\"thumbnailUrl\":\"https:\/\/tourtravelandmore.com\/wp-content\/uploads\/2023\/02\/image4-6.jpg\",\"datePublished\":\"2023-02-28T07:09:48+00:00\",\"dateModified\":\"2024-11-25T17:39:28+00:00\",\"description\":\"Reserve un traslado privado de Santiago de Compostela a Oporto con Tour Travel and More para un viaje c\u00f3modo y sin complicaciones \u2705\",\"breadcrumb\":{\"@id\":\"https:\/\/tourtravelandmore.com\/es\/tours\/espana-es\/santiago-de-compostela-es\/santiago-de-compostela-traslados-es\/traslado-privado-de-santiago-de-compostela-a-oporto\/#breadcrumb\"},\"inLanguage\":\"es\",\"potentialAction\":[{\"@type\":\"ReadAction\",\"target\":[\"https:\/\/tourtravelandmore.com\/es\/tours\/espana-es\/santiago-de-compostela-es\/santiago-de-compostela-traslados-es\/traslado-privado-de-santiago-de-compostela-a-oporto\/\"]}]},{\"@type\":\"ImageObject\",\"inLanguage\":\"es\",\"@id\":\"https:\/\/tourtravelandmore.com\/es\/tours\/espana-es\/santiago-de-compostela-es\/santiago-de-compostela-traslados-es\/traslado-privado-de-santiago-de-compostela-a-oporto\/#primaryimage\",\"url\":\"https:\/\/tourtravelandmore.com\/wp-content\/uploads\/2023\/02\/image4-6.jpg\",\"contentUrl\":\"https:\/\/tourtravelandmore.com\/wp-content\/uploads\/2023\/02\/image4-6.jpg\",\"width\":900,\"height\":750},{\"@type\":\"BreadcrumbList\",\"@id\":\"https:\/\/tourtravelandmore.com\/es\/tours\/espana-es\/santiago-de-compostela-es\/santiago-de-compostela-traslados-es\/traslado-privado-de-santiago-de-compostela-a-oporto\/#breadcrumb\",\"itemListElement\":[{\"@type\":\"ListItem\",\"position\":1,\"name\":\"Home\",\"item\":\"https:\/\/tourtravelandmore.com\/es\/\"},{\"@type\":\"ListItem\",\"position\":2,\"name\":\"Tours\",\"item\":\"https:\/\/tourtravelandmore.com\/es\/tours\/\"},{\"@type\":\"ListItem\",\"position\":3,\"name\":\"Traslado privado de Santiago de Compostela a Oporto\"}]},{\"@type\":\"WebSite\",\"@id\":\"https:\/\/tourtravelandmore.com\/es\/#website\",\"url\":\"https:\/\/tourtravelandmore.com\/es\/\",\"name\":\"Tour Travel And More\",\"description\":\"Private sightseeing tours and luxury transfers in Spain\",\"publisher\":{\"@id\":\"https:\/\/tourtravelandmore.com\/es\/#organization\"},\"potentialAction\":[{\"@type\":\"SearchAction\",\"target\":{\"@type\":\"EntryPoint\",\"urlTemplate\":\"https:\/\/tourtravelandmore.com\/es\/?s={search_term_string}\"},\"query-input\":{\"@type\":\"PropertyValueSpecification\",\"valueRequired\":true,\"valueName\":\"search_term_string\"}}],\"inLanguage\":\"es\"},{\"@type\":\"Organization\",\"@id\":\"https:\/\/tourtravelandmore.com\/es\/#organization\",\"name\":\"Tour Travel And More\",\"url\":\"https:\/\/tourtravelandmore.com\/es\/\",\"logo\":{\"@type\":\"ImageObject\",\"inLanguage\":\"es\",\"@id\":\"https:\/\/tourtravelandmore.com\/es\/#\/schema\/logo\/image\/\",\"url\":\"https:\/\/tourtravelandmore.com\/wp-content\/uploads\/2022\/12\/cropped-logo-cabecera-new.png\",\"contentUrl\":\"https:\/\/tourtravelandmore.com\/wp-content\/uploads\/2022\/12\/cropped-logo-cabecera-new.png\",\"width\":430,\"height\":61,\"caption\":\"Tour Travel And More\"},\"image\":{\"@id\":\"https:\/\/tourtravelandmore.com\/es\/#\/schema\/logo\/image\/\"},\"sameAs\":[\"https:\/\/www.facebook.com\/tourtravelandmore\/\",\"https:\/\/x.com\/TourTravel_More\"]}]}<\/script>\n<!-- \/ Yoast SEO Premium plugin. -->","yoast_head_json":{"title":"\u27a1\ufe0f Traslado privado de Santiago de Compostela a Oporto | Tour Travel and More","description":"Reserve un traslado privado de Santiago de Compostela a Oporto con Tour Travel and More para un viaje c\u00f3modo y sin complicaciones \u2705","robots":{"index":"index","follow":"follow","max-snippet":"max-snippet:-1","max-image-preview":"max-image-preview:large","max-video-preview":"max-video-preview:-1"},"canonical":"https:\/\/tourtravelandmore.com\/es\/tours\/espana-es\/santiago-de-compostela-es\/santiago-de-compostela-traslados-es\/traslado-privado-de-santiago-de-compostela-a-oporto\/","og_locale":"es_ES","og_type":"article","og_title":"Traslado privado de Santiago de Compostela a Oporto","og_description":"Reserve un traslado privado de Santiago de Compostela a Oporto con Tour Travel and More para un viaje c\u00f3modo y sin complicaciones \u2705","og_url":"https:\/\/tourtravelandmore.com\/es\/tours\/espana-es\/santiago-de-compostela-es\/santiago-de-compostela-traslados-es\/traslado-privado-de-santiago-de-compostela-a-oporto\/","og_site_name":"Tour Travel And More","article_publisher":"https:\/\/www.facebook.com\/tourtravelandmore\/","article_modified_time":"2024-11-25T17:39:28+00:00","og_image":[{"width":900,"height":750,"url":"https:\/\/tourtravelandmore.com\/wp-content\/uploads\/2023\/02\/image4-6.jpg","type":"image\/jpeg"}],"twitter_card":"summary_large_image","twitter_site":"@TourTravel_More","twitter_misc":{"Tiempo de lectura":"3 minutos"},"schema":{"@context":"https:\/\/schema.org","@graph":[{"@type":"WebPage","@id":"https:\/\/tourtravelandmore.com\/es\/tours\/espana-es\/santiago-de-compostela-es\/santiago-de-compostela-traslados-es\/traslado-privado-de-santiago-de-compostela-a-oporto\/","url":"https:\/\/tourtravelandmore.com\/es\/tours\/espana-es\/santiago-de-compostela-es\/santiago-de-compostela-traslados-es\/traslado-privado-de-santiago-de-compostela-a-oporto\/","name":"\u27a1\ufe0f Traslado privado de Santiago de Compostela a Oporto | Tour Travel and More","isPartOf":{"@id":"https:\/\/tourtravelandmore.com\/es\/#website"},"primaryImageOfPage":{"@id":"https:\/\/tourtravelandmore.com\/es\/tours\/espana-es\/santiago-de-compostela-es\/santiago-de-compostela-traslados-es\/traslado-privado-de-santiago-de-compostela-a-oporto\/#primaryimage"},"image":{"@id":"https:\/\/tourtravelandmore.com\/es\/tours\/espana-es\/santiago-de-compostela-es\/santiago-de-compostela-traslados-es\/traslado-privado-de-santiago-de-compostela-a-oporto\/#primaryimage"},"thumbnailUrl":"https:\/\/tourtravelandmore.com\/wp-content\/uploads\/2023\/02\/image4-6.jpg","datePublished":"2023-02-28T07:09:48+00:00","dateModified":"2024-11-25T17:39:28+00:00","description":"Reserve un traslado privado de Santiago de Compostela a Oporto con Tour Travel and More para un viaje c\u00f3modo y sin complicaciones \u2705","breadcrumb":{"@id":"https:\/\/tourtravelandmore.com\/es\/tours\/espana-es\/santiago-de-compostela-es\/santiago-de-compostela-traslados-es\/traslado-privado-de-santiago-de-compostela-a-oporto\/#breadcrumb"},"inLanguage":"es","potentialAction":[{"@type":"ReadAction","target":["https:\/\/tourtravelandmore.com\/es\/tours\/espana-es\/santiago-de-compostela-es\/santiago-de-compostela-traslados-es\/traslado-privado-de-santiago-de-compostela-a-oporto\/"]}]},{"@type":"ImageObject","inLanguage":"es","@id":"https:\/\/tourtravelandmore.com\/es\/tours\/espana-es\/santiago-de-compostela-es\/santiago-de-compostela-traslados-es\/traslado-privado-de-santiago-de-compostela-a-oporto\/#primaryimage","url":"https:\/\/tourtravelandmore.com\/wp-content\/uploads\/2023\/02\/image4-6.jpg","contentUrl":"https:\/\/tourtravelandmore.com\/wp-content\/uploads\/2023\/02\/image4-6.jpg","width":900,"height":750},{"@type":"BreadcrumbList","@id":"https:\/\/tourtravelandmore.com\/es\/tours\/espana-es\/santiago-de-compostela-es\/santiago-de-compostela-traslados-es\/traslado-privado-de-santiago-de-compostela-a-oporto\/#breadcrumb","itemListElement":[{"@type":"ListItem","position":1,"name":"Home","item":"https:\/\/tourtravelandmore.com\/es\/"},{"@type":"ListItem","position":2,"name":"Tours","item":"https:\/\/tourtravelandmore.com\/es\/tours\/"},{"@type":"ListItem","position":3,"name":"Traslado privado de Santiago de Compostela a Oporto"}]},{"@type":"WebSite","@id":"https:\/\/tourtravelandmore.com\/es\/#website","url":"https:\/\/tourtravelandmore.com\/es\/","name":"Tour Travel And More","description":"Private sightseeing tours and luxury transfers in Spain","publisher":{"@id":"https:\/\/tourtravelandmore.com\/es\/#organization"},"potentialAction":[{"@type":"SearchAction","target":{"@type":"EntryPoint","urlTemplate":"https:\/\/tourtravelandmore.com\/es\/?s={search_term_string}"},"query-input":{"@type":"PropertyValueSpecification","valueRequired":true,"valueName":"search_term_string"}}],"inLanguage":"es"},{"@type":"Organization","@id":"https:\/\/tourtravelandmore.com\/es\/#organization","name":"Tour Travel And More","url":"https:\/\/tourtravelandmore.com\/es\/","logo":{"@type":"ImageObject","inLanguage":"es","@id":"https:\/\/tourtravelandmore.com\/es\/#\/schema\/logo\/image\/","url":"https:\/\/tourtravelandmore.com\/wp-content\/uploads\/2022\/12\/cropped-logo-cabecera-new.png","contentUrl":"https:\/\/tourtravelandmore.com\/wp-content\/uploads\/2022\/12\/cropped-logo-cabecera-new.png","width":430,"height":61,"caption":"Tour Travel And More"},"image":{"@id":"https:\/\/tourtravelandmore.com\/es\/#\/schema\/logo\/image\/"},"sameAs":["https:\/\/www.facebook.com\/tourtravelandmore\/","https:\/\/x.com\/TourTravel_More"]}]}},"_links":{"self":[{"href":"https:\/\/tourtravelandmore.com\/es\/wp-json\/wp\/v2\/product\/154881","targetHints":{"allow":["GET"]}}],"collection":[{"href":"https:\/\/tourtravelandmore.com\/es\/wp-json\/wp\/v2\/product"}],"about":[{"href":"https:\/\/tourtravelandmore.com\/es\/wp-json\/wp\/v2\/types\/product"}],"replies":[{"embeddable":true,"href":"https:\/\/tourtravelandmore.com\/es\/wp-json\/wp\/v2\/comments?post=154881"}],"wp:featuredmedia":[{"embeddable":true,"href":"https:\/\/tourtravelandmore.com\/es\/wp-json\/wp\/v2\/media\/154906"}],"wp:attachment":[{"href":"https:\/\/tourtravelandmore.com\/es\/wp-json\/wp\/v2\/media?parent=154881"}],"wp:term":[{"taxonomy":"product_brand","embeddable":true,"href":"https:\/\/tourtravelandmore.com\/es\/wp-json\/wp\/v2\/product_brand?post=154881"},{"taxonomy":"product_cat","embeddable":true,"href":"https:\/\/tourtravelandmore.com\/es\/wp-json\/wp\/v2\/product_cat?post=154881"},{"taxonomy":"product_tag","embeddable":true,"href":"https:\/\/tourtravelandmore.com\/es\/wp-json\/wp\/v2\/product_tag?post=154881"}],"curies":[{"name":"wp","href":"https:\/\/api.w.org\/{rel}","templated":true}]}}