{"id":15486,"date":"2017-11-15T13:08:12","date_gmt":"2017-11-15T12:11:45","guid":{"rendered":"http:\/\/tourtravelandmore.com\/es\/?post_type=product&#038;p=15486"},"modified":"2023-11-30T14:11:58","modified_gmt":"2023-11-30T13:11:58","slug":"tour-privado-dia-completo-la-region-del-douro-desde-porto","status":"publish","type":"product","link":"https:\/\/tourtravelandmore.com\/es\/tours\/portugal-es\/oporto-es\/tour-privado-dia-completo-la-region-del-douro-desde-porto\/","title":{"rendered":"Excursi\u00f3n al Valle del Douro"},"content":{"rendered":"<h2><b>Descripci\u00f3n de la Visita a las Bodegas del Valle del Duero<\/b><\/h2>\n<p><span style=\"font-weight: 400;\">Emb\u00e1rquese en un encantador viaje al Valle del Duero, la regi\u00f3n vin\u00edcola demarcada m\u00e1s antigua del mundo, con nuestro exclusivo tour privado por las bodegas. Descubra la esencia del patrimonio vin\u00edcola de Oporto en la comodidad de un veh\u00edculo de lujo, acompa\u00f1ado de su conductor y gu\u00eda personales. Esta inmersiva excursi\u00f3n no s\u00f3lo explora los exquisitos vinos de la regi\u00f3n, sino que tambi\u00e9n se adentra en los cautivadores paisajes y la riqueza cultural que ofrece el Valle del Duero.<\/span><\/p>\n<p><span style=\"font-weight: 400;\">Su aventura a medida comienza con una c\u00f3moda recogida en su lugar preferido de Oporto. Mientras viaja hacia el valle del Duero, prep\u00e1rese para quedar hipnotizado por las vistas panor\u00e1micas de los vi\u00f1edos en terrazas y el serpenteante caudal del r\u00edo Duero. Este lugar, declarado Patrimonio de la Humanidad por la UNESCO, es testimonio de siglos de viticultura y tradiciones vin\u00edcolas que han dado forma tanto al paisaje como a la cultura de la regi\u00f3n.<\/span><\/p>\n<p><span style=\"font-weight: 400;\">A lo largo del recorrido, nuestro experimentado gu\u00eda compartir\u00e1 con usted fascinantes conocimientos sobre el arte de la elaboraci\u00f3n del vino, la historia de la regi\u00f3n y su importancia cultural. Tanto si es un experto en vinos como un viajero curioso, esta excursi\u00f3n ofrece una combinaci\u00f3n perfecta de educaci\u00f3n, relajaci\u00f3n y placeres sensoriales.<\/span><\/p>\n<p><span style=\"font-weight: 400;\">A medida que serpentea por el valle del Duero, cada curva le ofrece una nueva perspectiva de impresionante belleza. Las colinas cubiertas de vi\u00f1edos que descienden en cascada hasta la orilla del r\u00edo son un lienzo vivo que ilustra la armon\u00eda entre la naturaleza y la artesan\u00eda humana. Aqu\u00ed, el ritmo de vida viene dictado por las estaciones, y cada vi\u00f1edo cuenta una historia de tradici\u00f3n e innovaci\u00f3n. Su gu\u00eda, buen conocedor de los matices de los vinos de la regi\u00f3n, le presentar\u00e1 las caracter\u00edsticas \u00fanicas que hacen que los vinos del Duero sean tan distintivos y apreciados en todo el mundo.<\/span><\/p>\n<p><span style=\"font-weight: 400;\">Parte de la magia de este recorrido reside en su capacidad para conectarle con el alma del valle del Duero. Visitar\u00e1 quintas en las que generaciones de familias han cultivado uvas, entendiendo el lenguaje de la tierra y elaborando vinos que reflejan el esp\u00edritu del valle. Estas visitas ofrecen una visi\u00f3n \u00edntima del proceso de elaboraci\u00f3n del vino, desde el cuidado de las vi\u00f1as hasta el envejecimiento del vino en barricas de roble.<\/span><\/p>\n<h2><b>Lo m\u00e1s destacado de la Visita a Bodegas del Valle del Duero<\/b><\/h2>\n<ul>\n<li style=\"font-weight: 400;\" aria-level=\"1\"><span style=\"font-weight: 400;\"><strong>Amarante:<\/strong> Comience su viaje en la pintoresca ciudad de Amarante, situada junto al r\u00edo T\u00e2mega. Conocida por su rica gastronom\u00eda y vinos locales, Amarante marca el tono de su experiencia en el Valle del Duero.<\/span><\/li>\n<li style=\"font-weight: 400;\" aria-level=\"1\"><span style=\"font-weight: 400;\"><strong>Sabrosa y Pinh\u00e3o:<\/strong> Contin\u00fae hacia Sabrosa, el coraz\u00f3n del Valle del Duero, donde le esperan impresionantes paisajes de vi\u00f1edos ondulados. En Pinh\u00e3o, pueblo declarado Patrimonio de la Humanidad por la UNESCO, visite la emblem\u00e1tica estaci\u00f3n de tren, adornada con exquisitos paneles de azulejos que representan los paisajes y tradiciones del Duero.<\/span><\/li>\n<li style=\"font-weight: 400;\" aria-level=\"1\"><span style=\"font-weight: 400;\"><strong>Visitas exclusivas a vi\u00f1edos:<\/strong> Disfrute de visitas y catas en dos de las principales bodegas de la regi\u00f3n. Aqu\u00ed, aprenda sobre las variedades de uva locales, el proceso de elaboraci\u00f3n del vino y saboree algunos de los mejores vinos que ofrece el Valle del Duero.<\/span><\/li>\n<li style=\"font-weight: 400;\" aria-level=\"1\"><span style=\"font-weight: 400;\">\u00a0<strong>Lamego<\/strong>: Explore la elegante ciudad de Lamego, rica en arquitectura barroca. Visite lugares emblem\u00e1ticos como la Catedral de Lamego y el Santuario de Nossa Senhora dos Rem\u00e9dios, un importante lugar de peregrinaci\u00f3n con su majestuosa escalinata.<\/span><\/li>\n<li style=\"font-weight: 400;\" aria-level=\"1\"><span style=\"font-weight: 400;\"><strong>Mesao Frio:<\/strong> Concluya su recorrido con una parada en Mesao Frio para disfrutar de una impresionante vista panor\u00e1mica del r\u00edo Duero, un lugar perfecto para reflexionar sobre las experiencias del d\u00eda y capturar fotograf\u00edas memorables.<\/span><\/li>\n<li style=\"font-weight: 400;\" aria-level=\"1\"><span style=\"font-weight: 400;\">\u00a0<strong>Inmersi\u00f3n cultural:<\/strong> Sum\u00e9rjase en la cultura local y la historia de la regi\u00f3n. Experimente la hospitalidad de los lugare\u00f1os y la serena belleza de los paisajes del Valle del Duero.<\/span><\/li>\n<li style=\"font-weight: 400;\" aria-level=\"1\"><span style=\"font-weight: 400;\"><strong>Itinerario personalizable:<\/strong> El tour es totalmente personalizable, ofreciendo flexibilidad para centrarse en sus intereses espec\u00edficos, ya sea el vino, la historia, el paisaje, o todo lo anterior.<\/span><\/li>\n<li style=\"font-weight: 400;\" aria-level=\"1\"><span style=\"font-weight: 400;\"><strong>Comodidad y lujo:<\/strong> Viaje con comodidad y estilo en un veh\u00edculo de lujo, garantizando un viaje relajante y agradable durante todo el d\u00eda.<\/span><\/li>\n<li style=\"font-weight: 400;\" aria-level=\"1\"><span style=\"font-weight: 400;\"><strong>Encanto y delicias de Amarante:<\/strong> Su excursi\u00f3n comienza en la encantadora ciudad de Amarante. Aqu\u00ed, el r\u00edo T\u00e2mega fluye suavemente, creando un pintoresco tel\u00f3n de fondo. Amarante no s\u00f3lo es conocida por su belleza paisaj\u00edstica, sino tambi\u00e9n por sus deliciosos dulces y vinos. Es una introducci\u00f3n perfecta a las delicias culinarias de la regi\u00f3n.<\/span><\/li>\n<li style=\"font-weight: 400;\" aria-level=\"1\"><span style=\"font-weight: 400;\"><strong>Sabrosa y Pinh\u00e3o &#8211; El coraz\u00f3n de la regi\u00f3n vin\u00edcola:<\/strong> En su viaje a Sabrosa, d\u00e9jese cautivar por los exuberantes paisajes de vi\u00f1edos, s\u00edmbolo de la esencia del valle del Duero. En Pinh\u00e3o, marav\u00edllese ante la hist\u00f3rica estaci\u00f3n de tren, adornada con paneles de azulejos que narran las ricas tradiciones vin\u00edcolas del valle. Este pueblo, enclavado en el coraz\u00f3n del valle, es una puerta de entrada para comprender la profunda conexi\u00f3n de la regi\u00f3n con la viticultura.<\/span><\/li>\n<\/ul>\n<p><span style=\"font-weight: 400;\">\u00bfListo para profundizar en el esplendor de Oporto y m\u00e1s all\u00e1? <\/span><a href=\"https:\/\/tourtravelandmore.com\/es\/ciudad\/portugal-es\/oporto-es\/\"><span style=\"font-weight: 400;\">Tour Travel and More ofrece una amplia gama de visitas privadas, cada una de ellas dise\u00f1ada para proporcionar una experiencia exclusiva y memorable.<\/span><\/a><span style=\"font-weight: 400;\"> Tanto si desea descubrir m\u00e1s joyas ocultas en Oporto, aventurarse en el encantador valle del Duero o explorar otros cautivadores destinos de Portugal, le esperan nuestros tours dise\u00f1ados por expertos.<\/span><\/p>\n","protected":false},"excerpt":{"rendered":"<p><span style=\"font-weight: 400;\">Acomp\u00e1\u00f1enos en un lujoso viaje privado al Valle del Duero, donde explorar\u00e1 vi\u00f1edos de renombre, degustar\u00e1 vinos exquisitos y se sumergir\u00e1 en la rica cultura y los impresionantes paisajes de este lugar declarado Patrimonio de la Humanidad por la UNESCO. Con gu\u00eda personalizada, viaje c\u00f3modo y visitas exclusivas a bodegas, esta experiencia est\u00e1 dise\u00f1ada para proporcionar una exploraci\u00f3n inolvidable del legado vin\u00edcola de Oporto.<\/span><\/p>\n","protected":false},"featured_media":15493,"comment_status":"open","ping_status":"closed","template":"","meta":{"_acf_changed":false},"product_brand":[],"product_cat":[624,633,634],"product_tag":[],"class_list":{"0":"post-15486","1":"product","2":"type-product","3":"status-publish","4":"has-post-thumbnail","6":"product_cat-oporto-es","7":"product_cat-oporto-actividades-es","8":"product_cat-oporto-excursiones-es","10":"first","11":"instock","12":"shipping-taxable","13":"purchasable","14":"product-type-simple"},"acf":[],"yoast_head":"<!-- This site is optimized with the Yoast SEO Premium plugin v25.3.1 (Yoast SEO v25.3.1) - https:\/\/yoast.com\/wordpress\/plugins\/seo\/ -->\n<title>\u27a1\ufe0f Tour Privado de Bodegas al Valle del Duero: Explore el Vino y la Cultura \u2705<\/title>\n<meta name=\"description\" content=\"Descubra el encanto del Valle del Duero en un tour privado por bodegas. Le esperan viajes de lujo, visitas exclusivas a vi\u00f1edos y paisajes pintorescos. \u2705\" \/>\n<meta name=\"robots\" content=\"index, follow, max-snippet:-1, max-image-preview:large, max-video-preview:-1\" \/>\n<link rel=\"canonical\" href=\"https:\/\/tourtravelandmore.com\/es\/tours\/portugal-es\/oporto-es\/tour-privado-dia-completo-la-region-del-douro-desde-porto\/\" \/>\n<meta property=\"og:locale\" content=\"es_ES\" \/>\n<meta property=\"og:type\" content=\"article\" \/>\n<meta property=\"og:title\" content=\"Excursi\u00f3n al Valle del Douro\" \/>\n<meta property=\"og:description\" content=\"Descubra el encanto del Valle del Duero en un tour privado por bodegas. Le esperan viajes de lujo, visitas exclusivas a vi\u00f1edos y paisajes pintorescos. \u2705\" \/>\n<meta property=\"og:url\" content=\"https:\/\/tourtravelandmore.com\/es\/tours\/portugal-es\/oporto-es\/tour-privado-dia-completo-la-region-del-douro-desde-porto\/\" \/>\n<meta property=\"og:site_name\" content=\"Tour Travel And More\" \/>\n<meta property=\"article:publisher\" content=\"https:\/\/www.facebook.com\/tourtravelandmore\/\" \/>\n<meta property=\"article:modified_time\" content=\"2023-11-30T13:11:58+00:00\" \/>\n<meta property=\"og:image\" content=\"https:\/\/tourtravelandmore.com\/wp-content\/uploads\/2017\/11\/The_Douro_Valley_vineyards.jpg\" \/>\n\t<meta property=\"og:image:width\" content=\"1280\" \/>\n\t<meta property=\"og:image:height\" content=\"852\" \/>\n\t<meta property=\"og:image:type\" content=\"image\/jpeg\" \/>\n<meta name=\"twitter:card\" content=\"summary_large_image\" \/>\n<meta name=\"twitter:site\" content=\"@TourTravel_More\" \/>\n<meta name=\"twitter:label1\" content=\"Tiempo de lectura\" \/>\n\t<meta name=\"twitter:data1\" content=\"4 minutos\" \/>\n<script type=\"application\/ld+json\" class=\"yoast-schema-graph\">{\"@context\":\"https:\/\/schema.org\",\"@graph\":[{\"@type\":\"WebPage\",\"@id\":\"https:\/\/tourtravelandmore.com\/es\/tours\/portugal-es\/oporto-es\/tour-privado-dia-completo-la-region-del-douro-desde-porto\/\",\"url\":\"https:\/\/tourtravelandmore.com\/es\/tours\/portugal-es\/oporto-es\/tour-privado-dia-completo-la-region-del-douro-desde-porto\/\",\"name\":\"\u27a1\ufe0f Tour Privado de Bodegas al Valle del Duero: Explore el Vino y la Cultura \u2705\",\"isPartOf\":{\"@id\":\"https:\/\/tourtravelandmore.com\/es\/#website\"},\"primaryImageOfPage\":{\"@id\":\"https:\/\/tourtravelandmore.com\/es\/tours\/portugal-es\/oporto-es\/tour-privado-dia-completo-la-region-del-douro-desde-porto\/#primaryimage\"},\"image\":{\"@id\":\"https:\/\/tourtravelandmore.com\/es\/tours\/portugal-es\/oporto-es\/tour-privado-dia-completo-la-region-del-douro-desde-porto\/#primaryimage\"},\"thumbnailUrl\":\"https:\/\/tourtravelandmore.com\/wp-content\/uploads\/2017\/11\/The_Douro_Valley_vineyards.jpg\",\"datePublished\":\"2017-11-15T12:11:45+00:00\",\"dateModified\":\"2023-11-30T13:11:58+00:00\",\"description\":\"Descubra el encanto del Valle del Duero en un tour privado por bodegas. Le esperan viajes de lujo, visitas exclusivas a vi\u00f1edos y paisajes pintorescos. \u2705\",\"breadcrumb\":{\"@id\":\"https:\/\/tourtravelandmore.com\/es\/tours\/portugal-es\/oporto-es\/tour-privado-dia-completo-la-region-del-douro-desde-porto\/#breadcrumb\"},\"inLanguage\":\"es\",\"potentialAction\":[{\"@type\":\"ReadAction\",\"target\":[\"https:\/\/tourtravelandmore.com\/es\/tours\/portugal-es\/oporto-es\/tour-privado-dia-completo-la-region-del-douro-desde-porto\/\"]}]},{\"@type\":\"ImageObject\",\"inLanguage\":\"es\",\"@id\":\"https:\/\/tourtravelandmore.com\/es\/tours\/portugal-es\/oporto-es\/tour-privado-dia-completo-la-region-del-douro-desde-porto\/#primaryimage\",\"url\":\"https:\/\/tourtravelandmore.com\/wp-content\/uploads\/2017\/11\/The_Douro_Valley_vineyards.jpg\",\"contentUrl\":\"https:\/\/tourtravelandmore.com\/wp-content\/uploads\/2017\/11\/The_Douro_Valley_vineyards.jpg\",\"width\":1280,\"height\":852,\"caption\":\"Home of the Port Wine\"},{\"@type\":\"BreadcrumbList\",\"@id\":\"https:\/\/tourtravelandmore.com\/es\/tours\/portugal-es\/oporto-es\/tour-privado-dia-completo-la-region-del-douro-desde-porto\/#breadcrumb\",\"itemListElement\":[{\"@type\":\"ListItem\",\"position\":1,\"name\":\"Home\",\"item\":\"https:\/\/tourtravelandmore.com\/es\/\"},{\"@type\":\"ListItem\",\"position\":2,\"name\":\"Tours\",\"item\":\"https:\/\/tourtravelandmore.com\/es\/tours\/\"},{\"@type\":\"ListItem\",\"position\":3,\"name\":\"Excursi\u00f3n al Valle del Douro\"}]},{\"@type\":\"WebSite\",\"@id\":\"https:\/\/tourtravelandmore.com\/es\/#website\",\"url\":\"https:\/\/tourtravelandmore.com\/es\/\",\"name\":\"Tour Travel And More\",\"description\":\"Private sightseeing tours and luxury transfers in Spain\",\"publisher\":{\"@id\":\"https:\/\/tourtravelandmore.com\/es\/#organization\"},\"potentialAction\":[{\"@type\":\"SearchAction\",\"target\":{\"@type\":\"EntryPoint\",\"urlTemplate\":\"https:\/\/tourtravelandmore.com\/es\/?s={search_term_string}\"},\"query-input\":{\"@type\":\"PropertyValueSpecification\",\"valueRequired\":true,\"valueName\":\"search_term_string\"}}],\"inLanguage\":\"es\"},{\"@type\":\"Organization\",\"@id\":\"https:\/\/tourtravelandmore.com\/es\/#organization\",\"name\":\"Tour Travel And More\",\"url\":\"https:\/\/tourtravelandmore.com\/es\/\",\"logo\":{\"@type\":\"ImageObject\",\"inLanguage\":\"es\",\"@id\":\"https:\/\/tourtravelandmore.com\/es\/#\/schema\/logo\/image\/\",\"url\":\"https:\/\/tourtravelandmore.com\/wp-content\/uploads\/2022\/12\/cropped-logo-cabecera-new.png\",\"contentUrl\":\"https:\/\/tourtravelandmore.com\/wp-content\/uploads\/2022\/12\/cropped-logo-cabecera-new.png\",\"width\":430,\"height\":61,\"caption\":\"Tour Travel And More\"},\"image\":{\"@id\":\"https:\/\/tourtravelandmore.com\/es\/#\/schema\/logo\/image\/\"},\"sameAs\":[\"https:\/\/www.facebook.com\/tourtravelandmore\/\",\"https:\/\/x.com\/TourTravel_More\"]}]}<\/script>\n<!-- \/ Yoast SEO Premium plugin. -->","yoast_head_json":{"title":"\u27a1\ufe0f Tour Privado de Bodegas al Valle del Duero: Explore el Vino y la Cultura \u2705","description":"Descubra el encanto del Valle del Duero en un tour privado por bodegas. Le esperan viajes de lujo, visitas exclusivas a vi\u00f1edos y paisajes pintorescos. \u2705","robots":{"index":"index","follow":"follow","max-snippet":"max-snippet:-1","max-image-preview":"max-image-preview:large","max-video-preview":"max-video-preview:-1"},"canonical":"https:\/\/tourtravelandmore.com\/es\/tours\/portugal-es\/oporto-es\/tour-privado-dia-completo-la-region-del-douro-desde-porto\/","og_locale":"es_ES","og_type":"article","og_title":"Excursi\u00f3n al Valle del Douro","og_description":"Descubra el encanto del Valle del Duero en un tour privado por bodegas. Le esperan viajes de lujo, visitas exclusivas a vi\u00f1edos y paisajes pintorescos. \u2705","og_url":"https:\/\/tourtravelandmore.com\/es\/tours\/portugal-es\/oporto-es\/tour-privado-dia-completo-la-region-del-douro-desde-porto\/","og_site_name":"Tour Travel And More","article_publisher":"https:\/\/www.facebook.com\/tourtravelandmore\/","article_modified_time":"2023-11-30T13:11:58+00:00","og_image":[{"width":1280,"height":852,"url":"https:\/\/tourtravelandmore.com\/wp-content\/uploads\/2017\/11\/The_Douro_Valley_vineyards.jpg","type":"image\/jpeg"}],"twitter_card":"summary_large_image","twitter_site":"@TourTravel_More","twitter_misc":{"Tiempo de lectura":"4 minutos"},"schema":{"@context":"https:\/\/schema.org","@graph":[{"@type":"WebPage","@id":"https:\/\/tourtravelandmore.com\/es\/tours\/portugal-es\/oporto-es\/tour-privado-dia-completo-la-region-del-douro-desde-porto\/","url":"https:\/\/tourtravelandmore.com\/es\/tours\/portugal-es\/oporto-es\/tour-privado-dia-completo-la-region-del-douro-desde-porto\/","name":"\u27a1\ufe0f Tour Privado de Bodegas al Valle del Duero: Explore el Vino y la Cultura \u2705","isPartOf":{"@id":"https:\/\/tourtravelandmore.com\/es\/#website"},"primaryImageOfPage":{"@id":"https:\/\/tourtravelandmore.com\/es\/tours\/portugal-es\/oporto-es\/tour-privado-dia-completo-la-region-del-douro-desde-porto\/#primaryimage"},"image":{"@id":"https:\/\/tourtravelandmore.com\/es\/tours\/portugal-es\/oporto-es\/tour-privado-dia-completo-la-region-del-douro-desde-porto\/#primaryimage"},"thumbnailUrl":"https:\/\/tourtravelandmore.com\/wp-content\/uploads\/2017\/11\/The_Douro_Valley_vineyards.jpg","datePublished":"2017-11-15T12:11:45+00:00","dateModified":"2023-11-30T13:11:58+00:00","description":"Descubra el encanto del Valle del Duero en un tour privado por bodegas. Le esperan viajes de lujo, visitas exclusivas a vi\u00f1edos y paisajes pintorescos. \u2705","breadcrumb":{"@id":"https:\/\/tourtravelandmore.com\/es\/tours\/portugal-es\/oporto-es\/tour-privado-dia-completo-la-region-del-douro-desde-porto\/#breadcrumb"},"inLanguage":"es","potentialAction":[{"@type":"ReadAction","target":["https:\/\/tourtravelandmore.com\/es\/tours\/portugal-es\/oporto-es\/tour-privado-dia-completo-la-region-del-douro-desde-porto\/"]}]},{"@type":"ImageObject","inLanguage":"es","@id":"https:\/\/tourtravelandmore.com\/es\/tours\/portugal-es\/oporto-es\/tour-privado-dia-completo-la-region-del-douro-desde-porto\/#primaryimage","url":"https:\/\/tourtravelandmore.com\/wp-content\/uploads\/2017\/11\/The_Douro_Valley_vineyards.jpg","contentUrl":"https:\/\/tourtravelandmore.com\/wp-content\/uploads\/2017\/11\/The_Douro_Valley_vineyards.jpg","width":1280,"height":852,"caption":"Home of the Port Wine"},{"@type":"BreadcrumbList","@id":"https:\/\/tourtravelandmore.com\/es\/tours\/portugal-es\/oporto-es\/tour-privado-dia-completo-la-region-del-douro-desde-porto\/#breadcrumb","itemListElement":[{"@type":"ListItem","position":1,"name":"Home","item":"https:\/\/tourtravelandmore.com\/es\/"},{"@type":"ListItem","position":2,"name":"Tours","item":"https:\/\/tourtravelandmore.com\/es\/tours\/"},{"@type":"ListItem","position":3,"name":"Excursi\u00f3n al Valle del Douro"}]},{"@type":"WebSite","@id":"https:\/\/tourtravelandmore.com\/es\/#website","url":"https:\/\/tourtravelandmore.com\/es\/","name":"Tour Travel And More","description":"Private sightseeing tours and luxury transfers in Spain","publisher":{"@id":"https:\/\/tourtravelandmore.com\/es\/#organization"},"potentialAction":[{"@type":"SearchAction","target":{"@type":"EntryPoint","urlTemplate":"https:\/\/tourtravelandmore.com\/es\/?s={search_term_string}"},"query-input":{"@type":"PropertyValueSpecification","valueRequired":true,"valueName":"search_term_string"}}],"inLanguage":"es"},{"@type":"Organization","@id":"https:\/\/tourtravelandmore.com\/es\/#organization","name":"Tour Travel And More","url":"https:\/\/tourtravelandmore.com\/es\/","logo":{"@type":"ImageObject","inLanguage":"es","@id":"https:\/\/tourtravelandmore.com\/es\/#\/schema\/logo\/image\/","url":"https:\/\/tourtravelandmore.com\/wp-content\/uploads\/2022\/12\/cropped-logo-cabecera-new.png","contentUrl":"https:\/\/tourtravelandmore.com\/wp-content\/uploads\/2022\/12\/cropped-logo-cabecera-new.png","width":430,"height":61,"caption":"Tour Travel And More"},"image":{"@id":"https:\/\/tourtravelandmore.com\/es\/#\/schema\/logo\/image\/"},"sameAs":["https:\/\/www.facebook.com\/tourtravelandmore\/","https:\/\/x.com\/TourTravel_More"]}]}},"_links":{"self":[{"href":"https:\/\/tourtravelandmore.com\/es\/wp-json\/wp\/v2\/product\/15486","targetHints":{"allow":["GET"]}}],"collection":[{"href":"https:\/\/tourtravelandmore.com\/es\/wp-json\/wp\/v2\/product"}],"about":[{"href":"https:\/\/tourtravelandmore.com\/es\/wp-json\/wp\/v2\/types\/product"}],"replies":[{"embeddable":true,"href":"https:\/\/tourtravelandmore.com\/es\/wp-json\/wp\/v2\/comments?post=15486"}],"wp:featuredmedia":[{"embeddable":true,"href":"https:\/\/tourtravelandmore.com\/es\/wp-json\/wp\/v2\/media\/15493"}],"wp:attachment":[{"href":"https:\/\/tourtravelandmore.com\/es\/wp-json\/wp\/v2\/media?parent=15486"}],"wp:term":[{"taxonomy":"product_brand","embeddable":true,"href":"https:\/\/tourtravelandmore.com\/es\/wp-json\/wp\/v2\/product_brand?post=15486"},{"taxonomy":"product_cat","embeddable":true,"href":"https:\/\/tourtravelandmore.com\/es\/wp-json\/wp\/v2\/product_cat?post=15486"},{"taxonomy":"product_tag","embeddable":true,"href":"https:\/\/tourtravelandmore.com\/es\/wp-json\/wp\/v2\/product_tag?post=15486"}],"curies":[{"name":"wp","href":"https:\/\/api.w.org\/{rel}","templated":true}]}}