{"id":154859,"date":"2023-02-28T07:32:41","date_gmt":"2023-02-28T06:32:44","guid":{"rendered":"https:\/\/tourtravelandmore.com\/?post_type=product&#038;p=154859"},"modified":"2023-07-17T22:10:22","modified_gmt":"2023-07-17T20:10:22","slug":"traslado-desde-hasta-santiago-de-compostela","status":"publish","type":"product","link":"https:\/\/tourtravelandmore.com\/es\/tours\/espana-es\/santiago-de-compostela-es\/santiago-de-compostela-traslados-es\/traslado-desde-hasta-santiago-de-compostela\/","title":{"rendered":"Traslado desde\/hasta Santiago de Compostela"},"content":{"rendered":"<h2><b>Traslado desde\/hasta Santiago de Compostela Descripci\u00f3n:<\/b><\/h2>\n<p><span style=\"font-weight: 400;\">Tour Travel and More ofrece servicios privados de traslado desde\/hasta el aeropuerto de Santiago de Compostela. Nuestros conductores profesionales y amables le recibir\u00e1n en la terminal del aeropuerto con un cartel personalizado, le ayudar\u00e1n con su equipaje y le llevar\u00e1n directamente a su destino.<\/span><\/p>\n<p><span style=\"font-weight: 400;\">Nuestro servicio de traslado al aeropuerto est\u00e1 dise\u00f1ado para que su experiencia de viaje sea c\u00f3moda y sin complicaciones. Usted no tendr\u00e1 que preocuparse de navegar por el aeropuerto o encontrar transporte a su destino. Nuestros conductores conocen bien la zona y pueden responder a cualquier pregunta que pueda tener.<\/span><\/p>\n<h2><b>Traslado desde\/hasta Santiago de Compostela Puntos de inter\u00e9s:<\/b><\/h2>\n<p><span style=\"font-weight: 400;\">Durante el traslado al aeropuerto, tendr\u00e1 la oportunidad de ver algunos de los monumentos y lugares de inter\u00e9s m\u00e1s populares de Santiago de Compostela. A continuaci\u00f3n se indican algunos de los m\u00e1s destacados:<\/span><\/p>\n<h3><b>Santiago de Compostela:<\/b><\/h3>\n<p><span style=\"font-weight: 400;\">Catedral de Santiago de Compostela: Este es uno de los lugares religiosos m\u00e1s importantes del mundo, ya que se cree que es el lugar de descanso final del ap\u00f3stol Santiago. Su grandeza y belleza la convierten en una visita obligada para los visitantes de Santiago de Compostela. Con su impresionante fachada, sus alt\u00edsimos campanarios y su intrincada arquitectura, la Catedral es un verdadero espect\u00e1culo para la vista.<\/span><\/p>\n<h3><b>Praza do Obradoiro:<\/b><\/h3>\n<p><span style=\"font-weight: 400;\">Es la plaza principal de Santiago de Compostela y est\u00e1 rodeada de impresionantes edificios hist\u00f3ricos, como la Catedral, el Palacio de Raxoi y el Hostal dos Reis Cat\u00f3licos. La plaza debe su nombre al taller que hubo aqu\u00ed y que se utiliz\u00f3 para construir la Catedral. Es un lugar de encuentro popular tanto para los lugare\u00f1os como para los visitantes, y acoge numerosos festivales y celebraciones a lo largo del a\u00f1o.<\/span><\/p>\n<h3><b>Monasterio de San Mart\u00edn Pinario:<\/b><\/h3>\n<p><span style=\"font-weight: 400;\">Se trata de un impresionante monasterio de estilo barroco situado a pocos pasos de la Catedral. Es conocido por su ornamentada arquitectura y su hermosa colecci\u00f3n de arte, que incluye obras de renombrados artistas espa\u00f1oles como Goya y Rubens. Los visitantes pueden realizar una visita guiada por el monasterio para conocer mejor su historia e importancia.<\/span><\/p>\n<h3><b>Parque de la Alameda:<\/b><\/h3>\n<p><span style=\"font-weight: 400;\">Se trata de un bonito parque situado en el coraz\u00f3n de la ciudad. Ofrece unas vistas impresionantes de la Catedral y es un lugar popular para hacer picnics y pasear. El parque cuenta con numerosos jardines, fuentes y esculturas, as\u00ed como un quiosco de m\u00fasica donde se celebran conciertos y otros eventos. Es un lugar ideal para relajarse y disfrutar de la belleza de Santiago de Compostela.<\/span><\/p>\n<h3><b>Museo do Pobo Galego:<\/b><\/h3>\n<p><span style=\"font-weight: 400;\">Es un museo dedicado a la historia y la cultura del pueblo gallego. Presenta exposiciones sobre artesan\u00eda, m\u00fasica y trajes tradicionales, as\u00ed como muestras sobre el folclore y las tradiciones gallegas. Los visitantes pueden conocer la cultura \u00fanica de esta regi\u00f3n de Espa\u00f1a y apreciar m\u00e1s profundamente a sus gentes y su historia.<\/span><\/p>\n<p><span style=\"font-weight: 400;\">En Tour Travel and More ofrecemos una gran variedad de tours privados por Santiago de Compostela y sus alrededores. Tanto si desea explorar los lugares hist\u00f3ricos de la ciudad, degustar su deliciosa gastronom\u00eda o sumergirse en su vibrante cultura, tenemos un tour adecuado para usted. P\u00f3ngase en contacto con nosotros hoy mismo para obtener m\u00e1s informaci\u00f3n sobre nuestros circuitos y empezar a planificar su pr\u00f3xima aventura.<\/span><\/p>\n<p><span style=\"font-weight: 400;\">Si est\u00e1 interesado en explorar Santiago de Compostela m\u00e1s a fondo, Tour Travel and More ofrece una gran variedad de tours privados por la zona. Visite <\/span><a href=\"https:\/\/tourtravelandmore.com\/\"><span style=\"font-weight: 400;\">nuestro sitio web<\/span><\/a><span style=\"font-weight: 400;\"> para obtener m\u00e1s informaci\u00f3n.<\/span><\/p>\n<p>&nbsp;<\/p>\n","protected":false},"excerpt":{"rendered":"<p><b>:<\/b><span style=\"font-weight: 400;\">Tour Travel and More ofrece servicios privados de traslado desde\/hasta el aeropuerto de Santiago de Compostela. Nuestros conductores profesionales y amables le recibir\u00e1n en la terminal del aeropuerto con un cartel personalizado, le ayudar\u00e1n con su equipaje y le llevar\u00e1n directamente a su destino. Durante el traslado al aeropuerto, tendr\u00e1 la oportunidad de ver algunos de los monumentos y lugares de inter\u00e9s m\u00e1s populares de Santiago de Compostela.<\/span><\/p>\n","protected":false},"featured_media":8880,"comment_status":"open","ping_status":"closed","template":"","meta":{"_acf_changed":false},"product_brand":[],"product_cat":[1868,1872,1870],"product_tag":[],"class_list":{"0":"post-154859","1":"product","2":"type-product","3":"status-publish","4":"has-post-thumbnail","6":"product_cat-santiago-de-compostela-es","7":"product_cat-santiago-de-compostela-actividades-es","8":"product_cat-santiago-de-compostela-traslados-es","10":"first","11":"instock","12":"shipping-taxable","13":"purchasable","14":"product-type-simple"},"acf":[],"yoast_head":"<!-- This site is optimized with the Yoast SEO Premium plugin v25.3.1 (Yoast SEO v25.3.1) - https:\/\/yoast.com\/wordpress\/plugins\/seo\/ -->\n<title>\u27a1\ufe0f Traslado privado desde\/hasta Santiago de Compostela | Tour Travel and More<\/title>\n<meta name=\"description\" content=\"Tour Travel and More ofrece servicios privados de traslado al aeropuerto desde\/hasta Santiago de Compostela. Disfrute de una experiencia de viaje sin complicaciones y vea lugares de inter\u00e9s en el camino \u2705\" \/>\n<meta name=\"robots\" content=\"index, follow, max-snippet:-1, max-image-preview:large, max-video-preview:-1\" \/>\n<link rel=\"canonical\" href=\"https:\/\/tourtravelandmore.com\/es\/tours\/espana-es\/santiago-de-compostela-es\/santiago-de-compostela-traslados-es\/traslado-desde-hasta-santiago-de-compostela\/\" \/>\n<meta property=\"og:locale\" content=\"es_ES\" \/>\n<meta property=\"og:type\" content=\"article\" \/>\n<meta property=\"og:title\" content=\"Traslado desde\/hasta Santiago de Compostela\" \/>\n<meta property=\"og:description\" content=\"Tour Travel and More ofrece servicios privados de traslado al aeropuerto desde\/hasta Santiago de Compostela. Disfrute de una experiencia de viaje sin complicaciones y vea lugares de inter\u00e9s en el camino \u2705\" \/>\n<meta property=\"og:url\" content=\"https:\/\/tourtravelandmore.com\/es\/tours\/espana-es\/santiago-de-compostela-es\/santiago-de-compostela-traslados-es\/traslado-desde-hasta-santiago-de-compostela\/\" \/>\n<meta property=\"og:site_name\" content=\"Tour Travel And More\" \/>\n<meta property=\"article:publisher\" content=\"https:\/\/www.facebook.com\/tourtravelandmore\/\" \/>\n<meta property=\"article:modified_time\" content=\"2023-07-17T20:10:22+00:00\" \/>\n<meta property=\"og:image\" content=\"https:\/\/tourtravelandmore.com\/wp-content\/uploads\/2016\/11\/CLASE-S-1-copia.png\" \/>\n\t<meta property=\"og:image:width\" content=\"640\" \/>\n\t<meta property=\"og:image:height\" content=\"425\" \/>\n\t<meta property=\"og:image:type\" content=\"image\/png\" \/>\n<meta name=\"twitter:card\" content=\"summary_large_image\" \/>\n<meta name=\"twitter:site\" content=\"@TourTravel_More\" \/>\n<meta name=\"twitter:label1\" content=\"Tiempo de lectura\" \/>\n\t<meta name=\"twitter:data1\" content=\"3 minutos\" \/>\n<script type=\"application\/ld+json\" class=\"yoast-schema-graph\">{\"@context\":\"https:\/\/schema.org\",\"@graph\":[{\"@type\":\"WebPage\",\"@id\":\"https:\/\/tourtravelandmore.com\/es\/tours\/espana-es\/santiago-de-compostela-es\/santiago-de-compostela-traslados-es\/traslado-desde-hasta-santiago-de-compostela\/\",\"url\":\"https:\/\/tourtravelandmore.com\/es\/tours\/espana-es\/santiago-de-compostela-es\/santiago-de-compostela-traslados-es\/traslado-desde-hasta-santiago-de-compostela\/\",\"name\":\"\u27a1\ufe0f Traslado privado desde\/hasta Santiago de Compostela | Tour Travel and More\",\"isPartOf\":{\"@id\":\"https:\/\/tourtravelandmore.com\/es\/#website\"},\"primaryImageOfPage\":{\"@id\":\"https:\/\/tourtravelandmore.com\/es\/tours\/espana-es\/santiago-de-compostela-es\/santiago-de-compostela-traslados-es\/traslado-desde-hasta-santiago-de-compostela\/#primaryimage\"},\"image\":{\"@id\":\"https:\/\/tourtravelandmore.com\/es\/tours\/espana-es\/santiago-de-compostela-es\/santiago-de-compostela-traslados-es\/traslado-desde-hasta-santiago-de-compostela\/#primaryimage\"},\"thumbnailUrl\":\"https:\/\/tourtravelandmore.com\/wp-content\/uploads\/2016\/11\/CLASE-S-1-copia.png\",\"datePublished\":\"2023-02-28T06:32:44+00:00\",\"dateModified\":\"2023-07-17T20:10:22+00:00\",\"description\":\"Tour Travel and More ofrece servicios privados de traslado al aeropuerto desde\/hasta Santiago de Compostela. Disfrute de una experiencia de viaje sin complicaciones y vea lugares de inter\u00e9s en el camino \u2705\",\"breadcrumb\":{\"@id\":\"https:\/\/tourtravelandmore.com\/es\/tours\/espana-es\/santiago-de-compostela-es\/santiago-de-compostela-traslados-es\/traslado-desde-hasta-santiago-de-compostela\/#breadcrumb\"},\"inLanguage\":\"es\",\"potentialAction\":[{\"@type\":\"ReadAction\",\"target\":[\"https:\/\/tourtravelandmore.com\/es\/tours\/espana-es\/santiago-de-compostela-es\/santiago-de-compostela-traslados-es\/traslado-desde-hasta-santiago-de-compostela\/\"]}]},{\"@type\":\"ImageObject\",\"inLanguage\":\"es\",\"@id\":\"https:\/\/tourtravelandmore.com\/es\/tours\/espana-es\/santiago-de-compostela-es\/santiago-de-compostela-traslados-es\/traslado-desde-hasta-santiago-de-compostela\/#primaryimage\",\"url\":\"https:\/\/tourtravelandmore.com\/wp-content\/uploads\/2016\/11\/CLASE-S-1-copia.png\",\"contentUrl\":\"https:\/\/tourtravelandmore.com\/wp-content\/uploads\/2016\/11\/CLASE-S-1-copia.png\",\"width\":640,\"height\":425},{\"@type\":\"BreadcrumbList\",\"@id\":\"https:\/\/tourtravelandmore.com\/es\/tours\/espana-es\/santiago-de-compostela-es\/santiago-de-compostela-traslados-es\/traslado-desde-hasta-santiago-de-compostela\/#breadcrumb\",\"itemListElement\":[{\"@type\":\"ListItem\",\"position\":1,\"name\":\"Home\",\"item\":\"https:\/\/tourtravelandmore.com\/es\/\"},{\"@type\":\"ListItem\",\"position\":2,\"name\":\"Tours\",\"item\":\"https:\/\/tourtravelandmore.com\/es\/tours\/\"},{\"@type\":\"ListItem\",\"position\":3,\"name\":\"Traslado desde\/hasta Santiago de Compostela\"}]},{\"@type\":\"WebSite\",\"@id\":\"https:\/\/tourtravelandmore.com\/es\/#website\",\"url\":\"https:\/\/tourtravelandmore.com\/es\/\",\"name\":\"Tour Travel And More\",\"description\":\"Private sightseeing tours and luxury transfers in Spain\",\"publisher\":{\"@id\":\"https:\/\/tourtravelandmore.com\/es\/#organization\"},\"potentialAction\":[{\"@type\":\"SearchAction\",\"target\":{\"@type\":\"EntryPoint\",\"urlTemplate\":\"https:\/\/tourtravelandmore.com\/es\/?s={search_term_string}\"},\"query-input\":{\"@type\":\"PropertyValueSpecification\",\"valueRequired\":true,\"valueName\":\"search_term_string\"}}],\"inLanguage\":\"es\"},{\"@type\":\"Organization\",\"@id\":\"https:\/\/tourtravelandmore.com\/es\/#organization\",\"name\":\"Tour Travel And More\",\"url\":\"https:\/\/tourtravelandmore.com\/es\/\",\"logo\":{\"@type\":\"ImageObject\",\"inLanguage\":\"es\",\"@id\":\"https:\/\/tourtravelandmore.com\/es\/#\/schema\/logo\/image\/\",\"url\":\"https:\/\/tourtravelandmore.com\/wp-content\/uploads\/2022\/12\/cropped-logo-cabecera-new.png\",\"contentUrl\":\"https:\/\/tourtravelandmore.com\/wp-content\/uploads\/2022\/12\/cropped-logo-cabecera-new.png\",\"width\":430,\"height\":61,\"caption\":\"Tour Travel And More\"},\"image\":{\"@id\":\"https:\/\/tourtravelandmore.com\/es\/#\/schema\/logo\/image\/\"},\"sameAs\":[\"https:\/\/www.facebook.com\/tourtravelandmore\/\",\"https:\/\/x.com\/TourTravel_More\"]}]}<\/script>\n<!-- \/ Yoast SEO Premium plugin. -->","yoast_head_json":{"title":"\u27a1\ufe0f Traslado privado desde\/hasta Santiago de Compostela | Tour Travel and More","description":"Tour Travel and More ofrece servicios privados de traslado al aeropuerto desde\/hasta Santiago de Compostela. Disfrute de una experiencia de viaje sin complicaciones y vea lugares de inter\u00e9s en el camino \u2705","robots":{"index":"index","follow":"follow","max-snippet":"max-snippet:-1","max-image-preview":"max-image-preview:large","max-video-preview":"max-video-preview:-1"},"canonical":"https:\/\/tourtravelandmore.com\/es\/tours\/espana-es\/santiago-de-compostela-es\/santiago-de-compostela-traslados-es\/traslado-desde-hasta-santiago-de-compostela\/","og_locale":"es_ES","og_type":"article","og_title":"Traslado desde\/hasta Santiago de Compostela","og_description":"Tour Travel and More ofrece servicios privados de traslado al aeropuerto desde\/hasta Santiago de Compostela. Disfrute de una experiencia de viaje sin complicaciones y vea lugares de inter\u00e9s en el camino \u2705","og_url":"https:\/\/tourtravelandmore.com\/es\/tours\/espana-es\/santiago-de-compostela-es\/santiago-de-compostela-traslados-es\/traslado-desde-hasta-santiago-de-compostela\/","og_site_name":"Tour Travel And More","article_publisher":"https:\/\/www.facebook.com\/tourtravelandmore\/","article_modified_time":"2023-07-17T20:10:22+00:00","og_image":[{"width":640,"height":425,"url":"https:\/\/tourtravelandmore.com\/wp-content\/uploads\/2016\/11\/CLASE-S-1-copia.png","type":"image\/png"}],"twitter_card":"summary_large_image","twitter_site":"@TourTravel_More","twitter_misc":{"Tiempo de lectura":"3 minutos"},"schema":{"@context":"https:\/\/schema.org","@graph":[{"@type":"WebPage","@id":"https:\/\/tourtravelandmore.com\/es\/tours\/espana-es\/santiago-de-compostela-es\/santiago-de-compostela-traslados-es\/traslado-desde-hasta-santiago-de-compostela\/","url":"https:\/\/tourtravelandmore.com\/es\/tours\/espana-es\/santiago-de-compostela-es\/santiago-de-compostela-traslados-es\/traslado-desde-hasta-santiago-de-compostela\/","name":"\u27a1\ufe0f Traslado privado desde\/hasta Santiago de Compostela | Tour Travel and More","isPartOf":{"@id":"https:\/\/tourtravelandmore.com\/es\/#website"},"primaryImageOfPage":{"@id":"https:\/\/tourtravelandmore.com\/es\/tours\/espana-es\/santiago-de-compostela-es\/santiago-de-compostela-traslados-es\/traslado-desde-hasta-santiago-de-compostela\/#primaryimage"},"image":{"@id":"https:\/\/tourtravelandmore.com\/es\/tours\/espana-es\/santiago-de-compostela-es\/santiago-de-compostela-traslados-es\/traslado-desde-hasta-santiago-de-compostela\/#primaryimage"},"thumbnailUrl":"https:\/\/tourtravelandmore.com\/wp-content\/uploads\/2016\/11\/CLASE-S-1-copia.png","datePublished":"2023-02-28T06:32:44+00:00","dateModified":"2023-07-17T20:10:22+00:00","description":"Tour Travel and More ofrece servicios privados de traslado al aeropuerto desde\/hasta Santiago de Compostela. Disfrute de una experiencia de viaje sin complicaciones y vea lugares de inter\u00e9s en el camino \u2705","breadcrumb":{"@id":"https:\/\/tourtravelandmore.com\/es\/tours\/espana-es\/santiago-de-compostela-es\/santiago-de-compostela-traslados-es\/traslado-desde-hasta-santiago-de-compostela\/#breadcrumb"},"inLanguage":"es","potentialAction":[{"@type":"ReadAction","target":["https:\/\/tourtravelandmore.com\/es\/tours\/espana-es\/santiago-de-compostela-es\/santiago-de-compostela-traslados-es\/traslado-desde-hasta-santiago-de-compostela\/"]}]},{"@type":"ImageObject","inLanguage":"es","@id":"https:\/\/tourtravelandmore.com\/es\/tours\/espana-es\/santiago-de-compostela-es\/santiago-de-compostela-traslados-es\/traslado-desde-hasta-santiago-de-compostela\/#primaryimage","url":"https:\/\/tourtravelandmore.com\/wp-content\/uploads\/2016\/11\/CLASE-S-1-copia.png","contentUrl":"https:\/\/tourtravelandmore.com\/wp-content\/uploads\/2016\/11\/CLASE-S-1-copia.png","width":640,"height":425},{"@type":"BreadcrumbList","@id":"https:\/\/tourtravelandmore.com\/es\/tours\/espana-es\/santiago-de-compostela-es\/santiago-de-compostela-traslados-es\/traslado-desde-hasta-santiago-de-compostela\/#breadcrumb","itemListElement":[{"@type":"ListItem","position":1,"name":"Home","item":"https:\/\/tourtravelandmore.com\/es\/"},{"@type":"ListItem","position":2,"name":"Tours","item":"https:\/\/tourtravelandmore.com\/es\/tours\/"},{"@type":"ListItem","position":3,"name":"Traslado desde\/hasta Santiago de Compostela"}]},{"@type":"WebSite","@id":"https:\/\/tourtravelandmore.com\/es\/#website","url":"https:\/\/tourtravelandmore.com\/es\/","name":"Tour Travel And More","description":"Private sightseeing tours and luxury transfers in Spain","publisher":{"@id":"https:\/\/tourtravelandmore.com\/es\/#organization"},"potentialAction":[{"@type":"SearchAction","target":{"@type":"EntryPoint","urlTemplate":"https:\/\/tourtravelandmore.com\/es\/?s={search_term_string}"},"query-input":{"@type":"PropertyValueSpecification","valueRequired":true,"valueName":"search_term_string"}}],"inLanguage":"es"},{"@type":"Organization","@id":"https:\/\/tourtravelandmore.com\/es\/#organization","name":"Tour Travel And More","url":"https:\/\/tourtravelandmore.com\/es\/","logo":{"@type":"ImageObject","inLanguage":"es","@id":"https:\/\/tourtravelandmore.com\/es\/#\/schema\/logo\/image\/","url":"https:\/\/tourtravelandmore.com\/wp-content\/uploads\/2022\/12\/cropped-logo-cabecera-new.png","contentUrl":"https:\/\/tourtravelandmore.com\/wp-content\/uploads\/2022\/12\/cropped-logo-cabecera-new.png","width":430,"height":61,"caption":"Tour Travel And More"},"image":{"@id":"https:\/\/tourtravelandmore.com\/es\/#\/schema\/logo\/image\/"},"sameAs":["https:\/\/www.facebook.com\/tourtravelandmore\/","https:\/\/x.com\/TourTravel_More"]}]}},"_links":{"self":[{"href":"https:\/\/tourtravelandmore.com\/es\/wp-json\/wp\/v2\/product\/154859","targetHints":{"allow":["GET"]}}],"collection":[{"href":"https:\/\/tourtravelandmore.com\/es\/wp-json\/wp\/v2\/product"}],"about":[{"href":"https:\/\/tourtravelandmore.com\/es\/wp-json\/wp\/v2\/types\/product"}],"replies":[{"embeddable":true,"href":"https:\/\/tourtravelandmore.com\/es\/wp-json\/wp\/v2\/comments?post=154859"}],"wp:featuredmedia":[{"embeddable":true,"href":"https:\/\/tourtravelandmore.com\/es\/wp-json\/wp\/v2\/media\/8880"}],"wp:attachment":[{"href":"https:\/\/tourtravelandmore.com\/es\/wp-json\/wp\/v2\/media?parent=154859"}],"wp:term":[{"taxonomy":"product_brand","embeddable":true,"href":"https:\/\/tourtravelandmore.com\/es\/wp-json\/wp\/v2\/product_brand?post=154859"},{"taxonomy":"product_cat","embeddable":true,"href":"https:\/\/tourtravelandmore.com\/es\/wp-json\/wp\/v2\/product_cat?post=154859"},{"taxonomy":"product_tag","embeddable":true,"href":"https:\/\/tourtravelandmore.com\/es\/wp-json\/wp\/v2\/product_tag?post=154859"}],"curies":[{"name":"wp","href":"https:\/\/api.w.org\/{rel}","templated":true}]}}