{"id":15454,"date":"2017-11-10T13:58:28","date_gmt":"2017-11-10T13:10:47","guid":{"rendered":"http:\/\/tourtravelandmore.com\/es\/?post_type=product&#038;p=15454"},"modified":"2023-12-29T14:45:19","modified_gmt":"2023-12-29T13:45:19","slug":"tour-privado-a-pie-por-oporto","status":"publish","type":"product","link":"https:\/\/tourtravelandmore.com\/es\/tours\/portugal-es\/oporto-es\/tour-privado-a-pie-por-oporto\/","title":{"rendered":"Tour privado a pie de 3 horas por Oporto"},"content":{"rendered":"<h2><b>Descripci\u00f3n de la Visita Privada a pie de 3 horas por Oporto<\/b><\/h2>\n<p><span style=\"font-weight: 400;\">Emb\u00e1rquese en un cautivador viaje por el coraz\u00f3n de Oporto, una ciudad donde tradici\u00f3n y modernidad se funden en un vibrante tapiz de cultura, arte e historia. Nuestro Tour Privado a Pie de 3 horas le invita a adentrarse en el alma de Oporto, guiado por un experto local que da vida al rico patrimonio de la ciudad. Esta exploraci\u00f3n personalizada comienza en un lugar c\u00e9ntrico o en su hotel cercano, poniendo en marcha un itinerario personalizado que cubre los aspectos m\u00e1s encantadores de Oporto.<\/span><\/p>\n<p><span style=\"font-weight: 400;\">Tour Travel and More se compromete a crear una experiencia que se ajuste a sus intereses y curiosidad. Su gu\u00eda privado, un manantial de conocimientos y an\u00e9cdotas, le conducir\u00e1 a trav\u00e9s del laberinto de estrechas callejuelas de Oporto, grandes plazas y a lo largo de las orillas del r\u00edo Duero. Descubra la mezcla \u00fanica de estilos arquitect\u00f3nicos que cuentan historias del pasado de Oporto, desde reliquias medievales hasta obras maestras barrocas y dise\u00f1os contempor\u00e1neos.<\/span><\/p>\n<p><span style=\"font-weight: 400;\">Conozca el bullicioso Mercado da Bolhao, el mercado tradicional de Oporto, donde el latido de la ciudad se hace eco de las llamadas de los vendedores y de la vibrante variedad de productos locales. Deambule por las encantadoras calles y descubra impresionantes iglesias como la Capela das Almas y el Carmo, donde cada fachada narra un cap\u00edtulo diferente del viaje religioso y cultural de Oporto.<\/span><\/p>\n<p><span style=\"font-weight: 400;\">Ninguna visita a Oporto est\u00e1 completa sin una parada en la emblem\u00e1tica librer\u00eda Lello &amp; Irmao, reputada como una de las m\u00e1s bellas del mundo. Este refugio literario, con su impresionante escalinata y su ambiente \u00fanico, ha inspirado a artistas y escritores durante m\u00e1s de un siglo.<\/span><\/p>\n<p><span style=\"font-weight: 400;\">Al subir a la Torre de los Cl\u00e9rigos, prep\u00e1rese para disfrutar de una impresionante vista panor\u00e1mica de Oporto. Cada escal\u00f3n revela una nueva capa del paisaje de la ciudad, que abarca desde el centro hist\u00f3rico hasta el sinuoso camino del r\u00edo Duero.<\/span><\/p>\n<p><span style=\"font-weight: 400;\">El recorrido concluye en el vibrante barrio de Ribeira, junto al r\u00edo Duero. Aqu\u00ed, la esencia de Oporto cobra vida con sus animados bares de vinos, exquisitos restaurantes y pintorescos paisajes. Como opci\u00f3n adicional, disfrute de una sesi\u00f3n de cata de vinos o de un tranquilo crucero por el r\u00edo, que mejorar\u00e1 su experiencia en Oporto.<\/span><\/p>\n<p><span style=\"font-weight: 400;\">P\u00f3ngase en contacto con nosotros para una propuesta personalizada y d\u00e9jenos transformar su visita a Oporto en una aventura inolvidable.<\/span><\/p>\n<h2><b>Tour privado a pie de 3 horas por Oporto | Lo m\u00e1s destacado<\/b><\/h2>\n<ul>\n<li style=\"font-weight: 400;\" aria-level=\"1\"><b>Mercado da Bolhao:<\/b><span style=\"font-weight: 400;\"> Sum\u00e9rjase en la cultura local en el mercado principal de Oporto, donde la vida cotidiana de la ciudad se desarrolla entre puestos de venta de productos frescos, marisco y mucho m\u00e1s.<\/span><\/li>\n<li style=\"font-weight: 400;\" aria-level=\"1\"><b>Capela das Almas e Igrejas do Carmo: <\/b><span style=\"font-weight: 400;\">Admire los impresionantes azulejos que adornan estas iglesias hist\u00f3ricas, cada una de las cuales cuenta una historia de fe y arte.<\/span><\/li>\n<li style=\"font-weight: 400;\" aria-level=\"1\"><b>Miradouro da Vit\u00f3ria:<\/b><span style=\"font-weight: 400;\"> Disfrute de una de las mejores vistas de Oporto, donde el centro hist\u00f3rico de la ciudad, la Ribeira y la catedral se unen en una espectacular panor\u00e1mica.<\/span><\/li>\n<li style=\"font-weight: 400;\" aria-level=\"1\"><b>Librer\u00eda Lello &amp; Irmao:<\/b><span style=\"font-weight: 400;\"> Ad\u00e9ntrese en un mundo de magia literaria en esta encantadora librer\u00eda, conocida por su arquitectura \u00fanica y como fuente de inspiraci\u00f3n para la serie de Harry Potter.<\/span><\/li>\n<li style=\"font-weight: 400;\" aria-level=\"1\"><b>Torre de los Cl\u00e9rigos:<\/b><span style=\"font-weight: 400;\"> Desaf\u00edese a subir a esta emblem\u00e1tica torre, recompensado con una de las vistas m\u00e1s impresionantes sobre el diverso paisaje arquitect\u00f3nico de Oporto.<\/span><\/li>\n<li style=\"font-weight: 400;\" aria-level=\"1\"><b>Barrio de Ribeira:<\/b><span style=\"font-weight: 400;\"> Concluya su recorrido en el coraz\u00f3n de la escena social de Oporto, donde el r\u00edo Duero sirve de pintoresco tel\u00f3n de fondo a una zona repleta de animados bares, restaurantes y bodegas tradicionales.<\/span><\/li>\n<\/ul>\n<h3><b>Explore m\u00e1s con Tour Travel and More<\/b><a href=\"https:\/\/tourtravelandmore.com\/es\/ciudad\/portugal-es\/oporto-es\/\"><span style=\"font-weight: 400;\">Para aquellos que buscan profundizar en las maravillas de Oporto y m\u00e1s all\u00e1,<\/span><\/a><span style=\"font-weight: 400;\"> Tour Travel and More ofrece una variada gama de visitas privadas por la ciudad y sus alrededores. Desde inmersiones culturales hasta escapadas culinarias, nuestras experiencias a medida est\u00e1n dise\u00f1adas para satisfacer las necesidades de cada viajero. Visite nuestro sitio web para descubrir nuestra gama de viajes exclusivos y empezar a planificar su pr\u00f3ximo viaje inolvidable<\/span><\/h3>\n","protected":false},"excerpt":{"rendered":"<p><span style=\"font-weight: 400;\">Ad\u00e9ntrese en el coraz\u00f3n de Oporto con nuestro recorrido privado a pie de 3 horas. Experimente la historia, la cultura y el arte de la ciudad de primera mano con un gu\u00eda local experto. Destacan el Mercado da Bolhao, la librer\u00eda Lello &amp; Irmao, la Torre de los Cl\u00e9rigos y el vibrante barrio de la Ribeira. \u00danase a nosotros para una exploraci\u00f3n memorable de una de las ciudades m\u00e1s encantadoras de Europa.<\/span><\/p>\n","protected":false},"featured_media":15450,"comment_status":"open","ping_status":"closed","template":"","meta":{"_acf_changed":false},"product_brand":[],"product_cat":[624,633,637],"product_tag":[],"class_list":{"0":"post-15454","1":"product","2":"type-product","3":"status-publish","4":"has-post-thumbnail","6":"product_cat-oporto-es","7":"product_cat-oporto-actividades-es","8":"product_cat-oporto-tours-privados-pie-es","10":"first","11":"instock","12":"shipping-taxable","13":"purchasable","14":"product-type-simple"},"acf":[],"yoast_head":"<!-- This site is optimized with the Yoast SEO Premium plugin v25.3.1 (Yoast SEO v25.3.1) - https:\/\/yoast.com\/wordpress\/plugins\/seo\/ -->\n<title>\u27a1\ufe0f Explore el rico patrimonio de Oporto con nuestro recorrido privado a pie de 3 horas \u2705<\/title>\n<meta name=\"description\" content=\"Descubra los hitos culturales y las joyas ocultas de Oporto en un recorrido privado a pie de 3 horas con un gu\u00eda experto. Experiencias a medida y conocimientos exclusivos sobre la historia de la ciudad. \u2705\" \/>\n<meta name=\"robots\" content=\"index, follow, max-snippet:-1, max-image-preview:large, max-video-preview:-1\" \/>\n<link rel=\"canonical\" href=\"https:\/\/tourtravelandmore.com\/es\/tours\/portugal-es\/oporto-es\/tour-privado-a-pie-por-oporto\/\" \/>\n<meta property=\"og:locale\" content=\"es_ES\" \/>\n<meta property=\"og:type\" content=\"article\" \/>\n<meta property=\"og:title\" content=\"Tour privado a pie de 3 horas por Oporto\" \/>\n<meta property=\"og:description\" content=\"Descubra los hitos culturales y las joyas ocultas de Oporto en un recorrido privado a pie de 3 horas con un gu\u00eda experto. Experiencias a medida y conocimientos exclusivos sobre la historia de la ciudad. \u2705\" \/>\n<meta property=\"og:url\" content=\"https:\/\/tourtravelandmore.com\/es\/tours\/portugal-es\/oporto-es\/tour-privado-a-pie-por-oporto\/\" \/>\n<meta property=\"og:site_name\" content=\"Tour Travel And More\" \/>\n<meta property=\"article:publisher\" content=\"https:\/\/www.facebook.com\/tourtravelandmore\/\" \/>\n<meta property=\"article:modified_time\" content=\"2023-12-29T13:45:19+00:00\" \/>\n<meta property=\"og:image\" content=\"https:\/\/tourtravelandmore.com\/wp-content\/uploads\/2017\/11\/porto-unesco.jpg\" \/>\n\t<meta property=\"og:image:width\" content=\"1280\" \/>\n\t<meta property=\"og:image:height\" content=\"893\" \/>\n\t<meta property=\"og:image:type\" content=\"image\/jpeg\" \/>\n<meta name=\"twitter:card\" content=\"summary_large_image\" \/>\n<meta name=\"twitter:site\" content=\"@TourTravel_More\" \/>\n<meta name=\"twitter:label1\" content=\"Tiempo de lectura\" \/>\n\t<meta name=\"twitter:data1\" content=\"3 minutos\" \/>\n<script type=\"application\/ld+json\" class=\"yoast-schema-graph\">{\"@context\":\"https:\/\/schema.org\",\"@graph\":[{\"@type\":\"WebPage\",\"@id\":\"https:\/\/tourtravelandmore.com\/es\/tours\/portugal-es\/oporto-es\/tour-privado-a-pie-por-oporto\/\",\"url\":\"https:\/\/tourtravelandmore.com\/es\/tours\/portugal-es\/oporto-es\/tour-privado-a-pie-por-oporto\/\",\"name\":\"\u27a1\ufe0f Explore el rico patrimonio de Oporto con nuestro recorrido privado a pie de 3 horas \u2705\",\"isPartOf\":{\"@id\":\"https:\/\/tourtravelandmore.com\/es\/#website\"},\"primaryImageOfPage\":{\"@id\":\"https:\/\/tourtravelandmore.com\/es\/tours\/portugal-es\/oporto-es\/tour-privado-a-pie-por-oporto\/#primaryimage\"},\"image\":{\"@id\":\"https:\/\/tourtravelandmore.com\/es\/tours\/portugal-es\/oporto-es\/tour-privado-a-pie-por-oporto\/#primaryimage\"},\"thumbnailUrl\":\"https:\/\/tourtravelandmore.com\/wp-content\/uploads\/2017\/11\/porto-unesco.jpg\",\"datePublished\":\"2017-11-10T13:10:47+00:00\",\"dateModified\":\"2023-12-29T13:45:19+00:00\",\"description\":\"Descubra los hitos culturales y las joyas ocultas de Oporto en un recorrido privado a pie de 3 horas con un gu\u00eda experto. Experiencias a medida y conocimientos exclusivos sobre la historia de la ciudad. \u2705\",\"breadcrumb\":{\"@id\":\"https:\/\/tourtravelandmore.com\/es\/tours\/portugal-es\/oporto-es\/tour-privado-a-pie-por-oporto\/#breadcrumb\"},\"inLanguage\":\"es\",\"potentialAction\":[{\"@type\":\"ReadAction\",\"target\":[\"https:\/\/tourtravelandmore.com\/es\/tours\/portugal-es\/oporto-es\/tour-privado-a-pie-por-oporto\/\"]}]},{\"@type\":\"ImageObject\",\"inLanguage\":\"es\",\"@id\":\"https:\/\/tourtravelandmore.com\/es\/tours\/portugal-es\/oporto-es\/tour-privado-a-pie-por-oporto\/#primaryimage\",\"url\":\"https:\/\/tourtravelandmore.com\/wp-content\/uploads\/2017\/11\/porto-unesco.jpg\",\"contentUrl\":\"https:\/\/tourtravelandmore.com\/wp-content\/uploads\/2017\/11\/porto-unesco.jpg\",\"width\":1280,\"height\":893},{\"@type\":\"BreadcrumbList\",\"@id\":\"https:\/\/tourtravelandmore.com\/es\/tours\/portugal-es\/oporto-es\/tour-privado-a-pie-por-oporto\/#breadcrumb\",\"itemListElement\":[{\"@type\":\"ListItem\",\"position\":1,\"name\":\"Home\",\"item\":\"https:\/\/tourtravelandmore.com\/es\/\"},{\"@type\":\"ListItem\",\"position\":2,\"name\":\"Tours\",\"item\":\"https:\/\/tourtravelandmore.com\/es\/tours\/\"},{\"@type\":\"ListItem\",\"position\":3,\"name\":\"Tour privado a pie de 3 horas por Oporto\"}]},{\"@type\":\"WebSite\",\"@id\":\"https:\/\/tourtravelandmore.com\/es\/#website\",\"url\":\"https:\/\/tourtravelandmore.com\/es\/\",\"name\":\"Tour Travel And More\",\"description\":\"Private sightseeing tours and luxury transfers in Spain\",\"publisher\":{\"@id\":\"https:\/\/tourtravelandmore.com\/es\/#organization\"},\"potentialAction\":[{\"@type\":\"SearchAction\",\"target\":{\"@type\":\"EntryPoint\",\"urlTemplate\":\"https:\/\/tourtravelandmore.com\/es\/?s={search_term_string}\"},\"query-input\":{\"@type\":\"PropertyValueSpecification\",\"valueRequired\":true,\"valueName\":\"search_term_string\"}}],\"inLanguage\":\"es\"},{\"@type\":\"Organization\",\"@id\":\"https:\/\/tourtravelandmore.com\/es\/#organization\",\"name\":\"Tour Travel And More\",\"url\":\"https:\/\/tourtravelandmore.com\/es\/\",\"logo\":{\"@type\":\"ImageObject\",\"inLanguage\":\"es\",\"@id\":\"https:\/\/tourtravelandmore.com\/es\/#\/schema\/logo\/image\/\",\"url\":\"https:\/\/tourtravelandmore.com\/wp-content\/uploads\/2022\/12\/cropped-logo-cabecera-new.png\",\"contentUrl\":\"https:\/\/tourtravelandmore.com\/wp-content\/uploads\/2022\/12\/cropped-logo-cabecera-new.png\",\"width\":430,\"height\":61,\"caption\":\"Tour Travel And More\"},\"image\":{\"@id\":\"https:\/\/tourtravelandmore.com\/es\/#\/schema\/logo\/image\/\"},\"sameAs\":[\"https:\/\/www.facebook.com\/tourtravelandmore\/\",\"https:\/\/x.com\/TourTravel_More\"]}]}<\/script>\n<!-- \/ Yoast SEO Premium plugin. -->","yoast_head_json":{"title":"\u27a1\ufe0f Explore el rico patrimonio de Oporto con nuestro recorrido privado a pie de 3 horas \u2705","description":"Descubra los hitos culturales y las joyas ocultas de Oporto en un recorrido privado a pie de 3 horas con un gu\u00eda experto. Experiencias a medida y conocimientos exclusivos sobre la historia de la ciudad. \u2705","robots":{"index":"index","follow":"follow","max-snippet":"max-snippet:-1","max-image-preview":"max-image-preview:large","max-video-preview":"max-video-preview:-1"},"canonical":"https:\/\/tourtravelandmore.com\/es\/tours\/portugal-es\/oporto-es\/tour-privado-a-pie-por-oporto\/","og_locale":"es_ES","og_type":"article","og_title":"Tour privado a pie de 3 horas por Oporto","og_description":"Descubra los hitos culturales y las joyas ocultas de Oporto en un recorrido privado a pie de 3 horas con un gu\u00eda experto. Experiencias a medida y conocimientos exclusivos sobre la historia de la ciudad. \u2705","og_url":"https:\/\/tourtravelandmore.com\/es\/tours\/portugal-es\/oporto-es\/tour-privado-a-pie-por-oporto\/","og_site_name":"Tour Travel And More","article_publisher":"https:\/\/www.facebook.com\/tourtravelandmore\/","article_modified_time":"2023-12-29T13:45:19+00:00","og_image":[{"width":1280,"height":893,"url":"https:\/\/tourtravelandmore.com\/wp-content\/uploads\/2017\/11\/porto-unesco.jpg","type":"image\/jpeg"}],"twitter_card":"summary_large_image","twitter_site":"@TourTravel_More","twitter_misc":{"Tiempo de lectura":"3 minutos"},"schema":{"@context":"https:\/\/schema.org","@graph":[{"@type":"WebPage","@id":"https:\/\/tourtravelandmore.com\/es\/tours\/portugal-es\/oporto-es\/tour-privado-a-pie-por-oporto\/","url":"https:\/\/tourtravelandmore.com\/es\/tours\/portugal-es\/oporto-es\/tour-privado-a-pie-por-oporto\/","name":"\u27a1\ufe0f Explore el rico patrimonio de Oporto con nuestro recorrido privado a pie de 3 horas \u2705","isPartOf":{"@id":"https:\/\/tourtravelandmore.com\/es\/#website"},"primaryImageOfPage":{"@id":"https:\/\/tourtravelandmore.com\/es\/tours\/portugal-es\/oporto-es\/tour-privado-a-pie-por-oporto\/#primaryimage"},"image":{"@id":"https:\/\/tourtravelandmore.com\/es\/tours\/portugal-es\/oporto-es\/tour-privado-a-pie-por-oporto\/#primaryimage"},"thumbnailUrl":"https:\/\/tourtravelandmore.com\/wp-content\/uploads\/2017\/11\/porto-unesco.jpg","datePublished":"2017-11-10T13:10:47+00:00","dateModified":"2023-12-29T13:45:19+00:00","description":"Descubra los hitos culturales y las joyas ocultas de Oporto en un recorrido privado a pie de 3 horas con un gu\u00eda experto. Experiencias a medida y conocimientos exclusivos sobre la historia de la ciudad. \u2705","breadcrumb":{"@id":"https:\/\/tourtravelandmore.com\/es\/tours\/portugal-es\/oporto-es\/tour-privado-a-pie-por-oporto\/#breadcrumb"},"inLanguage":"es","potentialAction":[{"@type":"ReadAction","target":["https:\/\/tourtravelandmore.com\/es\/tours\/portugal-es\/oporto-es\/tour-privado-a-pie-por-oporto\/"]}]},{"@type":"ImageObject","inLanguage":"es","@id":"https:\/\/tourtravelandmore.com\/es\/tours\/portugal-es\/oporto-es\/tour-privado-a-pie-por-oporto\/#primaryimage","url":"https:\/\/tourtravelandmore.com\/wp-content\/uploads\/2017\/11\/porto-unesco.jpg","contentUrl":"https:\/\/tourtravelandmore.com\/wp-content\/uploads\/2017\/11\/porto-unesco.jpg","width":1280,"height":893},{"@type":"BreadcrumbList","@id":"https:\/\/tourtravelandmore.com\/es\/tours\/portugal-es\/oporto-es\/tour-privado-a-pie-por-oporto\/#breadcrumb","itemListElement":[{"@type":"ListItem","position":1,"name":"Home","item":"https:\/\/tourtravelandmore.com\/es\/"},{"@type":"ListItem","position":2,"name":"Tours","item":"https:\/\/tourtravelandmore.com\/es\/tours\/"},{"@type":"ListItem","position":3,"name":"Tour privado a pie de 3 horas por Oporto"}]},{"@type":"WebSite","@id":"https:\/\/tourtravelandmore.com\/es\/#website","url":"https:\/\/tourtravelandmore.com\/es\/","name":"Tour Travel And More","description":"Private sightseeing tours and luxury transfers in Spain","publisher":{"@id":"https:\/\/tourtravelandmore.com\/es\/#organization"},"potentialAction":[{"@type":"SearchAction","target":{"@type":"EntryPoint","urlTemplate":"https:\/\/tourtravelandmore.com\/es\/?s={search_term_string}"},"query-input":{"@type":"PropertyValueSpecification","valueRequired":true,"valueName":"search_term_string"}}],"inLanguage":"es"},{"@type":"Organization","@id":"https:\/\/tourtravelandmore.com\/es\/#organization","name":"Tour Travel And More","url":"https:\/\/tourtravelandmore.com\/es\/","logo":{"@type":"ImageObject","inLanguage":"es","@id":"https:\/\/tourtravelandmore.com\/es\/#\/schema\/logo\/image\/","url":"https:\/\/tourtravelandmore.com\/wp-content\/uploads\/2022\/12\/cropped-logo-cabecera-new.png","contentUrl":"https:\/\/tourtravelandmore.com\/wp-content\/uploads\/2022\/12\/cropped-logo-cabecera-new.png","width":430,"height":61,"caption":"Tour Travel And More"},"image":{"@id":"https:\/\/tourtravelandmore.com\/es\/#\/schema\/logo\/image\/"},"sameAs":["https:\/\/www.facebook.com\/tourtravelandmore\/","https:\/\/x.com\/TourTravel_More"]}]}},"_links":{"self":[{"href":"https:\/\/tourtravelandmore.com\/es\/wp-json\/wp\/v2\/product\/15454","targetHints":{"allow":["GET"]}}],"collection":[{"href":"https:\/\/tourtravelandmore.com\/es\/wp-json\/wp\/v2\/product"}],"about":[{"href":"https:\/\/tourtravelandmore.com\/es\/wp-json\/wp\/v2\/types\/product"}],"replies":[{"embeddable":true,"href":"https:\/\/tourtravelandmore.com\/es\/wp-json\/wp\/v2\/comments?post=15454"}],"wp:featuredmedia":[{"embeddable":true,"href":"https:\/\/tourtravelandmore.com\/es\/wp-json\/wp\/v2\/media\/15450"}],"wp:attachment":[{"href":"https:\/\/tourtravelandmore.com\/es\/wp-json\/wp\/v2\/media?parent=15454"}],"wp:term":[{"taxonomy":"product_brand","embeddable":true,"href":"https:\/\/tourtravelandmore.com\/es\/wp-json\/wp\/v2\/product_brand?post=15454"},{"taxonomy":"product_cat","embeddable":true,"href":"https:\/\/tourtravelandmore.com\/es\/wp-json\/wp\/v2\/product_cat?post=15454"},{"taxonomy":"product_tag","embeddable":true,"href":"https:\/\/tourtravelandmore.com\/es\/wp-json\/wp\/v2\/product_tag?post=15454"}],"curies":[{"name":"wp","href":"https:\/\/api.w.org\/{rel}","templated":true}]}}