{"id":154451,"date":"2023-02-24T19:53:24","date_gmt":"2023-02-24T18:53:24","guid":{"rendered":"https:\/\/tourtravelandmore.com\/?post_type=product&#038;p=154451"},"modified":"2024-08-06T17:15:05","modified_gmt":"2024-08-06T15:15:05","slug":"tour-privado-de-la-torre-eiffel","status":"publish","type":"product","link":"https:\/\/tourtravelandmore.com\/es\/tours\/francia\/paris-es\/tour-privado-de-la-torre-eiffel\/","title":{"rendered":"Tour Privado de la Torre Eiffel"},"content":{"rendered":"<h2><strong>Descripci\u00f3n del Tour Privado de la Torre Eiffel<\/strong><\/h2>\n<p><span style=\"font-weight: 400;\">Aproveche su visita a <strong>Par\u00eds<\/strong> y descubra el sitio m\u00e1s emblem\u00e1tico de la ciudad junto a un gu\u00eda <strong>oficial privado.<\/strong> Nuestro <strong>Tour Privado de la Torre Eiffel<\/strong>\u00a0es a medida, adaptable a sus deseos e intereses personales.<\/span><\/p>\n<p>Su gu\u00eda oficial privado se encontrar\u00e1 con usted en la Torre Eiffel para dar comienzo a su tour privado. Durante este descubrir\u00e1n la <strong>torre Eiffel<\/strong> junto a su gu\u00eda experto en la historia, cultura y arte de la ciudad. La duraci\u00f3n del tour es de <strong>2 horas,<\/strong> pero es posible extender la duraci\u00f3n del mismo. Puede ver tambi\u00e9n nuestra propuesta para tour del<strong> <a href=\"https:\/\/tourtravelandmore.com\/es\/tours\/francia\/paris-es\/tour-privado-en-paris-8-horas\/\">d\u00eda completo<\/a><\/strong> si lo desea.<\/p>\n<p>Todos nuestros <strong>tours<\/strong> son <strong>privados<\/strong> y adaptados a medida para cada uno de nuestros clientes. No dude en contactarnos, nuestro equipo le ayudar\u00e1 a coordinar la mejor experiencia posible en Par\u00eds.<\/p>\n<h2><strong>Puntos de inter\u00e9s en el Tour Privado de la Torre Eiffel<\/strong><\/h2>\n<p>Par\u00eds es una de las ciudades m\u00e1s influyentes del mundo. No s\u00f3lo por su arquitectura, museos y palacios, sino tambi\u00e9n por su cultura, gastronom\u00eda y arte. El objetivo de este tour privado es ayudarle a descubrir los secretos de la ciudad con un trasfondo cultural, hist\u00f3rico y art\u00edstico proporcionado por su gu\u00eda oficial.<\/p>\n<p>La Torre Eiffel, inicialmente llamada Tour de 300 m\u00e8tres (Torre de 300 metros), es una estructura de hierro pudelado dise\u00f1ada inicialmente por los ingenieros civiles Maurice Koechlin y \u00c9mile Nouguier y construida, tras un redise\u00f1o est\u00e9tico de Stephen Sauvestre, por el ingeniero civil franc\u00e9s Gustave Eiffel y sus colaboradores para la Exposici\u00f3n Universal de Par\u00eds de 1889.<\/p>\n<p>La visita finalizar\u00e1 en la Torre Eiffel.<\/p>\n<p>Como se ha detallado anteriormente, se trata de una experiencia privada y a medida. Nuestros expertos en viajes le ayudar\u00e1n a organizar su visita privada a Par\u00eds seg\u00fan sus gustos personales. Haremos todo lo posible para ayudarle a obtener una experiencia inolvidable de su visita a la maravillosa Par\u00eds.<\/p>\n<p>Si desea visitar alg\u00fan monumento o museo, podemos organizarle las entradas. Por favor, h\u00e1ganoslo saber con antelaci\u00f3n, y vamos a organizar su saltar las entradas de l\u00ednea sin costo adicional.<\/p>\n<p>Se trata de una experiencia hecha a medida. La hora de inicio, la duraci\u00f3n y el itinerario se adaptan completamente a sus deseos personales.<\/p>\n","protected":false},"excerpt":{"rendered":"<p>Descubre la magnifica Torre Eiffel junto a su gu\u00eda oficial privado. Itinerario a medida, gesti\u00f3n de ingreso a museos y monumentos y recogida y devoluci\u00f3n en su alojamiento!<\/p>\n","protected":false},"featured_media":174948,"comment_status":"open","ping_status":"closed","template":"","meta":{"_acf_changed":false},"product_brand":[],"product_cat":[834,848,849,850],"product_tag":[],"class_list":{"0":"post-154451","1":"product","2":"type-product","3":"status-publish","4":"has-post-thumbnail","6":"product_cat-paris-es","7":"product_cat-paris-top-ventas-es","8":"product_cat-paris-actividades-es","9":"product_cat-paris-rutas-turisticas-privadas-es","11":"first","12":"instock","13":"shipping-taxable","14":"purchasable","15":"product-type-simple"},"acf":[],"yoast_head":"<!-- This site is optimized with the Yoast SEO Premium plugin v25.3.1 (Yoast SEO v25.3.1) - https:\/\/yoast.com\/wordpress\/plugins\/seo\/ -->\n<title>\u27a1\ufe0f Tour Privado de la Torre Eiffel | Tour Travel &amp; More<\/title>\n<meta name=\"description\" content=\"Descubra la magnifica Torre Eiffel junto a su gu\u00eda oficial privado con nuestro tour privado. Itinerario a medida, recogida desde su hotel! \u2705\" \/>\n<meta name=\"robots\" content=\"index, follow, max-snippet:-1, max-image-preview:large, max-video-preview:-1\" \/>\n<link rel=\"canonical\" href=\"https:\/\/tourtravelandmore.com\/es\/tours\/francia\/paris-es\/tour-privado-de-la-torre-eiffel\/\" \/>\n<meta property=\"og:locale\" content=\"es_ES\" \/>\n<meta property=\"og:type\" content=\"article\" \/>\n<meta property=\"og:title\" content=\"Tour Privado de la Torre Eiffel\" \/>\n<meta property=\"og:description\" content=\"Descubra la magnifica Torre Eiffel junto a su gu\u00eda oficial privado con nuestro tour privado. Itinerario a medida, recogida desde su hotel! \u2705\" \/>\n<meta property=\"og:url\" content=\"https:\/\/tourtravelandmore.com\/es\/tours\/francia\/paris-es\/tour-privado-de-la-torre-eiffel\/\" \/>\n<meta property=\"og:site_name\" content=\"Tour Travel And More\" \/>\n<meta property=\"article:publisher\" content=\"https:\/\/www.facebook.com\/tourtravelandmore\/\" \/>\n<meta property=\"article:modified_time\" content=\"2024-08-06T15:15:05+00:00\" \/>\n<meta property=\"og:image\" content=\"https:\/\/tourtravelandmore.com\/wp-content\/uploads\/2023\/02\/pexels-chaitaastic-1796716.jpg\" \/>\n\t<meta property=\"og:image:width\" content=\"1280\" \/>\n\t<meta property=\"og:image:height\" content=\"720\" \/>\n\t<meta property=\"og:image:type\" content=\"image\/jpeg\" \/>\n<meta name=\"twitter:card\" content=\"summary_large_image\" \/>\n<meta name=\"twitter:site\" content=\"@TourTravel_More\" \/>\n<meta name=\"twitter:label1\" content=\"Tiempo de lectura\" \/>\n\t<meta name=\"twitter:data1\" content=\"2 minutos\" \/>\n<script type=\"application\/ld+json\" class=\"yoast-schema-graph\">{\"@context\":\"https:\/\/schema.org\",\"@graph\":[{\"@type\":\"WebPage\",\"@id\":\"https:\/\/tourtravelandmore.com\/es\/tours\/francia\/paris-es\/tour-privado-de-la-torre-eiffel\/\",\"url\":\"https:\/\/tourtravelandmore.com\/es\/tours\/francia\/paris-es\/tour-privado-de-la-torre-eiffel\/\",\"name\":\"\u27a1\ufe0f Tour Privado de la Torre Eiffel | Tour Travel & More\",\"isPartOf\":{\"@id\":\"https:\/\/tourtravelandmore.com\/es\/#website\"},\"primaryImageOfPage\":{\"@id\":\"https:\/\/tourtravelandmore.com\/es\/tours\/francia\/paris-es\/tour-privado-de-la-torre-eiffel\/#primaryimage\"},\"image\":{\"@id\":\"https:\/\/tourtravelandmore.com\/es\/tours\/francia\/paris-es\/tour-privado-de-la-torre-eiffel\/#primaryimage\"},\"thumbnailUrl\":\"https:\/\/tourtravelandmore.com\/wp-content\/uploads\/2023\/02\/pexels-chaitaastic-1796716.jpg\",\"datePublished\":\"2023-02-24T18:53:24+00:00\",\"dateModified\":\"2024-08-06T15:15:05+00:00\",\"description\":\"Descubra la magnifica Torre Eiffel junto a su gu\u00eda oficial privado con nuestro tour privado. Itinerario a medida, recogida desde su hotel! \u2705\",\"breadcrumb\":{\"@id\":\"https:\/\/tourtravelandmore.com\/es\/tours\/francia\/paris-es\/tour-privado-de-la-torre-eiffel\/#breadcrumb\"},\"inLanguage\":\"es\",\"potentialAction\":[{\"@type\":\"ReadAction\",\"target\":[\"https:\/\/tourtravelandmore.com\/es\/tours\/francia\/paris-es\/tour-privado-de-la-torre-eiffel\/\"]}]},{\"@type\":\"ImageObject\",\"inLanguage\":\"es\",\"@id\":\"https:\/\/tourtravelandmore.com\/es\/tours\/francia\/paris-es\/tour-privado-de-la-torre-eiffel\/#primaryimage\",\"url\":\"https:\/\/tourtravelandmore.com\/wp-content\/uploads\/2023\/02\/pexels-chaitaastic-1796716.jpg\",\"contentUrl\":\"https:\/\/tourtravelandmore.com\/wp-content\/uploads\/2023\/02\/pexels-chaitaastic-1796716.jpg\",\"width\":1280,\"height\":720},{\"@type\":\"BreadcrumbList\",\"@id\":\"https:\/\/tourtravelandmore.com\/es\/tours\/francia\/paris-es\/tour-privado-de-la-torre-eiffel\/#breadcrumb\",\"itemListElement\":[{\"@type\":\"ListItem\",\"position\":1,\"name\":\"Home\",\"item\":\"https:\/\/tourtravelandmore.com\/es\/\"},{\"@type\":\"ListItem\",\"position\":2,\"name\":\"Tours\",\"item\":\"https:\/\/tourtravelandmore.com\/es\/tours\/\"},{\"@type\":\"ListItem\",\"position\":3,\"name\":\"Tour Privado de la Torre Eiffel\"}]},{\"@type\":\"WebSite\",\"@id\":\"https:\/\/tourtravelandmore.com\/es\/#website\",\"url\":\"https:\/\/tourtravelandmore.com\/es\/\",\"name\":\"Tour Travel And More\",\"description\":\"Private sightseeing tours and luxury transfers in Spain\",\"publisher\":{\"@id\":\"https:\/\/tourtravelandmore.com\/es\/#organization\"},\"potentialAction\":[{\"@type\":\"SearchAction\",\"target\":{\"@type\":\"EntryPoint\",\"urlTemplate\":\"https:\/\/tourtravelandmore.com\/es\/?s={search_term_string}\"},\"query-input\":{\"@type\":\"PropertyValueSpecification\",\"valueRequired\":true,\"valueName\":\"search_term_string\"}}],\"inLanguage\":\"es\"},{\"@type\":\"Organization\",\"@id\":\"https:\/\/tourtravelandmore.com\/es\/#organization\",\"name\":\"Tour Travel And More\",\"url\":\"https:\/\/tourtravelandmore.com\/es\/\",\"logo\":{\"@type\":\"ImageObject\",\"inLanguage\":\"es\",\"@id\":\"https:\/\/tourtravelandmore.com\/es\/#\/schema\/logo\/image\/\",\"url\":\"https:\/\/tourtravelandmore.com\/wp-content\/uploads\/2022\/12\/cropped-logo-cabecera-new.png\",\"contentUrl\":\"https:\/\/tourtravelandmore.com\/wp-content\/uploads\/2022\/12\/cropped-logo-cabecera-new.png\",\"width\":430,\"height\":61,\"caption\":\"Tour Travel And More\"},\"image\":{\"@id\":\"https:\/\/tourtravelandmore.com\/es\/#\/schema\/logo\/image\/\"},\"sameAs\":[\"https:\/\/www.facebook.com\/tourtravelandmore\/\",\"https:\/\/x.com\/TourTravel_More\"]}]}<\/script>\n<!-- \/ Yoast SEO Premium plugin. -->","yoast_head_json":{"title":"\u27a1\ufe0f Tour Privado de la Torre Eiffel | Tour Travel & More","description":"Descubra la magnifica Torre Eiffel junto a su gu\u00eda oficial privado con nuestro tour privado. Itinerario a medida, recogida desde su hotel! \u2705","robots":{"index":"index","follow":"follow","max-snippet":"max-snippet:-1","max-image-preview":"max-image-preview:large","max-video-preview":"max-video-preview:-1"},"canonical":"https:\/\/tourtravelandmore.com\/es\/tours\/francia\/paris-es\/tour-privado-de-la-torre-eiffel\/","og_locale":"es_ES","og_type":"article","og_title":"Tour Privado de la Torre Eiffel","og_description":"Descubra la magnifica Torre Eiffel junto a su gu\u00eda oficial privado con nuestro tour privado. Itinerario a medida, recogida desde su hotel! \u2705","og_url":"https:\/\/tourtravelandmore.com\/es\/tours\/francia\/paris-es\/tour-privado-de-la-torre-eiffel\/","og_site_name":"Tour Travel And More","article_publisher":"https:\/\/www.facebook.com\/tourtravelandmore\/","article_modified_time":"2024-08-06T15:15:05+00:00","og_image":[{"width":1280,"height":720,"url":"https:\/\/tourtravelandmore.com\/wp-content\/uploads\/2023\/02\/pexels-chaitaastic-1796716.jpg","type":"image\/jpeg"}],"twitter_card":"summary_large_image","twitter_site":"@TourTravel_More","twitter_misc":{"Tiempo de lectura":"2 minutos"},"schema":{"@context":"https:\/\/schema.org","@graph":[{"@type":"WebPage","@id":"https:\/\/tourtravelandmore.com\/es\/tours\/francia\/paris-es\/tour-privado-de-la-torre-eiffel\/","url":"https:\/\/tourtravelandmore.com\/es\/tours\/francia\/paris-es\/tour-privado-de-la-torre-eiffel\/","name":"\u27a1\ufe0f Tour Privado de la Torre Eiffel | Tour Travel & More","isPartOf":{"@id":"https:\/\/tourtravelandmore.com\/es\/#website"},"primaryImageOfPage":{"@id":"https:\/\/tourtravelandmore.com\/es\/tours\/francia\/paris-es\/tour-privado-de-la-torre-eiffel\/#primaryimage"},"image":{"@id":"https:\/\/tourtravelandmore.com\/es\/tours\/francia\/paris-es\/tour-privado-de-la-torre-eiffel\/#primaryimage"},"thumbnailUrl":"https:\/\/tourtravelandmore.com\/wp-content\/uploads\/2023\/02\/pexels-chaitaastic-1796716.jpg","datePublished":"2023-02-24T18:53:24+00:00","dateModified":"2024-08-06T15:15:05+00:00","description":"Descubra la magnifica Torre Eiffel junto a su gu\u00eda oficial privado con nuestro tour privado. Itinerario a medida, recogida desde su hotel! \u2705","breadcrumb":{"@id":"https:\/\/tourtravelandmore.com\/es\/tours\/francia\/paris-es\/tour-privado-de-la-torre-eiffel\/#breadcrumb"},"inLanguage":"es","potentialAction":[{"@type":"ReadAction","target":["https:\/\/tourtravelandmore.com\/es\/tours\/francia\/paris-es\/tour-privado-de-la-torre-eiffel\/"]}]},{"@type":"ImageObject","inLanguage":"es","@id":"https:\/\/tourtravelandmore.com\/es\/tours\/francia\/paris-es\/tour-privado-de-la-torre-eiffel\/#primaryimage","url":"https:\/\/tourtravelandmore.com\/wp-content\/uploads\/2023\/02\/pexels-chaitaastic-1796716.jpg","contentUrl":"https:\/\/tourtravelandmore.com\/wp-content\/uploads\/2023\/02\/pexels-chaitaastic-1796716.jpg","width":1280,"height":720},{"@type":"BreadcrumbList","@id":"https:\/\/tourtravelandmore.com\/es\/tours\/francia\/paris-es\/tour-privado-de-la-torre-eiffel\/#breadcrumb","itemListElement":[{"@type":"ListItem","position":1,"name":"Home","item":"https:\/\/tourtravelandmore.com\/es\/"},{"@type":"ListItem","position":2,"name":"Tours","item":"https:\/\/tourtravelandmore.com\/es\/tours\/"},{"@type":"ListItem","position":3,"name":"Tour Privado de la Torre Eiffel"}]},{"@type":"WebSite","@id":"https:\/\/tourtravelandmore.com\/es\/#website","url":"https:\/\/tourtravelandmore.com\/es\/","name":"Tour Travel And More","description":"Private sightseeing tours and luxury transfers in Spain","publisher":{"@id":"https:\/\/tourtravelandmore.com\/es\/#organization"},"potentialAction":[{"@type":"SearchAction","target":{"@type":"EntryPoint","urlTemplate":"https:\/\/tourtravelandmore.com\/es\/?s={search_term_string}"},"query-input":{"@type":"PropertyValueSpecification","valueRequired":true,"valueName":"search_term_string"}}],"inLanguage":"es"},{"@type":"Organization","@id":"https:\/\/tourtravelandmore.com\/es\/#organization","name":"Tour Travel And More","url":"https:\/\/tourtravelandmore.com\/es\/","logo":{"@type":"ImageObject","inLanguage":"es","@id":"https:\/\/tourtravelandmore.com\/es\/#\/schema\/logo\/image\/","url":"https:\/\/tourtravelandmore.com\/wp-content\/uploads\/2022\/12\/cropped-logo-cabecera-new.png","contentUrl":"https:\/\/tourtravelandmore.com\/wp-content\/uploads\/2022\/12\/cropped-logo-cabecera-new.png","width":430,"height":61,"caption":"Tour Travel And More"},"image":{"@id":"https:\/\/tourtravelandmore.com\/es\/#\/schema\/logo\/image\/"},"sameAs":["https:\/\/www.facebook.com\/tourtravelandmore\/","https:\/\/x.com\/TourTravel_More"]}]}},"_links":{"self":[{"href":"https:\/\/tourtravelandmore.com\/es\/wp-json\/wp\/v2\/product\/154451","targetHints":{"allow":["GET"]}}],"collection":[{"href":"https:\/\/tourtravelandmore.com\/es\/wp-json\/wp\/v2\/product"}],"about":[{"href":"https:\/\/tourtravelandmore.com\/es\/wp-json\/wp\/v2\/types\/product"}],"replies":[{"embeddable":true,"href":"https:\/\/tourtravelandmore.com\/es\/wp-json\/wp\/v2\/comments?post=154451"}],"wp:featuredmedia":[{"embeddable":true,"href":"https:\/\/tourtravelandmore.com\/es\/wp-json\/wp\/v2\/media\/174948"}],"wp:attachment":[{"href":"https:\/\/tourtravelandmore.com\/es\/wp-json\/wp\/v2\/media?parent=154451"}],"wp:term":[{"taxonomy":"product_brand","embeddable":true,"href":"https:\/\/tourtravelandmore.com\/es\/wp-json\/wp\/v2\/product_brand?post=154451"},{"taxonomy":"product_cat","embeddable":true,"href":"https:\/\/tourtravelandmore.com\/es\/wp-json\/wp\/v2\/product_cat?post=154451"},{"taxonomy":"product_tag","embeddable":true,"href":"https:\/\/tourtravelandmore.com\/es\/wp-json\/wp\/v2\/product_tag?post=154451"}],"curies":[{"name":"wp","href":"https:\/\/api.w.org\/{rel}","templated":true}]}}