{"id":154408,"date":"2023-02-24T18:47:17","date_gmt":"2023-02-24T17:47:18","guid":{"rendered":"https:\/\/tourtravelandmore.com\/?post_type=product&#038;p=154408"},"modified":"2025-04-21T17:17:08","modified_gmt":"2025-04-21T15:17:08","slug":"tour-privado-a-reims-y-a-las-mejores-bodegas-de-champan-desde-paris-en-coche","status":"publish","type":"product","link":"https:\/\/tourtravelandmore.com\/es\/tours\/francia\/reims-sp\/todos-los-tours-privados-y-actividades-reims-sp-francia\/tour-privado-a-reims-y-a-las-mejores-bodegas-de-champan-desde-paris-en-coche\/","title":{"rendered":"Tour Privado a Reims y a las mejores Bodegas de champ\u00e1n desde Par\u00eds en coche"},"content":{"rendered":"<h2><b>Descripci\u00f3n<\/b><\/h2>\n<p>Su <b>conductor privado <\/b>lo recoger\u00e1 en el lugar que nos indique en Par\u00eds para comenzar este <b>tour privado a Reims y las mejores bodegas de champ\u00e1n desde Par\u00eds<\/b> en un c\u00f3modo veh\u00edculo, hasta llegar al departamento de Marne, situado a unos 120 km de la capital francesa.<\/p>\n<p><b>Reims<\/b> es una ciudad situada en la hist\u00f3rica regi\u00f3n de Champa\u00f1a-Ardenas, en el noreste de Francia. Es la capital no oficial de la regi\u00f3n vin\u00edcola de Champa\u00f1a, y muchas de las conocidas casas de champ\u00e1n con sede aqu\u00ed ofrecen catas y visitas a sus bodegas. El arco triunfal de la Porte de Mars, que data del siglo III, marca el periodo de dominaci\u00f3n romana de la ciudad. Durante m\u00e1s de 1000 a\u00f1os, los reyes franceses fueron coronados en su catedral de Notre-Dame.<\/p>\n<p>La regi\u00f3n francesa del Gran Este, anteriormente conocida como Champa\u00f1a, alberga los vi\u00f1edos y bodegas de champ\u00e1n m\u00e1s famosos del mundo.<\/p>\n<p>Podr\u00e1 visitar a su aire las emblem\u00e1ticas bodegas de Mo\u00ebt, Taittinger, Veuve Clicquot, Ruinart, Lanson o Vranken-Pommery, ya que podr\u00e1 elegir entre una de estas famosas casas de vinos espumosos.<\/p>\n<p>Ser\u00e1 una experiencia inolvidable de 10 horas en la que descubrir\u00e1 la historia y todos los secretos del champ\u00e1n.<\/p>\n<p>Lo mejor es que la visita a la Champagnerie terminar\u00e1 con una cata de vinos, por lo que podr\u00e1 disfrutar de una copa de champ\u00e1n en exclusiva para usted.<\/p>\n<p>A continuaci\u00f3n, le llevaremos de vuelta a <a href=\"https:\/\/es.wikipedia.org\/wiki\/Par%C3%ADs\"><b>Par\u00eds<\/b><\/a><b> <\/b>para dejarle en el punto que nos indique.<\/p>\n<h2><b>Puntos destacados del tour privado a Reims y las mejores bodegas de champ\u00e1n desde Par\u00eds<\/b><\/h2>\n<p>Millones de personas visitan la ruta del champ\u00e1n a\u00f1o tras a\u00f1o. En nuestro tour privado a las mejores bodegas de champ\u00e1n, viajar\u00e1 en un c\u00f3modo coche para conocer la campi\u00f1a francesa.<\/p>\n<p>Tambi\u00e9n ver\u00e1 de primera mano el proceso de elaboraci\u00f3n de esta emblem\u00e1tica bebida y la raz\u00f3n por la que es tan especial.<\/p>\n<p>Podr\u00e1 elegir entre algunas de las bodegas m\u00e1s reconocidas del mundo. Visite dos bodegas, donde tendr\u00e1 el placer de degustar su maravilloso champ\u00e1n:<\/p>\n<h4><b>Lanson<\/b><\/h4>\n<p>Cuando se habla de champ\u00e1n, es imprescindible mencionar la bodega Lanson. Se trata de una de las casas de elaboraci\u00f3n de vino espumoso m\u00e1s antiguas, que se hizo famosa, entre otras cosas, por ser la bebida favorita de la reina Victoria.<\/p>\n<p>Esta casa fue creada en 1760 por Fran\u00e7ois Delamotte. En la actualidad, pertenece al grupo BCC y cuenta con en\u00f3logos de renombre mundial entre su personal.<\/p>\n<h4><b>Mo\u00ebt &amp; Chandon<\/b><\/h4>\n<p>Fundada en 1743, Mo\u00ebt &amp; Chandon es uno de los champanes m\u00e1s vendidos del mundo. Es una de las marcas que cuenta con su propia Denominaci\u00f3n de Origen.<\/p>\n<h4><b>Vranken-Pommery<\/b><\/h4>\n<p>En sus inicios, esta reconocida bodega solo produc\u00eda vino tinto. Sin embargo, en 1885 se lanz\u00f3 al mercado para conquistar otras tendencias. As\u00ed naci\u00f3 su majestuoso champ\u00e1n.<\/p>\n<p>De hecho, son los creadores del primer Champagne Bru, que tiene un toque m\u00e1s ligero que sus hom\u00f3logos dulces.<\/p>\n<p>Adem\u00e1s de estas bodegas que ya hemos mencionado, tambi\u00e9n tiene la posibilidad de elegir entre:<\/p>\n<h4><b>Taittinger<\/b><\/h4>\n<p>Esta casa se distingue por tener sus propias hect\u00e1reas de vi\u00f1edos. Su champ\u00e1n tiene un 45 % menos de Chardonnay y los propietarios se encargan de verificar parcela por parcela que la fruta est\u00e9 en su punto \u00f3ptimo antes de cada vendimia.<\/p>\n<p>Todos sus vinos envejecen durante al menos 5 a\u00f1os, lo que confiere un car\u00e1cter \u00fanico a sus bebidas.<\/p>\n<h4><b>Veuve Clicquot<\/b><\/h4>\n<p>Es una casa con m\u00e1s de dos siglos de tradici\u00f3n. Si la visita, vivir\u00e1 una aut\u00e9ntica experiencia de enoturismo, ya que en sus bodegas aprender\u00e1 las t\u00e9cnicas y herramientas que utilizan para crear su magn\u00edfico vino espumoso.<\/p>\n<h4><b>Ruinart<\/b><\/h4>\n<p>Es una marca de lujo que elabora vinos de gran complejidad y que cuida hasta el m\u00e1s m\u00ednimo detalle. De hecho, sus bebidas son las favoritas de los paladares m\u00e1s exigentes.<\/p>\n<p>Al visitar esta bodega, podr\u00e1 conocer sus t\u00e9cnicas de elaboraci\u00f3n, sus vi\u00f1edos y degustar algunas de sus bebidas.<\/p>\n<p>Vivir\u00e1 una experiencia inolvidable y relajante, lejos del estr\u00e9s de la ciudad. Tambi\u00e9n explorar\u00e1 las redes de metro utilizadas para el envejecimiento de las bebidas y, en cada una de las paradas que realizaremos en las bodegas, degustar\u00e1 el mejor vino espumoso de Reims.<\/p>\n<p>Le recomendamos que reserve algo de tiempo en su itinerario para incluir un <a href=\"https:\/\/tourtravelandmore.com\/es\/ciudad\/francia\/paris-es\/\">recorrido a pie por Reims<\/a>, ya que de esta manera estar\u00e1 en contacto directo con la arquitectura, los monumentos y la historia que rodean esta emblem\u00e1tica ciudad.<\/p>\n","protected":false},"excerpt":{"rendered":"<p><span style=\"font-weight: 400;\">Disfrute de una visita de <strong>10 horas a las mejores bodegas de champ\u00e1n desde Par\u00eds.<\/strong> Ser\u00e1 un tour privado lleno de magia y relax, en el cual ir\u00e1s en un coche de lujo muy exclusivo por la campi\u00f1a francesa hasta la regi\u00f3n de la Champ\u00e1n. Adem\u00e1s, vas a conocer las bodegas de champ\u00e1n m\u00e1s importantes de Francia y degustar\u00e1s sus exquisitos vinos espumosos. <\/span><\/p>\n<div id=\"gtx-trans\" style=\"position: absolute; left: 560px; top: -10px;\">\n<div class=\"gtx-trans-icon\"><\/div>\n<\/div>\n","protected":false},"featured_media":154430,"comment_status":"open","ping_status":"closed","template":"","meta":{"_acf_changed":false},"product_brand":[],"product_cat":[3617,4046,834,848,849,851],"product_tag":[],"class_list":{"0":"post-154408","1":"product","2":"type-product","3":"status-publish","4":"has-post-thumbnail","6":"product_cat-reims-sp","7":"product_cat-todos-los-tours-privados-y-actividades-reims-sp-francia","8":"product_cat-paris-es","9":"product_cat-paris-top-ventas-es","10":"product_cat-paris-actividades-es","11":"product_cat-paris-excursiones-es","13":"first","14":"instock","15":"shipping-taxable","16":"purchasable","17":"product-type-simple"},"acf":[],"yoast_head":"<!-- This site is optimized with the Yoast SEO Premium plugin v25.3.1 (Yoast SEO v25.3.1) - https:\/\/yoast.com\/wordpress\/plugins\/seo\/ -->\n<title>\u27a1\ufe0f Tour privado a Reims y las mejores Bodegas de champ\u00e1n desde Par\u00eds | Tour Travel &amp; More<\/title>\n<meta name=\"description\" content=\"\u00bfQuieres conocer la ruta tur\u00edstica del champ\u00e1n? Este tour privado a las mejores bodegas de champ\u00e1n desde Par\u00eds te llevar\u00e1 hasta las casas de vino \u2705\" \/>\n<meta name=\"robots\" content=\"index, follow, max-snippet:-1, max-image-preview:large, max-video-preview:-1\" \/>\n<link rel=\"canonical\" href=\"https:\/\/tourtravelandmore.com\/es\/tours\/francia\/reims-sp\/todos-los-tours-privados-y-actividades-reims-sp-francia\/tour-privado-a-reims-y-a-las-mejores-bodegas-de-champan-desde-paris-en-coche\/\" \/>\n<meta property=\"og:locale\" content=\"es_ES\" \/>\n<meta property=\"og:type\" content=\"article\" \/>\n<meta property=\"og:title\" content=\"Tour Privado a Reims y a las mejores Bodegas de champ\u00e1n desde Par\u00eds en coche\" \/>\n<meta property=\"og:description\" content=\"\u00bfQuieres conocer la ruta tur\u00edstica del champ\u00e1n? Este tour privado a las mejores bodegas de champ\u00e1n desde Par\u00eds te llevar\u00e1 hasta las casas de vino \u2705\" \/>\n<meta property=\"og:url\" content=\"https:\/\/tourtravelandmore.com\/es\/tours\/francia\/reims-sp\/todos-los-tours-privados-y-actividades-reims-sp-francia\/tour-privado-a-reims-y-a-las-mejores-bodegas-de-champan-desde-paris-en-coche\/\" \/>\n<meta property=\"og:site_name\" content=\"Tour Travel And More\" \/>\n<meta property=\"article:publisher\" content=\"https:\/\/www.facebook.com\/tourtravelandmore\/\" \/>\n<meta property=\"article:modified_time\" content=\"2025-04-21T15:17:08+00:00\" \/>\n<meta property=\"og:image\" content=\"https:\/\/tourtravelandmore.com\/wp-content\/uploads\/2023\/02\/pexels-edoardo-colombo-13802999-scaled.jpg\" \/>\n\t<meta property=\"og:image:width\" content=\"2560\" \/>\n\t<meta property=\"og:image:height\" content=\"1440\" \/>\n\t<meta property=\"og:image:type\" content=\"image\/jpeg\" \/>\n<meta name=\"twitter:card\" content=\"summary_large_image\" \/>\n<meta name=\"twitter:site\" content=\"@TourTravel_More\" \/>\n<meta name=\"twitter:label1\" content=\"Tiempo de lectura\" \/>\n\t<meta name=\"twitter:data1\" content=\"4 minutos\" \/>\n<script type=\"application\/ld+json\" class=\"yoast-schema-graph\">{\"@context\":\"https:\/\/schema.org\",\"@graph\":[{\"@type\":\"WebPage\",\"@id\":\"https:\/\/tourtravelandmore.com\/es\/tours\/francia\/reims-sp\/todos-los-tours-privados-y-actividades-reims-sp-francia\/tour-privado-a-reims-y-a-las-mejores-bodegas-de-champan-desde-paris-en-coche\/\",\"url\":\"https:\/\/tourtravelandmore.com\/es\/tours\/francia\/reims-sp\/todos-los-tours-privados-y-actividades-reims-sp-francia\/tour-privado-a-reims-y-a-las-mejores-bodegas-de-champan-desde-paris-en-coche\/\",\"name\":\"\u27a1\ufe0f Tour privado a Reims y las mejores Bodegas de champ\u00e1n desde Par\u00eds | Tour Travel & More\",\"isPartOf\":{\"@id\":\"https:\/\/tourtravelandmore.com\/es\/#website\"},\"primaryImageOfPage\":{\"@id\":\"https:\/\/tourtravelandmore.com\/es\/tours\/francia\/reims-sp\/todos-los-tours-privados-y-actividades-reims-sp-francia\/tour-privado-a-reims-y-a-las-mejores-bodegas-de-champan-desde-paris-en-coche\/#primaryimage\"},\"image\":{\"@id\":\"https:\/\/tourtravelandmore.com\/es\/tours\/francia\/reims-sp\/todos-los-tours-privados-y-actividades-reims-sp-francia\/tour-privado-a-reims-y-a-las-mejores-bodegas-de-champan-desde-paris-en-coche\/#primaryimage\"},\"thumbnailUrl\":\"https:\/\/tourtravelandmore.com\/wp-content\/uploads\/2023\/02\/pexels-edoardo-colombo-13802999-scaled.jpg\",\"datePublished\":\"2023-02-24T17:47:18+00:00\",\"dateModified\":\"2025-04-21T15:17:08+00:00\",\"description\":\"\u00bfQuieres conocer la ruta tur\u00edstica del champ\u00e1n? Este tour privado a las mejores bodegas de champ\u00e1n desde Par\u00eds te llevar\u00e1 hasta las casas de vino \u2705\",\"breadcrumb\":{\"@id\":\"https:\/\/tourtravelandmore.com\/es\/tours\/francia\/reims-sp\/todos-los-tours-privados-y-actividades-reims-sp-francia\/tour-privado-a-reims-y-a-las-mejores-bodegas-de-champan-desde-paris-en-coche\/#breadcrumb\"},\"inLanguage\":\"es\",\"potentialAction\":[{\"@type\":\"ReadAction\",\"target\":[\"https:\/\/tourtravelandmore.com\/es\/tours\/francia\/reims-sp\/todos-los-tours-privados-y-actividades-reims-sp-francia\/tour-privado-a-reims-y-a-las-mejores-bodegas-de-champan-desde-paris-en-coche\/\"]}]},{\"@type\":\"ImageObject\",\"inLanguage\":\"es\",\"@id\":\"https:\/\/tourtravelandmore.com\/es\/tours\/francia\/reims-sp\/todos-los-tours-privados-y-actividades-reims-sp-francia\/tour-privado-a-reims-y-a-las-mejores-bodegas-de-champan-desde-paris-en-coche\/#primaryimage\",\"url\":\"https:\/\/tourtravelandmore.com\/wp-content\/uploads\/2023\/02\/pexels-edoardo-colombo-13802999-scaled.jpg\",\"contentUrl\":\"https:\/\/tourtravelandmore.com\/wp-content\/uploads\/2023\/02\/pexels-edoardo-colombo-13802999-scaled.jpg\",\"width\":2560,\"height\":1440},{\"@type\":\"BreadcrumbList\",\"@id\":\"https:\/\/tourtravelandmore.com\/es\/tours\/francia\/reims-sp\/todos-los-tours-privados-y-actividades-reims-sp-francia\/tour-privado-a-reims-y-a-las-mejores-bodegas-de-champan-desde-paris-en-coche\/#breadcrumb\",\"itemListElement\":[{\"@type\":\"ListItem\",\"position\":1,\"name\":\"Home\",\"item\":\"https:\/\/tourtravelandmore.com\/es\/\"},{\"@type\":\"ListItem\",\"position\":2,\"name\":\"Tours\",\"item\":\"https:\/\/tourtravelandmore.com\/es\/tours\/\"},{\"@type\":\"ListItem\",\"position\":3,\"name\":\"Tour Privado a Reims y a las mejores Bodegas de champ\u00e1n desde Par\u00eds en coche\"}]},{\"@type\":\"WebSite\",\"@id\":\"https:\/\/tourtravelandmore.com\/es\/#website\",\"url\":\"https:\/\/tourtravelandmore.com\/es\/\",\"name\":\"Tour Travel And More\",\"description\":\"Private sightseeing tours and luxury transfers in Spain\",\"publisher\":{\"@id\":\"https:\/\/tourtravelandmore.com\/es\/#organization\"},\"potentialAction\":[{\"@type\":\"SearchAction\",\"target\":{\"@type\":\"EntryPoint\",\"urlTemplate\":\"https:\/\/tourtravelandmore.com\/es\/?s={search_term_string}\"},\"query-input\":{\"@type\":\"PropertyValueSpecification\",\"valueRequired\":true,\"valueName\":\"search_term_string\"}}],\"inLanguage\":\"es\"},{\"@type\":\"Organization\",\"@id\":\"https:\/\/tourtravelandmore.com\/es\/#organization\",\"name\":\"Tour Travel And More\",\"url\":\"https:\/\/tourtravelandmore.com\/es\/\",\"logo\":{\"@type\":\"ImageObject\",\"inLanguage\":\"es\",\"@id\":\"https:\/\/tourtravelandmore.com\/es\/#\/schema\/logo\/image\/\",\"url\":\"https:\/\/tourtravelandmore.com\/wp-content\/uploads\/2022\/12\/cropped-logo-cabecera-new.png\",\"contentUrl\":\"https:\/\/tourtravelandmore.com\/wp-content\/uploads\/2022\/12\/cropped-logo-cabecera-new.png\",\"width\":430,\"height\":61,\"caption\":\"Tour Travel And More\"},\"image\":{\"@id\":\"https:\/\/tourtravelandmore.com\/es\/#\/schema\/logo\/image\/\"},\"sameAs\":[\"https:\/\/www.facebook.com\/tourtravelandmore\/\",\"https:\/\/x.com\/TourTravel_More\"]}]}<\/script>\n<!-- \/ Yoast SEO Premium plugin. -->","yoast_head_json":{"title":"\u27a1\ufe0f Tour privado a Reims y las mejores Bodegas de champ\u00e1n desde Par\u00eds | Tour Travel & More","description":"\u00bfQuieres conocer la ruta tur\u00edstica del champ\u00e1n? Este tour privado a las mejores bodegas de champ\u00e1n desde Par\u00eds te llevar\u00e1 hasta las casas de vino \u2705","robots":{"index":"index","follow":"follow","max-snippet":"max-snippet:-1","max-image-preview":"max-image-preview:large","max-video-preview":"max-video-preview:-1"},"canonical":"https:\/\/tourtravelandmore.com\/es\/tours\/francia\/reims-sp\/todos-los-tours-privados-y-actividades-reims-sp-francia\/tour-privado-a-reims-y-a-las-mejores-bodegas-de-champan-desde-paris-en-coche\/","og_locale":"es_ES","og_type":"article","og_title":"Tour Privado a Reims y a las mejores Bodegas de champ\u00e1n desde Par\u00eds en coche","og_description":"\u00bfQuieres conocer la ruta tur\u00edstica del champ\u00e1n? Este tour privado a las mejores bodegas de champ\u00e1n desde Par\u00eds te llevar\u00e1 hasta las casas de vino \u2705","og_url":"https:\/\/tourtravelandmore.com\/es\/tours\/francia\/reims-sp\/todos-los-tours-privados-y-actividades-reims-sp-francia\/tour-privado-a-reims-y-a-las-mejores-bodegas-de-champan-desde-paris-en-coche\/","og_site_name":"Tour Travel And More","article_publisher":"https:\/\/www.facebook.com\/tourtravelandmore\/","article_modified_time":"2025-04-21T15:17:08+00:00","og_image":[{"width":2560,"height":1440,"url":"https:\/\/tourtravelandmore.com\/wp-content\/uploads\/2023\/02\/pexels-edoardo-colombo-13802999-scaled.jpg","type":"image\/jpeg"}],"twitter_card":"summary_large_image","twitter_site":"@TourTravel_More","twitter_misc":{"Tiempo de lectura":"4 minutos"},"schema":{"@context":"https:\/\/schema.org","@graph":[{"@type":"WebPage","@id":"https:\/\/tourtravelandmore.com\/es\/tours\/francia\/reims-sp\/todos-los-tours-privados-y-actividades-reims-sp-francia\/tour-privado-a-reims-y-a-las-mejores-bodegas-de-champan-desde-paris-en-coche\/","url":"https:\/\/tourtravelandmore.com\/es\/tours\/francia\/reims-sp\/todos-los-tours-privados-y-actividades-reims-sp-francia\/tour-privado-a-reims-y-a-las-mejores-bodegas-de-champan-desde-paris-en-coche\/","name":"\u27a1\ufe0f Tour privado a Reims y las mejores Bodegas de champ\u00e1n desde Par\u00eds | Tour Travel & More","isPartOf":{"@id":"https:\/\/tourtravelandmore.com\/es\/#website"},"primaryImageOfPage":{"@id":"https:\/\/tourtravelandmore.com\/es\/tours\/francia\/reims-sp\/todos-los-tours-privados-y-actividades-reims-sp-francia\/tour-privado-a-reims-y-a-las-mejores-bodegas-de-champan-desde-paris-en-coche\/#primaryimage"},"image":{"@id":"https:\/\/tourtravelandmore.com\/es\/tours\/francia\/reims-sp\/todos-los-tours-privados-y-actividades-reims-sp-francia\/tour-privado-a-reims-y-a-las-mejores-bodegas-de-champan-desde-paris-en-coche\/#primaryimage"},"thumbnailUrl":"https:\/\/tourtravelandmore.com\/wp-content\/uploads\/2023\/02\/pexels-edoardo-colombo-13802999-scaled.jpg","datePublished":"2023-02-24T17:47:18+00:00","dateModified":"2025-04-21T15:17:08+00:00","description":"\u00bfQuieres conocer la ruta tur\u00edstica del champ\u00e1n? Este tour privado a las mejores bodegas de champ\u00e1n desde Par\u00eds te llevar\u00e1 hasta las casas de vino \u2705","breadcrumb":{"@id":"https:\/\/tourtravelandmore.com\/es\/tours\/francia\/reims-sp\/todos-los-tours-privados-y-actividades-reims-sp-francia\/tour-privado-a-reims-y-a-las-mejores-bodegas-de-champan-desde-paris-en-coche\/#breadcrumb"},"inLanguage":"es","potentialAction":[{"@type":"ReadAction","target":["https:\/\/tourtravelandmore.com\/es\/tours\/francia\/reims-sp\/todos-los-tours-privados-y-actividades-reims-sp-francia\/tour-privado-a-reims-y-a-las-mejores-bodegas-de-champan-desde-paris-en-coche\/"]}]},{"@type":"ImageObject","inLanguage":"es","@id":"https:\/\/tourtravelandmore.com\/es\/tours\/francia\/reims-sp\/todos-los-tours-privados-y-actividades-reims-sp-francia\/tour-privado-a-reims-y-a-las-mejores-bodegas-de-champan-desde-paris-en-coche\/#primaryimage","url":"https:\/\/tourtravelandmore.com\/wp-content\/uploads\/2023\/02\/pexels-edoardo-colombo-13802999-scaled.jpg","contentUrl":"https:\/\/tourtravelandmore.com\/wp-content\/uploads\/2023\/02\/pexels-edoardo-colombo-13802999-scaled.jpg","width":2560,"height":1440},{"@type":"BreadcrumbList","@id":"https:\/\/tourtravelandmore.com\/es\/tours\/francia\/reims-sp\/todos-los-tours-privados-y-actividades-reims-sp-francia\/tour-privado-a-reims-y-a-las-mejores-bodegas-de-champan-desde-paris-en-coche\/#breadcrumb","itemListElement":[{"@type":"ListItem","position":1,"name":"Home","item":"https:\/\/tourtravelandmore.com\/es\/"},{"@type":"ListItem","position":2,"name":"Tours","item":"https:\/\/tourtravelandmore.com\/es\/tours\/"},{"@type":"ListItem","position":3,"name":"Tour Privado a Reims y a las mejores Bodegas de champ\u00e1n desde Par\u00eds en coche"}]},{"@type":"WebSite","@id":"https:\/\/tourtravelandmore.com\/es\/#website","url":"https:\/\/tourtravelandmore.com\/es\/","name":"Tour Travel And More","description":"Private sightseeing tours and luxury transfers in Spain","publisher":{"@id":"https:\/\/tourtravelandmore.com\/es\/#organization"},"potentialAction":[{"@type":"SearchAction","target":{"@type":"EntryPoint","urlTemplate":"https:\/\/tourtravelandmore.com\/es\/?s={search_term_string}"},"query-input":{"@type":"PropertyValueSpecification","valueRequired":true,"valueName":"search_term_string"}}],"inLanguage":"es"},{"@type":"Organization","@id":"https:\/\/tourtravelandmore.com\/es\/#organization","name":"Tour Travel And More","url":"https:\/\/tourtravelandmore.com\/es\/","logo":{"@type":"ImageObject","inLanguage":"es","@id":"https:\/\/tourtravelandmore.com\/es\/#\/schema\/logo\/image\/","url":"https:\/\/tourtravelandmore.com\/wp-content\/uploads\/2022\/12\/cropped-logo-cabecera-new.png","contentUrl":"https:\/\/tourtravelandmore.com\/wp-content\/uploads\/2022\/12\/cropped-logo-cabecera-new.png","width":430,"height":61,"caption":"Tour Travel And More"},"image":{"@id":"https:\/\/tourtravelandmore.com\/es\/#\/schema\/logo\/image\/"},"sameAs":["https:\/\/www.facebook.com\/tourtravelandmore\/","https:\/\/x.com\/TourTravel_More"]}]}},"_links":{"self":[{"href":"https:\/\/tourtravelandmore.com\/es\/wp-json\/wp\/v2\/product\/154408","targetHints":{"allow":["GET"]}}],"collection":[{"href":"https:\/\/tourtravelandmore.com\/es\/wp-json\/wp\/v2\/product"}],"about":[{"href":"https:\/\/tourtravelandmore.com\/es\/wp-json\/wp\/v2\/types\/product"}],"replies":[{"embeddable":true,"href":"https:\/\/tourtravelandmore.com\/es\/wp-json\/wp\/v2\/comments?post=154408"}],"wp:featuredmedia":[{"embeddable":true,"href":"https:\/\/tourtravelandmore.com\/es\/wp-json\/wp\/v2\/media\/154430"}],"wp:attachment":[{"href":"https:\/\/tourtravelandmore.com\/es\/wp-json\/wp\/v2\/media?parent=154408"}],"wp:term":[{"taxonomy":"product_brand","embeddable":true,"href":"https:\/\/tourtravelandmore.com\/es\/wp-json\/wp\/v2\/product_brand?post=154408"},{"taxonomy":"product_cat","embeddable":true,"href":"https:\/\/tourtravelandmore.com\/es\/wp-json\/wp\/v2\/product_cat?post=154408"},{"taxonomy":"product_tag","embeddable":true,"href":"https:\/\/tourtravelandmore.com\/es\/wp-json\/wp\/v2\/product_tag?post=154408"}],"curies":[{"name":"wp","href":"https:\/\/api.w.org\/{rel}","templated":true}]}}