{"id":154352,"date":"2023-02-24T16:32:33","date_gmt":"2023-02-24T15:32:34","guid":{"rendered":"https:\/\/tourtravelandmore.com\/?post_type=product&#038;p=154352"},"modified":"2024-08-06T16:59:34","modified_gmt":"2024-08-06T14:59:34","slug":"tour-privado-del-museo-orsay-con-guia-oficial","status":"publish","type":"product","link":"https:\/\/tourtravelandmore.com\/es\/tours\/francia\/paris-es\/tour-privado-del-museo-orsay-con-guia-oficial\/","title":{"rendered":"Tour privado del museo Orsay con gu\u00eda oficial"},"content":{"rendered":"<h2><strong>Descripci\u00f3n del Tour privado del museo Orsay con gu\u00eda oficial<\/strong><\/h2>\n<p>El <strong>museo Orsay<\/strong> es una visita obligatoria para los amantes del arte en Par\u00eds. Aparte de ser el museo nacional de <strong>Francia,<\/strong> es el museo de arte m\u00e1s grande del mundo. Explore este magn\u00edfico museo junto a un gu\u00eda oficial privado durante nuestro tour del Orsay.<\/p>\n<p>Su <strong>gu\u00eda privado<\/strong> les recoger\u00e1 en su hotel c\u00e9ntrico, o bien les esperar\u00e1 en la entrada del museo. A continuaci\u00f3n comenzar\u00e1n un tour privado de 3 horas donde descubrir\u00e1n la historia del museo. En caso de que deseen podemos coordinar traslados privados hacia y desde el museo a su hotel. Nuestros gu\u00edas son licenciados y expertos en historia del arte.<\/p>\n<p>Todos nuestros tours son privados y organizados a medida, de acuerdo a su inter\u00e9s personal.<\/p>\n<h2><strong>Puntos de inter\u00e9s en el Tour privado del museo Orsay con gu\u00eda oficial<\/strong><\/h2>\n<p>El Museo de <strong>Orsay<\/strong> alberga principalmente arte <strong>franc\u00e9s<\/strong> de mediados del siglo <strong>XIX<\/strong> a principios del <strong>XX<\/strong> en forma de pinturas, muebles, esculturas y mucho m\u00e1s. Algunos de los pintores m\u00e1s populares cuyas obras se exponen aqu\u00ed son Vincent van Gogh, William-Adolphe Bouguereau, Paul C\u00e9zanne, Edgar Degas y Piet Mondrian.<\/p>\n<p>La colecci\u00f3n art\u00edstica del museo es una de las m\u00e1s amplias del mundo. El museo alberga obras de todos los periodos europeos hasta la revoluci\u00f3n de 1848. Algunas de las obras m\u00e1s emblem\u00e1ticas que el museo alberga son:<\/p>\n<ul>\n<li><strong>Afrodita, mejor conocida como Venus de Milo.<\/strong><\/li>\n<li><strong>Caballos de Marly<\/strong><\/li>\n<li><strong>La libertad guiando al pueblo<\/strong><\/li>\n<li><strong>Leyes de Hammurabi, rey de Babilonia.<\/strong><\/li>\n<li><strong>Louis XIV (1638-1715)<\/strong><\/li>\n<li><strong>Mona Lisa \u2013 Retrato de Lisa Gherardini, mujer de Francesco del Giocondo<\/strong><\/li>\n<\/ul>\n<p>Durante su visita al museo disfrutar\u00e1n la compa\u00f1\u00eda de un gu\u00eda oficial privado, experto en historia del arte. <em><strong>Entradas sin fila al museo est\u00e1n incluidas en el precio del tour.<\/strong><\/em><\/p>\n<p><span style=\"font-weight: 400;\">Todos nuestros tours son privados y coordinados a medida. No dude en contactarnos, nuestro equipo de expertos le ayudar\u00e1 a organizar la mejor experiencia posible. Es posible combinar una visita al <strong>Orsay<\/strong> con un tour del <strong>Louvre.<\/strong>\u00a0<\/span><\/p>\n<p>En caso de que lo deseen podemos coordinar traslados privados desde\/hacia su hotel desde\/hacia el museo. No dude en contactarnos para m\u00e1s informaci\u00f3n.<\/p>\n<p>&nbsp;<\/p>\n","protected":false},"excerpt":{"rendered":"<p>Visita el museo de arte m\u00e1s grande del mundo junto a su gu\u00eda oficial privado, especializado en arte moderno e historia del arte en Paris. Coordinamos tambi\u00e9n sus entradas sin fila al museo!<\/p>\n","protected":false},"featured_media":154368,"comment_status":"open","ping_status":"closed","template":"","meta":{"_acf_changed":false},"product_brand":[],"product_cat":[834,848,849,852],"product_tag":[],"class_list":{"0":"post-154352","1":"product","2":"type-product","3":"status-publish","4":"has-post-thumbnail","6":"product_cat-paris-es","7":"product_cat-paris-top-ventas-es","8":"product_cat-paris-actividades-es","9":"product_cat-paris-tours-privados-pie-es","11":"first","12":"instock","13":"shipping-taxable","14":"purchasable","15":"product-type-simple"},"acf":[],"yoast_head":"<!-- This site is optimized with the Yoast SEO Premium plugin v25.3.1 (Yoast SEO v25.3.1) - https:\/\/yoast.com\/wordpress\/plugins\/seo\/ -->\n<title>\u27a1\ufe0f Tour Privado al Museo Orsay de Paris con gu\u00eda oficial experto en arte | Tour Travel &amp; More<\/title>\n<meta name=\"description\" content=\"Visite el museo de arte m\u00e1s grande del mundo junto a su gu\u00eda oficial privado, especializado en arte moderno e historia del arte en Paris \u2705\" \/>\n<meta name=\"robots\" content=\"index, follow, max-snippet:-1, max-image-preview:large, max-video-preview:-1\" \/>\n<link rel=\"canonical\" href=\"https:\/\/tourtravelandmore.com\/es\/tours\/francia\/paris-es\/tour-privado-del-museo-orsay-con-guia-oficial\/\" \/>\n<meta property=\"og:locale\" content=\"es_ES\" \/>\n<meta property=\"og:type\" content=\"article\" \/>\n<meta property=\"og:title\" content=\"Tour privado del museo Orsay con gu\u00eda oficial\" \/>\n<meta property=\"og:description\" content=\"Visite el museo de arte m\u00e1s grande del mundo junto a su gu\u00eda oficial privado, especializado en arte moderno e historia del arte en Paris \u2705\" \/>\n<meta property=\"og:url\" content=\"https:\/\/tourtravelandmore.com\/es\/tours\/francia\/paris-es\/tour-privado-del-museo-orsay-con-guia-oficial\/\" \/>\n<meta property=\"og:site_name\" content=\"Tour Travel And More\" \/>\n<meta property=\"article:publisher\" content=\"https:\/\/www.facebook.com\/tourtravelandmore\/\" \/>\n<meta property=\"article:modified_time\" content=\"2024-08-06T14:59:34+00:00\" \/>\n<meta property=\"og:image\" content=\"https:\/\/tourtravelandmore.com\/wp-content\/uploads\/2023\/02\/pexels-martha-vera-4917790-scaled.jpg\" \/>\n\t<meta property=\"og:image:width\" content=\"2560\" \/>\n\t<meta property=\"og:image:height\" content=\"1707\" \/>\n\t<meta property=\"og:image:type\" content=\"image\/jpeg\" \/>\n<meta name=\"twitter:card\" content=\"summary_large_image\" \/>\n<meta name=\"twitter:site\" content=\"@TourTravel_More\" \/>\n<meta name=\"twitter:label1\" content=\"Tiempo de lectura\" \/>\n\t<meta name=\"twitter:data1\" content=\"2 minutos\" \/>\n<script type=\"application\/ld+json\" class=\"yoast-schema-graph\">{\"@context\":\"https:\/\/schema.org\",\"@graph\":[{\"@type\":\"WebPage\",\"@id\":\"https:\/\/tourtravelandmore.com\/es\/tours\/francia\/paris-es\/tour-privado-del-museo-orsay-con-guia-oficial\/\",\"url\":\"https:\/\/tourtravelandmore.com\/es\/tours\/francia\/paris-es\/tour-privado-del-museo-orsay-con-guia-oficial\/\",\"name\":\"\u27a1\ufe0f Tour Privado al Museo Orsay de Paris con gu\u00eda oficial experto en arte | Tour Travel & More\",\"isPartOf\":{\"@id\":\"https:\/\/tourtravelandmore.com\/es\/#website\"},\"primaryImageOfPage\":{\"@id\":\"https:\/\/tourtravelandmore.com\/es\/tours\/francia\/paris-es\/tour-privado-del-museo-orsay-con-guia-oficial\/#primaryimage\"},\"image\":{\"@id\":\"https:\/\/tourtravelandmore.com\/es\/tours\/francia\/paris-es\/tour-privado-del-museo-orsay-con-guia-oficial\/#primaryimage\"},\"thumbnailUrl\":\"https:\/\/tourtravelandmore.com\/wp-content\/uploads\/2023\/02\/pexels-martha-vera-4917790-scaled.jpg\",\"datePublished\":\"2023-02-24T15:32:34+00:00\",\"dateModified\":\"2024-08-06T14:59:34+00:00\",\"description\":\"Visite el museo de arte m\u00e1s grande del mundo junto a su gu\u00eda oficial privado, especializado en arte moderno e historia del arte en Paris \u2705\",\"breadcrumb\":{\"@id\":\"https:\/\/tourtravelandmore.com\/es\/tours\/francia\/paris-es\/tour-privado-del-museo-orsay-con-guia-oficial\/#breadcrumb\"},\"inLanguage\":\"es\",\"potentialAction\":[{\"@type\":\"ReadAction\",\"target\":[\"https:\/\/tourtravelandmore.com\/es\/tours\/francia\/paris-es\/tour-privado-del-museo-orsay-con-guia-oficial\/\"]}]},{\"@type\":\"ImageObject\",\"inLanguage\":\"es\",\"@id\":\"https:\/\/tourtravelandmore.com\/es\/tours\/francia\/paris-es\/tour-privado-del-museo-orsay-con-guia-oficial\/#primaryimage\",\"url\":\"https:\/\/tourtravelandmore.com\/wp-content\/uploads\/2023\/02\/pexels-martha-vera-4917790-scaled.jpg\",\"contentUrl\":\"https:\/\/tourtravelandmore.com\/wp-content\/uploads\/2023\/02\/pexels-martha-vera-4917790-scaled.jpg\",\"width\":2560,\"height\":1707},{\"@type\":\"BreadcrumbList\",\"@id\":\"https:\/\/tourtravelandmore.com\/es\/tours\/francia\/paris-es\/tour-privado-del-museo-orsay-con-guia-oficial\/#breadcrumb\",\"itemListElement\":[{\"@type\":\"ListItem\",\"position\":1,\"name\":\"Home\",\"item\":\"https:\/\/tourtravelandmore.com\/es\/\"},{\"@type\":\"ListItem\",\"position\":2,\"name\":\"Tours\",\"item\":\"https:\/\/tourtravelandmore.com\/es\/tours\/\"},{\"@type\":\"ListItem\",\"position\":3,\"name\":\"Tour privado del museo Orsay con gu\u00eda oficial\"}]},{\"@type\":\"WebSite\",\"@id\":\"https:\/\/tourtravelandmore.com\/es\/#website\",\"url\":\"https:\/\/tourtravelandmore.com\/es\/\",\"name\":\"Tour Travel And More\",\"description\":\"Private sightseeing tours and luxury transfers in Spain\",\"publisher\":{\"@id\":\"https:\/\/tourtravelandmore.com\/es\/#organization\"},\"potentialAction\":[{\"@type\":\"SearchAction\",\"target\":{\"@type\":\"EntryPoint\",\"urlTemplate\":\"https:\/\/tourtravelandmore.com\/es\/?s={search_term_string}\"},\"query-input\":{\"@type\":\"PropertyValueSpecification\",\"valueRequired\":true,\"valueName\":\"search_term_string\"}}],\"inLanguage\":\"es\"},{\"@type\":\"Organization\",\"@id\":\"https:\/\/tourtravelandmore.com\/es\/#organization\",\"name\":\"Tour Travel And More\",\"url\":\"https:\/\/tourtravelandmore.com\/es\/\",\"logo\":{\"@type\":\"ImageObject\",\"inLanguage\":\"es\",\"@id\":\"https:\/\/tourtravelandmore.com\/es\/#\/schema\/logo\/image\/\",\"url\":\"https:\/\/tourtravelandmore.com\/wp-content\/uploads\/2022\/12\/cropped-logo-cabecera-new.png\",\"contentUrl\":\"https:\/\/tourtravelandmore.com\/wp-content\/uploads\/2022\/12\/cropped-logo-cabecera-new.png\",\"width\":430,\"height\":61,\"caption\":\"Tour Travel And More\"},\"image\":{\"@id\":\"https:\/\/tourtravelandmore.com\/es\/#\/schema\/logo\/image\/\"},\"sameAs\":[\"https:\/\/www.facebook.com\/tourtravelandmore\/\",\"https:\/\/x.com\/TourTravel_More\"]}]}<\/script>\n<!-- \/ Yoast SEO Premium plugin. -->","yoast_head_json":{"title":"\u27a1\ufe0f Tour Privado al Museo Orsay de Paris con gu\u00eda oficial experto en arte | Tour Travel & More","description":"Visite el museo de arte m\u00e1s grande del mundo junto a su gu\u00eda oficial privado, especializado en arte moderno e historia del arte en Paris \u2705","robots":{"index":"index","follow":"follow","max-snippet":"max-snippet:-1","max-image-preview":"max-image-preview:large","max-video-preview":"max-video-preview:-1"},"canonical":"https:\/\/tourtravelandmore.com\/es\/tours\/francia\/paris-es\/tour-privado-del-museo-orsay-con-guia-oficial\/","og_locale":"es_ES","og_type":"article","og_title":"Tour privado del museo Orsay con gu\u00eda oficial","og_description":"Visite el museo de arte m\u00e1s grande del mundo junto a su gu\u00eda oficial privado, especializado en arte moderno e historia del arte en Paris \u2705","og_url":"https:\/\/tourtravelandmore.com\/es\/tours\/francia\/paris-es\/tour-privado-del-museo-orsay-con-guia-oficial\/","og_site_name":"Tour Travel And More","article_publisher":"https:\/\/www.facebook.com\/tourtravelandmore\/","article_modified_time":"2024-08-06T14:59:34+00:00","og_image":[{"width":2560,"height":1707,"url":"https:\/\/tourtravelandmore.com\/wp-content\/uploads\/2023\/02\/pexels-martha-vera-4917790-scaled.jpg","type":"image\/jpeg"}],"twitter_card":"summary_large_image","twitter_site":"@TourTravel_More","twitter_misc":{"Tiempo de lectura":"2 minutos"},"schema":{"@context":"https:\/\/schema.org","@graph":[{"@type":"WebPage","@id":"https:\/\/tourtravelandmore.com\/es\/tours\/francia\/paris-es\/tour-privado-del-museo-orsay-con-guia-oficial\/","url":"https:\/\/tourtravelandmore.com\/es\/tours\/francia\/paris-es\/tour-privado-del-museo-orsay-con-guia-oficial\/","name":"\u27a1\ufe0f Tour Privado al Museo Orsay de Paris con gu\u00eda oficial experto en arte | Tour Travel & More","isPartOf":{"@id":"https:\/\/tourtravelandmore.com\/es\/#website"},"primaryImageOfPage":{"@id":"https:\/\/tourtravelandmore.com\/es\/tours\/francia\/paris-es\/tour-privado-del-museo-orsay-con-guia-oficial\/#primaryimage"},"image":{"@id":"https:\/\/tourtravelandmore.com\/es\/tours\/francia\/paris-es\/tour-privado-del-museo-orsay-con-guia-oficial\/#primaryimage"},"thumbnailUrl":"https:\/\/tourtravelandmore.com\/wp-content\/uploads\/2023\/02\/pexels-martha-vera-4917790-scaled.jpg","datePublished":"2023-02-24T15:32:34+00:00","dateModified":"2024-08-06T14:59:34+00:00","description":"Visite el museo de arte m\u00e1s grande del mundo junto a su gu\u00eda oficial privado, especializado en arte moderno e historia del arte en Paris \u2705","breadcrumb":{"@id":"https:\/\/tourtravelandmore.com\/es\/tours\/francia\/paris-es\/tour-privado-del-museo-orsay-con-guia-oficial\/#breadcrumb"},"inLanguage":"es","potentialAction":[{"@type":"ReadAction","target":["https:\/\/tourtravelandmore.com\/es\/tours\/francia\/paris-es\/tour-privado-del-museo-orsay-con-guia-oficial\/"]}]},{"@type":"ImageObject","inLanguage":"es","@id":"https:\/\/tourtravelandmore.com\/es\/tours\/francia\/paris-es\/tour-privado-del-museo-orsay-con-guia-oficial\/#primaryimage","url":"https:\/\/tourtravelandmore.com\/wp-content\/uploads\/2023\/02\/pexels-martha-vera-4917790-scaled.jpg","contentUrl":"https:\/\/tourtravelandmore.com\/wp-content\/uploads\/2023\/02\/pexels-martha-vera-4917790-scaled.jpg","width":2560,"height":1707},{"@type":"BreadcrumbList","@id":"https:\/\/tourtravelandmore.com\/es\/tours\/francia\/paris-es\/tour-privado-del-museo-orsay-con-guia-oficial\/#breadcrumb","itemListElement":[{"@type":"ListItem","position":1,"name":"Home","item":"https:\/\/tourtravelandmore.com\/es\/"},{"@type":"ListItem","position":2,"name":"Tours","item":"https:\/\/tourtravelandmore.com\/es\/tours\/"},{"@type":"ListItem","position":3,"name":"Tour privado del museo Orsay con gu\u00eda oficial"}]},{"@type":"WebSite","@id":"https:\/\/tourtravelandmore.com\/es\/#website","url":"https:\/\/tourtravelandmore.com\/es\/","name":"Tour Travel And More","description":"Private sightseeing tours and luxury transfers in Spain","publisher":{"@id":"https:\/\/tourtravelandmore.com\/es\/#organization"},"potentialAction":[{"@type":"SearchAction","target":{"@type":"EntryPoint","urlTemplate":"https:\/\/tourtravelandmore.com\/es\/?s={search_term_string}"},"query-input":{"@type":"PropertyValueSpecification","valueRequired":true,"valueName":"search_term_string"}}],"inLanguage":"es"},{"@type":"Organization","@id":"https:\/\/tourtravelandmore.com\/es\/#organization","name":"Tour Travel And More","url":"https:\/\/tourtravelandmore.com\/es\/","logo":{"@type":"ImageObject","inLanguage":"es","@id":"https:\/\/tourtravelandmore.com\/es\/#\/schema\/logo\/image\/","url":"https:\/\/tourtravelandmore.com\/wp-content\/uploads\/2022\/12\/cropped-logo-cabecera-new.png","contentUrl":"https:\/\/tourtravelandmore.com\/wp-content\/uploads\/2022\/12\/cropped-logo-cabecera-new.png","width":430,"height":61,"caption":"Tour Travel And More"},"image":{"@id":"https:\/\/tourtravelandmore.com\/es\/#\/schema\/logo\/image\/"},"sameAs":["https:\/\/www.facebook.com\/tourtravelandmore\/","https:\/\/x.com\/TourTravel_More"]}]}},"_links":{"self":[{"href":"https:\/\/tourtravelandmore.com\/es\/wp-json\/wp\/v2\/product\/154352","targetHints":{"allow":["GET"]}}],"collection":[{"href":"https:\/\/tourtravelandmore.com\/es\/wp-json\/wp\/v2\/product"}],"about":[{"href":"https:\/\/tourtravelandmore.com\/es\/wp-json\/wp\/v2\/types\/product"}],"replies":[{"embeddable":true,"href":"https:\/\/tourtravelandmore.com\/es\/wp-json\/wp\/v2\/comments?post=154352"}],"wp:featuredmedia":[{"embeddable":true,"href":"https:\/\/tourtravelandmore.com\/es\/wp-json\/wp\/v2\/media\/154368"}],"wp:attachment":[{"href":"https:\/\/tourtravelandmore.com\/es\/wp-json\/wp\/v2\/media?parent=154352"}],"wp:term":[{"taxonomy":"product_brand","embeddable":true,"href":"https:\/\/tourtravelandmore.com\/es\/wp-json\/wp\/v2\/product_brand?post=154352"},{"taxonomy":"product_cat","embeddable":true,"href":"https:\/\/tourtravelandmore.com\/es\/wp-json\/wp\/v2\/product_cat?post=154352"},{"taxonomy":"product_tag","embeddable":true,"href":"https:\/\/tourtravelandmore.com\/es\/wp-json\/wp\/v2\/product_tag?post=154352"}],"curies":[{"name":"wp","href":"https:\/\/api.w.org\/{rel}","templated":true}]}}