{"id":154311,"date":"2023-02-24T15:40:05","date_gmt":"2023-02-24T14:40:11","guid":{"rendered":"https:\/\/tourtravelandmore.com\/?post_type=product&#038;p=154311"},"modified":"2024-08-06T16:57:19","modified_gmt":"2024-08-06T14:57:19","slug":"tour-privado-de-paris-y-museo-louvre","status":"publish","type":"product","link":"https:\/\/tourtravelandmore.com\/es\/tours\/francia\/paris-es\/tour-privado-de-paris-y-museo-louvre\/","title":{"rendered":"Tour privado de Paris y Museo Louvre"},"content":{"rendered":"<h2><strong>Descripci\u00f3n del Tour privado de Paris y Museo Louvre<\/strong><\/h2>\n<p><span style=\"font-weight: 400;\" data-mce-style=\"font-weight: 400;\">Aproveche su visita a <\/span><b>Par\u00eds<\/b><span style=\"font-weight: 400;\" data-mce-style=\"font-weight: 400;\"> y descubra los sitios m\u00e1s emblem\u00e1ticos de la ciudad y el grandioso museo Louvre junto a un gu\u00eda <\/span><b>oficial privado.<\/b><span style=\"font-weight: 400;\" data-mce-style=\"font-weight: 400;\"> Nuestro Tour privado de Paris y Museo Louvre es a medida, adaptable a sus deseos e intereses personales.<\/span><\/p>\n<p>El <strong>museo Louvre<\/strong> es una visita obligatoria para los amantes del arte en Par\u00eds. Aparte de ser el museo nacional de Francia, es el museo de arte m\u00e1s grande del mundo. Explore este magn\u00edfico museo junto a un gu\u00eda oficial privado durante nuestro tour del Louvre.<\/p>\n<p><span style=\"font-weight: 400;\" data-mce-style=\"font-weight: 400;\">Su chofer y gu\u00eda oficial privado le recoger\u00e1n en su hotel o apartamento en Par\u00eds para dar comienzo a su tour privado. Durante este descubrir\u00e1n Par\u00eds junto a su gu\u00eda experto en la historia, cultura y arte de la ciudad. La duraci\u00f3n del tour es de <\/span><b>8 horas,<\/b><span style=\"font-weight: 400;\" data-mce-style=\"font-weight: 400;\"> pero es posible extender la duraci\u00f3n del mismo. Puede ver tambi\u00e9n nuestra propuesta para tour del<\/span> <a href=\"\/?p=20927\" data-mce-href=\"https:\/\/tourtravelandmore.com\/es\/tours\/francia\/paris-es\/tour-privado-en-paris-8-horas\/\"><b>d\u00eda completo<\/b><\/a><span style=\"font-weight: 400;\" data-mce-style=\"font-weight: 400;\"> si lo desea.<\/span><\/p>\n<p><span style=\"font-weight: 400;\" data-mce-style=\"font-weight: 400;\">Todos nuestros <\/span><b>tours<\/b><span style=\"font-weight: 400;\" data-mce-style=\"font-weight: 400;\"> son <\/span><b>privados<\/b><span style=\"font-weight: 400;\" data-mce-style=\"font-weight: 400;\"> y adaptados a medida para cada uno de nuestros clientes. No dude en contactarnos, nuestro equipo le ayudar\u00e1 a coordinar la mejor experiencia posible en <strong>Par\u00eds.<\/strong><\/span><\/p>\n<h2><strong>Puntos de inter\u00e9s&nbsp;<\/strong><\/h2>\n<p><span style=\"font-weight: 400;\" data-mce-style=\"font-weight: 400;\">Par\u00eds es una de las <\/span><b>ciudades<\/b><span style=\"font-weight: 400;\" data-mce-style=\"font-weight: 400;\"> m\u00e1s influyentes del <\/span><b>mundo.<\/b><span style=\"font-weight: 400;\" data-mce-style=\"font-weight: 400;\"> No solo por su <\/span><b>arquitectura<\/b><span style=\"font-weight: 400;\" data-mce-style=\"font-weight: 400;\"> y <\/span><b>museos,<\/b><span style=\"font-weight: 400;\" data-mce-style=\"font-weight: 400;\"> sino por su <\/span><b>cultura, historia, arte<\/b><span style=\"font-weight: 400;\" data-mce-style=\"font-weight: 400;\"> y <\/span><b>gastronom\u00eda.<\/b><span style=\"font-weight: 400;\" data-mce-style=\"font-weight: 400;\"> Nuestra propuesta de<\/span><b> tour privado<\/b><span style=\"font-weight: 400;\" data-mce-style=\"font-weight: 400;\"> es ayudarle a descubrir los secretos de esta magn\u00edfica ciudad junto a un gu\u00eda experto. Tendr\u00e1 tambi\u00e9n a un chofer privado a su disposici\u00f3n durante todo el tour.<\/span><\/p>\n<p><b>Sitios m\u00e1s emblem\u00e1ticos de Par\u00eds:<\/b><\/p>\n<ul>\n<li aria-level=\"1\"><b>Torre Eiffel<\/b><\/li>\n<li aria-level=\"1\"><a href=\"https:\/\/www.louvre.fr\/en\" data-mce-href=\"https:\/\/www.louvre.fr\/en\"><b>Museo Louvre<\/b><\/a><\/li>\n<li aria-level=\"1\"><b>Catedral Notre Dame<\/b><\/li>\n<li aria-level=\"1\"><b>Arco de Triunfo<\/b><\/li>\n<li aria-level=\"1\"><b>Bas\u00edlica Sagrado Coraz\u00f3n<\/b><\/li>\n<\/ul>\n<p>El <strong>museo Louvre<\/strong> es el museo de arte m\u00e1s visitado del mundo. Alberga una colecci\u00f3n muy amplia, desde antiguas civilizaciones hasta mediados del <strong>siglo XIX.<\/strong> Originalmente, un palacio y residencia real, la idea de utilizar al <strong><a href=\"https:\/\/www.louvre.fr\/en\" data-mce-href=\"https:\/\/www.louvre.fr\/en\">Louvre<\/a><\/strong> como museo se origin\u00f3 en el siglo 18.<\/p>\n<p>La colecci\u00f3n art\u00edstica del museo es una de las m\u00e1s amplias del mundo. El museo alberga obras de todos los periodos europeos hasta la revoluci\u00f3n de 1848. Algunas de las obras m\u00e1s emblem\u00e1ticas que el museo alberga son:<\/p>\n<ul>\n<li><strong>Afrodita, mejor conocida como Venus de Milo.<\/strong><\/li>\n<li><strong>Caballos de Marly<\/strong><\/li>\n<li><strong>La libertad guiando al pueblo<\/strong><\/li>\n<li><strong>Leyes de Hammurabi, rey de Babilonia.<\/strong><\/li>\n<li><strong>Louis XIV (1638-1715)<\/strong><\/li>\n<li><strong>Mona Lisa \u2013 Retrato de Lisa Gherardini, mujer de Francesco del Giocondo<\/strong><\/li>\n<\/ul>\n<p>Durante su visita al museo disfrutar\u00e1n la compa\u00f1\u00eda de un gu\u00eda oficial privado, experto en historia del arte. <em><strong>Entradas sin fila al museo est\u00e1n incluidas en el precio del tour.<\/strong><\/em><\/p>\n<p><span style=\"font-weight: 400;\" data-mce-style=\"font-weight: 400;\">Todos nuestros tours son privados y coordinados a medida. No dude en contactarnos, nuestro equipo de expertos le ayudar\u00e1 a organizar la mejor experiencia posible. Es posible combinar una visita al Louvre con un city tour de Par\u00eds o Versalles.&nbsp;<\/span><\/p>\n<p>En caso de que lo deseen podemos coordinar traslados privados desde\/hacia su hotel desde\/hacia el museo. No dude en contactarnos para m\u00e1s informaci\u00f3n.<\/p>\n","protected":false},"excerpt":{"rendered":"<p><span style=\"font-weight: 400;\" data-mce-style=\"font-weight: 400;\">Aproveche su visita a <\/span><b>Par\u00eds<\/b><span style=\"font-weight: 400;\" data-mce-style=\"font-weight: 400;\"> y descubra los sitios m\u00e1s emblem\u00e1ticos de la ciudad y el grandioso museo Louvre junto a un gu\u00eda <\/span><b>oficial privado.<\/b><span style=\"font-weight: 400;\" data-mce-style=\"font-weight: 400;\"> Nuestro Tour privado de Paris y Museo Louvre es a medida, adaptable a sus deseos e intereses personales.<\/span><\/p>\n","protected":false},"featured_media":154341,"comment_status":"open","ping_status":"closed","template":"","meta":{"_acf_changed":false},"product_brand":[],"product_cat":[834,848,849,852],"product_tag":[],"class_list":{"0":"post-154311","1":"product","2":"type-product","3":"status-publish","4":"has-post-thumbnail","6":"product_cat-paris-es","7":"product_cat-paris-top-ventas-es","8":"product_cat-paris-actividades-es","9":"product_cat-paris-tours-privados-pie-es","11":"first","12":"instock","13":"shipping-taxable","14":"purchasable","15":"product-type-simple"},"acf":[],"yoast_head":"<!-- This site is optimized with the Yoast SEO Premium plugin v25.3.1 (Yoast SEO v25.3.1) - https:\/\/yoast.com\/wordpress\/plugins\/seo\/ -->\n<title>\u27a1\ufe0f Tour privado de Paris y Museo Louvre | Tour Travel &amp; More<\/title>\n<meta name=\"description\" content=\"Visite Par\u00eds y el museo de arte m\u00e1s grande del mundo junto a su gu\u00eda oficial privado, especializado en arte moderno e historia del arte en Paris \u2705\" \/>\n<meta name=\"robots\" content=\"index, follow, max-snippet:-1, max-image-preview:large, max-video-preview:-1\" \/>\n<link rel=\"canonical\" href=\"https:\/\/tourtravelandmore.com\/es\/tours\/francia\/paris-es\/tour-privado-de-paris-y-museo-louvre\/\" \/>\n<meta property=\"og:locale\" content=\"es_ES\" \/>\n<meta property=\"og:type\" content=\"article\" \/>\n<meta property=\"og:title\" content=\"Tour privado de Paris y Museo Louvre\" \/>\n<meta property=\"og:description\" content=\"Visite Par\u00eds y el museo de arte m\u00e1s grande del mundo junto a su gu\u00eda oficial privado, especializado en arte moderno e historia del arte en Paris \u2705\" \/>\n<meta property=\"og:url\" content=\"https:\/\/tourtravelandmore.com\/es\/tours\/francia\/paris-es\/tour-privado-de-paris-y-museo-louvre\/\" \/>\n<meta property=\"og:site_name\" content=\"Tour Travel And More\" \/>\n<meta property=\"article:publisher\" content=\"https:\/\/www.facebook.com\/tourtravelandmore\/\" \/>\n<meta property=\"article:modified_time\" content=\"2024-08-06T14:57:19+00:00\" \/>\n<meta property=\"og:image\" content=\"https:\/\/tourtravelandmore.com\/wp-content\/uploads\/2023\/02\/pexels-pixabay-2363.jpg\" \/>\n\t<meta property=\"og:image:width\" content=\"1600\" \/>\n\t<meta property=\"og:image:height\" content=\"1066\" \/>\n\t<meta property=\"og:image:type\" content=\"image\/jpeg\" \/>\n<meta name=\"twitter:card\" content=\"summary_large_image\" \/>\n<meta name=\"twitter:site\" content=\"@TourTravel_More\" \/>\n<meta name=\"twitter:label1\" content=\"Tiempo de lectura\" \/>\n\t<meta name=\"twitter:data1\" content=\"3 minutos\" \/>\n<script type=\"application\/ld+json\" class=\"yoast-schema-graph\">{\"@context\":\"https:\/\/schema.org\",\"@graph\":[{\"@type\":\"WebPage\",\"@id\":\"https:\/\/tourtravelandmore.com\/es\/tours\/francia\/paris-es\/tour-privado-de-paris-y-museo-louvre\/\",\"url\":\"https:\/\/tourtravelandmore.com\/es\/tours\/francia\/paris-es\/tour-privado-de-paris-y-museo-louvre\/\",\"name\":\"\u27a1\ufe0f Tour privado de Paris y Museo Louvre | Tour Travel & More\",\"isPartOf\":{\"@id\":\"https:\/\/tourtravelandmore.com\/es\/#website\"},\"primaryImageOfPage\":{\"@id\":\"https:\/\/tourtravelandmore.com\/es\/tours\/francia\/paris-es\/tour-privado-de-paris-y-museo-louvre\/#primaryimage\"},\"image\":{\"@id\":\"https:\/\/tourtravelandmore.com\/es\/tours\/francia\/paris-es\/tour-privado-de-paris-y-museo-louvre\/#primaryimage\"},\"thumbnailUrl\":\"https:\/\/tourtravelandmore.com\/wp-content\/uploads\/2023\/02\/pexels-pixabay-2363.jpg\",\"datePublished\":\"2023-02-24T14:40:11+00:00\",\"dateModified\":\"2024-08-06T14:57:19+00:00\",\"description\":\"Visite Par\u00eds y el museo de arte m\u00e1s grande del mundo junto a su gu\u00eda oficial privado, especializado en arte moderno e historia del arte en Paris \u2705\",\"breadcrumb\":{\"@id\":\"https:\/\/tourtravelandmore.com\/es\/tours\/francia\/paris-es\/tour-privado-de-paris-y-museo-louvre\/#breadcrumb\"},\"inLanguage\":\"es\",\"potentialAction\":[{\"@type\":\"ReadAction\",\"target\":[\"https:\/\/tourtravelandmore.com\/es\/tours\/francia\/paris-es\/tour-privado-de-paris-y-museo-louvre\/\"]}]},{\"@type\":\"ImageObject\",\"inLanguage\":\"es\",\"@id\":\"https:\/\/tourtravelandmore.com\/es\/tours\/francia\/paris-es\/tour-privado-de-paris-y-museo-louvre\/#primaryimage\",\"url\":\"https:\/\/tourtravelandmore.com\/wp-content\/uploads\/2023\/02\/pexels-pixabay-2363.jpg\",\"contentUrl\":\"https:\/\/tourtravelandmore.com\/wp-content\/uploads\/2023\/02\/pexels-pixabay-2363.jpg\",\"width\":1600,\"height\":1066},{\"@type\":\"BreadcrumbList\",\"@id\":\"https:\/\/tourtravelandmore.com\/es\/tours\/francia\/paris-es\/tour-privado-de-paris-y-museo-louvre\/#breadcrumb\",\"itemListElement\":[{\"@type\":\"ListItem\",\"position\":1,\"name\":\"Home\",\"item\":\"https:\/\/tourtravelandmore.com\/es\/\"},{\"@type\":\"ListItem\",\"position\":2,\"name\":\"Tours\",\"item\":\"https:\/\/tourtravelandmore.com\/es\/tours\/\"},{\"@type\":\"ListItem\",\"position\":3,\"name\":\"Tour privado de Paris y Museo Louvre\"}]},{\"@type\":\"WebSite\",\"@id\":\"https:\/\/tourtravelandmore.com\/es\/#website\",\"url\":\"https:\/\/tourtravelandmore.com\/es\/\",\"name\":\"Tour Travel And More\",\"description\":\"Private sightseeing tours and luxury transfers in Spain\",\"publisher\":{\"@id\":\"https:\/\/tourtravelandmore.com\/es\/#organization\"},\"potentialAction\":[{\"@type\":\"SearchAction\",\"target\":{\"@type\":\"EntryPoint\",\"urlTemplate\":\"https:\/\/tourtravelandmore.com\/es\/?s={search_term_string}\"},\"query-input\":{\"@type\":\"PropertyValueSpecification\",\"valueRequired\":true,\"valueName\":\"search_term_string\"}}],\"inLanguage\":\"es\"},{\"@type\":\"Organization\",\"@id\":\"https:\/\/tourtravelandmore.com\/es\/#organization\",\"name\":\"Tour Travel And More\",\"url\":\"https:\/\/tourtravelandmore.com\/es\/\",\"logo\":{\"@type\":\"ImageObject\",\"inLanguage\":\"es\",\"@id\":\"https:\/\/tourtravelandmore.com\/es\/#\/schema\/logo\/image\/\",\"url\":\"https:\/\/tourtravelandmore.com\/wp-content\/uploads\/2022\/12\/cropped-logo-cabecera-new.png\",\"contentUrl\":\"https:\/\/tourtravelandmore.com\/wp-content\/uploads\/2022\/12\/cropped-logo-cabecera-new.png\",\"width\":430,\"height\":61,\"caption\":\"Tour Travel And More\"},\"image\":{\"@id\":\"https:\/\/tourtravelandmore.com\/es\/#\/schema\/logo\/image\/\"},\"sameAs\":[\"https:\/\/www.facebook.com\/tourtravelandmore\/\",\"https:\/\/x.com\/TourTravel_More\"]}]}<\/script>\n<!-- \/ Yoast SEO Premium plugin. -->","yoast_head_json":{"title":"\u27a1\ufe0f Tour privado de Paris y Museo Louvre | Tour Travel & More","description":"Visite Par\u00eds y el museo de arte m\u00e1s grande del mundo junto a su gu\u00eda oficial privado, especializado en arte moderno e historia del arte en Paris \u2705","robots":{"index":"index","follow":"follow","max-snippet":"max-snippet:-1","max-image-preview":"max-image-preview:large","max-video-preview":"max-video-preview:-1"},"canonical":"https:\/\/tourtravelandmore.com\/es\/tours\/francia\/paris-es\/tour-privado-de-paris-y-museo-louvre\/","og_locale":"es_ES","og_type":"article","og_title":"Tour privado de Paris y Museo Louvre","og_description":"Visite Par\u00eds y el museo de arte m\u00e1s grande del mundo junto a su gu\u00eda oficial privado, especializado en arte moderno e historia del arte en Paris \u2705","og_url":"https:\/\/tourtravelandmore.com\/es\/tours\/francia\/paris-es\/tour-privado-de-paris-y-museo-louvre\/","og_site_name":"Tour Travel And More","article_publisher":"https:\/\/www.facebook.com\/tourtravelandmore\/","article_modified_time":"2024-08-06T14:57:19+00:00","og_image":[{"width":1600,"height":1066,"url":"https:\/\/tourtravelandmore.com\/wp-content\/uploads\/2023\/02\/pexels-pixabay-2363.jpg","type":"image\/jpeg"}],"twitter_card":"summary_large_image","twitter_site":"@TourTravel_More","twitter_misc":{"Tiempo de lectura":"3 minutos"},"schema":{"@context":"https:\/\/schema.org","@graph":[{"@type":"WebPage","@id":"https:\/\/tourtravelandmore.com\/es\/tours\/francia\/paris-es\/tour-privado-de-paris-y-museo-louvre\/","url":"https:\/\/tourtravelandmore.com\/es\/tours\/francia\/paris-es\/tour-privado-de-paris-y-museo-louvre\/","name":"\u27a1\ufe0f Tour privado de Paris y Museo Louvre | Tour Travel & More","isPartOf":{"@id":"https:\/\/tourtravelandmore.com\/es\/#website"},"primaryImageOfPage":{"@id":"https:\/\/tourtravelandmore.com\/es\/tours\/francia\/paris-es\/tour-privado-de-paris-y-museo-louvre\/#primaryimage"},"image":{"@id":"https:\/\/tourtravelandmore.com\/es\/tours\/francia\/paris-es\/tour-privado-de-paris-y-museo-louvre\/#primaryimage"},"thumbnailUrl":"https:\/\/tourtravelandmore.com\/wp-content\/uploads\/2023\/02\/pexels-pixabay-2363.jpg","datePublished":"2023-02-24T14:40:11+00:00","dateModified":"2024-08-06T14:57:19+00:00","description":"Visite Par\u00eds y el museo de arte m\u00e1s grande del mundo junto a su gu\u00eda oficial privado, especializado en arte moderno e historia del arte en Paris \u2705","breadcrumb":{"@id":"https:\/\/tourtravelandmore.com\/es\/tours\/francia\/paris-es\/tour-privado-de-paris-y-museo-louvre\/#breadcrumb"},"inLanguage":"es","potentialAction":[{"@type":"ReadAction","target":["https:\/\/tourtravelandmore.com\/es\/tours\/francia\/paris-es\/tour-privado-de-paris-y-museo-louvre\/"]}]},{"@type":"ImageObject","inLanguage":"es","@id":"https:\/\/tourtravelandmore.com\/es\/tours\/francia\/paris-es\/tour-privado-de-paris-y-museo-louvre\/#primaryimage","url":"https:\/\/tourtravelandmore.com\/wp-content\/uploads\/2023\/02\/pexels-pixabay-2363.jpg","contentUrl":"https:\/\/tourtravelandmore.com\/wp-content\/uploads\/2023\/02\/pexels-pixabay-2363.jpg","width":1600,"height":1066},{"@type":"BreadcrumbList","@id":"https:\/\/tourtravelandmore.com\/es\/tours\/francia\/paris-es\/tour-privado-de-paris-y-museo-louvre\/#breadcrumb","itemListElement":[{"@type":"ListItem","position":1,"name":"Home","item":"https:\/\/tourtravelandmore.com\/es\/"},{"@type":"ListItem","position":2,"name":"Tours","item":"https:\/\/tourtravelandmore.com\/es\/tours\/"},{"@type":"ListItem","position":3,"name":"Tour privado de Paris y Museo Louvre"}]},{"@type":"WebSite","@id":"https:\/\/tourtravelandmore.com\/es\/#website","url":"https:\/\/tourtravelandmore.com\/es\/","name":"Tour Travel And More","description":"Private sightseeing tours and luxury transfers in Spain","publisher":{"@id":"https:\/\/tourtravelandmore.com\/es\/#organization"},"potentialAction":[{"@type":"SearchAction","target":{"@type":"EntryPoint","urlTemplate":"https:\/\/tourtravelandmore.com\/es\/?s={search_term_string}"},"query-input":{"@type":"PropertyValueSpecification","valueRequired":true,"valueName":"search_term_string"}}],"inLanguage":"es"},{"@type":"Organization","@id":"https:\/\/tourtravelandmore.com\/es\/#organization","name":"Tour Travel And More","url":"https:\/\/tourtravelandmore.com\/es\/","logo":{"@type":"ImageObject","inLanguage":"es","@id":"https:\/\/tourtravelandmore.com\/es\/#\/schema\/logo\/image\/","url":"https:\/\/tourtravelandmore.com\/wp-content\/uploads\/2022\/12\/cropped-logo-cabecera-new.png","contentUrl":"https:\/\/tourtravelandmore.com\/wp-content\/uploads\/2022\/12\/cropped-logo-cabecera-new.png","width":430,"height":61,"caption":"Tour Travel And More"},"image":{"@id":"https:\/\/tourtravelandmore.com\/es\/#\/schema\/logo\/image\/"},"sameAs":["https:\/\/www.facebook.com\/tourtravelandmore\/","https:\/\/x.com\/TourTravel_More"]}]}},"_links":{"self":[{"href":"https:\/\/tourtravelandmore.com\/es\/wp-json\/wp\/v2\/product\/154311","targetHints":{"allow":["GET"]}}],"collection":[{"href":"https:\/\/tourtravelandmore.com\/es\/wp-json\/wp\/v2\/product"}],"about":[{"href":"https:\/\/tourtravelandmore.com\/es\/wp-json\/wp\/v2\/types\/product"}],"replies":[{"embeddable":true,"href":"https:\/\/tourtravelandmore.com\/es\/wp-json\/wp\/v2\/comments?post=154311"}],"wp:featuredmedia":[{"embeddable":true,"href":"https:\/\/tourtravelandmore.com\/es\/wp-json\/wp\/v2\/media\/154341"}],"wp:attachment":[{"href":"https:\/\/tourtravelandmore.com\/es\/wp-json\/wp\/v2\/media?parent=154311"}],"wp:term":[{"taxonomy":"product_brand","embeddable":true,"href":"https:\/\/tourtravelandmore.com\/es\/wp-json\/wp\/v2\/product_brand?post=154311"},{"taxonomy":"product_cat","embeddable":true,"href":"https:\/\/tourtravelandmore.com\/es\/wp-json\/wp\/v2\/product_cat?post=154311"},{"taxonomy":"product_tag","embeddable":true,"href":"https:\/\/tourtravelandmore.com\/es\/wp-json\/wp\/v2\/product_tag?post=154311"}],"curies":[{"name":"wp","href":"https:\/\/api.w.org\/{rel}","templated":true}]}}